{"id":223,"date":"2021-01-09T17:36:02","date_gmt":"2021-01-09T16:36:02","guid":{"rendered":"https:\/\/3-mmckopen.nl\/?page_id=223"},"modified":"2025-12-04T15:24:53","modified_gmt":"2025-12-04T14:24:53","slug":"algemene-voorwaarden","status":"publish","type":"page","link":"https:\/\/3-mmckopen.nl\/da\/algemene-voorwaarden\/","title":{"rendered":"Vilk\u00e5r og betingelser"},"content":{"rendered":"<p><strong>Artikel 1. Anvendelse<\/strong><\/p>\r\n\r\n\r\n\r\n<p><br \/>1.1 Op alle aanbiedingen, bestellingen en overeenkomsten van onze webshop www.app16847.cloudwayssites.com Nederland, zijn deze\u00a0Algemene Voorwaarden van toepassing.<\/p>\r\n\r\n\r\n\r\n<p>1.2 At acceptere et tilbud eller afgive en ordre betyder, at du accepterer anvendeligheden af disse vilk\u00e5r og betingelser.<\/p>\r\n\r\n\r\n\r\n<p>1.3 Bestemmelserne i disse vilk\u00e5r og betingelser kan kun fraviges skriftligt, i hvilket tilf\u00e6lde de \u00f8vrige bestemmelser forbliver i fuld kraft.<\/p>\r\n\r\n\r\n\r\n<p>1.4 Alle rettigheder og krav, som fastsat i disse handelsbetingelser og i eventuelle yderligere aftaler til fordel for vores webshop, er ligeledes fastsat til fordel for mellemm\u00e6nd og andre tredjeparter, der er engageret af vores webshop.<\/p>\r\n\r\n\r\n\r\n<p><strong>\u00a7 2. Tilbud\/aftaler<\/strong><\/p>\r\n\r\n\r\n\r\n<p><br \/>2.1 Alle tilbud fra vores webshop er uforpligtende, og vores webshop forbeholder sig udtrykkeligt ret til at \u00e6ndre priser, is\u00e6r n\u00e5r dette er n\u00f8dvendigt p\u00e5 baggrund af (lov)bestemmelser. Se ogs\u00e5 artikel 3.6.<\/p>\r\n\r\n\r\n\r\n<p>2.2 En aftale indg\u00e5s f\u00f8rst efter accept af din bestilling af vores webshop. Vores webshop er berettiget til at afvise bestillinger eller til at knytte visse betingelser til leveringen, medmindre andet udtrykkeligt er angivet. Hvis en ordre ikke accepteres, vil vores webshop informere dig inden for ti (10) arbejdsdage efter modtagelse af ordren.<\/p>\r\n\r\n\r\n\r\n<p><strong>Artikel 3. Priser og betalinger<\/strong><\/p>\r\n\r\n\r\n\r\n<p><br \/>3.1 De angivne priser for de tilbudte produkter og ydelser er i euro, inklusive moms. og eksklusive h\u00e5ndterings- og forsendelsesomkostninger, eventuelle skatter eller andre afgifter, medmindre andet er angivet eller skriftligt aftalt.<\/p>\r\n\r\n\r\n\r\n<p>3.2 Betaling skal ske uden rabat eller kompensation samme dag som fakturadatoen, hvis det drejer sig om leverancer inden for Holland, vi leverer kun inden for Holland.<\/p>\r\n\r\n\r\n\r\n<p>3.3 Betaling kan foretages p\u00e5 (en af) de m\u00e5der, der er angivet under bestillingsprocessen.<\/p>\r\n\r\n\r\n\r\n<p>3.4 Hvis priserne for de tilbudte produkter og ydelser stiger i perioden mellem ordren og dens udf\u00f8relse, er du berettiget til at annullere ordren, men efter betaling er ordren bindende.<\/p>\r\n\r\n\r\n\r\n<p><strong>Artikel 4. Levering<\/strong><\/p>\r\n\r\n\r\n\r\n<p><br \/>4.1 De leveringstider, der er angivet af vores webshop, er kun vejledende. Overskridelse af en leveringsperiode giver dig ikke ret til erstatning eller ret til at annullere din ordre eller til at oph\u00e6ve aftalen, medmindre overskridelsen af leveringstiden er af en s\u00e5dan art, at du ikke med rimelighed kan forventes at opretholde aftalen. I s\u00e5 fald er du berettiget til at annullere ordren eller til at oph\u00e6ve aftalen i det omfang, det er n\u00f8dvendigt.<\/p>\r\n\r\n\r\n\r\n<p>4.2 Levering af produkterne sker p\u00e5 det sted og tidspunkt, hvor produkterne er klar til afsendelse til dig.<\/p>\r\n\r\n\r\n\r\n<p><strong>Artikel 5. Ejendomsforbehold<\/strong><\/p>\r\n\r\n\r\n\r\n<p><br \/>5.1 Ejendomsretten til leverede produkter vil kun blive overdraget, hvis du har betalt alt, hvad du skylder vores webshop i henhold til en aftale. Risikoen med hensyn til produkterne er allerede overf\u00f8rt til dig p\u00e5 leveringstidspunktet.<\/p>\r\n\r\n\r\n\r\n<p><strong>Artikel 6. Intellektuelle og industrielle ejendomsrettigheder<\/strong><\/p>\r\n\r\n\r\n\r\n<p><br \/>6.1 Du skal fuldt ud og ubetinget respektere alle intellektuelle industrielle og ejendomsrettigheder, der hviler p\u00e5 de produkter, der leveres af vores webshop.<\/p>\r\n\r\n\r\n\r\n<p>6.2 Vores webshop garanterer ikke, at de produkter, der leveres til dig, ikke kr\u00e6nker tredjeparters (uskrevne) intellektuelle og\/eller industrielle ejendomsrettigheder.<\/p>\r\n\r\n\r\n\r\n<p><strong>Artikel 7. Klager og ansvar<\/strong><\/p>\r\n\r\n\r\n\r\n<p><br \/>7.1 Du har pligt til ved levering at unders\u00f8ge, om produkterne overholder aftalen. Hvis dette ikke er tilf\u00e6ldet, skal du informere vores webshop om dette hurtigst muligt og under alle omst\u00e6ndigheder inden for syv (7) hverdage efter levering, eller i hvert fald efter observation var rimeligt mulig, skriftligt\/e-mail og med begrundelse.<\/p>\r\n\r\n\r\n\r\n<p>7.2 S\u00e5fremt det er p\u00e5vist, at produkterne ikke er i overensstemmelse med aftalen, har vores webshop mulighed for at erstatte de p\u00e5g\u00e6ldende produkter med nye produkter mod returnering eller at refundere fakturav\u00e6rdien heraf.<\/p>\r\n\r\n\r\n\r\n<p>7.3 Hvis du af en eller anden grund ikke \u00f8nsker at k\u00f8be et produkt, har du som privatperson ret til at returnere produktet til vores webshop inden for syv (7) hverdage efter levering. I dette tilf\u00e6lde accepteres returforsendelser kun, hvis varens emballage er ubeskadiget, hvorved omkostningerne til returforsendelser ogs\u00e5 er for din regning.<\/p>\r\n\r\n\r\n\r\n<p><strong>Artikel 8. Ordrer\/meddelelse<\/strong><\/p>\r\n\r\n\r\n\r\n<p><br \/>8.1 For misforst\u00e5elser, leml\u00e6stelse, forsinkelser eller ukorrekt overf\u00f8rsel af ordrer og kommunikation som f\u00f8lge af brugen af internettet eller andre kommunikationsmidler i trafikken mellem dig og vores webshop, eller mellem vores webshop og tredjeparter, for s\u00e5 vidt det vedr\u00f8rer til forholdet mellem dig og vores webshop, er vores webshop ikke ansvarlig, medmindre og i det omfang der er tale om fors\u00e6t eller groft uagtsomhed fra vores webshops side.<\/p>\r\n\r\n\r\n\r\n<p><strong>Artikel 9. Force majeure<\/strong><\/p>\r\n\r\n\r\n\r\n<p><br \/>9.1 Uden at det ber\u00f8rer sine \u00f8vrige rettigheder, har vores webshop i tilf\u00e6lde af force majeure ret til efter eget sk\u00f8n at suspendere udf\u00f8relsen af din ordre eller at oph\u00e6ve aftalen uden retslig indgriben, ved at give dig skriftlig meddelelse herom. uden at vores webshop er forpligtet til at betale nogen kompensation, medmindre dette vil v\u00e6re uacceptabelt under de givne omst\u00e6ndigheder i henhold til standarder for rimelighed og rimelighed.<\/p>\r\n\r\n\r\n\r\n<p>9.2 Ved force majeure forst\u00e5s enhver mangel, der ikke kan henf\u00f8res til vores webshop, fordi den ikke skyldes dens skyld og ikke er for dens regning i henhold til lov, retsakt eller almindeligt anerkendte synspunkter.<\/p>\r\n\r\n\r\n\r\n<p><strong>Artikel 10. Diverse<\/strong><\/p>\r\n\r\n\r\n\r\n<p><br \/>10.1 Hvis du skriftligt oplyser vores webshop med en adresse, er vores webshop berettiget til at sende alle ordrer til denne adresse, medmindre du skriftligt oplyser vores webshop om en anden adresse, som dine ordrer skal sendes til.<\/p>\r\n\r\n\r\n\r\n<p>10.2 S\u00e5fremt vores webshop tillader afvigelser fra disse vilk\u00e5r og betingelser, hvad enten det er stiltiende eller ej, i en kortere eller l\u00e6ngere periode, ber\u00f8rer dette ikke retten til at kr\u00e6ve \u00f8jeblikkelig og streng overholdelse af disse vilk\u00e5r og betingelser. Du kan aldrig g\u00f8re nogen ret g\u00e6ldende baseret p\u00e5, at vores webshop anvender disse Vilk\u00e5r uden problemer.<\/p>\r\n\r\n\r\n\r\n<p>10.3 Hvis en eller flere af bestemmelserne i disse vilk\u00e5r og betingelser eller enhver anden aftale med vores webshop skulle v\u00e6re i modstrid med en g\u00e6ldende lovbestemmelse, bortfalder den relevante bestemmelse og vil blive erstattet af en ny juridisk tilladt bestemmelse, som skal bestemmes af vores webshop lignende bestemmelse.<\/p>\r\n\r\n\r\n\r\n<p>10.4 Vores webshop er autoriseret til at bruge tredjeparter til udf\u00f8relsen af dine ordre(r).<\/p>\r\n\r\n\r\n\r\n<p><strong>Artikel 11. G\u00e6ldende lov og kompetent domstol<\/strong><\/p>\r\n\r\n\r\n\r\n<p><br \/>11.1 Alle rettigheder, forpligtelser, tilbud, ordrer og aftaler, som disse vilk\u00e5r og betingelser g\u00e6lder for, samt disse vilk\u00e5r og betingelser, er udelukkende underlagt hollandsk lov.<\/p>\r\n\r\n\r\n\r\n<p>11.2 Alle geschillen tussen partijen zullen bij uitsluiting worden voorgelegd aan de daartoe bevoegde rechter in Nederland. De producten worden verstuurd via\u00a0postNL. Enige vertraging of het niet aankomen, dan wel beschadiging van de levering nemen wij niet voor onze rekening. Dit ligt bij postNL\u00a0of bij de klant. Bij briefpost zullen wij geen her-zending doen in geval van verlies door postnl. Wij kunnen alleen her-zenden als is bewezen dat het pakketje niet aangekomen is op het door de klant aangegeven adres. Dit geld alleen bij pakketten die traceerbaar zijn door middel van tracking code. Wij zijn niet aansprakelijk voor het invullen van het adres. De klant vult een adres in en wij versturen er heen, is het adres verkeerd of ontbreekt hier iets, dan is dat nooit aan ons te verwijten en is dat het probleem van de klant.<\/p>\r\n\r\n\r\n\r\n<p><strong>12. Ved at afgive en ordre i vores webshop accepterer du nedenst\u00e5ende regler og betingelser.<\/strong><\/p>\r\n\r\n\r\n\r\n<p><br \/>12.1 For alle produkter skal du v\u00e6re 18 \u00e5r eller \u00e6ldre, ved at inkludere disse produkter i din ordre bekr\u00e6fter du, at du allerede har n\u00e5et minimumsalderen p\u00e5 18 \u00e5r. Hvis du er i tvivl, kan du anmode om en kopi af dit identitetsbevis.<\/p>\r\n\r\n\r\n\r\n<p>12.2 K\u00f8b af produkter via denne hjemmeside er helt p\u00e5 eget ansvar. Vi kan ikke holdes ansvarlige for skader som f\u00f8lge af brug af leverede produkter.<\/p>\r\n\r\n\r\n\r\n<p>12.3 Du har omhyggeligt l\u00e6st og forst\u00e5et informationssiden om produktet. F\u00f8lg alle produktanvisninger p\u00e5 vores hjemmeside, og f\u00f8lg alle advarsler.<\/p>\r\n\r\n\r\n\r\n<p>12.4 Du er personligt ansvarlig for pleje af bestilte produkter. Opbevar dem et sikkert sted, utilg\u00e6ngeligt for b\u00f8rn, k\u00e6ledyr og personer med nedsat d\u00f8mmekraft, medmindre produktet er beregnet til ovenn\u00e6vnte m\u00e5lgrupper.<\/p>\r\n\r\n\r\n\r\n<p>12.5 Alle vores produkter er bestemt ikke til konsum og b\u00f8r til enhver tid opbevares utilg\u00e6ngeligt for b\u00f8rn og dyr og mindre ansvarlige.<\/p>\r\n\r\n\r\n\r\n<p>12.6 Al onze producten worden uitsluitend verkocht voor\u00a0RESEARCH DOELEINDEN. Wij zijn dan ook niet aansprakelijk bij gebruik voor andere doeleinden dan voorgenoemde.<\/p>\r\n\r\n\r\n\r\n<p>12.7 Alle der k\u00f8ber i vores webshop skal v\u00e6re fyldt 18 \u00e5r. Ved tvivl kan vi annullere en ordre eller bede om ID-oplysninger.<\/p>\r\n\r\n\r\n\r\n<p>12.8 Wij zijn nooit aansprakelijk voor gevolgen die voortvloeien uit ander gebruik dan hierboven is genoemd. Bij research gaan wij er derhalve van uit dat u over voldoende kennis beschikt om dit te\u00a0doen.<\/p>\r\n\r\n\r\n\r\n<p>12.9 Hvis en ordre annulleres af en eller anden grund, vil der blive opkr\u00e6vet 15 \u20ac administrationsomkostninger, n\u00e5r ordrebel\u00f8bet refunderes.<\/p>\r\n\r\n\r\n\r\n<p><strong>13. 3-MMC og 3-CMC forbud<\/strong><\/p>\r\n\r\n\r\n\r\n<p>13.1 3-MMC og 3-cmc er ulovlige produkter og kan ikke bestilles eller k\u00f8bes her. Hvis et af disse produkter blev bestilt, vil 2-MMC blive sendt.<\/p>","protected":false},"excerpt":{"rendered":"<p>Artikel 1. Toepasselijkheid 1.1 Op alle aanbiedingen, bestellingen en overeenkomsten van onze webshop www.app16847.cloudwayssites.com Nederland, zijn deze\u00a0Algemene Voorwaarden van toepassing. 1.2 Het accepteren van een aanbieding dan wel het doen van een bestelling houdt in dat u de toepasselijkheid van deze voorwaarden aanvaardt. 1.3 Van het in deze Voorwaarden bepaalde kan slechts schriftelijk worden afgeweken, [&hellip;]<\/p>\n","protected":false},"author":199606847,"featured_media":0,"parent":0,"menu_order":0,"comment_status":"closed","ping_status":"closed","template":"","meta":{"site-sidebar-layout":"default","site-content-layout":"","ast-site-content-layout":"default","site-content-style":"default","site-sidebar-style":"default","ast-global-header-display":"","ast-banner-title-visibility":"","ast-main-header-display":"","ast-hfb-above-header-display":"","ast-hfb-below-header-display":"","ast-hfb-mobile-header-display":"","site-post-title":"","ast-breadcrumbs-content":"","ast-featured-img":"","footer-sml-layout":"","theme-transparent-header-meta":"default","adv-header-id-meta":"","stick-header-meta":"","header-above-stick-meta":"","header-main-stick-meta":"","header-below-stick-meta":"","astra-migrate-meta-layouts":"set","ast-page-background-enabled":"default","ast-page-background-meta":{"desktop":{"background-color":"","background-image":"","background-repeat":"repeat","background-position":"center center","background-size":"auto","background-attachment":"scroll","background-type":"","background-media":"","overlay-type":"","overlay-color":"","overlay-opacity":"","overlay-gradient":""},"tablet":{"background-color":"","background-image":"","background-repeat":"repeat","background-position":"center center","background-size":"auto","background-attachment":"scroll","background-type":"","background-media":"","overlay-type":"","overlay-color":"","overlay-opacity":"","overlay-gradient":""},"mobile":{"background-color":"","background-image":"","background-repeat":"repeat","background-position":"center center","background-size":"auto","background-attachment":"scroll","background-type":"","background-media":"","overlay-type":"","overlay-color":"","overlay-opacity":"","overlay-gradient":""}},"ast-content-background-meta":{"desktop":{"background-color":"var(--ast-global-color-5)","background-image":"","background-repeat":"repeat","background-position":"center center","background-size":"auto","background-attachment":"scroll","background-type":"","background-media":"","overlay-type":"","overlay-color":"","overlay-opacity":"","overlay-gradient":""},"tablet":{"background-color":"var(--ast-global-color-5)","background-image":"","background-repeat":"repeat","background-position":"center center","background-size":"auto","background-attachment":"scroll","background-type":"","background-media":"","overlay-type":"","overlay-color":"","overlay-opacity":"","overlay-gradient":""},"mobile":{"background-color":"var(--ast-global-color-5)","background-image":"","background-repeat":"repeat","background-position":"center center","background-size":"auto","background-attachment":"scroll","background-type":"","background-media":"","overlay-type":"","overlay-color":"","overlay-opacity":"","overlay-gradient":""}},"footnotes":""},"class_list":["post-223","page","type-page","status-publish","hentry"],"yoast_head":"<!-- This site is optimized with the Yoast SEO plugin v27.4 - https:\/\/yoast.com\/product\/yoast-seo-wordpress\/ -->\n<title>Algemene Voorwaarden Lezen | 3-mmckopen.nl<\/title>\n<meta name=\"description\" content=\"Lees onze algemene voorwaarden. Duidelijke afspraken over levering en service. Transparant en eerlijk. Voor 17:00 besteld = vandaag verzonden!\" \/>\n<meta name=\"robots\" content=\"index, follow, max-snippet:-1, max-image-preview:large, max-video-preview:-1\" \/>\n<link rel=\"canonical\" href=\"https:\/\/3-mmckopen.nl\/da\/algemene-voorwaarden\/\" \/>\n<meta property=\"og:locale\" content=\"da_DK\" \/>\n<meta property=\"og:type\" content=\"article\" \/>\n<meta property=\"og:title\" content=\"Algemene Voorwaarden Lezen | 3-mmckopen.nl\" \/>\n<meta property=\"og:description\" content=\"Lees onze algemene voorwaarden. Duidelijke afspraken over levering en service. Transparant en eerlijk. Voor 17:00 besteld = vandaag verzonden!\" \/>\n<meta property=\"og:url\" content=\"https:\/\/3-mmckopen.nl\/da\/algemene-voorwaarden\/\" \/>\n<meta property=\"og:site_name\" content=\"3MMC kopen\" \/>\n<meta property=\"article:modified_time\" content=\"2025-12-04T14:24:53+00:00\" \/>\n<meta property=\"og:image\" content=\"https:\/\/3-mmckopen.nl\/wp-content\/uploads\/2024\/03\/3mmckopennl.webp\" \/>\n\t<meta property=\"og:image:width\" content=\"300\" \/>\n\t<meta property=\"og:image:height\" content=\"118\" \/>\n\t<meta property=\"og:image:type\" content=\"image\/webp\" \/>\n<meta name=\"twitter:card\" content=\"summary_large_image\" \/>\n<meta name=\"twitter:label1\" content=\"Estimeret l\u00e6setid\" \/>\n\t<meta name=\"twitter:data1\" content=\"8 minutter\" \/>\n<script type=\"application\/ld+json\" class=\"yoast-schema-graph\">{\"@context\":\"https:\\\/\\\/schema.org\",\"@graph\":[{\"@type\":\"WebPage\",\"@id\":\"https:\\\/\\\/3-mmckopen.nl\\\/algemene-voorwaarden\\\/\",\"url\":\"https:\\\/\\\/3-mmckopen.nl\\\/algemene-voorwaarden\\\/\",\"name\":\"Algemene Voorwaarden Lezen | 3-mmckopen.nl\",\"isPartOf\":{\"@id\":\"https:\\\/\\\/3-mmckopen.nl\\\/#website\"},\"datePublished\":\"2021-01-09T16:36:02+00:00\",\"dateModified\":\"2025-12-04T14:24:53+00:00\",\"description\":\"Lees onze algemene voorwaarden. Duidelijke afspraken over levering en service. Transparant en eerlijk. Voor 17:00 besteld = vandaag verzonden!\",\"breadcrumb\":{\"@id\":\"https:\\\/\\\/3-mmckopen.nl\\\/algemene-voorwaarden\\\/#breadcrumb\"},\"inLanguage\":\"da-DK\",\"potentialAction\":[{\"@type\":\"ReadAction\",\"target\":[\"https:\\\/\\\/3-mmckopen.nl\\\/algemene-voorwaarden\\\/\"]}]},{\"@type\":\"BreadcrumbList\",\"@id\":\"https:\\\/\\\/3-mmckopen.nl\\\/algemene-voorwaarden\\\/#breadcrumb\",\"itemListElement\":[{\"@type\":\"ListItem\",\"position\":1,\"name\":\"Home\",\"item\":\"https:\\\/\\\/3-mmckopen.nl\\\/\"},{\"@type\":\"ListItem\",\"position\":2,\"name\":\"Algemene voorwaarden\"}]},{\"@type\":\"WebSite\",\"@id\":\"https:\\\/\\\/3-mmckopen.nl\\\/#website\",\"url\":\"https:\\\/\\\/3-mmckopen.nl\\\/\",\"name\":\"3MMC kopen\",\"description\":\"VOOR ALLE THUIS CHEMISI EN ONDERZOEKERS ONDER ONS\",\"publisher\":{\"@id\":\"https:\\\/\\\/3-mmckopen.nl\\\/#organization\"},\"potentialAction\":[{\"@type\":\"SearchAction\",\"target\":{\"@type\":\"EntryPoint\",\"urlTemplate\":\"https:\\\/\\\/3-mmckopen.nl\\\/?s={search_term_string}\"},\"query-input\":{\"@type\":\"PropertyValueSpecification\",\"valueRequired\":true,\"valueName\":\"search_term_string\"}}],\"inLanguage\":\"da-DK\"},{\"@type\":\"Organization\",\"@id\":\"https:\\\/\\\/3-mmckopen.nl\\\/#organization\",\"name\":\"3mmc kopen\",\"url\":\"https:\\\/\\\/3-mmckopen.nl\\\/\",\"logo\":{\"@type\":\"ImageObject\",\"inLanguage\":\"da-DK\",\"@id\":\"https:\\\/\\\/3-mmckopen.nl\\\/#\\\/schema\\\/logo\\\/image\\\/\",\"url\":\"https:\\\/\\\/3-mmckopen.nl\\\/wp-content\\\/uploads\\\/2024\\\/03\\\/3mmckopennl.webp\",\"contentUrl\":\"https:\\\/\\\/3-mmckopen.nl\\\/wp-content\\\/uploads\\\/2024\\\/03\\\/3mmckopennl.webp\",\"width\":300,\"height\":118,\"caption\":\"3mmc kopen\"},\"image\":{\"@id\":\"https:\\\/\\\/3-mmckopen.nl\\\/#\\\/schema\\\/logo\\\/image\\\/\"},\"sameAs\":[\"https:\\\/\\\/www.instagram.com\\\/dehuisprofessor\\\/\",\"https:\\\/\\\/nl.pinterest.com\\\/dehuisprofessor\\\/\",\"https:\\\/\\\/www.youtube.com\\\/channel\\\/UCsGzCVJiHsWLILEEHDzCNqA\"]}]}<\/script>\n<!-- \/ Yoast SEO plugin. -->","yoast_head_json":{"title":"Algemene Voorwaarden Lezen | 3-mmckopen.nl","description":"Lees onze algemene voorwaarden. Duidelijke afspraken over levering en service. Transparant en eerlijk. Voor 17:00 besteld = vandaag verzonden!","robots":{"index":"index","follow":"follow","max-snippet":"max-snippet:-1","max-image-preview":"max-image-preview:large","max-video-preview":"max-video-preview:-1"},"canonical":"https:\/\/3-mmckopen.nl\/da\/algemene-voorwaarden\/","og_locale":"da_DK","og_type":"article","og_title":"Algemene Voorwaarden Lezen | 3-mmckopen.nl","og_description":"Lees onze algemene voorwaarden. Duidelijke afspraken over levering en service. Transparant en eerlijk. Voor 17:00 besteld = vandaag verzonden!","og_url":"https:\/\/3-mmckopen.nl\/da\/algemene-voorwaarden\/","og_site_name":"3MMC kopen","article_modified_time":"2025-12-04T14:24:53+00:00","og_image":[{"width":300,"height":118,"url":"https:\/\/3-mmckopen.nl\/wp-content\/uploads\/2024\/03\/3mmckopennl.webp","type":"image\/webp"}],"twitter_card":"summary_large_image","twitter_misc":{"Estimeret l\u00e6setid":"8 minutter"},"schema":{"@context":"https:\/\/schema.org","@graph":[{"@type":"WebPage","@id":"https:\/\/3-mmckopen.nl\/algemene-voorwaarden\/","url":"https:\/\/3-mmckopen.nl\/algemene-voorwaarden\/","name":"Algemene Voorwaarden Lezen | 3-mmckopen.nl","isPartOf":{"@id":"https:\/\/3-mmckopen.nl\/#website"},"datePublished":"2021-01-09T16:36:02+00:00","dateModified":"2025-12-04T14:24:53+00:00","description":"Lees onze algemene voorwaarden. Duidelijke afspraken over levering en service. Transparant en eerlijk. Voor 17:00 besteld = vandaag verzonden!","breadcrumb":{"@id":"https:\/\/3-mmckopen.nl\/algemene-voorwaarden\/#breadcrumb"},"inLanguage":"da-DK","potentialAction":[{"@type":"ReadAction","target":["https:\/\/3-mmckopen.nl\/algemene-voorwaarden\/"]}]},{"@type":"BreadcrumbList","@id":"https:\/\/3-mmckopen.nl\/algemene-voorwaarden\/#breadcrumb","itemListElement":[{"@type":"ListItem","position":1,"name":"Home","item":"https:\/\/3-mmckopen.nl\/"},{"@type":"ListItem","position":2,"name":"Algemene voorwaarden"}]},{"@type":"WebSite","@id":"https:\/\/3-mmckopen.nl\/#website","url":"https:\/\/3-mmckopen.nl\/","name":"k\u00f8b 3MMC","description":"TIL ALLE HJEMKEMISI OG FORSKERE BLANDT OS","publisher":{"@id":"https:\/\/3-mmckopen.nl\/#organization"},"potentialAction":[{"@type":"SearchAction","target":{"@type":"EntryPoint","urlTemplate":"https:\/\/3-mmckopen.nl\/?s={search_term_string}"},"query-input":{"@type":"PropertyValueSpecification","valueRequired":true,"valueName":"search_term_string"}}],"inLanguage":"da-DK"},{"@type":"Organization","@id":"https:\/\/3-mmckopen.nl\/#organization","name":"3mmc kopen","url":"https:\/\/3-mmckopen.nl\/","logo":{"@type":"ImageObject","inLanguage":"da-DK","@id":"https:\/\/3-mmckopen.nl\/#\/schema\/logo\/image\/","url":"https:\/\/3-mmckopen.nl\/wp-content\/uploads\/2024\/03\/3mmckopennl.webp","contentUrl":"https:\/\/3-mmckopen.nl\/wp-content\/uploads\/2024\/03\/3mmckopennl.webp","width":300,"height":118,"caption":"3mmc kopen"},"image":{"@id":"https:\/\/3-mmckopen.nl\/#\/schema\/logo\/image\/"},"sameAs":["https:\/\/www.instagram.com\/dehuisprofessor\/","https:\/\/nl.pinterest.com\/dehuisprofessor\/","https:\/\/www.youtube.com\/channel\/UCsGzCVJiHsWLILEEHDzCNqA"]}]}},"_links":{"self":[{"href":"https:\/\/3-mmckopen.nl\/da\/wp-json\/wp\/v2\/pages\/223","targetHints":{"allow":["GET"]}}],"collection":[{"href":"https:\/\/3-mmckopen.nl\/da\/wp-json\/wp\/v2\/pages"}],"about":[{"href":"https:\/\/3-mmckopen.nl\/da\/wp-json\/wp\/v2\/types\/page"}],"author":[{"embeddable":true,"href":"https:\/\/3-mmckopen.nl\/da\/wp-json\/wp\/v2\/users\/199606847"}],"replies":[{"embeddable":true,"href":"https:\/\/3-mmckopen.nl\/da\/wp-json\/wp\/v2\/comments?post=223"}],"version-history":[{"count":1,"href":"https:\/\/3-mmckopen.nl\/da\/wp-json\/wp\/v2\/pages\/223\/revisions"}],"predecessor-version":[{"id":79024,"href":"https:\/\/3-mmckopen.nl\/da\/wp-json\/wp\/v2\/pages\/223\/revisions\/79024"}],"wp:attachment":[{"href":"https:\/\/3-mmckopen.nl\/da\/wp-json\/wp\/v2\/media?parent=223"}],"curies":[{"name":"wp","href":"https:\/\/api.w.org\/{rel}","templated":true}]}}