{"id":232,"date":"2021-01-09T18:56:00","date_gmt":"2021-01-09T17:56:00","guid":{"rendered":"https:\/\/3-mmckopen.nl\/?page_id=232"},"modified":"2025-12-04T15:31:44","modified_gmt":"2025-12-04T14:31:44","slug":"over-3mmc-kopen","status":"publish","type":"page","link":"https:\/\/3-mmckopen.nl\/da\/over-3mmc-kopen\/","title":{"rendered":"Omkring 3MMC"},"content":{"rendered":"<h3 class=\"wp-block-heading\" id=\"h-wat-is-3mmc\"><strong>Hvad er 3MMC?<\/strong><\/h3>\r\n\r\n\r\n\r\n<p class=\"has-small-font-size\"><strong>3MMC (ogs\u00e5 kaldet &#039;Poes&#039; eller &#039;3m&#039;) s\u00e6lges normalt som et krystallinsk hvidt pulver. Endelig har 3MMC eksisteret siden 2012<\/strong> allerede p\u00e5 markedet. Denne er meget kort og kaldes derfor ogs\u00e5 en NPS. P\u00e5 den anden side, om dette NPS er <strong>meget lidt kendt. Ofte er der stadig<\/strong> <strong>ringe eller ingen forskning er blevet udf\u00f8rt. S\u00e5 der er ogs\u00e5 lidt viden om 3MMC.<\/strong><\/p>\r\n\r\n\r\n\r\n<p class=\"has-small-font-size\">3MMC lijkt erg op zijn grote broer\u00a04-MMC\u00a0(\u2018Mephedrone\u2019 of \u2018Miauw\u2019). Dat wil niet zeggen dat de effecten en risico\u2019s hetzelfde zijn. In 2012 werd 4-MMC verboden en werd 3MMC als alternatief verkocht.\u00a0<\/p>\r\n\r\n\r\n\r\n<h3 class=\"wp-block-heading\" id=\"block-af3ebca5-0170-4ed6-b3f0-045ae9e6b74b\"><strong>Hvor mange mennesker bruger 3MMC i Holland?<\/strong><\/h3>\r\n\r\n\r\n\r\n<p class=\"has-small-font-size\">Er is (nog) niet onderzocht hoeveel mensen in Nederland 3-MMC gebruiken. Wel zijn er tekens dat het gebruik stijgt en er vaker\u00a0vergiftigingen\u00a0voorkomen. Het is opvallend dat de signalen van stijgend gebruik veel uit dezelfde regio\u2019s komen. Dit doet vermoeden dat gebruik minder verspreid is door Nederland en dat gebruikers vaak uit dezelfde plaatsen komen.<\/p>\r\n\r\n\r\n\r\n<p class=\"has-small-font-size\">Uit\u00a0Het Grote Uitgaansonderzoek 2020\u00a0blijkt dat er duidelijke tekenen zijn voor een stijging in het gebruik van 3MMC. In 2020 gaf 8,9% van de onderzochte uitgaanders aan in het afgelopen jaar wel eens 3-MMC gebruikt te hebben. Het gebruik ooit in het leven (11%) lag daar dicht bij, wat een aanwijzing is dat de meeste gebruikers pas geleden voor het eerst 3MMC hebben gebruikt. Informatie uit andere Trimbos-onderzoeken wijst ook voorzichtig op een stijging in het gebruik van 3MMC.<\/p>\r\n\r\n\r\n\r\n<h3 class=\"wp-block-heading\" id=\"block-af3ebca5-0170-4ed6-b3f0-045ae9e6b74b\"><strong>Betjening af 3MMC<\/strong><\/h3>\r\n\r\n\r\n\r\n<p class=\"has-small-font-size\">De effecten van kunnen wat lijken op die van\u00a0MDMA\u00a0en\u00a0coca\u00efne. Gebruikers voelen zich alert, blij en voelen vervolgens geen vermoeidheid. Ze hebben vaak behoefte om contact te maken met anderen. Ook ervaren ze ten slotte meer zelfvertrouwen en soms meer zin in seks.<\/p>\r\n\r\n\r\n\r\n<h3 class=\"wp-block-heading\" id=\"block-af3ebca5-0170-4ed6-b3f0-045ae9e6b74b\"><strong>Risici ved 3MMC<\/strong><\/h3>\r\n\r\n\r\n\r\n<p class=\"has-small-font-size\">Der er endnu ikke lavet unders\u00f8gelser af risiciene ved 3MMC hos mennesker. Men det er klart, at h\u00f8je doser og kombinationsbrug med andre stoffer eller alkohol \u00f8ger risikoen. Brugere af dette stof er derfor deres egne marsvin.<\/p>\r\n\r\n\r\n\r\n<p class=\"has-small-font-size\">Nogle brugere angiver ogs\u00e5, at brugen kan give alvorlige t\u00f8mmerm\u00e6nd: en tr\u00e6thedsf\u00f8lelse p\u00e5 grund af ikke at sove og ikke spise nok\/ikke spise.\u00a0\u00a0<\/p>\r\n\r\n\r\n\r\n<h3 class=\"wp-block-heading\" id=\"block-af3ebca5-0170-4ed6-b3f0-045ae9e6b74b\"><strong>Afh\u00e6ngighed<\/strong><\/h3>\r\n\r\n\r\n\r\n<p class=\"has-small-font-size\">Endelig kan du blive afh\u00e6ngig af 3-MMC. Det er mistanke om, at 3MMC er mere vanedannende end andre stoffer. Det skyldes sandsynligvis, at brugerne oplever en st\u00e6rk &#039;craving&#039; under brug. En trang er en st\u00e6rk trang til at bruge eller bruge mere.\u00a0<\/p>\r\n\r\n\r\n\r\n<h3 class=\"wp-block-heading\" id=\"block-af3ebca5-0170-4ed6-b3f0-045ae9e6b74b\"><strong>Lovgivning<\/strong><\/h3>\r\n\r\n\r\n\r\n<p class=\"has-small-font-size\">I \u00f8jeblikket er 3-MMC endnu ikke forbudt. 3MMC falder i \u00f8jeblikket ind under Commodities Act. Regeringen arbejder dog p\u00e5 en lov, der vil forbyde grupper af NPS p\u00e5 \u00e9n gang. 3-MMC og en masse andre NPS ville blive forbudt med det.<\/p>\r\n\r\n\r\n\r\n<p class=\"has-small-font-size\">De afgivne oplysninger er derfor ikke t\u00e6nkt som r\u00e5dgivning og kan derfor ikke vurderes som s\u00e5dan. 3MMC er dog ikke egnet til konsum, og derfor m\u00e5 3-MMC kun bruges til forskningsform\u00e5l.<\/p>\r\n\r\n\r\n\r\n<div class=\"wp-block-buttons is-layout-flex wp-block-buttons-is-layout-flex\">\r\n<div class=\"wp-block-button\"><a class=\"wp-block-button__link\" href=\"https:\/\/3-mmckopen.nl\/da\/winkel\/\">G\u00e5 til vores webshop<\/a><\/div>\r\n<\/div>\r\n\r\n\r\n\r\n<div class=\"wp-block-buttons is-layout-flex wp-block-buttons-is-layout-flex\">\r\n<div class=\"wp-block-button\"><a class=\"wp-block-button__link\" href=\"https:\/\/3-mmckopen.nl\/da\/\">G\u00e5 til vores hjemmeside<\/a><\/div>\r\n<\/div>\r\n\r\n\r\n\r\n<p>&nbsp;<\/p>","protected":false},"excerpt":{"rendered":"<p>Wat is 3MMC? 3MMC (ook wel \u2018Poes\u2019 of \u20183m\u2019 genoemd) wordt meestal verkocht als kristalachtig wit poeder. 3MMC is ten slotte is sinds 2012 al op de markt. Dit is erg kort en wordt daarom ook wel een\u00a0NPS genoemd. Over deze NPS is daarentegen erg weinig bekend. Vaak is er toch nog geen of amper [&hellip;]<\/p>\n","protected":false},"author":199606847,"featured_media":0,"parent":0,"menu_order":0,"comment_status":"closed","ping_status":"closed","template":"","meta":{"site-sidebar-layout":"default","site-content-layout":"default","ast-site-content-layout":"default","site-content-style":"default","site-sidebar-style":"default","ast-global-header-display":"","ast-banner-title-visibility":"","ast-main-header-display":"","ast-hfb-above-header-display":"","ast-hfb-below-header-display":"","ast-hfb-mobile-header-display":"","site-post-title":"","ast-breadcrumbs-content":"","ast-featured-img":"","footer-sml-layout":"","theme-transparent-header-meta":"default","adv-header-id-meta":"","stick-header-meta":"default","header-above-stick-meta":"","header-main-stick-meta":"","header-below-stick-meta":"","astra-migrate-meta-layouts":"set","ast-page-background-enabled":"default","ast-page-background-meta":{"desktop":{"background-color":"","background-image":"","background-repeat":"repeat","background-position":"center center","background-size":"auto","background-attachment":"scroll","background-type":"","background-media":"","overlay-type":"","overlay-color":"","overlay-opacity":"","overlay-gradient":""},"tablet":{"background-color":"","background-image":"","background-repeat":"repeat","background-position":"center center","background-size":"auto","background-attachment":"scroll","background-type":"","background-media":"","overlay-type":"","overlay-color":"","overlay-opacity":"","overlay-gradient":""},"mobile":{"background-color":"","background-image":"","background-repeat":"repeat","background-position":"center center","background-size":"auto","background-attachment":"scroll","background-type":"","background-media":"","overlay-type":"","overlay-color":"","overlay-opacity":"","overlay-gradient":""}},"ast-content-background-meta":{"desktop":{"background-color":"var(--ast-global-color-5)","background-image":"","background-repeat":"repeat","background-position":"center center","background-size":"auto","background-attachment":"scroll","background-type":"","background-media":"","overlay-type":"","overlay-color":"","overlay-opacity":"","overlay-gradient":""},"tablet":{"background-color":"var(--ast-global-color-5)","background-image":"","background-repeat":"repeat","background-position":"center center","background-size":"auto","background-attachment":"scroll","background-type":"","background-media":"","overlay-type":"","overlay-color":"","overlay-opacity":"","overlay-gradient":""},"mobile":{"background-color":"var(--ast-global-color-5)","background-image":"","background-repeat":"repeat","background-position":"center center","background-size":"auto","background-attachment":"scroll","background-type":"","background-media":"","overlay-type":"","overlay-color":"","overlay-opacity":"","overlay-gradient":""}},"footnotes":""},"class_list":["post-232","page","type-page","status-publish","hentry"],"yoast_head":"<!-- This site is optimized with the Yoast SEO plugin v27.4 - https:\/\/yoast.com\/product\/yoast-seo-wordpress\/ -->\n<title>Over Ons: Alles over 3-MMC | 3-mmckopen.nl<\/title>\n<meta name=\"description\" content=\"Over 3-MMC Kopen. Wie zijn wij? Jouw betrouwbare partner voor Research Chemicals. Altijd Topkwaliteit. Discreet &amp; Anoniem verzonden. Lees meer\" \/>\n<meta name=\"robots\" content=\"index, follow, max-snippet:-1, max-image-preview:large, max-video-preview:-1\" \/>\n<link rel=\"canonical\" href=\"https:\/\/3-mmckopen.nl\/da\/over-3mmc-kopen\/\" \/>\n<meta property=\"og:locale\" content=\"da_DK\" \/>\n<meta property=\"og:type\" content=\"article\" \/>\n<meta property=\"og:title\" content=\"Over Ons: Alles over 3-MMC | 3-mmckopen.nl\" \/>\n<meta property=\"og:description\" content=\"Over 3-MMC Kopen. Wie zijn wij? Jouw betrouwbare partner voor Research Chemicals. Altijd Topkwaliteit. Discreet &amp; Anoniem verzonden. Lees meer\" \/>\n<meta property=\"og:url\" content=\"https:\/\/3-mmckopen.nl\/da\/over-3mmc-kopen\/\" \/>\n<meta property=\"og:site_name\" content=\"3MMC kopen\" \/>\n<meta property=\"article:modified_time\" content=\"2025-12-04T14:31:44+00:00\" \/>\n<meta property=\"og:image\" content=\"https:\/\/3-mmckopen.nl\/wp-content\/uploads\/2024\/03\/3mmckopennl.webp\" \/>\n\t<meta property=\"og:image:width\" content=\"300\" \/>\n\t<meta property=\"og:image:height\" content=\"118\" \/>\n\t<meta property=\"og:image:type\" content=\"image\/webp\" \/>\n<meta name=\"twitter:card\" content=\"summary_large_image\" \/>\n<meta name=\"twitter:label1\" content=\"Estimeret l\u00e6setid\" \/>\n\t<meta name=\"twitter:data1\" content=\"3 minutter\" \/>\n<script type=\"application\/ld+json\" class=\"yoast-schema-graph\">{\"@context\":\"https:\\\/\\\/schema.org\",\"@graph\":[{\"@type\":[\"WebPage\",\"AboutPage\"],\"@id\":\"https:\\\/\\\/3-mmckopen.nl\\\/over-3mmc-kopen\\\/\",\"url\":\"https:\\\/\\\/3-mmckopen.nl\\\/over-3mmc-kopen\\\/\",\"name\":\"Over Ons: Alles over 3-MMC | 3-mmckopen.nl\",\"isPartOf\":{\"@id\":\"https:\\\/\\\/3-mmckopen.nl\\\/#website\"},\"datePublished\":\"2021-01-09T17:56:00+00:00\",\"dateModified\":\"2025-12-04T14:31:44+00:00\",\"description\":\"Over 3-MMC Kopen. Wie zijn wij? Jouw betrouwbare partner voor Research Chemicals. Altijd Topkwaliteit. Discreet & Anoniem verzonden. Lees meer\",\"breadcrumb\":{\"@id\":\"https:\\\/\\\/3-mmckopen.nl\\\/over-3mmc-kopen\\\/#breadcrumb\"},\"inLanguage\":\"da-DK\",\"potentialAction\":[{\"@type\":\"ReadAction\",\"target\":[\"https:\\\/\\\/3-mmckopen.nl\\\/over-3mmc-kopen\\\/\"]}]},{\"@type\":\"BreadcrumbList\",\"@id\":\"https:\\\/\\\/3-mmckopen.nl\\\/over-3mmc-kopen\\\/#breadcrumb\",\"itemListElement\":[{\"@type\":\"ListItem\",\"position\":1,\"name\":\"Home\",\"item\":\"https:\\\/\\\/3-mmckopen.nl\\\/\"},{\"@type\":\"ListItem\",\"position\":2,\"name\":\"Over 3MMC\"}]},{\"@type\":\"WebSite\",\"@id\":\"https:\\\/\\\/3-mmckopen.nl\\\/#website\",\"url\":\"https:\\\/\\\/3-mmckopen.nl\\\/\",\"name\":\"3MMC kopen\",\"description\":\"VOOR ALLE THUIS CHEMISI EN ONDERZOEKERS ONDER ONS\",\"publisher\":{\"@id\":\"https:\\\/\\\/3-mmckopen.nl\\\/#organization\"},\"potentialAction\":[{\"@type\":\"SearchAction\",\"target\":{\"@type\":\"EntryPoint\",\"urlTemplate\":\"https:\\\/\\\/3-mmckopen.nl\\\/?s={search_term_string}\"},\"query-input\":{\"@type\":\"PropertyValueSpecification\",\"valueRequired\":true,\"valueName\":\"search_term_string\"}}],\"inLanguage\":\"da-DK\"},{\"@type\":\"Organization\",\"@id\":\"https:\\\/\\\/3-mmckopen.nl\\\/#organization\",\"name\":\"3mmc kopen\",\"url\":\"https:\\\/\\\/3-mmckopen.nl\\\/\",\"logo\":{\"@type\":\"ImageObject\",\"inLanguage\":\"da-DK\",\"@id\":\"https:\\\/\\\/3-mmckopen.nl\\\/#\\\/schema\\\/logo\\\/image\\\/\",\"url\":\"https:\\\/\\\/3-mmckopen.nl\\\/wp-content\\\/uploads\\\/2024\\\/03\\\/3mmckopennl.webp\",\"contentUrl\":\"https:\\\/\\\/3-mmckopen.nl\\\/wp-content\\\/uploads\\\/2024\\\/03\\\/3mmckopennl.webp\",\"width\":300,\"height\":118,\"caption\":\"3mmc kopen\"},\"image\":{\"@id\":\"https:\\\/\\\/3-mmckopen.nl\\\/#\\\/schema\\\/logo\\\/image\\\/\"},\"sameAs\":[\"https:\\\/\\\/www.instagram.com\\\/dehuisprofessor\\\/\",\"https:\\\/\\\/nl.pinterest.com\\\/dehuisprofessor\\\/\",\"https:\\\/\\\/www.youtube.com\\\/channel\\\/UCsGzCVJiHsWLILEEHDzCNqA\"]}]}<\/script>\n<!-- \/ Yoast SEO plugin. -->","yoast_head_json":{"title":"Over Ons: Alles over 3-MMC | 3-mmckopen.nl","description":"Over 3-MMC Kopen. Wie zijn wij? Jouw betrouwbare partner voor Research Chemicals. Altijd Topkwaliteit. Discreet & Anoniem verzonden. Lees meer","robots":{"index":"index","follow":"follow","max-snippet":"max-snippet:-1","max-image-preview":"max-image-preview:large","max-video-preview":"max-video-preview:-1"},"canonical":"https:\/\/3-mmckopen.nl\/da\/over-3mmc-kopen\/","og_locale":"da_DK","og_type":"article","og_title":"Over Ons: Alles over 3-MMC | 3-mmckopen.nl","og_description":"Over 3-MMC Kopen. Wie zijn wij? Jouw betrouwbare partner voor Research Chemicals. Altijd Topkwaliteit. Discreet & Anoniem verzonden. Lees meer","og_url":"https:\/\/3-mmckopen.nl\/da\/over-3mmc-kopen\/","og_site_name":"3MMC kopen","article_modified_time":"2025-12-04T14:31:44+00:00","og_image":[{"width":300,"height":118,"url":"https:\/\/3-mmckopen.nl\/wp-content\/uploads\/2024\/03\/3mmckopennl.webp","type":"image\/webp"}],"twitter_card":"summary_large_image","twitter_misc":{"Estimeret l\u00e6setid":"3 minutter"},"schema":{"@context":"https:\/\/schema.org","@graph":[{"@type":["WebPage","AboutPage"],"@id":"https:\/\/3-mmckopen.nl\/over-3mmc-kopen\/","url":"https:\/\/3-mmckopen.nl\/over-3mmc-kopen\/","name":"Over Ons: Alles over 3-MMC | 3-mmckopen.nl","isPartOf":{"@id":"https:\/\/3-mmckopen.nl\/#website"},"datePublished":"2021-01-09T17:56:00+00:00","dateModified":"2025-12-04T14:31:44+00:00","description":"Over 3-MMC Kopen. Wie zijn wij? Jouw betrouwbare partner voor Research Chemicals. Altijd Topkwaliteit. Discreet & Anoniem verzonden. Lees meer","breadcrumb":{"@id":"https:\/\/3-mmckopen.nl\/over-3mmc-kopen\/#breadcrumb"},"inLanguage":"da-DK","potentialAction":[{"@type":"ReadAction","target":["https:\/\/3-mmckopen.nl\/over-3mmc-kopen\/"]}]},{"@type":"BreadcrumbList","@id":"https:\/\/3-mmckopen.nl\/over-3mmc-kopen\/#breadcrumb","itemListElement":[{"@type":"ListItem","position":1,"name":"Home","item":"https:\/\/3-mmckopen.nl\/"},{"@type":"ListItem","position":2,"name":"Over 3MMC"}]},{"@type":"WebSite","@id":"https:\/\/3-mmckopen.nl\/#website","url":"https:\/\/3-mmckopen.nl\/","name":"k\u00f8b 3MMC","description":"TIL ALLE HJEMKEMISI OG FORSKERE BLANDT OS","publisher":{"@id":"https:\/\/3-mmckopen.nl\/#organization"},"potentialAction":[{"@type":"SearchAction","target":{"@type":"EntryPoint","urlTemplate":"https:\/\/3-mmckopen.nl\/?s={search_term_string}"},"query-input":{"@type":"PropertyValueSpecification","valueRequired":true,"valueName":"search_term_string"}}],"inLanguage":"da-DK"},{"@type":"Organization","@id":"https:\/\/3-mmckopen.nl\/#organization","name":"3mmc kopen","url":"https:\/\/3-mmckopen.nl\/","logo":{"@type":"ImageObject","inLanguage":"da-DK","@id":"https:\/\/3-mmckopen.nl\/#\/schema\/logo\/image\/","url":"https:\/\/3-mmckopen.nl\/wp-content\/uploads\/2024\/03\/3mmckopennl.webp","contentUrl":"https:\/\/3-mmckopen.nl\/wp-content\/uploads\/2024\/03\/3mmckopennl.webp","width":300,"height":118,"caption":"3mmc kopen"},"image":{"@id":"https:\/\/3-mmckopen.nl\/#\/schema\/logo\/image\/"},"sameAs":["https:\/\/www.instagram.com\/dehuisprofessor\/","https:\/\/nl.pinterest.com\/dehuisprofessor\/","https:\/\/www.youtube.com\/channel\/UCsGzCVJiHsWLILEEHDzCNqA"]}]}},"_links":{"self":[{"href":"https:\/\/3-mmckopen.nl\/da\/wp-json\/wp\/v2\/pages\/232","targetHints":{"allow":["GET"]}}],"collection":[{"href":"https:\/\/3-mmckopen.nl\/da\/wp-json\/wp\/v2\/pages"}],"about":[{"href":"https:\/\/3-mmckopen.nl\/da\/wp-json\/wp\/v2\/types\/page"}],"author":[{"embeddable":true,"href":"https:\/\/3-mmckopen.nl\/da\/wp-json\/wp\/v2\/users\/199606847"}],"replies":[{"embeddable":true,"href":"https:\/\/3-mmckopen.nl\/da\/wp-json\/wp\/v2\/comments?post=232"}],"version-history":[{"count":1,"href":"https:\/\/3-mmckopen.nl\/da\/wp-json\/wp\/v2\/pages\/232\/revisions"}],"predecessor-version":[{"id":79030,"href":"https:\/\/3-mmckopen.nl\/da\/wp-json\/wp\/v2\/pages\/232\/revisions\/79030"}],"wp:attachment":[{"href":"https:\/\/3-mmckopen.nl\/da\/wp-json\/wp\/v2\/media?parent=232"}],"curies":[{"name":"wp","href":"https:\/\/api.w.org\/{rel}","templated":true}]}}