{"id":287,"date":"2021-01-09T22:08:52","date_gmt":"2021-01-09T21:08:52","guid":{"rendered":"https:\/\/3-mmckopen.nl\/?page_id=287"},"modified":"2025-12-04T15:34:53","modified_gmt":"2025-12-04T14:34:53","slug":"verzending-en-levering","status":"publish","type":"page","link":"https:\/\/3-mmckopen.nl\/da\/verzending-en-levering\/","title":{"rendered":"Forsendelse og levering"},"content":{"rendered":"<div data-elementor-type=\"wp-page\" data-elementor-id=\"287\" class=\"elementor elementor-287\" data-elementor-post-type=\"page\">\n\t\t\t\t\t\t<section class=\"elementor-section elementor-top-section elementor-element elementor-element-77fb5336 elementor-section-boxed elementor-section-height-default elementor-section-height-default\" data-id=\"77fb5336\" data-element_type=\"section\" data-e-type=\"section\">\n\t\t\t\t\t\t<div class=\"elementor-container elementor-column-gap-default\">\n\t\t\t\t\t<div class=\"elementor-column elementor-col-100 elementor-top-column elementor-element elementor-element-4012bb21\" data-id=\"4012bb21\" data-element_type=\"column\" data-e-type=\"column\">\n\t\t\t<div class=\"elementor-widget-wrap elementor-element-populated\">\n\t\t\t\t\t\t<div class=\"elementor-element elementor-element-42e7fe09 elementor-widget elementor-widget-text-editor\" data-id=\"42e7fe09\" data-element_type=\"widget\" data-e-type=\"widget\" data-widget_type=\"text-editor.default\">\n\t\t\t\t<div class=\"elementor-widget-container\">\n\t\t\t\t\t\t\t\t\t<p><\/p>\n<figure class=\"wp-block-image size-large is-resized\"><img decoding=\"async\" class=\"alignnone wp-image-432 size-thumbnail\" src=\"https:\/\/3-mmckopen.nl\/wp-content\/uploads\/2021\/01\/PostNL_Logo_750-150x150.jpg\" alt=\"\" width=\"150\" height=\"150\" srcset=\"https:\/\/3-mmckopen.nl\/wp-content\/uploads\/2021\/01\/PostNL_Logo_750-150x150.jpg 150w, https:\/\/3-mmckopen.nl\/wp-content\/uploads\/2021\/01\/PostNL_Logo_750-300x300.jpg 300w, https:\/\/3-mmckopen.nl\/wp-content\/uploads\/2021\/01\/PostNL_Logo_750-100x100.jpg 100w, https:\/\/3-mmckopen.nl\/wp-content\/uploads\/2021\/01\/PostNL_Logo_750-600x600.jpg 600w, https:\/\/3-mmckopen.nl\/wp-content\/uploads\/2021\/01\/PostNL_Logo_750-64x64.jpg 64w, https:\/\/3-mmckopen.nl\/wp-content\/uploads\/2021\/01\/PostNL_Logo_750-400x400.jpg 400w, https:\/\/3-mmckopen.nl\/wp-content\/uploads\/2021\/01\/PostNL_Logo_750-200x200.jpg 200w, https:\/\/3-mmckopen.nl\/wp-content\/uploads\/2021\/01\/PostNL_Logo_750.jpg 750w\" sizes=\"(max-width: 150px) 100vw, 150px\" \/><\/figure>\n<p><\/p>\n<p><\/p>\n<h2 id=\"h-verzending-en-levering\" class=\"has-text-align-center wp-block-heading\"><strong>Forsendelse og levering<\/strong><\/h2>\n<p><\/p>\n<p><\/p>\n<h4 id=\"h-betaling-voor-16-00-ontvangen-dezelfde-dag-nog-verzonden\" class=\"has-small-font-size wp-block-heading\"><strong>BETALING MODTAGET F\u00d8R KL. 16.00 \u2013 SENDES SAMME DAG<\/strong><\/h4>\n<p><\/p>\n<p><\/p>\n<p class=\"has-small-font-size\">Du \u00f8nsker at k\u00f8be 3-CMC over internettet, men du er i tvivl om forsendelse og levering af 3-CMC. Ikke alle beh\u00f8ver at vide, hvad du har bestilt, s\u00e5 det tager vi h\u00f8jde for.<\/p>\n<p><\/p>\n<p><\/p>\n<p class=\"has-small-font-size\"><strong>Bem\u00e6rk venligst: P\u00e5 grund af nedlukningen kan det tage l\u00e6ngere tid at modtage din pakke p\u00e5 grund af tr\u00e6ngsel hos Post NL. S\u00f8rg derfor for at bestille til tiden.<\/strong><\/p>\n<p><\/p>\n<p><\/p>\n<p class=\"has-small-font-size\">app16847.cloudwayssites.com er ikke ansvarlig for leveringstiden for en bestilt pakke.<\/p>\n<p><\/p>\n<p><\/p>\n<p class=\"has-small-font-size\">1. V\u00e6lg et produkt fra vores webshop og bestil det<\/p>\n<p><\/p>\n<p><\/p>\n<p class=\"has-small-font-size\">2. Vi sender dig en betalingsanmodning via WhatsApp eller betaler hurtigt og nemt med en direkte bankoverf\u00f8rsel<\/p>\n<p><\/p>\n<p><\/p>\n<p class=\"has-small-font-size\">3. Produktet emballeres diskret<\/p>\n<p><\/p>\n<p><\/p>\n<p class=\"has-small-font-size\">4. Pakken sendes med PostNL<\/p>\n<p><\/p>\n<p><\/p>\n<h4 class=\"wp-block-heading\" id=\"h-discreet-verpakt\"><strong>Diskret pakket<\/strong><\/h4>\n<p><\/p>\n<p><\/p>\n<p class=\"has-small-font-size\">Vi sender vores 3-CMC i uigenkendelige kuverter. P\u00e5 denne m\u00e5de kan ingen se, hvad du har bestilt udefra!<\/p>\n<p><\/p>\n<p><\/p>\n<h4 class=\"wp-block-heading\" id=\"h-gratis-snelle-en-veilige-verzending\"><strong>Gratis, hurtig og sikker forsendelse<\/strong><\/h4>\n<p><\/p>\n<p><\/p>\n<p class=\"has-small-font-size\">Hos os betaler du ikke forsendelsesomkostninger for standard forsendelse (egen risiko). Du kan v\u00e6lge at f\u00e5 din pakke sendt med track and trace for 6 \u20ac eller anbefalet for 10,95 \u20ac. Her f\u00e5r du en <strong>&quot;track and trace&quot;<\/strong> kode sendt via e-mail, s\u00e5 du kan spore din ordre. Vi sender vores ordrer med <a href=\"https:\/\/www.postnl.nl\/\">PostNL<\/a>.<\/p>\n<p><\/p>\n<p><\/p>\n<h4 class=\"wp-block-heading\" id=\"h-betalen-met-een-directe-bankoverschrijving-of-betaalverzoek\"><strong>Betal med en direkte bankoverf\u00f8rsel eller betalingsanmodning<\/strong><\/h4>\n<p><\/p>\n<p><\/p>\n<p class=\"has-small-font-size\">Vi foretr\u00e6kker direkte bankoverf\u00f8rsel, fordi de er hurtige og sikre. Inden for f\u00e5 sekunder er pengene p\u00e5 vores konto, og vi kan begynde at forberede og sende din ordre. Du kan selvf\u00f8lgelig ogs\u00e5 betale via en betalingsanmodning p\u00e5 WhatsApp.\u00a0<strong style=\"font-size: var(--wp--preset--font-size--small); font-style: inherit; color: var( --e-global-color-text ); font-family: var( --e-global-typography-text-font-family ), Sans-serif;\">Vi sender dig en WhatsApp-besked med en betalingsanmodning og dit ordrenummer.<\/strong><\/p>\n<p><\/p>\n<p><\/p>\n<p class=\"has-small-font-size\"><strong style=\"color: var(--ast-global-color-2); font-size: 1.33333rem; font-style: inherit; font-family: var( --e-global-typography-text-font-family ), Sans-serif;\">Hvad er en direkte bankoverf\u00f8rsel?<\/strong><\/p>\n<p><\/p>\n<p><\/p>\n<p class=\"has-small-font-size\">en &#039;<strong>direkte overf\u00f8rsel<\/strong>&#039; er en\u00a0<strong>overbooking<\/strong>\u00a0At\u00a0<strong>med det samme<\/strong>\u00a0inds\u00e6ttes p\u00e5 kontoen hos den person, som pengene overf\u00f8res til. Modtageren har pengene p\u00e5 sin konto inden for f\u00e5 sekunder. 24 timer i d\u00f8gnet, 365 dage om \u00e5ret, ogs\u00e5 om natten og p\u00e5 s\u00f8n- og helligdage.<\/p>\n<p><\/p>\n<p><\/p>\n<h4 class=\"wp-block-heading\" id=\"h-is-een-directe-bankoverschrijving-veilig\"><strong>Er en direkte bankoverf\u00f8rsel sikker?<\/strong><\/h4>\n<p><\/p>\n<p><\/p>\n<p class=\"has-small-font-size\">Ja. At betale med denne metode er 100% sikkert, sikkert og diskret.<\/p>\n<p><\/p>\n<p><\/p>\n<h4 class=\"wp-block-heading\" id=\"h-heb-ik-iets-nodig-om-te-betalen-met-een-directe-bankoverschrijving\"><strong>Har jeg brug for noget for at betale med en direkte bankoverf\u00f8rsel?<\/strong><\/h4>\n<p><\/p>\n<p><\/p>\n<p class=\"has-small-font-size\">For at betale med denne metode skal du bruge en internet- eller telefonbanktjeneste.<\/p>\n<p><\/p>\n<p><\/p>\n<div class=\"wp-block-buttons is-layout-flex wp-block-buttons-is-layout-flex\">\n<p><\/p>\n<div class=\"wp-block-button\"><a class=\"wp-block-button__link\" href=\"https:\/\/3-mmckopen.nl\/da\/winkel\/\">G\u00e5 til vores webshop<\/a><\/div>\n<p><\/p>\n<\/div>\n<p><\/p>\n<p><\/p>\n<div class=\"wp-block-buttons is-layout-flex wp-block-buttons-is-layout-flex\">\n<p><\/p>\n<div class=\"wp-block-button\"><a class=\"wp-block-button__link\" href=\"https:\/\/3-mmckopen.nl\/da\/\">G\u00e5 til vores hjemmeside<\/a><\/div>\n<p><\/p>\n<\/div>\n<p><\/p>\n<p><\/p>\n<div class=\"wp-block-columns is-layout-flex wp-container-core-columns-is-layout-28f84493 wp-block-columns-is-layout-flex\">\n<p><\/p>\n<div class=\"wp-block-column is-layout-flow wp-block-column-is-layout-flow\">\n<p><\/p>\n<p><\/p>\n<\/div>\n<p><\/p>\n<\/div>\n<p><\/p>\n<p><\/p>\n<p><\/p>\t\t\t\t\t\t\t\t<\/div>\n\t\t\t\t<\/div>\n\t\t\t\t\t<\/div>\n\t\t<\/div>\n\t\t\t\t\t<\/div>\n\t\t<\/section>\n\t\t\t\t<\/div>","protected":false},"excerpt":{"rendered":"<p>&nbsp; &nbsp; &nbsp; Verzending en levering &nbsp; &nbsp; BETALING VOOR 16:00 ONTVANGEN &#8211; DEZELFDE DAG NOG VERZONDEN &nbsp; &nbsp; Je wilt 3-CMC kopen via het internet maar twijfelt over de verzending en levering van 3-CMC. Niet iedereen hoeft te weten wat jij besteld hebt daarom houden wij hier rekening mee. &nbsp; &nbsp; Let op: Door [&hellip;]<\/p>\n","protected":false},"author":199606847,"featured_media":0,"parent":0,"menu_order":0,"comment_status":"closed","ping_status":"closed","template":"","meta":{"site-sidebar-layout":"default","site-content-layout":"default","ast-site-content-layout":"default","site-content-style":"default","site-sidebar-style":"default","ast-global-header-display":"","ast-banner-title-visibility":"","ast-main-header-display":"","ast-hfb-above-header-display":"","ast-hfb-below-header-display":"","ast-hfb-mobile-header-display":"","site-post-title":"","ast-breadcrumbs-content":"","ast-featured-img":"","footer-sml-layout":"","theme-transparent-header-meta":"default","adv-header-id-meta":"","stick-header-meta":"","header-above-stick-meta":"","header-main-stick-meta":"","header-below-stick-meta":"","astra-migrate-meta-layouts":"set","ast-page-background-enabled":"default","ast-page-background-meta":{"desktop":{"background-color":"","background-image":"","background-repeat":"repeat","background-position":"center center","background-size":"auto","background-attachment":"scroll","background-type":"","background-media":"","overlay-type":"","overlay-color":"","overlay-opacity":"","overlay-gradient":""},"tablet":{"background-color":"","background-image":"","background-repeat":"repeat","background-position":"center center","background-size":"auto","background-attachment":"scroll","background-type":"","background-media":"","overlay-type":"","overlay-color":"","overlay-opacity":"","overlay-gradient":""},"mobile":{"background-color":"","background-image":"","background-repeat":"repeat","background-position":"center center","background-size":"auto","background-attachment":"scroll","background-type":"","background-media":"","overlay-type":"","overlay-color":"","overlay-opacity":"","overlay-gradient":""}},"ast-content-background-meta":{"desktop":{"background-color":"var(--ast-global-color-5)","background-image":"","background-repeat":"repeat","background-position":"center center","background-size":"auto","background-attachment":"scroll","background-type":"","background-media":"","overlay-type":"","overlay-color":"","overlay-opacity":"","overlay-gradient":""},"tablet":{"background-color":"var(--ast-global-color-5)","background-image":"","background-repeat":"repeat","background-position":"center center","background-size":"auto","background-attachment":"scroll","background-type":"","background-media":"","overlay-type":"","overlay-color":"","overlay-opacity":"","overlay-gradient":""},"mobile":{"background-color":"var(--ast-global-color-5)","background-image":"","background-repeat":"repeat","background-position":"center center","background-size":"auto","background-attachment":"scroll","background-type":"","background-media":"","overlay-type":"","overlay-color":"","overlay-opacity":"","overlay-gradient":""}},"footnotes":""},"class_list":["post-287","page","type-page","status-publish","hentry"],"yoast_head":"<!-- This site is optimized with the Yoast SEO plugin v27.4 - https:\/\/yoast.com\/product\/yoast-seo-wordpress\/ -->\n<title>Verzending en Levering Info | 3-mmckopen.nl<\/title>\n<meta name=\"description\" content=\"Alles over verzending en levering. Wij versturen altijd Discreet &amp; Anoniem in blanco dozen. Voor 17:00 besteld = vandaag verzonden! Lees meer.\" \/>\n<meta name=\"robots\" content=\"index, follow, max-snippet:-1, max-image-preview:large, max-video-preview:-1\" \/>\n<link rel=\"canonical\" href=\"https:\/\/3-mmckopen.nl\/da\/verzending-en-levering\/\" \/>\n<meta property=\"og:locale\" content=\"da_DK\" \/>\n<meta property=\"og:type\" content=\"article\" \/>\n<meta property=\"og:title\" content=\"Verzending en Levering Info | 3-mmckopen.nl\" \/>\n<meta property=\"og:description\" content=\"Alles over verzending en levering. Wij versturen altijd Discreet &amp; Anoniem in blanco dozen. Voor 17:00 besteld = vandaag verzonden! Lees meer.\" \/>\n<meta property=\"og:url\" content=\"https:\/\/3-mmckopen.nl\/da\/verzending-en-levering\/\" \/>\n<meta property=\"og:site_name\" content=\"3MMC kopen\" \/>\n<meta property=\"article:modified_time\" content=\"2025-12-04T14:34:53+00:00\" \/>\n<meta property=\"og:image\" content=\"https:\/\/3-mmckopen.nl\/wp-content\/uploads\/2021\/01\/PostNL_Logo_750-150x150.jpg\" \/>\n<meta name=\"twitter:card\" content=\"summary_large_image\" \/>\n<meta name=\"twitter:label1\" content=\"Estimeret l\u00e6setid\" \/>\n\t<meta name=\"twitter:data1\" content=\"3 minutter\" \/>\n<script type=\"application\/ld+json\" class=\"yoast-schema-graph\">{\"@context\":\"https:\\\/\\\/schema.org\",\"@graph\":[{\"@type\":\"WebPage\",\"@id\":\"https:\\\/\\\/3-mmckopen.nl\\\/verzending-en-levering\\\/\",\"url\":\"https:\\\/\\\/3-mmckopen.nl\\\/verzending-en-levering\\\/\",\"name\":\"Verzending en Levering Info | 3-mmckopen.nl\",\"isPartOf\":{\"@id\":\"https:\\\/\\\/3-mmckopen.nl\\\/#website\"},\"primaryImageOfPage\":{\"@id\":\"https:\\\/\\\/3-mmckopen.nl\\\/verzending-en-levering\\\/#primaryimage\"},\"image\":{\"@id\":\"https:\\\/\\\/3-mmckopen.nl\\\/verzending-en-levering\\\/#primaryimage\"},\"thumbnailUrl\":\"https:\\\/\\\/3-mmckopen.nl\\\/wp-content\\\/uploads\\\/2021\\\/01\\\/PostNL_Logo_750-150x150.jpg\",\"datePublished\":\"2021-01-09T21:08:52+00:00\",\"dateModified\":\"2025-12-04T14:34:53+00:00\",\"description\":\"Alles over verzending en levering. Wij versturen altijd Discreet & Anoniem in blanco dozen. Voor 17:00 besteld = vandaag verzonden! Lees meer.\",\"breadcrumb\":{\"@id\":\"https:\\\/\\\/3-mmckopen.nl\\\/verzending-en-levering\\\/#breadcrumb\"},\"inLanguage\":\"da-DK\",\"potentialAction\":[{\"@type\":\"ReadAction\",\"target\":[\"https:\\\/\\\/3-mmckopen.nl\\\/verzending-en-levering\\\/\"]}]},{\"@type\":\"ImageObject\",\"inLanguage\":\"da-DK\",\"@id\":\"https:\\\/\\\/3-mmckopen.nl\\\/verzending-en-levering\\\/#primaryimage\",\"url\":\"https:\\\/\\\/3-mmckopen.nl\\\/wp-content\\\/uploads\\\/2021\\\/01\\\/PostNL_Logo_750-150x150.jpg\",\"contentUrl\":\"https:\\\/\\\/3-mmckopen.nl\\\/wp-content\\\/uploads\\\/2021\\\/01\\\/PostNL_Logo_750-150x150.jpg\"},{\"@type\":\"BreadcrumbList\",\"@id\":\"https:\\\/\\\/3-mmckopen.nl\\\/verzending-en-levering\\\/#breadcrumb\",\"itemListElement\":[{\"@type\":\"ListItem\",\"position\":1,\"name\":\"Home\",\"item\":\"https:\\\/\\\/3-mmckopen.nl\\\/\"},{\"@type\":\"ListItem\",\"position\":2,\"name\":\"Verzending en levering\"}]},{\"@type\":\"WebSite\",\"@id\":\"https:\\\/\\\/3-mmckopen.nl\\\/#website\",\"url\":\"https:\\\/\\\/3-mmckopen.nl\\\/\",\"name\":\"3MMC kopen\",\"description\":\"VOOR ALLE THUIS CHEMISI EN ONDERZOEKERS ONDER ONS\",\"publisher\":{\"@id\":\"https:\\\/\\\/3-mmckopen.nl\\\/#organization\"},\"potentialAction\":[{\"@type\":\"SearchAction\",\"target\":{\"@type\":\"EntryPoint\",\"urlTemplate\":\"https:\\\/\\\/3-mmckopen.nl\\\/?s={search_term_string}\"},\"query-input\":{\"@type\":\"PropertyValueSpecification\",\"valueRequired\":true,\"valueName\":\"search_term_string\"}}],\"inLanguage\":\"da-DK\"},{\"@type\":\"Organization\",\"@id\":\"https:\\\/\\\/3-mmckopen.nl\\\/#organization\",\"name\":\"3mmc kopen\",\"url\":\"https:\\\/\\\/3-mmckopen.nl\\\/\",\"logo\":{\"@type\":\"ImageObject\",\"inLanguage\":\"da-DK\",\"@id\":\"https:\\\/\\\/3-mmckopen.nl\\\/#\\\/schema\\\/logo\\\/image\\\/\",\"url\":\"https:\\\/\\\/3-mmckopen.nl\\\/wp-content\\\/uploads\\\/2024\\\/03\\\/3mmckopennl.webp\",\"contentUrl\":\"https:\\\/\\\/3-mmckopen.nl\\\/wp-content\\\/uploads\\\/2024\\\/03\\\/3mmckopennl.webp\",\"width\":300,\"height\":118,\"caption\":\"3mmc kopen\"},\"image\":{\"@id\":\"https:\\\/\\\/3-mmckopen.nl\\\/#\\\/schema\\\/logo\\\/image\\\/\"},\"sameAs\":[\"https:\\\/\\\/www.instagram.com\\\/dehuisprofessor\\\/\",\"https:\\\/\\\/nl.pinterest.com\\\/dehuisprofessor\\\/\",\"https:\\\/\\\/www.youtube.com\\\/channel\\\/UCsGzCVJiHsWLILEEHDzCNqA\"]}]}<\/script>\n<!-- \/ Yoast SEO plugin. -->","yoast_head_json":{"title":"Verzending en Levering Info | 3-mmckopen.nl","description":"Alles over verzending en levering. Wij versturen altijd Discreet & Anoniem in blanco dozen. Voor 17:00 besteld = vandaag verzonden! Lees meer.","robots":{"index":"index","follow":"follow","max-snippet":"max-snippet:-1","max-image-preview":"max-image-preview:large","max-video-preview":"max-video-preview:-1"},"canonical":"https:\/\/3-mmckopen.nl\/da\/verzending-en-levering\/","og_locale":"da_DK","og_type":"article","og_title":"Verzending en Levering Info | 3-mmckopen.nl","og_description":"Alles over verzending en levering. Wij versturen altijd Discreet & Anoniem in blanco dozen. Voor 17:00 besteld = vandaag verzonden! Lees meer.","og_url":"https:\/\/3-mmckopen.nl\/da\/verzending-en-levering\/","og_site_name":"3MMC kopen","article_modified_time":"2025-12-04T14:34:53+00:00","og_image":[{"url":"https:\/\/3-mmckopen.nl\/wp-content\/uploads\/2021\/01\/PostNL_Logo_750-150x150.jpg","type":"","width":"","height":""}],"twitter_card":"summary_large_image","twitter_misc":{"Estimeret l\u00e6setid":"3 minutter"},"schema":{"@context":"https:\/\/schema.org","@graph":[{"@type":"WebPage","@id":"https:\/\/3-mmckopen.nl\/verzending-en-levering\/","url":"https:\/\/3-mmckopen.nl\/verzending-en-levering\/","name":"Verzending en Levering Info | 3-mmckopen.nl","isPartOf":{"@id":"https:\/\/3-mmckopen.nl\/#website"},"primaryImageOfPage":{"@id":"https:\/\/3-mmckopen.nl\/verzending-en-levering\/#primaryimage"},"image":{"@id":"https:\/\/3-mmckopen.nl\/verzending-en-levering\/#primaryimage"},"thumbnailUrl":"https:\/\/3-mmckopen.nl\/wp-content\/uploads\/2021\/01\/PostNL_Logo_750-150x150.jpg","datePublished":"2021-01-09T21:08:52+00:00","dateModified":"2025-12-04T14:34:53+00:00","description":"Alles over verzending en levering. Wij versturen altijd Discreet & Anoniem in blanco dozen. Voor 17:00 besteld = vandaag verzonden! Lees meer.","breadcrumb":{"@id":"https:\/\/3-mmckopen.nl\/verzending-en-levering\/#breadcrumb"},"inLanguage":"da-DK","potentialAction":[{"@type":"ReadAction","target":["https:\/\/3-mmckopen.nl\/verzending-en-levering\/"]}]},{"@type":"ImageObject","inLanguage":"da-DK","@id":"https:\/\/3-mmckopen.nl\/verzending-en-levering\/#primaryimage","url":"https:\/\/3-mmckopen.nl\/wp-content\/uploads\/2021\/01\/PostNL_Logo_750-150x150.jpg","contentUrl":"https:\/\/3-mmckopen.nl\/wp-content\/uploads\/2021\/01\/PostNL_Logo_750-150x150.jpg"},{"@type":"BreadcrumbList","@id":"https:\/\/3-mmckopen.nl\/verzending-en-levering\/#breadcrumb","itemListElement":[{"@type":"ListItem","position":1,"name":"Home","item":"https:\/\/3-mmckopen.nl\/"},{"@type":"ListItem","position":2,"name":"Verzending en levering"}]},{"@type":"WebSite","@id":"https:\/\/3-mmckopen.nl\/#website","url":"https:\/\/3-mmckopen.nl\/","name":"k\u00f8b 3MMC","description":"TIL ALLE HJEMKEMISI OG FORSKERE BLANDT OS","publisher":{"@id":"https:\/\/3-mmckopen.nl\/#organization"},"potentialAction":[{"@type":"SearchAction","target":{"@type":"EntryPoint","urlTemplate":"https:\/\/3-mmckopen.nl\/?s={search_term_string}"},"query-input":{"@type":"PropertyValueSpecification","valueRequired":true,"valueName":"search_term_string"}}],"inLanguage":"da-DK"},{"@type":"Organization","@id":"https:\/\/3-mmckopen.nl\/#organization","name":"3mmc kopen","url":"https:\/\/3-mmckopen.nl\/","logo":{"@type":"ImageObject","inLanguage":"da-DK","@id":"https:\/\/3-mmckopen.nl\/#\/schema\/logo\/image\/","url":"https:\/\/3-mmckopen.nl\/wp-content\/uploads\/2024\/03\/3mmckopennl.webp","contentUrl":"https:\/\/3-mmckopen.nl\/wp-content\/uploads\/2024\/03\/3mmckopennl.webp","width":300,"height":118,"caption":"3mmc kopen"},"image":{"@id":"https:\/\/3-mmckopen.nl\/#\/schema\/logo\/image\/"},"sameAs":["https:\/\/www.instagram.com\/dehuisprofessor\/","https:\/\/nl.pinterest.com\/dehuisprofessor\/","https:\/\/www.youtube.com\/channel\/UCsGzCVJiHsWLILEEHDzCNqA"]}]}},"_links":{"self":[{"href":"https:\/\/3-mmckopen.nl\/da\/wp-json\/wp\/v2\/pages\/287","targetHints":{"allow":["GET"]}}],"collection":[{"href":"https:\/\/3-mmckopen.nl\/da\/wp-json\/wp\/v2\/pages"}],"about":[{"href":"https:\/\/3-mmckopen.nl\/da\/wp-json\/wp\/v2\/types\/page"}],"author":[{"embeddable":true,"href":"https:\/\/3-mmckopen.nl\/da\/wp-json\/wp\/v2\/users\/199606847"}],"replies":[{"embeddable":true,"href":"https:\/\/3-mmckopen.nl\/da\/wp-json\/wp\/v2\/comments?post=287"}],"version-history":[{"count":1,"href":"https:\/\/3-mmckopen.nl\/da\/wp-json\/wp\/v2\/pages\/287\/revisions"}],"predecessor-version":[{"id":79036,"href":"https:\/\/3-mmckopen.nl\/da\/wp-json\/wp\/v2\/pages\/287\/revisions\/79036"}],"wp:attachment":[{"href":"https:\/\/3-mmckopen.nl\/da\/wp-json\/wp\/v2\/media?parent=287"}],"curies":[{"name":"wp","href":"https:\/\/api.w.org\/{rel}","templated":true}]}}