{"id":631,"date":"2021-01-14T02:19:08","date_gmt":"2021-01-14T01:19:08","guid":{"rendered":"https:\/\/3-mmckopen.nl\/?page_id=631"},"modified":"2025-12-04T15:32:29","modified_gmt":"2025-12-04T14:32:29","slug":"privacy-policy","status":"publish","type":"page","link":"https:\/\/3-mmckopen.nl\/da\/privacy-policy\/","title":{"rendered":"Fortrolighedspolitik"},"content":{"rendered":"<p>app16847.cloudwayssites.com garanterer privatlivets fred for alle brugere af sit websted, og de personlige oplysninger, du giver os, behandles til enhver tid fortroligt. Vi bruger kun dine data til at behandle ordrer s\u00e5 hurtigt og effektivt som muligt. Ellers bruger vi kun disse data med din tilladelse.<\/p>\r\n\r\n\r\n\r\n<p>app16847.cloudwayssites.com bruger de indsamlede data til at give sine kunder f\u00f8lgende tjenester:<\/p>\r\n\r\n\r\n\r\n<p>Hvis du afgiver en ordre eller anmoder om et tilbud, har vi brug for dit navn, e-mailadresse, leveringsadresse og betalingsoplysninger for at behandle din ordre og for at holde dig orienteret om dens fremskridt. For at g\u00f8re shopping og processen med at anmode om et tilbud p\u00e5 app16847.cloudwayssites.com s\u00e5 attraktivt som muligt, gemmer vi med din tilladelse dine personlige oplysninger og detaljerne vedr\u00f8rende din ordre eller tilbudsanmodning og brugen af vores tjenester. Dette giver os mulighed for at g\u00f8re hjemmesiden mere personlig og kundeorienteret. Vi kan bruge din e-mailadresse til at give dig information om udviklingen af vores hjemmeside og om vores s\u00e6rlige tilbud og kampagner. Hvis du ikke s\u00e6tter pris p\u00e5 dette, kan du afmelde dig via vores hjemmeside. Hvis du afgiver en ordre hos app16847.cloudwayssites.com, gemmer vi dine data p\u00e5 en sikker server, hvis det \u00f8nskes. Du kan indtaste et brugernavn og en adgangskode, s\u00e5 du ikke beh\u00f8ver at indtaste dit navn og adresse, telefonnummer, e-mailadresse, leverings- og betalingsoplysninger ved hver ny ordre. Oplysninger om brugen af vores side og den feedback, vi modtager fra vores bes\u00f8gende, hj\u00e6lper os med at videreudvikle og forbedre vores side og service. Hvis du beslutter dig for at skrive en anmeldelse, kan du v\u00e6lge, om du vil tilf\u00f8je dit navn eller andre personlige oplysninger. Vi er nysgerrige efter vores bes\u00f8gendes meninger, men forbeholder os retten til ikke at offentligg\u00f8re bidrag, der ikke opfylder vores sidebetingelser. Hvis du svarer p\u00e5 en kampagne eller konkurrence, beder vi om dit navn, din adresse og din e-mailadresse. Vi bruger disse oplysninger til at gennemf\u00f8re kampagnen, til at annoncere prisvinderen(e) og til at m\u00e5le responsen p\u00e5 vores marketingkampagner.<\/p>\r\n\r\n\r\n\r\n<p>app16847.cloudwayssites.com giver eller s\u00e6lger ikke dine oplysninger til tredjepart<\/p>\r\n\r\n\r\n\r\n<p>app16847.cloudwayssites.com leverer eller s\u00e6lger ikke dine personlige oplysninger til tredjeparter og g\u00f8r dem kun tilg\u00e6ngelige for dem, der er involveret i at behandle din ordre. Vores medarbejdere og tredjeparter, der er engageret af os, er forpligtet til at respektere fortroligheden af dine data.<\/p>","protected":false},"excerpt":{"rendered":"<p>app16847.cloudwayssites.com waarborgt de privacy van alle gebruikers van haar site en te allen tijde wordt de persoonlijke informatie die u aan ons verschaft vertrouwelijk behandeld. Wij gebruiken uw gegevens alleen om de bestellingen zo snel en effici\u00ebnt mogelijk te laten verlopen. Voor het overige gebruiken wij deze gegevens uitsluitend met uw toestemming. app16847.cloudwayssites.com gebruikt de [&hellip;]<\/p>\n","protected":false},"author":199606847,"featured_media":0,"parent":0,"menu_order":0,"comment_status":"closed","ping_status":"closed","template":"","meta":{"site-sidebar-layout":"default","site-content-layout":"","ast-site-content-layout":"default","site-content-style":"default","site-sidebar-style":"default","ast-global-header-display":"","ast-banner-title-visibility":"","ast-main-header-display":"","ast-hfb-above-header-display":"","ast-hfb-below-header-display":"","ast-hfb-mobile-header-display":"","site-post-title":"","ast-breadcrumbs-content":"","ast-featured-img":"","footer-sml-layout":"","theme-transparent-header-meta":"default","adv-header-id-meta":"","stick-header-meta":"","header-above-stick-meta":"","header-main-stick-meta":"","header-below-stick-meta":"","astra-migrate-meta-layouts":"set","ast-page-background-enabled":"default","ast-page-background-meta":{"desktop":{"background-color":"","background-image":"","background-repeat":"repeat","background-position":"center center","background-size":"auto","background-attachment":"scroll","background-type":"","background-media":"","overlay-type":"","overlay-color":"","overlay-opacity":"","overlay-gradient":""},"tablet":{"background-color":"","background-image":"","background-repeat":"repeat","background-position":"center center","background-size":"auto","background-attachment":"scroll","background-type":"","background-media":"","overlay-type":"","overlay-color":"","overlay-opacity":"","overlay-gradient":""},"mobile":{"background-color":"","background-image":"","background-repeat":"repeat","background-position":"center center","background-size":"auto","background-attachment":"scroll","background-type":"","background-media":"","overlay-type":"","overlay-color":"","overlay-opacity":"","overlay-gradient":""}},"ast-content-background-meta":{"desktop":{"background-color":"var(--ast-global-color-5)","background-image":"","background-repeat":"repeat","background-position":"center center","background-size":"auto","background-attachment":"scroll","background-type":"","background-media":"","overlay-type":"","overlay-color":"","overlay-opacity":"","overlay-gradient":""},"tablet":{"background-color":"var(--ast-global-color-5)","background-image":"","background-repeat":"repeat","background-position":"center center","background-size":"auto","background-attachment":"scroll","background-type":"","background-media":"","overlay-type":"","overlay-color":"","overlay-opacity":"","overlay-gradient":""},"mobile":{"background-color":"var(--ast-global-color-5)","background-image":"","background-repeat":"repeat","background-position":"center center","background-size":"auto","background-attachment":"scroll","background-type":"","background-media":"","overlay-type":"","overlay-color":"","overlay-opacity":"","overlay-gradient":""}},"footnotes":""},"class_list":["post-631","page","type-page","status-publish","hentry"],"yoast_head":"<!-- This site is optimized with the Yoast SEO plugin v27.4 - https:\/\/yoast.com\/product\/yoast-seo-wordpress\/ -->\n<title>Privacy Policy &amp; Veiligheid | 3-mmckopen.nl<\/title>\n<meta name=\"description\" content=\"Jouw privacy is heilig. Lees onze Privacy Policy. Wij versturen altijd Discreet &amp; Anoniem. Veilig winkelen en betalen. Bekijk onze beleid.\" \/>\n<meta name=\"robots\" content=\"index, follow, max-snippet:-1, max-image-preview:large, max-video-preview:-1\" \/>\n<link rel=\"canonical\" href=\"https:\/\/3-mmckopen.nl\/da\/privacy-policy\/\" \/>\n<meta property=\"og:locale\" content=\"da_DK\" \/>\n<meta property=\"og:type\" content=\"article\" \/>\n<meta property=\"og:title\" content=\"Privacy Policy &amp; Veiligheid | 3-mmckopen.nl\" \/>\n<meta property=\"og:description\" content=\"Jouw privacy is heilig. Lees onze Privacy Policy. Wij versturen altijd Discreet &amp; Anoniem. Veilig winkelen en betalen. Bekijk onze beleid.\" \/>\n<meta property=\"og:url\" content=\"https:\/\/3-mmckopen.nl\/da\/privacy-policy\/\" \/>\n<meta property=\"og:site_name\" content=\"3MMC kopen\" \/>\n<meta property=\"article:modified_time\" content=\"2025-12-04T14:32:29+00:00\" \/>\n<meta property=\"og:image\" content=\"https:\/\/3-mmckopen.nl\/wp-content\/uploads\/2024\/03\/3mmckopennl.webp\" \/>\n\t<meta property=\"og:image:width\" content=\"300\" \/>\n\t<meta property=\"og:image:height\" content=\"118\" \/>\n\t<meta property=\"og:image:type\" content=\"image\/webp\" \/>\n<meta name=\"twitter:card\" content=\"summary_large_image\" \/>\n<meta name=\"twitter:label1\" content=\"Estimeret l\u00e6setid\" \/>\n\t<meta name=\"twitter:data1\" content=\"2 minutter\" \/>\n<script type=\"application\/ld+json\" class=\"yoast-schema-graph\">{\"@context\":\"https:\\\/\\\/schema.org\",\"@graph\":[{\"@type\":\"WebPage\",\"@id\":\"https:\\\/\\\/3-mmckopen.nl\\\/privacy-policy\\\/\",\"url\":\"https:\\\/\\\/3-mmckopen.nl\\\/privacy-policy\\\/\",\"name\":\"Privacy Policy & Veiligheid | 3-mmckopen.nl\",\"isPartOf\":{\"@id\":\"https:\\\/\\\/3-mmckopen.nl\\\/#website\"},\"datePublished\":\"2021-01-14T01:19:08+00:00\",\"dateModified\":\"2025-12-04T14:32:29+00:00\",\"description\":\"Jouw privacy is heilig. Lees onze Privacy Policy. Wij versturen altijd Discreet & Anoniem. Veilig winkelen en betalen. Bekijk onze beleid.\",\"breadcrumb\":{\"@id\":\"https:\\\/\\\/3-mmckopen.nl\\\/privacy-policy\\\/#breadcrumb\"},\"inLanguage\":\"da-DK\",\"potentialAction\":[{\"@type\":\"ReadAction\",\"target\":[\"https:\\\/\\\/3-mmckopen.nl\\\/privacy-policy\\\/\"]}]},{\"@type\":\"BreadcrumbList\",\"@id\":\"https:\\\/\\\/3-mmckopen.nl\\\/privacy-policy\\\/#breadcrumb\",\"itemListElement\":[{\"@type\":\"ListItem\",\"position\":1,\"name\":\"Home\",\"item\":\"https:\\\/\\\/3-mmckopen.nl\\\/\"},{\"@type\":\"ListItem\",\"position\":2,\"name\":\"Privacy Policy\"}]},{\"@type\":\"WebSite\",\"@id\":\"https:\\\/\\\/3-mmckopen.nl\\\/#website\",\"url\":\"https:\\\/\\\/3-mmckopen.nl\\\/\",\"name\":\"3MMC kopen\",\"description\":\"VOOR ALLE THUIS CHEMISI EN ONDERZOEKERS ONDER ONS\",\"publisher\":{\"@id\":\"https:\\\/\\\/3-mmckopen.nl\\\/#organization\"},\"potentialAction\":[{\"@type\":\"SearchAction\",\"target\":{\"@type\":\"EntryPoint\",\"urlTemplate\":\"https:\\\/\\\/3-mmckopen.nl\\\/?s={search_term_string}\"},\"query-input\":{\"@type\":\"PropertyValueSpecification\",\"valueRequired\":true,\"valueName\":\"search_term_string\"}}],\"inLanguage\":\"da-DK\"},{\"@type\":\"Organization\",\"@id\":\"https:\\\/\\\/3-mmckopen.nl\\\/#organization\",\"name\":\"3mmc kopen\",\"url\":\"https:\\\/\\\/3-mmckopen.nl\\\/\",\"logo\":{\"@type\":\"ImageObject\",\"inLanguage\":\"da-DK\",\"@id\":\"https:\\\/\\\/3-mmckopen.nl\\\/#\\\/schema\\\/logo\\\/image\\\/\",\"url\":\"https:\\\/\\\/3-mmckopen.nl\\\/wp-content\\\/uploads\\\/2024\\\/03\\\/3mmckopennl.webp\",\"contentUrl\":\"https:\\\/\\\/3-mmckopen.nl\\\/wp-content\\\/uploads\\\/2024\\\/03\\\/3mmckopennl.webp\",\"width\":300,\"height\":118,\"caption\":\"3mmc kopen\"},\"image\":{\"@id\":\"https:\\\/\\\/3-mmckopen.nl\\\/#\\\/schema\\\/logo\\\/image\\\/\"},\"sameAs\":[\"https:\\\/\\\/www.instagram.com\\\/dehuisprofessor\\\/\",\"https:\\\/\\\/nl.pinterest.com\\\/dehuisprofessor\\\/\",\"https:\\\/\\\/www.youtube.com\\\/channel\\\/UCsGzCVJiHsWLILEEHDzCNqA\"]}]}<\/script>\n<!-- \/ Yoast SEO plugin. -->","yoast_head_json":{"title":"Privacy Policy & Veiligheid | 3-mmckopen.nl","description":"Jouw privacy is heilig. Lees onze Privacy Policy. Wij versturen altijd Discreet & Anoniem. Veilig winkelen en betalen. Bekijk onze beleid.","robots":{"index":"index","follow":"follow","max-snippet":"max-snippet:-1","max-image-preview":"max-image-preview:large","max-video-preview":"max-video-preview:-1"},"canonical":"https:\/\/3-mmckopen.nl\/da\/privacy-policy\/","og_locale":"da_DK","og_type":"article","og_title":"Privacy Policy & Veiligheid | 3-mmckopen.nl","og_description":"Jouw privacy is heilig. Lees onze Privacy Policy. Wij versturen altijd Discreet & Anoniem. Veilig winkelen en betalen. Bekijk onze beleid.","og_url":"https:\/\/3-mmckopen.nl\/da\/privacy-policy\/","og_site_name":"3MMC kopen","article_modified_time":"2025-12-04T14:32:29+00:00","og_image":[{"width":300,"height":118,"url":"https:\/\/3-mmckopen.nl\/wp-content\/uploads\/2024\/03\/3mmckopennl.webp","type":"image\/webp"}],"twitter_card":"summary_large_image","twitter_misc":{"Estimeret l\u00e6setid":"2 minutter"},"schema":{"@context":"https:\/\/schema.org","@graph":[{"@type":"WebPage","@id":"https:\/\/3-mmckopen.nl\/privacy-policy\/","url":"https:\/\/3-mmckopen.nl\/privacy-policy\/","name":"Privacy Policy & Veiligheid | 3-mmckopen.nl","isPartOf":{"@id":"https:\/\/3-mmckopen.nl\/#website"},"datePublished":"2021-01-14T01:19:08+00:00","dateModified":"2025-12-04T14:32:29+00:00","description":"Jouw privacy is heilig. Lees onze Privacy Policy. Wij versturen altijd Discreet & Anoniem. Veilig winkelen en betalen. Bekijk onze beleid.","breadcrumb":{"@id":"https:\/\/3-mmckopen.nl\/privacy-policy\/#breadcrumb"},"inLanguage":"da-DK","potentialAction":[{"@type":"ReadAction","target":["https:\/\/3-mmckopen.nl\/privacy-policy\/"]}]},{"@type":"BreadcrumbList","@id":"https:\/\/3-mmckopen.nl\/privacy-policy\/#breadcrumb","itemListElement":[{"@type":"ListItem","position":1,"name":"Home","item":"https:\/\/3-mmckopen.nl\/"},{"@type":"ListItem","position":2,"name":"Privacy Policy"}]},{"@type":"WebSite","@id":"https:\/\/3-mmckopen.nl\/#website","url":"https:\/\/3-mmckopen.nl\/","name":"k\u00f8b 3MMC","description":"TIL ALLE HJEMKEMISI OG FORSKERE BLANDT OS","publisher":{"@id":"https:\/\/3-mmckopen.nl\/#organization"},"potentialAction":[{"@type":"SearchAction","target":{"@type":"EntryPoint","urlTemplate":"https:\/\/3-mmckopen.nl\/?s={search_term_string}"},"query-input":{"@type":"PropertyValueSpecification","valueRequired":true,"valueName":"search_term_string"}}],"inLanguage":"da-DK"},{"@type":"Organization","@id":"https:\/\/3-mmckopen.nl\/#organization","name":"3mmc kopen","url":"https:\/\/3-mmckopen.nl\/","logo":{"@type":"ImageObject","inLanguage":"da-DK","@id":"https:\/\/3-mmckopen.nl\/#\/schema\/logo\/image\/","url":"https:\/\/3-mmckopen.nl\/wp-content\/uploads\/2024\/03\/3mmckopennl.webp","contentUrl":"https:\/\/3-mmckopen.nl\/wp-content\/uploads\/2024\/03\/3mmckopennl.webp","width":300,"height":118,"caption":"3mmc kopen"},"image":{"@id":"https:\/\/3-mmckopen.nl\/#\/schema\/logo\/image\/"},"sameAs":["https:\/\/www.instagram.com\/dehuisprofessor\/","https:\/\/nl.pinterest.com\/dehuisprofessor\/","https:\/\/www.youtube.com\/channel\/UCsGzCVJiHsWLILEEHDzCNqA"]}]}},"_links":{"self":[{"href":"https:\/\/3-mmckopen.nl\/da\/wp-json\/wp\/v2\/pages\/631","targetHints":{"allow":["GET"]}}],"collection":[{"href":"https:\/\/3-mmckopen.nl\/da\/wp-json\/wp\/v2\/pages"}],"about":[{"href":"https:\/\/3-mmckopen.nl\/da\/wp-json\/wp\/v2\/types\/page"}],"author":[{"embeddable":true,"href":"https:\/\/3-mmckopen.nl\/da\/wp-json\/wp\/v2\/users\/199606847"}],"replies":[{"embeddable":true,"href":"https:\/\/3-mmckopen.nl\/da\/wp-json\/wp\/v2\/comments?post=631"}],"version-history":[{"count":1,"href":"https:\/\/3-mmckopen.nl\/da\/wp-json\/wp\/v2\/pages\/631\/revisions"}],"predecessor-version":[{"id":79031,"href":"https:\/\/3-mmckopen.nl\/da\/wp-json\/wp\/v2\/pages\/631\/revisions\/79031"}],"wp:attachment":[{"href":"https:\/\/3-mmckopen.nl\/da\/wp-json\/wp\/v2\/media?parent=631"}],"curies":[{"name":"wp","href":"https:\/\/api.w.org\/{rel}","templated":true}]}}