{"id":13024,"date":"2022-01-30T17:51:30","date_gmt":"2022-01-30T16:51:30","guid":{"rendered":"https:\/\/3-mmckopen.nl\/?post_type=product&#038;p=13024"},"modified":"2024-07-16T19:08:28","modified_gmt":"2024-07-16T17:08:28","slug":"rush-herbal-popper","status":"publish","type":"product","link":"https:\/\/3-mmckopen.nl\/da\/3mmc-kopen\/shop\/sexshop\/poppers-sexshop\/rush-herbal-popper\/","title":{"rendered":"Rush Herbal Popper"},"content":{"rendered":"<h1>K\u00f8b Rush Herbal Popper \u2013 15 ml<\/h1>\n<p>Indeholder sibirisk ginseng og ginkgo biloba. Ginkgo Biloba bidrager til kognitive funktioner.<\/p>\n<p><strong>Egenskaber:<\/strong><\/p>\n<p>\u2013 Ginseng underst\u00f8tter erektionen<\/p>\n<p>\u2013 Ginkgo Biloba hj\u00e6lper med at bevare udholdenheden.<\/p>\n<p>Rush Herbal Popper er en naturlig stimulans, for b\u00e5de kvinder og m\u00e6nd, der intensiverer oplevelsen af seksuel stimuli. For en ultimativ erotisk oplevelse.<\/p>\n<p><strong>Anvendelse:<\/strong><\/p>\n<p>Ryst godt f\u00f8r brug. Spray 3 ml (2 til 5 sprays) under tungen i cirka 15 minutter for den \u00f8nskede effekt. Tag ikke mere end 3 ml p\u00e5 24 timer.<\/p>\n<p>Overskrid ikke den daglige anbefalede portion.<\/p>\n<p><strong>Andre oplysninger:<\/strong><\/p>\n<p>Dette er et urte-, aminosyre- og vitaminpr\u00e6parat. Et kosttilskud b\u00f8r ikke bruges som erstatning for en varieret og afbalanceret kost og en sund livsstil. Opbevares utilg\u00e6ngeligt for b\u00f8rn. Opbevares k\u00f8ligt og t\u00f8rt.<\/p>","protected":false},"excerpt":{"rendered":"<p>Rush Herbal Popper kopen &#8211; 15 ml Bevat Siberische Ginseng en Ginkgo Biloba. Ginkgo Biloba draagt bij aan de cognitieve functies. Kenmerken: \u2013 Ginseng ondersteunt de erectie \u2013 Ginkgo Biloba helpt het uithoudingsvermogen te behouden. Rush Herbal Popper is een natuurlijk stimulerend middel, voor zowel vrouwen als mannen, dat de ervaring van de seksuele prikkels [&hellip;]<\/p>\n","protected":false},"featured_media":13054,"comment_status":"closed","ping_status":"closed","template":"","meta":{"site-sidebar-layout":"default","site-content-layout":"default","ast-site-content-layout":"default","site-content-style":"default","site-sidebar-style":"default","ast-global-header-display":"","ast-banner-title-visibility":"","ast-main-header-display":"","ast-hfb-above-header-display":"","ast-hfb-below-header-display":"","ast-hfb-mobile-header-display":"","site-post-title":"","ast-breadcrumbs-content":"","ast-featured-img":"","footer-sml-layout":"","theme-transparent-header-meta":"default","adv-header-id-meta":"","stick-header-meta":"","header-above-stick-meta":"","header-main-stick-meta":"","header-below-stick-meta":"","astra-migrate-meta-layouts":"default","ast-page-background-enabled":"default","ast-page-background-meta":{"desktop":{"background-color":"","background-image":"","background-repeat":"repeat","background-position":"center center","background-size":"auto","background-attachment":"scroll","background-type":"","background-media":"","overlay-type":"","overlay-color":"","overlay-opacity":"","overlay-gradient":""},"tablet":{"background-color":"","background-image":"","background-repeat":"repeat","background-position":"center center","background-size":"auto","background-attachment":"scroll","background-type":"","background-media":"","overlay-type":"","overlay-color":"","overlay-opacity":"","overlay-gradient":""},"mobile":{"background-color":"","background-image":"","background-repeat":"repeat","background-position":"center center","background-size":"auto","background-attachment":"scroll","background-type":"","background-media":"","overlay-type":"","overlay-color":"","overlay-opacity":"","overlay-gradient":""}},"ast-content-background-meta":{"desktop":{"background-color":"var(--ast-global-color-5)","background-image":"","background-repeat":"repeat","background-position":"center center","background-size":"auto","background-attachment":"scroll","background-type":"","background-media":"","overlay-type":"","overlay-color":"","overlay-opacity":"","overlay-gradient":""},"tablet":{"background-color":"var(--ast-global-color-5)","background-image":"","background-repeat":"repeat","background-position":"center center","background-size":"auto","background-attachment":"scroll","background-type":"","background-media":"","overlay-type":"","overlay-color":"","overlay-opacity":"","overlay-gradient":""},"mobile":{"background-color":"var(--ast-global-color-5)","background-image":"","background-repeat":"repeat","background-position":"center center","background-size":"auto","background-attachment":"scroll","background-type":"","background-media":"","overlay-type":"","overlay-color":"","overlay-opacity":"","overlay-gradient":""}}},"product_brand":[],"product_cat":[20515,20310],"product_tag":[20311,20312],"class_list":{"0":"post-13024","1":"product","2":"type-product","3":"status-publish","4":"has-post-thumbnail","6":"product_cat-poppers-sexshop","7":"product_cat-sexshop","8":"product_tag-erotiek","9":"product_tag-poppers","10":"desktop-align-center","11":"tablet-align-center","12":"mobile-align-center","14":"first","15":"outofstock","16":"shipping-taxable","17":"purchasable","18":"product-type-simple"},"yoast_head":"<!-- This site is optimized with the Yoast SEO plugin v27.3 - https:\/\/yoast.com\/product\/yoast-seo-wordpress\/ -->\n<title>Rush Herbal Popper Kopen? - Op=Op- 3MMC kopen<\/title>\n<meta name=\"description\" content=\"Bij 3MMC kopen kun je gemakkelijk en snel Rush Herbal Popper bestellen en morgen al onderzoeken! Voor 17:00 besteld is vandaag al verzonden. Wees er snel bij.\" \/>\n<meta name=\"robots\" content=\"index, follow, max-snippet:-1, max-image-preview:large, max-video-preview:-1\" \/>\n<link rel=\"canonical\" href=\"https:\/\/3-mmckopen.nl\/da\/3mmc-kopen\/shop\/sexshop\/poppers-sexshop\/rush-herbal-popper\/\" \/>\n<meta property=\"og:locale\" content=\"da_DK\" \/>\n<meta property=\"og:type\" content=\"article\" \/>\n<meta property=\"og:title\" content=\"Rush Herbal Popper Kopen? - Op=Op- 3MMC kopen\" \/>\n<meta property=\"og:description\" content=\"Bij 3MMC kopen kun je gemakkelijk en snel Rush Herbal Popper bestellen en morgen al onderzoeken! Voor 17:00 besteld is vandaag al verzonden. Wees er snel bij.\" \/>\n<meta property=\"og:url\" content=\"https:\/\/3-mmckopen.nl\/da\/3mmc-kopen\/shop\/sexshop\/poppers-sexshop\/rush-herbal-popper\/\" \/>\n<meta property=\"og:site_name\" content=\"3MMC kopen\" \/>\n<meta property=\"article:modified_time\" content=\"2024-07-16T17:08:28+00:00\" \/>\n<meta property=\"og:image\" content=\"https:\/\/3-mmckopen.nl\/wp-content\/uploads\/2022\/01\/2743-600x600-1.jpg\" \/>\n\t<meta property=\"og:image:width\" content=\"600\" \/>\n\t<meta property=\"og:image:height\" content=\"600\" \/>\n\t<meta property=\"og:image:type\" content=\"image\/jpeg\" \/>\n<meta name=\"twitter:card\" content=\"summary_large_image\" \/>\n<meta name=\"twitter:label1\" content=\"Estimeret l\u00e6setid\" \/>\n\t<meta name=\"twitter:data1\" content=\"1 minut\" \/>\n<script type=\"application\/ld+json\" class=\"yoast-schema-graph\">{\"@context\":\"https:\\\/\\\/schema.org\",\"@graph\":[{\"@type\":\"WebPage\",\"@id\":\"https:\\\/\\\/3-mmckopen.nl\\\/3mmc-kopen\\\/shop\\\/sexshop\\\/poppers-sexshop\\\/rush-herbal-popper\\\/\",\"url\":\"https:\\\/\\\/3-mmckopen.nl\\\/3mmc-kopen\\\/shop\\\/sexshop\\\/poppers-sexshop\\\/rush-herbal-popper\\\/\",\"name\":\"Rush Herbal Popper Kopen? - Op=Op- 3MMC kopen\",\"isPartOf\":{\"@id\":\"https:\\\/\\\/3-mmckopen.nl\\\/#website\"},\"primaryImageOfPage\":{\"@id\":\"https:\\\/\\\/3-mmckopen.nl\\\/3mmc-kopen\\\/shop\\\/sexshop\\\/poppers-sexshop\\\/rush-herbal-popper\\\/#primaryimage\"},\"image\":{\"@id\":\"https:\\\/\\\/3-mmckopen.nl\\\/3mmc-kopen\\\/shop\\\/sexshop\\\/poppers-sexshop\\\/rush-herbal-popper\\\/#primaryimage\"},\"thumbnailUrl\":\"https:\\\/\\\/3-mmckopen.nl\\\/wp-content\\\/uploads\\\/2022\\\/01\\\/2743-600x600-1.jpg\",\"datePublished\":\"2022-01-30T16:51:30+00:00\",\"dateModified\":\"2024-07-16T17:08:28+00:00\",\"description\":\"Bij 3MMC kopen kun je gemakkelijk en snel Rush Herbal Popper bestellen en morgen al onderzoeken! Voor 17:00 besteld is vandaag al verzonden. Wees er snel bij.\",\"breadcrumb\":{\"@id\":\"https:\\\/\\\/3-mmckopen.nl\\\/3mmc-kopen\\\/shop\\\/sexshop\\\/poppers-sexshop\\\/rush-herbal-popper\\\/#breadcrumb\"},\"inLanguage\":\"da-DK\",\"potentialAction\":[{\"@type\":\"ReadAction\",\"target\":[\"https:\\\/\\\/3-mmckopen.nl\\\/3mmc-kopen\\\/shop\\\/sexshop\\\/poppers-sexshop\\\/rush-herbal-popper\\\/\"]}]},{\"@type\":\"ImageObject\",\"inLanguage\":\"da-DK\",\"@id\":\"https:\\\/\\\/3-mmckopen.nl\\\/3mmc-kopen\\\/shop\\\/sexshop\\\/poppers-sexshop\\\/rush-herbal-popper\\\/#primaryimage\",\"url\":\"https:\\\/\\\/3-mmckopen.nl\\\/wp-content\\\/uploads\\\/2022\\\/01\\\/2743-600x600-1.jpg\",\"contentUrl\":\"https:\\\/\\\/3-mmckopen.nl\\\/wp-content\\\/uploads\\\/2022\\\/01\\\/2743-600x600-1.jpg\",\"width\":600,\"height\":600},{\"@type\":\"BreadcrumbList\",\"@id\":\"https:\\\/\\\/3-mmckopen.nl\\\/3mmc-kopen\\\/shop\\\/sexshop\\\/poppers-sexshop\\\/rush-herbal-popper\\\/#breadcrumb\",\"itemListElement\":[{\"@type\":\"ListItem\",\"position\":1,\"name\":\"Home\",\"item\":\"https:\\\/\\\/3-mmckopen.nl\\\/\"},{\"@type\":\"ListItem\",\"position\":2,\"name\":\"Winkel\",\"item\":\"https:\\\/\\\/3-mmckopen.nl\\\/winkel\\\/\"},{\"@type\":\"ListItem\",\"position\":3,\"name\":\"Rush Herbal Popper\"}]},{\"@type\":\"WebSite\",\"@id\":\"https:\\\/\\\/3-mmckopen.nl\\\/#website\",\"url\":\"https:\\\/\\\/3-mmckopen.nl\\\/\",\"name\":\"3MMC kopen\",\"description\":\"VOOR ALLE THUIS CHEMISI EN ONDERZOEKERS ONDER ONS\",\"publisher\":{\"@id\":\"https:\\\/\\\/3-mmckopen.nl\\\/#organization\"},\"potentialAction\":[{\"@type\":\"SearchAction\",\"target\":{\"@type\":\"EntryPoint\",\"urlTemplate\":\"https:\\\/\\\/3-mmckopen.nl\\\/?s={search_term_string}\"},\"query-input\":{\"@type\":\"PropertyValueSpecification\",\"valueRequired\":true,\"valueName\":\"search_term_string\"}}],\"inLanguage\":\"da-DK\"},{\"@type\":\"Organization\",\"@id\":\"https:\\\/\\\/3-mmckopen.nl\\\/#organization\",\"name\":\"3mmc kopen\",\"url\":\"https:\\\/\\\/3-mmckopen.nl\\\/\",\"logo\":{\"@type\":\"ImageObject\",\"inLanguage\":\"da-DK\",\"@id\":\"https:\\\/\\\/3-mmckopen.nl\\\/#\\\/schema\\\/logo\\\/image\\\/\",\"url\":\"https:\\\/\\\/3-mmckopen.nl\\\/wp-content\\\/uploads\\\/2024\\\/03\\\/3mmckopennl.webp\",\"contentUrl\":\"https:\\\/\\\/3-mmckopen.nl\\\/wp-content\\\/uploads\\\/2024\\\/03\\\/3mmckopennl.webp\",\"width\":300,\"height\":118,\"caption\":\"3mmc kopen\"},\"image\":{\"@id\":\"https:\\\/\\\/3-mmckopen.nl\\\/#\\\/schema\\\/logo\\\/image\\\/\"},\"sameAs\":[\"https:\\\/\\\/www.instagram.com\\\/dehuisprofessor\\\/\",\"https:\\\/\\\/nl.pinterest.com\\\/dehuisprofessor\\\/\",\"https:\\\/\\\/www.youtube.com\\\/channel\\\/UCsGzCVJiHsWLILEEHDzCNqA\"]}]}<\/script>\n<!-- \/ Yoast SEO plugin. -->","yoast_head_json":{"title":"Rush Herbal Popper Kopen? - Op=Op- 3MMC kopen","description":"Bij 3MMC kopen kun je gemakkelijk en snel Rush Herbal Popper bestellen en morgen al onderzoeken! Voor 17:00 besteld is vandaag al verzonden. Wees er snel bij.","robots":{"index":"index","follow":"follow","max-snippet":"max-snippet:-1","max-image-preview":"max-image-preview:large","max-video-preview":"max-video-preview:-1"},"canonical":"https:\/\/3-mmckopen.nl\/da\/3mmc-kopen\/shop\/sexshop\/poppers-sexshop\/rush-herbal-popper\/","og_locale":"da_DK","og_type":"article","og_title":"Rush Herbal Popper Kopen? - Op=Op- 3MMC kopen","og_description":"Bij 3MMC kopen kun je gemakkelijk en snel Rush Herbal Popper bestellen en morgen al onderzoeken! Voor 17:00 besteld is vandaag al verzonden. Wees er snel bij.","og_url":"https:\/\/3-mmckopen.nl\/da\/3mmc-kopen\/shop\/sexshop\/poppers-sexshop\/rush-herbal-popper\/","og_site_name":"3MMC kopen","article_modified_time":"2024-07-16T17:08:28+00:00","og_image":[{"width":600,"height":600,"url":"https:\/\/3-mmckopen.nl\/wp-content\/uploads\/2022\/01\/2743-600x600-1.jpg","type":"image\/jpeg"}],"twitter_card":"summary_large_image","twitter_misc":{"Estimeret l\u00e6setid":"1 minut"},"schema":{"@context":"https:\/\/schema.org","@graph":[{"@type":"WebPage","@id":"https:\/\/3-mmckopen.nl\/3mmc-kopen\/shop\/sexshop\/poppers-sexshop\/rush-herbal-popper\/","url":"https:\/\/3-mmckopen.nl\/3mmc-kopen\/shop\/sexshop\/poppers-sexshop\/rush-herbal-popper\/","name":"Rush Herbal Popper Kopen? - Op=Op- 3MMC kopen","isPartOf":{"@id":"https:\/\/3-mmckopen.nl\/#website"},"primaryImageOfPage":{"@id":"https:\/\/3-mmckopen.nl\/3mmc-kopen\/shop\/sexshop\/poppers-sexshop\/rush-herbal-popper\/#primaryimage"},"image":{"@id":"https:\/\/3-mmckopen.nl\/3mmc-kopen\/shop\/sexshop\/poppers-sexshop\/rush-herbal-popper\/#primaryimage"},"thumbnailUrl":"https:\/\/3-mmckopen.nl\/wp-content\/uploads\/2022\/01\/2743-600x600-1.jpg","datePublished":"2022-01-30T16:51:30+00:00","dateModified":"2024-07-16T17:08:28+00:00","description":"Bij 3MMC kopen kun je gemakkelijk en snel Rush Herbal Popper bestellen en morgen al onderzoeken! Voor 17:00 besteld is vandaag al verzonden. Wees er snel bij.","breadcrumb":{"@id":"https:\/\/3-mmckopen.nl\/3mmc-kopen\/shop\/sexshop\/poppers-sexshop\/rush-herbal-popper\/#breadcrumb"},"inLanguage":"da-DK","potentialAction":[{"@type":"ReadAction","target":["https:\/\/3-mmckopen.nl\/3mmc-kopen\/shop\/sexshop\/poppers-sexshop\/rush-herbal-popper\/"]}]},{"@type":"ImageObject","inLanguage":"da-DK","@id":"https:\/\/3-mmckopen.nl\/3mmc-kopen\/shop\/sexshop\/poppers-sexshop\/rush-herbal-popper\/#primaryimage","url":"https:\/\/3-mmckopen.nl\/wp-content\/uploads\/2022\/01\/2743-600x600-1.jpg","contentUrl":"https:\/\/3-mmckopen.nl\/wp-content\/uploads\/2022\/01\/2743-600x600-1.jpg","width":600,"height":600},{"@type":"BreadcrumbList","@id":"https:\/\/3-mmckopen.nl\/3mmc-kopen\/shop\/sexshop\/poppers-sexshop\/rush-herbal-popper\/#breadcrumb","itemListElement":[{"@type":"ListItem","position":1,"name":"Home","item":"https:\/\/3-mmckopen.nl\/"},{"@type":"ListItem","position":2,"name":"Winkel","item":"https:\/\/3-mmckopen.nl\/winkel\/"},{"@type":"ListItem","position":3,"name":"Rush Herbal Popper"}]},{"@type":"WebSite","@id":"https:\/\/3-mmckopen.nl\/#website","url":"https:\/\/3-mmckopen.nl\/","name":"k\u00f8b 3MMC","description":"TIL ALLE HJEMKEMISI OG FORSKERE BLANDT OS","publisher":{"@id":"https:\/\/3-mmckopen.nl\/#organization"},"potentialAction":[{"@type":"SearchAction","target":{"@type":"EntryPoint","urlTemplate":"https:\/\/3-mmckopen.nl\/?s={search_term_string}"},"query-input":{"@type":"PropertyValueSpecification","valueRequired":true,"valueName":"search_term_string"}}],"inLanguage":"da-DK"},{"@type":"Organization","@id":"https:\/\/3-mmckopen.nl\/#organization","name":"3mmc kopen","url":"https:\/\/3-mmckopen.nl\/","logo":{"@type":"ImageObject","inLanguage":"da-DK","@id":"https:\/\/3-mmckopen.nl\/#\/schema\/logo\/image\/","url":"https:\/\/3-mmckopen.nl\/wp-content\/uploads\/2024\/03\/3mmckopennl.webp","contentUrl":"https:\/\/3-mmckopen.nl\/wp-content\/uploads\/2024\/03\/3mmckopennl.webp","width":300,"height":118,"caption":"3mmc kopen"},"image":{"@id":"https:\/\/3-mmckopen.nl\/#\/schema\/logo\/image\/"},"sameAs":["https:\/\/www.instagram.com\/dehuisprofessor\/","https:\/\/nl.pinterest.com\/dehuisprofessor\/","https:\/\/www.youtube.com\/channel\/UCsGzCVJiHsWLILEEHDzCNqA"]}]}},"_links":{"self":[{"href":"https:\/\/3-mmckopen.nl\/da\/wp-json\/wp\/v2\/product\/13024","targetHints":{"allow":["GET"]}}],"collection":[{"href":"https:\/\/3-mmckopen.nl\/da\/wp-json\/wp\/v2\/product"}],"about":[{"href":"https:\/\/3-mmckopen.nl\/da\/wp-json\/wp\/v2\/types\/product"}],"replies":[{"embeddable":true,"href":"https:\/\/3-mmckopen.nl\/da\/wp-json\/wp\/v2\/comments?post=13024"}],"version-history":[{"count":0,"href":"https:\/\/3-mmckopen.nl\/da\/wp-json\/wp\/v2\/product\/13024\/revisions"}],"wp:featuredmedia":[{"embeddable":true,"href":"https:\/\/3-mmckopen.nl\/da\/wp-json\/wp\/v2\/media\/13054"}],"wp:attachment":[{"href":"https:\/\/3-mmckopen.nl\/da\/wp-json\/wp\/v2\/media?parent=13024"}],"wp:term":[{"taxonomy":"product_brand","embeddable":true,"href":"https:\/\/3-mmckopen.nl\/da\/wp-json\/wp\/v2\/product_brand?post=13024"},{"taxonomy":"product_cat","embeddable":true,"href":"https:\/\/3-mmckopen.nl\/da\/wp-json\/wp\/v2\/product_cat?post=13024"},{"taxonomy":"product_tag","embeddable":true,"href":"https:\/\/3-mmckopen.nl\/da\/wp-json\/wp\/v2\/product_tag?post=13024"}],"curies":[{"name":"wp","href":"https:\/\/api.w.org\/{rel}","templated":true}]}}