{"id":13052,"date":"2022-01-30T17:52:14","date_gmt":"2022-01-30T16:52:14","guid":{"rendered":"https:\/\/3-mmckopen.nl\/?post_type=product&#038;p=13052"},"modified":"2026-04-02T17:09:01","modified_gmt":"2026-04-02T15:09:01","slug":"royal-x","status":"publish","type":"product","link":"https:\/\/3-mmckopen.nl\/da\/3mmc-kopen\/shop\/smartshop\/smartdrugs\/royal-x\/","title":{"rendered":"Royal X"},"content":{"rendered":"<h1>Royal X kopen \u2013 15 ml<\/h1>\n<p>&nbsp;<\/p>\n<p><strong>Werking:<\/strong><\/p>\n<p>Liquid Royal X is een vloeibare herbal XTC. Doordat dit sterk euforische product vloeibaar wordt ingenomen zullen de eerste effecten ongeveer 15 minuten na inname optreden. De psychoactieve effecten duren ongeveer 3 tot 4 uur. Royal X kan helpen bij de energieprocessen in het lichaam en bevordert de doorbloeding van spieren en organen, ook kan het zorgen voor wat tintelingen. Daarnaast stimuleert het dopamine- en serotoninesysteem in de hersenen en zorgt in dit product voor tintelingen, euforie, vrolijkheid, een goed gevoel en een \u201cspacy\u201d effect. Kort gezegd; is het een erg goede en krachtige herbal XTC, die zorgt voor een energieke buzz, tintelingen over het gehele lichaam, gecombineerd met een heel euforisch gevoel.<\/p>\n<p><strong>Anvendelse:<\/strong>\u00a0Goed schudden totdat de inhoud volledig opgelost is. Een uur na de maaltijd innemen. Drink eerst de helft om je respons te testen. Neem na inname een glas water.<\/p>\n<p><strong>Omschrijving:<\/strong><\/p>\n<p>De Royal Lijn is door en voor McSmart ontwikkelt om op een natuurlijk basis op een ander niveau te komen. Door de ontwikkeling van deze lijn bieden we je een veilige, legale en betaalbare ervaring waarvan je zult genieten!! Door de vloeibare vorm worden de shots snel opgenomen door het lichaam en is de werking snel voelbaar. Geniet van de prachtige ervaringen die de Royals je bieden en laat je verrassen door de heerlijke eigenschappen van deze herbals.<\/p>\n<p><strong>Aanbevolen dosering:<\/strong>\u00a05 tot 15ml<\/p>\n<p><strong>Dosering:<\/strong><\/p>\n<p><strong>Mild Effect:<\/strong>\u00a0&lt; 5ml<\/p>\n<p><strong>Redelijk\/Goed Effect:<\/strong>\u00a0&gt;10ml<\/p>\n<p><strong>Sterk Effect:<\/strong>\u00a0&gt; 10-15ml<\/p>\n<p><strong>Advarsel:<\/strong><\/p>\n<p>Salg og brug er ikke tilladt under 18 \u00e5r. Holde utilg\u00e6ngeligt for b\u00f8rn. M\u00e5 ikke anvendes, hvis du har h\u00f8jt eller lavt blodtryk, hjerte- og\/eller lungeproblemer, diabetes, graviditet, hvis du tager medicin, stoffer eller alkohol.<\/p>\n<p><strong>Ingredienten:<\/strong><\/p>\n<p>Paulinia Cupana<\/p>\n<p>Citrus aurantium<\/p>\n<p>Dextro glycyrrhiza<\/p>\n<p>Kalium<\/p>\n<p>Oleum menthae<\/p>","protected":false},"excerpt":{"rendered":"<p>Royal X kopen \u2013 15 ml &nbsp; Werking: Liquid Royal X is een vloeibare herbal XTC. Doordat dit sterk euforische product vloeibaar wordt ingenomen zullen de eerste effecten ongeveer 15 minuten na inname optreden. De psychoactieve effecten duren ongeveer 3 tot 4 uur. Royal X kan helpen bij de energieprocessen in het lichaam en bevordert [&hellip;]<\/p>\n","protected":false},"featured_media":13110,"comment_status":"closed","ping_status":"closed","template":"","meta":{"site-sidebar-layout":"default","site-content-layout":"default","ast-site-content-layout":"default","site-content-style":"default","site-sidebar-style":"default","ast-global-header-display":"","ast-banner-title-visibility":"","ast-main-header-display":"","ast-hfb-above-header-display":"","ast-hfb-below-header-display":"","ast-hfb-mobile-header-display":"","site-post-title":"","ast-breadcrumbs-content":"","ast-featured-img":"","footer-sml-layout":"","theme-transparent-header-meta":"default","adv-header-id-meta":"","stick-header-meta":"","header-above-stick-meta":"","header-main-stick-meta":"","header-below-stick-meta":"","astra-migrate-meta-layouts":"set","ast-page-background-enabled":"default","ast-page-background-meta":{"desktop":{"background-color":"","background-image":"","background-repeat":"repeat","background-position":"center center","background-size":"auto","background-attachment":"scroll","background-type":"","background-media":"","overlay-type":"","overlay-color":"","overlay-opacity":"","overlay-gradient":""},"tablet":{"background-color":"","background-image":"","background-repeat":"repeat","background-position":"center center","background-size":"auto","background-attachment":"scroll","background-type":"","background-media":"","overlay-type":"","overlay-color":"","overlay-opacity":"","overlay-gradient":""},"mobile":{"background-color":"","background-image":"","background-repeat":"repeat","background-position":"center center","background-size":"auto","background-attachment":"scroll","background-type":"","background-media":"","overlay-type":"","overlay-color":"","overlay-opacity":"","overlay-gradient":""}},"ast-content-background-meta":{"desktop":{"background-color":"var(--ast-global-color-5)","background-image":"","background-repeat":"repeat","background-position":"center center","background-size":"auto","background-attachment":"scroll","background-type":"","background-media":"","overlay-type":"","overlay-color":"","overlay-opacity":"","overlay-gradient":""},"tablet":{"background-color":"var(--ast-global-color-5)","background-image":"","background-repeat":"repeat","background-position":"center center","background-size":"auto","background-attachment":"scroll","background-type":"","background-media":"","overlay-type":"","overlay-color":"","overlay-opacity":"","overlay-gradient":""},"mobile":{"background-color":"var(--ast-global-color-5)","background-image":"","background-repeat":"repeat","background-position":"center center","background-size":"auto","background-attachment":"scroll","background-type":"","background-media":"","overlay-type":"","overlay-color":"","overlay-opacity":"","overlay-gradient":""}}},"product_brand":[],"product_cat":[20319,20309],"product_tag":[20320],"class_list":{"0":"post-13052","1":"product","2":"type-product","3":"status-publish","4":"has-post-thumbnail","6":"product_cat-smartdrugs","7":"product_cat-smartshop","8":"product_tag-party-supplementen","9":"desktop-align-center","10":"tablet-align-center","11":"mobile-align-center","13":"first","14":"outofstock","15":"shipping-taxable","16":"purchasable","17":"product-type-simple"},"yoast_head":"<!-- This site is optimized with the Yoast SEO plugin v27.3 - https:\/\/yoast.com\/product\/yoast-seo-wordpress\/ -->\n<title>Royal X Kopen? - Op=Op- 3MMC kopen<\/title>\n<meta name=\"description\" content=\"Bij 3MMC kopen kun je gemakkelijk en snel Royal X bestellen en morgen al onderzoeken! Voor 17:00 besteld is vandaag al verzonden. Wees er snel bij.\" \/>\n<meta name=\"robots\" content=\"index, follow, max-snippet:-1, max-image-preview:large, max-video-preview:-1\" \/>\n<link rel=\"canonical\" href=\"https:\/\/3-mmckopen.nl\/da\/3mmc-kopen\/shop\/smartshop\/smartdrugs\/royal-x\/\" \/>\n<meta property=\"og:locale\" content=\"da_DK\" \/>\n<meta property=\"og:type\" content=\"article\" \/>\n<meta property=\"og:title\" content=\"Royal X Kopen? - Op=Op- 3MMC kopen\" \/>\n<meta property=\"og:description\" content=\"Bij 3MMC kopen kun je gemakkelijk en snel Royal X bestellen en morgen al onderzoeken! Voor 17:00 besteld is vandaag al verzonden. Wees er snel bij.\" \/>\n<meta property=\"og:url\" content=\"https:\/\/3-mmckopen.nl\/da\/3mmc-kopen\/shop\/smartshop\/smartdrugs\/royal-x\/\" \/>\n<meta property=\"og:site_name\" content=\"3MMC kopen\" \/>\n<meta property=\"article:modified_time\" content=\"2026-04-02T15:09:01+00:00\" \/>\n<meta property=\"og:image\" content=\"https:\/\/3-mmckopen.nl\/wp-content\/uploads\/2022\/01\/1507.jpg\" \/>\n\t<meta property=\"og:image:width\" content=\"900\" \/>\n\t<meta property=\"og:image:height\" content=\"900\" \/>\n\t<meta property=\"og:image:type\" content=\"image\/jpeg\" \/>\n<meta name=\"twitter:card\" content=\"summary_large_image\" \/>\n<meta name=\"twitter:label1\" content=\"Estimeret l\u00e6setid\" \/>\n\t<meta name=\"twitter:data1\" content=\"2 minutter\" \/>\n<script type=\"application\/ld+json\" class=\"yoast-schema-graph\">{\"@context\":\"https:\\\/\\\/schema.org\",\"@graph\":[{\"@type\":\"WebPage\",\"@id\":\"https:\\\/\\\/3-mmckopen.nl\\\/3mmc-kopen\\\/shop\\\/smartshop\\\/smartdrugs\\\/royal-x\\\/\",\"url\":\"https:\\\/\\\/3-mmckopen.nl\\\/3mmc-kopen\\\/shop\\\/smartshop\\\/smartdrugs\\\/royal-x\\\/\",\"name\":\"Royal X Kopen? - Op=Op- 3MMC kopen\",\"isPartOf\":{\"@id\":\"https:\\\/\\\/3-mmckopen.nl\\\/#website\"},\"primaryImageOfPage\":{\"@id\":\"https:\\\/\\\/3-mmckopen.nl\\\/3mmc-kopen\\\/shop\\\/smartshop\\\/smartdrugs\\\/royal-x\\\/#primaryimage\"},\"image\":{\"@id\":\"https:\\\/\\\/3-mmckopen.nl\\\/3mmc-kopen\\\/shop\\\/smartshop\\\/smartdrugs\\\/royal-x\\\/#primaryimage\"},\"thumbnailUrl\":\"https:\\\/\\\/3-mmckopen.nl\\\/wp-content\\\/uploads\\\/2022\\\/01\\\/1507.jpg\",\"datePublished\":\"2022-01-30T16:52:14+00:00\",\"dateModified\":\"2026-04-02T15:09:01+00:00\",\"description\":\"Bij 3MMC kopen kun je gemakkelijk en snel Royal X bestellen en morgen al onderzoeken! Voor 17:00 besteld is vandaag al verzonden. Wees er snel bij.\",\"breadcrumb\":{\"@id\":\"https:\\\/\\\/3-mmckopen.nl\\\/3mmc-kopen\\\/shop\\\/smartshop\\\/smartdrugs\\\/royal-x\\\/#breadcrumb\"},\"inLanguage\":\"da-DK\",\"potentialAction\":[{\"@type\":\"ReadAction\",\"target\":[\"https:\\\/\\\/3-mmckopen.nl\\\/3mmc-kopen\\\/shop\\\/smartshop\\\/smartdrugs\\\/royal-x\\\/\"]}]},{\"@type\":\"ImageObject\",\"inLanguage\":\"da-DK\",\"@id\":\"https:\\\/\\\/3-mmckopen.nl\\\/3mmc-kopen\\\/shop\\\/smartshop\\\/smartdrugs\\\/royal-x\\\/#primaryimage\",\"url\":\"https:\\\/\\\/3-mmckopen.nl\\\/wp-content\\\/uploads\\\/2022\\\/01\\\/1507.jpg\",\"contentUrl\":\"https:\\\/\\\/3-mmckopen.nl\\\/wp-content\\\/uploads\\\/2022\\\/01\\\/1507.jpg\",\"width\":900,\"height\":900},{\"@type\":\"BreadcrumbList\",\"@id\":\"https:\\\/\\\/3-mmckopen.nl\\\/3mmc-kopen\\\/shop\\\/smartshop\\\/smartdrugs\\\/royal-x\\\/#breadcrumb\",\"itemListElement\":[{\"@type\":\"ListItem\",\"position\":1,\"name\":\"Home\",\"item\":\"https:\\\/\\\/3-mmckopen.nl\\\/\"},{\"@type\":\"ListItem\",\"position\":2,\"name\":\"Winkel\",\"item\":\"https:\\\/\\\/3-mmckopen.nl\\\/winkel\\\/\"},{\"@type\":\"ListItem\",\"position\":3,\"name\":\"Royal X\"}]},{\"@type\":\"WebSite\",\"@id\":\"https:\\\/\\\/3-mmckopen.nl\\\/#website\",\"url\":\"https:\\\/\\\/3-mmckopen.nl\\\/\",\"name\":\"3MMC kopen\",\"description\":\"VOOR ALLE THUIS CHEMISI EN ONDERZOEKERS ONDER ONS\",\"publisher\":{\"@id\":\"https:\\\/\\\/3-mmckopen.nl\\\/#organization\"},\"potentialAction\":[{\"@type\":\"SearchAction\",\"target\":{\"@type\":\"EntryPoint\",\"urlTemplate\":\"https:\\\/\\\/3-mmckopen.nl\\\/?s={search_term_string}\"},\"query-input\":{\"@type\":\"PropertyValueSpecification\",\"valueRequired\":true,\"valueName\":\"search_term_string\"}}],\"inLanguage\":\"da-DK\"},{\"@type\":\"Organization\",\"@id\":\"https:\\\/\\\/3-mmckopen.nl\\\/#organization\",\"name\":\"3mmc kopen\",\"url\":\"https:\\\/\\\/3-mmckopen.nl\\\/\",\"logo\":{\"@type\":\"ImageObject\",\"inLanguage\":\"da-DK\",\"@id\":\"https:\\\/\\\/3-mmckopen.nl\\\/#\\\/schema\\\/logo\\\/image\\\/\",\"url\":\"https:\\\/\\\/3-mmckopen.nl\\\/wp-content\\\/uploads\\\/2024\\\/03\\\/3mmckopennl.webp\",\"contentUrl\":\"https:\\\/\\\/3-mmckopen.nl\\\/wp-content\\\/uploads\\\/2024\\\/03\\\/3mmckopennl.webp\",\"width\":300,\"height\":118,\"caption\":\"3mmc kopen\"},\"image\":{\"@id\":\"https:\\\/\\\/3-mmckopen.nl\\\/#\\\/schema\\\/logo\\\/image\\\/\"},\"sameAs\":[\"https:\\\/\\\/www.instagram.com\\\/dehuisprofessor\\\/\",\"https:\\\/\\\/nl.pinterest.com\\\/dehuisprofessor\\\/\",\"https:\\\/\\\/www.youtube.com\\\/channel\\\/UCsGzCVJiHsWLILEEHDzCNqA\"]}]}<\/script>\n<!-- \/ Yoast SEO plugin. -->","yoast_head_json":{"title":"Royal X Kopen? - Op=Op- 3MMC kopen","description":"Bij 3MMC kopen kun je gemakkelijk en snel Royal X bestellen en morgen al onderzoeken! Voor 17:00 besteld is vandaag al verzonden. Wees er snel bij.","robots":{"index":"index","follow":"follow","max-snippet":"max-snippet:-1","max-image-preview":"max-image-preview:large","max-video-preview":"max-video-preview:-1"},"canonical":"https:\/\/3-mmckopen.nl\/da\/3mmc-kopen\/shop\/smartshop\/smartdrugs\/royal-x\/","og_locale":"da_DK","og_type":"article","og_title":"Royal X Kopen? - Op=Op- 3MMC kopen","og_description":"Bij 3MMC kopen kun je gemakkelijk en snel Royal X bestellen en morgen al onderzoeken! Voor 17:00 besteld is vandaag al verzonden. Wees er snel bij.","og_url":"https:\/\/3-mmckopen.nl\/da\/3mmc-kopen\/shop\/smartshop\/smartdrugs\/royal-x\/","og_site_name":"3MMC kopen","article_modified_time":"2026-04-02T15:09:01+00:00","og_image":[{"width":900,"height":900,"url":"https:\/\/3-mmckopen.nl\/wp-content\/uploads\/2022\/01\/1507.jpg","type":"image\/jpeg"}],"twitter_card":"summary_large_image","twitter_misc":{"Estimeret l\u00e6setid":"2 minutter"},"schema":{"@context":"https:\/\/schema.org","@graph":[{"@type":"WebPage","@id":"https:\/\/3-mmckopen.nl\/3mmc-kopen\/shop\/smartshop\/smartdrugs\/royal-x\/","url":"https:\/\/3-mmckopen.nl\/3mmc-kopen\/shop\/smartshop\/smartdrugs\/royal-x\/","name":"Royal X Kopen? - Op=Op- 3MMC kopen","isPartOf":{"@id":"https:\/\/3-mmckopen.nl\/#website"},"primaryImageOfPage":{"@id":"https:\/\/3-mmckopen.nl\/3mmc-kopen\/shop\/smartshop\/smartdrugs\/royal-x\/#primaryimage"},"image":{"@id":"https:\/\/3-mmckopen.nl\/3mmc-kopen\/shop\/smartshop\/smartdrugs\/royal-x\/#primaryimage"},"thumbnailUrl":"https:\/\/3-mmckopen.nl\/wp-content\/uploads\/2022\/01\/1507.jpg","datePublished":"2022-01-30T16:52:14+00:00","dateModified":"2026-04-02T15:09:01+00:00","description":"Bij 3MMC kopen kun je gemakkelijk en snel Royal X bestellen en morgen al onderzoeken! Voor 17:00 besteld is vandaag al verzonden. Wees er snel bij.","breadcrumb":{"@id":"https:\/\/3-mmckopen.nl\/3mmc-kopen\/shop\/smartshop\/smartdrugs\/royal-x\/#breadcrumb"},"inLanguage":"da-DK","potentialAction":[{"@type":"ReadAction","target":["https:\/\/3-mmckopen.nl\/3mmc-kopen\/shop\/smartshop\/smartdrugs\/royal-x\/"]}]},{"@type":"ImageObject","inLanguage":"da-DK","@id":"https:\/\/3-mmckopen.nl\/3mmc-kopen\/shop\/smartshop\/smartdrugs\/royal-x\/#primaryimage","url":"https:\/\/3-mmckopen.nl\/wp-content\/uploads\/2022\/01\/1507.jpg","contentUrl":"https:\/\/3-mmckopen.nl\/wp-content\/uploads\/2022\/01\/1507.jpg","width":900,"height":900},{"@type":"BreadcrumbList","@id":"https:\/\/3-mmckopen.nl\/3mmc-kopen\/shop\/smartshop\/smartdrugs\/royal-x\/#breadcrumb","itemListElement":[{"@type":"ListItem","position":1,"name":"Home","item":"https:\/\/3-mmckopen.nl\/"},{"@type":"ListItem","position":2,"name":"Winkel","item":"https:\/\/3-mmckopen.nl\/winkel\/"},{"@type":"ListItem","position":3,"name":"Royal X"}]},{"@type":"WebSite","@id":"https:\/\/3-mmckopen.nl\/#website","url":"https:\/\/3-mmckopen.nl\/","name":"k\u00f8b 3MMC","description":"TIL ALLE HJEMKEMISI OG FORSKERE BLANDT OS","publisher":{"@id":"https:\/\/3-mmckopen.nl\/#organization"},"potentialAction":[{"@type":"SearchAction","target":{"@type":"EntryPoint","urlTemplate":"https:\/\/3-mmckopen.nl\/?s={search_term_string}"},"query-input":{"@type":"PropertyValueSpecification","valueRequired":true,"valueName":"search_term_string"}}],"inLanguage":"da-DK"},{"@type":"Organization","@id":"https:\/\/3-mmckopen.nl\/#organization","name":"3mmc kopen","url":"https:\/\/3-mmckopen.nl\/","logo":{"@type":"ImageObject","inLanguage":"da-DK","@id":"https:\/\/3-mmckopen.nl\/#\/schema\/logo\/image\/","url":"https:\/\/3-mmckopen.nl\/wp-content\/uploads\/2024\/03\/3mmckopennl.webp","contentUrl":"https:\/\/3-mmckopen.nl\/wp-content\/uploads\/2024\/03\/3mmckopennl.webp","width":300,"height":118,"caption":"3mmc kopen"},"image":{"@id":"https:\/\/3-mmckopen.nl\/#\/schema\/logo\/image\/"},"sameAs":["https:\/\/www.instagram.com\/dehuisprofessor\/","https:\/\/nl.pinterest.com\/dehuisprofessor\/","https:\/\/www.youtube.com\/channel\/UCsGzCVJiHsWLILEEHDzCNqA"]}]}},"_links":{"self":[{"href":"https:\/\/3-mmckopen.nl\/da\/wp-json\/wp\/v2\/product\/13052","targetHints":{"allow":["GET"]}}],"collection":[{"href":"https:\/\/3-mmckopen.nl\/da\/wp-json\/wp\/v2\/product"}],"about":[{"href":"https:\/\/3-mmckopen.nl\/da\/wp-json\/wp\/v2\/types\/product"}],"replies":[{"embeddable":true,"href":"https:\/\/3-mmckopen.nl\/da\/wp-json\/wp\/v2\/comments?post=13052"}],"version-history":[{"count":1,"href":"https:\/\/3-mmckopen.nl\/da\/wp-json\/wp\/v2\/product\/13052\/revisions"}],"predecessor-version":[{"id":72791,"href":"https:\/\/3-mmckopen.nl\/da\/wp-json\/wp\/v2\/product\/13052\/revisions\/72791"}],"wp:featuredmedia":[{"embeddable":true,"href":"https:\/\/3-mmckopen.nl\/da\/wp-json\/wp\/v2\/media\/13110"}],"wp:attachment":[{"href":"https:\/\/3-mmckopen.nl\/da\/wp-json\/wp\/v2\/media?parent=13052"}],"wp:term":[{"taxonomy":"product_brand","embeddable":true,"href":"https:\/\/3-mmckopen.nl\/da\/wp-json\/wp\/v2\/product_brand?post=13052"},{"taxonomy":"product_cat","embeddable":true,"href":"https:\/\/3-mmckopen.nl\/da\/wp-json\/wp\/v2\/product_cat?post=13052"},{"taxonomy":"product_tag","embeddable":true,"href":"https:\/\/3-mmckopen.nl\/da\/wp-json\/wp\/v2\/product_tag?post=13052"}],"curies":[{"name":"wp","href":"https:\/\/api.w.org\/{rel}","templated":true}]}}