{"id":14037,"date":"2022-03-18T22:27:18","date_gmt":"2022-03-18T21:27:18","guid":{"rendered":"https:\/\/3-mmckopen.nl\/?post_type=product&#038;p=14037"},"modified":"2026-04-16T16:07:40","modified_gmt":"2026-04-16T14:07:40","slug":"red-maeng-da-kratom","status":"publish","type":"product","link":"https:\/\/3-mmckopen.nl\/da\/3mmc-kopen\/shop\/smartshop\/kratom\/kratom-red\/red-maeng-da-kratom\/","title":{"rendered":"Red Maeng Da Kratom"},"content":{"rendered":"<h1>K\u00f8b Red Maeng Da Kratom<\/h1>\n<p><strong>INDHOLD: 50 GRAM<\/strong><\/p>\n<p>Red Maeng Da er kendt som den mest magtfulde Kratom. Det indeholder mange psykoaktive alkaloider, der for\u00e5rsager b\u00e5de fysiske og mentale virkninger. If\u00f8lge forskellige unders\u00f8gelser har denne kratom, ligesom alle Maeng Da-stammer, interessante fordele. Men det skal selvf\u00f8lgelig bruges med omtanke.<\/p>\n<p><strong>F\u00e5 mere at vide om Red Maeng Da Kratom<\/strong><\/p>\n<p>Brugen af kratom har eksisteret i \u00e5rhundreder i Asien. Maeng Da-typen dukkede dog f\u00f8rst op i slutningen af det 19. \u00e5rhundrede. S\u00e5 ledte nogle thailandske landm\u00e6nd efter et kratomtr\u00e6, der var mere modstandsdygtigt over for det varme og fugtige milj\u00f8 i Thailand. Ved at pode flere arter fik de Maeng Da. Den r\u00f8de farve skabes ved ikke kun at t\u00f8rre bladet, men ogs\u00e5 lade det g\u00e6re.<\/p>\n<p>If\u00f8lge den indonesiske videnskabsmand Slamet Wahyono, som har forsket i kratom i \u00e5revis, har det adskillige gavnlige virkninger. Med den r\u00f8de Maeng Da kan du endda t\u00e6nke p\u00e5 at s\u00e6nke blodtrykket og mindske symptomer p\u00e5 diabetes. Men det bruges ogs\u00e5 som et middel til at stimulere appetitten eller forbedre s\u00f8vnen.<\/p>\n<h3><strong>Anvendelse:<\/strong><\/h3>\n<p>Tilbered en kop te fra dette urtepr\u00e6parat ved at opl\u00f8se 4 til 5 gram i kogt vand ved 70 \u2013 95 grader. Den anbefalede tid til at tr\u00e6kke er mellem 3 til 5 minutter. Teen skal ikke filtreres, alt kan indtages.<\/p>\n<h3><strong>Advarsel:<\/strong><\/h3>\n<p>Salg og brug er ikke tilladt under 18 \u00e5r. Holde utilg\u00e6ngeligt for b\u00f8rn. M\u00e5 ikke anvendes, hvis du har h\u00f8jt eller lavt blodtryk, hjerte- og\/eller lungeproblemer, diabetes, graviditet, hvis du tager medicin, stoffer eller alkohol.<\/p>\n<p>Anbefalet dosering: 4 til 5 gram<\/p>\n<p><strong>Dosering:<\/strong><\/p>\n<p>Udover din egen kropsv\u00e6gt og f\u00f8lsomhed afh\u00e6nger doseringen ogs\u00e5 meget af kratomets styrke. Normalt burde 5-10 gram t\u00f8rrede blade v\u00e6re nok til uerfarne brugere. Doseringen kan v\u00e6re lidt lavere med kratompulver, som normalt er st\u00e6rkere end almindelige blade (3-5 gram). Det samme g\u00e6lder ekstrakt. Kratom er ikke vanedannende, hvis det bruges ansvarligt og ikke mere end en eller to gange om m\u00e5neden. Mere erfarne brugere vil f\u00f8le behovet for at \u00f8ge dosis efter nogen tid.<\/p>\n<p>&nbsp;<\/p>","protected":false},"excerpt":{"rendered":"<p>Red Maeng Da Kratom kopen INHOUD: 50 GRAM Rode Maeng Da staat bekend als de krachtigste Kratom. Het bevat veel psychoactieve alkalo\u00efden die zowel lichamelijke als mentale effecten veroorzaken. Volgens diverse onderzoeken heeft deze kratom, zoals alle Maeng Da soorten, interessante voordelen. Maar het moet uiteraard wel met zorg worden gebruikt. Meer informatie over Red [&hellip;]<\/p>\n","protected":false},"featured_media":14080,"comment_status":"closed","ping_status":"closed","template":"","meta":{"site-sidebar-layout":"default","site-content-layout":"default","ast-site-content-layout":"default","site-content-style":"default","site-sidebar-style":"default","ast-global-header-display":"","ast-banner-title-visibility":"","ast-main-header-display":"","ast-hfb-above-header-display":"","ast-hfb-below-header-display":"","ast-hfb-mobile-header-display":"","site-post-title":"","ast-breadcrumbs-content":"","ast-featured-img":"","footer-sml-layout":"","theme-transparent-header-meta":"default","adv-header-id-meta":"","stick-header-meta":"","header-above-stick-meta":"","header-main-stick-meta":"","header-below-stick-meta":"","astra-migrate-meta-layouts":"default","ast-page-background-enabled":"default","ast-page-background-meta":{"desktop":{"background-color":"","background-image":"","background-repeat":"repeat","background-position":"center center","background-size":"auto","background-attachment":"scroll","background-type":"","background-media":"","overlay-type":"","overlay-color":"","overlay-opacity":"","overlay-gradient":""},"tablet":{"background-color":"","background-image":"","background-repeat":"repeat","background-position":"center center","background-size":"auto","background-attachment":"scroll","background-type":"","background-media":"","overlay-type":"","overlay-color":"","overlay-opacity":"","overlay-gradient":""},"mobile":{"background-color":"","background-image":"","background-repeat":"repeat","background-position":"center center","background-size":"auto","background-attachment":"scroll","background-type":"","background-media":"","overlay-type":"","overlay-color":"","overlay-opacity":"","overlay-gradient":""}},"ast-content-background-meta":{"desktop":{"background-color":"var(--ast-global-color-5)","background-image":"","background-repeat":"repeat","background-position":"center center","background-size":"auto","background-attachment":"scroll","background-type":"","background-media":"","overlay-type":"","overlay-color":"","overlay-opacity":"","overlay-gradient":""},"tablet":{"background-color":"var(--ast-global-color-5)","background-image":"","background-repeat":"repeat","background-position":"center center","background-size":"auto","background-attachment":"scroll","background-type":"","background-media":"","overlay-type":"","overlay-color":"","overlay-opacity":"","overlay-gradient":""},"mobile":{"background-color":"var(--ast-global-color-5)","background-image":"","background-repeat":"repeat","background-position":"center center","background-size":"auto","background-attachment":"scroll","background-type":"","background-media":"","overlay-type":"","overlay-color":"","overlay-opacity":"","overlay-gradient":""}}},"product_brand":[],"product_cat":[20356,20360,20309],"product_tag":[20359,20361],"class_list":{"0":"post-14037","1":"product","2":"type-product","3":"status-publish","4":"has-post-thumbnail","6":"product_cat-kratom","7":"product_cat-kratom-red","8":"product_cat-smartshop","9":"product_tag-kratom","10":"product_tag-red-kratom","11":"desktop-align-center","12":"tablet-align-center","13":"mobile-align-center","15":"first","16":"instock","17":"shipping-taxable","18":"purchasable","19":"product-type-simple"},"yoast_head":"<!-- This site is optimized with the Yoast SEO plugin v27.4 - https:\/\/yoast.com\/product\/yoast-seo-wordpress\/ -->\n<title>Red Maeng Da Kratom Kopen? - Op=Op- 3MMC kopen<\/title>\n<meta name=\"description\" content=\"Bij 3MMC kopen kun je gemakkelijk en snel Red Maeng Da Kratom bestellen en morgen al onderzoeken! Voor 17:00 besteld is vandaag al verzonden. Wees er snel bij.\" \/>\n<meta name=\"robots\" content=\"index, follow, max-snippet:-1, max-image-preview:large, max-video-preview:-1\" \/>\n<link rel=\"canonical\" href=\"https:\/\/3-mmckopen.nl\/da\/3mmc-kopen\/shop\/smartshop\/kratom\/kratom-red\/red-maeng-da-kratom\/\" \/>\n<meta property=\"og:locale\" content=\"da_DK\" \/>\n<meta property=\"og:type\" content=\"article\" \/>\n<meta property=\"og:title\" content=\"Red Maeng Da Kratom Kopen? - Op=Op- 3MMC kopen\" \/>\n<meta property=\"og:description\" content=\"Bij 3MMC kopen kun je gemakkelijk en snel Red Maeng Da Kratom bestellen en morgen al onderzoeken! Voor 17:00 besteld is vandaag al verzonden. Wees er snel bij.\" \/>\n<meta property=\"og:url\" content=\"https:\/\/3-mmckopen.nl\/da\/3mmc-kopen\/shop\/smartshop\/kratom\/kratom-red\/red-maeng-da-kratom\/\" \/>\n<meta property=\"og:site_name\" content=\"3MMC kopen\" \/>\n<meta property=\"article:modified_time\" content=\"2026-04-16T14:07:40+00:00\" \/>\n<meta property=\"og:image\" content=\"https:\/\/3-mmckopen.nl\/wp-content\/uploads\/2022\/03\/3863-2-600x600-1.jpg\" \/>\n\t<meta property=\"og:image:width\" content=\"600\" \/>\n\t<meta property=\"og:image:height\" content=\"600\" \/>\n\t<meta property=\"og:image:type\" content=\"image\/jpeg\" \/>\n<meta name=\"twitter:card\" content=\"summary_large_image\" \/>\n<meta name=\"twitter:label1\" content=\"Estimeret l\u00e6setid\" \/>\n\t<meta name=\"twitter:data1\" content=\"2 minutter\" \/>\n<script type=\"application\/ld+json\" class=\"yoast-schema-graph\">{\"@context\":\"https:\\\/\\\/schema.org\",\"@graph\":[{\"@type\":\"WebPage\",\"@id\":\"https:\\\/\\\/3-mmckopen.nl\\\/3mmc-kopen\\\/shop\\\/smartshop\\\/kratom\\\/kratom-red\\\/red-maeng-da-kratom\\\/\",\"url\":\"https:\\\/\\\/3-mmckopen.nl\\\/3mmc-kopen\\\/shop\\\/smartshop\\\/kratom\\\/kratom-red\\\/red-maeng-da-kratom\\\/\",\"name\":\"Red Maeng Da Kratom Kopen? - Op=Op- 3MMC kopen\",\"isPartOf\":{\"@id\":\"https:\\\/\\\/3-mmckopen.nl\\\/#website\"},\"primaryImageOfPage\":{\"@id\":\"https:\\\/\\\/3-mmckopen.nl\\\/3mmc-kopen\\\/shop\\\/smartshop\\\/kratom\\\/kratom-red\\\/red-maeng-da-kratom\\\/#primaryimage\"},\"image\":{\"@id\":\"https:\\\/\\\/3-mmckopen.nl\\\/3mmc-kopen\\\/shop\\\/smartshop\\\/kratom\\\/kratom-red\\\/red-maeng-da-kratom\\\/#primaryimage\"},\"thumbnailUrl\":\"https:\\\/\\\/3-mmckopen.nl\\\/wp-content\\\/uploads\\\/2022\\\/03\\\/3863-2-600x600-1.jpg\",\"datePublished\":\"2022-03-18T21:27:18+00:00\",\"dateModified\":\"2026-04-16T14:07:40+00:00\",\"description\":\"Bij 3MMC kopen kun je gemakkelijk en snel Red Maeng Da Kratom bestellen en morgen al onderzoeken! Voor 17:00 besteld is vandaag al verzonden. Wees er snel bij.\",\"breadcrumb\":{\"@id\":\"https:\\\/\\\/3-mmckopen.nl\\\/3mmc-kopen\\\/shop\\\/smartshop\\\/kratom\\\/kratom-red\\\/red-maeng-da-kratom\\\/#breadcrumb\"},\"inLanguage\":\"da-DK\",\"potentialAction\":[{\"@type\":\"ReadAction\",\"target\":[\"https:\\\/\\\/3-mmckopen.nl\\\/3mmc-kopen\\\/shop\\\/smartshop\\\/kratom\\\/kratom-red\\\/red-maeng-da-kratom\\\/\"]}]},{\"@type\":\"ImageObject\",\"inLanguage\":\"da-DK\",\"@id\":\"https:\\\/\\\/3-mmckopen.nl\\\/3mmc-kopen\\\/shop\\\/smartshop\\\/kratom\\\/kratom-red\\\/red-maeng-da-kratom\\\/#primaryimage\",\"url\":\"https:\\\/\\\/3-mmckopen.nl\\\/wp-content\\\/uploads\\\/2022\\\/03\\\/3863-2-600x600-1.jpg\",\"contentUrl\":\"https:\\\/\\\/3-mmckopen.nl\\\/wp-content\\\/uploads\\\/2022\\\/03\\\/3863-2-600x600-1.jpg\",\"width\":600,\"height\":600},{\"@type\":\"BreadcrumbList\",\"@id\":\"https:\\\/\\\/3-mmckopen.nl\\\/3mmc-kopen\\\/shop\\\/smartshop\\\/kratom\\\/kratom-red\\\/red-maeng-da-kratom\\\/#breadcrumb\",\"itemListElement\":[{\"@type\":\"ListItem\",\"position\":1,\"name\":\"Home\",\"item\":\"https:\\\/\\\/3-mmckopen.nl\\\/\"},{\"@type\":\"ListItem\",\"position\":2,\"name\":\"Winkel\",\"item\":\"https:\\\/\\\/3-mmckopen.nl\\\/winkel\\\/\"},{\"@type\":\"ListItem\",\"position\":3,\"name\":\"Red Maeng Da Kratom\"}]},{\"@type\":\"WebSite\",\"@id\":\"https:\\\/\\\/3-mmckopen.nl\\\/#website\",\"url\":\"https:\\\/\\\/3-mmckopen.nl\\\/\",\"name\":\"3MMC kopen\",\"description\":\"VOOR ALLE THUIS CHEMISI EN ONDERZOEKERS ONDER ONS\",\"publisher\":{\"@id\":\"https:\\\/\\\/3-mmckopen.nl\\\/#organization\"},\"potentialAction\":[{\"@type\":\"SearchAction\",\"target\":{\"@type\":\"EntryPoint\",\"urlTemplate\":\"https:\\\/\\\/3-mmckopen.nl\\\/?s={search_term_string}\"},\"query-input\":{\"@type\":\"PropertyValueSpecification\",\"valueRequired\":true,\"valueName\":\"search_term_string\"}}],\"inLanguage\":\"da-DK\"},{\"@type\":\"Organization\",\"@id\":\"https:\\\/\\\/3-mmckopen.nl\\\/#organization\",\"name\":\"3mmc kopen\",\"url\":\"https:\\\/\\\/3-mmckopen.nl\\\/\",\"logo\":{\"@type\":\"ImageObject\",\"inLanguage\":\"da-DK\",\"@id\":\"https:\\\/\\\/3-mmckopen.nl\\\/#\\\/schema\\\/logo\\\/image\\\/\",\"url\":\"https:\\\/\\\/3-mmckopen.nl\\\/wp-content\\\/uploads\\\/2024\\\/03\\\/3mmckopennl.webp\",\"contentUrl\":\"https:\\\/\\\/3-mmckopen.nl\\\/wp-content\\\/uploads\\\/2024\\\/03\\\/3mmckopennl.webp\",\"width\":300,\"height\":118,\"caption\":\"3mmc kopen\"},\"image\":{\"@id\":\"https:\\\/\\\/3-mmckopen.nl\\\/#\\\/schema\\\/logo\\\/image\\\/\"},\"sameAs\":[\"https:\\\/\\\/www.instagram.com\\\/dehuisprofessor\\\/\",\"https:\\\/\\\/nl.pinterest.com\\\/dehuisprofessor\\\/\",\"https:\\\/\\\/www.youtube.com\\\/channel\\\/UCsGzCVJiHsWLILEEHDzCNqA\"]}]}<\/script>\n<!-- \/ Yoast SEO plugin. -->","yoast_head_json":{"title":"Red Maeng Da Kratom Kopen? - Op=Op- 3MMC kopen","description":"Bij 3MMC kopen kun je gemakkelijk en snel Red Maeng Da Kratom bestellen en morgen al onderzoeken! Voor 17:00 besteld is vandaag al verzonden. Wees er snel bij.","robots":{"index":"index","follow":"follow","max-snippet":"max-snippet:-1","max-image-preview":"max-image-preview:large","max-video-preview":"max-video-preview:-1"},"canonical":"https:\/\/3-mmckopen.nl\/da\/3mmc-kopen\/shop\/smartshop\/kratom\/kratom-red\/red-maeng-da-kratom\/","og_locale":"da_DK","og_type":"article","og_title":"Red Maeng Da Kratom Kopen? - Op=Op- 3MMC kopen","og_description":"Bij 3MMC kopen kun je gemakkelijk en snel Red Maeng Da Kratom bestellen en morgen al onderzoeken! Voor 17:00 besteld is vandaag al verzonden. Wees er snel bij.","og_url":"https:\/\/3-mmckopen.nl\/da\/3mmc-kopen\/shop\/smartshop\/kratom\/kratom-red\/red-maeng-da-kratom\/","og_site_name":"3MMC kopen","article_modified_time":"2026-04-16T14:07:40+00:00","og_image":[{"width":600,"height":600,"url":"https:\/\/3-mmckopen.nl\/wp-content\/uploads\/2022\/03\/3863-2-600x600-1.jpg","type":"image\/jpeg"}],"twitter_card":"summary_large_image","twitter_misc":{"Estimeret l\u00e6setid":"2 minutter"},"schema":{"@context":"https:\/\/schema.org","@graph":[{"@type":"WebPage","@id":"https:\/\/3-mmckopen.nl\/3mmc-kopen\/shop\/smartshop\/kratom\/kratom-red\/red-maeng-da-kratom\/","url":"https:\/\/3-mmckopen.nl\/3mmc-kopen\/shop\/smartshop\/kratom\/kratom-red\/red-maeng-da-kratom\/","name":"Red Maeng Da Kratom Kopen? - Op=Op- 3MMC kopen","isPartOf":{"@id":"https:\/\/3-mmckopen.nl\/#website"},"primaryImageOfPage":{"@id":"https:\/\/3-mmckopen.nl\/3mmc-kopen\/shop\/smartshop\/kratom\/kratom-red\/red-maeng-da-kratom\/#primaryimage"},"image":{"@id":"https:\/\/3-mmckopen.nl\/3mmc-kopen\/shop\/smartshop\/kratom\/kratom-red\/red-maeng-da-kratom\/#primaryimage"},"thumbnailUrl":"https:\/\/3-mmckopen.nl\/wp-content\/uploads\/2022\/03\/3863-2-600x600-1.jpg","datePublished":"2022-03-18T21:27:18+00:00","dateModified":"2026-04-16T14:07:40+00:00","description":"Bij 3MMC kopen kun je gemakkelijk en snel Red Maeng Da Kratom bestellen en morgen al onderzoeken! Voor 17:00 besteld is vandaag al verzonden. Wees er snel bij.","breadcrumb":{"@id":"https:\/\/3-mmckopen.nl\/3mmc-kopen\/shop\/smartshop\/kratom\/kratom-red\/red-maeng-da-kratom\/#breadcrumb"},"inLanguage":"da-DK","potentialAction":[{"@type":"ReadAction","target":["https:\/\/3-mmckopen.nl\/3mmc-kopen\/shop\/smartshop\/kratom\/kratom-red\/red-maeng-da-kratom\/"]}]},{"@type":"ImageObject","inLanguage":"da-DK","@id":"https:\/\/3-mmckopen.nl\/3mmc-kopen\/shop\/smartshop\/kratom\/kratom-red\/red-maeng-da-kratom\/#primaryimage","url":"https:\/\/3-mmckopen.nl\/wp-content\/uploads\/2022\/03\/3863-2-600x600-1.jpg","contentUrl":"https:\/\/3-mmckopen.nl\/wp-content\/uploads\/2022\/03\/3863-2-600x600-1.jpg","width":600,"height":600},{"@type":"BreadcrumbList","@id":"https:\/\/3-mmckopen.nl\/3mmc-kopen\/shop\/smartshop\/kratom\/kratom-red\/red-maeng-da-kratom\/#breadcrumb","itemListElement":[{"@type":"ListItem","position":1,"name":"Home","item":"https:\/\/3-mmckopen.nl\/"},{"@type":"ListItem","position":2,"name":"Winkel","item":"https:\/\/3-mmckopen.nl\/winkel\/"},{"@type":"ListItem","position":3,"name":"Red Maeng Da Kratom"}]},{"@type":"WebSite","@id":"https:\/\/3-mmckopen.nl\/#website","url":"https:\/\/3-mmckopen.nl\/","name":"k\u00f8b 3MMC","description":"TIL ALLE HJEMKEMISI OG FORSKERE BLANDT OS","publisher":{"@id":"https:\/\/3-mmckopen.nl\/#organization"},"potentialAction":[{"@type":"SearchAction","target":{"@type":"EntryPoint","urlTemplate":"https:\/\/3-mmckopen.nl\/?s={search_term_string}"},"query-input":{"@type":"PropertyValueSpecification","valueRequired":true,"valueName":"search_term_string"}}],"inLanguage":"da-DK"},{"@type":"Organization","@id":"https:\/\/3-mmckopen.nl\/#organization","name":"3mmc kopen","url":"https:\/\/3-mmckopen.nl\/","logo":{"@type":"ImageObject","inLanguage":"da-DK","@id":"https:\/\/3-mmckopen.nl\/#\/schema\/logo\/image\/","url":"https:\/\/3-mmckopen.nl\/wp-content\/uploads\/2024\/03\/3mmckopennl.webp","contentUrl":"https:\/\/3-mmckopen.nl\/wp-content\/uploads\/2024\/03\/3mmckopennl.webp","width":300,"height":118,"caption":"3mmc kopen"},"image":{"@id":"https:\/\/3-mmckopen.nl\/#\/schema\/logo\/image\/"},"sameAs":["https:\/\/www.instagram.com\/dehuisprofessor\/","https:\/\/nl.pinterest.com\/dehuisprofessor\/","https:\/\/www.youtube.com\/channel\/UCsGzCVJiHsWLILEEHDzCNqA"]}]}},"_links":{"self":[{"href":"https:\/\/3-mmckopen.nl\/da\/wp-json\/wp\/v2\/product\/14037","targetHints":{"allow":["GET"]}}],"collection":[{"href":"https:\/\/3-mmckopen.nl\/da\/wp-json\/wp\/v2\/product"}],"about":[{"href":"https:\/\/3-mmckopen.nl\/da\/wp-json\/wp\/v2\/types\/product"}],"replies":[{"embeddable":true,"href":"https:\/\/3-mmckopen.nl\/da\/wp-json\/wp\/v2\/comments?post=14037"}],"version-history":[{"count":0,"href":"https:\/\/3-mmckopen.nl\/da\/wp-json\/wp\/v2\/product\/14037\/revisions"}],"wp:featuredmedia":[{"embeddable":true,"href":"https:\/\/3-mmckopen.nl\/da\/wp-json\/wp\/v2\/media\/14080"}],"wp:attachment":[{"href":"https:\/\/3-mmckopen.nl\/da\/wp-json\/wp\/v2\/media?parent=14037"}],"wp:term":[{"taxonomy":"product_brand","embeddable":true,"href":"https:\/\/3-mmckopen.nl\/da\/wp-json\/wp\/v2\/product_brand?post=14037"},{"taxonomy":"product_cat","embeddable":true,"href":"https:\/\/3-mmckopen.nl\/da\/wp-json\/wp\/v2\/product_cat?post=14037"},{"taxonomy":"product_tag","embeddable":true,"href":"https:\/\/3-mmckopen.nl\/da\/wp-json\/wp\/v2\/product_tag?post=14037"}],"curies":[{"name":"wp","href":"https:\/\/api.w.org\/{rel}","templated":true}]}}