{"id":31188,"date":"2023-11-13T12:26:22","date_gmt":"2023-11-13T11:26:22","guid":{"rendered":"https:\/\/3-mmckopen.nl\/?post_type=product&#038;p=31188"},"modified":"2024-08-01T14:19:25","modified_gmt":"2024-08-01T12:19:25","slug":"a-pcyp","status":"publish","type":"product","link":"https:\/\/3-mmckopen.nl\/da\/3mmc-kopen\/shop\/geen-categorie\/a-pcyp\/","title":{"rendered":"A-PCYP"},"content":{"rendered":"<h2>A-PCYP INFORMATIE<\/h2>\n<p>A-PCYP mag uitsluitend gebruikt worden voor research doeleinden<\/p>\n<p>&nbsp;<\/p>\n<h3>GEVARENAANDUIDINGEN A-PCYP:<\/h3>\n<ul>\n<li>HET KAN LEIDEN TOT IRRITATIE VAN DE LUCHTWEGEN EN IRRITATIE VAN DE OGEN. NOOIT RESEARCH CHEMICALS LOZEN IN HET MILIEU.<\/li>\n<\/ul>\n<p>&nbsp;<\/p>\n<h3>VEILIGHEIDSAANBEVELINGEN A-PCYP:<\/h3>\n<p>VED KONTAKT MED \u00d8JNENE: Skyl forsigtigt med vand i mindst 10 til 15 minutter, fjern kontaktlinser om n\u00f8dvendigt. Ved hudkontakt: Skyl med vand, om muligt ogs\u00e5 med s\u00e6be. Ved ind\u00e5nding: F\u00e5 frisk luft og indtag en stilling, der fremmer vejrtr\u00e6kningen.<\/p>\n<ul>\n<li>Niet blootstellen aan hittebronnen. Bewaar het in een droge omgeving bij kamertemperatuur en opslaan in een goede verpakking en buiten het bereik van kinderen bewaren. Een goede stabiliteit van de poeder bij bovengenoemde condities kan tot 2 jaren duren.<\/li>\n<\/ul>","protected":false},"excerpt":{"rendered":"<p>A-PCYP INFORMATIE A-PCYP mag uitsluitend gebruikt worden voor research doeleinden &nbsp; GEVARENAANDUIDINGEN A-PCYP: HET KAN LEIDEN TOT IRRITATIE VAN DE LUCHTWEGEN EN IRRITATIE VAN DE OGEN. NOOIT RESEARCH CHEMICALS LOZEN IN HET MILIEU. &nbsp; VEILIGHEIDSAANBEVELINGEN A-PCYP: BIJ CONTACT met de ogen: Minimaal 10 tot 15 minuten voorzichtig afspoelen met water, eventueel contactlenzen verwijderen. Bij contact [&hellip;]<\/p>\n","protected":false},"featured_media":23171,"comment_status":"closed","ping_status":"closed","template":"","meta":{"site-sidebar-layout":"default","site-content-layout":"","ast-site-content-layout":"default","site-content-style":"default","site-sidebar-style":"default","ast-global-header-display":"","ast-banner-title-visibility":"","ast-main-header-display":"","ast-hfb-above-header-display":"","ast-hfb-below-header-display":"","ast-hfb-mobile-header-display":"","site-post-title":"","ast-breadcrumbs-content":"","ast-featured-img":"","footer-sml-layout":"","theme-transparent-header-meta":"default","adv-header-id-meta":"","stick-header-meta":"","header-above-stick-meta":"","header-main-stick-meta":"","header-below-stick-meta":"","astra-migrate-meta-layouts":"set","ast-page-background-enabled":"default","ast-page-background-meta":{"desktop":{"background-color":"","background-image":"","background-repeat":"repeat","background-position":"center center","background-size":"auto","background-attachment":"scroll","background-type":"","background-media":"","overlay-type":"","overlay-color":"","overlay-opacity":"","overlay-gradient":""},"tablet":{"background-color":"","background-image":"","background-repeat":"repeat","background-position":"center center","background-size":"auto","background-attachment":"scroll","background-type":"","background-media":"","overlay-type":"","overlay-color":"","overlay-opacity":"","overlay-gradient":""},"mobile":{"background-color":"","background-image":"","background-repeat":"repeat","background-position":"center center","background-size":"auto","background-attachment":"scroll","background-type":"","background-media":"","overlay-type":"","overlay-color":"","overlay-opacity":"","overlay-gradient":""}},"ast-content-background-meta":{"desktop":{"background-color":"var(--ast-global-color-5)","background-image":"","background-repeat":"repeat","background-position":"center center","background-size":"auto","background-attachment":"scroll","background-type":"","background-media":"","overlay-type":"","overlay-color":"","overlay-opacity":"","overlay-gradient":""},"tablet":{"background-color":"var(--ast-global-color-5)","background-image":"","background-repeat":"repeat","background-position":"center center","background-size":"auto","background-attachment":"scroll","background-type":"","background-media":"","overlay-type":"","overlay-color":"","overlay-opacity":"","overlay-gradient":""},"mobile":{"background-color":"var(--ast-global-color-5)","background-image":"","background-repeat":"repeat","background-position":"center center","background-size":"auto","background-attachment":"scroll","background-type":"","background-media":"","overlay-type":"","overlay-color":"","overlay-opacity":"","overlay-gradient":""}}},"product_brand":[],"product_cat":[20669],"product_tag":[],"class_list":{"0":"post-31188","1":"product","2":"type-product","3":"status-publish","4":"has-post-thumbnail","6":"product_cat-geen-categorie","7":"desktop-align-center","8":"tablet-align-center","9":"mobile-align-center","11":"first","12":"outofstock","13":"shipping-taxable","14":"purchasable","15":"product-type-variable"},"yoast_head":"<!-- This site is optimized with the Yoast SEO plugin v27.3 - https:\/\/yoast.com\/product\/yoast-seo-wordpress\/ -->\n<title>A-PCYP Kopen? - Op=Op- 3MMC kopen<\/title>\n<meta name=\"description\" content=\"Bij 3MMC kopen kun je gemakkelijk en snel A-PCYP bestellen en morgen al onderzoeken! Voor 17:00 besteld is vandaag al verzonden. Wees er snel bij.\" \/>\n<meta name=\"robots\" content=\"index, follow, max-snippet:-1, max-image-preview:large, max-video-preview:-1\" \/>\n<link rel=\"canonical\" href=\"https:\/\/3-mmckopen.nl\/da\/3mmc-kopen\/shop\/niet-gecategoriseerd\/a-pcyp\/\" \/>\n<meta property=\"og:locale\" content=\"da_DK\" \/>\n<meta property=\"og:type\" content=\"article\" \/>\n<meta property=\"og:title\" content=\"A-PCYP Kopen? - Op=Op- 3MMC kopen\" \/>\n<meta property=\"og:description\" content=\"Bij 3MMC kopen kun je gemakkelijk en snel A-PCYP bestellen en morgen al onderzoeken! Voor 17:00 besteld is vandaag al verzonden. Wees er snel bij.\" \/>\n<meta property=\"og:url\" content=\"https:\/\/3-mmckopen.nl\/da\/3mmc-kopen\/shop\/niet-gecategoriseerd\/a-pcyp\/\" \/>\n<meta property=\"og:site_name\" content=\"3MMC kopen\" \/>\n<meta property=\"article:modified_time\" content=\"2024-08-01T12:19:25+00:00\" \/>\n<meta property=\"og:image\" content=\"https:\/\/3-mmckopen.nl\/wp-content\/uploads\/2023\/04\/5-meo-dmt.png\" \/>\n\t<meta property=\"og:image:width\" content=\"1600\" \/>\n\t<meta property=\"og:image:height\" content=\"900\" \/>\n\t<meta property=\"og:image:type\" content=\"image\/png\" \/>\n<meta name=\"twitter:card\" content=\"summary_large_image\" \/>\n<meta name=\"twitter:label1\" content=\"Estimeret l\u00e6setid\" \/>\n\t<meta name=\"twitter:data1\" content=\"1 minut\" \/>\n<script type=\"application\/ld+json\" class=\"yoast-schema-graph\">{\"@context\":\"https:\\\/\\\/schema.org\",\"@graph\":[{\"@type\":\"WebPage\",\"@id\":\"https:\\\/\\\/3-mmckopen.nl\\\/3mmc-kopen\\\/shop\\\/niet-gecategoriseerd\\\/a-pcyp\\\/\",\"url\":\"https:\\\/\\\/3-mmckopen.nl\\\/3mmc-kopen\\\/shop\\\/niet-gecategoriseerd\\\/a-pcyp\\\/\",\"name\":\"A-PCYP Kopen? - Op=Op- 3MMC kopen\",\"isPartOf\":{\"@id\":\"https:\\\/\\\/3-mmckopen.nl\\\/#website\"},\"primaryImageOfPage\":{\"@id\":\"https:\\\/\\\/3-mmckopen.nl\\\/3mmc-kopen\\\/shop\\\/niet-gecategoriseerd\\\/a-pcyp\\\/#primaryimage\"},\"image\":{\"@id\":\"https:\\\/\\\/3-mmckopen.nl\\\/3mmc-kopen\\\/shop\\\/niet-gecategoriseerd\\\/a-pcyp\\\/#primaryimage\"},\"thumbnailUrl\":\"https:\\\/\\\/3-mmckopen.nl\\\/wp-content\\\/uploads\\\/2023\\\/04\\\/5-meo-dmt.png\",\"datePublished\":\"2023-11-13T11:26:22+00:00\",\"dateModified\":\"2024-08-01T12:19:25+00:00\",\"description\":\"Bij 3MMC kopen kun je gemakkelijk en snel A-PCYP bestellen en morgen al onderzoeken! Voor 17:00 besteld is vandaag al verzonden. Wees er snel bij.\",\"breadcrumb\":{\"@id\":\"https:\\\/\\\/3-mmckopen.nl\\\/3mmc-kopen\\\/shop\\\/niet-gecategoriseerd\\\/a-pcyp\\\/#breadcrumb\"},\"inLanguage\":\"da-DK\",\"potentialAction\":[{\"@type\":\"ReadAction\",\"target\":[\"https:\\\/\\\/3-mmckopen.nl\\\/3mmc-kopen\\\/shop\\\/niet-gecategoriseerd\\\/a-pcyp\\\/\"]}]},{\"@type\":\"ImageObject\",\"inLanguage\":\"da-DK\",\"@id\":\"https:\\\/\\\/3-mmckopen.nl\\\/3mmc-kopen\\\/shop\\\/niet-gecategoriseerd\\\/a-pcyp\\\/#primaryimage\",\"url\":\"https:\\\/\\\/3-mmckopen.nl\\\/wp-content\\\/uploads\\\/2023\\\/04\\\/5-meo-dmt.png\",\"contentUrl\":\"https:\\\/\\\/3-mmckopen.nl\\\/wp-content\\\/uploads\\\/2023\\\/04\\\/5-meo-dmt.png\",\"width\":1600,\"height\":900,\"caption\":\"5-meo-dmt\"},{\"@type\":\"BreadcrumbList\",\"@id\":\"https:\\\/\\\/3-mmckopen.nl\\\/3mmc-kopen\\\/shop\\\/niet-gecategoriseerd\\\/a-pcyp\\\/#breadcrumb\",\"itemListElement\":[{\"@type\":\"ListItem\",\"position\":1,\"name\":\"Home\",\"item\":\"https:\\\/\\\/3-mmckopen.nl\\\/\"},{\"@type\":\"ListItem\",\"position\":2,\"name\":\"Winkel\",\"item\":\"https:\\\/\\\/3-mmckopen.nl\\\/winkel\\\/\"},{\"@type\":\"ListItem\",\"position\":3,\"name\":\"A-PCYP\"}]},{\"@type\":\"WebSite\",\"@id\":\"https:\\\/\\\/3-mmckopen.nl\\\/#website\",\"url\":\"https:\\\/\\\/3-mmckopen.nl\\\/\",\"name\":\"3MMC kopen\",\"description\":\"VOOR ALLE THUIS CHEMISI EN ONDERZOEKERS ONDER ONS\",\"publisher\":{\"@id\":\"https:\\\/\\\/3-mmckopen.nl\\\/#organization\"},\"potentialAction\":[{\"@type\":\"SearchAction\",\"target\":{\"@type\":\"EntryPoint\",\"urlTemplate\":\"https:\\\/\\\/3-mmckopen.nl\\\/?s={search_term_string}\"},\"query-input\":{\"@type\":\"PropertyValueSpecification\",\"valueRequired\":true,\"valueName\":\"search_term_string\"}}],\"inLanguage\":\"da-DK\"},{\"@type\":\"Organization\",\"@id\":\"https:\\\/\\\/3-mmckopen.nl\\\/#organization\",\"name\":\"3mmc kopen\",\"url\":\"https:\\\/\\\/3-mmckopen.nl\\\/\",\"logo\":{\"@type\":\"ImageObject\",\"inLanguage\":\"da-DK\",\"@id\":\"https:\\\/\\\/3-mmckopen.nl\\\/#\\\/schema\\\/logo\\\/image\\\/\",\"url\":\"https:\\\/\\\/3-mmckopen.nl\\\/wp-content\\\/uploads\\\/2024\\\/03\\\/3mmckopennl.webp\",\"contentUrl\":\"https:\\\/\\\/3-mmckopen.nl\\\/wp-content\\\/uploads\\\/2024\\\/03\\\/3mmckopennl.webp\",\"width\":300,\"height\":118,\"caption\":\"3mmc kopen\"},\"image\":{\"@id\":\"https:\\\/\\\/3-mmckopen.nl\\\/#\\\/schema\\\/logo\\\/image\\\/\"},\"sameAs\":[\"https:\\\/\\\/www.instagram.com\\\/dehuisprofessor\\\/\",\"https:\\\/\\\/nl.pinterest.com\\\/dehuisprofessor\\\/\",\"https:\\\/\\\/www.youtube.com\\\/channel\\\/UCsGzCVJiHsWLILEEHDzCNqA\"]}]}<\/script>\n<!-- \/ Yoast SEO plugin. -->","yoast_head_json":{"title":"A-PCYP Kopen? - Op=Op- 3MMC kopen","description":"Bij 3MMC kopen kun je gemakkelijk en snel A-PCYP bestellen en morgen al onderzoeken! Voor 17:00 besteld is vandaag al verzonden. Wees er snel bij.","robots":{"index":"index","follow":"follow","max-snippet":"max-snippet:-1","max-image-preview":"max-image-preview:large","max-video-preview":"max-video-preview:-1"},"canonical":"https:\/\/3-mmckopen.nl\/da\/3mmc-kopen\/shop\/niet-gecategoriseerd\/a-pcyp\/","og_locale":"da_DK","og_type":"article","og_title":"A-PCYP Kopen? - Op=Op- 3MMC kopen","og_description":"Bij 3MMC kopen kun je gemakkelijk en snel A-PCYP bestellen en morgen al onderzoeken! Voor 17:00 besteld is vandaag al verzonden. Wees er snel bij.","og_url":"https:\/\/3-mmckopen.nl\/da\/3mmc-kopen\/shop\/niet-gecategoriseerd\/a-pcyp\/","og_site_name":"3MMC kopen","article_modified_time":"2024-08-01T12:19:25+00:00","og_image":[{"width":1600,"height":900,"url":"https:\/\/3-mmckopen.nl\/wp-content\/uploads\/2023\/04\/5-meo-dmt.png","type":"image\/png"}],"twitter_card":"summary_large_image","twitter_misc":{"Estimeret l\u00e6setid":"1 minut"},"schema":{"@context":"https:\/\/schema.org","@graph":[{"@type":"WebPage","@id":"https:\/\/3-mmckopen.nl\/3mmc-kopen\/shop\/niet-gecategoriseerd\/a-pcyp\/","url":"https:\/\/3-mmckopen.nl\/3mmc-kopen\/shop\/niet-gecategoriseerd\/a-pcyp\/","name":"A-PCYP Kopen? - Op=Op- 3MMC kopen","isPartOf":{"@id":"https:\/\/3-mmckopen.nl\/#website"},"primaryImageOfPage":{"@id":"https:\/\/3-mmckopen.nl\/3mmc-kopen\/shop\/niet-gecategoriseerd\/a-pcyp\/#primaryimage"},"image":{"@id":"https:\/\/3-mmckopen.nl\/3mmc-kopen\/shop\/niet-gecategoriseerd\/a-pcyp\/#primaryimage"},"thumbnailUrl":"https:\/\/3-mmckopen.nl\/wp-content\/uploads\/2023\/04\/5-meo-dmt.png","datePublished":"2023-11-13T11:26:22+00:00","dateModified":"2024-08-01T12:19:25+00:00","description":"Bij 3MMC kopen kun je gemakkelijk en snel A-PCYP bestellen en morgen al onderzoeken! Voor 17:00 besteld is vandaag al verzonden. Wees er snel bij.","breadcrumb":{"@id":"https:\/\/3-mmckopen.nl\/3mmc-kopen\/shop\/niet-gecategoriseerd\/a-pcyp\/#breadcrumb"},"inLanguage":"da-DK","potentialAction":[{"@type":"ReadAction","target":["https:\/\/3-mmckopen.nl\/3mmc-kopen\/shop\/niet-gecategoriseerd\/a-pcyp\/"]}]},{"@type":"ImageObject","inLanguage":"da-DK","@id":"https:\/\/3-mmckopen.nl\/3mmc-kopen\/shop\/niet-gecategoriseerd\/a-pcyp\/#primaryimage","url":"https:\/\/3-mmckopen.nl\/wp-content\/uploads\/2023\/04\/5-meo-dmt.png","contentUrl":"https:\/\/3-mmckopen.nl\/wp-content\/uploads\/2023\/04\/5-meo-dmt.png","width":1600,"height":900,"caption":"5-meo-dmt"},{"@type":"BreadcrumbList","@id":"https:\/\/3-mmckopen.nl\/3mmc-kopen\/shop\/niet-gecategoriseerd\/a-pcyp\/#breadcrumb","itemListElement":[{"@type":"ListItem","position":1,"name":"Home","item":"https:\/\/3-mmckopen.nl\/"},{"@type":"ListItem","position":2,"name":"Winkel","item":"https:\/\/3-mmckopen.nl\/winkel\/"},{"@type":"ListItem","position":3,"name":"A-PCYP"}]},{"@type":"WebSite","@id":"https:\/\/3-mmckopen.nl\/#website","url":"https:\/\/3-mmckopen.nl\/","name":"k\u00f8b 3MMC","description":"TIL ALLE HJEMKEMISI OG FORSKERE BLANDT OS","publisher":{"@id":"https:\/\/3-mmckopen.nl\/#organization"},"potentialAction":[{"@type":"SearchAction","target":{"@type":"EntryPoint","urlTemplate":"https:\/\/3-mmckopen.nl\/?s={search_term_string}"},"query-input":{"@type":"PropertyValueSpecification","valueRequired":true,"valueName":"search_term_string"}}],"inLanguage":"da-DK"},{"@type":"Organization","@id":"https:\/\/3-mmckopen.nl\/#organization","name":"3mmc kopen","url":"https:\/\/3-mmckopen.nl\/","logo":{"@type":"ImageObject","inLanguage":"da-DK","@id":"https:\/\/3-mmckopen.nl\/#\/schema\/logo\/image\/","url":"https:\/\/3-mmckopen.nl\/wp-content\/uploads\/2024\/03\/3mmckopennl.webp","contentUrl":"https:\/\/3-mmckopen.nl\/wp-content\/uploads\/2024\/03\/3mmckopennl.webp","width":300,"height":118,"caption":"3mmc kopen"},"image":{"@id":"https:\/\/3-mmckopen.nl\/#\/schema\/logo\/image\/"},"sameAs":["https:\/\/www.instagram.com\/dehuisprofessor\/","https:\/\/nl.pinterest.com\/dehuisprofessor\/","https:\/\/www.youtube.com\/channel\/UCsGzCVJiHsWLILEEHDzCNqA"]}]}},"_links":{"self":[{"href":"https:\/\/3-mmckopen.nl\/da\/wp-json\/wp\/v2\/product\/31188","targetHints":{"allow":["GET"]}}],"collection":[{"href":"https:\/\/3-mmckopen.nl\/da\/wp-json\/wp\/v2\/product"}],"about":[{"href":"https:\/\/3-mmckopen.nl\/da\/wp-json\/wp\/v2\/types\/product"}],"replies":[{"embeddable":true,"href":"https:\/\/3-mmckopen.nl\/da\/wp-json\/wp\/v2\/comments?post=31188"}],"version-history":[{"count":0,"href":"https:\/\/3-mmckopen.nl\/da\/wp-json\/wp\/v2\/product\/31188\/revisions"}],"wp:featuredmedia":[{"embeddable":true,"href":"https:\/\/3-mmckopen.nl\/da\/wp-json\/wp\/v2\/media\/23171"}],"wp:attachment":[{"href":"https:\/\/3-mmckopen.nl\/da\/wp-json\/wp\/v2\/media?parent=31188"}],"wp:term":[{"taxonomy":"product_brand","embeddable":true,"href":"https:\/\/3-mmckopen.nl\/da\/wp-json\/wp\/v2\/product_brand?post=31188"},{"taxonomy":"product_cat","embeddable":true,"href":"https:\/\/3-mmckopen.nl\/da\/wp-json\/wp\/v2\/product_cat?post=31188"},{"taxonomy":"product_tag","embeddable":true,"href":"https:\/\/3-mmckopen.nl\/da\/wp-json\/wp\/v2\/product_tag?post=31188"}],"curies":[{"name":"wp","href":"https:\/\/api.w.org\/{rel}","templated":true}]}}