{"id":223,"date":"2021-01-09T17:36:02","date_gmt":"2021-01-09T16:36:02","guid":{"rendered":"https:\/\/3-mmckopen.nl\/?page_id=223"},"modified":"2025-12-04T15:24:53","modified_gmt":"2025-12-04T14:24:53","slug":"algemene-voorwaarden","status":"publish","type":"page","link":"https:\/\/3-mmckopen.nl\/de\/algemene-voorwaarden\/","title":{"rendered":"Gesch\u00e4ftsbedingungen"},"content":{"rendered":"<p><strong>Artikel 1. Anwendbarkeit<\/strong><\/p>\r\n\r\n\r\n\r\n<p><br \/>1.1 Op alle aanbiedingen, bestellingen en overeenkomsten van onze webshop www.app16847.cloudwayssites.com Nederland, zijn deze\u00a0Algemene Voorwaarden van toepassing.<\/p>\r\n\r\n\r\n\r\n<p>1.2 Wenn Sie ein Angebot annehmen oder eine Bestellung aufgeben, akzeptieren Sie die Geltung dieser Gesch\u00e4ftsbedingungen.<\/p>\r\n\r\n\r\n\r\n<p>1.3 Von den Bestimmungen dieser Allgemeinen Gesch\u00e4ftsbedingungen kann nur schriftlich abgewichen werden; in diesem Fall bleiben die \u00fcbrigen Bestimmungen in vollem Umfang in Kraft.<\/p>\r\n\r\n\r\n\r\n<p>1.4 Alle Rechte und Anspr\u00fcche, die in diesen Allgemeinen Gesch\u00e4ftsbedingungen und in etwaigen weiteren Vereinbarungen zugunsten unseres Webshops festgelegt sind, gelten auch zugunsten der von unserem Webshop beauftragten Vermittler und sonstigen Dritten.<\/p>\r\n\r\n\r\n\r\n<p><strong>Artikel 2. Angebote\/Vereinbarungen<\/strong><\/p>\r\n\r\n\r\n\r\n<p><br \/>2.1 Alle Angebote unseres Webshops sind freibleibend und unser Webshop beh\u00e4lt sich ausdr\u00fccklich das Recht vor, Preise zu \u00e4ndern, insbesondere wenn dies aufgrund (gesetzlicher) Vorschriften erforderlich ist. Siehe auch Artikel 3.6.<\/p>\r\n\r\n\r\n\r\n<p>2.2 Ein Vertrag kommt erst nach Annahme Ihrer Bestellung durch unseren Webshop zustande. Unser Webshop ist berechtigt, Bestellungen abzulehnen oder die Lieferung an bestimmte Bedingungen zu kn\u00fcpfen, sofern nicht ausdr\u00fccklich etwas anderes angegeben ist. Sollte eine Bestellung nicht angenommen werden, informiert Sie unser Webshop innerhalb von zehn (10) Werktagen nach Eingang der Bestellung.<\/p>\r\n\r\n\r\n\r\n<p><strong>Artikel 3. Preise und Zahlungen<\/strong><\/p>\r\n\r\n\r\n\r\n<p><br \/>3.1 Die angegebenen Preise f\u00fcr die angebotenen Produkte und Dienstleistungen verstehen sich in Euro, inklusive Mehrwertsteuer. und exklusive Bearbeitungs- und Versandkosten, etwaiger Steuern oder anderer Abgaben, sofern nicht anders angegeben oder schriftlich vereinbart.<\/p>\r\n\r\n\r\n\r\n<p>3.2 Die Zahlung muss ohne Abzug oder Entsch\u00e4digung am selben Tag des Rechnungsdatums erfolgen. Bei Lieferungen innerhalb der Niederlande liefern wir nur innerhalb der Niederlande.<\/p>\r\n\r\n\r\n\r\n<p>3.3 Die Zahlung kann auf eine der im Bestellvorgang angegebenen Weise(n) erfolgen.<\/p>\r\n\r\n\r\n\r\n<p>3.4 Erh\u00f6hen sich die Preise f\u00fcr die angebotenen Produkte und Dienstleistungen im Zeitraum zwischen der Bestellung und deren Ausf\u00fchrung, sind Sie berechtigt, die Bestellung zu stornieren, nach Zahlungseingang ist die Bestellung jedoch verbindlich.<\/p>\r\n\r\n\r\n\r\n<p><strong>Artikel 4. Lieferung<\/strong><\/p>\r\n\r\n\r\n\r\n<p><br \/>4.1 Die in unserem Webshop angegebenen Lieferzeiten sind nur Richtwerte. Die \u00dcberschreitung einer Lieferfrist berechtigt Sie nicht zu Schadensersatz oder dem Recht, Ihre Bestellung zu stornieren oder den Vertrag aufzul\u00f6sen, es sei denn, die \u00dcberschreitung der Lieferfrist f\u00fchrt dazu, dass von Ihnen vern\u00fcnftigerweise nicht erwartet werden kann, den Vertrag einzuhalten. In diesem Fall sind Sie berechtigt, die Bestellung zu stornieren oder den Vertrag aufzul\u00f6sen, sofern dies erforderlich ist.<\/p>\r\n\r\n\r\n\r\n<p>4.2 Die Lieferung der Produkte erfolgt an dem Ort und Zeitpunkt, an dem die Produkte f\u00fcr den Versand an Sie bereitstehen.<\/p>\r\n\r\n\r\n\r\n<p><strong>Artikel 5. Eigentumsvorbehalt<\/strong><\/p>\r\n\r\n\r\n\r\n<p><br \/>5.1 Das Eigentum an den gelieferten Produkten wird nur \u00fcbertragen, wenn Sie alle Zahlungen geleistet haben, die Sie unserem Webshop im Rahmen einer Vereinbarung schulden. Die Gefahr hinsichtlich der Produkte geht bereits zum Zeitpunkt der Lieferung auf Sie \u00fcber.<\/p>\r\n\r\n\r\n\r\n<p><strong>Artikel 6. Geistige und gewerbliche Eigentumsrechte<\/strong><\/p>\r\n\r\n\r\n\r\n<p><br \/>6.1 Sie m\u00fcssen alle geistigen Industrie- und Eigentumsrechte, die auf den von unserem Webshop gelieferten Produkten beruhen, vollst\u00e4ndig und bedingungslos respektieren.<\/p>\r\n\r\n\r\n\r\n<p>6.2 Unser Webshop \u00fcbernimmt keine Garantie daf\u00fcr, dass die an Sie gelieferten Produkte keine (ungeschriebenen) geistigen und\/oder gewerblichen Eigentumsrechte Dritter verletzen.<\/p>\r\n\r\n\r\n\r\n<p><strong>Artikel 7. Beschwerden und Haftung<\/strong><\/p>\r\n\r\n\r\n\r\n<p><br \/>7.1 Sie sind verpflichtet, bei der Lieferung zu pr\u00fcfen, ob die Produkte der Vereinbarung entsprechen. Ist dies nicht der Fall, m\u00fcssen Sie unseren Webshop so schnell wie m\u00f6glich, in jedem Fall jedoch innerhalb von sieben (7) Werktagen nach Lieferung, oder zumindest nachdem eine Beobachtung vern\u00fcnftigerweise m\u00f6glich war, schriftlich\/per E-Mail und unter Angabe von Gr\u00fcnden dar\u00fcber informieren.<\/p>\r\n\r\n\r\n\r\n<p>7.2 Wenn sich herausstellt, dass die Produkte nicht der Vereinbarung entsprechen, hat unser Webshop die Wahl, die betreffenden Produkte gegen R\u00fcckgabe durch neue Produkte zu ersetzen oder den Rechnungswert zur\u00fcckzuerstatten.<\/p>\r\n\r\n\r\n\r\n<p>7.3 Wenn Sie ein Produkt aus irgendeinem Grund nicht kaufen m\u00f6chten, haben Sie als Privatperson das Recht, das Produkt innerhalb von sieben (7) Werktagen nach Lieferung an unseren Webshop zur\u00fcckzusenden. In diesem Fall werden R\u00fccksendungen nur akzeptiert, wenn die Verpackung des Produkts unbesch\u00e4digt ist, wobei die Kosten f\u00fcr R\u00fccksendungen ebenfalls zu Ihren Lasten gehen.<\/p>\r\n\r\n\r\n\r\n<p><strong>Artikel 8. Bestellungen\/Kommunikation<\/strong><\/p>\r\n\r\n\r\n\r\n<p><br \/>8.1 F\u00fcr Missverst\u00e4ndnisse, Verst\u00fcmmelungen, Verz\u00f6gerungen oder unsachgem\u00e4\u00dfe \u00dcbermittlung von Bestellungen und Mitteilungen infolge der Nutzung des Internets oder anderer Kommunikationsmittel im Verkehr zwischen Ihnen und unserem Webshop oder zwischen unserem Webshop und Dritten, soweit dies in Zusammenhang steht F\u00fcr die Beziehung zwischen Ihnen und unserem Webshop haftet unser Webshop nicht, es sei denn und soweit Vorsatz oder grobe Fahrl\u00e4ssigkeit seitens unseres Webshops vorliegt.<\/p>\r\n\r\n\r\n\r\n<p><strong>Artikel 9. H\u00f6here Gewalt<\/strong><\/p>\r\n\r\n\r\n\r\n<p><br \/>9.1 Unbeschadet seiner sonstigen Rechte hat unser Webshop im Falle h\u00f6herer Gewalt das Recht, nach eigenem Ermessen die Ausf\u00fchrung Ihrer Bestellung auszusetzen oder den Vertrag ohne gerichtliche Intervention durch schriftliche Mitteilung an Sie aufzul\u00f6sen. und dies ohne dass unser Webshop zur Zahlung eines Schadensersatzes verpflichtet ist, es sei denn, dies w\u00e4re nach den Ma\u00dfst\u00e4ben der Zumutbarkeit und Billigkeit unter den gegebenen Umst\u00e4nden unzumutbar.<\/p>\r\n\r\n\r\n\r\n<p>9.2 Unter h\u00f6herer Gewalt ist jeder Mangel zu verstehen, der nicht unserem Webshop zuzuschreiben ist, da er nicht auf sein Verschulden zur\u00fcckzuf\u00fchren ist und nicht aufgrund von Gesetzen, Rechtsakten oder allgemein anerkannten Ansichten von ihm zu vertreten ist.<\/p>\r\n\r\n\r\n\r\n<p><strong>Artikel 10. Verschiedenes<\/strong><\/p>\r\n\r\n\r\n\r\n<p><br \/>10.1 Wenn Sie unserem Webshop schriftlich eine Adresse mitteilen, ist unser Webshop berechtigt, alle Bestellungen an diese Adresse zu senden, es sei denn, Sie teilen unserem Webshop schriftlich eine andere Adresse mit, an die Ihre Bestellungen gesendet werden sollen.<\/p>\r\n\r\n\r\n\r\n<p>10.2 Wenn unser Webshop f\u00fcr einen kurzen oder l\u00e4ngeren Zeitraum stillschweigend oder nicht stillschweigend Abweichungen von diesen Allgemeinen Gesch\u00e4ftsbedingungen zul\u00e4sst, ber\u00fchrt dies nicht sein Recht, die sofortige und strikte Einhaltung dieser Allgemeinen Gesch\u00e4ftsbedingungen zu verlangen. Sie k\u00f6nnen niemals ein Recht geltend machen, das auf der Tatsache beruht, dass unser Webshop diese Bedingungen reibungslos anwendet.<\/p>\r\n\r\n\r\n\r\n<p>10.3 Sollten eine oder mehrere Bestimmungen dieser Allgemeinen Gesch\u00e4ftsbedingungen oder einer anderen Vereinbarung mit unserem Webshop im Widerspruch zu einer anwendbaren gesetzlichen Bestimmung stehen, verf\u00e4llt die entsprechende Bestimmung und wird durch eine neue, von uns festzulegende, gesetzlich zul\u00e4ssige Bestimmung ersetzt Webshop. \u00c4hnliche Bereitstellung.<\/p>\r\n\r\n\r\n\r\n<p>10.4 Unser Webshop ist berechtigt, Dritte f\u00fcr die Ausf\u00fchrung Ihrer Bestellung(en) einzusetzen.<\/p>\r\n\r\n\r\n\r\n<p><strong>Artikel 11. Anwendbares Recht und zust\u00e4ndiges Gericht<\/strong><\/p>\r\n\r\n\r\n\r\n<p><br \/>11.1 Alle Rechte, Pflichten, Angebote, Bestellungen und Vereinbarungen, auf die sich diese Allgemeinen Gesch\u00e4ftsbedingungen beziehen, sowie diese Allgemeinen Gesch\u00e4ftsbedingungen unterliegen ausschlie\u00dflich niederl\u00e4ndischem Recht.<\/p>\r\n\r\n\r\n\r\n<p>11.2 Alle geschillen tussen partijen zullen bij uitsluiting worden voorgelegd aan de daartoe bevoegde rechter in Nederland. De producten worden verstuurd via\u00a0postNL. Enige vertraging of het niet aankomen, dan wel beschadiging van de levering nemen wij niet voor onze rekening. Dit ligt bij postNL\u00a0of bij de klant. Bij briefpost zullen wij geen her-zending doen in geval van verlies door postnl. Wij kunnen alleen her-zenden als is bewezen dat het pakketje niet aangekomen is op het door de klant aangegeven adres. Dit geld alleen bij pakketten die traceerbaar zijn door middel van tracking code. Wij zijn niet aansprakelijk voor het invullen van het adres. De klant vult een adres in en wij versturen er heen, is het adres verkeerd of ontbreekt hier iets, dan is dat nooit aan ons te verwijten en is dat het probleem van de klant.<\/p>\r\n\r\n\r\n\r\n<p><strong>12. Wenn Sie eine Bestellung in unserem Webshop aufgeben, stimmen Sie den nachstehenden Regeln und Bedingungen zu.<\/strong><\/p>\r\n\r\n\r\n\r\n<p><br \/>12.1 F\u00fcr alle Produkte m\u00fcssen Sie mindestens 18 Jahre alt sein. Mit der Aufnahme dieser Produkte in Ihre Bestellung best\u00e4tigen Sie, dass Sie das Mindestalter von 18 Jahren bereits erreicht haben. Im Zweifelsfall kann eine Kopie Ihres Identit\u00e4tsnachweises verlangt werden.<\/p>\r\n\r\n\r\n\r\n<p>12.2 Der Kauf von Produkten \u00fcber diese Website erfolgt ausschlie\u00dflich auf Ihr eigenes Risiko. Wir k\u00f6nnen nicht f\u00fcr Sch\u00e4den haftbar gemacht werden, die durch die Verwendung der gelieferten Produkte entstehen.<\/p>\r\n\r\n\r\n\r\n<p>12.3 Sie haben die Informationsseite zum Produkt sorgf\u00e4ltig gelesen und verstanden. Befolgen Sie alle Produktanweisungen auf unserer Website und beachten Sie alle Warnhinweise.<\/p>\r\n\r\n\r\n\r\n<p>12.4 Sie sind pers\u00f6nlich f\u00fcr die Pflege der bestellten Produkte verantwortlich. Bewahren Sie sie an einem sicheren Ort au\u00dferhalb der Reichweite von Kindern, Haustieren und Menschen mit eingeschr\u00e4nktem Urteilsverm\u00f6gen auf, es sei denn, das Produkt ist f\u00fcr die oben genannten Zielgruppen bestimmt.<\/p>\r\n\r\n\r\n\r\n<p>12.5 Alle unsere Produkte sind definitiv nicht f\u00fcr den menschlichen Verzehr bestimmt und sollten jederzeit au\u00dferhalb der Reichweite von Kindern, Tieren und weniger verantwortungsbewussten Personen aufbewahrt werden.<\/p>\r\n\r\n\r\n\r\n<p>12.6 Al onze producten worden uitsluitend verkocht voor\u00a0RESEARCH DOELEINDEN. Wij zijn dan ook niet aansprakelijk bij gebruik voor andere doeleinden dan voorgenoemde.<\/p>\r\n\r\n\r\n\r\n<p>12.7 Jeder, der in unserem Webshop einkauft, muss mindestens 18 Jahre alt sein. Im Zweifelsfall k\u00f6nnen wir eine Bestellung stornieren oder nach Ausweisinformationen fragen.<\/p>\r\n\r\n\r\n\r\n<p>12.8 Wij zijn nooit aansprakelijk voor gevolgen die voortvloeien uit ander gebruik dan hierboven is genoemd. Bij research gaan wij er derhalve van uit dat u over voldoende kennis beschikt om dit te\u00a0doen.<\/p>\r\n\r\n\r\n\r\n<p>12.9 Wenn eine Bestellung aus irgendeinem Grund storniert wird, werden bei der R\u00fcckerstattung des Bestellbetrags 15 \u20ac Verwaltungskosten berechnet.<\/p>\r\n\r\n\r\n\r\n<p><strong>13. 3-MMC- und 3-CMC-Verbot<\/strong><\/p>\r\n\r\n\r\n\r\n<p>13.1 3-MMC und 3-cmc sind illegale Produkte und k\u00f6nnen hier nicht bestellt oder gekauft werden. Wenn eines dieser Produkte bestellt wurde, werden 2-MMC versendet.<\/p>","protected":false},"excerpt":{"rendered":"<p>Artikel 1. Toepasselijkheid 1.1 Op alle aanbiedingen, bestellingen en overeenkomsten van onze webshop www.app16847.cloudwayssites.com Nederland, zijn deze\u00a0Algemene Voorwaarden van toepassing. 1.2 Het accepteren van een aanbieding dan wel het doen van een bestelling houdt in dat u de toepasselijkheid van deze voorwaarden aanvaardt. 1.3 Van het in deze Voorwaarden bepaalde kan slechts schriftelijk worden afgeweken, [&hellip;]<\/p>\n","protected":false},"author":199606847,"featured_media":0,"parent":0,"menu_order":0,"comment_status":"closed","ping_status":"closed","template":"","meta":{"site-sidebar-layout":"default","site-content-layout":"","ast-site-content-layout":"default","site-content-style":"default","site-sidebar-style":"default","ast-global-header-display":"","ast-banner-title-visibility":"","ast-main-header-display":"","ast-hfb-above-header-display":"","ast-hfb-below-header-display":"","ast-hfb-mobile-header-display":"","site-post-title":"","ast-breadcrumbs-content":"","ast-featured-img":"","footer-sml-layout":"","theme-transparent-header-meta":"default","adv-header-id-meta":"","stick-header-meta":"","header-above-stick-meta":"","header-main-stick-meta":"","header-below-stick-meta":"","astra-migrate-meta-layouts":"set","ast-page-background-enabled":"default","ast-page-background-meta":{"desktop":{"background-color":"","background-image":"","background-repeat":"repeat","background-position":"center center","background-size":"auto","background-attachment":"scroll","background-type":"","background-media":"","overlay-type":"","overlay-color":"","overlay-opacity":"","overlay-gradient":""},"tablet":{"background-color":"","background-image":"","background-repeat":"repeat","background-position":"center center","background-size":"auto","background-attachment":"scroll","background-type":"","background-media":"","overlay-type":"","overlay-color":"","overlay-opacity":"","overlay-gradient":""},"mobile":{"background-color":"","background-image":"","background-repeat":"repeat","background-position":"center center","background-size":"auto","background-attachment":"scroll","background-type":"","background-media":"","overlay-type":"","overlay-color":"","overlay-opacity":"","overlay-gradient":""}},"ast-content-background-meta":{"desktop":{"background-color":"var(--ast-global-color-5)","background-image":"","background-repeat":"repeat","background-position":"center center","background-size":"auto","background-attachment":"scroll","background-type":"","background-media":"","overlay-type":"","overlay-color":"","overlay-opacity":"","overlay-gradient":""},"tablet":{"background-color":"var(--ast-global-color-5)","background-image":"","background-repeat":"repeat","background-position":"center center","background-size":"auto","background-attachment":"scroll","background-type":"","background-media":"","overlay-type":"","overlay-color":"","overlay-opacity":"","overlay-gradient":""},"mobile":{"background-color":"var(--ast-global-color-5)","background-image":"","background-repeat":"repeat","background-position":"center center","background-size":"auto","background-attachment":"scroll","background-type":"","background-media":"","overlay-type":"","overlay-color":"","overlay-opacity":"","overlay-gradient":""}},"footnotes":""},"class_list":["post-223","page","type-page","status-publish","hentry"],"yoast_head":"<!-- This site is optimized with the Yoast SEO plugin v27.3 - https:\/\/yoast.com\/product\/yoast-seo-wordpress\/ -->\n<title>Algemene Voorwaarden Lezen | 3-mmckopen.nl<\/title>\n<meta name=\"description\" content=\"Lees onze algemene voorwaarden. Duidelijke afspraken over levering en service. Transparant en eerlijk. Voor 17:00 besteld = vandaag verzonden!\" \/>\n<meta name=\"robots\" content=\"index, follow, max-snippet:-1, max-image-preview:large, max-video-preview:-1\" \/>\n<link rel=\"canonical\" href=\"https:\/\/3-mmckopen.nl\/de\/algemene-voorwaarden\/\" \/>\n<meta property=\"og:locale\" content=\"de_DE\" \/>\n<meta property=\"og:type\" content=\"article\" \/>\n<meta property=\"og:title\" content=\"Algemene Voorwaarden Lezen | 3-mmckopen.nl\" \/>\n<meta property=\"og:description\" content=\"Lees onze algemene voorwaarden. Duidelijke afspraken over levering en service. Transparant en eerlijk. Voor 17:00 besteld = vandaag verzonden!\" \/>\n<meta property=\"og:url\" content=\"https:\/\/3-mmckopen.nl\/de\/algemene-voorwaarden\/\" \/>\n<meta property=\"og:site_name\" content=\"3MMC kopen\" \/>\n<meta property=\"article:modified_time\" content=\"2025-12-04T14:24:53+00:00\" \/>\n<meta property=\"og:image\" content=\"https:\/\/3-mmckopen.nl\/wp-content\/uploads\/2024\/03\/3mmckopennl.webp\" \/>\n\t<meta property=\"og:image:width\" content=\"300\" \/>\n\t<meta property=\"og:image:height\" content=\"118\" \/>\n\t<meta property=\"og:image:type\" content=\"image\/webp\" \/>\n<meta name=\"twitter:card\" content=\"summary_large_image\" \/>\n<meta name=\"twitter:label1\" content=\"Gesch\u00e4tzte Lesezeit\" \/>\n\t<meta name=\"twitter:data1\" content=\"8\u00a0Minuten\" \/>\n<script type=\"application\/ld+json\" class=\"yoast-schema-graph\">{\"@context\":\"https:\\\/\\\/schema.org\",\"@graph\":[{\"@type\":\"WebPage\",\"@id\":\"https:\\\/\\\/3-mmckopen.nl\\\/algemene-voorwaarden\\\/\",\"url\":\"https:\\\/\\\/3-mmckopen.nl\\\/algemene-voorwaarden\\\/\",\"name\":\"Algemene Voorwaarden Lezen | 3-mmckopen.nl\",\"isPartOf\":{\"@id\":\"https:\\\/\\\/3-mmckopen.nl\\\/#website\"},\"datePublished\":\"2021-01-09T16:36:02+00:00\",\"dateModified\":\"2025-12-04T14:24:53+00:00\",\"description\":\"Lees onze algemene voorwaarden. Duidelijke afspraken over levering en service. Transparant en eerlijk. Voor 17:00 besteld = vandaag verzonden!\",\"breadcrumb\":{\"@id\":\"https:\\\/\\\/3-mmckopen.nl\\\/algemene-voorwaarden\\\/#breadcrumb\"},\"inLanguage\":\"de\",\"potentialAction\":[{\"@type\":\"ReadAction\",\"target\":[\"https:\\\/\\\/3-mmckopen.nl\\\/algemene-voorwaarden\\\/\"]}]},{\"@type\":\"BreadcrumbList\",\"@id\":\"https:\\\/\\\/3-mmckopen.nl\\\/algemene-voorwaarden\\\/#breadcrumb\",\"itemListElement\":[{\"@type\":\"ListItem\",\"position\":1,\"name\":\"Home\",\"item\":\"https:\\\/\\\/3-mmckopen.nl\\\/\"},{\"@type\":\"ListItem\",\"position\":2,\"name\":\"Algemene voorwaarden\"}]},{\"@type\":\"WebSite\",\"@id\":\"https:\\\/\\\/3-mmckopen.nl\\\/#website\",\"url\":\"https:\\\/\\\/3-mmckopen.nl\\\/\",\"name\":\"3MMC kopen\",\"description\":\"VOOR ALLE THUIS CHEMISI EN ONDERZOEKERS ONDER ONS\",\"publisher\":{\"@id\":\"https:\\\/\\\/3-mmckopen.nl\\\/#organization\"},\"potentialAction\":[{\"@type\":\"SearchAction\",\"target\":{\"@type\":\"EntryPoint\",\"urlTemplate\":\"https:\\\/\\\/3-mmckopen.nl\\\/?s={search_term_string}\"},\"query-input\":{\"@type\":\"PropertyValueSpecification\",\"valueRequired\":true,\"valueName\":\"search_term_string\"}}],\"inLanguage\":\"de\"},{\"@type\":\"Organization\",\"@id\":\"https:\\\/\\\/3-mmckopen.nl\\\/#organization\",\"name\":\"3mmc kopen\",\"url\":\"https:\\\/\\\/3-mmckopen.nl\\\/\",\"logo\":{\"@type\":\"ImageObject\",\"inLanguage\":\"de\",\"@id\":\"https:\\\/\\\/3-mmckopen.nl\\\/#\\\/schema\\\/logo\\\/image\\\/\",\"url\":\"https:\\\/\\\/3-mmckopen.nl\\\/wp-content\\\/uploads\\\/2024\\\/03\\\/3mmckopennl.webp\",\"contentUrl\":\"https:\\\/\\\/3-mmckopen.nl\\\/wp-content\\\/uploads\\\/2024\\\/03\\\/3mmckopennl.webp\",\"width\":300,\"height\":118,\"caption\":\"3mmc kopen\"},\"image\":{\"@id\":\"https:\\\/\\\/3-mmckopen.nl\\\/#\\\/schema\\\/logo\\\/image\\\/\"},\"sameAs\":[\"https:\\\/\\\/www.instagram.com\\\/dehuisprofessor\\\/\",\"https:\\\/\\\/nl.pinterest.com\\\/dehuisprofessor\\\/\",\"https:\\\/\\\/www.youtube.com\\\/channel\\\/UCsGzCVJiHsWLILEEHDzCNqA\"]}]}<\/script>\n<!-- \/ Yoast SEO plugin. -->","yoast_head_json":{"title":"Algemene Voorwaarden Lezen | 3-mmckopen.nl","description":"Lees onze algemene voorwaarden. Duidelijke afspraken over levering en service. Transparant en eerlijk. Voor 17:00 besteld = vandaag verzonden!","robots":{"index":"index","follow":"follow","max-snippet":"max-snippet:-1","max-image-preview":"max-image-preview:large","max-video-preview":"max-video-preview:-1"},"canonical":"https:\/\/3-mmckopen.nl\/de\/algemene-voorwaarden\/","og_locale":"de_DE","og_type":"article","og_title":"Algemene Voorwaarden Lezen | 3-mmckopen.nl","og_description":"Lees onze algemene voorwaarden. Duidelijke afspraken over levering en service. Transparant en eerlijk. Voor 17:00 besteld = vandaag verzonden!","og_url":"https:\/\/3-mmckopen.nl\/de\/algemene-voorwaarden\/","og_site_name":"3MMC kopen","article_modified_time":"2025-12-04T14:24:53+00:00","og_image":[{"width":300,"height":118,"url":"https:\/\/3-mmckopen.nl\/wp-content\/uploads\/2024\/03\/3mmckopennl.webp","type":"image\/webp"}],"twitter_card":"summary_large_image","twitter_misc":{"Gesch\u00e4tzte Lesezeit":"8\u00a0Minuten"},"schema":{"@context":"https:\/\/schema.org","@graph":[{"@type":"WebPage","@id":"https:\/\/3-mmckopen.nl\/algemene-voorwaarden\/","url":"https:\/\/3-mmckopen.nl\/algemene-voorwaarden\/","name":"Algemene Voorwaarden Lezen | 3-mmckopen.nl","isPartOf":{"@id":"https:\/\/3-mmckopen.nl\/#website"},"datePublished":"2021-01-09T16:36:02+00:00","dateModified":"2025-12-04T14:24:53+00:00","description":"Lees onze algemene voorwaarden. Duidelijke afspraken over levering en service. Transparant en eerlijk. Voor 17:00 besteld = vandaag verzonden!","breadcrumb":{"@id":"https:\/\/3-mmckopen.nl\/algemene-voorwaarden\/#breadcrumb"},"inLanguage":"de","potentialAction":[{"@type":"ReadAction","target":["https:\/\/3-mmckopen.nl\/algemene-voorwaarden\/"]}]},{"@type":"BreadcrumbList","@id":"https:\/\/3-mmckopen.nl\/algemene-voorwaarden\/#breadcrumb","itemListElement":[{"@type":"ListItem","position":1,"name":"Home","item":"https:\/\/3-mmckopen.nl\/"},{"@type":"ListItem","position":2,"name":"Algemene voorwaarden"}]},{"@type":"WebSite","@id":"https:\/\/3-mmckopen.nl\/#website","url":"https:\/\/3-mmckopen.nl\/","name":"3MMC kaufen","description":"F\u00dcR ALLE HOME CHEMISI UND FORSCHER UNTER UNS","publisher":{"@id":"https:\/\/3-mmckopen.nl\/#organization"},"potentialAction":[{"@type":"SearchAction","target":{"@type":"EntryPoint","urlTemplate":"https:\/\/3-mmckopen.nl\/?s={search_term_string}"},"query-input":{"@type":"PropertyValueSpecification","valueRequired":true,"valueName":"search_term_string"}}],"inLanguage":"de"},{"@type":"Organization","@id":"https:\/\/3-mmckopen.nl\/#organization","name":"3mmc kopen","url":"https:\/\/3-mmckopen.nl\/","logo":{"@type":"ImageObject","inLanguage":"de","@id":"https:\/\/3-mmckopen.nl\/#\/schema\/logo\/image\/","url":"https:\/\/3-mmckopen.nl\/wp-content\/uploads\/2024\/03\/3mmckopennl.webp","contentUrl":"https:\/\/3-mmckopen.nl\/wp-content\/uploads\/2024\/03\/3mmckopennl.webp","width":300,"height":118,"caption":"3mmc kopen"},"image":{"@id":"https:\/\/3-mmckopen.nl\/#\/schema\/logo\/image\/"},"sameAs":["https:\/\/www.instagram.com\/dehuisprofessor\/","https:\/\/nl.pinterest.com\/dehuisprofessor\/","https:\/\/www.youtube.com\/channel\/UCsGzCVJiHsWLILEEHDzCNqA"]}]}},"_links":{"self":[{"href":"https:\/\/3-mmckopen.nl\/de\/wp-json\/wp\/v2\/pages\/223","targetHints":{"allow":["GET"]}}],"collection":[{"href":"https:\/\/3-mmckopen.nl\/de\/wp-json\/wp\/v2\/pages"}],"about":[{"href":"https:\/\/3-mmckopen.nl\/de\/wp-json\/wp\/v2\/types\/page"}],"author":[{"embeddable":true,"href":"https:\/\/3-mmckopen.nl\/de\/wp-json\/wp\/v2\/users\/199606847"}],"replies":[{"embeddable":true,"href":"https:\/\/3-mmckopen.nl\/de\/wp-json\/wp\/v2\/comments?post=223"}],"version-history":[{"count":1,"href":"https:\/\/3-mmckopen.nl\/de\/wp-json\/wp\/v2\/pages\/223\/revisions"}],"predecessor-version":[{"id":79024,"href":"https:\/\/3-mmckopen.nl\/de\/wp-json\/wp\/v2\/pages\/223\/revisions\/79024"}],"wp:attachment":[{"href":"https:\/\/3-mmckopen.nl\/de\/wp-json\/wp\/v2\/media?parent=223"}],"curies":[{"name":"wp","href":"https:\/\/api.w.org\/{rel}","templated":true}]}}