{"id":232,"date":"2021-01-09T18:56:00","date_gmt":"2021-01-09T17:56:00","guid":{"rendered":"https:\/\/3-mmckopen.nl\/?page_id=232"},"modified":"2025-12-04T15:31:44","modified_gmt":"2025-12-04T14:31:44","slug":"over-3mmc-kopen","status":"publish","type":"page","link":"https:\/\/3-mmckopen.nl\/de\/over-3mmc-kopen\/","title":{"rendered":"Etwa 3MMC"},"content":{"rendered":"<h3 class=\"wp-block-heading\" id=\"h-wat-is-3mmc\"><strong>Was ist 3MMC?<\/strong><\/h3>\r\n\r\n\r\n\r\n<p class=\"has-small-font-size\"><strong>3MMC (auch \u201ePoes\u201c oder \u201e3m\u201c genannt) wird normalerweise als kristallines wei\u00dfes Pulver verkauft. Schlie\u00dflich gibt es 3MMC seit 2012<\/strong> bereits auf dem Markt. Dieser ist sehr kurz und wird daher auch NPS genannt. Auf der anderen Seite geht es um diesen NPS <strong>sehr wenig bekannt. Oft gibt es immer noch<\/strong> <strong>Es wurden nur wenige oder gar keine Untersuchungen durchgef\u00fchrt. Es gibt also auch wenig Wissen \u00fcber 3MMC.<\/strong><\/p>\r\n\r\n\r\n\r\n<p class=\"has-small-font-size\">3MMC lijkt erg op zijn grote broer\u00a04-MMC\u00a0(\u2018Mephedrone\u2019 of \u2018Miauw\u2019). Dat wil niet zeggen dat de effecten en risico\u2019s hetzelfde zijn. In 2012 werd 4-MMC verboden en werd 3MMC als alternatief verkocht.\u00a0<\/p>\r\n\r\n\r\n\r\n<h3 class=\"wp-block-heading\" id=\"block-af3ebca5-0170-4ed6-b3f0-045ae9e6b74b\"><strong>Wie viele Menschen nutzen 3MMC in den Niederlanden?<\/strong><\/h3>\r\n\r\n\r\n\r\n<p class=\"has-small-font-size\">Er is (nog) niet onderzocht hoeveel mensen in Nederland 3-MMC gebruiken. Wel zijn er tekens dat het gebruik stijgt en er vaker\u00a0vergiftigingen\u00a0voorkomen. Het is opvallend dat de signalen van stijgend gebruik veel uit dezelfde regio\u2019s komen. Dit doet vermoeden dat gebruik minder verspreid is door Nederland en dat gebruikers vaak uit dezelfde plaatsen komen.<\/p>\r\n\r\n\r\n\r\n<p class=\"has-small-font-size\">Uit\u00a0Het Grote Uitgaansonderzoek 2020\u00a0blijkt dat er duidelijke tekenen zijn voor een stijging in het gebruik van 3MMC. In 2020 gaf 8,9% van de onderzochte uitgaanders aan in het afgelopen jaar wel eens 3-MMC gebruikt te hebben. Het gebruik ooit in het leven (11%) lag daar dicht bij, wat een aanwijzing is dat de meeste gebruikers pas geleden voor het eerst 3MMC hebben gebruikt. Informatie uit andere Trimbos-onderzoeken wijst ook voorzichtig op een stijging in het gebruik van 3MMC.<\/p>\r\n\r\n\r\n\r\n<h3 class=\"wp-block-heading\" id=\"block-af3ebca5-0170-4ed6-b3f0-045ae9e6b74b\"><strong>Betrieb von 3MMC<\/strong><\/h3>\r\n\r\n\r\n\r\n<p class=\"has-small-font-size\">De effecten van kunnen wat lijken op die van\u00a0MDMA\u00a0en\u00a0coca\u00efne. Gebruikers voelen zich alert, blij en voelen vervolgens geen vermoeidheid. Ze hebben vaak behoefte om contact te maken met anderen. Ook ervaren ze ten slotte meer zelfvertrouwen en soms meer zin in seks.<\/p>\r\n\r\n\r\n\r\n<h3 class=\"wp-block-heading\" id=\"block-af3ebca5-0170-4ed6-b3f0-045ae9e6b74b\"><strong>Risiken von 3MMC<\/strong><\/h3>\r\n\r\n\r\n\r\n<p class=\"has-small-font-size\">Es wurden noch keine Studien zu den Risiken von 3MMC beim Menschen durchgef\u00fchrt. Es ist jedoch klar, dass hohe Dosen und die Kombination mit anderen Drogen oder Alkohol die Risiken erh\u00f6hen. Benutzer dieser Droge sind daher ihre eigenen Versuchskaninchen.<\/p>\r\n\r\n\r\n\r\n<p class=\"has-small-font-size\">Einige Benutzer geben auch an, dass die Einnahme einen schweren Kater hervorrufen kann: ein M\u00fcdigkeitsgef\u00fchl aufgrund von Schlafmangel und nicht ausreichender\/nicht ausreichender Nahrungsaufnahme.\u00a0\u00a0<\/p>\r\n\r\n\r\n\r\n<h3 class=\"wp-block-heading\" id=\"block-af3ebca5-0170-4ed6-b3f0-045ae9e6b74b\"><strong>Sucht<\/strong><\/h3>\r\n\r\n\r\n\r\n<p class=\"has-small-font-size\">Schlie\u00dflich k\u00f6nnen Sie von 3-MMC abh\u00e4ngig werden. Es wird vermutet, dass 3MMC st\u00e4rker abh\u00e4ngig macht als andere Medikamente. Dies liegt wahrscheinlich daran, dass Benutzer w\u00e4hrend der Anwendung ein starkes \u201eVerlangen\u201c versp\u00fcren. Ein Verlangen ist ein starker Drang, mehr oder mehr zu konsumieren.\u00a0<\/p>\r\n\r\n\r\n\r\n<h3 class=\"wp-block-heading\" id=\"block-af3ebca5-0170-4ed6-b3f0-045ae9e6b74b\"><strong>Gesetzgebung<\/strong><\/h3>\r\n\r\n\r\n\r\n<p class=\"has-small-font-size\">Derzeit ist 3-MMC noch nicht verboten. 3MMC unterliegt derzeit dem Commodities Act. Die Regierung arbeitet jedoch an einem Gesetz, das NPS-Gruppen sofort verbieten soll. 3-MMC und viele andere NPS w\u00fcrden damit verboten.<\/p>\r\n\r\n\r\n\r\n<p class=\"has-small-font-size\">Die bereitgestellten Informationen stellen daher keine Beratung dar und k\u00f6nnen daher nicht als solche gewertet werden. Allerdings ist 3MMC nicht f\u00fcr den menschlichen Verzehr geeignet und daher darf 3-MMC nur f\u00fcr Forschungszwecke verwendet werden.<\/p>\r\n\r\n\r\n\r\n<div class=\"wp-block-buttons is-layout-flex wp-block-buttons-is-layout-flex\">\r\n<div class=\"wp-block-button\"><a class=\"wp-block-button__link\" href=\"https:\/\/3-mmckopen.nl\/de\/winkel\/\">Gehen Sie zu unserem Webshop<\/a><\/div>\r\n<\/div>\r\n\r\n\r\n\r\n<div class=\"wp-block-buttons is-layout-flex wp-block-buttons-is-layout-flex\">\r\n<div class=\"wp-block-button\"><a class=\"wp-block-button__link\" href=\"https:\/\/3-mmckopen.nl\/de\/\">Besuche unsere Homepage<\/a><\/div>\r\n<\/div>\r\n\r\n\r\n\r\n<p>&nbsp;<\/p>","protected":false},"excerpt":{"rendered":"<p>Wat is 3MMC? 3MMC (ook wel \u2018Poes\u2019 of \u20183m\u2019 genoemd) wordt meestal verkocht als kristalachtig wit poeder. 3MMC is ten slotte is sinds 2012 al op de markt. Dit is erg kort en wordt daarom ook wel een\u00a0NPS genoemd. Over deze NPS is daarentegen erg weinig bekend. Vaak is er toch nog geen of amper [&hellip;]<\/p>\n","protected":false},"author":199606847,"featured_media":0,"parent":0,"menu_order":0,"comment_status":"closed","ping_status":"closed","template":"","meta":{"site-sidebar-layout":"default","site-content-layout":"default","ast-site-content-layout":"default","site-content-style":"default","site-sidebar-style":"default","ast-global-header-display":"","ast-banner-title-visibility":"","ast-main-header-display":"","ast-hfb-above-header-display":"","ast-hfb-below-header-display":"","ast-hfb-mobile-header-display":"","site-post-title":"","ast-breadcrumbs-content":"","ast-featured-img":"","footer-sml-layout":"","theme-transparent-header-meta":"default","adv-header-id-meta":"","stick-header-meta":"default","header-above-stick-meta":"","header-main-stick-meta":"","header-below-stick-meta":"","astra-migrate-meta-layouts":"set","ast-page-background-enabled":"default","ast-page-background-meta":{"desktop":{"background-color":"","background-image":"","background-repeat":"repeat","background-position":"center center","background-size":"auto","background-attachment":"scroll","background-type":"","background-media":"","overlay-type":"","overlay-color":"","overlay-opacity":"","overlay-gradient":""},"tablet":{"background-color":"","background-image":"","background-repeat":"repeat","background-position":"center center","background-size":"auto","background-attachment":"scroll","background-type":"","background-media":"","overlay-type":"","overlay-color":"","overlay-opacity":"","overlay-gradient":""},"mobile":{"background-color":"","background-image":"","background-repeat":"repeat","background-position":"center center","background-size":"auto","background-attachment":"scroll","background-type":"","background-media":"","overlay-type":"","overlay-color":"","overlay-opacity":"","overlay-gradient":""}},"ast-content-background-meta":{"desktop":{"background-color":"var(--ast-global-color-5)","background-image":"","background-repeat":"repeat","background-position":"center center","background-size":"auto","background-attachment":"scroll","background-type":"","background-media":"","overlay-type":"","overlay-color":"","overlay-opacity":"","overlay-gradient":""},"tablet":{"background-color":"var(--ast-global-color-5)","background-image":"","background-repeat":"repeat","background-position":"center center","background-size":"auto","background-attachment":"scroll","background-type":"","background-media":"","overlay-type":"","overlay-color":"","overlay-opacity":"","overlay-gradient":""},"mobile":{"background-color":"var(--ast-global-color-5)","background-image":"","background-repeat":"repeat","background-position":"center center","background-size":"auto","background-attachment":"scroll","background-type":"","background-media":"","overlay-type":"","overlay-color":"","overlay-opacity":"","overlay-gradient":""}},"footnotes":""},"class_list":["post-232","page","type-page","status-publish","hentry"],"yoast_head":"<!-- This site is optimized with the Yoast SEO plugin v27.3 - https:\/\/yoast.com\/product\/yoast-seo-wordpress\/ -->\n<title>Over Ons: Alles over 3-MMC | 3-mmckopen.nl<\/title>\n<meta name=\"description\" content=\"Over 3-MMC Kopen. Wie zijn wij? Jouw betrouwbare partner voor Research Chemicals. Altijd Topkwaliteit. Discreet &amp; Anoniem verzonden. Lees meer\" \/>\n<meta name=\"robots\" content=\"index, follow, max-snippet:-1, max-image-preview:large, max-video-preview:-1\" \/>\n<link rel=\"canonical\" href=\"https:\/\/3-mmckopen.nl\/de\/over-3mmc-kopen\/\" \/>\n<meta property=\"og:locale\" content=\"de_DE\" \/>\n<meta property=\"og:type\" content=\"article\" \/>\n<meta property=\"og:title\" content=\"Over Ons: Alles over 3-MMC | 3-mmckopen.nl\" \/>\n<meta property=\"og:description\" content=\"Over 3-MMC Kopen. Wie zijn wij? Jouw betrouwbare partner voor Research Chemicals. Altijd Topkwaliteit. Discreet &amp; Anoniem verzonden. Lees meer\" \/>\n<meta property=\"og:url\" content=\"https:\/\/3-mmckopen.nl\/de\/over-3mmc-kopen\/\" \/>\n<meta property=\"og:site_name\" content=\"3MMC kopen\" \/>\n<meta property=\"article:modified_time\" content=\"2025-12-04T14:31:44+00:00\" \/>\n<meta property=\"og:image\" content=\"https:\/\/3-mmckopen.nl\/wp-content\/uploads\/2024\/03\/3mmckopennl.webp\" \/>\n\t<meta property=\"og:image:width\" content=\"300\" \/>\n\t<meta property=\"og:image:height\" content=\"118\" \/>\n\t<meta property=\"og:image:type\" content=\"image\/webp\" \/>\n<meta name=\"twitter:card\" content=\"summary_large_image\" \/>\n<meta name=\"twitter:label1\" content=\"Gesch\u00e4tzte Lesezeit\" \/>\n\t<meta name=\"twitter:data1\" content=\"3\u00a0Minuten\" \/>\n<script type=\"application\/ld+json\" class=\"yoast-schema-graph\">{\"@context\":\"https:\\\/\\\/schema.org\",\"@graph\":[{\"@type\":[\"WebPage\",\"AboutPage\"],\"@id\":\"https:\\\/\\\/3-mmckopen.nl\\\/over-3mmc-kopen\\\/\",\"url\":\"https:\\\/\\\/3-mmckopen.nl\\\/over-3mmc-kopen\\\/\",\"name\":\"Over Ons: Alles over 3-MMC | 3-mmckopen.nl\",\"isPartOf\":{\"@id\":\"https:\\\/\\\/3-mmckopen.nl\\\/#website\"},\"datePublished\":\"2021-01-09T17:56:00+00:00\",\"dateModified\":\"2025-12-04T14:31:44+00:00\",\"description\":\"Over 3-MMC Kopen. Wie zijn wij? Jouw betrouwbare partner voor Research Chemicals. Altijd Topkwaliteit. Discreet & Anoniem verzonden. Lees meer\",\"breadcrumb\":{\"@id\":\"https:\\\/\\\/3-mmckopen.nl\\\/over-3mmc-kopen\\\/#breadcrumb\"},\"inLanguage\":\"de\",\"potentialAction\":[{\"@type\":\"ReadAction\",\"target\":[\"https:\\\/\\\/3-mmckopen.nl\\\/over-3mmc-kopen\\\/\"]}]},{\"@type\":\"BreadcrumbList\",\"@id\":\"https:\\\/\\\/3-mmckopen.nl\\\/over-3mmc-kopen\\\/#breadcrumb\",\"itemListElement\":[{\"@type\":\"ListItem\",\"position\":1,\"name\":\"Home\",\"item\":\"https:\\\/\\\/3-mmckopen.nl\\\/\"},{\"@type\":\"ListItem\",\"position\":2,\"name\":\"Over 3MMC\"}]},{\"@type\":\"WebSite\",\"@id\":\"https:\\\/\\\/3-mmckopen.nl\\\/#website\",\"url\":\"https:\\\/\\\/3-mmckopen.nl\\\/\",\"name\":\"3MMC kopen\",\"description\":\"VOOR ALLE THUIS CHEMISI EN ONDERZOEKERS ONDER ONS\",\"publisher\":{\"@id\":\"https:\\\/\\\/3-mmckopen.nl\\\/#organization\"},\"potentialAction\":[{\"@type\":\"SearchAction\",\"target\":{\"@type\":\"EntryPoint\",\"urlTemplate\":\"https:\\\/\\\/3-mmckopen.nl\\\/?s={search_term_string}\"},\"query-input\":{\"@type\":\"PropertyValueSpecification\",\"valueRequired\":true,\"valueName\":\"search_term_string\"}}],\"inLanguage\":\"de\"},{\"@type\":\"Organization\",\"@id\":\"https:\\\/\\\/3-mmckopen.nl\\\/#organization\",\"name\":\"3mmc kopen\",\"url\":\"https:\\\/\\\/3-mmckopen.nl\\\/\",\"logo\":{\"@type\":\"ImageObject\",\"inLanguage\":\"de\",\"@id\":\"https:\\\/\\\/3-mmckopen.nl\\\/#\\\/schema\\\/logo\\\/image\\\/\",\"url\":\"https:\\\/\\\/3-mmckopen.nl\\\/wp-content\\\/uploads\\\/2024\\\/03\\\/3mmckopennl.webp\",\"contentUrl\":\"https:\\\/\\\/3-mmckopen.nl\\\/wp-content\\\/uploads\\\/2024\\\/03\\\/3mmckopennl.webp\",\"width\":300,\"height\":118,\"caption\":\"3mmc kopen\"},\"image\":{\"@id\":\"https:\\\/\\\/3-mmckopen.nl\\\/#\\\/schema\\\/logo\\\/image\\\/\"},\"sameAs\":[\"https:\\\/\\\/www.instagram.com\\\/dehuisprofessor\\\/\",\"https:\\\/\\\/nl.pinterest.com\\\/dehuisprofessor\\\/\",\"https:\\\/\\\/www.youtube.com\\\/channel\\\/UCsGzCVJiHsWLILEEHDzCNqA\"]}]}<\/script>\n<!-- \/ Yoast SEO plugin. -->","yoast_head_json":{"title":"Over Ons: Alles over 3-MMC | 3-mmckopen.nl","description":"Over 3-MMC Kopen. Wie zijn wij? Jouw betrouwbare partner voor Research Chemicals. Altijd Topkwaliteit. Discreet & Anoniem verzonden. Lees meer","robots":{"index":"index","follow":"follow","max-snippet":"max-snippet:-1","max-image-preview":"max-image-preview:large","max-video-preview":"max-video-preview:-1"},"canonical":"https:\/\/3-mmckopen.nl\/de\/over-3mmc-kopen\/","og_locale":"de_DE","og_type":"article","og_title":"Over Ons: Alles over 3-MMC | 3-mmckopen.nl","og_description":"Over 3-MMC Kopen. Wie zijn wij? Jouw betrouwbare partner voor Research Chemicals. Altijd Topkwaliteit. Discreet & Anoniem verzonden. Lees meer","og_url":"https:\/\/3-mmckopen.nl\/de\/over-3mmc-kopen\/","og_site_name":"3MMC kopen","article_modified_time":"2025-12-04T14:31:44+00:00","og_image":[{"width":300,"height":118,"url":"https:\/\/3-mmckopen.nl\/wp-content\/uploads\/2024\/03\/3mmckopennl.webp","type":"image\/webp"}],"twitter_card":"summary_large_image","twitter_misc":{"Gesch\u00e4tzte Lesezeit":"3\u00a0Minuten"},"schema":{"@context":"https:\/\/schema.org","@graph":[{"@type":["WebPage","AboutPage"],"@id":"https:\/\/3-mmckopen.nl\/over-3mmc-kopen\/","url":"https:\/\/3-mmckopen.nl\/over-3mmc-kopen\/","name":"Over Ons: Alles over 3-MMC | 3-mmckopen.nl","isPartOf":{"@id":"https:\/\/3-mmckopen.nl\/#website"},"datePublished":"2021-01-09T17:56:00+00:00","dateModified":"2025-12-04T14:31:44+00:00","description":"Over 3-MMC Kopen. Wie zijn wij? Jouw betrouwbare partner voor Research Chemicals. Altijd Topkwaliteit. Discreet & Anoniem verzonden. Lees meer","breadcrumb":{"@id":"https:\/\/3-mmckopen.nl\/over-3mmc-kopen\/#breadcrumb"},"inLanguage":"de","potentialAction":[{"@type":"ReadAction","target":["https:\/\/3-mmckopen.nl\/over-3mmc-kopen\/"]}]},{"@type":"BreadcrumbList","@id":"https:\/\/3-mmckopen.nl\/over-3mmc-kopen\/#breadcrumb","itemListElement":[{"@type":"ListItem","position":1,"name":"Home","item":"https:\/\/3-mmckopen.nl\/"},{"@type":"ListItem","position":2,"name":"Over 3MMC"}]},{"@type":"WebSite","@id":"https:\/\/3-mmckopen.nl\/#website","url":"https:\/\/3-mmckopen.nl\/","name":"3MMC kaufen","description":"F\u00dcR ALLE HOME CHEMISI UND FORSCHER UNTER UNS","publisher":{"@id":"https:\/\/3-mmckopen.nl\/#organization"},"potentialAction":[{"@type":"SearchAction","target":{"@type":"EntryPoint","urlTemplate":"https:\/\/3-mmckopen.nl\/?s={search_term_string}"},"query-input":{"@type":"PropertyValueSpecification","valueRequired":true,"valueName":"search_term_string"}}],"inLanguage":"de"},{"@type":"Organization","@id":"https:\/\/3-mmckopen.nl\/#organization","name":"3mmc kopen","url":"https:\/\/3-mmckopen.nl\/","logo":{"@type":"ImageObject","inLanguage":"de","@id":"https:\/\/3-mmckopen.nl\/#\/schema\/logo\/image\/","url":"https:\/\/3-mmckopen.nl\/wp-content\/uploads\/2024\/03\/3mmckopennl.webp","contentUrl":"https:\/\/3-mmckopen.nl\/wp-content\/uploads\/2024\/03\/3mmckopennl.webp","width":300,"height":118,"caption":"3mmc kopen"},"image":{"@id":"https:\/\/3-mmckopen.nl\/#\/schema\/logo\/image\/"},"sameAs":["https:\/\/www.instagram.com\/dehuisprofessor\/","https:\/\/nl.pinterest.com\/dehuisprofessor\/","https:\/\/www.youtube.com\/channel\/UCsGzCVJiHsWLILEEHDzCNqA"]}]}},"_links":{"self":[{"href":"https:\/\/3-mmckopen.nl\/de\/wp-json\/wp\/v2\/pages\/232","targetHints":{"allow":["GET"]}}],"collection":[{"href":"https:\/\/3-mmckopen.nl\/de\/wp-json\/wp\/v2\/pages"}],"about":[{"href":"https:\/\/3-mmckopen.nl\/de\/wp-json\/wp\/v2\/types\/page"}],"author":[{"embeddable":true,"href":"https:\/\/3-mmckopen.nl\/de\/wp-json\/wp\/v2\/users\/199606847"}],"replies":[{"embeddable":true,"href":"https:\/\/3-mmckopen.nl\/de\/wp-json\/wp\/v2\/comments?post=232"}],"version-history":[{"count":1,"href":"https:\/\/3-mmckopen.nl\/de\/wp-json\/wp\/v2\/pages\/232\/revisions"}],"predecessor-version":[{"id":79030,"href":"https:\/\/3-mmckopen.nl\/de\/wp-json\/wp\/v2\/pages\/232\/revisions\/79030"}],"wp:attachment":[{"href":"https:\/\/3-mmckopen.nl\/de\/wp-json\/wp\/v2\/media?parent=232"}],"curies":[{"name":"wp","href":"https:\/\/api.w.org\/{rel}","templated":true}]}}