{"id":287,"date":"2021-01-09T22:08:52","date_gmt":"2021-01-09T21:08:52","guid":{"rendered":"https:\/\/3-mmckopen.nl\/?page_id=287"},"modified":"2025-12-04T15:34:53","modified_gmt":"2025-12-04T14:34:53","slug":"verzending-en-levering","status":"publish","type":"page","link":"https:\/\/3-mmckopen.nl\/de\/verzending-en-levering\/","title":{"rendered":"Versand und Lieferung"},"content":{"rendered":"<div data-elementor-type=\"wp-page\" data-elementor-id=\"287\" class=\"elementor elementor-287\" data-elementor-post-type=\"page\">\n\t\t\t\t\t\t<section class=\"elementor-section elementor-top-section elementor-element elementor-element-77fb5336 elementor-section-boxed elementor-section-height-default elementor-section-height-default\" data-id=\"77fb5336\" data-element_type=\"section\" data-e-type=\"section\">\n\t\t\t\t\t\t<div class=\"elementor-container elementor-column-gap-default\">\n\t\t\t\t\t<div class=\"elementor-column elementor-col-100 elementor-top-column elementor-element elementor-element-4012bb21\" data-id=\"4012bb21\" data-element_type=\"column\" data-e-type=\"column\">\n\t\t\t<div class=\"elementor-widget-wrap elementor-element-populated\">\n\t\t\t\t\t\t<div class=\"elementor-element elementor-element-42e7fe09 elementor-widget elementor-widget-text-editor\" data-id=\"42e7fe09\" data-element_type=\"widget\" data-e-type=\"widget\" data-widget_type=\"text-editor.default\">\n\t\t\t\t<div class=\"elementor-widget-container\">\n\t\t\t\t\t\t\t\t\t<p><\/p>\n<figure class=\"wp-block-image size-large is-resized\"><img decoding=\"async\" class=\"alignnone wp-image-432 size-thumbnail\" src=\"https:\/\/3-mmckopen.nl\/wp-content\/uploads\/2021\/01\/PostNL_Logo_750-150x150.jpg\" alt=\"\" width=\"150\" height=\"150\" srcset=\"https:\/\/3-mmckopen.nl\/wp-content\/uploads\/2021\/01\/PostNL_Logo_750-150x150.jpg 150w, https:\/\/3-mmckopen.nl\/wp-content\/uploads\/2021\/01\/PostNL_Logo_750-300x300.jpg 300w, https:\/\/3-mmckopen.nl\/wp-content\/uploads\/2021\/01\/PostNL_Logo_750-100x100.jpg 100w, https:\/\/3-mmckopen.nl\/wp-content\/uploads\/2021\/01\/PostNL_Logo_750-600x600.jpg 600w, https:\/\/3-mmckopen.nl\/wp-content\/uploads\/2021\/01\/PostNL_Logo_750-64x64.jpg 64w, https:\/\/3-mmckopen.nl\/wp-content\/uploads\/2021\/01\/PostNL_Logo_750-400x400.jpg 400w, https:\/\/3-mmckopen.nl\/wp-content\/uploads\/2021\/01\/PostNL_Logo_750-200x200.jpg 200w, https:\/\/3-mmckopen.nl\/wp-content\/uploads\/2021\/01\/PostNL_Logo_750.jpg 750w\" sizes=\"(max-width: 150px) 100vw, 150px\" \/><\/figure>\n<p><\/p>\n<p><\/p>\n<h2 id=\"h-verzending-en-levering\" class=\"has-text-align-center wp-block-heading\"><strong>Versand und Lieferung<\/strong><\/h2>\n<p><\/p>\n<p><\/p>\n<h4 id=\"h-betaling-voor-16-00-ontvangen-dezelfde-dag-nog-verzonden\" class=\"has-small-font-size wp-block-heading\"><strong>ZAHLUNG VOR 16:00 UHR EINGEGANGEN \u2013 AM SELBEN TAG VERSENDET<\/strong><\/h4>\n<p><\/p>\n<p><\/p>\n<p class=\"has-small-font-size\">Sie m\u00f6chten 3-CMC \u00fcber das Internet kaufen, haben aber Zweifel am Versand und der Lieferung von 3-CMC. Nicht jeder muss wissen, was Sie bestellt haben, daher ber\u00fccksichtigen wir dies.<\/p>\n<p><\/p>\n<p><\/p>\n<p class=\"has-small-font-size\"><strong>Bitte beachten Sie: Aufgrund der Sperrung kann es aufgrund des Andrangs bei Post NL l\u00e4nger dauern, bis Sie Ihr Paket erhalten. Stellen Sie daher sicher, dass Sie rechtzeitig bestellen.<\/strong><\/p>\n<p><\/p>\n<p><\/p>\n<p class=\"has-small-font-size\">app16847.cloudwayssites.com haftet nicht f\u00fcr die Lieferzeit eines bestellten Pakets.<\/p>\n<p><\/p>\n<p><\/p>\n<p class=\"has-small-font-size\">1. W\u00e4hlen Sie ein Produkt aus unserem Webshop und bestellen Sie es<\/p>\n<p><\/p>\n<p><\/p>\n<p class=\"has-small-font-size\">2. Wir senden Ihnen eine Zahlungsaufforderung per WhatsApp oder zahlen schnell und einfach per Direkt\u00fcberweisung<\/p>\n<p><\/p>\n<p><\/p>\n<p class=\"has-small-font-size\">3. Das Produkt ist diskret verpackt<\/p>\n<p><\/p>\n<p><\/p>\n<p class=\"has-small-font-size\">4. Das Paket wird mit PostNL verschickt<\/p>\n<p><\/p>\n<p><\/p>\n<h4 class=\"wp-block-heading\" id=\"h-discreet-verpakt\"><strong>Diskret verpackt<\/strong><\/h4>\n<p><\/p>\n<p><\/p>\n<p class=\"has-small-font-size\">Wir versenden unsere 3-CMC in nicht erkennbaren Umschl\u00e4gen. So kann von au\u00dfen niemand sehen, was Sie bestellt haben!<\/p>\n<p><\/p>\n<p><\/p>\n<h4 class=\"wp-block-heading\" id=\"h-gratis-snelle-en-veilige-verzending\"><strong>Kostenloser, schneller und sicherer Versand<\/strong><\/h4>\n<p><\/p>\n<p><\/p>\n<p class=\"has-small-font-size\">Bei uns zahlen Sie keine Versandkosten f\u00fcr den Standardversand (eigenes Risiko). Sie k\u00f6nnen Ihr Paket wahlweise mit Sendungsverfolgung f\u00fcr 6 \u20ac oder per Einschreiben f\u00fcr 10,95 \u20ac versenden lassen. Hier bekommst du eins <strong>&quot;Sendungsverfolgung&quot;<\/strong> Code per E-Mail gesendet, damit Sie Ihre Bestellung verfolgen k\u00f6nnen. Wir versenden unsere Bestellungen mit <a href=\"https:\/\/www.postnl.nl\/\">PostNL<\/a>.<\/p>\n<p><\/p>\n<p><\/p>\n<h4 class=\"wp-block-heading\" id=\"h-betalen-met-een-directe-bankoverschrijving-of-betaalverzoek\"><strong>Bezahlen Sie per Direkt\u00fcberweisung oder Zahlungsaufforderung<\/strong><\/h4>\n<p><\/p>\n<p><\/p>\n<p class=\"has-small-font-size\">Wir bevorzugen Direktzahlungen per Bank\u00fcberweisung, da diese schnell und sicher sind. Innerhalb weniger Sekunden ist das Geld auf unserem Konto und wir k\u00f6nnen mit der Vorbereitung und dem Versand Ihrer Bestellung beginnen. Selbstverst\u00e4ndlich k\u00f6nnen Sie auch \u00fcber eine Zahlungsaufforderung auf WhatsApp bezahlen.\u00a0<strong style=\"font-size: var(--wp--preset--font-size--small); font-style: inherit; color: var( --e-global-color-text ); font-family: var( --e-global-typography-text-font-family ), Sans-serif;\">Wir senden Ihnen eine WhatsApp-Nachricht mit einer Zahlungsaufforderung und Ihrer Bestellnummer.<\/strong><\/p>\n<p><\/p>\n<p><\/p>\n<p class=\"has-small-font-size\"><strong style=\"color: var(--ast-global-color-2); font-size: 1.33333rem; font-style: inherit; font-family: var( --e-global-typography-text-font-family ), Sans-serif;\">Was ist eine Direkt\u00fcberweisung?<\/strong><\/p>\n<p><\/p>\n<p><\/p>\n<p class=\"has-small-font-size\">A &#039;<strong>Direkte \u00dcberweisung<\/strong>&#039; ist ein\u00a0<strong>\u00dcberbuchung<\/strong>\u00a0Das\u00a0<strong>sofort<\/strong>\u00a0wird dem Konto der Person gutgeschrieben, an die das Geld \u00fcberwiesen wird. Der Empf\u00e4nger hat das Geld innerhalb von Sekunden auf seinem Konto. 24 Stunden am Tag, 365 Tage im Jahr, auch nachts sowie an Sonn- und Feiertagen.<\/p>\n<p><\/p>\n<p><\/p>\n<h4 class=\"wp-block-heading\" id=\"h-is-een-directe-bankoverschrijving-veilig\"><strong>Ist eine direkte Bank\u00fcberweisung sicher?<\/strong><\/h4>\n<p><\/p>\n<p><\/p>\n<p class=\"has-small-font-size\">Ja. Das Bezahlen mit dieser Methode ist 100% sicher und diskret.<\/p>\n<p><\/p>\n<p><\/p>\n<h4 class=\"wp-block-heading\" id=\"h-heb-ik-iets-nodig-om-te-betalen-met-een-directe-bankoverschrijving\"><strong>Ben\u00f6tige ich etwas, um mit einer Direkt\u00fcberweisung zu bezahlen?<\/strong><\/h4>\n<p><\/p>\n<p><\/p>\n<p class=\"has-small-font-size\">Um mit dieser Methode zu bezahlen, ben\u00f6tigen Sie einen Internet- oder Telefonbanking-Dienst.<\/p>\n<p><\/p>\n<p><\/p>\n<div class=\"wp-block-buttons is-layout-flex wp-block-buttons-is-layout-flex\">\n<p><\/p>\n<div class=\"wp-block-button\"><a class=\"wp-block-button__link\" href=\"https:\/\/3-mmckopen.nl\/de\/winkel\/\">Gehen Sie zu unserem Webshop<\/a><\/div>\n<p><\/p>\n<\/div>\n<p><\/p>\n<p><\/p>\n<div class=\"wp-block-buttons is-layout-flex wp-block-buttons-is-layout-flex\">\n<p><\/p>\n<div class=\"wp-block-button\"><a class=\"wp-block-button__link\" href=\"https:\/\/3-mmckopen.nl\/de\/\">Besuche unsere Homepage<\/a><\/div>\n<p><\/p>\n<\/div>\n<p><\/p>\n<p><\/p>\n<div class=\"wp-block-columns is-layout-flex wp-container-core-columns-is-layout-28f84493 wp-block-columns-is-layout-flex\">\n<p><\/p>\n<div class=\"wp-block-column is-layout-flow wp-block-column-is-layout-flow\">\n<p><\/p>\n<p><\/p>\n<\/div>\n<p><\/p>\n<\/div>\n<p><\/p>\n<p><\/p>\n<p><\/p>\t\t\t\t\t\t\t\t<\/div>\n\t\t\t\t<\/div>\n\t\t\t\t\t<\/div>\n\t\t<\/div>\n\t\t\t\t\t<\/div>\n\t\t<\/section>\n\t\t\t\t<\/div>","protected":false},"excerpt":{"rendered":"<p>&nbsp; &nbsp; &nbsp; Verzending en levering &nbsp; &nbsp; BETALING VOOR 16:00 ONTVANGEN &#8211; DEZELFDE DAG NOG VERZONDEN &nbsp; &nbsp; Je wilt 3-CMC kopen via het internet maar twijfelt over de verzending en levering van 3-CMC. Niet iedereen hoeft te weten wat jij besteld hebt daarom houden wij hier rekening mee. &nbsp; &nbsp; Let op: Door [&hellip;]<\/p>\n","protected":false},"author":199606847,"featured_media":0,"parent":0,"menu_order":0,"comment_status":"closed","ping_status":"closed","template":"","meta":{"site-sidebar-layout":"default","site-content-layout":"default","ast-site-content-layout":"default","site-content-style":"default","site-sidebar-style":"default","ast-global-header-display":"","ast-banner-title-visibility":"","ast-main-header-display":"","ast-hfb-above-header-display":"","ast-hfb-below-header-display":"","ast-hfb-mobile-header-display":"","site-post-title":"","ast-breadcrumbs-content":"","ast-featured-img":"","footer-sml-layout":"","theme-transparent-header-meta":"default","adv-header-id-meta":"","stick-header-meta":"","header-above-stick-meta":"","header-main-stick-meta":"","header-below-stick-meta":"","astra-migrate-meta-layouts":"set","ast-page-background-enabled":"default","ast-page-background-meta":{"desktop":{"background-color":"","background-image":"","background-repeat":"repeat","background-position":"center center","background-size":"auto","background-attachment":"scroll","background-type":"","background-media":"","overlay-type":"","overlay-color":"","overlay-opacity":"","overlay-gradient":""},"tablet":{"background-color":"","background-image":"","background-repeat":"repeat","background-position":"center center","background-size":"auto","background-attachment":"scroll","background-type":"","background-media":"","overlay-type":"","overlay-color":"","overlay-opacity":"","overlay-gradient":""},"mobile":{"background-color":"","background-image":"","background-repeat":"repeat","background-position":"center center","background-size":"auto","background-attachment":"scroll","background-type":"","background-media":"","overlay-type":"","overlay-color":"","overlay-opacity":"","overlay-gradient":""}},"ast-content-background-meta":{"desktop":{"background-color":"var(--ast-global-color-5)","background-image":"","background-repeat":"repeat","background-position":"center center","background-size":"auto","background-attachment":"scroll","background-type":"","background-media":"","overlay-type":"","overlay-color":"","overlay-opacity":"","overlay-gradient":""},"tablet":{"background-color":"var(--ast-global-color-5)","background-image":"","background-repeat":"repeat","background-position":"center center","background-size":"auto","background-attachment":"scroll","background-type":"","background-media":"","overlay-type":"","overlay-color":"","overlay-opacity":"","overlay-gradient":""},"mobile":{"background-color":"var(--ast-global-color-5)","background-image":"","background-repeat":"repeat","background-position":"center center","background-size":"auto","background-attachment":"scroll","background-type":"","background-media":"","overlay-type":"","overlay-color":"","overlay-opacity":"","overlay-gradient":""}},"footnotes":""},"class_list":["post-287","page","type-page","status-publish","hentry"],"yoast_head":"<!-- This site is optimized with the Yoast SEO plugin v27.4 - https:\/\/yoast.com\/product\/yoast-seo-wordpress\/ -->\n<title>Verzending en Levering Info | 3-mmckopen.nl<\/title>\n<meta name=\"description\" content=\"Alles over verzending en levering. Wij versturen altijd Discreet &amp; Anoniem in blanco dozen. Voor 17:00 besteld = vandaag verzonden! Lees meer.\" \/>\n<meta name=\"robots\" content=\"index, follow, max-snippet:-1, max-image-preview:large, max-video-preview:-1\" \/>\n<link rel=\"canonical\" href=\"https:\/\/3-mmckopen.nl\/de\/verzending-en-levering\/\" \/>\n<meta property=\"og:locale\" content=\"de_DE\" \/>\n<meta property=\"og:type\" content=\"article\" \/>\n<meta property=\"og:title\" content=\"Verzending en Levering Info | 3-mmckopen.nl\" \/>\n<meta property=\"og:description\" content=\"Alles over verzending en levering. Wij versturen altijd Discreet &amp; Anoniem in blanco dozen. Voor 17:00 besteld = vandaag verzonden! Lees meer.\" \/>\n<meta property=\"og:url\" content=\"https:\/\/3-mmckopen.nl\/de\/verzending-en-levering\/\" \/>\n<meta property=\"og:site_name\" content=\"3MMC kopen\" \/>\n<meta property=\"article:modified_time\" content=\"2025-12-04T14:34:53+00:00\" \/>\n<meta property=\"og:image\" content=\"https:\/\/3-mmckopen.nl\/wp-content\/uploads\/2021\/01\/PostNL_Logo_750-150x150.jpg\" \/>\n<meta name=\"twitter:card\" content=\"summary_large_image\" \/>\n<meta name=\"twitter:label1\" content=\"Gesch\u00e4tzte Lesezeit\" \/>\n\t<meta name=\"twitter:data1\" content=\"3\u00a0Minuten\" \/>\n<script type=\"application\/ld+json\" class=\"yoast-schema-graph\">{\"@context\":\"https:\\\/\\\/schema.org\",\"@graph\":[{\"@type\":\"WebPage\",\"@id\":\"https:\\\/\\\/3-mmckopen.nl\\\/verzending-en-levering\\\/\",\"url\":\"https:\\\/\\\/3-mmckopen.nl\\\/verzending-en-levering\\\/\",\"name\":\"Verzending en Levering Info | 3-mmckopen.nl\",\"isPartOf\":{\"@id\":\"https:\\\/\\\/3-mmckopen.nl\\\/#website\"},\"primaryImageOfPage\":{\"@id\":\"https:\\\/\\\/3-mmckopen.nl\\\/verzending-en-levering\\\/#primaryimage\"},\"image\":{\"@id\":\"https:\\\/\\\/3-mmckopen.nl\\\/verzending-en-levering\\\/#primaryimage\"},\"thumbnailUrl\":\"https:\\\/\\\/3-mmckopen.nl\\\/wp-content\\\/uploads\\\/2021\\\/01\\\/PostNL_Logo_750-150x150.jpg\",\"datePublished\":\"2021-01-09T21:08:52+00:00\",\"dateModified\":\"2025-12-04T14:34:53+00:00\",\"description\":\"Alles over verzending en levering. Wij versturen altijd Discreet & Anoniem in blanco dozen. Voor 17:00 besteld = vandaag verzonden! Lees meer.\",\"breadcrumb\":{\"@id\":\"https:\\\/\\\/3-mmckopen.nl\\\/verzending-en-levering\\\/#breadcrumb\"},\"inLanguage\":\"de\",\"potentialAction\":[{\"@type\":\"ReadAction\",\"target\":[\"https:\\\/\\\/3-mmckopen.nl\\\/verzending-en-levering\\\/\"]}]},{\"@type\":\"ImageObject\",\"inLanguage\":\"de\",\"@id\":\"https:\\\/\\\/3-mmckopen.nl\\\/verzending-en-levering\\\/#primaryimage\",\"url\":\"https:\\\/\\\/3-mmckopen.nl\\\/wp-content\\\/uploads\\\/2021\\\/01\\\/PostNL_Logo_750-150x150.jpg\",\"contentUrl\":\"https:\\\/\\\/3-mmckopen.nl\\\/wp-content\\\/uploads\\\/2021\\\/01\\\/PostNL_Logo_750-150x150.jpg\"},{\"@type\":\"BreadcrumbList\",\"@id\":\"https:\\\/\\\/3-mmckopen.nl\\\/verzending-en-levering\\\/#breadcrumb\",\"itemListElement\":[{\"@type\":\"ListItem\",\"position\":1,\"name\":\"Home\",\"item\":\"https:\\\/\\\/3-mmckopen.nl\\\/\"},{\"@type\":\"ListItem\",\"position\":2,\"name\":\"Verzending en levering\"}]},{\"@type\":\"WebSite\",\"@id\":\"https:\\\/\\\/3-mmckopen.nl\\\/#website\",\"url\":\"https:\\\/\\\/3-mmckopen.nl\\\/\",\"name\":\"3MMC kopen\",\"description\":\"VOOR ALLE THUIS CHEMISI EN ONDERZOEKERS ONDER ONS\",\"publisher\":{\"@id\":\"https:\\\/\\\/3-mmckopen.nl\\\/#organization\"},\"potentialAction\":[{\"@type\":\"SearchAction\",\"target\":{\"@type\":\"EntryPoint\",\"urlTemplate\":\"https:\\\/\\\/3-mmckopen.nl\\\/?s={search_term_string}\"},\"query-input\":{\"@type\":\"PropertyValueSpecification\",\"valueRequired\":true,\"valueName\":\"search_term_string\"}}],\"inLanguage\":\"de\"},{\"@type\":\"Organization\",\"@id\":\"https:\\\/\\\/3-mmckopen.nl\\\/#organization\",\"name\":\"3mmc kopen\",\"url\":\"https:\\\/\\\/3-mmckopen.nl\\\/\",\"logo\":{\"@type\":\"ImageObject\",\"inLanguage\":\"de\",\"@id\":\"https:\\\/\\\/3-mmckopen.nl\\\/#\\\/schema\\\/logo\\\/image\\\/\",\"url\":\"https:\\\/\\\/3-mmckopen.nl\\\/wp-content\\\/uploads\\\/2024\\\/03\\\/3mmckopennl.webp\",\"contentUrl\":\"https:\\\/\\\/3-mmckopen.nl\\\/wp-content\\\/uploads\\\/2024\\\/03\\\/3mmckopennl.webp\",\"width\":300,\"height\":118,\"caption\":\"3mmc kopen\"},\"image\":{\"@id\":\"https:\\\/\\\/3-mmckopen.nl\\\/#\\\/schema\\\/logo\\\/image\\\/\"},\"sameAs\":[\"https:\\\/\\\/www.instagram.com\\\/dehuisprofessor\\\/\",\"https:\\\/\\\/nl.pinterest.com\\\/dehuisprofessor\\\/\",\"https:\\\/\\\/www.youtube.com\\\/channel\\\/UCsGzCVJiHsWLILEEHDzCNqA\"]}]}<\/script>\n<!-- \/ Yoast SEO plugin. -->","yoast_head_json":{"title":"Verzending en Levering Info | 3-mmckopen.nl","description":"Alles over verzending en levering. Wij versturen altijd Discreet & Anoniem in blanco dozen. Voor 17:00 besteld = vandaag verzonden! Lees meer.","robots":{"index":"index","follow":"follow","max-snippet":"max-snippet:-1","max-image-preview":"max-image-preview:large","max-video-preview":"max-video-preview:-1"},"canonical":"https:\/\/3-mmckopen.nl\/de\/verzending-en-levering\/","og_locale":"de_DE","og_type":"article","og_title":"Verzending en Levering Info | 3-mmckopen.nl","og_description":"Alles over verzending en levering. Wij versturen altijd Discreet & Anoniem in blanco dozen. Voor 17:00 besteld = vandaag verzonden! Lees meer.","og_url":"https:\/\/3-mmckopen.nl\/de\/verzending-en-levering\/","og_site_name":"3MMC kopen","article_modified_time":"2025-12-04T14:34:53+00:00","og_image":[{"url":"https:\/\/3-mmckopen.nl\/wp-content\/uploads\/2021\/01\/PostNL_Logo_750-150x150.jpg","type":"","width":"","height":""}],"twitter_card":"summary_large_image","twitter_misc":{"Gesch\u00e4tzte Lesezeit":"3\u00a0Minuten"},"schema":{"@context":"https:\/\/schema.org","@graph":[{"@type":"WebPage","@id":"https:\/\/3-mmckopen.nl\/verzending-en-levering\/","url":"https:\/\/3-mmckopen.nl\/verzending-en-levering\/","name":"Verzending en Levering Info | 3-mmckopen.nl","isPartOf":{"@id":"https:\/\/3-mmckopen.nl\/#website"},"primaryImageOfPage":{"@id":"https:\/\/3-mmckopen.nl\/verzending-en-levering\/#primaryimage"},"image":{"@id":"https:\/\/3-mmckopen.nl\/verzending-en-levering\/#primaryimage"},"thumbnailUrl":"https:\/\/3-mmckopen.nl\/wp-content\/uploads\/2021\/01\/PostNL_Logo_750-150x150.jpg","datePublished":"2021-01-09T21:08:52+00:00","dateModified":"2025-12-04T14:34:53+00:00","description":"Alles over verzending en levering. Wij versturen altijd Discreet & Anoniem in blanco dozen. Voor 17:00 besteld = vandaag verzonden! Lees meer.","breadcrumb":{"@id":"https:\/\/3-mmckopen.nl\/verzending-en-levering\/#breadcrumb"},"inLanguage":"de","potentialAction":[{"@type":"ReadAction","target":["https:\/\/3-mmckopen.nl\/verzending-en-levering\/"]}]},{"@type":"ImageObject","inLanguage":"de","@id":"https:\/\/3-mmckopen.nl\/verzending-en-levering\/#primaryimage","url":"https:\/\/3-mmckopen.nl\/wp-content\/uploads\/2021\/01\/PostNL_Logo_750-150x150.jpg","contentUrl":"https:\/\/3-mmckopen.nl\/wp-content\/uploads\/2021\/01\/PostNL_Logo_750-150x150.jpg"},{"@type":"BreadcrumbList","@id":"https:\/\/3-mmckopen.nl\/verzending-en-levering\/#breadcrumb","itemListElement":[{"@type":"ListItem","position":1,"name":"Home","item":"https:\/\/3-mmckopen.nl\/"},{"@type":"ListItem","position":2,"name":"Verzending en levering"}]},{"@type":"WebSite","@id":"https:\/\/3-mmckopen.nl\/#website","url":"https:\/\/3-mmckopen.nl\/","name":"3MMC kaufen","description":"F\u00dcR ALLE HOME CHEMISI UND FORSCHER UNTER UNS","publisher":{"@id":"https:\/\/3-mmckopen.nl\/#organization"},"potentialAction":[{"@type":"SearchAction","target":{"@type":"EntryPoint","urlTemplate":"https:\/\/3-mmckopen.nl\/?s={search_term_string}"},"query-input":{"@type":"PropertyValueSpecification","valueRequired":true,"valueName":"search_term_string"}}],"inLanguage":"de"},{"@type":"Organization","@id":"https:\/\/3-mmckopen.nl\/#organization","name":"3mmc kopen","url":"https:\/\/3-mmckopen.nl\/","logo":{"@type":"ImageObject","inLanguage":"de","@id":"https:\/\/3-mmckopen.nl\/#\/schema\/logo\/image\/","url":"https:\/\/3-mmckopen.nl\/wp-content\/uploads\/2024\/03\/3mmckopennl.webp","contentUrl":"https:\/\/3-mmckopen.nl\/wp-content\/uploads\/2024\/03\/3mmckopennl.webp","width":300,"height":118,"caption":"3mmc kopen"},"image":{"@id":"https:\/\/3-mmckopen.nl\/#\/schema\/logo\/image\/"},"sameAs":["https:\/\/www.instagram.com\/dehuisprofessor\/","https:\/\/nl.pinterest.com\/dehuisprofessor\/","https:\/\/www.youtube.com\/channel\/UCsGzCVJiHsWLILEEHDzCNqA"]}]}},"_links":{"self":[{"href":"https:\/\/3-mmckopen.nl\/de\/wp-json\/wp\/v2\/pages\/287","targetHints":{"allow":["GET"]}}],"collection":[{"href":"https:\/\/3-mmckopen.nl\/de\/wp-json\/wp\/v2\/pages"}],"about":[{"href":"https:\/\/3-mmckopen.nl\/de\/wp-json\/wp\/v2\/types\/page"}],"author":[{"embeddable":true,"href":"https:\/\/3-mmckopen.nl\/de\/wp-json\/wp\/v2\/users\/199606847"}],"replies":[{"embeddable":true,"href":"https:\/\/3-mmckopen.nl\/de\/wp-json\/wp\/v2\/comments?post=287"}],"version-history":[{"count":1,"href":"https:\/\/3-mmckopen.nl\/de\/wp-json\/wp\/v2\/pages\/287\/revisions"}],"predecessor-version":[{"id":79036,"href":"https:\/\/3-mmckopen.nl\/de\/wp-json\/wp\/v2\/pages\/287\/revisions\/79036"}],"wp:attachment":[{"href":"https:\/\/3-mmckopen.nl\/de\/wp-json\/wp\/v2\/media?parent=287"}],"curies":[{"name":"wp","href":"https:\/\/api.w.org\/{rel}","templated":true}]}}