{"id":631,"date":"2021-01-14T02:19:08","date_gmt":"2021-01-14T01:19:08","guid":{"rendered":"https:\/\/3-mmckopen.nl\/?page_id=631"},"modified":"2025-12-04T15:32:29","modified_gmt":"2025-12-04T14:32:29","slug":"privacy-policy","status":"publish","type":"page","link":"https:\/\/3-mmckopen.nl\/de\/privacy-policy\/","title":{"rendered":"Datenschutz-Bestimmungen"},"content":{"rendered":"<p>app16847.cloudwayssites.com garantiert die Privatsph\u00e4re aller Benutzer seiner Website und die pers\u00f6nlichen Daten, die Sie uns zur Verf\u00fcgung stellen, werden jederzeit vertraulich behandelt. Wir verwenden Ihre Daten nur, um Bestellungen schnellstm\u00f6glich und effizient abzuwickeln. Ansonsten verwenden wir diese Daten nur mit Ihrer Einwilligung.<\/p>\r\n\r\n\r\n\r\n<p>app16847.cloudwayssites.com verwendet die gesammelten Daten, um seinen Kunden die folgenden Dienstleistungen anzubieten:<\/p>\r\n\r\n\r\n\r\n<p>Wenn Sie eine Bestellung aufgeben oder ein Angebot anfordern, ben\u00f6tigen wir Ihren Namen, Ihre E-Mail-Adresse, Lieferadresse und Zahlungsdaten, um Ihre Bestellung zu bearbeiten und Sie \u00fcber den Fortschritt auf dem Laufenden zu halten. Um den Einkauf und den Prozess der Angebotsanfrage bei app16847.cloudwayssites.com so attraktiv wie m\u00f6glich zu gestalten, speichern wir mit Ihrer Zustimmung Ihre pers\u00f6nlichen Daten und die Details zu Ihrer Bestellung oder Angebotsanfrage und der Nutzung unserer Dienste. Dadurch k\u00f6nnen wir die Website pers\u00f6nlicher und kundenorientierter gestalten. Wir k\u00f6nnen Ihre E-Mail-Adresse verwenden, um Sie \u00fcber die Entwicklung unserer Website sowie \u00fcber unsere Sonderangebote und Werbeaktionen zu informieren. Wenn Sie dies nicht w\u00fcnschen, k\u00f6nnen Sie sich \u00fcber unsere Website abmelden. Wenn Sie eine Bestellung bei app16847.cloudwayssites.com aufgeben, speichern wir Ihre Daten auf Wunsch auf einem sicheren Server. Damit Sie nicht bei jeder neuen Bestellung Ihren Namen und Ihre Adresse, Telefonnummer, E-Mail-Adresse, Liefer- und Zahlungsdaten erneut eingeben m\u00fcssen, k\u00f6nnen Sie einen Benutzernamen und ein Passwort eingeben. Informationen \u00fcber die Nutzung unserer Website und das Feedback, das wir von unseren Besuchern erhalten, helfen uns, unsere Website und unseren Service weiterzuentwickeln und zu verbessern. Wenn Sie sich entscheiden, eine Bewertung zu schreiben, k\u00f6nnen Sie w\u00e4hlen, ob Sie Ihren Namen oder andere pers\u00f6nliche Informationen hinzuf\u00fcgen m\u00f6chten. Wir sind neugierig auf die Meinungen unserer Besucher, behalten uns jedoch das Recht vor, Beitr\u00e4ge, die nicht unseren Website-Bedingungen entsprechen, nicht zu ver\u00f6ffentlichen. Wenn Sie auf eine Aktion oder ein Gewinnspiel reagieren, fragen wir Sie nach Ihrem Namen, Ihrer Adresse und Ihrer E-Mail-Adresse. Wir verwenden diese Informationen zur Durchf\u00fchrung der Aktion, zur Bekanntgabe des\/der Preistr\u00e4ger(s) und zur Messung der Resonanz auf unsere Marketingkampagnen.<\/p>\r\n\r\n\r\n\r\n<p>app16847.cloudwayssites.com gibt Ihre Daten nicht an Dritte weiter und verkauft sie auch nicht<\/p>\r\n\r\n\r\n\r\n<p>app16847.cloudwayssites.com gibt Ihre pers\u00f6nlichen Daten nicht an Dritte weiter oder verkauft sie nicht an Dritte und stellt sie nur denjenigen zur Verf\u00fcgung, die an der Bearbeitung Ihrer Bestellung beteiligt sind. Unsere Mitarbeiter und von uns beauftragte Dritte sind zur Wahrung der Vertraulichkeit Ihrer Daten verpflichtet.<\/p>","protected":false},"excerpt":{"rendered":"<p>app16847.cloudwayssites.com waarborgt de privacy van alle gebruikers van haar site en te allen tijde wordt de persoonlijke informatie die u aan ons verschaft vertrouwelijk behandeld. Wij gebruiken uw gegevens alleen om de bestellingen zo snel en effici\u00ebnt mogelijk te laten verlopen. Voor het overige gebruiken wij deze gegevens uitsluitend met uw toestemming. app16847.cloudwayssites.com gebruikt de [&hellip;]<\/p>\n","protected":false},"author":199606847,"featured_media":0,"parent":0,"menu_order":0,"comment_status":"closed","ping_status":"closed","template":"","meta":{"site-sidebar-layout":"default","site-content-layout":"","ast-site-content-layout":"default","site-content-style":"default","site-sidebar-style":"default","ast-global-header-display":"","ast-banner-title-visibility":"","ast-main-header-display":"","ast-hfb-above-header-display":"","ast-hfb-below-header-display":"","ast-hfb-mobile-header-display":"","site-post-title":"","ast-breadcrumbs-content":"","ast-featured-img":"","footer-sml-layout":"","theme-transparent-header-meta":"default","adv-header-id-meta":"","stick-header-meta":"","header-above-stick-meta":"","header-main-stick-meta":"","header-below-stick-meta":"","astra-migrate-meta-layouts":"set","ast-page-background-enabled":"default","ast-page-background-meta":{"desktop":{"background-color":"","background-image":"","background-repeat":"repeat","background-position":"center center","background-size":"auto","background-attachment":"scroll","background-type":"","background-media":"","overlay-type":"","overlay-color":"","overlay-opacity":"","overlay-gradient":""},"tablet":{"background-color":"","background-image":"","background-repeat":"repeat","background-position":"center center","background-size":"auto","background-attachment":"scroll","background-type":"","background-media":"","overlay-type":"","overlay-color":"","overlay-opacity":"","overlay-gradient":""},"mobile":{"background-color":"","background-image":"","background-repeat":"repeat","background-position":"center center","background-size":"auto","background-attachment":"scroll","background-type":"","background-media":"","overlay-type":"","overlay-color":"","overlay-opacity":"","overlay-gradient":""}},"ast-content-background-meta":{"desktop":{"background-color":"var(--ast-global-color-5)","background-image":"","background-repeat":"repeat","background-position":"center center","background-size":"auto","background-attachment":"scroll","background-type":"","background-media":"","overlay-type":"","overlay-color":"","overlay-opacity":"","overlay-gradient":""},"tablet":{"background-color":"var(--ast-global-color-5)","background-image":"","background-repeat":"repeat","background-position":"center center","background-size":"auto","background-attachment":"scroll","background-type":"","background-media":"","overlay-type":"","overlay-color":"","overlay-opacity":"","overlay-gradient":""},"mobile":{"background-color":"var(--ast-global-color-5)","background-image":"","background-repeat":"repeat","background-position":"center center","background-size":"auto","background-attachment":"scroll","background-type":"","background-media":"","overlay-type":"","overlay-color":"","overlay-opacity":"","overlay-gradient":""}},"footnotes":""},"class_list":["post-631","page","type-page","status-publish","hentry"],"yoast_head":"<!-- This site is optimized with the Yoast SEO plugin v27.4 - https:\/\/yoast.com\/product\/yoast-seo-wordpress\/ -->\n<title>Privacy Policy &amp; Veiligheid | 3-mmckopen.nl<\/title>\n<meta name=\"description\" content=\"Jouw privacy is heilig. Lees onze Privacy Policy. Wij versturen altijd Discreet &amp; Anoniem. Veilig winkelen en betalen. Bekijk onze beleid.\" \/>\n<meta name=\"robots\" content=\"index, follow, max-snippet:-1, max-image-preview:large, max-video-preview:-1\" \/>\n<link rel=\"canonical\" href=\"https:\/\/3-mmckopen.nl\/de\/privacy-policy\/\" \/>\n<meta property=\"og:locale\" content=\"de_DE\" \/>\n<meta property=\"og:type\" content=\"article\" \/>\n<meta property=\"og:title\" content=\"Privacy Policy &amp; Veiligheid | 3-mmckopen.nl\" \/>\n<meta property=\"og:description\" content=\"Jouw privacy is heilig. Lees onze Privacy Policy. Wij versturen altijd Discreet &amp; Anoniem. Veilig winkelen en betalen. Bekijk onze beleid.\" \/>\n<meta property=\"og:url\" content=\"https:\/\/3-mmckopen.nl\/de\/privacy-policy\/\" \/>\n<meta property=\"og:site_name\" content=\"3MMC kopen\" \/>\n<meta property=\"article:modified_time\" content=\"2025-12-04T14:32:29+00:00\" \/>\n<meta property=\"og:image\" content=\"https:\/\/3-mmckopen.nl\/wp-content\/uploads\/2024\/03\/3mmckopennl.webp\" \/>\n\t<meta property=\"og:image:width\" content=\"300\" \/>\n\t<meta property=\"og:image:height\" content=\"118\" \/>\n\t<meta property=\"og:image:type\" content=\"image\/webp\" \/>\n<meta name=\"twitter:card\" content=\"summary_large_image\" \/>\n<meta name=\"twitter:label1\" content=\"Gesch\u00e4tzte Lesezeit\" \/>\n\t<meta name=\"twitter:data1\" content=\"2\u00a0Minuten\" \/>\n<script type=\"application\/ld+json\" class=\"yoast-schema-graph\">{\"@context\":\"https:\\\/\\\/schema.org\",\"@graph\":[{\"@type\":\"WebPage\",\"@id\":\"https:\\\/\\\/3-mmckopen.nl\\\/privacy-policy\\\/\",\"url\":\"https:\\\/\\\/3-mmckopen.nl\\\/privacy-policy\\\/\",\"name\":\"Privacy Policy & Veiligheid | 3-mmckopen.nl\",\"isPartOf\":{\"@id\":\"https:\\\/\\\/3-mmckopen.nl\\\/#website\"},\"datePublished\":\"2021-01-14T01:19:08+00:00\",\"dateModified\":\"2025-12-04T14:32:29+00:00\",\"description\":\"Jouw privacy is heilig. Lees onze Privacy Policy. Wij versturen altijd Discreet & Anoniem. Veilig winkelen en betalen. Bekijk onze beleid.\",\"breadcrumb\":{\"@id\":\"https:\\\/\\\/3-mmckopen.nl\\\/privacy-policy\\\/#breadcrumb\"},\"inLanguage\":\"de\",\"potentialAction\":[{\"@type\":\"ReadAction\",\"target\":[\"https:\\\/\\\/3-mmckopen.nl\\\/privacy-policy\\\/\"]}]},{\"@type\":\"BreadcrumbList\",\"@id\":\"https:\\\/\\\/3-mmckopen.nl\\\/privacy-policy\\\/#breadcrumb\",\"itemListElement\":[{\"@type\":\"ListItem\",\"position\":1,\"name\":\"Home\",\"item\":\"https:\\\/\\\/3-mmckopen.nl\\\/\"},{\"@type\":\"ListItem\",\"position\":2,\"name\":\"Privacy Policy\"}]},{\"@type\":\"WebSite\",\"@id\":\"https:\\\/\\\/3-mmckopen.nl\\\/#website\",\"url\":\"https:\\\/\\\/3-mmckopen.nl\\\/\",\"name\":\"3MMC kopen\",\"description\":\"VOOR ALLE THUIS CHEMISI EN ONDERZOEKERS ONDER ONS\",\"publisher\":{\"@id\":\"https:\\\/\\\/3-mmckopen.nl\\\/#organization\"},\"potentialAction\":[{\"@type\":\"SearchAction\",\"target\":{\"@type\":\"EntryPoint\",\"urlTemplate\":\"https:\\\/\\\/3-mmckopen.nl\\\/?s={search_term_string}\"},\"query-input\":{\"@type\":\"PropertyValueSpecification\",\"valueRequired\":true,\"valueName\":\"search_term_string\"}}],\"inLanguage\":\"de\"},{\"@type\":\"Organization\",\"@id\":\"https:\\\/\\\/3-mmckopen.nl\\\/#organization\",\"name\":\"3mmc kopen\",\"url\":\"https:\\\/\\\/3-mmckopen.nl\\\/\",\"logo\":{\"@type\":\"ImageObject\",\"inLanguage\":\"de\",\"@id\":\"https:\\\/\\\/3-mmckopen.nl\\\/#\\\/schema\\\/logo\\\/image\\\/\",\"url\":\"https:\\\/\\\/3-mmckopen.nl\\\/wp-content\\\/uploads\\\/2024\\\/03\\\/3mmckopennl.webp\",\"contentUrl\":\"https:\\\/\\\/3-mmckopen.nl\\\/wp-content\\\/uploads\\\/2024\\\/03\\\/3mmckopennl.webp\",\"width\":300,\"height\":118,\"caption\":\"3mmc kopen\"},\"image\":{\"@id\":\"https:\\\/\\\/3-mmckopen.nl\\\/#\\\/schema\\\/logo\\\/image\\\/\"},\"sameAs\":[\"https:\\\/\\\/www.instagram.com\\\/dehuisprofessor\\\/\",\"https:\\\/\\\/nl.pinterest.com\\\/dehuisprofessor\\\/\",\"https:\\\/\\\/www.youtube.com\\\/channel\\\/UCsGzCVJiHsWLILEEHDzCNqA\"]}]}<\/script>\n<!-- \/ Yoast SEO plugin. -->","yoast_head_json":{"title":"Privacy Policy & Veiligheid | 3-mmckopen.nl","description":"Jouw privacy is heilig. Lees onze Privacy Policy. Wij versturen altijd Discreet & Anoniem. Veilig winkelen en betalen. Bekijk onze beleid.","robots":{"index":"index","follow":"follow","max-snippet":"max-snippet:-1","max-image-preview":"max-image-preview:large","max-video-preview":"max-video-preview:-1"},"canonical":"https:\/\/3-mmckopen.nl\/de\/privacy-policy\/","og_locale":"de_DE","og_type":"article","og_title":"Privacy Policy & Veiligheid | 3-mmckopen.nl","og_description":"Jouw privacy is heilig. Lees onze Privacy Policy. Wij versturen altijd Discreet & Anoniem. Veilig winkelen en betalen. Bekijk onze beleid.","og_url":"https:\/\/3-mmckopen.nl\/de\/privacy-policy\/","og_site_name":"3MMC kopen","article_modified_time":"2025-12-04T14:32:29+00:00","og_image":[{"width":300,"height":118,"url":"https:\/\/3-mmckopen.nl\/wp-content\/uploads\/2024\/03\/3mmckopennl.webp","type":"image\/webp"}],"twitter_card":"summary_large_image","twitter_misc":{"Gesch\u00e4tzte Lesezeit":"2\u00a0Minuten"},"schema":{"@context":"https:\/\/schema.org","@graph":[{"@type":"WebPage","@id":"https:\/\/3-mmckopen.nl\/privacy-policy\/","url":"https:\/\/3-mmckopen.nl\/privacy-policy\/","name":"Privacy Policy & Veiligheid | 3-mmckopen.nl","isPartOf":{"@id":"https:\/\/3-mmckopen.nl\/#website"},"datePublished":"2021-01-14T01:19:08+00:00","dateModified":"2025-12-04T14:32:29+00:00","description":"Jouw privacy is heilig. Lees onze Privacy Policy. Wij versturen altijd Discreet & Anoniem. Veilig winkelen en betalen. Bekijk onze beleid.","breadcrumb":{"@id":"https:\/\/3-mmckopen.nl\/privacy-policy\/#breadcrumb"},"inLanguage":"de","potentialAction":[{"@type":"ReadAction","target":["https:\/\/3-mmckopen.nl\/privacy-policy\/"]}]},{"@type":"BreadcrumbList","@id":"https:\/\/3-mmckopen.nl\/privacy-policy\/#breadcrumb","itemListElement":[{"@type":"ListItem","position":1,"name":"Home","item":"https:\/\/3-mmckopen.nl\/"},{"@type":"ListItem","position":2,"name":"Privacy Policy"}]},{"@type":"WebSite","@id":"https:\/\/3-mmckopen.nl\/#website","url":"https:\/\/3-mmckopen.nl\/","name":"3MMC kaufen","description":"F\u00dcR ALLE HOME CHEMISI UND FORSCHER UNTER UNS","publisher":{"@id":"https:\/\/3-mmckopen.nl\/#organization"},"potentialAction":[{"@type":"SearchAction","target":{"@type":"EntryPoint","urlTemplate":"https:\/\/3-mmckopen.nl\/?s={search_term_string}"},"query-input":{"@type":"PropertyValueSpecification","valueRequired":true,"valueName":"search_term_string"}}],"inLanguage":"de"},{"@type":"Organization","@id":"https:\/\/3-mmckopen.nl\/#organization","name":"3mmc kopen","url":"https:\/\/3-mmckopen.nl\/","logo":{"@type":"ImageObject","inLanguage":"de","@id":"https:\/\/3-mmckopen.nl\/#\/schema\/logo\/image\/","url":"https:\/\/3-mmckopen.nl\/wp-content\/uploads\/2024\/03\/3mmckopennl.webp","contentUrl":"https:\/\/3-mmckopen.nl\/wp-content\/uploads\/2024\/03\/3mmckopennl.webp","width":300,"height":118,"caption":"3mmc kopen"},"image":{"@id":"https:\/\/3-mmckopen.nl\/#\/schema\/logo\/image\/"},"sameAs":["https:\/\/www.instagram.com\/dehuisprofessor\/","https:\/\/nl.pinterest.com\/dehuisprofessor\/","https:\/\/www.youtube.com\/channel\/UCsGzCVJiHsWLILEEHDzCNqA"]}]}},"_links":{"self":[{"href":"https:\/\/3-mmckopen.nl\/de\/wp-json\/wp\/v2\/pages\/631","targetHints":{"allow":["GET"]}}],"collection":[{"href":"https:\/\/3-mmckopen.nl\/de\/wp-json\/wp\/v2\/pages"}],"about":[{"href":"https:\/\/3-mmckopen.nl\/de\/wp-json\/wp\/v2\/types\/page"}],"author":[{"embeddable":true,"href":"https:\/\/3-mmckopen.nl\/de\/wp-json\/wp\/v2\/users\/199606847"}],"replies":[{"embeddable":true,"href":"https:\/\/3-mmckopen.nl\/de\/wp-json\/wp\/v2\/comments?post=631"}],"version-history":[{"count":1,"href":"https:\/\/3-mmckopen.nl\/de\/wp-json\/wp\/v2\/pages\/631\/revisions"}],"predecessor-version":[{"id":79031,"href":"https:\/\/3-mmckopen.nl\/de\/wp-json\/wp\/v2\/pages\/631\/revisions\/79031"}],"wp:attachment":[{"href":"https:\/\/3-mmckopen.nl\/de\/wp-json\/wp\/v2\/media?parent=631"}],"curies":[{"name":"wp","href":"https:\/\/api.w.org\/{rel}","templated":true}]}}