{"id":13030,"date":"2022-01-30T17:51:44","date_gmt":"2022-01-30T16:51:44","guid":{"rendered":"https:\/\/3-mmckopen.nl\/?post_type=product&#038;p=13030"},"modified":"2025-07-21T13:36:56","modified_gmt":"2025-07-21T11:36:56","slug":"spanish-fly-passion-intenso","status":"publish","type":"product","link":"https:\/\/3-mmckopen.nl\/de\/3mmc-kopen\/shop\/sexshop\/lustopwekkers\/spanish-fly-passion-intenso\/","title":{"rendered":"Spanische Fly Passion Intenso"},"content":{"rendered":"<h1>Kaufen Sie Spanish Fly Passion Intenso - 15 ml<\/h1>\n<p>Erleben Sie intensives Vergn\u00fcgen?<\/p>\n<p>Lassen Sie sich von der Kraft des spanischen Fly Pasi\u00f3n Intenso transportieren. Eine sehr intensive W\u00e4rme<\/p>\n<p>Die Empfindung wird im Inneren sp\u00fcrbar. Es gibt Ihnen das gewisse Extra, das Sie brauchen, um Ihnen und Ihrem Partner eine unvergessliche Nacht zu bereiten. Diskret verpackt, sch\u00f6n als Geschenk oder als stiller Hinweis f\u00fcr Ihre Liebsten.<\/p>\n<p>Spanish Fly - Passion Intenso zur Unterst\u00fctzung der sexuellen Leistungsf\u00e4higkeit mit L-Arginin und Vitamin C<\/p>\n<p><strong>Eigenschaften:<\/strong><\/p>\n<p>\u2013 Vitamin C aktiviert Ihre nat\u00fcrliche Energie im K\u00f6rper<\/p>\n<p>\u2013 Vitamin C tr\u00e4gt zur Fitness bei<\/p>\n<p>Spanish Fly \u2013 Passion Intenso stimuliert auf einzigartige Weise Lustgef\u00fchle und kann f\u00fcr das gewisse Extra an Energie und optimale erotische Spannung sorgen. F\u00fcr optimale sexuelle Leistung und zus\u00e4tzliches Vergn\u00fcgen.<\/p>\n<p><strong>Verwendung:<\/strong><\/p>\n<p>Nehmen Sie etwa 30 Minuten vor der Aktivit\u00e4t 3 ml (15 Tropfen) zum Schlucken unter die Zunge. Nehmen Sie nicht mehr als 3 ml innerhalb von 24 Stunden ein. \u00dcberschreiten Sie nicht die empfohlene Tagesportion.<\/p>\n<p><strong>Andere Informationen:<\/strong><\/p>\n<p>Dies ist ein Nahrungserg\u00e4nzungsmittel, das L-Arginin und Vitamin C enth\u00e4lt. Ein Nahrungserg\u00e4nzungsmittel sollte nicht als Ersatz f\u00fcr eine abwechslungsreiche und ausgewogene Ern\u00e4hrung und einen gesunden Lebensstil verwendet werden. Au\u00dferhalb der Reichweite von Kindern aufbewahren. K\u00fchl und trocken lagern.<\/p>","protected":false},"excerpt":{"rendered":"<p>Spanish Fly Passion Intenso kopen \u2013 15 ml Intens genot beleven? Laat je vervoeren door de kracht van Spanish Fly Pasi\u00f3n Intenso. Een zeer intense warme sensatie wordt van binnen merkbaar. Het geeft je net dat kleine beetje extra wat nodig is om jou en je partner een onvergetelijke nacht te bezorgen. Discreet verpakt, aardig [&hellip;]<\/p>\n","protected":false},"featured_media":13070,"comment_status":"closed","ping_status":"closed","template":"","meta":{"site-sidebar-layout":"default","site-content-layout":"default","ast-site-content-layout":"default","site-content-style":"default","site-sidebar-style":"default","ast-global-header-display":"","ast-banner-title-visibility":"","ast-main-header-display":"","ast-hfb-above-header-display":"","ast-hfb-below-header-display":"","ast-hfb-mobile-header-display":"","site-post-title":"","ast-breadcrumbs-content":"","ast-featured-img":"","footer-sml-layout":"","theme-transparent-header-meta":"default","adv-header-id-meta":"","stick-header-meta":"","header-above-stick-meta":"","header-main-stick-meta":"","header-below-stick-meta":"","astra-migrate-meta-layouts":"default","ast-page-background-enabled":"default","ast-page-background-meta":{"desktop":{"background-color":"","background-image":"","background-repeat":"repeat","background-position":"center center","background-size":"auto","background-attachment":"scroll","background-type":"","background-media":"","overlay-type":"","overlay-color":"","overlay-opacity":"","overlay-gradient":""},"tablet":{"background-color":"","background-image":"","background-repeat":"repeat","background-position":"center center","background-size":"auto","background-attachment":"scroll","background-type":"","background-media":"","overlay-type":"","overlay-color":"","overlay-opacity":"","overlay-gradient":""},"mobile":{"background-color":"","background-image":"","background-repeat":"repeat","background-position":"center center","background-size":"auto","background-attachment":"scroll","background-type":"","background-media":"","overlay-type":"","overlay-color":"","overlay-opacity":"","overlay-gradient":""}},"ast-content-background-meta":{"desktop":{"background-color":"var(--ast-global-color-5)","background-image":"","background-repeat":"repeat","background-position":"center center","background-size":"auto","background-attachment":"scroll","background-type":"","background-media":"","overlay-type":"","overlay-color":"","overlay-opacity":"","overlay-gradient":""},"tablet":{"background-color":"var(--ast-global-color-5)","background-image":"","background-repeat":"repeat","background-position":"center center","background-size":"auto","background-attachment":"scroll","background-type":"","background-media":"","overlay-type":"","overlay-color":"","overlay-opacity":"","overlay-gradient":""},"mobile":{"background-color":"var(--ast-global-color-5)","background-image":"","background-repeat":"repeat","background-position":"center center","background-size":"auto","background-attachment":"scroll","background-type":"","background-media":"","overlay-type":"","overlay-color":"","overlay-opacity":"","overlay-gradient":""}}},"product_brand":[],"product_cat":[20390,20310],"product_tag":[20311,20315],"class_list":{"0":"post-13030","1":"product","2":"type-product","3":"status-publish","4":"has-post-thumbnail","6":"product_cat-lustopwekkers","7":"product_cat-sexshop","8":"product_tag-erotiek","9":"product_tag-lustopwekkers","10":"desktop-align-center","11":"tablet-align-center","12":"mobile-align-center","14":"first","15":"outofstock","16":"shipping-taxable","17":"purchasable","18":"product-type-simple"},"yoast_head":"<!-- This site is optimized with the Yoast SEO plugin v27.4 - https:\/\/yoast.com\/product\/yoast-seo-wordpress\/ -->\n<title>Spanish Fly Passion Intenso Kopen? - Op=Op- 3MMC kopen<\/title>\n<meta name=\"description\" content=\"Bij 3MMC kopen kun je gemakkelijk en snel Spanish Fly Passion Intenso bestellen en morgen al onderzoeken! Voor 17:00 besteld is vandaag al verzonden. Wees er snel bij.\" \/>\n<meta name=\"robots\" content=\"index, follow, max-snippet:-1, max-image-preview:large, max-video-preview:-1\" \/>\n<link rel=\"canonical\" href=\"https:\/\/3-mmckopen.nl\/de\/3mmc-kopen\/shop\/sexshop\/lustopwekkers\/spanish-fly-passion-intenso\/\" \/>\n<meta property=\"og:locale\" content=\"de_DE\" \/>\n<meta property=\"og:type\" content=\"article\" \/>\n<meta property=\"og:title\" content=\"Spanish Fly Passion Intenso Kopen? - Op=Op- 3MMC kopen\" \/>\n<meta property=\"og:description\" content=\"Bij 3MMC kopen kun je gemakkelijk en snel Spanish Fly Passion Intenso bestellen en morgen al onderzoeken! Voor 17:00 besteld is vandaag al verzonden. Wees er snel bij.\" \/>\n<meta property=\"og:url\" content=\"https:\/\/3-mmckopen.nl\/de\/3mmc-kopen\/shop\/sexshop\/lustopwekkers\/spanish-fly-passion-intenso\/\" \/>\n<meta property=\"og:site_name\" content=\"3MMC kopen\" \/>\n<meta property=\"article:modified_time\" content=\"2025-07-21T11:36:56+00:00\" \/>\n<meta property=\"og:image\" content=\"https:\/\/3-mmckopen.nl\/wp-content\/uploads\/2022\/01\/1355-600x600-1.jpg\" \/>\n\t<meta property=\"og:image:width\" content=\"600\" \/>\n\t<meta property=\"og:image:height\" content=\"600\" \/>\n\t<meta property=\"og:image:type\" content=\"image\/jpeg\" \/>\n<meta name=\"twitter:card\" content=\"summary_large_image\" \/>\n<meta name=\"twitter:label1\" content=\"Gesch\u00e4tzte Lesezeit\" \/>\n\t<meta name=\"twitter:data1\" content=\"1\u00a0Minute\" \/>\n<script type=\"application\/ld+json\" class=\"yoast-schema-graph\">{\"@context\":\"https:\\\/\\\/schema.org\",\"@graph\":[{\"@type\":\"WebPage\",\"@id\":\"https:\\\/\\\/3-mmckopen.nl\\\/3mmc-kopen\\\/shop\\\/sexshop\\\/lustopwekkers\\\/spanish-fly-passion-intenso\\\/\",\"url\":\"https:\\\/\\\/3-mmckopen.nl\\\/3mmc-kopen\\\/shop\\\/sexshop\\\/lustopwekkers\\\/spanish-fly-passion-intenso\\\/\",\"name\":\"Spanish Fly Passion Intenso Kopen? - Op=Op- 3MMC kopen\",\"isPartOf\":{\"@id\":\"https:\\\/\\\/3-mmckopen.nl\\\/#website\"},\"primaryImageOfPage\":{\"@id\":\"https:\\\/\\\/3-mmckopen.nl\\\/3mmc-kopen\\\/shop\\\/sexshop\\\/lustopwekkers\\\/spanish-fly-passion-intenso\\\/#primaryimage\"},\"image\":{\"@id\":\"https:\\\/\\\/3-mmckopen.nl\\\/3mmc-kopen\\\/shop\\\/sexshop\\\/lustopwekkers\\\/spanish-fly-passion-intenso\\\/#primaryimage\"},\"thumbnailUrl\":\"https:\\\/\\\/3-mmckopen.nl\\\/wp-content\\\/uploads\\\/2022\\\/01\\\/1355-600x600-1.jpg\",\"datePublished\":\"2022-01-30T16:51:44+00:00\",\"dateModified\":\"2025-07-21T11:36:56+00:00\",\"description\":\"Bij 3MMC kopen kun je gemakkelijk en snel Spanish Fly Passion Intenso bestellen en morgen al onderzoeken! Voor 17:00 besteld is vandaag al verzonden. Wees er snel bij.\",\"breadcrumb\":{\"@id\":\"https:\\\/\\\/3-mmckopen.nl\\\/3mmc-kopen\\\/shop\\\/sexshop\\\/lustopwekkers\\\/spanish-fly-passion-intenso\\\/#breadcrumb\"},\"inLanguage\":\"de\",\"potentialAction\":[{\"@type\":\"ReadAction\",\"target\":[\"https:\\\/\\\/3-mmckopen.nl\\\/3mmc-kopen\\\/shop\\\/sexshop\\\/lustopwekkers\\\/spanish-fly-passion-intenso\\\/\"]}]},{\"@type\":\"ImageObject\",\"inLanguage\":\"de\",\"@id\":\"https:\\\/\\\/3-mmckopen.nl\\\/3mmc-kopen\\\/shop\\\/sexshop\\\/lustopwekkers\\\/spanish-fly-passion-intenso\\\/#primaryimage\",\"url\":\"https:\\\/\\\/3-mmckopen.nl\\\/wp-content\\\/uploads\\\/2022\\\/01\\\/1355-600x600-1.jpg\",\"contentUrl\":\"https:\\\/\\\/3-mmckopen.nl\\\/wp-content\\\/uploads\\\/2022\\\/01\\\/1355-600x600-1.jpg\",\"width\":600,\"height\":600},{\"@type\":\"BreadcrumbList\",\"@id\":\"https:\\\/\\\/3-mmckopen.nl\\\/3mmc-kopen\\\/shop\\\/sexshop\\\/lustopwekkers\\\/spanish-fly-passion-intenso\\\/#breadcrumb\",\"itemListElement\":[{\"@type\":\"ListItem\",\"position\":1,\"name\":\"Home\",\"item\":\"https:\\\/\\\/3-mmckopen.nl\\\/\"},{\"@type\":\"ListItem\",\"position\":2,\"name\":\"Winkel\",\"item\":\"https:\\\/\\\/3-mmckopen.nl\\\/winkel\\\/\"},{\"@type\":\"ListItem\",\"position\":3,\"name\":\"Spanish Fly Passion Intenso\"}]},{\"@type\":\"WebSite\",\"@id\":\"https:\\\/\\\/3-mmckopen.nl\\\/#website\",\"url\":\"https:\\\/\\\/3-mmckopen.nl\\\/\",\"name\":\"3MMC kopen\",\"description\":\"VOOR ALLE THUIS CHEMISI EN ONDERZOEKERS ONDER ONS\",\"publisher\":{\"@id\":\"https:\\\/\\\/3-mmckopen.nl\\\/#organization\"},\"potentialAction\":[{\"@type\":\"SearchAction\",\"target\":{\"@type\":\"EntryPoint\",\"urlTemplate\":\"https:\\\/\\\/3-mmckopen.nl\\\/?s={search_term_string}\"},\"query-input\":{\"@type\":\"PropertyValueSpecification\",\"valueRequired\":true,\"valueName\":\"search_term_string\"}}],\"inLanguage\":\"de\"},{\"@type\":\"Organization\",\"@id\":\"https:\\\/\\\/3-mmckopen.nl\\\/#organization\",\"name\":\"3mmc kopen\",\"url\":\"https:\\\/\\\/3-mmckopen.nl\\\/\",\"logo\":{\"@type\":\"ImageObject\",\"inLanguage\":\"de\",\"@id\":\"https:\\\/\\\/3-mmckopen.nl\\\/#\\\/schema\\\/logo\\\/image\\\/\",\"url\":\"https:\\\/\\\/3-mmckopen.nl\\\/wp-content\\\/uploads\\\/2024\\\/03\\\/3mmckopennl.webp\",\"contentUrl\":\"https:\\\/\\\/3-mmckopen.nl\\\/wp-content\\\/uploads\\\/2024\\\/03\\\/3mmckopennl.webp\",\"width\":300,\"height\":118,\"caption\":\"3mmc kopen\"},\"image\":{\"@id\":\"https:\\\/\\\/3-mmckopen.nl\\\/#\\\/schema\\\/logo\\\/image\\\/\"},\"sameAs\":[\"https:\\\/\\\/www.instagram.com\\\/dehuisprofessor\\\/\",\"https:\\\/\\\/nl.pinterest.com\\\/dehuisprofessor\\\/\",\"https:\\\/\\\/www.youtube.com\\\/channel\\\/UCsGzCVJiHsWLILEEHDzCNqA\"]}]}<\/script>\n<!-- \/ Yoast SEO plugin. -->","yoast_head_json":{"title":"Spanish Fly Passion Intenso Kopen? - Op=Op- 3MMC kopen","description":"Bij 3MMC kopen kun je gemakkelijk en snel Spanish Fly Passion Intenso bestellen en morgen al onderzoeken! Voor 17:00 besteld is vandaag al verzonden. Wees er snel bij.","robots":{"index":"index","follow":"follow","max-snippet":"max-snippet:-1","max-image-preview":"max-image-preview:large","max-video-preview":"max-video-preview:-1"},"canonical":"https:\/\/3-mmckopen.nl\/de\/3mmc-kopen\/shop\/sexshop\/lustopwekkers\/spanish-fly-passion-intenso\/","og_locale":"de_DE","og_type":"article","og_title":"Spanish Fly Passion Intenso Kopen? - Op=Op- 3MMC kopen","og_description":"Bij 3MMC kopen kun je gemakkelijk en snel Spanish Fly Passion Intenso bestellen en morgen al onderzoeken! Voor 17:00 besteld is vandaag al verzonden. Wees er snel bij.","og_url":"https:\/\/3-mmckopen.nl\/de\/3mmc-kopen\/shop\/sexshop\/lustopwekkers\/spanish-fly-passion-intenso\/","og_site_name":"3MMC kopen","article_modified_time":"2025-07-21T11:36:56+00:00","og_image":[{"width":600,"height":600,"url":"https:\/\/3-mmckopen.nl\/wp-content\/uploads\/2022\/01\/1355-600x600-1.jpg","type":"image\/jpeg"}],"twitter_card":"summary_large_image","twitter_misc":{"Gesch\u00e4tzte Lesezeit":"1\u00a0Minute"},"schema":{"@context":"https:\/\/schema.org","@graph":[{"@type":"WebPage","@id":"https:\/\/3-mmckopen.nl\/3mmc-kopen\/shop\/sexshop\/lustopwekkers\/spanish-fly-passion-intenso\/","url":"https:\/\/3-mmckopen.nl\/3mmc-kopen\/shop\/sexshop\/lustopwekkers\/spanish-fly-passion-intenso\/","name":"Spanish Fly Passion Intenso Kopen? - Op=Op- 3MMC kopen","isPartOf":{"@id":"https:\/\/3-mmckopen.nl\/#website"},"primaryImageOfPage":{"@id":"https:\/\/3-mmckopen.nl\/3mmc-kopen\/shop\/sexshop\/lustopwekkers\/spanish-fly-passion-intenso\/#primaryimage"},"image":{"@id":"https:\/\/3-mmckopen.nl\/3mmc-kopen\/shop\/sexshop\/lustopwekkers\/spanish-fly-passion-intenso\/#primaryimage"},"thumbnailUrl":"https:\/\/3-mmckopen.nl\/wp-content\/uploads\/2022\/01\/1355-600x600-1.jpg","datePublished":"2022-01-30T16:51:44+00:00","dateModified":"2025-07-21T11:36:56+00:00","description":"Bij 3MMC kopen kun je gemakkelijk en snel Spanish Fly Passion Intenso bestellen en morgen al onderzoeken! Voor 17:00 besteld is vandaag al verzonden. Wees er snel bij.","breadcrumb":{"@id":"https:\/\/3-mmckopen.nl\/3mmc-kopen\/shop\/sexshop\/lustopwekkers\/spanish-fly-passion-intenso\/#breadcrumb"},"inLanguage":"de","potentialAction":[{"@type":"ReadAction","target":["https:\/\/3-mmckopen.nl\/3mmc-kopen\/shop\/sexshop\/lustopwekkers\/spanish-fly-passion-intenso\/"]}]},{"@type":"ImageObject","inLanguage":"de","@id":"https:\/\/3-mmckopen.nl\/3mmc-kopen\/shop\/sexshop\/lustopwekkers\/spanish-fly-passion-intenso\/#primaryimage","url":"https:\/\/3-mmckopen.nl\/wp-content\/uploads\/2022\/01\/1355-600x600-1.jpg","contentUrl":"https:\/\/3-mmckopen.nl\/wp-content\/uploads\/2022\/01\/1355-600x600-1.jpg","width":600,"height":600},{"@type":"BreadcrumbList","@id":"https:\/\/3-mmckopen.nl\/3mmc-kopen\/shop\/sexshop\/lustopwekkers\/spanish-fly-passion-intenso\/#breadcrumb","itemListElement":[{"@type":"ListItem","position":1,"name":"Home","item":"https:\/\/3-mmckopen.nl\/"},{"@type":"ListItem","position":2,"name":"Winkel","item":"https:\/\/3-mmckopen.nl\/winkel\/"},{"@type":"ListItem","position":3,"name":"Spanish Fly Passion Intenso"}]},{"@type":"WebSite","@id":"https:\/\/3-mmckopen.nl\/#website","url":"https:\/\/3-mmckopen.nl\/","name":"3MMC kaufen","description":"F\u00dcR ALLE HOME CHEMISI UND FORSCHER UNTER UNS","publisher":{"@id":"https:\/\/3-mmckopen.nl\/#organization"},"potentialAction":[{"@type":"SearchAction","target":{"@type":"EntryPoint","urlTemplate":"https:\/\/3-mmckopen.nl\/?s={search_term_string}"},"query-input":{"@type":"PropertyValueSpecification","valueRequired":true,"valueName":"search_term_string"}}],"inLanguage":"de"},{"@type":"Organization","@id":"https:\/\/3-mmckopen.nl\/#organization","name":"3mmc kopen","url":"https:\/\/3-mmckopen.nl\/","logo":{"@type":"ImageObject","inLanguage":"de","@id":"https:\/\/3-mmckopen.nl\/#\/schema\/logo\/image\/","url":"https:\/\/3-mmckopen.nl\/wp-content\/uploads\/2024\/03\/3mmckopennl.webp","contentUrl":"https:\/\/3-mmckopen.nl\/wp-content\/uploads\/2024\/03\/3mmckopennl.webp","width":300,"height":118,"caption":"3mmc kopen"},"image":{"@id":"https:\/\/3-mmckopen.nl\/#\/schema\/logo\/image\/"},"sameAs":["https:\/\/www.instagram.com\/dehuisprofessor\/","https:\/\/nl.pinterest.com\/dehuisprofessor\/","https:\/\/www.youtube.com\/channel\/UCsGzCVJiHsWLILEEHDzCNqA"]}]}},"_links":{"self":[{"href":"https:\/\/3-mmckopen.nl\/de\/wp-json\/wp\/v2\/product\/13030","targetHints":{"allow":["GET"]}}],"collection":[{"href":"https:\/\/3-mmckopen.nl\/de\/wp-json\/wp\/v2\/product"}],"about":[{"href":"https:\/\/3-mmckopen.nl\/de\/wp-json\/wp\/v2\/types\/product"}],"replies":[{"embeddable":true,"href":"https:\/\/3-mmckopen.nl\/de\/wp-json\/wp\/v2\/comments?post=13030"}],"version-history":[{"count":0,"href":"https:\/\/3-mmckopen.nl\/de\/wp-json\/wp\/v2\/product\/13030\/revisions"}],"wp:featuredmedia":[{"embeddable":true,"href":"https:\/\/3-mmckopen.nl\/de\/wp-json\/wp\/v2\/media\/13070"}],"wp:attachment":[{"href":"https:\/\/3-mmckopen.nl\/de\/wp-json\/wp\/v2\/media?parent=13030"}],"wp:term":[{"taxonomy":"product_brand","embeddable":true,"href":"https:\/\/3-mmckopen.nl\/de\/wp-json\/wp\/v2\/product_brand?post=13030"},{"taxonomy":"product_cat","embeddable":true,"href":"https:\/\/3-mmckopen.nl\/de\/wp-json\/wp\/v2\/product_cat?post=13030"},{"taxonomy":"product_tag","embeddable":true,"href":"https:\/\/3-mmckopen.nl\/de\/wp-json\/wp\/v2\/product_tag?post=13030"}],"curies":[{"name":"wp","href":"https:\/\/api.w.org\/{rel}","templated":true}]}}