{"id":13036,"date":"2022-01-30T17:51:54","date_gmt":"2022-01-30T16:51:54","guid":{"rendered":"https:\/\/3-mmckopen.nl\/?post_type=product&#038;p=13036"},"modified":"2025-07-21T13:36:04","modified_gmt":"2025-07-21T11:36:04","slug":"mcmicrodose-refill","status":"publish","type":"product","link":"https:\/\/3-mmckopen.nl\/de\/3mmc-kopen\/shop\/smartshop\/truffels\/mcmicrodose-refill\/","title":{"rendered":"McMicrodose-Nachf\u00fcllung"},"content":{"rendered":"<h1>Kaufen Sie McMicrodose Nachf\u00fcllpackung 2 x 10 Gramm<\/h1>\n<p>&nbsp;<\/p>\n<p><strong>Beschreibung:<\/strong><\/p>\n<p>McMicrodose ist eine Tr\u00fcffelmischung und enth\u00e4lt nat\u00fcrliches Psilocybin. Speziell ausgew\u00e4hlt aufgrund der besten Eigenschaften f\u00fcr die Mikrodosierung.<\/p>\n<p>Am besten mit einer Mikrowaage (0,1 \u2013 0,01 g) dosieren.<\/p>\n<p><strong>Mikrodosierung starten:<\/strong><\/p>\n<p>\u00d6ffnen Sie eine Tr\u00fcffelt\u00fcte und geben Sie den Inhalt in den Beh\u00e4lter. Legen Sie den anderen Beutel in den K\u00fchlschrank. Verwenden Sie eine Mikrowaage, um die richtige Menge abzuwiegen. Verwenden Sie f\u00fcr die Mikrodosierung zwischen 0,5 und 1,5 Gramm pro Tag.<\/p>\n<p><strong>Tipps;<\/strong>\u00a0Gutes und langsames Kauen verbessert die Wirkung. Tr\u00fcffel wirken am besten auf n\u00fcchternen Magen. Meditation und Ruhe tragen zu einem besseren Ergebnis bei. Die beste Wirkung erzielt eine Mikrodosierung w\u00e4hrend einer alkoholfreien Zeit.<\/p>\n<p><strong>Verwendung:<\/strong><\/p>\n<p>\u2022 Kauen Sie die Tr\u00fcffel gut, das verbessert die Wirkung<\/p>\n<p>\u2022 Lagern Sie die Tr\u00fcffel an einem dunklen Ort zwischen 2\u00b0C und 4\u00b0C<\/p>\n<p>\u2022 Verwenden Sie Tr\u00fcffel nur f\u00fcr die psychische Gesundheit, nicht bei Depressionen, hohem oder niedrigem Blutdruck, Herz- und\/oder Lungenbeschwerden, Diabetes oder Schwangerschaft.<\/p>\n<p>\u2022 Nicht in Kombination mit Alkohol, Medikamenten und\/oder anderen Drogen verwenden<\/p>\n<p>\u2022 Nicht w\u00e4hrend der Schwangerschaft und Stillzeit anwenden<\/p>\n<p>\u2022 Nicht unter 18 Jahren verwenden<\/p>\n<p><strong>Betrieb:<\/strong><\/p>\n<p>Mikrodosis-Tr\u00fcffel enthalten den Wirkstoff Psilocybin. Psilocybin wird im K\u00f6rper in Psilocin umgewandelt, eine Substanz mit vielen aktiven Eigenschaften, die von den meisten Anwendern als sehr positiv empfunden wird. Dieser Stoff hat Einfluss auf den Serotoninstoffwechsel im Gehirn. Serotonin ist eine Substanz im Gehirn, die Signale bez\u00fcglich Selbstvertrauen, Schlaf, Emotionen, sexueller Aktivit\u00e4t und Appetit empf\u00e4ngt.<\/p>\n<p><strong>Hinweis:<\/strong><\/p>\n<p>Die Microdose-Tr\u00fcffel enthalten von Natur aus auch die Stoffe Psilocybin und Psilocin. Psilocybin und Psilocin sind Halluzinogene. Halluzinogene sind Substanzen, die das Bewusstsein ver\u00e4ndern und Halluzinationen ausl\u00f6sen k\u00f6nnen. Ber\u00fccksichtigen Sie beim Verzehr des Microdose-Tr\u00fcffels die Wirkung dieser Stoffe und bewahren Sie den Microdose-Tr\u00fcffel wegen dieser Stoffe stets au\u00dferhalb der Reichweite von Kindern auf!<\/p>","protected":false},"excerpt":{"rendered":"<p>McMicrodose refill kopen 2 x 10 gram &nbsp; Omschrijving: McMicrodose is een mix van truffels en bevat natuurlijke psilocybine. Speciaal geselecteerd op de beste eigenschappen voor de microdosering. Het best te doseren met een micro weegschaal (0,1 \u2013 0,01gr). Start met microdosing: Open \u00e9\u00e9n truffel zakje en plaats de inhoud in het bakje. Plaats het [&hellip;]<\/p>\n","protected":false},"featured_media":13077,"comment_status":"closed","ping_status":"closed","template":"","meta":{"site-sidebar-layout":"default","site-content-layout":"default","ast-site-content-layout":"default","site-content-style":"default","site-sidebar-style":"default","ast-global-header-display":"","ast-banner-title-visibility":"","ast-main-header-display":"","ast-hfb-above-header-display":"","ast-hfb-below-header-display":"","ast-hfb-mobile-header-display":"","site-post-title":"","ast-breadcrumbs-content":"","ast-featured-img":"","footer-sml-layout":"","theme-transparent-header-meta":"default","adv-header-id-meta":"","stick-header-meta":"","header-above-stick-meta":"","header-main-stick-meta":"","header-below-stick-meta":"","astra-migrate-meta-layouts":"default","ast-page-background-enabled":"default","ast-page-background-meta":{"desktop":{"background-color":"","background-image":"","background-repeat":"repeat","background-position":"center center","background-size":"auto","background-attachment":"scroll","background-type":"","background-media":"","overlay-type":"","overlay-color":"","overlay-opacity":"","overlay-gradient":""},"tablet":{"background-color":"","background-image":"","background-repeat":"repeat","background-position":"center center","background-size":"auto","background-attachment":"scroll","background-type":"","background-media":"","overlay-type":"","overlay-color":"","overlay-opacity":"","overlay-gradient":""},"mobile":{"background-color":"","background-image":"","background-repeat":"repeat","background-position":"center center","background-size":"auto","background-attachment":"scroll","background-type":"","background-media":"","overlay-type":"","overlay-color":"","overlay-opacity":"","overlay-gradient":""}},"ast-content-background-meta":{"desktop":{"background-color":"var(--ast-global-color-5)","background-image":"","background-repeat":"repeat","background-position":"center center","background-size":"auto","background-attachment":"scroll","background-type":"","background-media":"","overlay-type":"","overlay-color":"","overlay-opacity":"","overlay-gradient":""},"tablet":{"background-color":"var(--ast-global-color-5)","background-image":"","background-repeat":"repeat","background-position":"center center","background-size":"auto","background-attachment":"scroll","background-type":"","background-media":"","overlay-type":"","overlay-color":"","overlay-opacity":"","overlay-gradient":""},"mobile":{"background-color":"var(--ast-global-color-5)","background-image":"","background-repeat":"repeat","background-position":"center center","background-size":"auto","background-attachment":"scroll","background-type":"","background-media":"","overlay-type":"","overlay-color":"","overlay-opacity":"","overlay-gradient":""}}},"product_brand":[],"product_cat":[20317,20309],"product_tag":[20318],"class_list":{"0":"post-13036","1":"product","2":"type-product","3":"status-publish","4":"has-post-thumbnail","6":"product_cat-truffels","7":"product_cat-smartshop","8":"product_tag-magic-truffels","9":"desktop-align-center","10":"tablet-align-center","11":"mobile-align-center","13":"first","14":"outofstock","15":"sale","16":"shipping-taxable","17":"purchasable","18":"product-type-simple"},"yoast_head":"<!-- This site is optimized with the Yoast SEO plugin v27.4 - https:\/\/yoast.com\/product\/yoast-seo-wordpress\/ -->\n<title>McMicrodose refill Kopen? - Op=Op- 3MMC kopen<\/title>\n<meta name=\"description\" content=\"Bij 3MMC kopen kun je gemakkelijk en snel McMicrodose refill bestellen en morgen al onderzoeken! Voor 17:00 besteld is vandaag al verzonden. Wees er snel bij.\" \/>\n<meta name=\"robots\" content=\"index, follow, max-snippet:-1, max-image-preview:large, max-video-preview:-1\" \/>\n<link rel=\"canonical\" href=\"https:\/\/3-mmckopen.nl\/de\/3mmc-kopen\/shop\/smartshop\/truffels\/mcmicrodose-refill\/\" \/>\n<meta property=\"og:locale\" content=\"de_DE\" \/>\n<meta property=\"og:type\" content=\"article\" \/>\n<meta property=\"og:title\" content=\"McMicrodose refill Kopen? - Op=Op- 3MMC kopen\" \/>\n<meta property=\"og:description\" content=\"Bij 3MMC kopen kun je gemakkelijk en snel McMicrodose refill bestellen en morgen al onderzoeken! Voor 17:00 besteld is vandaag al verzonden. Wees er snel bij.\" \/>\n<meta property=\"og:url\" content=\"https:\/\/3-mmckopen.nl\/de\/3mmc-kopen\/shop\/smartshop\/truffels\/mcmicrodose-refill\/\" \/>\n<meta property=\"og:site_name\" content=\"3MMC kopen\" \/>\n<meta property=\"article:modified_time\" content=\"2025-07-21T11:36:04+00:00\" \/>\n<meta property=\"og:image\" content=\"https:\/\/3-mmckopen.nl\/wp-content\/uploads\/2022\/01\/AM10098-copia-600x600-1.jpg\" \/>\n\t<meta property=\"og:image:width\" content=\"600\" \/>\n\t<meta property=\"og:image:height\" content=\"600\" \/>\n\t<meta property=\"og:image:type\" content=\"image\/jpeg\" \/>\n<meta name=\"twitter:card\" content=\"summary_large_image\" \/>\n<meta name=\"twitter:label1\" content=\"Gesch\u00e4tzte Lesezeit\" \/>\n\t<meta name=\"twitter:data1\" content=\"2\u00a0Minuten\" \/>\n<script type=\"application\/ld+json\" class=\"yoast-schema-graph\">{\"@context\":\"https:\\\/\\\/schema.org\",\"@graph\":[{\"@type\":\"WebPage\",\"@id\":\"https:\\\/\\\/3-mmckopen.nl\\\/bg\\\/3mmc-kopen\\\/shop\\\/smartshop\\\/truffels\\\/mcmicrodose-refill\\\/\",\"url\":\"https:\\\/\\\/3-mmckopen.nl\\\/bg\\\/3mmc-kopen\\\/shop\\\/smartshop\\\/truffels\\\/mcmicrodose-refill\\\/\",\"name\":\"McMicrodose refill Kopen? - Op=Op- 3MMC kopen\",\"isPartOf\":{\"@id\":\"https:\\\/\\\/3-mmckopen.nl\\\/#website\"},\"primaryImageOfPage\":{\"@id\":\"https:\\\/\\\/3-mmckopen.nl\\\/bg\\\/3mmc-kopen\\\/shop\\\/smartshop\\\/truffels\\\/mcmicrodose-refill\\\/#primaryimage\"},\"image\":{\"@id\":\"https:\\\/\\\/3-mmckopen.nl\\\/bg\\\/3mmc-kopen\\\/shop\\\/smartshop\\\/truffels\\\/mcmicrodose-refill\\\/#primaryimage\"},\"thumbnailUrl\":\"https:\\\/\\\/3-mmckopen.nl\\\/wp-content\\\/uploads\\\/2022\\\/01\\\/AM10098-copia-600x600-1.jpg\",\"datePublished\":\"2022-01-30T16:51:54+00:00\",\"dateModified\":\"2025-07-21T11:36:04+00:00\",\"description\":\"Bij 3MMC kopen kun je gemakkelijk en snel McMicrodose refill bestellen en morgen al onderzoeken! Voor 17:00 besteld is vandaag al verzonden. Wees er snel bij.\",\"breadcrumb\":{\"@id\":\"https:\\\/\\\/3-mmckopen.nl\\\/bg\\\/3mmc-kopen\\\/shop\\\/smartshop\\\/truffels\\\/mcmicrodose-refill\\\/#breadcrumb\"},\"inLanguage\":\"de\",\"potentialAction\":[{\"@type\":\"ReadAction\",\"target\":[\"https:\\\/\\\/3-mmckopen.nl\\\/bg\\\/3mmc-kopen\\\/shop\\\/smartshop\\\/truffels\\\/mcmicrodose-refill\\\/\"]}]},{\"@type\":\"ImageObject\",\"inLanguage\":\"de\",\"@id\":\"https:\\\/\\\/3-mmckopen.nl\\\/bg\\\/3mmc-kopen\\\/shop\\\/smartshop\\\/truffels\\\/mcmicrodose-refill\\\/#primaryimage\",\"url\":\"https:\\\/\\\/3-mmckopen.nl\\\/wp-content\\\/uploads\\\/2022\\\/01\\\/AM10098-copia-600x600-1.jpg\",\"contentUrl\":\"https:\\\/\\\/3-mmckopen.nl\\\/wp-content\\\/uploads\\\/2022\\\/01\\\/AM10098-copia-600x600-1.jpg\",\"width\":600,\"height\":600},{\"@type\":\"BreadcrumbList\",\"@id\":\"https:\\\/\\\/3-mmckopen.nl\\\/bg\\\/3mmc-kopen\\\/shop\\\/smartshop\\\/truffels\\\/mcmicrodose-refill\\\/#breadcrumb\",\"itemListElement\":[{\"@type\":\"ListItem\",\"position\":1,\"name\":\"Home\",\"item\":\"https:\\\/\\\/3-mmckopen.nl\\\/\"},{\"@type\":\"ListItem\",\"position\":2,\"name\":\"Winkel\",\"item\":\"https:\\\/\\\/3-mmckopen.nl\\\/winkel\\\/\"},{\"@type\":\"ListItem\",\"position\":3,\"name\":\"McMicrodose refill\"}]},{\"@type\":\"WebSite\",\"@id\":\"https:\\\/\\\/3-mmckopen.nl\\\/#website\",\"url\":\"https:\\\/\\\/3-mmckopen.nl\\\/\",\"name\":\"3MMC kopen\",\"description\":\"VOOR ALLE THUIS CHEMISI EN ONDERZOEKERS ONDER ONS\",\"publisher\":{\"@id\":\"https:\\\/\\\/3-mmckopen.nl\\\/#organization\"},\"potentialAction\":[{\"@type\":\"SearchAction\",\"target\":{\"@type\":\"EntryPoint\",\"urlTemplate\":\"https:\\\/\\\/3-mmckopen.nl\\\/?s={search_term_string}\"},\"query-input\":{\"@type\":\"PropertyValueSpecification\",\"valueRequired\":true,\"valueName\":\"search_term_string\"}}],\"inLanguage\":\"de\"},{\"@type\":\"Organization\",\"@id\":\"https:\\\/\\\/3-mmckopen.nl\\\/#organization\",\"name\":\"3mmc kopen\",\"url\":\"https:\\\/\\\/3-mmckopen.nl\\\/\",\"logo\":{\"@type\":\"ImageObject\",\"inLanguage\":\"de\",\"@id\":\"https:\\\/\\\/3-mmckopen.nl\\\/#\\\/schema\\\/logo\\\/image\\\/\",\"url\":\"https:\\\/\\\/3-mmckopen.nl\\\/wp-content\\\/uploads\\\/2024\\\/03\\\/3mmckopennl.webp\",\"contentUrl\":\"https:\\\/\\\/3-mmckopen.nl\\\/wp-content\\\/uploads\\\/2024\\\/03\\\/3mmckopennl.webp\",\"width\":300,\"height\":118,\"caption\":\"3mmc kopen\"},\"image\":{\"@id\":\"https:\\\/\\\/3-mmckopen.nl\\\/#\\\/schema\\\/logo\\\/image\\\/\"},\"sameAs\":[\"https:\\\/\\\/www.instagram.com\\\/dehuisprofessor\\\/\",\"https:\\\/\\\/nl.pinterest.com\\\/dehuisprofessor\\\/\",\"https:\\\/\\\/www.youtube.com\\\/channel\\\/UCsGzCVJiHsWLILEEHDzCNqA\"]}]}<\/script>\n<!-- \/ Yoast SEO plugin. -->","yoast_head_json":{"title":"McMicrodose refill Kopen? - Op=Op- 3MMC kopen","description":"Bij 3MMC kopen kun je gemakkelijk en snel McMicrodose refill bestellen en morgen al onderzoeken! Voor 17:00 besteld is vandaag al verzonden. Wees er snel bij.","robots":{"index":"index","follow":"follow","max-snippet":"max-snippet:-1","max-image-preview":"max-image-preview:large","max-video-preview":"max-video-preview:-1"},"canonical":"https:\/\/3-mmckopen.nl\/de\/3mmc-kopen\/shop\/smartshop\/truffels\/mcmicrodose-refill\/","og_locale":"de_DE","og_type":"article","og_title":"McMicrodose refill Kopen? - Op=Op- 3MMC kopen","og_description":"Bij 3MMC kopen kun je gemakkelijk en snel McMicrodose refill bestellen en morgen al onderzoeken! Voor 17:00 besteld is vandaag al verzonden. Wees er snel bij.","og_url":"https:\/\/3-mmckopen.nl\/de\/3mmc-kopen\/shop\/smartshop\/truffels\/mcmicrodose-refill\/","og_site_name":"3MMC kopen","article_modified_time":"2025-07-21T11:36:04+00:00","og_image":[{"width":600,"height":600,"url":"https:\/\/3-mmckopen.nl\/wp-content\/uploads\/2022\/01\/AM10098-copia-600x600-1.jpg","type":"image\/jpeg"}],"twitter_card":"summary_large_image","twitter_misc":{"Gesch\u00e4tzte Lesezeit":"2\u00a0Minuten"},"schema":{"@context":"https:\/\/schema.org","@graph":[{"@type":"WebPage","@id":"https:\/\/3-mmckopen.nl\/bg\/3mmc-kopen\/shop\/smartshop\/truffels\/mcmicrodose-refill\/","url":"https:\/\/3-mmckopen.nl\/bg\/3mmc-kopen\/shop\/smartshop\/truffels\/mcmicrodose-refill\/","name":"McMicrodose refill Kopen? - Op=Op- 3MMC kopen","isPartOf":{"@id":"https:\/\/3-mmckopen.nl\/#website"},"primaryImageOfPage":{"@id":"https:\/\/3-mmckopen.nl\/bg\/3mmc-kopen\/shop\/smartshop\/truffels\/mcmicrodose-refill\/#primaryimage"},"image":{"@id":"https:\/\/3-mmckopen.nl\/bg\/3mmc-kopen\/shop\/smartshop\/truffels\/mcmicrodose-refill\/#primaryimage"},"thumbnailUrl":"https:\/\/3-mmckopen.nl\/wp-content\/uploads\/2022\/01\/AM10098-copia-600x600-1.jpg","datePublished":"2022-01-30T16:51:54+00:00","dateModified":"2025-07-21T11:36:04+00:00","description":"Bij 3MMC kopen kun je gemakkelijk en snel McMicrodose refill bestellen en morgen al onderzoeken! Voor 17:00 besteld is vandaag al verzonden. Wees er snel bij.","breadcrumb":{"@id":"https:\/\/3-mmckopen.nl\/bg\/3mmc-kopen\/shop\/smartshop\/truffels\/mcmicrodose-refill\/#breadcrumb"},"inLanguage":"de","potentialAction":[{"@type":"ReadAction","target":["https:\/\/3-mmckopen.nl\/bg\/3mmc-kopen\/shop\/smartshop\/truffels\/mcmicrodose-refill\/"]}]},{"@type":"ImageObject","inLanguage":"de","@id":"https:\/\/3-mmckopen.nl\/bg\/3mmc-kopen\/shop\/smartshop\/truffels\/mcmicrodose-refill\/#primaryimage","url":"https:\/\/3-mmckopen.nl\/wp-content\/uploads\/2022\/01\/AM10098-copia-600x600-1.jpg","contentUrl":"https:\/\/3-mmckopen.nl\/wp-content\/uploads\/2022\/01\/AM10098-copia-600x600-1.jpg","width":600,"height":600},{"@type":"BreadcrumbList","@id":"https:\/\/3-mmckopen.nl\/bg\/3mmc-kopen\/shop\/smartshop\/truffels\/mcmicrodose-refill\/#breadcrumb","itemListElement":[{"@type":"ListItem","position":1,"name":"Home","item":"https:\/\/3-mmckopen.nl\/"},{"@type":"ListItem","position":2,"name":"Winkel","item":"https:\/\/3-mmckopen.nl\/winkel\/"},{"@type":"ListItem","position":3,"name":"McMicrodose refill"}]},{"@type":"WebSite","@id":"https:\/\/3-mmckopen.nl\/#website","url":"https:\/\/3-mmckopen.nl\/","name":"3MMC kaufen","description":"F\u00dcR ALLE HOME CHEMISI UND FORSCHER UNTER UNS","publisher":{"@id":"https:\/\/3-mmckopen.nl\/#organization"},"potentialAction":[{"@type":"SearchAction","target":{"@type":"EntryPoint","urlTemplate":"https:\/\/3-mmckopen.nl\/?s={search_term_string}"},"query-input":{"@type":"PropertyValueSpecification","valueRequired":true,"valueName":"search_term_string"}}],"inLanguage":"de"},{"@type":"Organization","@id":"https:\/\/3-mmckopen.nl\/#organization","name":"3mmc kopen","url":"https:\/\/3-mmckopen.nl\/","logo":{"@type":"ImageObject","inLanguage":"de","@id":"https:\/\/3-mmckopen.nl\/#\/schema\/logo\/image\/","url":"https:\/\/3-mmckopen.nl\/wp-content\/uploads\/2024\/03\/3mmckopennl.webp","contentUrl":"https:\/\/3-mmckopen.nl\/wp-content\/uploads\/2024\/03\/3mmckopennl.webp","width":300,"height":118,"caption":"3mmc kopen"},"image":{"@id":"https:\/\/3-mmckopen.nl\/#\/schema\/logo\/image\/"},"sameAs":["https:\/\/www.instagram.com\/dehuisprofessor\/","https:\/\/nl.pinterest.com\/dehuisprofessor\/","https:\/\/www.youtube.com\/channel\/UCsGzCVJiHsWLILEEHDzCNqA"]}]}},"_links":{"self":[{"href":"https:\/\/3-mmckopen.nl\/de\/wp-json\/wp\/v2\/product\/13036","targetHints":{"allow":["GET"]}}],"collection":[{"href":"https:\/\/3-mmckopen.nl\/de\/wp-json\/wp\/v2\/product"}],"about":[{"href":"https:\/\/3-mmckopen.nl\/de\/wp-json\/wp\/v2\/types\/product"}],"replies":[{"embeddable":true,"href":"https:\/\/3-mmckopen.nl\/de\/wp-json\/wp\/v2\/comments?post=13036"}],"version-history":[{"count":0,"href":"https:\/\/3-mmckopen.nl\/de\/wp-json\/wp\/v2\/product\/13036\/revisions"}],"wp:featuredmedia":[{"embeddable":true,"href":"https:\/\/3-mmckopen.nl\/de\/wp-json\/wp\/v2\/media\/13077"}],"wp:attachment":[{"href":"https:\/\/3-mmckopen.nl\/de\/wp-json\/wp\/v2\/media?parent=13036"}],"wp:term":[{"taxonomy":"product_brand","embeddable":true,"href":"https:\/\/3-mmckopen.nl\/de\/wp-json\/wp\/v2\/product_brand?post=13036"},{"taxonomy":"product_cat","embeddable":true,"href":"https:\/\/3-mmckopen.nl\/de\/wp-json\/wp\/v2\/product_cat?post=13036"},{"taxonomy":"product_tag","embeddable":true,"href":"https:\/\/3-mmckopen.nl\/de\/wp-json\/wp\/v2\/product_tag?post=13036"}],"curies":[{"name":"wp","href":"https:\/\/api.w.org\/{rel}","templated":true}]}}