{"id":13038,"date":"2022-01-30T17:51:56","date_gmt":"2022-01-30T16:51:56","guid":{"rendered":"https:\/\/3-mmckopen.nl\/?post_type=product&#038;p=13038"},"modified":"2025-07-21T13:36:06","modified_gmt":"2025-07-21T11:36:06","slug":"dragons-dynamite","status":"publish","type":"product","link":"https:\/\/3-mmckopen.nl\/de\/3mmc-kopen\/shop\/smartshop\/truffels\/dragons-dynamite\/","title":{"rendered":"Dynamit des Drachen"},"content":{"rendered":"<h1>Kaufen Sie Dragons Dynamite \u2013 15 Gramm<\/h1>\n<p>Der Dragons Dynamite ist eine Sonderedition und geh\u00f6rt zu den st\u00e4rksten Tr\u00fcffeln. Der Tr\u00fcffel sorgt f\u00fcr starke visuelle Effekte, die lange anhalten k\u00f6nnen. F\u00fchlen Sie sich durch die Kraft dieses Tr\u00fcffels unbesiegbar. Der Dragons Dynamite ist einer der meistverkauften Tr\u00fcffel in unserem Sortiment. Ergreife die Macht, das Universum zu beherrschen und deinen inneren Drachen zu befreien. &#039;Betrete den Drachen&#039;.<\/p>\n<p><strong>Allgemeine Informationen:<\/strong><\/p>\n<p>Aufgrund des einzigartigen Erlebnisses von Tr\u00fcffeln erfreuen sich diese in den letzten Jahren gro\u00dfer Beliebtheit. Was im Volksmund Tr\u00fcffel genannt wird, ist eigentlich Sklerotie. Sklerotien sind eine Kombination aus Myzelf\u00e4den (Pilzf\u00e4den). Diese Dr\u00e4hte liegen unter der Erde. Ein Temperaturabfall und ein Anstieg der Feuchtigkeit schaffen ein ideales Klima f\u00fcr das Wachstum eines Pilzes. Ist dieses Klima noch nicht ideal, bilden die Myzelf\u00e4den Sklerotien (Tr\u00fcffel) und nehmen N\u00e4hrstoffe auf, sodass bei idealem Klima daraus ein Pilz wachsen kann.<\/p>\n<p><strong>Wirkung:<\/strong><\/p>\n<p>Je nach Dosierung sorgen Tr\u00fcffel f\u00fcr ein fantastisches, visuelles und halluzinatorisches Erlebnis, besser bekannt als Trip. Das Reiseerlebnis ist f\u00fcr jeden anders und h\u00e4ngt von der verwendeten Tr\u00fcffel und der eingenommenen Menge ab. Es gibt Tr\u00fcffel mit stark halluzinatorischer und visueller Wirkung, aber auch Tr\u00fcffel mit \u00fcberwiegend philosophischer Wirkung. Jeder erlebt die Wirkung des Tr\u00fcffels anders. Wir bieten 8 verschiedene Tr\u00fcffel in unterschiedlichen Mengen an.<\/p>\n<p>Die Verwendung von Tr\u00fcffeln ist ein einzigartiges und besonderes Erlebnis. Menschen verwenden Tr\u00fcffel oft, um sich selbst besser kennenzulernen und eine Reise durch ihr Inneres zu unternehmen. Das fantastische Gef\u00fchl, das ein Tr\u00fcffel hervorrufen kann, ist beispiellos. Tr\u00fcffel geben Ihnen eine andere Sicht auf die Welt und auf sich selbst.<\/p>\n<p><strong>Betrieb:<\/strong><\/p>\n<p>Tr\u00fcffel enthalten den Wirkstoff Psilocybin. Psilocybin wird im K\u00f6rper in Psilocin umgewandelt, eine Substanz mit halluzinogener Wirkung. Dieser Stoff hat Einfluss auf den Serotoninstoffwechsel im Gehirn. Serotonin ist eine Chemikalie im Gehirn, die Signale \u00fcber Selbstvertrauen, Schlaf, Emotionen, sexuelle Aktivit\u00e4t und Appetit empf\u00e4ngt. Psilocin hat einen \u201emagischen\u201c Einfluss auf diesen Serotoninstoffwechsel. Dadurch entsteht der bekannte halluzinogene Trip.<\/p>\n<p><strong>Hinweis:<\/strong><\/p>\n<p>Zaubertr\u00fcffel enthalten von Natur aus auch die Stoffe Psilocybin und Psilocin. Psilocybin und Psilocin sind Halluzinogene. Halluzinogene sind Substanzen mit bewusstseinsver\u00e4ndernder Wirkung, die Halluzinationen ausl\u00f6sen k\u00f6nnen. Ber\u00fccksichtigen Sie beim Verzehr von Zaubertr\u00fcffeln die Wirkung dieser Stoffe und bewahren Sie Zaubertr\u00fcffel wegen dieser Stoffe immer au\u00dferhalb der Reichweite von Kindern auf!<\/p>","protected":false},"excerpt":{"rendered":"<p>Dragons Dynamite kopen \u2013 15 gram De Dragons Dynamite is een speciale editie en is \u00e9\u00e9n van de sterkste truffels. De truffel zorgt voor sterke visuele effecten die langdurig kunnen aanhouden. Voel je onoverwinnelijk door de kracht van deze truffel. De Dragons Dynamite is \u00e9\u00e9n van de beste verkochte truffels uit ons assortiment. Grijp de [&hellip;]<\/p>\n","protected":false},"featured_media":13079,"comment_status":"closed","ping_status":"closed","template":"","meta":{"site-sidebar-layout":"default","site-content-layout":"default","ast-site-content-layout":"default","site-content-style":"default","site-sidebar-style":"default","ast-global-header-display":"","ast-banner-title-visibility":"","ast-main-header-display":"","ast-hfb-above-header-display":"","ast-hfb-below-header-display":"","ast-hfb-mobile-header-display":"","site-post-title":"","ast-breadcrumbs-content":"","ast-featured-img":"","footer-sml-layout":"","theme-transparent-header-meta":"default","adv-header-id-meta":"","stick-header-meta":"","header-above-stick-meta":"","header-main-stick-meta":"","header-below-stick-meta":"","astra-migrate-meta-layouts":"default","ast-page-background-enabled":"default","ast-page-background-meta":{"desktop":{"background-color":"","background-image":"","background-repeat":"repeat","background-position":"center center","background-size":"auto","background-attachment":"scroll","background-type":"","background-media":"","overlay-type":"","overlay-color":"","overlay-opacity":"","overlay-gradient":""},"tablet":{"background-color":"","background-image":"","background-repeat":"repeat","background-position":"center center","background-size":"auto","background-attachment":"scroll","background-type":"","background-media":"","overlay-type":"","overlay-color":"","overlay-opacity":"","overlay-gradient":""},"mobile":{"background-color":"","background-image":"","background-repeat":"repeat","background-position":"center center","background-size":"auto","background-attachment":"scroll","background-type":"","background-media":"","overlay-type":"","overlay-color":"","overlay-opacity":"","overlay-gradient":""}},"ast-content-background-meta":{"desktop":{"background-color":"var(--ast-global-color-5)","background-image":"","background-repeat":"repeat","background-position":"center center","background-size":"auto","background-attachment":"scroll","background-type":"","background-media":"","overlay-type":"","overlay-color":"","overlay-opacity":"","overlay-gradient":""},"tablet":{"background-color":"var(--ast-global-color-5)","background-image":"","background-repeat":"repeat","background-position":"center center","background-size":"auto","background-attachment":"scroll","background-type":"","background-media":"","overlay-type":"","overlay-color":"","overlay-opacity":"","overlay-gradient":""},"mobile":{"background-color":"var(--ast-global-color-5)","background-image":"","background-repeat":"repeat","background-position":"center center","background-size":"auto","background-attachment":"scroll","background-type":"","background-media":"","overlay-type":"","overlay-color":"","overlay-opacity":"","overlay-gradient":""}}},"product_brand":[],"product_cat":[20317,20309],"product_tag":[20318],"class_list":{"0":"post-13038","1":"product","2":"type-product","3":"status-publish","4":"has-post-thumbnail","6":"product_cat-truffels","7":"product_cat-smartshop","8":"product_tag-magic-truffels","9":"desktop-align-center","10":"tablet-align-center","11":"mobile-align-center","13":"first","14":"outofstock","15":"sale","16":"shipping-taxable","17":"purchasable","18":"product-type-simple"},"yoast_head":"<!-- This site is optimized with the Yoast SEO plugin v27.4 - https:\/\/yoast.com\/product\/yoast-seo-wordpress\/ -->\n<title>Dragons Dynamite Kopen? - Op=Op- 3MMC kopen<\/title>\n<meta name=\"description\" content=\"Bij 3MMC kopen kun je gemakkelijk en snel Dragons Dynamite bestellen en morgen al onderzoeken! Voor 17:00 besteld is vandaag al verzonden. Wees er snel bij.\" \/>\n<meta name=\"robots\" content=\"index, follow, max-snippet:-1, max-image-preview:large, max-video-preview:-1\" \/>\n<link rel=\"canonical\" href=\"https:\/\/3-mmckopen.nl\/de\/3mmc-kopen\/shop\/smartshop\/truffels\/dragons-dynamite\/\" \/>\n<meta property=\"og:locale\" content=\"de_DE\" \/>\n<meta property=\"og:type\" content=\"article\" \/>\n<meta property=\"og:title\" content=\"Dragons Dynamite Kopen? - Op=Op- 3MMC kopen\" \/>\n<meta property=\"og:description\" content=\"Bij 3MMC kopen kun je gemakkelijk en snel Dragons Dynamite bestellen en morgen al onderzoeken! Voor 17:00 besteld is vandaag al verzonden. Wees er snel bij.\" \/>\n<meta property=\"og:url\" content=\"https:\/\/3-mmckopen.nl\/de\/3mmc-kopen\/shop\/smartshop\/truffels\/dragons-dynamite\/\" \/>\n<meta property=\"og:site_name\" content=\"3MMC kopen\" \/>\n<meta property=\"article:modified_time\" content=\"2025-07-21T11:36:06+00:00\" \/>\n<meta property=\"og:image\" content=\"https:\/\/3-mmckopen.nl\/wp-content\/uploads\/2022\/01\/AM10082-600x600-1.jpg\" \/>\n\t<meta property=\"og:image:width\" content=\"600\" \/>\n\t<meta property=\"og:image:height\" content=\"600\" \/>\n\t<meta property=\"og:image:type\" content=\"image\/jpeg\" \/>\n<meta name=\"twitter:card\" content=\"summary_large_image\" \/>\n<meta name=\"twitter:label1\" content=\"Gesch\u00e4tzte Lesezeit\" \/>\n\t<meta name=\"twitter:data1\" content=\"2\u00a0Minuten\" \/>\n<script type=\"application\/ld+json\" class=\"yoast-schema-graph\">{\"@context\":\"https:\\\/\\\/schema.org\",\"@graph\":[{\"@type\":\"WebPage\",\"@id\":\"https:\\\/\\\/3-mmckopen.nl\\\/ro\\\/3mmc-kopen\\\/shop\\\/smartshop\\\/truffels\\\/dragons-dynamite\\\/\",\"url\":\"https:\\\/\\\/3-mmckopen.nl\\\/ro\\\/3mmc-kopen\\\/shop\\\/smartshop\\\/truffels\\\/dragons-dynamite\\\/\",\"name\":\"Dragons Dynamite Kopen? - Op=Op- 3MMC kopen\",\"isPartOf\":{\"@id\":\"https:\\\/\\\/3-mmckopen.nl\\\/#website\"},\"primaryImageOfPage\":{\"@id\":\"https:\\\/\\\/3-mmckopen.nl\\\/ro\\\/3mmc-kopen\\\/shop\\\/smartshop\\\/truffels\\\/dragons-dynamite\\\/#primaryimage\"},\"image\":{\"@id\":\"https:\\\/\\\/3-mmckopen.nl\\\/ro\\\/3mmc-kopen\\\/shop\\\/smartshop\\\/truffels\\\/dragons-dynamite\\\/#primaryimage\"},\"thumbnailUrl\":\"https:\\\/\\\/3-mmckopen.nl\\\/wp-content\\\/uploads\\\/2022\\\/01\\\/AM10082-600x600-1.jpg\",\"datePublished\":\"2022-01-30T16:51:56+00:00\",\"dateModified\":\"2025-07-21T11:36:06+00:00\",\"description\":\"Bij 3MMC kopen kun je gemakkelijk en snel Dragons Dynamite bestellen en morgen al onderzoeken! Voor 17:00 besteld is vandaag al verzonden. Wees er snel bij.\",\"breadcrumb\":{\"@id\":\"https:\\\/\\\/3-mmckopen.nl\\\/ro\\\/3mmc-kopen\\\/shop\\\/smartshop\\\/truffels\\\/dragons-dynamite\\\/#breadcrumb\"},\"inLanguage\":\"de\",\"potentialAction\":[{\"@type\":\"ReadAction\",\"target\":[\"https:\\\/\\\/3-mmckopen.nl\\\/ro\\\/3mmc-kopen\\\/shop\\\/smartshop\\\/truffels\\\/dragons-dynamite\\\/\"]}]},{\"@type\":\"ImageObject\",\"inLanguage\":\"de\",\"@id\":\"https:\\\/\\\/3-mmckopen.nl\\\/ro\\\/3mmc-kopen\\\/shop\\\/smartshop\\\/truffels\\\/dragons-dynamite\\\/#primaryimage\",\"url\":\"https:\\\/\\\/3-mmckopen.nl\\\/wp-content\\\/uploads\\\/2022\\\/01\\\/AM10082-600x600-1.jpg\",\"contentUrl\":\"https:\\\/\\\/3-mmckopen.nl\\\/wp-content\\\/uploads\\\/2022\\\/01\\\/AM10082-600x600-1.jpg\",\"width\":600,\"height\":600},{\"@type\":\"BreadcrumbList\",\"@id\":\"https:\\\/\\\/3-mmckopen.nl\\\/ro\\\/3mmc-kopen\\\/shop\\\/smartshop\\\/truffels\\\/dragons-dynamite\\\/#breadcrumb\",\"itemListElement\":[{\"@type\":\"ListItem\",\"position\":1,\"name\":\"Home\",\"item\":\"https:\\\/\\\/3-mmckopen.nl\\\/\"},{\"@type\":\"ListItem\",\"position\":2,\"name\":\"Winkel\",\"item\":\"https:\\\/\\\/3-mmckopen.nl\\\/winkel\\\/\"},{\"@type\":\"ListItem\",\"position\":3,\"name\":\"Dragons Dynamite\"}]},{\"@type\":\"WebSite\",\"@id\":\"https:\\\/\\\/3-mmckopen.nl\\\/#website\",\"url\":\"https:\\\/\\\/3-mmckopen.nl\\\/\",\"name\":\"3MMC kopen\",\"description\":\"VOOR ALLE THUIS CHEMISI EN ONDERZOEKERS ONDER ONS\",\"publisher\":{\"@id\":\"https:\\\/\\\/3-mmckopen.nl\\\/#organization\"},\"potentialAction\":[{\"@type\":\"SearchAction\",\"target\":{\"@type\":\"EntryPoint\",\"urlTemplate\":\"https:\\\/\\\/3-mmckopen.nl\\\/?s={search_term_string}\"},\"query-input\":{\"@type\":\"PropertyValueSpecification\",\"valueRequired\":true,\"valueName\":\"search_term_string\"}}],\"inLanguage\":\"de\"},{\"@type\":\"Organization\",\"@id\":\"https:\\\/\\\/3-mmckopen.nl\\\/#organization\",\"name\":\"3mmc kopen\",\"url\":\"https:\\\/\\\/3-mmckopen.nl\\\/\",\"logo\":{\"@type\":\"ImageObject\",\"inLanguage\":\"de\",\"@id\":\"https:\\\/\\\/3-mmckopen.nl\\\/#\\\/schema\\\/logo\\\/image\\\/\",\"url\":\"https:\\\/\\\/3-mmckopen.nl\\\/wp-content\\\/uploads\\\/2024\\\/03\\\/3mmckopennl.webp\",\"contentUrl\":\"https:\\\/\\\/3-mmckopen.nl\\\/wp-content\\\/uploads\\\/2024\\\/03\\\/3mmckopennl.webp\",\"width\":300,\"height\":118,\"caption\":\"3mmc kopen\"},\"image\":{\"@id\":\"https:\\\/\\\/3-mmckopen.nl\\\/#\\\/schema\\\/logo\\\/image\\\/\"},\"sameAs\":[\"https:\\\/\\\/www.instagram.com\\\/dehuisprofessor\\\/\",\"https:\\\/\\\/nl.pinterest.com\\\/dehuisprofessor\\\/\",\"https:\\\/\\\/www.youtube.com\\\/channel\\\/UCsGzCVJiHsWLILEEHDzCNqA\"]}]}<\/script>\n<!-- \/ Yoast SEO plugin. -->","yoast_head_json":{"title":"Dragons Dynamite Kopen? - Op=Op- 3MMC kopen","description":"Bij 3MMC kopen kun je gemakkelijk en snel Dragons Dynamite bestellen en morgen al onderzoeken! Voor 17:00 besteld is vandaag al verzonden. Wees er snel bij.","robots":{"index":"index","follow":"follow","max-snippet":"max-snippet:-1","max-image-preview":"max-image-preview:large","max-video-preview":"max-video-preview:-1"},"canonical":"https:\/\/3-mmckopen.nl\/de\/3mmc-kopen\/shop\/smartshop\/truffels\/dragons-dynamite\/","og_locale":"de_DE","og_type":"article","og_title":"Dragons Dynamite Kopen? - Op=Op- 3MMC kopen","og_description":"Bij 3MMC kopen kun je gemakkelijk en snel Dragons Dynamite bestellen en morgen al onderzoeken! Voor 17:00 besteld is vandaag al verzonden. Wees er snel bij.","og_url":"https:\/\/3-mmckopen.nl\/de\/3mmc-kopen\/shop\/smartshop\/truffels\/dragons-dynamite\/","og_site_name":"3MMC kopen","article_modified_time":"2025-07-21T11:36:06+00:00","og_image":[{"width":600,"height":600,"url":"https:\/\/3-mmckopen.nl\/wp-content\/uploads\/2022\/01\/AM10082-600x600-1.jpg","type":"image\/jpeg"}],"twitter_card":"summary_large_image","twitter_misc":{"Gesch\u00e4tzte Lesezeit":"2\u00a0Minuten"},"schema":{"@context":"https:\/\/schema.org","@graph":[{"@type":"WebPage","@id":"https:\/\/3-mmckopen.nl\/ro\/3mmc-kopen\/shop\/smartshop\/truffels\/dragons-dynamite\/","url":"https:\/\/3-mmckopen.nl\/ro\/3mmc-kopen\/shop\/smartshop\/truffels\/dragons-dynamite\/","name":"Dragons Dynamite Kopen? - Op=Op- 3MMC kopen","isPartOf":{"@id":"https:\/\/3-mmckopen.nl\/#website"},"primaryImageOfPage":{"@id":"https:\/\/3-mmckopen.nl\/ro\/3mmc-kopen\/shop\/smartshop\/truffels\/dragons-dynamite\/#primaryimage"},"image":{"@id":"https:\/\/3-mmckopen.nl\/ro\/3mmc-kopen\/shop\/smartshop\/truffels\/dragons-dynamite\/#primaryimage"},"thumbnailUrl":"https:\/\/3-mmckopen.nl\/wp-content\/uploads\/2022\/01\/AM10082-600x600-1.jpg","datePublished":"2022-01-30T16:51:56+00:00","dateModified":"2025-07-21T11:36:06+00:00","description":"Bij 3MMC kopen kun je gemakkelijk en snel Dragons Dynamite bestellen en morgen al onderzoeken! Voor 17:00 besteld is vandaag al verzonden. Wees er snel bij.","breadcrumb":{"@id":"https:\/\/3-mmckopen.nl\/ro\/3mmc-kopen\/shop\/smartshop\/truffels\/dragons-dynamite\/#breadcrumb"},"inLanguage":"de","potentialAction":[{"@type":"ReadAction","target":["https:\/\/3-mmckopen.nl\/ro\/3mmc-kopen\/shop\/smartshop\/truffels\/dragons-dynamite\/"]}]},{"@type":"ImageObject","inLanguage":"de","@id":"https:\/\/3-mmckopen.nl\/ro\/3mmc-kopen\/shop\/smartshop\/truffels\/dragons-dynamite\/#primaryimage","url":"https:\/\/3-mmckopen.nl\/wp-content\/uploads\/2022\/01\/AM10082-600x600-1.jpg","contentUrl":"https:\/\/3-mmckopen.nl\/wp-content\/uploads\/2022\/01\/AM10082-600x600-1.jpg","width":600,"height":600},{"@type":"BreadcrumbList","@id":"https:\/\/3-mmckopen.nl\/ro\/3mmc-kopen\/shop\/smartshop\/truffels\/dragons-dynamite\/#breadcrumb","itemListElement":[{"@type":"ListItem","position":1,"name":"Home","item":"https:\/\/3-mmckopen.nl\/"},{"@type":"ListItem","position":2,"name":"Winkel","item":"https:\/\/3-mmckopen.nl\/winkel\/"},{"@type":"ListItem","position":3,"name":"Dragons Dynamite"}]},{"@type":"WebSite","@id":"https:\/\/3-mmckopen.nl\/#website","url":"https:\/\/3-mmckopen.nl\/","name":"3MMC kaufen","description":"F\u00dcR ALLE HOME CHEMISI UND FORSCHER UNTER UNS","publisher":{"@id":"https:\/\/3-mmckopen.nl\/#organization"},"potentialAction":[{"@type":"SearchAction","target":{"@type":"EntryPoint","urlTemplate":"https:\/\/3-mmckopen.nl\/?s={search_term_string}"},"query-input":{"@type":"PropertyValueSpecification","valueRequired":true,"valueName":"search_term_string"}}],"inLanguage":"de"},{"@type":"Organization","@id":"https:\/\/3-mmckopen.nl\/#organization","name":"3mmc kopen","url":"https:\/\/3-mmckopen.nl\/","logo":{"@type":"ImageObject","inLanguage":"de","@id":"https:\/\/3-mmckopen.nl\/#\/schema\/logo\/image\/","url":"https:\/\/3-mmckopen.nl\/wp-content\/uploads\/2024\/03\/3mmckopennl.webp","contentUrl":"https:\/\/3-mmckopen.nl\/wp-content\/uploads\/2024\/03\/3mmckopennl.webp","width":300,"height":118,"caption":"3mmc kopen"},"image":{"@id":"https:\/\/3-mmckopen.nl\/#\/schema\/logo\/image\/"},"sameAs":["https:\/\/www.instagram.com\/dehuisprofessor\/","https:\/\/nl.pinterest.com\/dehuisprofessor\/","https:\/\/www.youtube.com\/channel\/UCsGzCVJiHsWLILEEHDzCNqA"]}]}},"_links":{"self":[{"href":"https:\/\/3-mmckopen.nl\/de\/wp-json\/wp\/v2\/product\/13038","targetHints":{"allow":["GET"]}}],"collection":[{"href":"https:\/\/3-mmckopen.nl\/de\/wp-json\/wp\/v2\/product"}],"about":[{"href":"https:\/\/3-mmckopen.nl\/de\/wp-json\/wp\/v2\/types\/product"}],"replies":[{"embeddable":true,"href":"https:\/\/3-mmckopen.nl\/de\/wp-json\/wp\/v2\/comments?post=13038"}],"version-history":[{"count":0,"href":"https:\/\/3-mmckopen.nl\/de\/wp-json\/wp\/v2\/product\/13038\/revisions"}],"wp:featuredmedia":[{"embeddable":true,"href":"https:\/\/3-mmckopen.nl\/de\/wp-json\/wp\/v2\/media\/13079"}],"wp:attachment":[{"href":"https:\/\/3-mmckopen.nl\/de\/wp-json\/wp\/v2\/media?parent=13038"}],"wp:term":[{"taxonomy":"product_brand","embeddable":true,"href":"https:\/\/3-mmckopen.nl\/de\/wp-json\/wp\/v2\/product_brand?post=13038"},{"taxonomy":"product_cat","embeddable":true,"href":"https:\/\/3-mmckopen.nl\/de\/wp-json\/wp\/v2\/product_cat?post=13038"},{"taxonomy":"product_tag","embeddable":true,"href":"https:\/\/3-mmckopen.nl\/de\/wp-json\/wp\/v2\/product_tag?post=13038"}],"curies":[{"name":"wp","href":"https:\/\/api.w.org\/{rel}","templated":true}]}}