{"id":13095,"date":"2022-01-30T17:52:50","date_gmt":"2022-01-30T16:52:50","guid":{"rendered":"https:\/\/3-mmckopen.nl\/?post_type=product&#038;p=13095"},"modified":"2025-07-21T13:35:42","modified_gmt":"2025-07-21T11:35:42","slug":"mexican-fly-15-tabletten","status":"publish","type":"product","link":"https:\/\/3-mmckopen.nl\/de\/3mmc-kopen\/shop\/sexshop\/lustopwekkers\/mexican-fly-15-tabletten\/","title":{"rendered":"Mexikanische Fliege \u2013 15 Tabletten"},"content":{"rendered":"<h1 class=\"product_title entry-title\"><strong>Kaufen Sie mexikanische Fliege<\/strong><\/h1>\n<p><strong>Mexikanische Fliege<\/strong><\/p>\n<p>Stimuliert das sexuelle Verlangen dank des Aphrodisiakums Damiana.<\/p>\n<p><strong>Eigenschaften:<\/strong><\/p>\n<p>\u2013 Damiana stimuliert sexuelles Verlangen und Lust.<\/p>\n<p>\u2013 Vitamin B12 aktiviert Ihre nat\u00fcrliche Energie im K\u00f6rper.<\/p>\n<p>\u2013 Geeignet f\u00fcr M\u00e4nner und Frauen.<\/p>\n<p>Mexican Fly enth\u00e4lt Turnera diffusa, auch bekannt als Damiana, und f\u00f6rdert das sexuelle Verlangen von M\u00e4nnern und Frauen. Diese einzigartigen Tabletten enthalten hochwertige pflanzliche Aphrodisiakumstoffe und Vitamine, die den K\u00f6rper auf nat\u00fcrliche Weise stimulieren. Verwenden Sie Mexican Fly f\u00fcr eine optimale sexuelle Leistung und das ultimative sinnliche Erlebnis.<\/p>\n<h3><strong>Zusatzinformation:<\/strong><\/h3>\n<p>Die einzigartige Formel von Mexican Fly wurde auf Basis pflanzlicher stimulierender Inhaltsstoffe in Kombination mit Vitamin B12 entwickelt.<\/p>\n<p>Damiana (Turnera Diffusa) wirkt als nat\u00fcrliches Stimulans oder Aphrodisiakum. Damiana stimuliert die Produktion von Testosteron. Dieses Hormon ist sowohl bei M\u00e4nnern als auch bei Frauen f\u00fcr sexuelle (Lust-)Gef\u00fchle verantwortlich und hat bekannterma\u00dfen eine steigernde Wirkung auf die Libido und f\u00f6rdert auch das sexuelle Vergn\u00fcgen.<\/p>\n<p>L-Arginin HCL und Muira Puama regen die Durchblutung im K\u00f6rper an und tragen so zu einer verbesserten Blutversorgung bei. Dadurch kann die Empfindlichkeit sowohl der weiblichen als auch der m\u00e4nnlichen Genitalien erh\u00f6ht werden, was f\u00fcr zus\u00e4tzliche Stimulation und Vergn\u00fcgen sorgen kann.<\/p>\n<p>Vitamin B12 sorgt f\u00fcr eine optimale Energieversorgung des K\u00f6rpers. Dies kann zu einer guten Ausdauer und sexuellen Energie beitragen.<\/p>\n<p><strong>Verwendung:<\/strong><\/p>\n<p>Nehmen Sie etwa 30\/60 Minuten vor der sexuellen Aktivit\u00e4t 2-3 Tabletten mit viel Wasser ein. Nehmen Sie nicht mehr als 3 Tabletten pro Tag ein. \u00dcberschreiten Sie nicht die empfohlene Tagesdosis.<\/p>\n<p><strong>Andere Informationen:<\/strong><\/p>\n<p>Dies ist ein Nahrungserg\u00e4nzungsmittel, das Kr\u00e4uter, Vitamine, Mineralien und eine Aminos\u00e4ure enth\u00e4lt. Ein Nahrungserg\u00e4nzungsmittel sollte nicht als Ersatz f\u00fcr eine abwechslungsreiche und ausgewogene Ern\u00e4hrung sowie eine gesunde Lebensweise verwendet werden. Von Kindern fern halten. K\u00fchl und trocken aufbewahren.<\/p>","protected":false},"excerpt":{"rendered":"<p>Mexican Fly kopen Mexican Fly Stimuleert het seksueel verlangen dankzij het afrodisiacum Damiana. Kenmerken: \u2013 Damiana stimuleert het seksuele verlangen en de lust. \u2013 Vitamine B12 activeert je natuurlijke energie in het lichaam. \u2013 Is geschikt voor zowel mannen als vrouwen. Mexican Fly bevat Turnera diffusa, ook bekend als Damiana en bevordert het seksuele verlangen [&hellip;]<\/p>\n","protected":false},"featured_media":13120,"comment_status":"closed","ping_status":"closed","template":"","meta":{"site-sidebar-layout":"default","site-content-layout":"default","ast-site-content-layout":"default","site-content-style":"default","site-sidebar-style":"default","ast-global-header-display":"","ast-banner-title-visibility":"","ast-main-header-display":"","ast-hfb-above-header-display":"","ast-hfb-below-header-display":"","ast-hfb-mobile-header-display":"","site-post-title":"","ast-breadcrumbs-content":"","ast-featured-img":"","footer-sml-layout":"","theme-transparent-header-meta":"default","adv-header-id-meta":"","stick-header-meta":"","header-above-stick-meta":"","header-main-stick-meta":"","header-below-stick-meta":"","astra-migrate-meta-layouts":"default","ast-page-background-enabled":"default","ast-page-background-meta":{"desktop":{"background-color":"","background-image":"","background-repeat":"repeat","background-position":"center center","background-size":"auto","background-attachment":"scroll","background-type":"","background-media":"","overlay-type":"","overlay-color":"","overlay-opacity":"","overlay-gradient":""},"tablet":{"background-color":"","background-image":"","background-repeat":"repeat","background-position":"center center","background-size":"auto","background-attachment":"scroll","background-type":"","background-media":"","overlay-type":"","overlay-color":"","overlay-opacity":"","overlay-gradient":""},"mobile":{"background-color":"","background-image":"","background-repeat":"repeat","background-position":"center center","background-size":"auto","background-attachment":"scroll","background-type":"","background-media":"","overlay-type":"","overlay-color":"","overlay-opacity":"","overlay-gradient":""}},"ast-content-background-meta":{"desktop":{"background-color":"var(--ast-global-color-5)","background-image":"","background-repeat":"repeat","background-position":"center center","background-size":"auto","background-attachment":"scroll","background-type":"","background-media":"","overlay-type":"","overlay-color":"","overlay-opacity":"","overlay-gradient":""},"tablet":{"background-color":"var(--ast-global-color-5)","background-image":"","background-repeat":"repeat","background-position":"center center","background-size":"auto","background-attachment":"scroll","background-type":"","background-media":"","overlay-type":"","overlay-color":"","overlay-opacity":"","overlay-gradient":""},"mobile":{"background-color":"var(--ast-global-color-5)","background-image":"","background-repeat":"repeat","background-position":"center center","background-size":"auto","background-attachment":"scroll","background-type":"","background-media":"","overlay-type":"","overlay-color":"","overlay-opacity":"","overlay-gradient":""}}},"product_brand":[],"product_cat":[20390,20310],"product_tag":[20311],"class_list":{"0":"post-13095","1":"product","2":"type-product","3":"status-publish","4":"has-post-thumbnail","6":"product_cat-lustopwekkers","7":"product_cat-sexshop","8":"product_tag-erotiek","9":"desktop-align-center","10":"tablet-align-center","11":"mobile-align-center","13":"first","14":"outofstock","15":"shipping-taxable","16":"purchasable","17":"product-type-simple"},"yoast_head":"<!-- This site is optimized with the Yoast SEO plugin v27.4 - https:\/\/yoast.com\/product\/yoast-seo-wordpress\/ -->\n<title>Mexican Fly \u2013 15 tabletten Kopen? - Op=Op- 3MMC kopen<\/title>\n<meta name=\"description\" content=\"Bij 3MMC kopen kun je gemakkelijk en snel Mexican Fly \u2013 15 tabletten bestellen en morgen al onderzoeken! Voor 17:00 besteld is vandaag al verzonden. Wees er snel bij.\" \/>\n<meta name=\"robots\" content=\"index, follow, max-snippet:-1, max-image-preview:large, max-video-preview:-1\" \/>\n<link rel=\"canonical\" href=\"https:\/\/3-mmckopen.nl\/de\/3mmc-kopen\/shop\/sexshop\/lustopwekkers\/mexican-fly-15-tabletten\/\" \/>\n<meta property=\"og:locale\" content=\"de_DE\" \/>\n<meta property=\"og:type\" content=\"article\" \/>\n<meta property=\"og:title\" content=\"Mexican Fly \u2013 15 tabletten Kopen? - Op=Op- 3MMC kopen\" \/>\n<meta property=\"og:description\" content=\"Bij 3MMC kopen kun je gemakkelijk en snel Mexican Fly \u2013 15 tabletten bestellen en morgen al onderzoeken! Voor 17:00 besteld is vandaag al verzonden. Wees er snel bij.\" \/>\n<meta property=\"og:url\" content=\"https:\/\/3-mmckopen.nl\/de\/3mmc-kopen\/shop\/sexshop\/lustopwekkers\/mexican-fly-15-tabletten\/\" \/>\n<meta property=\"og:site_name\" content=\"3MMC kopen\" \/>\n<meta property=\"article:modified_time\" content=\"2025-07-21T11:35:42+00:00\" \/>\n<meta property=\"og:image\" content=\"https:\/\/3-mmckopen.nl\/wp-content\/uploads\/2022\/01\/1523-600x600-1.jpg\" \/>\n\t<meta property=\"og:image:width\" content=\"600\" \/>\n\t<meta property=\"og:image:height\" content=\"600\" \/>\n\t<meta property=\"og:image:type\" content=\"image\/jpeg\" \/>\n<meta name=\"twitter:card\" content=\"summary_large_image\" \/>\n<meta name=\"twitter:label1\" content=\"Gesch\u00e4tzte Lesezeit\" \/>\n\t<meta name=\"twitter:data1\" content=\"2\u00a0Minuten\" \/>\n<script type=\"application\/ld+json\" class=\"yoast-schema-graph\">{\"@context\":\"https:\\\/\\\/schema.org\",\"@graph\":[{\"@type\":\"WebPage\",\"@id\":\"https:\\\/\\\/3-mmckopen.nl\\\/3mmc-kopen\\\/shop\\\/sexshop\\\/lustopwekkers\\\/mexican-fly-15-tabletten\\\/\",\"url\":\"https:\\\/\\\/3-mmckopen.nl\\\/3mmc-kopen\\\/shop\\\/sexshop\\\/lustopwekkers\\\/mexican-fly-15-tabletten\\\/\",\"name\":\"Mexican Fly \u2013 15 tabletten Kopen? - Op=Op- 3MMC kopen\",\"isPartOf\":{\"@id\":\"https:\\\/\\\/3-mmckopen.nl\\\/#website\"},\"primaryImageOfPage\":{\"@id\":\"https:\\\/\\\/3-mmckopen.nl\\\/3mmc-kopen\\\/shop\\\/sexshop\\\/lustopwekkers\\\/mexican-fly-15-tabletten\\\/#primaryimage\"},\"image\":{\"@id\":\"https:\\\/\\\/3-mmckopen.nl\\\/3mmc-kopen\\\/shop\\\/sexshop\\\/lustopwekkers\\\/mexican-fly-15-tabletten\\\/#primaryimage\"},\"thumbnailUrl\":\"https:\\\/\\\/3-mmckopen.nl\\\/wp-content\\\/uploads\\\/2022\\\/01\\\/1523-600x600-1.jpg\",\"datePublished\":\"2022-01-30T16:52:50+00:00\",\"dateModified\":\"2025-07-21T11:35:42+00:00\",\"description\":\"Bij 3MMC kopen kun je gemakkelijk en snel Mexican Fly \u2013 15 tabletten bestellen en morgen al onderzoeken! Voor 17:00 besteld is vandaag al verzonden. Wees er snel bij.\",\"breadcrumb\":{\"@id\":\"https:\\\/\\\/3-mmckopen.nl\\\/3mmc-kopen\\\/shop\\\/sexshop\\\/lustopwekkers\\\/mexican-fly-15-tabletten\\\/#breadcrumb\"},\"inLanguage\":\"de\",\"potentialAction\":[{\"@type\":\"ReadAction\",\"target\":[\"https:\\\/\\\/3-mmckopen.nl\\\/3mmc-kopen\\\/shop\\\/sexshop\\\/lustopwekkers\\\/mexican-fly-15-tabletten\\\/\"]}]},{\"@type\":\"ImageObject\",\"inLanguage\":\"de\",\"@id\":\"https:\\\/\\\/3-mmckopen.nl\\\/3mmc-kopen\\\/shop\\\/sexshop\\\/lustopwekkers\\\/mexican-fly-15-tabletten\\\/#primaryimage\",\"url\":\"https:\\\/\\\/3-mmckopen.nl\\\/wp-content\\\/uploads\\\/2022\\\/01\\\/1523-600x600-1.jpg\",\"contentUrl\":\"https:\\\/\\\/3-mmckopen.nl\\\/wp-content\\\/uploads\\\/2022\\\/01\\\/1523-600x600-1.jpg\",\"width\":600,\"height\":600},{\"@type\":\"BreadcrumbList\",\"@id\":\"https:\\\/\\\/3-mmckopen.nl\\\/3mmc-kopen\\\/shop\\\/sexshop\\\/lustopwekkers\\\/mexican-fly-15-tabletten\\\/#breadcrumb\",\"itemListElement\":[{\"@type\":\"ListItem\",\"position\":1,\"name\":\"Home\",\"item\":\"https:\\\/\\\/3-mmckopen.nl\\\/\"},{\"@type\":\"ListItem\",\"position\":2,\"name\":\"Winkel\",\"item\":\"https:\\\/\\\/3-mmckopen.nl\\\/winkel\\\/\"},{\"@type\":\"ListItem\",\"position\":3,\"name\":\"Mexican Fly \u2013 15 tabletten\"}]},{\"@type\":\"WebSite\",\"@id\":\"https:\\\/\\\/3-mmckopen.nl\\\/#website\",\"url\":\"https:\\\/\\\/3-mmckopen.nl\\\/\",\"name\":\"3MMC kopen\",\"description\":\"VOOR ALLE THUIS CHEMISI EN ONDERZOEKERS ONDER ONS\",\"publisher\":{\"@id\":\"https:\\\/\\\/3-mmckopen.nl\\\/#organization\"},\"potentialAction\":[{\"@type\":\"SearchAction\",\"target\":{\"@type\":\"EntryPoint\",\"urlTemplate\":\"https:\\\/\\\/3-mmckopen.nl\\\/?s={search_term_string}\"},\"query-input\":{\"@type\":\"PropertyValueSpecification\",\"valueRequired\":true,\"valueName\":\"search_term_string\"}}],\"inLanguage\":\"de\"},{\"@type\":\"Organization\",\"@id\":\"https:\\\/\\\/3-mmckopen.nl\\\/#organization\",\"name\":\"3mmc kopen\",\"url\":\"https:\\\/\\\/3-mmckopen.nl\\\/\",\"logo\":{\"@type\":\"ImageObject\",\"inLanguage\":\"de\",\"@id\":\"https:\\\/\\\/3-mmckopen.nl\\\/#\\\/schema\\\/logo\\\/image\\\/\",\"url\":\"https:\\\/\\\/3-mmckopen.nl\\\/wp-content\\\/uploads\\\/2024\\\/03\\\/3mmckopennl.webp\",\"contentUrl\":\"https:\\\/\\\/3-mmckopen.nl\\\/wp-content\\\/uploads\\\/2024\\\/03\\\/3mmckopennl.webp\",\"width\":300,\"height\":118,\"caption\":\"3mmc kopen\"},\"image\":{\"@id\":\"https:\\\/\\\/3-mmckopen.nl\\\/#\\\/schema\\\/logo\\\/image\\\/\"},\"sameAs\":[\"https:\\\/\\\/www.instagram.com\\\/dehuisprofessor\\\/\",\"https:\\\/\\\/nl.pinterest.com\\\/dehuisprofessor\\\/\",\"https:\\\/\\\/www.youtube.com\\\/channel\\\/UCsGzCVJiHsWLILEEHDzCNqA\"]}]}<\/script>\n<!-- \/ Yoast SEO plugin. -->","yoast_head_json":{"title":"Mexican Fly \u2013 15 tabletten Kopen? - Op=Op- 3MMC kopen","description":"Bij 3MMC kopen kun je gemakkelijk en snel Mexican Fly \u2013 15 tabletten bestellen en morgen al onderzoeken! Voor 17:00 besteld is vandaag al verzonden. Wees er snel bij.","robots":{"index":"index","follow":"follow","max-snippet":"max-snippet:-1","max-image-preview":"max-image-preview:large","max-video-preview":"max-video-preview:-1"},"canonical":"https:\/\/3-mmckopen.nl\/de\/3mmc-kopen\/shop\/sexshop\/lustopwekkers\/mexican-fly-15-tabletten\/","og_locale":"de_DE","og_type":"article","og_title":"Mexican Fly \u2013 15 tabletten Kopen? - Op=Op- 3MMC kopen","og_description":"Bij 3MMC kopen kun je gemakkelijk en snel Mexican Fly \u2013 15 tabletten bestellen en morgen al onderzoeken! Voor 17:00 besteld is vandaag al verzonden. Wees er snel bij.","og_url":"https:\/\/3-mmckopen.nl\/de\/3mmc-kopen\/shop\/sexshop\/lustopwekkers\/mexican-fly-15-tabletten\/","og_site_name":"3MMC kopen","article_modified_time":"2025-07-21T11:35:42+00:00","og_image":[{"width":600,"height":600,"url":"https:\/\/3-mmckopen.nl\/wp-content\/uploads\/2022\/01\/1523-600x600-1.jpg","type":"image\/jpeg"}],"twitter_card":"summary_large_image","twitter_misc":{"Gesch\u00e4tzte Lesezeit":"2\u00a0Minuten"},"schema":{"@context":"https:\/\/schema.org","@graph":[{"@type":"WebPage","@id":"https:\/\/3-mmckopen.nl\/3mmc-kopen\/shop\/sexshop\/lustopwekkers\/mexican-fly-15-tabletten\/","url":"https:\/\/3-mmckopen.nl\/3mmc-kopen\/shop\/sexshop\/lustopwekkers\/mexican-fly-15-tabletten\/","name":"Mexican Fly \u2013 15 tabletten Kopen? - Op=Op- 3MMC kopen","isPartOf":{"@id":"https:\/\/3-mmckopen.nl\/#website"},"primaryImageOfPage":{"@id":"https:\/\/3-mmckopen.nl\/3mmc-kopen\/shop\/sexshop\/lustopwekkers\/mexican-fly-15-tabletten\/#primaryimage"},"image":{"@id":"https:\/\/3-mmckopen.nl\/3mmc-kopen\/shop\/sexshop\/lustopwekkers\/mexican-fly-15-tabletten\/#primaryimage"},"thumbnailUrl":"https:\/\/3-mmckopen.nl\/wp-content\/uploads\/2022\/01\/1523-600x600-1.jpg","datePublished":"2022-01-30T16:52:50+00:00","dateModified":"2025-07-21T11:35:42+00:00","description":"Bij 3MMC kopen kun je gemakkelijk en snel Mexican Fly \u2013 15 tabletten bestellen en morgen al onderzoeken! Voor 17:00 besteld is vandaag al verzonden. Wees er snel bij.","breadcrumb":{"@id":"https:\/\/3-mmckopen.nl\/3mmc-kopen\/shop\/sexshop\/lustopwekkers\/mexican-fly-15-tabletten\/#breadcrumb"},"inLanguage":"de","potentialAction":[{"@type":"ReadAction","target":["https:\/\/3-mmckopen.nl\/3mmc-kopen\/shop\/sexshop\/lustopwekkers\/mexican-fly-15-tabletten\/"]}]},{"@type":"ImageObject","inLanguage":"de","@id":"https:\/\/3-mmckopen.nl\/3mmc-kopen\/shop\/sexshop\/lustopwekkers\/mexican-fly-15-tabletten\/#primaryimage","url":"https:\/\/3-mmckopen.nl\/wp-content\/uploads\/2022\/01\/1523-600x600-1.jpg","contentUrl":"https:\/\/3-mmckopen.nl\/wp-content\/uploads\/2022\/01\/1523-600x600-1.jpg","width":600,"height":600},{"@type":"BreadcrumbList","@id":"https:\/\/3-mmckopen.nl\/3mmc-kopen\/shop\/sexshop\/lustopwekkers\/mexican-fly-15-tabletten\/#breadcrumb","itemListElement":[{"@type":"ListItem","position":1,"name":"Home","item":"https:\/\/3-mmckopen.nl\/"},{"@type":"ListItem","position":2,"name":"Winkel","item":"https:\/\/3-mmckopen.nl\/winkel\/"},{"@type":"ListItem","position":3,"name":"Mexican Fly \u2013 15 tabletten"}]},{"@type":"WebSite","@id":"https:\/\/3-mmckopen.nl\/#website","url":"https:\/\/3-mmckopen.nl\/","name":"3MMC kaufen","description":"F\u00dcR ALLE HOME CHEMISI UND FORSCHER UNTER UNS","publisher":{"@id":"https:\/\/3-mmckopen.nl\/#organization"},"potentialAction":[{"@type":"SearchAction","target":{"@type":"EntryPoint","urlTemplate":"https:\/\/3-mmckopen.nl\/?s={search_term_string}"},"query-input":{"@type":"PropertyValueSpecification","valueRequired":true,"valueName":"search_term_string"}}],"inLanguage":"de"},{"@type":"Organization","@id":"https:\/\/3-mmckopen.nl\/#organization","name":"3mmc kopen","url":"https:\/\/3-mmckopen.nl\/","logo":{"@type":"ImageObject","inLanguage":"de","@id":"https:\/\/3-mmckopen.nl\/#\/schema\/logo\/image\/","url":"https:\/\/3-mmckopen.nl\/wp-content\/uploads\/2024\/03\/3mmckopennl.webp","contentUrl":"https:\/\/3-mmckopen.nl\/wp-content\/uploads\/2024\/03\/3mmckopennl.webp","width":300,"height":118,"caption":"3mmc kopen"},"image":{"@id":"https:\/\/3-mmckopen.nl\/#\/schema\/logo\/image\/"},"sameAs":["https:\/\/www.instagram.com\/dehuisprofessor\/","https:\/\/nl.pinterest.com\/dehuisprofessor\/","https:\/\/www.youtube.com\/channel\/UCsGzCVJiHsWLILEEHDzCNqA"]}]}},"_links":{"self":[{"href":"https:\/\/3-mmckopen.nl\/de\/wp-json\/wp\/v2\/product\/13095","targetHints":{"allow":["GET"]}}],"collection":[{"href":"https:\/\/3-mmckopen.nl\/de\/wp-json\/wp\/v2\/product"}],"about":[{"href":"https:\/\/3-mmckopen.nl\/de\/wp-json\/wp\/v2\/types\/product"}],"replies":[{"embeddable":true,"href":"https:\/\/3-mmckopen.nl\/de\/wp-json\/wp\/v2\/comments?post=13095"}],"version-history":[{"count":0,"href":"https:\/\/3-mmckopen.nl\/de\/wp-json\/wp\/v2\/product\/13095\/revisions"}],"wp:featuredmedia":[{"embeddable":true,"href":"https:\/\/3-mmckopen.nl\/de\/wp-json\/wp\/v2\/media\/13120"}],"wp:attachment":[{"href":"https:\/\/3-mmckopen.nl\/de\/wp-json\/wp\/v2\/media?parent=13095"}],"wp:term":[{"taxonomy":"product_brand","embeddable":true,"href":"https:\/\/3-mmckopen.nl\/de\/wp-json\/wp\/v2\/product_brand?post=13095"},{"taxonomy":"product_cat","embeddable":true,"href":"https:\/\/3-mmckopen.nl\/de\/wp-json\/wp\/v2\/product_cat?post=13095"},{"taxonomy":"product_tag","embeddable":true,"href":"https:\/\/3-mmckopen.nl\/de\/wp-json\/wp\/v2\/product_tag?post=13095"}],"curies":[{"name":"wp","href":"https:\/\/api.w.org\/{rel}","templated":true}]}}