{"id":13359,"date":"2022-02-10T18:16:06","date_gmt":"2022-02-10T17:16:06","guid":{"rendered":"https:\/\/3-mmckopen.nl\/?post_type=product&#038;p=13359"},"modified":"2026-01-27T17:24:47","modified_gmt":"2026-01-27T16:24:47","slug":"cbd-sleep-well-gummies-30g","status":"publish","type":"product","link":"https:\/\/3-mmckopen.nl\/de\/3mmc-kopen\/shop\/healthshop\/voedingssupplementen\/cbd-sleep-well-gummies-30g\/","title":{"rendered":"CBD Sleep Well Gummies 30g"},"content":{"rendered":"<h1><strong>CBD-Schlafgummis<\/strong><\/h1>\n<p><strong>CBD-Schlaf<\/strong>\u00a0<strong>Na ja, Gummib\u00e4rchen:<\/strong><\/p>\n<p>Schlafprobleme sind weit verbreitet und haben erhebliche negative Auswirkungen auf Ihr t\u00e4gliches Leben. Leiden Sie unter schlaflosen N\u00e4chten, dann sollte Ihnen Dr. Candy CBD Sleep Well Gummies mit CBD und Melatonin. CBD ist f\u00fcr seine beruhigenden und schmerzstillenden Eigenschaften bekannt. Melatonin ist eine k\u00f6rpereigene Substanz und spielt eine Rolle bei der Regulierung des Schlaf-Wach-Rhythmus.<\/p>\n<p>Es gibt kaum etwas Frustrierenderes als Schlafst\u00f6rungen. Tags\u00fcber f\u00fchlen Sie sich schl\u00e4frig, unkonzentriert und gereizt, weil Sie nicht genug geschlafen haben. Doch wenn man abends ins Bett geht und einen ungest\u00f6rten Schlaf genie\u00dfen m\u00f6chte, liegt man einfach hellwach und mit offenen Augen da. Vielleicht drehen sich Ihre Gedanken st\u00e4ndig oder Sie schaffen es nicht, sich k\u00f6rperlich zu entspannen. Manche Menschen schlafen ein, wachen aber pl\u00f6tzlich mitten in der Nacht auf. Je mehr Sie versuchen einzuschlafen, desto weniger Erfolg haben Sie.<\/p>\n<p>Es kann viele Ursachen f\u00fcr einen gest\u00f6rten Schlafrhythmus geben. Beispielsweise k\u00f6nnen Stress und Angst ein Grund daf\u00fcr sein, dass Sie wach liegen, ein gest\u00f6rter Tag- und Nachtrhythmus oder sogar Schmerzen. Gl\u00fccklicherweise k\u00f6nnen CBD und Melatonin bei vielen dieser Beschwerden helfen. Beides sind nat\u00fcrliche Substanzen, die Ihrem K\u00f6rper und Geist helfen, sich zu entspannen, sodass Sie leichter einschlafen und besser schlafen k\u00f6nnen. Jeder Sleep Well Gummie enth\u00e4lt 10 mg CBD und 0,3 mg Melatonin.<\/p>\n<p><strong>Verwendung:<\/strong><\/p>\n<p>CBD wirkt im K\u00f6rper, wenn ein Spiegel aufgebaut wurde. Sie bauen diesen Spiegel auf, indem Sie t\u00e4glich Cannabidiol einnehmen. Wir empfehlen immer, die erste Woche mit einem oder mehreren Gummib\u00e4rchen pro Tag zu beginnen und bei Bedarf zu steigern. CBD hat viele positive Eigenschaften. Eine \u00dcberdosierung von CBD ist sehr unwahrscheinlich. Wir empfehlen jedoch nicht, mehr als 100 mg CBD pro Tag einzunehmen.<\/p>\n<p><strong>Lagerungshinweise:<\/strong><\/p>\n<p>Speichern Sie dieses Produkt von Dr. Bewahren Sie S\u00fc\u00dfigkeiten an einem k\u00fchlen und dunklen Ort auf, z. B. in einem K\u00fcchenschrank, und bewahren Sie sie au\u00dferhalb der Reichweite von Kindern auf.<\/p>\n<p><strong>Warnung:<\/strong><\/p>\n<p>Dieses Produkt ist nicht f\u00fcr schwangere Frauen und Kinder geeignet.<\/p>\n<p><strong>Menge CBD:<\/strong>\u00a01 Stern enth\u00e4lt 10 mg CBD und 0,3 mg Melatonin.<\/p>\n<p><strong>Zutaten:<\/strong>\u00a0Glukose, Zucker, nat\u00fcrliche Farben und Aromen, Gelatine, Zitronens\u00e4ure, CBD, Melatonin<\/p>","protected":false},"excerpt":{"rendered":"<p>CBD Sleep Well Gummies CBD Sleep\u00a0well Gummies: Slaapproblemen komen veel voor en hebben een grote negatieve impact op je dagelijks leven. Heb jij last van doorwaakte nachten, dan zou je Dr. Candy CBD Sleep Well Gummies met CBD en melatonine eens moeten proberen. CBD staat bekend om zijn kalmerende en pijnstillende eigenschappen. Melatonine is een [&hellip;]<\/p>\n","protected":false},"featured_media":13360,"comment_status":"closed","ping_status":"closed","template":"","meta":{"site-sidebar-layout":"default","site-content-layout":"default","ast-site-content-layout":"default","site-content-style":"default","site-sidebar-style":"default","ast-global-header-display":"","ast-banner-title-visibility":"","ast-main-header-display":"","ast-hfb-above-header-display":"","ast-hfb-below-header-display":"","ast-hfb-mobile-header-display":"","site-post-title":"","ast-breadcrumbs-content":"","ast-featured-img":"","footer-sml-layout":"","theme-transparent-header-meta":"default","adv-header-id-meta":"","stick-header-meta":"default","header-above-stick-meta":"","header-main-stick-meta":"","header-below-stick-meta":"","astra-migrate-meta-layouts":"default","ast-page-background-enabled":"default","ast-page-background-meta":{"desktop":{"background-color":"","background-image":"","background-repeat":"repeat","background-position":"center center","background-size":"auto","background-attachment":"scroll","background-type":"","background-media":"","overlay-type":"","overlay-color":"","overlay-opacity":"","overlay-gradient":""},"tablet":{"background-color":"","background-image":"","background-repeat":"repeat","background-position":"center center","background-size":"auto","background-attachment":"scroll","background-type":"","background-media":"","overlay-type":"","overlay-color":"","overlay-opacity":"","overlay-gradient":""},"mobile":{"background-color":"","background-image":"","background-repeat":"repeat","background-position":"center center","background-size":"auto","background-attachment":"scroll","background-type":"","background-media":"","overlay-type":"","overlay-color":"","overlay-opacity":"","overlay-gradient":""}},"ast-content-background-meta":{"desktop":{"background-color":"var(--ast-global-color-5)","background-image":"","background-repeat":"repeat","background-position":"center center","background-size":"auto","background-attachment":"scroll","background-type":"","background-media":"","overlay-type":"","overlay-color":"","overlay-opacity":"","overlay-gradient":""},"tablet":{"background-color":"var(--ast-global-color-5)","background-image":"","background-repeat":"repeat","background-position":"center center","background-size":"auto","background-attachment":"scroll","background-type":"","background-media":"","overlay-type":"","overlay-color":"","overlay-opacity":"","overlay-gradient":""},"mobile":{"background-color":"var(--ast-global-color-5)","background-image":"","background-repeat":"repeat","background-position":"center center","background-size":"auto","background-attachment":"scroll","background-type":"","background-media":"","overlay-type":"","overlay-color":"","overlay-opacity":"","overlay-gradient":""}}},"product_brand":[],"product_cat":[20364,20309,20350],"product_tag":[],"class_list":{"0":"post-13359","1":"product","2":"type-product","3":"status-publish","4":"has-post-thumbnail","6":"product_cat-cbd","7":"product_cat-smartshop","8":"product_cat-voedingssupplementen","9":"desktop-align-center","10":"tablet-align-center","11":"mobile-align-center","13":"first","14":"instock","15":"sale","16":"shipping-taxable","17":"purchasable","18":"product-type-simple"},"yoast_head":"<!-- This site is optimized with the Yoast SEO plugin v27.4 - https:\/\/yoast.com\/product\/yoast-seo-wordpress\/ -->\n<title>CBD Sleep Well Gummies 30g Kopen? - Op=Op- 3MMC kopen<\/title>\n<meta name=\"description\" content=\"Bij 3MMC kopen kun je gemakkelijk en snel CBD Sleep Well Gummies 30g bestellen en morgen al onderzoeken! Voor 17:00 besteld is vandaag al verzonden. Wees er snel bij.\" \/>\n<meta name=\"robots\" content=\"index, follow, max-snippet:-1, max-image-preview:large, max-video-preview:-1\" \/>\n<link rel=\"canonical\" href=\"https:\/\/3-mmckopen.nl\/de\/3mmc-kopen\/shop\/healthshop\/voedingssupplementen\/cbd-sleep-well-gummies-30g\/\" \/>\n<meta property=\"og:locale\" content=\"de_DE\" \/>\n<meta property=\"og:type\" content=\"article\" \/>\n<meta property=\"og:title\" content=\"CBD Sleep Well Gummies 30g Kopen? - Op=Op- 3MMC kopen\" \/>\n<meta property=\"og:description\" content=\"Bij 3MMC kopen kun je gemakkelijk en snel CBD Sleep Well Gummies 30g bestellen en morgen al onderzoeken! Voor 17:00 besteld is vandaag al verzonden. Wees er snel bij.\" \/>\n<meta property=\"og:url\" content=\"https:\/\/3-mmckopen.nl\/de\/3mmc-kopen\/shop\/healthshop\/voedingssupplementen\/cbd-sleep-well-gummies-30g\/\" \/>\n<meta property=\"og:site_name\" content=\"3MMC kopen\" \/>\n<meta property=\"article:modified_time\" content=\"2026-01-27T16:24:47+00:00\" \/>\n<meta property=\"og:image\" content=\"https:\/\/3-mmckopen.nl\/wp-content\/uploads\/2022\/02\/Sleep_Gummy_Product_plaatje_03mg_Klein.jpg\" \/>\n\t<meta property=\"og:image:width\" content=\"1000\" \/>\n\t<meta property=\"og:image:height\" content=\"1000\" \/>\n\t<meta property=\"og:image:type\" content=\"image\/jpeg\" \/>\n<meta name=\"twitter:card\" content=\"summary_large_image\" \/>\n<meta name=\"twitter:label1\" content=\"Gesch\u00e4tzte Lesezeit\" \/>\n\t<meta name=\"twitter:data1\" content=\"2\u00a0Minuten\" \/>\n<script type=\"application\/ld+json\" class=\"yoast-schema-graph\">{\"@context\":\"https:\\\/\\\/schema.org\",\"@graph\":[{\"@type\":\"WebPage\",\"@id\":\"https:\\\/\\\/3-mmckopen.nl\\\/3mmc-kopen\\\/shop\\\/healthshop\\\/voedingssupplementen\\\/cbd-sleep-well-gummies-30g\\\/\",\"url\":\"https:\\\/\\\/3-mmckopen.nl\\\/3mmc-kopen\\\/shop\\\/healthshop\\\/voedingssupplementen\\\/cbd-sleep-well-gummies-30g\\\/\",\"name\":\"CBD Sleep Well Gummies 30g Kopen? - Op=Op- 3MMC kopen\",\"isPartOf\":{\"@id\":\"https:\\\/\\\/3-mmckopen.nl\\\/#website\"},\"primaryImageOfPage\":{\"@id\":\"https:\\\/\\\/3-mmckopen.nl\\\/3mmc-kopen\\\/shop\\\/healthshop\\\/voedingssupplementen\\\/cbd-sleep-well-gummies-30g\\\/#primaryimage\"},\"image\":{\"@id\":\"https:\\\/\\\/3-mmckopen.nl\\\/3mmc-kopen\\\/shop\\\/healthshop\\\/voedingssupplementen\\\/cbd-sleep-well-gummies-30g\\\/#primaryimage\"},\"thumbnailUrl\":\"https:\\\/\\\/3-mmckopen.nl\\\/wp-content\\\/uploads\\\/2022\\\/02\\\/Sleep_Gummy_Product_plaatje_03mg_Klein.jpg\",\"datePublished\":\"2022-02-10T17:16:06+00:00\",\"dateModified\":\"2026-01-27T16:24:47+00:00\",\"description\":\"Bij 3MMC kopen kun je gemakkelijk en snel CBD Sleep Well Gummies 30g bestellen en morgen al onderzoeken! Voor 17:00 besteld is vandaag al verzonden. Wees er snel bij.\",\"breadcrumb\":{\"@id\":\"https:\\\/\\\/3-mmckopen.nl\\\/3mmc-kopen\\\/shop\\\/healthshop\\\/voedingssupplementen\\\/cbd-sleep-well-gummies-30g\\\/#breadcrumb\"},\"inLanguage\":\"de\",\"potentialAction\":[{\"@type\":\"ReadAction\",\"target\":[\"https:\\\/\\\/3-mmckopen.nl\\\/3mmc-kopen\\\/shop\\\/healthshop\\\/voedingssupplementen\\\/cbd-sleep-well-gummies-30g\\\/\"]}]},{\"@type\":\"ImageObject\",\"inLanguage\":\"de\",\"@id\":\"https:\\\/\\\/3-mmckopen.nl\\\/3mmc-kopen\\\/shop\\\/healthshop\\\/voedingssupplementen\\\/cbd-sleep-well-gummies-30g\\\/#primaryimage\",\"url\":\"https:\\\/\\\/3-mmckopen.nl\\\/wp-content\\\/uploads\\\/2022\\\/02\\\/Sleep_Gummy_Product_plaatje_03mg_Klein.jpg\",\"contentUrl\":\"https:\\\/\\\/3-mmckopen.nl\\\/wp-content\\\/uploads\\\/2022\\\/02\\\/Sleep_Gummy_Product_plaatje_03mg_Klein.jpg\",\"width\":1000,\"height\":1000,\"caption\":\"cbd sleep well gummies\"},{\"@type\":\"BreadcrumbList\",\"@id\":\"https:\\\/\\\/3-mmckopen.nl\\\/3mmc-kopen\\\/shop\\\/healthshop\\\/voedingssupplementen\\\/cbd-sleep-well-gummies-30g\\\/#breadcrumb\",\"itemListElement\":[{\"@type\":\"ListItem\",\"position\":1,\"name\":\"Home\",\"item\":\"https:\\\/\\\/3-mmckopen.nl\\\/\"},{\"@type\":\"ListItem\",\"position\":2,\"name\":\"Winkel\",\"item\":\"https:\\\/\\\/3-mmckopen.nl\\\/winkel\\\/\"},{\"@type\":\"ListItem\",\"position\":3,\"name\":\"CBD Sleep Well Gummies 30g\"}]},{\"@type\":\"WebSite\",\"@id\":\"https:\\\/\\\/3-mmckopen.nl\\\/#website\",\"url\":\"https:\\\/\\\/3-mmckopen.nl\\\/\",\"name\":\"3MMC kopen\",\"description\":\"VOOR ALLE THUIS CHEMISI EN ONDERZOEKERS ONDER ONS\",\"publisher\":{\"@id\":\"https:\\\/\\\/3-mmckopen.nl\\\/#organization\"},\"potentialAction\":[{\"@type\":\"SearchAction\",\"target\":{\"@type\":\"EntryPoint\",\"urlTemplate\":\"https:\\\/\\\/3-mmckopen.nl\\\/?s={search_term_string}\"},\"query-input\":{\"@type\":\"PropertyValueSpecification\",\"valueRequired\":true,\"valueName\":\"search_term_string\"}}],\"inLanguage\":\"de\"},{\"@type\":\"Organization\",\"@id\":\"https:\\\/\\\/3-mmckopen.nl\\\/#organization\",\"name\":\"3mmc kopen\",\"url\":\"https:\\\/\\\/3-mmckopen.nl\\\/\",\"logo\":{\"@type\":\"ImageObject\",\"inLanguage\":\"de\",\"@id\":\"https:\\\/\\\/3-mmckopen.nl\\\/#\\\/schema\\\/logo\\\/image\\\/\",\"url\":\"https:\\\/\\\/3-mmckopen.nl\\\/wp-content\\\/uploads\\\/2024\\\/03\\\/3mmckopennl.webp\",\"contentUrl\":\"https:\\\/\\\/3-mmckopen.nl\\\/wp-content\\\/uploads\\\/2024\\\/03\\\/3mmckopennl.webp\",\"width\":300,\"height\":118,\"caption\":\"3mmc kopen\"},\"image\":{\"@id\":\"https:\\\/\\\/3-mmckopen.nl\\\/#\\\/schema\\\/logo\\\/image\\\/\"},\"sameAs\":[\"https:\\\/\\\/www.instagram.com\\\/dehuisprofessor\\\/\",\"https:\\\/\\\/nl.pinterest.com\\\/dehuisprofessor\\\/\",\"https:\\\/\\\/www.youtube.com\\\/channel\\\/UCsGzCVJiHsWLILEEHDzCNqA\"]}]}<\/script>\n<!-- \/ Yoast SEO plugin. -->","yoast_head_json":{"title":"CBD Sleep Well Gummies 30g Kopen? - Op=Op- 3MMC kopen","description":"Bij 3MMC kopen kun je gemakkelijk en snel CBD Sleep Well Gummies 30g bestellen en morgen al onderzoeken! Voor 17:00 besteld is vandaag al verzonden. Wees er snel bij.","robots":{"index":"index","follow":"follow","max-snippet":"max-snippet:-1","max-image-preview":"max-image-preview:large","max-video-preview":"max-video-preview:-1"},"canonical":"https:\/\/3-mmckopen.nl\/de\/3mmc-kopen\/shop\/healthshop\/voedingssupplementen\/cbd-sleep-well-gummies-30g\/","og_locale":"de_DE","og_type":"article","og_title":"CBD Sleep Well Gummies 30g Kopen? - Op=Op- 3MMC kopen","og_description":"Bij 3MMC kopen kun je gemakkelijk en snel CBD Sleep Well Gummies 30g bestellen en morgen al onderzoeken! Voor 17:00 besteld is vandaag al verzonden. Wees er snel bij.","og_url":"https:\/\/3-mmckopen.nl\/de\/3mmc-kopen\/shop\/healthshop\/voedingssupplementen\/cbd-sleep-well-gummies-30g\/","og_site_name":"3MMC kopen","article_modified_time":"2026-01-27T16:24:47+00:00","og_image":[{"width":1000,"height":1000,"url":"https:\/\/3-mmckopen.nl\/wp-content\/uploads\/2022\/02\/Sleep_Gummy_Product_plaatje_03mg_Klein.jpg","type":"image\/jpeg"}],"twitter_card":"summary_large_image","twitter_misc":{"Gesch\u00e4tzte Lesezeit":"2\u00a0Minuten"},"schema":{"@context":"https:\/\/schema.org","@graph":[{"@type":"WebPage","@id":"https:\/\/3-mmckopen.nl\/3mmc-kopen\/shop\/healthshop\/voedingssupplementen\/cbd-sleep-well-gummies-30g\/","url":"https:\/\/3-mmckopen.nl\/3mmc-kopen\/shop\/healthshop\/voedingssupplementen\/cbd-sleep-well-gummies-30g\/","name":"CBD Sleep Well Gummies 30g Kopen? - Op=Op- 3MMC kopen","isPartOf":{"@id":"https:\/\/3-mmckopen.nl\/#website"},"primaryImageOfPage":{"@id":"https:\/\/3-mmckopen.nl\/3mmc-kopen\/shop\/healthshop\/voedingssupplementen\/cbd-sleep-well-gummies-30g\/#primaryimage"},"image":{"@id":"https:\/\/3-mmckopen.nl\/3mmc-kopen\/shop\/healthshop\/voedingssupplementen\/cbd-sleep-well-gummies-30g\/#primaryimage"},"thumbnailUrl":"https:\/\/3-mmckopen.nl\/wp-content\/uploads\/2022\/02\/Sleep_Gummy_Product_plaatje_03mg_Klein.jpg","datePublished":"2022-02-10T17:16:06+00:00","dateModified":"2026-01-27T16:24:47+00:00","description":"Bij 3MMC kopen kun je gemakkelijk en snel CBD Sleep Well Gummies 30g bestellen en morgen al onderzoeken! Voor 17:00 besteld is vandaag al verzonden. Wees er snel bij.","breadcrumb":{"@id":"https:\/\/3-mmckopen.nl\/3mmc-kopen\/shop\/healthshop\/voedingssupplementen\/cbd-sleep-well-gummies-30g\/#breadcrumb"},"inLanguage":"de","potentialAction":[{"@type":"ReadAction","target":["https:\/\/3-mmckopen.nl\/3mmc-kopen\/shop\/healthshop\/voedingssupplementen\/cbd-sleep-well-gummies-30g\/"]}]},{"@type":"ImageObject","inLanguage":"de","@id":"https:\/\/3-mmckopen.nl\/3mmc-kopen\/shop\/healthshop\/voedingssupplementen\/cbd-sleep-well-gummies-30g\/#primaryimage","url":"https:\/\/3-mmckopen.nl\/wp-content\/uploads\/2022\/02\/Sleep_Gummy_Product_plaatje_03mg_Klein.jpg","contentUrl":"https:\/\/3-mmckopen.nl\/wp-content\/uploads\/2022\/02\/Sleep_Gummy_Product_plaatje_03mg_Klein.jpg","width":1000,"height":1000,"caption":"cbd sleep well gummies"},{"@type":"BreadcrumbList","@id":"https:\/\/3-mmckopen.nl\/3mmc-kopen\/shop\/healthshop\/voedingssupplementen\/cbd-sleep-well-gummies-30g\/#breadcrumb","itemListElement":[{"@type":"ListItem","position":1,"name":"Home","item":"https:\/\/3-mmckopen.nl\/"},{"@type":"ListItem","position":2,"name":"Winkel","item":"https:\/\/3-mmckopen.nl\/winkel\/"},{"@type":"ListItem","position":3,"name":"CBD Sleep Well Gummies 30g"}]},{"@type":"WebSite","@id":"https:\/\/3-mmckopen.nl\/#website","url":"https:\/\/3-mmckopen.nl\/","name":"3MMC kaufen","description":"F\u00dcR ALLE HOME CHEMISI UND FORSCHER UNTER UNS","publisher":{"@id":"https:\/\/3-mmckopen.nl\/#organization"},"potentialAction":[{"@type":"SearchAction","target":{"@type":"EntryPoint","urlTemplate":"https:\/\/3-mmckopen.nl\/?s={search_term_string}"},"query-input":{"@type":"PropertyValueSpecification","valueRequired":true,"valueName":"search_term_string"}}],"inLanguage":"de"},{"@type":"Organization","@id":"https:\/\/3-mmckopen.nl\/#organization","name":"3mmc kopen","url":"https:\/\/3-mmckopen.nl\/","logo":{"@type":"ImageObject","inLanguage":"de","@id":"https:\/\/3-mmckopen.nl\/#\/schema\/logo\/image\/","url":"https:\/\/3-mmckopen.nl\/wp-content\/uploads\/2024\/03\/3mmckopennl.webp","contentUrl":"https:\/\/3-mmckopen.nl\/wp-content\/uploads\/2024\/03\/3mmckopennl.webp","width":300,"height":118,"caption":"3mmc kopen"},"image":{"@id":"https:\/\/3-mmckopen.nl\/#\/schema\/logo\/image\/"},"sameAs":["https:\/\/www.instagram.com\/dehuisprofessor\/","https:\/\/nl.pinterest.com\/dehuisprofessor\/","https:\/\/www.youtube.com\/channel\/UCsGzCVJiHsWLILEEHDzCNqA"]}]}},"_links":{"self":[{"href":"https:\/\/3-mmckopen.nl\/de\/wp-json\/wp\/v2\/product\/13359","targetHints":{"allow":["GET"]}}],"collection":[{"href":"https:\/\/3-mmckopen.nl\/de\/wp-json\/wp\/v2\/product"}],"about":[{"href":"https:\/\/3-mmckopen.nl\/de\/wp-json\/wp\/v2\/types\/product"}],"replies":[{"embeddable":true,"href":"https:\/\/3-mmckopen.nl\/de\/wp-json\/wp\/v2\/comments?post=13359"}],"version-history":[{"count":0,"href":"https:\/\/3-mmckopen.nl\/de\/wp-json\/wp\/v2\/product\/13359\/revisions"}],"wp:featuredmedia":[{"embeddable":true,"href":"https:\/\/3-mmckopen.nl\/de\/wp-json\/wp\/v2\/media\/13360"}],"wp:attachment":[{"href":"https:\/\/3-mmckopen.nl\/de\/wp-json\/wp\/v2\/media?parent=13359"}],"wp:term":[{"taxonomy":"product_brand","embeddable":true,"href":"https:\/\/3-mmckopen.nl\/de\/wp-json\/wp\/v2\/product_brand?post=13359"},{"taxonomy":"product_cat","embeddable":true,"href":"https:\/\/3-mmckopen.nl\/de\/wp-json\/wp\/v2\/product_cat?post=13359"},{"taxonomy":"product_tag","embeddable":true,"href":"https:\/\/3-mmckopen.nl\/de\/wp-json\/wp\/v2\/product_tag?post=13359"}],"curies":[{"name":"wp","href":"https:\/\/api.w.org\/{rel}","templated":true}]}}