{"id":14102,"date":"2022-03-18T22:29:35","date_gmt":"2022-03-18T21:29:35","guid":{"rendered":"https:\/\/3-mmckopen.nl\/?post_type=product&#038;p=14102"},"modified":"2026-04-02T17:09:07","modified_gmt":"2026-04-02T15:09:07","slug":"relax-e","status":"publish","type":"product","link":"https:\/\/3-mmckopen.nl\/de\/3mmc-kopen\/shop\/smartshop\/happy-caps\/relax-e\/","title":{"rendered":"Entspannen Sie sich E"},"content":{"rendered":"<h1>Relax E kopen \u2013 4 stuks<\/h1>\n<p>Zet de wereld even op pauze en gun jezelf de rust en ontspanning die je verdient! Deze unieke mix van vitaminen en mineralen is samengesteld om een relaxte en ontspannen toestand te bevorderen. De relax-e is de ideale ontspanning voor elk moment dat jij dit nodig hebt. Ideaal te gebruiken na een drukke dag of elk ander moment waarop jij lekker wilt chillen. .<\/p>\n<p>Energie\u00a0<strong>***<\/strong><\/p>\n<p>Konzentration\u00a0<strong>***<\/strong><\/p>\n<p>Entspannung\u00a0<strong>*****<\/strong><\/p>\n<p>Liebe\u00a0<strong>****<\/strong><\/p>\n<p>Psychedelisch\u00a0<strong>*<\/strong><\/p>\n<p><strong>Verwendung:<\/strong><\/p>\n<p>Nehmen Sie 1 bis 2 Kapseln etwa 45 Minuten vor dem gew\u00fcnschten Effekt ein. Verwenden Sie nicht mehr als die maximale Dosierung von 2 Kapseln pro 24 Stunden.<\/p>\n<p><strong>Warnung:<\/strong><\/p>\n<p>Verkauf und Nutzung unter 18 Jahren nicht gestattet. Verwenden Sie ein Nahrungserg\u00e4nzungsmittel nicht als Ersatz f\u00fcr eine abwechslungsreiche Ern\u00e4hrung. Au\u00dferhalb der Reichweite von Kindern aufbewahren. Nicht in Kombination mit Arzneimitteln oder anderen Simulanzien anwenden, bei hohem\/niedrigem Blutdruck, Herzproblemen, Schwangerschaft und Stillzeit, Schilddr\u00fcsenerkrankungen, Nierenerkrankungen, Depressionen, Nervosit\u00e4t und bei der Anwendung von MAO-Hemmern Vorsicht bei \u00fcberm\u00e4\u00dfigem Alkoholkonsum. \u00dcberschreiten Sie nicht die maximale Dosis.<\/p>\n<p>Neem een break en gun jezelf de ontspanning die je verdient. Het doel van Relax-E van Happy Caps is het bevorderen van een ontspannen, relaxte toestand. Dit supplement bevat een mix van mineralen en vitamines. Deze zijn ideaal om tot rust te komen na een lange werkdag. Met Relax-E zit je goed, of je nu met vrienden een film kijkt of gewoon wilt relaxen.<\/p>\n<p><strong>Per<\/strong>\u00a0<strong>2<\/strong>\u00a0<strong>Kapseln<\/strong>\u00a0<strong>(1<\/strong>\u00a0<strong>dosering):<\/strong>\u00a0GABA 400mg, Calcium 200mg, Magnesium 150mg, Vitamine C 50mg, L-Theanine 50mg, Choline 22mg, Ijzer 3mg, Zink 2mg, Vitamine B6 1mg, foliumzuur 50\u00b5g, Vitamine H 18\u00b5g, Vitamine B12 2 \u00b5g, Vitamine G 1 \u00b5g.<\/p>","protected":false},"excerpt":{"rendered":"<p>Relax E kopen \u2013 4 stuks Zet de wereld even op pauze en gun jezelf de rust en ontspanning die je verdient! Deze unieke mix van vitaminen en mineralen is samengesteld om een relaxte en ontspannen toestand te bevorderen. De relax-e is de ideale ontspanning voor elk moment dat jij dit nodig hebt. Ideaal te [&hellip;]<\/p>\n","protected":false},"featured_media":14130,"comment_status":"closed","ping_status":"closed","template":"","meta":{"site-sidebar-layout":"default","site-content-layout":"default","ast-site-content-layout":"default","site-content-style":"default","site-sidebar-style":"default","ast-global-header-display":"","ast-banner-title-visibility":"","ast-main-header-display":"","ast-hfb-above-header-display":"","ast-hfb-below-header-display":"","ast-hfb-mobile-header-display":"","site-post-title":"","ast-breadcrumbs-content":"","ast-featured-img":"","footer-sml-layout":"","theme-transparent-header-meta":"default","adv-header-id-meta":"","stick-header-meta":"","header-above-stick-meta":"","header-main-stick-meta":"","header-below-stick-meta":"","astra-migrate-meta-layouts":"default","ast-page-background-enabled":"default","ast-page-background-meta":{"desktop":{"background-color":"","background-image":"","background-repeat":"repeat","background-position":"center center","background-size":"auto","background-attachment":"scroll","background-type":"","background-media":"","overlay-type":"","overlay-color":"","overlay-opacity":"","overlay-gradient":""},"tablet":{"background-color":"","background-image":"","background-repeat":"repeat","background-position":"center center","background-size":"auto","background-attachment":"scroll","background-type":"","background-media":"","overlay-type":"","overlay-color":"","overlay-opacity":"","overlay-gradient":""},"mobile":{"background-color":"","background-image":"","background-repeat":"repeat","background-position":"center center","background-size":"auto","background-attachment":"scroll","background-type":"","background-media":"","overlay-type":"","overlay-color":"","overlay-opacity":"","overlay-gradient":""}},"ast-content-background-meta":{"desktop":{"background-color":"var(--ast-global-color-5)","background-image":"","background-repeat":"repeat","background-position":"center center","background-size":"auto","background-attachment":"scroll","background-type":"","background-media":"","overlay-type":"","overlay-color":"","overlay-opacity":"","overlay-gradient":""},"tablet":{"background-color":"var(--ast-global-color-5)","background-image":"","background-repeat":"repeat","background-position":"center center","background-size":"auto","background-attachment":"scroll","background-type":"","background-media":"","overlay-type":"","overlay-color":"","overlay-opacity":"","overlay-gradient":""},"mobile":{"background-color":"var(--ast-global-color-5)","background-image":"","background-repeat":"repeat","background-position":"center center","background-size":"auto","background-attachment":"scroll","background-type":"","background-media":"","overlay-type":"","overlay-color":"","overlay-opacity":"","overlay-gradient":""}}},"product_brand":[],"product_cat":[20348,20309],"product_tag":[20349],"class_list":{"0":"post-14102","1":"product","2":"type-product","3":"status-publish","4":"has-post-thumbnail","6":"product_cat-happy-caps","7":"product_cat-smartshop","8":"product_tag-happy-caps","9":"desktop-align-center","10":"tablet-align-center","11":"mobile-align-center","13":"first","14":"instock","15":"shipping-taxable","16":"purchasable","17":"product-type-simple"},"yoast_head":"<!-- This site is optimized with the Yoast SEO plugin v27.4 - https:\/\/yoast.com\/product\/yoast-seo-wordpress\/ -->\n<title>Relax E Kopen? - Op=Op- 3MMC kopen<\/title>\n<meta name=\"description\" content=\"Bij 3MMC kopen kun je gemakkelijk en snel Relax E bestellen en morgen al onderzoeken! Voor 17:00 besteld is vandaag al verzonden. Wees er snel bij.\" \/>\n<meta name=\"robots\" content=\"index, follow, max-snippet:-1, max-image-preview:large, max-video-preview:-1\" \/>\n<link rel=\"canonical\" href=\"https:\/\/3-mmckopen.nl\/de\/3mmc-kopen\/shop\/smartshop\/happy-caps\/relax-e\/\" \/>\n<meta property=\"og:locale\" content=\"de_DE\" \/>\n<meta property=\"og:type\" content=\"article\" \/>\n<meta property=\"og:title\" content=\"Relax E Kopen? - Op=Op- 3MMC kopen\" \/>\n<meta property=\"og:description\" content=\"Bij 3MMC kopen kun je gemakkelijk en snel Relax E bestellen en morgen al onderzoeken! Voor 17:00 besteld is vandaag al verzonden. Wees er snel bij.\" \/>\n<meta property=\"og:url\" content=\"https:\/\/3-mmckopen.nl\/de\/3mmc-kopen\/shop\/smartshop\/happy-caps\/relax-e\/\" \/>\n<meta property=\"og:site_name\" content=\"3MMC kopen\" \/>\n<meta property=\"article:modified_time\" content=\"2026-04-02T15:09:07+00:00\" \/>\n<meta property=\"og:image\" content=\"https:\/\/3-mmckopen.nl\/wp-content\/uploads\/2022\/03\/Relax-E-600x600-1.jpg\" \/>\n\t<meta property=\"og:image:width\" content=\"600\" \/>\n\t<meta property=\"og:image:height\" content=\"600\" \/>\n\t<meta property=\"og:image:type\" content=\"image\/jpeg\" \/>\n<meta name=\"twitter:card\" content=\"summary_large_image\" \/>\n<meta name=\"twitter:label1\" content=\"Gesch\u00e4tzte Lesezeit\" \/>\n\t<meta name=\"twitter:data1\" content=\"2\u00a0Minuten\" \/>\n<script type=\"application\/ld+json\" class=\"yoast-schema-graph\">{\"@context\":\"https:\\\/\\\/schema.org\",\"@graph\":[{\"@type\":\"WebPage\",\"@id\":\"https:\\\/\\\/3-mmckopen.nl\\\/es\\\/3mmc-kopen\\\/shop\\\/smartshop\\\/happy-caps\\\/relax-e\\\/\",\"url\":\"https:\\\/\\\/3-mmckopen.nl\\\/es\\\/3mmc-kopen\\\/shop\\\/smartshop\\\/happy-caps\\\/relax-e\\\/\",\"name\":\"Relax E Kopen? - Op=Op- 3MMC kopen\",\"isPartOf\":{\"@id\":\"https:\\\/\\\/3-mmckopen.nl\\\/#website\"},\"primaryImageOfPage\":{\"@id\":\"https:\\\/\\\/3-mmckopen.nl\\\/es\\\/3mmc-kopen\\\/shop\\\/smartshop\\\/happy-caps\\\/relax-e\\\/#primaryimage\"},\"image\":{\"@id\":\"https:\\\/\\\/3-mmckopen.nl\\\/es\\\/3mmc-kopen\\\/shop\\\/smartshop\\\/happy-caps\\\/relax-e\\\/#primaryimage\"},\"thumbnailUrl\":\"https:\\\/\\\/3-mmckopen.nl\\\/wp-content\\\/uploads\\\/2022\\\/03\\\/Relax-E-600x600-1.jpg\",\"datePublished\":\"2022-03-18T21:29:35+00:00\",\"dateModified\":\"2026-04-02T15:09:07+00:00\",\"description\":\"Bij 3MMC kopen kun je gemakkelijk en snel Relax E bestellen en morgen al onderzoeken! Voor 17:00 besteld is vandaag al verzonden. Wees er snel bij.\",\"breadcrumb\":{\"@id\":\"https:\\\/\\\/3-mmckopen.nl\\\/es\\\/3mmc-kopen\\\/shop\\\/smartshop\\\/happy-caps\\\/relax-e\\\/#breadcrumb\"},\"inLanguage\":\"de\",\"potentialAction\":[{\"@type\":\"ReadAction\",\"target\":[\"https:\\\/\\\/3-mmckopen.nl\\\/es\\\/3mmc-kopen\\\/shop\\\/smartshop\\\/happy-caps\\\/relax-e\\\/\"]}]},{\"@type\":\"ImageObject\",\"inLanguage\":\"de\",\"@id\":\"https:\\\/\\\/3-mmckopen.nl\\\/es\\\/3mmc-kopen\\\/shop\\\/smartshop\\\/happy-caps\\\/relax-e\\\/#primaryimage\",\"url\":\"https:\\\/\\\/3-mmckopen.nl\\\/wp-content\\\/uploads\\\/2022\\\/03\\\/Relax-E-600x600-1.jpg\",\"contentUrl\":\"https:\\\/\\\/3-mmckopen.nl\\\/wp-content\\\/uploads\\\/2022\\\/03\\\/Relax-E-600x600-1.jpg\",\"width\":600,\"height\":600},{\"@type\":\"BreadcrumbList\",\"@id\":\"https:\\\/\\\/3-mmckopen.nl\\\/es\\\/3mmc-kopen\\\/shop\\\/smartshop\\\/happy-caps\\\/relax-e\\\/#breadcrumb\",\"itemListElement\":[{\"@type\":\"ListItem\",\"position\":1,\"name\":\"Home\",\"item\":\"https:\\\/\\\/3-mmckopen.nl\\\/\"},{\"@type\":\"ListItem\",\"position\":2,\"name\":\"Winkel\",\"item\":\"https:\\\/\\\/3-mmckopen.nl\\\/winkel\\\/\"},{\"@type\":\"ListItem\",\"position\":3,\"name\":\"Relax E\"}]},{\"@type\":\"WebSite\",\"@id\":\"https:\\\/\\\/3-mmckopen.nl\\\/#website\",\"url\":\"https:\\\/\\\/3-mmckopen.nl\\\/\",\"name\":\"3MMC kopen\",\"description\":\"VOOR ALLE THUIS CHEMISI EN ONDERZOEKERS ONDER ONS\",\"publisher\":{\"@id\":\"https:\\\/\\\/3-mmckopen.nl\\\/#organization\"},\"potentialAction\":[{\"@type\":\"SearchAction\",\"target\":{\"@type\":\"EntryPoint\",\"urlTemplate\":\"https:\\\/\\\/3-mmckopen.nl\\\/?s={search_term_string}\"},\"query-input\":{\"@type\":\"PropertyValueSpecification\",\"valueRequired\":true,\"valueName\":\"search_term_string\"}}],\"inLanguage\":\"de\"},{\"@type\":\"Organization\",\"@id\":\"https:\\\/\\\/3-mmckopen.nl\\\/#organization\",\"name\":\"3mmc kopen\",\"url\":\"https:\\\/\\\/3-mmckopen.nl\\\/\",\"logo\":{\"@type\":\"ImageObject\",\"inLanguage\":\"de\",\"@id\":\"https:\\\/\\\/3-mmckopen.nl\\\/#\\\/schema\\\/logo\\\/image\\\/\",\"url\":\"https:\\\/\\\/3-mmckopen.nl\\\/wp-content\\\/uploads\\\/2024\\\/03\\\/3mmckopennl.webp\",\"contentUrl\":\"https:\\\/\\\/3-mmckopen.nl\\\/wp-content\\\/uploads\\\/2024\\\/03\\\/3mmckopennl.webp\",\"width\":300,\"height\":118,\"caption\":\"3mmc kopen\"},\"image\":{\"@id\":\"https:\\\/\\\/3-mmckopen.nl\\\/#\\\/schema\\\/logo\\\/image\\\/\"},\"sameAs\":[\"https:\\\/\\\/www.instagram.com\\\/dehuisprofessor\\\/\",\"https:\\\/\\\/nl.pinterest.com\\\/dehuisprofessor\\\/\",\"https:\\\/\\\/www.youtube.com\\\/channel\\\/UCsGzCVJiHsWLILEEHDzCNqA\"]}]}<\/script>\n<!-- \/ Yoast SEO plugin. -->","yoast_head_json":{"title":"Relax E Kopen? - Op=Op- 3MMC kopen","description":"Bij 3MMC kopen kun je gemakkelijk en snel Relax E bestellen en morgen al onderzoeken! Voor 17:00 besteld is vandaag al verzonden. Wees er snel bij.","robots":{"index":"index","follow":"follow","max-snippet":"max-snippet:-1","max-image-preview":"max-image-preview:large","max-video-preview":"max-video-preview:-1"},"canonical":"https:\/\/3-mmckopen.nl\/de\/3mmc-kopen\/shop\/smartshop\/happy-caps\/relax-e\/","og_locale":"de_DE","og_type":"article","og_title":"Relax E Kopen? - Op=Op- 3MMC kopen","og_description":"Bij 3MMC kopen kun je gemakkelijk en snel Relax E bestellen en morgen al onderzoeken! Voor 17:00 besteld is vandaag al verzonden. Wees er snel bij.","og_url":"https:\/\/3-mmckopen.nl\/de\/3mmc-kopen\/shop\/smartshop\/happy-caps\/relax-e\/","og_site_name":"3MMC kopen","article_modified_time":"2026-04-02T15:09:07+00:00","og_image":[{"width":600,"height":600,"url":"https:\/\/3-mmckopen.nl\/wp-content\/uploads\/2022\/03\/Relax-E-600x600-1.jpg","type":"image\/jpeg"}],"twitter_card":"summary_large_image","twitter_misc":{"Gesch\u00e4tzte Lesezeit":"2\u00a0Minuten"},"schema":{"@context":"https:\/\/schema.org","@graph":[{"@type":"WebPage","@id":"https:\/\/3-mmckopen.nl\/es\/3mmc-kopen\/shop\/smartshop\/happy-caps\/relax-e\/","url":"https:\/\/3-mmckopen.nl\/es\/3mmc-kopen\/shop\/smartshop\/happy-caps\/relax-e\/","name":"Relax E Kopen? - Op=Op- 3MMC kopen","isPartOf":{"@id":"https:\/\/3-mmckopen.nl\/#website"},"primaryImageOfPage":{"@id":"https:\/\/3-mmckopen.nl\/es\/3mmc-kopen\/shop\/smartshop\/happy-caps\/relax-e\/#primaryimage"},"image":{"@id":"https:\/\/3-mmckopen.nl\/es\/3mmc-kopen\/shop\/smartshop\/happy-caps\/relax-e\/#primaryimage"},"thumbnailUrl":"https:\/\/3-mmckopen.nl\/wp-content\/uploads\/2022\/03\/Relax-E-600x600-1.jpg","datePublished":"2022-03-18T21:29:35+00:00","dateModified":"2026-04-02T15:09:07+00:00","description":"Bij 3MMC kopen kun je gemakkelijk en snel Relax E bestellen en morgen al onderzoeken! Voor 17:00 besteld is vandaag al verzonden. Wees er snel bij.","breadcrumb":{"@id":"https:\/\/3-mmckopen.nl\/es\/3mmc-kopen\/shop\/smartshop\/happy-caps\/relax-e\/#breadcrumb"},"inLanguage":"de","potentialAction":[{"@type":"ReadAction","target":["https:\/\/3-mmckopen.nl\/es\/3mmc-kopen\/shop\/smartshop\/happy-caps\/relax-e\/"]}]},{"@type":"ImageObject","inLanguage":"de","@id":"https:\/\/3-mmckopen.nl\/es\/3mmc-kopen\/shop\/smartshop\/happy-caps\/relax-e\/#primaryimage","url":"https:\/\/3-mmckopen.nl\/wp-content\/uploads\/2022\/03\/Relax-E-600x600-1.jpg","contentUrl":"https:\/\/3-mmckopen.nl\/wp-content\/uploads\/2022\/03\/Relax-E-600x600-1.jpg","width":600,"height":600},{"@type":"BreadcrumbList","@id":"https:\/\/3-mmckopen.nl\/es\/3mmc-kopen\/shop\/smartshop\/happy-caps\/relax-e\/#breadcrumb","itemListElement":[{"@type":"ListItem","position":1,"name":"Home","item":"https:\/\/3-mmckopen.nl\/"},{"@type":"ListItem","position":2,"name":"Winkel","item":"https:\/\/3-mmckopen.nl\/winkel\/"},{"@type":"ListItem","position":3,"name":"Relax E"}]},{"@type":"WebSite","@id":"https:\/\/3-mmckopen.nl\/#website","url":"https:\/\/3-mmckopen.nl\/","name":"3MMC kaufen","description":"F\u00dcR ALLE HOME CHEMISI UND FORSCHER UNTER UNS","publisher":{"@id":"https:\/\/3-mmckopen.nl\/#organization"},"potentialAction":[{"@type":"SearchAction","target":{"@type":"EntryPoint","urlTemplate":"https:\/\/3-mmckopen.nl\/?s={search_term_string}"},"query-input":{"@type":"PropertyValueSpecification","valueRequired":true,"valueName":"search_term_string"}}],"inLanguage":"de"},{"@type":"Organization","@id":"https:\/\/3-mmckopen.nl\/#organization","name":"3mmc kopen","url":"https:\/\/3-mmckopen.nl\/","logo":{"@type":"ImageObject","inLanguage":"de","@id":"https:\/\/3-mmckopen.nl\/#\/schema\/logo\/image\/","url":"https:\/\/3-mmckopen.nl\/wp-content\/uploads\/2024\/03\/3mmckopennl.webp","contentUrl":"https:\/\/3-mmckopen.nl\/wp-content\/uploads\/2024\/03\/3mmckopennl.webp","width":300,"height":118,"caption":"3mmc kopen"},"image":{"@id":"https:\/\/3-mmckopen.nl\/#\/schema\/logo\/image\/"},"sameAs":["https:\/\/www.instagram.com\/dehuisprofessor\/","https:\/\/nl.pinterest.com\/dehuisprofessor\/","https:\/\/www.youtube.com\/channel\/UCsGzCVJiHsWLILEEHDzCNqA"]}]}},"_links":{"self":[{"href":"https:\/\/3-mmckopen.nl\/de\/wp-json\/wp\/v2\/product\/14102","targetHints":{"allow":["GET"]}}],"collection":[{"href":"https:\/\/3-mmckopen.nl\/de\/wp-json\/wp\/v2\/product"}],"about":[{"href":"https:\/\/3-mmckopen.nl\/de\/wp-json\/wp\/v2\/types\/product"}],"replies":[{"embeddable":true,"href":"https:\/\/3-mmckopen.nl\/de\/wp-json\/wp\/v2\/comments?post=14102"}],"version-history":[{"count":0,"href":"https:\/\/3-mmckopen.nl\/de\/wp-json\/wp\/v2\/product\/14102\/revisions"}],"wp:featuredmedia":[{"embeddable":true,"href":"https:\/\/3-mmckopen.nl\/de\/wp-json\/wp\/v2\/media\/14130"}],"wp:attachment":[{"href":"https:\/\/3-mmckopen.nl\/de\/wp-json\/wp\/v2\/media?parent=14102"}],"wp:term":[{"taxonomy":"product_brand","embeddable":true,"href":"https:\/\/3-mmckopen.nl\/de\/wp-json\/wp\/v2\/product_brand?post=14102"},{"taxonomy":"product_cat","embeddable":true,"href":"https:\/\/3-mmckopen.nl\/de\/wp-json\/wp\/v2\/product_cat?post=14102"},{"taxonomy":"product_tag","embeddable":true,"href":"https:\/\/3-mmckopen.nl\/de\/wp-json\/wp\/v2\/product_tag?post=14102"}],"curies":[{"name":"wp","href":"https:\/\/api.w.org\/{rel}","templated":true}]}}