{"id":14198,"date":"2022-03-18T22:32:58","date_gmt":"2022-03-18T21:32:58","guid":{"rendered":"https:\/\/3-mmckopen.nl\/?post_type=product&#038;p=14198"},"modified":"2025-07-21T13:33:57","modified_gmt":"2025-07-21T11:33:57","slug":"turkey-tail-100-gram","status":"publish","type":"product","link":"https:\/\/3-mmckopen.nl\/de\/3mmc-kopen\/shop\/smartshop\/geneeskrachtige-paddenstoelen\/turkey-tail-100-gram\/","title":{"rendered":"Truthahnschwanz \u2013 100 Gramm"},"content":{"rendered":"<h1 class=\"product_title entry-title\"><strong>Kaufen Sie Truthahnschwanz \u2013 100 Gramm<\/strong><\/h1>\n<p>Der Truthahnschwanz oder Coriolos Versicolor ist einer der am besten erforschten Pilze der Welt. Es ist eine Quelle vieler N\u00e4hrstoffe, die sich positiv auf den K\u00f6rper auswirken k\u00f6nnen. Beispielsweise ist der Truthahnschwanz reich an Antioxidantien, Flavonoiden und Polysacchariden (PSK und PSP). Diese Stoffe k\u00f6nnen das Immunsystem st\u00e4rken, bei der Bek\u00e4mpfung von Viren helfen und freie Radikale hemmen.<\/p>\n<p>Die enthaltenen Stoffe PSK und PSP verdienen noch besondere Aufmerksamkeit. Sie werden gr\u00fcndlich auf ihren m\u00f6glichen positiven Beitrag zur Krebsbehandlung untersucht. Diese Polysaccharide scheinen in mehrfacher Hinsicht von gro\u00dfem Wert zu sein. In Japan wird eine isolierte Form von PSK sogar zur Unterst\u00fctzung verschiedener Krebsbehandlungen eingesetzt.<\/p>\n<p>100 Gramm Bio-Putenschwanzextrakt (Coriolos versicolor) aus dem Fruchtk\u00f6rper 100% (Pilz). Es handelt sich um einen Vollspektrumextrakt, der aus H2O und Ethanol gewonnen wird. Dadurch soll das Beste aus den Fruchtk\u00f6rpern herausgeholt werden. Es enth\u00e4lt 5%-Polysaccharide und Beta-Glucane.<\/p>\n<p><strong>Dosierung:<\/strong>\u00a01 Teel\u00f6ffel (1,5 Gramm) pro Tag in hei\u00dfem Wasser aufgel\u00f6st. Das Pulver l\u00e4sst sich auch problemlos zu Shakes hinzuf\u00fcgen. Eine Dosis enth\u00e4lt etwa 75 mg Polysaccharide und Beta-Glucane.<\/p>\n<p><strong>Zutaten:<\/strong>\u00a0Bio-Putenschwanzextrakt aus dem Fruchtk\u00f6rper 100%<\/p>\n<p><strong>Zusatzinformation:<\/strong><\/p>\n<p>\u2022 Kann zur Verbesserung des Immunsystems beitragen<\/p>\n<p>\u2022 Kann bei der Bek\u00e4mpfung von Viren helfen<\/p>\n<p>\u2022 Kann helfen, freie Radikale zu hemmen<\/p>\n<p>\u2022 Kann den Magen-Darm-Trakt unterst\u00fctzen und den Stuhlgang verbessern<\/p>\n<p>\u2022 Enth\u00e4lt Antioxidantien, Flavonoide und Polysaccharide<\/p>\n<p>\u2022 Wird derzeit auf seinen m\u00f6glichen positiven Beitrag zur Krebsbehandlung untersucht<\/p>\n<p>\u2022 Einfache Zugabe zu Shakes<\/p>\n<p><strong>Warnung:<\/strong><\/p>\n<p>Au\u00dferhalb der Reichweite von Kindern aufbewahren.<\/p>\n<p>Konsultieren Sie vor der Anwendung Ihren Arzt, wenn Sie schwanger sind, stillen oder gesundheitliche Probleme haben.<\/p>\n<p>Bei Raumtemperatur an einem dunklen Ort aufbewahren.<\/p>","protected":false},"excerpt":{"rendered":"<p>Turkey Tail kopen \u2013 100 gram De Turkey Tail, of Coriolos Versicolor, is een van de meest onderzochte paddenstoelen ter wereld. Het is namelijk een bron van vele voedingsstoffen die geweldig kunnen werken voor het lichaam. Zo is de Turkey Tail bijvoorbeeld rijk aan antioxidanten, flavono\u00efden en polysachariden (PSK en PSP). Deze stoffen kunnen het [&hellip;]<\/p>\n","protected":false},"featured_media":14267,"comment_status":"closed","ping_status":"closed","template":"","meta":{"site-sidebar-layout":"default","site-content-layout":"default","ast-site-content-layout":"default","site-content-style":"default","site-sidebar-style":"default","ast-global-header-display":"","ast-banner-title-visibility":"","ast-main-header-display":"","ast-hfb-above-header-display":"","ast-hfb-below-header-display":"","ast-hfb-mobile-header-display":"","site-post-title":"","ast-breadcrumbs-content":"","ast-featured-img":"","footer-sml-layout":"","theme-transparent-header-meta":"default","adv-header-id-meta":"","stick-header-meta":"","header-above-stick-meta":"","header-main-stick-meta":"","header-below-stick-meta":"","astra-migrate-meta-layouts":"default","ast-page-background-enabled":"default","ast-page-background-meta":{"desktop":{"background-color":"","background-image":"","background-repeat":"repeat","background-position":"center center","background-size":"auto","background-attachment":"scroll","background-type":"","background-media":"","overlay-type":"","overlay-color":"","overlay-opacity":"","overlay-gradient":""},"tablet":{"background-color":"","background-image":"","background-repeat":"repeat","background-position":"center center","background-size":"auto","background-attachment":"scroll","background-type":"","background-media":"","overlay-type":"","overlay-color":"","overlay-opacity":"","overlay-gradient":""},"mobile":{"background-color":"","background-image":"","background-repeat":"repeat","background-position":"center center","background-size":"auto","background-attachment":"scroll","background-type":"","background-media":"","overlay-type":"","overlay-color":"","overlay-opacity":"","overlay-gradient":""}},"ast-content-background-meta":{"desktop":{"background-color":"var(--ast-global-color-5)","background-image":"","background-repeat":"repeat","background-position":"center center","background-size":"auto","background-attachment":"scroll","background-type":"","background-media":"","overlay-type":"","overlay-color":"","overlay-opacity":"","overlay-gradient":""},"tablet":{"background-color":"var(--ast-global-color-5)","background-image":"","background-repeat":"repeat","background-position":"center center","background-size":"auto","background-attachment":"scroll","background-type":"","background-media":"","overlay-type":"","overlay-color":"","overlay-opacity":"","overlay-gradient":""},"mobile":{"background-color":"var(--ast-global-color-5)","background-image":"","background-repeat":"repeat","background-position":"center center","background-size":"auto","background-attachment":"scroll","background-type":"","background-media":"","overlay-type":"","overlay-color":"","overlay-opacity":"","overlay-gradient":""}}},"product_brand":[],"product_cat":[20376,20344,20309],"product_tag":[20377,20346],"class_list":{"0":"post-14198","1":"product","2":"type-product","3":"status-publish","4":"has-post-thumbnail","6":"product_cat-geneeskrachtige-paddenstoelen","7":"product_cat-healthshop","8":"product_cat-smartshop","9":"product_tag-geneeskrachtige-paddenstoelen","10":"product_tag-healthshop","11":"desktop-align-center","12":"tablet-align-center","13":"mobile-align-center","15":"first","16":"outofstock","17":"shipping-taxable","18":"purchasable","19":"product-type-simple"},"yoast_head":"<!-- This site is optimized with the Yoast SEO plugin v27.4 - https:\/\/yoast.com\/product\/yoast-seo-wordpress\/ -->\n<title>Turkey Tail \u2013 100 gram Kopen? - Op=Op- 3MMC kopen<\/title>\n<meta name=\"description\" content=\"Bij 3MMC kopen kun je gemakkelijk en snel Turkey Tail \u2013 100 gram bestellen en morgen al onderzoeken! Voor 17:00 besteld is vandaag al verzonden. Wees er snel bij.\" \/>\n<meta name=\"robots\" content=\"index, follow, max-snippet:-1, max-image-preview:large, max-video-preview:-1\" \/>\n<link rel=\"canonical\" href=\"https:\/\/3-mmckopen.nl\/de\/3mmc-kopen\/shop\/smartshop\/geneeskrachtige-paddenstoelen\/turkey-tail-100-gram\/\" \/>\n<meta property=\"og:locale\" content=\"de_DE\" \/>\n<meta property=\"og:type\" content=\"article\" \/>\n<meta property=\"og:title\" content=\"Turkey Tail \u2013 100 gram Kopen? - Op=Op- 3MMC kopen\" \/>\n<meta property=\"og:description\" content=\"Bij 3MMC kopen kun je gemakkelijk en snel Turkey Tail \u2013 100 gram bestellen en morgen al onderzoeken! Voor 17:00 besteld is vandaag al verzonden. Wees er snel bij.\" \/>\n<meta property=\"og:url\" content=\"https:\/\/3-mmckopen.nl\/de\/3mmc-kopen\/shop\/smartshop\/geneeskrachtige-paddenstoelen\/turkey-tail-100-gram\/\" \/>\n<meta property=\"og:site_name\" content=\"3MMC kopen\" \/>\n<meta property=\"article:modified_time\" content=\"2025-07-21T11:33:57+00:00\" \/>\n<meta property=\"og:image\" content=\"https:\/\/3-mmckopen.nl\/wp-content\/uploads\/2022\/03\/Turkey-tail-600x600-1.jpg\" \/>\n\t<meta property=\"og:image:width\" content=\"600\" \/>\n\t<meta property=\"og:image:height\" content=\"600\" \/>\n\t<meta property=\"og:image:type\" content=\"image\/jpeg\" \/>\n<meta name=\"twitter:card\" content=\"summary_large_image\" \/>\n<meta name=\"twitter:label1\" content=\"Gesch\u00e4tzte Lesezeit\" \/>\n\t<meta name=\"twitter:data1\" content=\"1\u00a0Minute\" \/>\n<script type=\"application\/ld+json\" class=\"yoast-schema-graph\">{\"@context\":\"https:\\\/\\\/schema.org\",\"@graph\":[{\"@type\":\"WebPage\",\"@id\":\"https:\\\/\\\/3-mmckopen.nl\\\/3mmc-kopen\\\/shop\\\/smartshop\\\/geneeskrachtige-paddenstoelen\\\/turkey-tail-100-gram\\\/\",\"url\":\"https:\\\/\\\/3-mmckopen.nl\\\/3mmc-kopen\\\/shop\\\/smartshop\\\/geneeskrachtige-paddenstoelen\\\/turkey-tail-100-gram\\\/\",\"name\":\"Turkey Tail \u2013 100 gram Kopen? - Op=Op- 3MMC kopen\",\"isPartOf\":{\"@id\":\"https:\\\/\\\/3-mmckopen.nl\\\/#website\"},\"primaryImageOfPage\":{\"@id\":\"https:\\\/\\\/3-mmckopen.nl\\\/3mmc-kopen\\\/shop\\\/smartshop\\\/geneeskrachtige-paddenstoelen\\\/turkey-tail-100-gram\\\/#primaryimage\"},\"image\":{\"@id\":\"https:\\\/\\\/3-mmckopen.nl\\\/3mmc-kopen\\\/shop\\\/smartshop\\\/geneeskrachtige-paddenstoelen\\\/turkey-tail-100-gram\\\/#primaryimage\"},\"thumbnailUrl\":\"https:\\\/\\\/3-mmckopen.nl\\\/wp-content\\\/uploads\\\/2022\\\/03\\\/Turkey-tail-600x600-1.jpg\",\"datePublished\":\"2022-03-18T21:32:58+00:00\",\"dateModified\":\"2025-07-21T11:33:57+00:00\",\"description\":\"Bij 3MMC kopen kun je gemakkelijk en snel Turkey Tail \u2013 100 gram bestellen en morgen al onderzoeken! Voor 17:00 besteld is vandaag al verzonden. Wees er snel bij.\",\"breadcrumb\":{\"@id\":\"https:\\\/\\\/3-mmckopen.nl\\\/3mmc-kopen\\\/shop\\\/smartshop\\\/geneeskrachtige-paddenstoelen\\\/turkey-tail-100-gram\\\/#breadcrumb\"},\"inLanguage\":\"de\",\"potentialAction\":[{\"@type\":\"ReadAction\",\"target\":[\"https:\\\/\\\/3-mmckopen.nl\\\/3mmc-kopen\\\/shop\\\/smartshop\\\/geneeskrachtige-paddenstoelen\\\/turkey-tail-100-gram\\\/\"]}]},{\"@type\":\"ImageObject\",\"inLanguage\":\"de\",\"@id\":\"https:\\\/\\\/3-mmckopen.nl\\\/3mmc-kopen\\\/shop\\\/smartshop\\\/geneeskrachtige-paddenstoelen\\\/turkey-tail-100-gram\\\/#primaryimage\",\"url\":\"https:\\\/\\\/3-mmckopen.nl\\\/wp-content\\\/uploads\\\/2022\\\/03\\\/Turkey-tail-600x600-1.jpg\",\"contentUrl\":\"https:\\\/\\\/3-mmckopen.nl\\\/wp-content\\\/uploads\\\/2022\\\/03\\\/Turkey-tail-600x600-1.jpg\",\"width\":600,\"height\":600},{\"@type\":\"BreadcrumbList\",\"@id\":\"https:\\\/\\\/3-mmckopen.nl\\\/3mmc-kopen\\\/shop\\\/smartshop\\\/geneeskrachtige-paddenstoelen\\\/turkey-tail-100-gram\\\/#breadcrumb\",\"itemListElement\":[{\"@type\":\"ListItem\",\"position\":1,\"name\":\"Home\",\"item\":\"https:\\\/\\\/3-mmckopen.nl\\\/\"},{\"@type\":\"ListItem\",\"position\":2,\"name\":\"Winkel\",\"item\":\"https:\\\/\\\/3-mmckopen.nl\\\/winkel\\\/\"},{\"@type\":\"ListItem\",\"position\":3,\"name\":\"Turkey Tail \u2013 100 gram\"}]},{\"@type\":\"WebSite\",\"@id\":\"https:\\\/\\\/3-mmckopen.nl\\\/#website\",\"url\":\"https:\\\/\\\/3-mmckopen.nl\\\/\",\"name\":\"3MMC kopen\",\"description\":\"VOOR ALLE THUIS CHEMISI EN ONDERZOEKERS ONDER ONS\",\"publisher\":{\"@id\":\"https:\\\/\\\/3-mmckopen.nl\\\/#organization\"},\"potentialAction\":[{\"@type\":\"SearchAction\",\"target\":{\"@type\":\"EntryPoint\",\"urlTemplate\":\"https:\\\/\\\/3-mmckopen.nl\\\/?s={search_term_string}\"},\"query-input\":{\"@type\":\"PropertyValueSpecification\",\"valueRequired\":true,\"valueName\":\"search_term_string\"}}],\"inLanguage\":\"de\"},{\"@type\":\"Organization\",\"@id\":\"https:\\\/\\\/3-mmckopen.nl\\\/#organization\",\"name\":\"3mmc kopen\",\"url\":\"https:\\\/\\\/3-mmckopen.nl\\\/\",\"logo\":{\"@type\":\"ImageObject\",\"inLanguage\":\"de\",\"@id\":\"https:\\\/\\\/3-mmckopen.nl\\\/#\\\/schema\\\/logo\\\/image\\\/\",\"url\":\"https:\\\/\\\/3-mmckopen.nl\\\/wp-content\\\/uploads\\\/2024\\\/03\\\/3mmckopennl.webp\",\"contentUrl\":\"https:\\\/\\\/3-mmckopen.nl\\\/wp-content\\\/uploads\\\/2024\\\/03\\\/3mmckopennl.webp\",\"width\":300,\"height\":118,\"caption\":\"3mmc kopen\"},\"image\":{\"@id\":\"https:\\\/\\\/3-mmckopen.nl\\\/#\\\/schema\\\/logo\\\/image\\\/\"},\"sameAs\":[\"https:\\\/\\\/www.instagram.com\\\/dehuisprofessor\\\/\",\"https:\\\/\\\/nl.pinterest.com\\\/dehuisprofessor\\\/\",\"https:\\\/\\\/www.youtube.com\\\/channel\\\/UCsGzCVJiHsWLILEEHDzCNqA\"]}]}<\/script>\n<!-- \/ Yoast SEO plugin. -->","yoast_head_json":{"title":"Turkey Tail \u2013 100 gram Kopen? - Op=Op- 3MMC kopen","description":"Bij 3MMC kopen kun je gemakkelijk en snel Turkey Tail \u2013 100 gram bestellen en morgen al onderzoeken! Voor 17:00 besteld is vandaag al verzonden. Wees er snel bij.","robots":{"index":"index","follow":"follow","max-snippet":"max-snippet:-1","max-image-preview":"max-image-preview:large","max-video-preview":"max-video-preview:-1"},"canonical":"https:\/\/3-mmckopen.nl\/de\/3mmc-kopen\/shop\/smartshop\/geneeskrachtige-paddenstoelen\/turkey-tail-100-gram\/","og_locale":"de_DE","og_type":"article","og_title":"Turkey Tail \u2013 100 gram Kopen? - Op=Op- 3MMC kopen","og_description":"Bij 3MMC kopen kun je gemakkelijk en snel Turkey Tail \u2013 100 gram bestellen en morgen al onderzoeken! Voor 17:00 besteld is vandaag al verzonden. Wees er snel bij.","og_url":"https:\/\/3-mmckopen.nl\/de\/3mmc-kopen\/shop\/smartshop\/geneeskrachtige-paddenstoelen\/turkey-tail-100-gram\/","og_site_name":"3MMC kopen","article_modified_time":"2025-07-21T11:33:57+00:00","og_image":[{"width":600,"height":600,"url":"https:\/\/3-mmckopen.nl\/wp-content\/uploads\/2022\/03\/Turkey-tail-600x600-1.jpg","type":"image\/jpeg"}],"twitter_card":"summary_large_image","twitter_misc":{"Gesch\u00e4tzte Lesezeit":"1\u00a0Minute"},"schema":{"@context":"https:\/\/schema.org","@graph":[{"@type":"WebPage","@id":"https:\/\/3-mmckopen.nl\/3mmc-kopen\/shop\/smartshop\/geneeskrachtige-paddenstoelen\/turkey-tail-100-gram\/","url":"https:\/\/3-mmckopen.nl\/3mmc-kopen\/shop\/smartshop\/geneeskrachtige-paddenstoelen\/turkey-tail-100-gram\/","name":"Turkey Tail \u2013 100 gram Kopen? - Op=Op- 3MMC kopen","isPartOf":{"@id":"https:\/\/3-mmckopen.nl\/#website"},"primaryImageOfPage":{"@id":"https:\/\/3-mmckopen.nl\/3mmc-kopen\/shop\/smartshop\/geneeskrachtige-paddenstoelen\/turkey-tail-100-gram\/#primaryimage"},"image":{"@id":"https:\/\/3-mmckopen.nl\/3mmc-kopen\/shop\/smartshop\/geneeskrachtige-paddenstoelen\/turkey-tail-100-gram\/#primaryimage"},"thumbnailUrl":"https:\/\/3-mmckopen.nl\/wp-content\/uploads\/2022\/03\/Turkey-tail-600x600-1.jpg","datePublished":"2022-03-18T21:32:58+00:00","dateModified":"2025-07-21T11:33:57+00:00","description":"Bij 3MMC kopen kun je gemakkelijk en snel Turkey Tail \u2013 100 gram bestellen en morgen al onderzoeken! Voor 17:00 besteld is vandaag al verzonden. Wees er snel bij.","breadcrumb":{"@id":"https:\/\/3-mmckopen.nl\/3mmc-kopen\/shop\/smartshop\/geneeskrachtige-paddenstoelen\/turkey-tail-100-gram\/#breadcrumb"},"inLanguage":"de","potentialAction":[{"@type":"ReadAction","target":["https:\/\/3-mmckopen.nl\/3mmc-kopen\/shop\/smartshop\/geneeskrachtige-paddenstoelen\/turkey-tail-100-gram\/"]}]},{"@type":"ImageObject","inLanguage":"de","@id":"https:\/\/3-mmckopen.nl\/3mmc-kopen\/shop\/smartshop\/geneeskrachtige-paddenstoelen\/turkey-tail-100-gram\/#primaryimage","url":"https:\/\/3-mmckopen.nl\/wp-content\/uploads\/2022\/03\/Turkey-tail-600x600-1.jpg","contentUrl":"https:\/\/3-mmckopen.nl\/wp-content\/uploads\/2022\/03\/Turkey-tail-600x600-1.jpg","width":600,"height":600},{"@type":"BreadcrumbList","@id":"https:\/\/3-mmckopen.nl\/3mmc-kopen\/shop\/smartshop\/geneeskrachtige-paddenstoelen\/turkey-tail-100-gram\/#breadcrumb","itemListElement":[{"@type":"ListItem","position":1,"name":"Home","item":"https:\/\/3-mmckopen.nl\/"},{"@type":"ListItem","position":2,"name":"Winkel","item":"https:\/\/3-mmckopen.nl\/winkel\/"},{"@type":"ListItem","position":3,"name":"Turkey Tail \u2013 100 gram"}]},{"@type":"WebSite","@id":"https:\/\/3-mmckopen.nl\/#website","url":"https:\/\/3-mmckopen.nl\/","name":"3MMC kaufen","description":"F\u00dcR ALLE HOME CHEMISI UND FORSCHER UNTER UNS","publisher":{"@id":"https:\/\/3-mmckopen.nl\/#organization"},"potentialAction":[{"@type":"SearchAction","target":{"@type":"EntryPoint","urlTemplate":"https:\/\/3-mmckopen.nl\/?s={search_term_string}"},"query-input":{"@type":"PropertyValueSpecification","valueRequired":true,"valueName":"search_term_string"}}],"inLanguage":"de"},{"@type":"Organization","@id":"https:\/\/3-mmckopen.nl\/#organization","name":"3mmc kopen","url":"https:\/\/3-mmckopen.nl\/","logo":{"@type":"ImageObject","inLanguage":"de","@id":"https:\/\/3-mmckopen.nl\/#\/schema\/logo\/image\/","url":"https:\/\/3-mmckopen.nl\/wp-content\/uploads\/2024\/03\/3mmckopennl.webp","contentUrl":"https:\/\/3-mmckopen.nl\/wp-content\/uploads\/2024\/03\/3mmckopennl.webp","width":300,"height":118,"caption":"3mmc kopen"},"image":{"@id":"https:\/\/3-mmckopen.nl\/#\/schema\/logo\/image\/"},"sameAs":["https:\/\/www.instagram.com\/dehuisprofessor\/","https:\/\/nl.pinterest.com\/dehuisprofessor\/","https:\/\/www.youtube.com\/channel\/UCsGzCVJiHsWLILEEHDzCNqA"]}]}},"_links":{"self":[{"href":"https:\/\/3-mmckopen.nl\/de\/wp-json\/wp\/v2\/product\/14198","targetHints":{"allow":["GET"]}}],"collection":[{"href":"https:\/\/3-mmckopen.nl\/de\/wp-json\/wp\/v2\/product"}],"about":[{"href":"https:\/\/3-mmckopen.nl\/de\/wp-json\/wp\/v2\/types\/product"}],"replies":[{"embeddable":true,"href":"https:\/\/3-mmckopen.nl\/de\/wp-json\/wp\/v2\/comments?post=14198"}],"version-history":[{"count":0,"href":"https:\/\/3-mmckopen.nl\/de\/wp-json\/wp\/v2\/product\/14198\/revisions"}],"wp:featuredmedia":[{"embeddable":true,"href":"https:\/\/3-mmckopen.nl\/de\/wp-json\/wp\/v2\/media\/14267"}],"wp:attachment":[{"href":"https:\/\/3-mmckopen.nl\/de\/wp-json\/wp\/v2\/media?parent=14198"}],"wp:term":[{"taxonomy":"product_brand","embeddable":true,"href":"https:\/\/3-mmckopen.nl\/de\/wp-json\/wp\/v2\/product_brand?post=14198"},{"taxonomy":"product_cat","embeddable":true,"href":"https:\/\/3-mmckopen.nl\/de\/wp-json\/wp\/v2\/product_cat?post=14198"},{"taxonomy":"product_tag","embeddable":true,"href":"https:\/\/3-mmckopen.nl\/de\/wp-json\/wp\/v2\/product_tag?post=14198"}],"curies":[{"name":"wp","href":"https:\/\/api.w.org\/{rel}","templated":true}]}}