{"id":14200,"date":"2022-03-18T22:33:00","date_gmt":"2022-03-18T21:33:00","guid":{"rendered":"https:\/\/3-mmckopen.nl\/?post_type=product&#038;p=14200"},"modified":"2025-07-21T13:33:58","modified_gmt":"2025-07-21T11:33:58","slug":"vitamine-b12-240-tabletten","status":"publish","type":"product","link":"https:\/\/3-mmckopen.nl\/de\/3mmc-kopen\/shop\/healthshop\/vitaminen-mineralen\/vitamine-b12-240-tabletten\/","title":{"rendered":"Vitamin B12 \u2013 240 Tabletten"},"content":{"rendered":"<h1 class=\"product_title entry-title\"><strong>Kaufen Sie Vitamin B12 \u2013 240 Tabletten<\/strong><\/h1>\n<p><strong>Dosierung<\/strong>: Nehmen Sie einmal t\u00e4glich 1 Tablette mit Wasser w\u00e4hrend einer Mahlzeit ein.<\/p>\n<p><strong>Zutaten pro Tablette:<\/strong>\u00a0186 mg Isomalt, 10 \u00b5g Methylcobalamin b12, 10 \u00b5g Adenosylcobalamin (Dibencozid), 5 mg vegetarisches Magnesiumstearat, 5 \u00b5g Kiesels\u00e4ure, 4 mg Kirscharoma.<\/p>\n<p><strong>Wichtigste zugewiesene aktive Eigenschaften:<\/strong><\/p>\n<p>Vitamin B12, auch Cobalamin genannt, ist ein Vitamin, das f\u00fcr verschiedene Prozesse im K\u00f6rper wichtig ist. Vitamin B12 tr\u00e4gt beispielsweise zum Prozess der Zellerneuerung bei, hilft bei der Produktion roter Blutk\u00f6rperchen und unterst\u00fctzt die normale Funktion des Nervensystems.<\/p>\n<p>Vitamin B12 kommt nat\u00fcrlicherweise nur in tierischen Produkten wie Fleisch, Fisch, Milchprodukten und Eiern vor. Dies kann f\u00fcr Vegetarier und Veganer zu Problemen f\u00fchren. Ein Vitamin-B12-Mangel kann unter anderem zu An\u00e4mie, M\u00fcdigkeit und Ged\u00e4chtnisverlust f\u00fchren. Auch \u00e4ltere Menschen oder Menschen mit eingeschr\u00e4nkter B12-Aufnahme k\u00f6nnen von diesen Beschwerden betroffen sein.<\/p>\n<p><strong>Zus\u00e4tzliche Informationen zu Vitamin B12:<\/strong><\/p>\n<p>\u2013 Ist wichtig f\u00fcr die Bildung roter Blutk\u00f6rperchen<\/p>\n<p>\u2013 Tr\u00e4gt zur normalen Zellteilung bei<\/p>\n<p>\u2013 Unterst\u00fctzt den Energiestoffwechsel und das Energieniveau<\/p>\n<p>\u2013 Hilft dem Immunsystem<\/p>\n<p>\u2013 Tr\u00e4gt zu einem klaren Geist bei<\/p>\n<p>\u2013 Spielt eine wichtige Rolle beim Aufbau von Nervenzellen<\/p>\n<p><strong>Warnung:<\/strong><\/p>\n<p>Au\u00dferhalb der Reichweite von Kindern aufbewahren. Konsultieren Sie vor der Anwendung Ihren Arzt, wenn Sie schwanger sind, stillen oder gesundheitliche Probleme haben. Bei Raumtemperatur an einem dunklen Ort aufbewahren.<\/p>","protected":false},"excerpt":{"rendered":"<p>Vitamine B12\u00a0 kopen \u2013 240 tabletten Dosering: 1x daags 1 tablet tijdens de maaltijd met water innemen. Ingredi\u00ebnten per tablet:\u00a0186 mg Isomalt, 10 mcg Methylcobalamine b12, 10 mcg Adenosylcobalamine (Dibencozide), 5 mg Vegetarische Magnesiumstearaat, 5 mcg Silica, 4 mg Kersenaroma. Belangrijkste toegewezen werkzame eigenschappen: Vitamine B12, ook wel cobalamine genoemd, is een vitamine die belangrijk [&hellip;]<\/p>\n","protected":false},"featured_media":14269,"comment_status":"closed","ping_status":"closed","template":"","meta":{"site-sidebar-layout":"default","site-content-layout":"default","ast-site-content-layout":"default","site-content-style":"default","site-sidebar-style":"default","ast-global-header-display":"","ast-banner-title-visibility":"","ast-main-header-display":"","ast-hfb-above-header-display":"","ast-hfb-below-header-display":"","ast-hfb-mobile-header-display":"","site-post-title":"","ast-breadcrumbs-content":"","ast-featured-img":"","footer-sml-layout":"","theme-transparent-header-meta":"default","adv-header-id-meta":"","stick-header-meta":"","header-above-stick-meta":"","header-main-stick-meta":"","header-below-stick-meta":"","astra-migrate-meta-layouts":"default","ast-page-background-enabled":"default","ast-page-background-meta":{"desktop":{"background-color":"","background-image":"","background-repeat":"repeat","background-position":"center center","background-size":"auto","background-attachment":"scroll","background-type":"","background-media":"","overlay-type":"","overlay-color":"","overlay-opacity":"","overlay-gradient":""},"tablet":{"background-color":"","background-image":"","background-repeat":"repeat","background-position":"center center","background-size":"auto","background-attachment":"scroll","background-type":"","background-media":"","overlay-type":"","overlay-color":"","overlay-opacity":"","overlay-gradient":""},"mobile":{"background-color":"","background-image":"","background-repeat":"repeat","background-position":"center center","background-size":"auto","background-attachment":"scroll","background-type":"","background-media":"","overlay-type":"","overlay-color":"","overlay-opacity":"","overlay-gradient":""}},"ast-content-background-meta":{"desktop":{"background-color":"var(--ast-global-color-5)","background-image":"","background-repeat":"repeat","background-position":"center center","background-size":"auto","background-attachment":"scroll","background-type":"","background-media":"","overlay-type":"","overlay-color":"","overlay-opacity":"","overlay-gradient":""},"tablet":{"background-color":"var(--ast-global-color-5)","background-image":"","background-repeat":"repeat","background-position":"center center","background-size":"auto","background-attachment":"scroll","background-type":"","background-media":"","overlay-type":"","overlay-color":"","overlay-opacity":"","overlay-gradient":""},"mobile":{"background-color":"var(--ast-global-color-5)","background-image":"","background-repeat":"repeat","background-position":"center center","background-size":"auto","background-attachment":"scroll","background-type":"","background-media":"","overlay-type":"","overlay-color":"","overlay-opacity":"","overlay-gradient":""}}},"product_brand":[],"product_cat":[20344,20309,20378],"product_tag":[20346,20379],"class_list":{"0":"post-14200","1":"product","2":"type-product","3":"status-publish","4":"has-post-thumbnail","6":"product_cat-healthshop","7":"product_cat-smartshop","8":"product_cat-vitaminen-mineralen","9":"product_tag-healthshop","10":"product_tag-vitamines","11":"desktop-align-center","12":"tablet-align-center","13":"mobile-align-center","15":"first","16":"outofstock","17":"shipping-taxable","18":"purchasable","19":"product-type-simple"},"yoast_head":"<!-- This site is optimized with the Yoast SEO plugin v27.4 - https:\/\/yoast.com\/product\/yoast-seo-wordpress\/ -->\n<title>Vitamine B12 \u2013 240 tabletten Kopen? - Op=Op- 3MMC kopen<\/title>\n<meta name=\"description\" content=\"Bij 3MMC kopen kun je gemakkelijk en snel Vitamine B12 \u2013 240 tabletten bestellen en morgen al onderzoeken! Voor 17:00 besteld is vandaag al verzonden. Wees er snel bij.\" \/>\n<meta name=\"robots\" content=\"index, follow, max-snippet:-1, max-image-preview:large, max-video-preview:-1\" \/>\n<link rel=\"canonical\" href=\"https:\/\/3-mmckopen.nl\/de\/3mmc-kopen\/shop\/healthshop\/vitaminen-mineralen\/vitamine-b12-240-tabletten\/\" \/>\n<meta property=\"og:locale\" content=\"de_DE\" \/>\n<meta property=\"og:type\" content=\"article\" \/>\n<meta property=\"og:title\" content=\"Vitamine B12 \u2013 240 tabletten Kopen? - Op=Op- 3MMC kopen\" \/>\n<meta property=\"og:description\" content=\"Bij 3MMC kopen kun je gemakkelijk en snel Vitamine B12 \u2013 240 tabletten bestellen en morgen al onderzoeken! Voor 17:00 besteld is vandaag al verzonden. Wees er snel bij.\" \/>\n<meta property=\"og:url\" content=\"https:\/\/3-mmckopen.nl\/de\/3mmc-kopen\/shop\/healthshop\/vitaminen-mineralen\/vitamine-b12-240-tabletten\/\" \/>\n<meta property=\"og:site_name\" content=\"3MMC kopen\" \/>\n<meta property=\"article:modified_time\" content=\"2025-07-21T11:33:58+00:00\" \/>\n<meta property=\"og:image\" content=\"https:\/\/3-mmckopen.nl\/wp-content\/uploads\/2022\/03\/Vitamine-b12-pilpotje.jpg\" \/>\n\t<meta property=\"og:image:width\" content=\"1000\" \/>\n\t<meta property=\"og:image:height\" content=\"1000\" \/>\n\t<meta property=\"og:image:type\" content=\"image\/jpeg\" \/>\n<meta name=\"twitter:card\" content=\"summary_large_image\" \/>\n<meta name=\"twitter:label1\" content=\"Gesch\u00e4tzte Lesezeit\" \/>\n\t<meta name=\"twitter:data1\" content=\"1\u00a0Minute\" \/>\n<script type=\"application\/ld+json\" class=\"yoast-schema-graph\">{\"@context\":\"https:\\\/\\\/schema.org\",\"@graph\":[{\"@type\":\"WebPage\",\"@id\":\"https:\\\/\\\/3-mmckopen.nl\\\/3mmc-kopen\\\/shop\\\/healthshop\\\/vitaminen-mineralen\\\/vitamine-b12-240-tabletten\\\/\",\"url\":\"https:\\\/\\\/3-mmckopen.nl\\\/3mmc-kopen\\\/shop\\\/healthshop\\\/vitaminen-mineralen\\\/vitamine-b12-240-tabletten\\\/\",\"name\":\"Vitamine B12 \u2013 240 tabletten Kopen? - Op=Op- 3MMC kopen\",\"isPartOf\":{\"@id\":\"https:\\\/\\\/3-mmckopen.nl\\\/#website\"},\"primaryImageOfPage\":{\"@id\":\"https:\\\/\\\/3-mmckopen.nl\\\/3mmc-kopen\\\/shop\\\/healthshop\\\/vitaminen-mineralen\\\/vitamine-b12-240-tabletten\\\/#primaryimage\"},\"image\":{\"@id\":\"https:\\\/\\\/3-mmckopen.nl\\\/3mmc-kopen\\\/shop\\\/healthshop\\\/vitaminen-mineralen\\\/vitamine-b12-240-tabletten\\\/#primaryimage\"},\"thumbnailUrl\":\"https:\\\/\\\/3-mmckopen.nl\\\/wp-content\\\/uploads\\\/2022\\\/03\\\/Vitamine-b12-pilpotje.jpg\",\"datePublished\":\"2022-03-18T21:33:00+00:00\",\"dateModified\":\"2025-07-21T11:33:58+00:00\",\"description\":\"Bij 3MMC kopen kun je gemakkelijk en snel Vitamine B12 \u2013 240 tabletten bestellen en morgen al onderzoeken! Voor 17:00 besteld is vandaag al verzonden. Wees er snel bij.\",\"breadcrumb\":{\"@id\":\"https:\\\/\\\/3-mmckopen.nl\\\/3mmc-kopen\\\/shop\\\/healthshop\\\/vitaminen-mineralen\\\/vitamine-b12-240-tabletten\\\/#breadcrumb\"},\"inLanguage\":\"de\",\"potentialAction\":[{\"@type\":\"ReadAction\",\"target\":[\"https:\\\/\\\/3-mmckopen.nl\\\/3mmc-kopen\\\/shop\\\/healthshop\\\/vitaminen-mineralen\\\/vitamine-b12-240-tabletten\\\/\"]}]},{\"@type\":\"ImageObject\",\"inLanguage\":\"de\",\"@id\":\"https:\\\/\\\/3-mmckopen.nl\\\/3mmc-kopen\\\/shop\\\/healthshop\\\/vitaminen-mineralen\\\/vitamine-b12-240-tabletten\\\/#primaryimage\",\"url\":\"https:\\\/\\\/3-mmckopen.nl\\\/wp-content\\\/uploads\\\/2022\\\/03\\\/Vitamine-b12-pilpotje.jpg\",\"contentUrl\":\"https:\\\/\\\/3-mmckopen.nl\\\/wp-content\\\/uploads\\\/2022\\\/03\\\/Vitamine-b12-pilpotje.jpg\",\"width\":1000,\"height\":1000},{\"@type\":\"BreadcrumbList\",\"@id\":\"https:\\\/\\\/3-mmckopen.nl\\\/3mmc-kopen\\\/shop\\\/healthshop\\\/vitaminen-mineralen\\\/vitamine-b12-240-tabletten\\\/#breadcrumb\",\"itemListElement\":[{\"@type\":\"ListItem\",\"position\":1,\"name\":\"Home\",\"item\":\"https:\\\/\\\/3-mmckopen.nl\\\/\"},{\"@type\":\"ListItem\",\"position\":2,\"name\":\"Winkel\",\"item\":\"https:\\\/\\\/3-mmckopen.nl\\\/winkel\\\/\"},{\"@type\":\"ListItem\",\"position\":3,\"name\":\"Vitamine B12 \u2013 240 tabletten\"}]},{\"@type\":\"WebSite\",\"@id\":\"https:\\\/\\\/3-mmckopen.nl\\\/#website\",\"url\":\"https:\\\/\\\/3-mmckopen.nl\\\/\",\"name\":\"3MMC kopen\",\"description\":\"VOOR ALLE THUIS CHEMISI EN ONDERZOEKERS ONDER ONS\",\"publisher\":{\"@id\":\"https:\\\/\\\/3-mmckopen.nl\\\/#organization\"},\"potentialAction\":[{\"@type\":\"SearchAction\",\"target\":{\"@type\":\"EntryPoint\",\"urlTemplate\":\"https:\\\/\\\/3-mmckopen.nl\\\/?s={search_term_string}\"},\"query-input\":{\"@type\":\"PropertyValueSpecification\",\"valueRequired\":true,\"valueName\":\"search_term_string\"}}],\"inLanguage\":\"de\"},{\"@type\":\"Organization\",\"@id\":\"https:\\\/\\\/3-mmckopen.nl\\\/#organization\",\"name\":\"3mmc kopen\",\"url\":\"https:\\\/\\\/3-mmckopen.nl\\\/\",\"logo\":{\"@type\":\"ImageObject\",\"inLanguage\":\"de\",\"@id\":\"https:\\\/\\\/3-mmckopen.nl\\\/#\\\/schema\\\/logo\\\/image\\\/\",\"url\":\"https:\\\/\\\/3-mmckopen.nl\\\/wp-content\\\/uploads\\\/2024\\\/03\\\/3mmckopennl.webp\",\"contentUrl\":\"https:\\\/\\\/3-mmckopen.nl\\\/wp-content\\\/uploads\\\/2024\\\/03\\\/3mmckopennl.webp\",\"width\":300,\"height\":118,\"caption\":\"3mmc kopen\"},\"image\":{\"@id\":\"https:\\\/\\\/3-mmckopen.nl\\\/#\\\/schema\\\/logo\\\/image\\\/\"},\"sameAs\":[\"https:\\\/\\\/www.instagram.com\\\/dehuisprofessor\\\/\",\"https:\\\/\\\/nl.pinterest.com\\\/dehuisprofessor\\\/\",\"https:\\\/\\\/www.youtube.com\\\/channel\\\/UCsGzCVJiHsWLILEEHDzCNqA\"]}]}<\/script>\n<!-- \/ Yoast SEO plugin. -->","yoast_head_json":{"title":"Vitamine B12 \u2013 240 tabletten Kopen? - Op=Op- 3MMC kopen","description":"Bij 3MMC kopen kun je gemakkelijk en snel Vitamine B12 \u2013 240 tabletten bestellen en morgen al onderzoeken! Voor 17:00 besteld is vandaag al verzonden. Wees er snel bij.","robots":{"index":"index","follow":"follow","max-snippet":"max-snippet:-1","max-image-preview":"max-image-preview:large","max-video-preview":"max-video-preview:-1"},"canonical":"https:\/\/3-mmckopen.nl\/de\/3mmc-kopen\/shop\/healthshop\/vitaminen-mineralen\/vitamine-b12-240-tabletten\/","og_locale":"de_DE","og_type":"article","og_title":"Vitamine B12 \u2013 240 tabletten Kopen? - Op=Op- 3MMC kopen","og_description":"Bij 3MMC kopen kun je gemakkelijk en snel Vitamine B12 \u2013 240 tabletten bestellen en morgen al onderzoeken! Voor 17:00 besteld is vandaag al verzonden. Wees er snel bij.","og_url":"https:\/\/3-mmckopen.nl\/de\/3mmc-kopen\/shop\/healthshop\/vitaminen-mineralen\/vitamine-b12-240-tabletten\/","og_site_name":"3MMC kopen","article_modified_time":"2025-07-21T11:33:58+00:00","og_image":[{"width":1000,"height":1000,"url":"https:\/\/3-mmckopen.nl\/wp-content\/uploads\/2022\/03\/Vitamine-b12-pilpotje.jpg","type":"image\/jpeg"}],"twitter_card":"summary_large_image","twitter_misc":{"Gesch\u00e4tzte Lesezeit":"1\u00a0Minute"},"schema":{"@context":"https:\/\/schema.org","@graph":[{"@type":"WebPage","@id":"https:\/\/3-mmckopen.nl\/3mmc-kopen\/shop\/healthshop\/vitaminen-mineralen\/vitamine-b12-240-tabletten\/","url":"https:\/\/3-mmckopen.nl\/3mmc-kopen\/shop\/healthshop\/vitaminen-mineralen\/vitamine-b12-240-tabletten\/","name":"Vitamine B12 \u2013 240 tabletten Kopen? - Op=Op- 3MMC kopen","isPartOf":{"@id":"https:\/\/3-mmckopen.nl\/#website"},"primaryImageOfPage":{"@id":"https:\/\/3-mmckopen.nl\/3mmc-kopen\/shop\/healthshop\/vitaminen-mineralen\/vitamine-b12-240-tabletten\/#primaryimage"},"image":{"@id":"https:\/\/3-mmckopen.nl\/3mmc-kopen\/shop\/healthshop\/vitaminen-mineralen\/vitamine-b12-240-tabletten\/#primaryimage"},"thumbnailUrl":"https:\/\/3-mmckopen.nl\/wp-content\/uploads\/2022\/03\/Vitamine-b12-pilpotje.jpg","datePublished":"2022-03-18T21:33:00+00:00","dateModified":"2025-07-21T11:33:58+00:00","description":"Bij 3MMC kopen kun je gemakkelijk en snel Vitamine B12 \u2013 240 tabletten bestellen en morgen al onderzoeken! Voor 17:00 besteld is vandaag al verzonden. Wees er snel bij.","breadcrumb":{"@id":"https:\/\/3-mmckopen.nl\/3mmc-kopen\/shop\/healthshop\/vitaminen-mineralen\/vitamine-b12-240-tabletten\/#breadcrumb"},"inLanguage":"de","potentialAction":[{"@type":"ReadAction","target":["https:\/\/3-mmckopen.nl\/3mmc-kopen\/shop\/healthshop\/vitaminen-mineralen\/vitamine-b12-240-tabletten\/"]}]},{"@type":"ImageObject","inLanguage":"de","@id":"https:\/\/3-mmckopen.nl\/3mmc-kopen\/shop\/healthshop\/vitaminen-mineralen\/vitamine-b12-240-tabletten\/#primaryimage","url":"https:\/\/3-mmckopen.nl\/wp-content\/uploads\/2022\/03\/Vitamine-b12-pilpotje.jpg","contentUrl":"https:\/\/3-mmckopen.nl\/wp-content\/uploads\/2022\/03\/Vitamine-b12-pilpotje.jpg","width":1000,"height":1000},{"@type":"BreadcrumbList","@id":"https:\/\/3-mmckopen.nl\/3mmc-kopen\/shop\/healthshop\/vitaminen-mineralen\/vitamine-b12-240-tabletten\/#breadcrumb","itemListElement":[{"@type":"ListItem","position":1,"name":"Home","item":"https:\/\/3-mmckopen.nl\/"},{"@type":"ListItem","position":2,"name":"Winkel","item":"https:\/\/3-mmckopen.nl\/winkel\/"},{"@type":"ListItem","position":3,"name":"Vitamine B12 \u2013 240 tabletten"}]},{"@type":"WebSite","@id":"https:\/\/3-mmckopen.nl\/#website","url":"https:\/\/3-mmckopen.nl\/","name":"3MMC kaufen","description":"F\u00dcR ALLE HOME CHEMISI UND FORSCHER UNTER UNS","publisher":{"@id":"https:\/\/3-mmckopen.nl\/#organization"},"potentialAction":[{"@type":"SearchAction","target":{"@type":"EntryPoint","urlTemplate":"https:\/\/3-mmckopen.nl\/?s={search_term_string}"},"query-input":{"@type":"PropertyValueSpecification","valueRequired":true,"valueName":"search_term_string"}}],"inLanguage":"de"},{"@type":"Organization","@id":"https:\/\/3-mmckopen.nl\/#organization","name":"3mmc kopen","url":"https:\/\/3-mmckopen.nl\/","logo":{"@type":"ImageObject","inLanguage":"de","@id":"https:\/\/3-mmckopen.nl\/#\/schema\/logo\/image\/","url":"https:\/\/3-mmckopen.nl\/wp-content\/uploads\/2024\/03\/3mmckopennl.webp","contentUrl":"https:\/\/3-mmckopen.nl\/wp-content\/uploads\/2024\/03\/3mmckopennl.webp","width":300,"height":118,"caption":"3mmc kopen"},"image":{"@id":"https:\/\/3-mmckopen.nl\/#\/schema\/logo\/image\/"},"sameAs":["https:\/\/www.instagram.com\/dehuisprofessor\/","https:\/\/nl.pinterest.com\/dehuisprofessor\/","https:\/\/www.youtube.com\/channel\/UCsGzCVJiHsWLILEEHDzCNqA"]}]}},"_links":{"self":[{"href":"https:\/\/3-mmckopen.nl\/de\/wp-json\/wp\/v2\/product\/14200","targetHints":{"allow":["GET"]}}],"collection":[{"href":"https:\/\/3-mmckopen.nl\/de\/wp-json\/wp\/v2\/product"}],"about":[{"href":"https:\/\/3-mmckopen.nl\/de\/wp-json\/wp\/v2\/types\/product"}],"replies":[{"embeddable":true,"href":"https:\/\/3-mmckopen.nl\/de\/wp-json\/wp\/v2\/comments?post=14200"}],"version-history":[{"count":0,"href":"https:\/\/3-mmckopen.nl\/de\/wp-json\/wp\/v2\/product\/14200\/revisions"}],"wp:featuredmedia":[{"embeddable":true,"href":"https:\/\/3-mmckopen.nl\/de\/wp-json\/wp\/v2\/media\/14269"}],"wp:attachment":[{"href":"https:\/\/3-mmckopen.nl\/de\/wp-json\/wp\/v2\/media?parent=14200"}],"wp:term":[{"taxonomy":"product_brand","embeddable":true,"href":"https:\/\/3-mmckopen.nl\/de\/wp-json\/wp\/v2\/product_brand?post=14200"},{"taxonomy":"product_cat","embeddable":true,"href":"https:\/\/3-mmckopen.nl\/de\/wp-json\/wp\/v2\/product_cat?post=14200"},{"taxonomy":"product_tag","embeddable":true,"href":"https:\/\/3-mmckopen.nl\/de\/wp-json\/wp\/v2\/product_tag?post=14200"}],"curies":[{"name":"wp","href":"https:\/\/api.w.org\/{rel}","templated":true}]}}