{"id":23168,"date":"2023-04-05T21:42:56","date_gmt":"2023-04-05T19:42:56","guid":{"rendered":"https:\/\/3-mmckopen.nl\/?post_type=product&#038;p=23168"},"modified":"2025-07-28T02:54:22","modified_gmt":"2025-07-28T00:54:22","slug":"5-meo-dmt-poeder-hydrochloride","status":"publish","type":"product","link":"https:\/\/3-mmckopen.nl\/de\/3mmc-kopen\/shop\/research-chemicals\/tryptamines\/5-meo-dmt\/5-meo-dmt-poeder-hydrochloride\/","title":{"rendered":"5-MeO-DMT-Pulver (Hydrochlorid)"},"content":{"rendered":"<h2>5-MeO-DMT-INFO<\/h2>\n<p>5-MeO-DMT, auch 5-Methoxy-N,N-Dimethyltryptamin genannt, geh\u00f6rt zu den Tryptaminen. Dieses Produkt darf nur f\u00fcr Forschungszwecke verwendet werden.<\/p>\n<h4>GEFAHRENHINWEISE 5-MeO-DMT:<\/h4>\n<p>Es kann Reizungen der Atemwege und Augen verursachen. Leiten Sie RCs niemals in die Umwelt ab.<\/p>\n<h4>SICHERHEITSEMPFEHLUNGEN 5-MeO-DMT:<\/h4>\n<p>Bei Augenkontakt: Mindestens 10 bis 15 Minuten gr\u00fcndlich mit Wasser sp\u00fclen, ggf. Kontaktlinsen entfernen. Bei Hautkontakt: Mit Wasser absp\u00fclen, wenn m\u00f6glich auch mit Seife. Bei Einatmen: Gehen Sie an die frische Luft und nehmen Sie eine Position ein, die die Atmung erleichtert.<\/p>\n<p>Nicht W\u00e4rmequellen aussetzen. Bewahren Sie es in einer trockenen Umgebung bei Raumtemperatur auf, bewahren Sie es in einem guten Beh\u00e4lter auf und bewahren Sie es au\u00dferhalb der Reichweite von Kindern auf. Eine gute Stabilit\u00e4t der Pellets unter den oben genannten Bedingungen kann bis zu 2 Jahre dauern.<\/p>","protected":false},"excerpt":{"rendered":"<p>5-MeO-DMT INFO 5-MeO-DMT ook wel 5-methoxy-N,N-dimethyltryptamine genoemd behoort tot de tryptamines. Dit product mag uitsluitend en alleen gebruikt worden voor research doeleinden. GEVARENAANDUIDINGEN 5-MeO-DMT: Het kan leiden tot irritatie van de luchtwegen en irritatie van de ogen. Nooit RC&#8217;s lozen in het milieu. VEILIGHEIDSAANBEVELINGEN 5-MeO-DMT: Bij contact met ogen: minimaal 10 tot 15 minuten voorzichtig [&hellip;]<\/p>\n","protected":false},"featured_media":23171,"comment_status":"closed","ping_status":"closed","template":"","meta":{"site-sidebar-layout":"default","site-content-layout":"default","ast-site-content-layout":"default","site-content-style":"default","site-sidebar-style":"default","ast-global-header-display":"","ast-banner-title-visibility":"","ast-main-header-display":"","ast-hfb-above-header-display":"","ast-hfb-below-header-display":"","ast-hfb-mobile-header-display":"","site-post-title":"","ast-breadcrumbs-content":"","ast-featured-img":"","footer-sml-layout":"","theme-transparent-header-meta":"default","adv-header-id-meta":"","stick-header-meta":"","header-above-stick-meta":"","header-main-stick-meta":"","header-below-stick-meta":"","astra-migrate-meta-layouts":"default","ast-page-background-enabled":"default","ast-page-background-meta":{"desktop":{"background-color":"","background-image":"","background-repeat":"repeat","background-position":"center center","background-size":"auto","background-attachment":"scroll","background-type":"","background-media":"","overlay-type":"","overlay-color":"","overlay-opacity":"","overlay-gradient":""},"tablet":{"background-color":"","background-image":"","background-repeat":"repeat","background-position":"center center","background-size":"auto","background-attachment":"scroll","background-type":"","background-media":"","overlay-type":"","overlay-color":"","overlay-opacity":"","overlay-gradient":""},"mobile":{"background-color":"","background-image":"","background-repeat":"repeat","background-position":"center center","background-size":"auto","background-attachment":"scroll","background-type":"","background-media":"","overlay-type":"","overlay-color":"","overlay-opacity":"","overlay-gradient":""}},"ast-content-background-meta":{"desktop":{"background-color":"var(--ast-global-color-5)","background-image":"","background-repeat":"repeat","background-position":"center center","background-size":"auto","background-attachment":"scroll","background-type":"","background-media":"","overlay-type":"","overlay-color":"","overlay-opacity":"","overlay-gradient":""},"tablet":{"background-color":"var(--ast-global-color-5)","background-image":"","background-repeat":"repeat","background-position":"center center","background-size":"auto","background-attachment":"scroll","background-type":"","background-media":"","overlay-type":"","overlay-color":"","overlay-opacity":"","overlay-gradient":""},"mobile":{"background-color":"var(--ast-global-color-5)","background-image":"","background-repeat":"repeat","background-position":"center center","background-size":"auto","background-attachment":"scroll","background-type":"","background-media":"","overlay-type":"","overlay-color":"","overlay-opacity":"","overlay-gradient":""}}},"product_brand":[],"product_cat":[20454,20326,20449],"product_tag":[],"class_list":{"0":"post-23168","1":"product","2":"type-product","3":"status-publish","4":"has-post-thumbnail","6":"product_cat-5-meo-dmt","7":"product_cat-research-chemicals","8":"product_cat-tryptamines","9":"desktop-align-center","10":"tablet-align-center","11":"mobile-align-center","13":"first","14":"outofstock","15":"shipping-taxable","16":"purchasable","17":"product-type-variable"},"yoast_head":"<!-- This site is optimized with the Yoast SEO plugin v27.4 - https:\/\/yoast.com\/product\/yoast-seo-wordpress\/ -->\n<title>5-MeO-DMT Poeder (Hydrochloride) Kopen? - Op=Op- 3MMC kopen<\/title>\n<meta name=\"description\" content=\"Bij 3MMC kopen kun je gemakkelijk en snel 5-MeO-DMT Poeder (Hydrochloride) bestellen en morgen al onderzoeken! Voor 17:00 besteld is vandaag al verzonden. Wees er snel bij.\" \/>\n<meta name=\"robots\" content=\"index, follow, max-snippet:-1, max-image-preview:large, max-video-preview:-1\" \/>\n<link rel=\"canonical\" href=\"https:\/\/3-mmckopen.nl\/de\/3mmc-kopen\/shop\/research-chemicals\/tryptamines\/5-meo-dmt\/5-meo-dmt-poeder-hydrochloride\/\" \/>\n<meta property=\"og:locale\" content=\"de_DE\" \/>\n<meta property=\"og:type\" content=\"article\" \/>\n<meta property=\"og:title\" content=\"5-MeO-DMT Poeder (Hydrochloride) Kopen? - Op=Op- 3MMC kopen\" \/>\n<meta property=\"og:description\" content=\"Bij 3MMC kopen kun je gemakkelijk en snel 5-MeO-DMT Poeder (Hydrochloride) bestellen en morgen al onderzoeken! Voor 17:00 besteld is vandaag al verzonden. Wees er snel bij.\" \/>\n<meta property=\"og:url\" content=\"https:\/\/3-mmckopen.nl\/de\/3mmc-kopen\/shop\/research-chemicals\/tryptamines\/5-meo-dmt\/5-meo-dmt-poeder-hydrochloride\/\" \/>\n<meta property=\"og:site_name\" content=\"3MMC kopen\" \/>\n<meta property=\"article:modified_time\" content=\"2025-07-28T00:54:22+00:00\" \/>\n<meta property=\"og:image\" content=\"https:\/\/3-mmckopen.nl\/wp-content\/uploads\/2023\/04\/5-meo-dmt.png\" \/>\n\t<meta property=\"og:image:width\" content=\"1600\" \/>\n\t<meta property=\"og:image:height\" content=\"900\" \/>\n\t<meta property=\"og:image:type\" content=\"image\/png\" \/>\n<meta name=\"twitter:card\" content=\"summary_large_image\" \/>\n<meta name=\"twitter:label1\" content=\"Gesch\u00e4tzte Lesezeit\" \/>\n\t<meta name=\"twitter:data1\" content=\"1\u00a0Minute\" \/>\n<script type=\"application\/ld+json\" class=\"yoast-schema-graph\">{\"@context\":\"https:\\\/\\\/schema.org\",\"@graph\":[{\"@type\":\"WebPage\",\"@id\":\"https:\\\/\\\/3-mmckopen.nl\\\/3mmc-kopen\\\/shop\\\/research-chemicals\\\/tryptamines\\\/5-meo-dmt\\\/5-meo-dmt-poeder-hydrochloride\\\/\",\"url\":\"https:\\\/\\\/3-mmckopen.nl\\\/3mmc-kopen\\\/shop\\\/research-chemicals\\\/tryptamines\\\/5-meo-dmt\\\/5-meo-dmt-poeder-hydrochloride\\\/\",\"name\":\"5-MeO-DMT Poeder (Hydrochloride) Kopen? - Op=Op- 3MMC kopen\",\"isPartOf\":{\"@id\":\"https:\\\/\\\/3-mmckopen.nl\\\/#website\"},\"primaryImageOfPage\":{\"@id\":\"https:\\\/\\\/3-mmckopen.nl\\\/3mmc-kopen\\\/shop\\\/research-chemicals\\\/tryptamines\\\/5-meo-dmt\\\/5-meo-dmt-poeder-hydrochloride\\\/#primaryimage\"},\"image\":{\"@id\":\"https:\\\/\\\/3-mmckopen.nl\\\/3mmc-kopen\\\/shop\\\/research-chemicals\\\/tryptamines\\\/5-meo-dmt\\\/5-meo-dmt-poeder-hydrochloride\\\/#primaryimage\"},\"thumbnailUrl\":\"https:\\\/\\\/3-mmckopen.nl\\\/wp-content\\\/uploads\\\/2023\\\/04\\\/5-meo-dmt.png\",\"datePublished\":\"2023-04-05T19:42:56+00:00\",\"dateModified\":\"2025-07-28T00:54:22+00:00\",\"description\":\"Bij 3MMC kopen kun je gemakkelijk en snel 5-MeO-DMT Poeder (Hydrochloride) bestellen en morgen al onderzoeken! Voor 17:00 besteld is vandaag al verzonden. Wees er snel bij.\",\"breadcrumb\":{\"@id\":\"https:\\\/\\\/3-mmckopen.nl\\\/3mmc-kopen\\\/shop\\\/research-chemicals\\\/tryptamines\\\/5-meo-dmt\\\/5-meo-dmt-poeder-hydrochloride\\\/#breadcrumb\"},\"inLanguage\":\"de\",\"potentialAction\":[{\"@type\":\"ReadAction\",\"target\":[\"https:\\\/\\\/3-mmckopen.nl\\\/3mmc-kopen\\\/shop\\\/research-chemicals\\\/tryptamines\\\/5-meo-dmt\\\/5-meo-dmt-poeder-hydrochloride\\\/\"]}]},{\"@type\":\"ImageObject\",\"inLanguage\":\"de\",\"@id\":\"https:\\\/\\\/3-mmckopen.nl\\\/3mmc-kopen\\\/shop\\\/research-chemicals\\\/tryptamines\\\/5-meo-dmt\\\/5-meo-dmt-poeder-hydrochloride\\\/#primaryimage\",\"url\":\"https:\\\/\\\/3-mmckopen.nl\\\/wp-content\\\/uploads\\\/2023\\\/04\\\/5-meo-dmt.png\",\"contentUrl\":\"https:\\\/\\\/3-mmckopen.nl\\\/wp-content\\\/uploads\\\/2023\\\/04\\\/5-meo-dmt.png\",\"width\":1600,\"height\":900,\"caption\":\"5-meo-dmt\"},{\"@type\":\"BreadcrumbList\",\"@id\":\"https:\\\/\\\/3-mmckopen.nl\\\/3mmc-kopen\\\/shop\\\/research-chemicals\\\/tryptamines\\\/5-meo-dmt\\\/5-meo-dmt-poeder-hydrochloride\\\/#breadcrumb\",\"itemListElement\":[{\"@type\":\"ListItem\",\"position\":1,\"name\":\"Home\",\"item\":\"https:\\\/\\\/3-mmckopen.nl\\\/\"},{\"@type\":\"ListItem\",\"position\":2,\"name\":\"Winkel\",\"item\":\"https:\\\/\\\/3-mmckopen.nl\\\/winkel\\\/\"},{\"@type\":\"ListItem\",\"position\":3,\"name\":\"5-MeO-DMT Poeder (Hydrochloride)\"}]},{\"@type\":\"WebSite\",\"@id\":\"https:\\\/\\\/3-mmckopen.nl\\\/#website\",\"url\":\"https:\\\/\\\/3-mmckopen.nl\\\/\",\"name\":\"3MMC kopen\",\"description\":\"VOOR ALLE THUIS CHEMISI EN ONDERZOEKERS ONDER ONS\",\"publisher\":{\"@id\":\"https:\\\/\\\/3-mmckopen.nl\\\/#organization\"},\"potentialAction\":[{\"@type\":\"SearchAction\",\"target\":{\"@type\":\"EntryPoint\",\"urlTemplate\":\"https:\\\/\\\/3-mmckopen.nl\\\/?s={search_term_string}\"},\"query-input\":{\"@type\":\"PropertyValueSpecification\",\"valueRequired\":true,\"valueName\":\"search_term_string\"}}],\"inLanguage\":\"de\"},{\"@type\":\"Organization\",\"@id\":\"https:\\\/\\\/3-mmckopen.nl\\\/#organization\",\"name\":\"3mmc kopen\",\"url\":\"https:\\\/\\\/3-mmckopen.nl\\\/\",\"logo\":{\"@type\":\"ImageObject\",\"inLanguage\":\"de\",\"@id\":\"https:\\\/\\\/3-mmckopen.nl\\\/#\\\/schema\\\/logo\\\/image\\\/\",\"url\":\"https:\\\/\\\/3-mmckopen.nl\\\/wp-content\\\/uploads\\\/2024\\\/03\\\/3mmckopennl.webp\",\"contentUrl\":\"https:\\\/\\\/3-mmckopen.nl\\\/wp-content\\\/uploads\\\/2024\\\/03\\\/3mmckopennl.webp\",\"width\":300,\"height\":118,\"caption\":\"3mmc kopen\"},\"image\":{\"@id\":\"https:\\\/\\\/3-mmckopen.nl\\\/#\\\/schema\\\/logo\\\/image\\\/\"},\"sameAs\":[\"https:\\\/\\\/www.instagram.com\\\/dehuisprofessor\\\/\",\"https:\\\/\\\/nl.pinterest.com\\\/dehuisprofessor\\\/\",\"https:\\\/\\\/www.youtube.com\\\/channel\\\/UCsGzCVJiHsWLILEEHDzCNqA\"]}]}<\/script>\n<!-- \/ Yoast SEO plugin. -->","yoast_head_json":{"title":"5-MeO-DMT Poeder (Hydrochloride) Kopen? - Op=Op- 3MMC kopen","description":"Bij 3MMC kopen kun je gemakkelijk en snel 5-MeO-DMT Poeder (Hydrochloride) bestellen en morgen al onderzoeken! Voor 17:00 besteld is vandaag al verzonden. Wees er snel bij.","robots":{"index":"index","follow":"follow","max-snippet":"max-snippet:-1","max-image-preview":"max-image-preview:large","max-video-preview":"max-video-preview:-1"},"canonical":"https:\/\/3-mmckopen.nl\/de\/3mmc-kopen\/shop\/research-chemicals\/tryptamines\/5-meo-dmt\/5-meo-dmt-poeder-hydrochloride\/","og_locale":"de_DE","og_type":"article","og_title":"5-MeO-DMT Poeder (Hydrochloride) Kopen? - Op=Op- 3MMC kopen","og_description":"Bij 3MMC kopen kun je gemakkelijk en snel 5-MeO-DMT Poeder (Hydrochloride) bestellen en morgen al onderzoeken! Voor 17:00 besteld is vandaag al verzonden. Wees er snel bij.","og_url":"https:\/\/3-mmckopen.nl\/de\/3mmc-kopen\/shop\/research-chemicals\/tryptamines\/5-meo-dmt\/5-meo-dmt-poeder-hydrochloride\/","og_site_name":"3MMC kopen","article_modified_time":"2025-07-28T00:54:22+00:00","og_image":[{"width":1600,"height":900,"url":"https:\/\/3-mmckopen.nl\/wp-content\/uploads\/2023\/04\/5-meo-dmt.png","type":"image\/png"}],"twitter_card":"summary_large_image","twitter_misc":{"Gesch\u00e4tzte Lesezeit":"1\u00a0Minute"},"schema":{"@context":"https:\/\/schema.org","@graph":[{"@type":"WebPage","@id":"https:\/\/3-mmckopen.nl\/3mmc-kopen\/shop\/research-chemicals\/tryptamines\/5-meo-dmt\/5-meo-dmt-poeder-hydrochloride\/","url":"https:\/\/3-mmckopen.nl\/3mmc-kopen\/shop\/research-chemicals\/tryptamines\/5-meo-dmt\/5-meo-dmt-poeder-hydrochloride\/","name":"5-MeO-DMT Poeder (Hydrochloride) Kopen? - Op=Op- 3MMC kopen","isPartOf":{"@id":"https:\/\/3-mmckopen.nl\/#website"},"primaryImageOfPage":{"@id":"https:\/\/3-mmckopen.nl\/3mmc-kopen\/shop\/research-chemicals\/tryptamines\/5-meo-dmt\/5-meo-dmt-poeder-hydrochloride\/#primaryimage"},"image":{"@id":"https:\/\/3-mmckopen.nl\/3mmc-kopen\/shop\/research-chemicals\/tryptamines\/5-meo-dmt\/5-meo-dmt-poeder-hydrochloride\/#primaryimage"},"thumbnailUrl":"https:\/\/3-mmckopen.nl\/wp-content\/uploads\/2023\/04\/5-meo-dmt.png","datePublished":"2023-04-05T19:42:56+00:00","dateModified":"2025-07-28T00:54:22+00:00","description":"Bij 3MMC kopen kun je gemakkelijk en snel 5-MeO-DMT Poeder (Hydrochloride) bestellen en morgen al onderzoeken! Voor 17:00 besteld is vandaag al verzonden. Wees er snel bij.","breadcrumb":{"@id":"https:\/\/3-mmckopen.nl\/3mmc-kopen\/shop\/research-chemicals\/tryptamines\/5-meo-dmt\/5-meo-dmt-poeder-hydrochloride\/#breadcrumb"},"inLanguage":"de","potentialAction":[{"@type":"ReadAction","target":["https:\/\/3-mmckopen.nl\/3mmc-kopen\/shop\/research-chemicals\/tryptamines\/5-meo-dmt\/5-meo-dmt-poeder-hydrochloride\/"]}]},{"@type":"ImageObject","inLanguage":"de","@id":"https:\/\/3-mmckopen.nl\/3mmc-kopen\/shop\/research-chemicals\/tryptamines\/5-meo-dmt\/5-meo-dmt-poeder-hydrochloride\/#primaryimage","url":"https:\/\/3-mmckopen.nl\/wp-content\/uploads\/2023\/04\/5-meo-dmt.png","contentUrl":"https:\/\/3-mmckopen.nl\/wp-content\/uploads\/2023\/04\/5-meo-dmt.png","width":1600,"height":900,"caption":"5-meo-dmt"},{"@type":"BreadcrumbList","@id":"https:\/\/3-mmckopen.nl\/3mmc-kopen\/shop\/research-chemicals\/tryptamines\/5-meo-dmt\/5-meo-dmt-poeder-hydrochloride\/#breadcrumb","itemListElement":[{"@type":"ListItem","position":1,"name":"Home","item":"https:\/\/3-mmckopen.nl\/"},{"@type":"ListItem","position":2,"name":"Winkel","item":"https:\/\/3-mmckopen.nl\/winkel\/"},{"@type":"ListItem","position":3,"name":"5-MeO-DMT Poeder (Hydrochloride)"}]},{"@type":"WebSite","@id":"https:\/\/3-mmckopen.nl\/#website","url":"https:\/\/3-mmckopen.nl\/","name":"3MMC kaufen","description":"F\u00dcR ALLE HOME CHEMISI UND FORSCHER UNTER UNS","publisher":{"@id":"https:\/\/3-mmckopen.nl\/#organization"},"potentialAction":[{"@type":"SearchAction","target":{"@type":"EntryPoint","urlTemplate":"https:\/\/3-mmckopen.nl\/?s={search_term_string}"},"query-input":{"@type":"PropertyValueSpecification","valueRequired":true,"valueName":"search_term_string"}}],"inLanguage":"de"},{"@type":"Organization","@id":"https:\/\/3-mmckopen.nl\/#organization","name":"3mmc kopen","url":"https:\/\/3-mmckopen.nl\/","logo":{"@type":"ImageObject","inLanguage":"de","@id":"https:\/\/3-mmckopen.nl\/#\/schema\/logo\/image\/","url":"https:\/\/3-mmckopen.nl\/wp-content\/uploads\/2024\/03\/3mmckopennl.webp","contentUrl":"https:\/\/3-mmckopen.nl\/wp-content\/uploads\/2024\/03\/3mmckopennl.webp","width":300,"height":118,"caption":"3mmc kopen"},"image":{"@id":"https:\/\/3-mmckopen.nl\/#\/schema\/logo\/image\/"},"sameAs":["https:\/\/www.instagram.com\/dehuisprofessor\/","https:\/\/nl.pinterest.com\/dehuisprofessor\/","https:\/\/www.youtube.com\/channel\/UCsGzCVJiHsWLILEEHDzCNqA"]}]}},"_links":{"self":[{"href":"https:\/\/3-mmckopen.nl\/de\/wp-json\/wp\/v2\/product\/23168","targetHints":{"allow":["GET"]}}],"collection":[{"href":"https:\/\/3-mmckopen.nl\/de\/wp-json\/wp\/v2\/product"}],"about":[{"href":"https:\/\/3-mmckopen.nl\/de\/wp-json\/wp\/v2\/types\/product"}],"replies":[{"embeddable":true,"href":"https:\/\/3-mmckopen.nl\/de\/wp-json\/wp\/v2\/comments?post=23168"}],"version-history":[{"count":0,"href":"https:\/\/3-mmckopen.nl\/de\/wp-json\/wp\/v2\/product\/23168\/revisions"}],"wp:featuredmedia":[{"embeddable":true,"href":"https:\/\/3-mmckopen.nl\/de\/wp-json\/wp\/v2\/media\/23171"}],"wp:attachment":[{"href":"https:\/\/3-mmckopen.nl\/de\/wp-json\/wp\/v2\/media?parent=23168"}],"wp:term":[{"taxonomy":"product_brand","embeddable":true,"href":"https:\/\/3-mmckopen.nl\/de\/wp-json\/wp\/v2\/product_brand?post=23168"},{"taxonomy":"product_cat","embeddable":true,"href":"https:\/\/3-mmckopen.nl\/de\/wp-json\/wp\/v2\/product_cat?post=23168"},{"taxonomy":"product_tag","embeddable":true,"href":"https:\/\/3-mmckopen.nl\/de\/wp-json\/wp\/v2\/product_tag?post=23168"}],"curies":[{"name":"wp","href":"https:\/\/api.w.org\/{rel}","templated":true}]}}