{"id":14139,"date":"2022-03-18T22:30:52","date_gmt":"2022-03-18T21:30:52","guid":{"rendered":"https:\/\/3-mmckopen.nl\/?post_type=product&#038;p=14139"},"modified":"2024-01-03T10:37:17","modified_gmt":"2024-01-03T09:37:17","slug":"volcano-classic-gold-edition","status":"publish","type":"product","link":"https:\/\/3-mmckopen.nl\/en\/3mmc-kopen\/shop\/headshop\/vaporizers\/volcano-classic-gold-edition\/","title":{"rendered":"Volcano Classic Gold Edition"},"content":{"rendered":"<h1 class=\"product_title entry-title\"><strong>Volcano Classic Gold Edition kopen<\/strong><\/h1>\n<p><strong>Kleur:<\/strong>\u00a0Gold<br \/>\n<strong>Afmetingen:<\/strong>\u00a020 x 20 x 20 x 18cm<\/p>\n<p><strong>Een icoon wordt 20 jaar.<\/strong><br \/>\nNet op tijd voor het 20-jarig jubileum van de Volcano Classic vaporizer van Storz &amp; Bickel, heeft de fabrikant iets heel bijzonders bedacht: de GOLD-PLATED VOLCANO CLASSIC.<\/p>\n<p><strong>Vertrouwde kwaliteit met een nieuwe look.<\/strong><br \/>\nDe VOLCANO CLASSIC gold maakt niet alleen indruk met zijn kleeur maar ook met het robuuste en puur elektromechanische ontwerp. Hoogwaardige materialen en afwerking garanderen een lange levensduur \u2013 Made in Germany.<\/p>\n<p>De basisvereiste voor een optimale verdamping is het bereiken van een temperatuur net boven het verdampingspunt en deze permanent kunnen houden. In de Volcano wordt de lucht door een verwarmd, hoogwaardig aluminium blok gepompt. De krachtige, geluiddichte pomp zorgt voor een constante luchtstroom met vrijwel geen schommelingen in volume of temperatuur. Een ander voordeel is de gepatenteerde ventielballon waarin de gegenereerde dampen worden gepompt. Na het vullen kan de ballon eenvoudig van het apparaat worden verwijderd. De damp kan dan door de gebruiker in alle rust worden ingeademd zonder in contact te komen met glas, warmte of elektriciteit<\/p>\n<p><strong>De Volcano is de Duitse klassieker onder de vaporizers.<\/strong><br \/>\nDe Classic-versie wordt geleverd met 3 jaar garantie, wat spreekt voor de extreem lange levensduur van dit apparaat. Dit kunnen we bevestigen uit jarenlange ervaring. De beste Duitse techniek en vele jaren van onderzoek zijn in dit luxe apparaat gestoken.<\/p>\n<p><strong>Intu\u00eftief en effici\u00ebnt verdampen.<\/strong><br \/>\nHet apparaat is zeer eenvoudig en intu\u00eftief in gebruik. Een pomp voert continu lucht langs het verwarmingselement, waardoor deze de gewenste temperatuur aanneemt en door de geneeskrachtige kruiden stroomt. Zodra het juiste verdampingspunt is bereikt, lossen alle gewenste actieve ingredi\u00ebnten in meerdere passages op tot slechts grijsbruine, drugsvrije en uitgeloogde resten van het gebruikte geneeskrachtige kruid. In tegenstelling tot bij een volledige verbanding kunnen alle ingredi\u00ebnten volledig worden ge\u00ebxtraheerd en vervolgens worden ingeademd zonder iets van de effectiviteit te verliezen. Kortom: er is geen effici\u00ebntere manier om uw geneeskrachtige kruiden te gebruiken, en de prijs zal zich geleidelijk terugbetalen.<\/p>\n<p>Daarnaast is de pure smaak van de etherische oli\u00ebn zeer aangenaam, zonder onaangename en vooral schadelijke verbrandingsstoffen. Zelfs niet-rokers of ex-rokers kunnen op deze manier hun favoriete kruiden gebruiken. Uw medemensen hebben geen last van geurtjes en ongezonde passief roken.<\/p>\n<p><strong>Kenmerken van de Volcano Classic<\/strong><br \/>\n\u2013 Verkocht door offici\u00eble Volcano-dealers<br \/>\n\u2013 Hoge kwaliteit<br \/>\n\u2013 Smaakvrije materialen<br \/>\n\u2013 Veel accessoires<br \/>\n\u2013 Luchtpomp met geluiddemper<\/p>\n<p><strong>Pakket bestaat uit:<\/strong><br \/>\n\u2013 1x VOLCANO CLASSIC heteluchtgenerator goud<br \/>\n\u2013 4x EASY VALVE ballon met mondstuk<br \/>\n\u2013 1x EASY VALVE ballon met adapter<br \/>\n\u2013 1x vulkamer<br \/>\n\u2013 3x vulkamerclips<br \/>\n\u2013 1x afdekring<br \/>\n\u2013 1x normale zeef set<br \/>\n\u2013 1x vloeibare pad<br \/>\n\u2013 1x luchtfilterset<br \/>\n\u2013 1x kruidenmolen<br \/>\n\u2013 1x reinigingsborstel<br \/>\n\u2013 1x handleiding<\/p>","protected":false},"excerpt":{"rendered":"<p>Levertijd 5-7 werkdagen<\/p>","protected":false},"featured_media":14204,"comment_status":"closed","ping_status":"closed","template":"","meta":{"site-sidebar-layout":"default","site-content-layout":"default","ast-site-content-layout":"default","site-content-style":"default","site-sidebar-style":"default","ast-global-header-display":"","ast-banner-title-visibility":"","ast-main-header-display":"","ast-hfb-above-header-display":"","ast-hfb-below-header-display":"","ast-hfb-mobile-header-display":"","site-post-title":"","ast-breadcrumbs-content":"","ast-featured-img":"","footer-sml-layout":"","theme-transparent-header-meta":"default","adv-header-id-meta":"","stick-header-meta":"","header-above-stick-meta":"","header-main-stick-meta":"","header-below-stick-meta":"","astra-migrate-meta-layouts":"default","ast-page-background-enabled":"default","ast-page-background-meta":{"desktop":{"background-color":"","background-image":"","background-repeat":"repeat","background-position":"center center","background-size":"auto","background-attachment":"scroll","background-type":"","background-media":"","overlay-type":"","overlay-color":"","overlay-opacity":"","overlay-gradient":""},"tablet":{"background-color":"","background-image":"","background-repeat":"repeat","background-position":"center center","background-size":"auto","background-attachment":"scroll","background-type":"","background-media":"","overlay-type":"","overlay-color":"","overlay-opacity":"","overlay-gradient":""},"mobile":{"background-color":"","background-image":"","background-repeat":"repeat","background-position":"center center","background-size":"auto","background-attachment":"scroll","background-type":"","background-media":"","overlay-type":"","overlay-color":"","overlay-opacity":"","overlay-gradient":""}},"ast-content-background-meta":{"desktop":{"background-color":"var(--ast-global-color-5)","background-image":"","background-repeat":"repeat","background-position":"center center","background-size":"auto","background-attachment":"scroll","background-type":"","background-media":"","overlay-type":"","overlay-color":"","overlay-opacity":"","overlay-gradient":""},"tablet":{"background-color":"var(--ast-global-color-5)","background-image":"","background-repeat":"repeat","background-position":"center center","background-size":"auto","background-attachment":"scroll","background-type":"","background-media":"","overlay-type":"","overlay-color":"","overlay-opacity":"","overlay-gradient":""},"mobile":{"background-color":"var(--ast-global-color-5)","background-image":"","background-repeat":"repeat","background-position":"center center","background-size":"auto","background-attachment":"scroll","background-type":"","background-media":"","overlay-type":"","overlay-color":"","overlay-opacity":"","overlay-gradient":""}}},"product_brand":[],"product_cat":[20328,20373],"product_tag":[20371,20374,20375],"class_list":{"0":"post-14139","1":"product","2":"type-product","3":"status-publish","4":"has-post-thumbnail","6":"product_cat-headshop","7":"product_cat-vaporizers","8":"product_tag-smokeshop","9":"product_tag-vapeshop","10":"product_tag-vaporizer","11":"desktop-align-center","12":"tablet-align-center","13":"mobile-align-center","15":"first","16":"outofstock","17":"sale","18":"shipping-taxable","19":"purchasable","20":"product-type-simple"},"yoast_head":"<!-- This site is optimized with the Yoast SEO plugin v27.4 - https:\/\/yoast.com\/product\/yoast-seo-wordpress\/ -->\n<title>Volcano Classic Gold Edition Kopen? - Op=Op- 3MMC kopen<\/title>\n<meta name=\"description\" content=\"Bij 3MMC kopen kun je gemakkelijk en snel Volcano Classic Gold Edition bestellen en morgen al onderzoeken! Voor 17:00 besteld is vandaag al verzonden. Wees er snel bij.\" \/>\n<meta name=\"robots\" content=\"index, follow, max-snippet:-1, max-image-preview:large, max-video-preview:-1\" \/>\n<link rel=\"canonical\" href=\"https:\/\/3-mmckopen.nl\/en\/3mmc-kopen\/shop\/headshop\/vaporizers\/volcano-classic-gold-edition\/\" \/>\n<meta property=\"og:locale\" content=\"en_US\" \/>\n<meta property=\"og:type\" content=\"article\" \/>\n<meta property=\"og:title\" content=\"Volcano Classic Gold Edition Kopen? - Op=Op- 3MMC kopen\" \/>\n<meta property=\"og:description\" content=\"Bij 3MMC kopen kun je gemakkelijk en snel Volcano Classic Gold Edition bestellen en morgen al onderzoeken! Voor 17:00 besteld is vandaag al verzonden. Wees er snel bij.\" \/>\n<meta property=\"og:url\" content=\"https:\/\/3-mmckopen.nl\/en\/3mmc-kopen\/shop\/headshop\/vaporizers\/volcano-classic-gold-edition\/\" \/>\n<meta property=\"og:site_name\" content=\"3MMC kopen\" \/>\n<meta property=\"article:modified_time\" content=\"2024-01-03T09:37:17+00:00\" \/>\n<meta property=\"og:image\" content=\"https:\/\/3-mmckopen.nl\/wp-content\/uploads\/2022\/03\/1.jpeg\" \/>\n\t<meta property=\"og:image:width\" content=\"600\" \/>\n\t<meta property=\"og:image:height\" content=\"600\" \/>\n\t<meta property=\"og:image:type\" content=\"image\/jpeg\" \/>\n<meta name=\"twitter:card\" content=\"summary_large_image\" \/>\n<meta name=\"twitter:label1\" content=\"Est. reading time\" \/>\n\t<meta name=\"twitter:data1\" content=\"2 minutes\" \/>\n<script type=\"application\/ld+json\" class=\"yoast-schema-graph\">{\"@context\":\"https:\\\/\\\/schema.org\",\"@graph\":[{\"@type\":\"WebPage\",\"@id\":\"https:\\\/\\\/3-mmckopen.nl\\\/es\\\/3mmc-kopen\\\/shop\\\/headshop\\\/vaporizers\\\/volcano-classic-gold-edition\\\/\",\"url\":\"https:\\\/\\\/3-mmckopen.nl\\\/es\\\/3mmc-kopen\\\/shop\\\/headshop\\\/vaporizers\\\/volcano-classic-gold-edition\\\/\",\"name\":\"Volcano Classic Gold Edition Kopen? - Op=Op- 3MMC kopen\",\"isPartOf\":{\"@id\":\"https:\\\/\\\/3-mmckopen.nl\\\/#website\"},\"primaryImageOfPage\":{\"@id\":\"https:\\\/\\\/3-mmckopen.nl\\\/es\\\/3mmc-kopen\\\/shop\\\/headshop\\\/vaporizers\\\/volcano-classic-gold-edition\\\/#primaryimage\"},\"image\":{\"@id\":\"https:\\\/\\\/3-mmckopen.nl\\\/es\\\/3mmc-kopen\\\/shop\\\/headshop\\\/vaporizers\\\/volcano-classic-gold-edition\\\/#primaryimage\"},\"thumbnailUrl\":\"https:\\\/\\\/3-mmckopen.nl\\\/wp-content\\\/uploads\\\/2022\\\/03\\\/1.jpeg\",\"datePublished\":\"2022-03-18T21:30:52+00:00\",\"dateModified\":\"2024-01-03T09:37:17+00:00\",\"description\":\"Bij 3MMC kopen kun je gemakkelijk en snel Volcano Classic Gold Edition bestellen en morgen al onderzoeken! Voor 17:00 besteld is vandaag al verzonden. Wees er snel bij.\",\"breadcrumb\":{\"@id\":\"https:\\\/\\\/3-mmckopen.nl\\\/es\\\/3mmc-kopen\\\/shop\\\/headshop\\\/vaporizers\\\/volcano-classic-gold-edition\\\/#breadcrumb\"},\"inLanguage\":\"en-US\",\"potentialAction\":[{\"@type\":\"ReadAction\",\"target\":[\"https:\\\/\\\/3-mmckopen.nl\\\/es\\\/3mmc-kopen\\\/shop\\\/headshop\\\/vaporizers\\\/volcano-classic-gold-edition\\\/\"]}]},{\"@type\":\"ImageObject\",\"inLanguage\":\"en-US\",\"@id\":\"https:\\\/\\\/3-mmckopen.nl\\\/es\\\/3mmc-kopen\\\/shop\\\/headshop\\\/vaporizers\\\/volcano-classic-gold-edition\\\/#primaryimage\",\"url\":\"https:\\\/\\\/3-mmckopen.nl\\\/wp-content\\\/uploads\\\/2022\\\/03\\\/1.jpeg\",\"contentUrl\":\"https:\\\/\\\/3-mmckopen.nl\\\/wp-content\\\/uploads\\\/2022\\\/03\\\/1.jpeg\",\"width\":600,\"height\":600},{\"@type\":\"BreadcrumbList\",\"@id\":\"https:\\\/\\\/3-mmckopen.nl\\\/es\\\/3mmc-kopen\\\/shop\\\/headshop\\\/vaporizers\\\/volcano-classic-gold-edition\\\/#breadcrumb\",\"itemListElement\":[{\"@type\":\"ListItem\",\"position\":1,\"name\":\"Home\",\"item\":\"https:\\\/\\\/3-mmckopen.nl\\\/\"},{\"@type\":\"ListItem\",\"position\":2,\"name\":\"Winkel\",\"item\":\"https:\\\/\\\/3-mmckopen.nl\\\/winkel\\\/\"},{\"@type\":\"ListItem\",\"position\":3,\"name\":\"Volcano Classic Gold Edition\"}]},{\"@type\":\"WebSite\",\"@id\":\"https:\\\/\\\/3-mmckopen.nl\\\/#website\",\"url\":\"https:\\\/\\\/3-mmckopen.nl\\\/\",\"name\":\"3MMC kopen\",\"description\":\"VOOR ALLE THUIS CHEMISI EN ONDERZOEKERS ONDER ONS\",\"publisher\":{\"@id\":\"https:\\\/\\\/3-mmckopen.nl\\\/#organization\"},\"potentialAction\":[{\"@type\":\"SearchAction\",\"target\":{\"@type\":\"EntryPoint\",\"urlTemplate\":\"https:\\\/\\\/3-mmckopen.nl\\\/?s={search_term_string}\"},\"query-input\":{\"@type\":\"PropertyValueSpecification\",\"valueRequired\":true,\"valueName\":\"search_term_string\"}}],\"inLanguage\":\"en-US\"},{\"@type\":\"Organization\",\"@id\":\"https:\\\/\\\/3-mmckopen.nl\\\/#organization\",\"name\":\"3mmc kopen\",\"url\":\"https:\\\/\\\/3-mmckopen.nl\\\/\",\"logo\":{\"@type\":\"ImageObject\",\"inLanguage\":\"en-US\",\"@id\":\"https:\\\/\\\/3-mmckopen.nl\\\/#\\\/schema\\\/logo\\\/image\\\/\",\"url\":\"https:\\\/\\\/3-mmckopen.nl\\\/wp-content\\\/uploads\\\/2024\\\/03\\\/3mmckopennl.webp\",\"contentUrl\":\"https:\\\/\\\/3-mmckopen.nl\\\/wp-content\\\/uploads\\\/2024\\\/03\\\/3mmckopennl.webp\",\"width\":300,\"height\":118,\"caption\":\"3mmc kopen\"},\"image\":{\"@id\":\"https:\\\/\\\/3-mmckopen.nl\\\/#\\\/schema\\\/logo\\\/image\\\/\"},\"sameAs\":[\"https:\\\/\\\/www.instagram.com\\\/dehuisprofessor\\\/\",\"https:\\\/\\\/nl.pinterest.com\\\/dehuisprofessor\\\/\",\"https:\\\/\\\/www.youtube.com\\\/channel\\\/UCsGzCVJiHsWLILEEHDzCNqA\"]}]}<\/script>\n<!-- \/ Yoast SEO plugin. -->","yoast_head_json":{"title":"Volcano Classic Gold Edition Kopen? - Op=Op- 3MMC kopen","description":"Bij 3MMC kopen kun je gemakkelijk en snel Volcano Classic Gold Edition bestellen en morgen al onderzoeken! Voor 17:00 besteld is vandaag al verzonden. Wees er snel bij.","robots":{"index":"index","follow":"follow","max-snippet":"max-snippet:-1","max-image-preview":"max-image-preview:large","max-video-preview":"max-video-preview:-1"},"canonical":"https:\/\/3-mmckopen.nl\/en\/3mmc-kopen\/shop\/headshop\/vaporizers\/volcano-classic-gold-edition\/","og_locale":"en_US","og_type":"article","og_title":"Volcano Classic Gold Edition Kopen? - Op=Op- 3MMC kopen","og_description":"Bij 3MMC kopen kun je gemakkelijk en snel Volcano Classic Gold Edition bestellen en morgen al onderzoeken! Voor 17:00 besteld is vandaag al verzonden. Wees er snel bij.","og_url":"https:\/\/3-mmckopen.nl\/en\/3mmc-kopen\/shop\/headshop\/vaporizers\/volcano-classic-gold-edition\/","og_site_name":"3MMC kopen","article_modified_time":"2024-01-03T09:37:17+00:00","og_image":[{"width":600,"height":600,"url":"https:\/\/3-mmckopen.nl\/wp-content\/uploads\/2022\/03\/1.jpeg","type":"image\/jpeg"}],"twitter_card":"summary_large_image","twitter_misc":{"Est. reading time":"2 minutes"},"schema":{"@context":"https:\/\/schema.org","@graph":[{"@type":"WebPage","@id":"https:\/\/3-mmckopen.nl\/es\/3mmc-kopen\/shop\/headshop\/vaporizers\/volcano-classic-gold-edition\/","url":"https:\/\/3-mmckopen.nl\/es\/3mmc-kopen\/shop\/headshop\/vaporizers\/volcano-classic-gold-edition\/","name":"Volcano Classic Gold Edition Kopen? - Op=Op- 3MMC kopen","isPartOf":{"@id":"https:\/\/3-mmckopen.nl\/#website"},"primaryImageOfPage":{"@id":"https:\/\/3-mmckopen.nl\/es\/3mmc-kopen\/shop\/headshop\/vaporizers\/volcano-classic-gold-edition\/#primaryimage"},"image":{"@id":"https:\/\/3-mmckopen.nl\/es\/3mmc-kopen\/shop\/headshop\/vaporizers\/volcano-classic-gold-edition\/#primaryimage"},"thumbnailUrl":"https:\/\/3-mmckopen.nl\/wp-content\/uploads\/2022\/03\/1.jpeg","datePublished":"2022-03-18T21:30:52+00:00","dateModified":"2024-01-03T09:37:17+00:00","description":"Bij 3MMC kopen kun je gemakkelijk en snel Volcano Classic Gold Edition bestellen en morgen al onderzoeken! Voor 17:00 besteld is vandaag al verzonden. Wees er snel bij.","breadcrumb":{"@id":"https:\/\/3-mmckopen.nl\/es\/3mmc-kopen\/shop\/headshop\/vaporizers\/volcano-classic-gold-edition\/#breadcrumb"},"inLanguage":"en-US","potentialAction":[{"@type":"ReadAction","target":["https:\/\/3-mmckopen.nl\/es\/3mmc-kopen\/shop\/headshop\/vaporizers\/volcano-classic-gold-edition\/"]}]},{"@type":"ImageObject","inLanguage":"en-US","@id":"https:\/\/3-mmckopen.nl\/es\/3mmc-kopen\/shop\/headshop\/vaporizers\/volcano-classic-gold-edition\/#primaryimage","url":"https:\/\/3-mmckopen.nl\/wp-content\/uploads\/2022\/03\/1.jpeg","contentUrl":"https:\/\/3-mmckopen.nl\/wp-content\/uploads\/2022\/03\/1.jpeg","width":600,"height":600},{"@type":"BreadcrumbList","@id":"https:\/\/3-mmckopen.nl\/es\/3mmc-kopen\/shop\/headshop\/vaporizers\/volcano-classic-gold-edition\/#breadcrumb","itemListElement":[{"@type":"ListItem","position":1,"name":"Home","item":"https:\/\/3-mmckopen.nl\/"},{"@type":"ListItem","position":2,"name":"Winkel","item":"https:\/\/3-mmckopen.nl\/winkel\/"},{"@type":"ListItem","position":3,"name":"Volcano Classic Gold Edition"}]},{"@type":"WebSite","@id":"https:\/\/3-mmckopen.nl\/#website","url":"https:\/\/3-mmckopen.nl\/","name":"buy 3MMC","description":"FOR ALL HOME CHEMISI AND RESEARCHERS AMONG US","publisher":{"@id":"https:\/\/3-mmckopen.nl\/#organization"},"potentialAction":[{"@type":"SearchAction","target":{"@type":"EntryPoint","urlTemplate":"https:\/\/3-mmckopen.nl\/?s={search_term_string}"},"query-input":{"@type":"PropertyValueSpecification","valueRequired":true,"valueName":"search_term_string"}}],"inLanguage":"en-US"},{"@type":"Organization","@id":"https:\/\/3-mmckopen.nl\/#organization","name":"3mmc kopen","url":"https:\/\/3-mmckopen.nl\/","logo":{"@type":"ImageObject","inLanguage":"en-US","@id":"https:\/\/3-mmckopen.nl\/#\/schema\/logo\/image\/","url":"https:\/\/3-mmckopen.nl\/wp-content\/uploads\/2024\/03\/3mmckopennl.webp","contentUrl":"https:\/\/3-mmckopen.nl\/wp-content\/uploads\/2024\/03\/3mmckopennl.webp","width":300,"height":118,"caption":"3mmc kopen"},"image":{"@id":"https:\/\/3-mmckopen.nl\/#\/schema\/logo\/image\/"},"sameAs":["https:\/\/www.instagram.com\/dehuisprofessor\/","https:\/\/nl.pinterest.com\/dehuisprofessor\/","https:\/\/www.youtube.com\/channel\/UCsGzCVJiHsWLILEEHDzCNqA"]}]}},"_links":{"self":[{"href":"https:\/\/3-mmckopen.nl\/en\/wp-json\/wp\/v2\/product\/14139","targetHints":{"allow":["GET"]}}],"collection":[{"href":"https:\/\/3-mmckopen.nl\/en\/wp-json\/wp\/v2\/product"}],"about":[{"href":"https:\/\/3-mmckopen.nl\/en\/wp-json\/wp\/v2\/types\/product"}],"replies":[{"embeddable":true,"href":"https:\/\/3-mmckopen.nl\/en\/wp-json\/wp\/v2\/comments?post=14139"}],"version-history":[{"count":0,"href":"https:\/\/3-mmckopen.nl\/en\/wp-json\/wp\/v2\/product\/14139\/revisions"}],"wp:featuredmedia":[{"embeddable":true,"href":"https:\/\/3-mmckopen.nl\/en\/wp-json\/wp\/v2\/media\/14204"}],"wp:attachment":[{"href":"https:\/\/3-mmckopen.nl\/en\/wp-json\/wp\/v2\/media?parent=14139"}],"wp:term":[{"taxonomy":"product_brand","embeddable":true,"href":"https:\/\/3-mmckopen.nl\/en\/wp-json\/wp\/v2\/product_brand?post=14139"},{"taxonomy":"product_cat","embeddable":true,"href":"https:\/\/3-mmckopen.nl\/en\/wp-json\/wp\/v2\/product_cat?post=14139"},{"taxonomy":"product_tag","embeddable":true,"href":"https:\/\/3-mmckopen.nl\/en\/wp-json\/wp\/v2\/product_tag?post=14139"}],"curies":[{"name":"wp","href":"https:\/\/api.w.org\/{rel}","templated":true}]}}