{"id":223,"date":"2021-01-09T17:36:02","date_gmt":"2021-01-09T16:36:02","guid":{"rendered":"https:\/\/3-mmckopen.nl\/?page_id=223"},"modified":"2025-12-04T15:24:53","modified_gmt":"2025-12-04T14:24:53","slug":"algemene-voorwaarden","status":"publish","type":"page","link":"https:\/\/3-mmckopen.nl\/es\/algemene-voorwaarden\/","title":{"rendered":"T\u00e9rminos y condiciones"},"content":{"rendered":"<p><strong>Art\u00edculo 1. Aplicabilidad<\/strong><\/p>\r\n\r\n\r\n\r\n<p><br \/>1.1 Op alle aanbiedingen, bestellingen en overeenkomsten van onze webshop www.app16847.cloudwayssites.com Nederland, zijn deze\u00a0Algemene Voorwaarden van toepassing.<\/p>\r\n\r\n\r\n\r\n<p>1.2 Aceptar una oferta o realizar un pedido significa que acepta la aplicabilidad de estos t\u00e9rminos y condiciones.<\/p>\r\n\r\n\r\n\r\n<p>1.3 Las disposiciones de estos T\u00e9rminos y Condiciones solo pueden desviarse por escrito, en cuyo caso las dem\u00e1s disposiciones permanecer\u00e1n en pleno vigor.<\/p>\r\n\r\n\r\n\r\n<p>1.4 Todos los derechos y reclamaciones, seg\u00fan lo estipulado en estos t\u00e9rminos y condiciones y en cualquier otro acuerdo en beneficio de nuestra tienda web, tambi\u00e9n se estipulan en beneficio de los intermediarios y otros terceros contratados por nuestra tienda web.<\/p>\r\n\r\n\r\n\r\n<p><strong>Art\u00edculo 2. Ofertas\/acuerdos<\/strong><\/p>\r\n\r\n\r\n\r\n<p><br \/>2.1 Todas las ofertas de nuestra tienda web son sin compromiso y nuestra tienda web se reserva expresamente el derecho de cambiar los precios, en particular cuando sea necesario sobre la base de las regulaciones (legales). V\u00e9ase tambi\u00e9n el art\u00edculo 3.6.<\/p>\r\n\r\n\r\n\r\n<p>2.2 Un acuerdo solo se concluye despu\u00e9s de la aceptaci\u00f3n de su pedido por parte de nuestra tienda web. Nuestra tienda web tiene derecho a rechazar pedidos o a adjuntar ciertas condiciones a la entrega, a menos que se indique expresamente lo contrario. Si no se acepta un pedido, nuestra tienda web le informar\u00e1 dentro de los diez (10) d\u00edas h\u00e1biles posteriores a la recepci\u00f3n del pedido.<\/p>\r\n\r\n\r\n\r\n<p><strong>Art\u00edculo 3. Precios y pagos<\/strong><\/p>\r\n\r\n\r\n\r\n<p><br \/>3.1 Los precios indicados de los productos y servicios ofrecidos son en euros, IVA incluido. y excluyendo los costos de manejo y env\u00edo, cualquier impuesto u otros grav\u00e1menes, a menos que se indique lo contrario o se acuerde por escrito.<\/p>\r\n\r\n\r\n\r\n<p>3.2 El pago debe realizarse sin descuento ni compensaci\u00f3n el mismo d\u00eda de la fecha de la factura si se trata de entregas dentro de los Pa\u00edses Bajos, solo realizamos entregas dentro de los Pa\u00edses Bajos.<\/p>\r\n\r\n\r\n\r\n<p>3.3 El pago se puede realizar en (una de) las formas indicadas durante el proceso de pedido.<\/p>\r\n\r\n\r\n\r\n<p>3.4 Si los precios de los productos y servicios ofrecidos aumentan en el per\u00edodo entre el pedido y su ejecuci\u00f3n, tiene derecho a cancelar el pedido, pero despu\u00e9s del pago, el pedido es vinculante.<\/p>\r\n\r\n\r\n\r\n<p><strong>Art\u00edculo 4. Entrega<\/strong><\/p>\r\n\r\n\r\n\r\n<p><br \/>4.1 Los plazos de entrega especificados por nuestra tienda web son solo indicativos. Exceder cualquier plazo de entrega no le da derecho a una compensaci\u00f3n o al derecho de cancelar su pedido o de rescindir el acuerdo, a menos que el exceso del plazo de entrega sea tal que no se pueda esperar razonablemente que usted mantenga el acuerdo. En ese caso, tiene derecho a cancelar el pedido o disolver el acuerdo en la medida en que sea necesario.<\/p>\r\n\r\n\r\n\r\n<p>4.2 La entrega de los productos se realiza en el lugar y momento en que los productos est\u00e1n listos para su env\u00edo.<\/p>\r\n\r\n\r\n\r\n<p><strong>Art\u00edculo 5. Reserva de dominio<\/strong><\/p>\r\n\r\n\r\n\r\n<p><br \/>5.1 La propiedad de los productos entregados solo se transferir\u00e1 si ha pagado todo lo que debe a nuestra tienda web en virtud de cualquier acuerdo. El riesgo con respecto a los productos ya se le transfiere en el momento de la entrega.<\/p>\r\n\r\n\r\n\r\n<p><strong>Art\u00edculo 6. Derechos de propiedad intelectual e industrial<\/strong><\/p>\r\n\r\n\r\n\r\n<p><br \/>6.1 Debe respetar total e incondicionalmente todos los derechos de propiedad intelectual e industrial que recaen sobre los productos suministrados por nuestra tienda web.<\/p>\r\n\r\n\r\n\r\n<p>6.2 Nuestra tienda web no garantiza que los productos que se le entreguen no infrinjan ning\u00fan derecho de propiedad intelectual y\/o industrial (no escrito) de terceros.<\/p>\r\n\r\n\r\n\r\n<p><strong>Art\u00edculo 7. Quejas y responsabilidad<\/strong><\/p>\r\n\r\n\r\n\r\n<p><br \/>7.1 Tiene la obligaci\u00f3n de examinar en el momento de la entrega si los productos cumplen con el acuerdo. Si este no es el caso, debe informar a nuestra tienda web de esto lo antes posible y, en cualquier caso, dentro de los siete (7) d\u00edas h\u00e1biles posteriores a la entrega, o al menos despu\u00e9s de que la observaci\u00f3n fuera razonablemente posible, por escrito \/ correo electr\u00f3nico y con los motivos.<\/p>\r\n\r\n\r\n\r\n<p>7.2 Si se demuestra que los productos no cumplen con el acuerdo, nuestra tienda web tiene la opci\u00f3n de reemplazar los productos en cuesti\u00f3n con nuevos productos contra su devoluci\u00f3n o reembolsar el valor de la factura de los mismos.<\/p>\r\n\r\n\r\n\r\n<p>7.3 Si no desea comprar un producto por cualquier motivo, usted como particular tiene derecho a devolver el producto a nuestra tienda web dentro de los siete (7) d\u00edas h\u00e1biles posteriores a la entrega. En este caso, los env\u00edos de devoluci\u00f3n solo se aceptan si el embalaje del producto no est\u00e1 da\u00f1ado, por lo que los costos de los env\u00edos de devoluci\u00f3n tambi\u00e9n corren por su cuenta.<\/p>\r\n\r\n\r\n\r\n<p><strong>Art\u00edculo 8. Pedidos\/comunicaci\u00f3n<\/strong><\/p>\r\n\r\n\r\n\r\n<p><br \/>8.1 Por malentendidos, mutilaciones, retrasos o transmisi\u00f3n indebida de pedidos y comunicaciones como resultado del uso de Internet o cualquier otro medio de comunicaci\u00f3n en el tr\u00e1fico entre usted y nuestra tienda web, o entre nuestra tienda web y terceros, en la medida en que se relacione a la relaci\u00f3n entre usted y nuestra tienda web, nuestra tienda web no es responsable, a menos y en la medida en que haya dolo o negligencia grave por parte de nuestra tienda web.<\/p>\r\n\r\n\r\n\r\n<p><strong>Art\u00edculo 9. Fuerza mayor<\/strong><\/p>\r\n\r\n\r\n\r\n<p><br \/>9.1 Sin perjuicio de sus otros derechos, en caso de fuerza mayor, nuestra tienda web tiene el derecho, a su propia discreci\u00f3n, de suspender la ejecuci\u00f3n de su pedido o de disolver el acuerdo sin intervenci\u00f3n judicial, notific\u00e1ndoselo por escrito. sin que nuestra tienda web est\u00e9 obligada a pagar ninguna compensaci\u00f3n, a menos que esto sea inaceptable en las circunstancias dadas de acuerdo con los est\u00e1ndares de razonabilidad y equidad.<\/p>\r\n\r\n\r\n\r\n<p>9.2 Se entiende por fuerza mayor cualquier defecto que no pueda atribuirse a nuestra tienda web, porque no se debe a su culpa y no es por su cuenta en virtud de la ley, el acto jur\u00eddico o las opiniones generalmente aceptadas.<\/p>\r\n\r\n\r\n\r\n<p><strong>Art\u00edculo 10. Varios<\/strong><\/p>\r\n\r\n\r\n\r\n<p><br \/>10.1 Si proporciona a nuestra tienda web una direcci\u00f3n por escrito, nuestra tienda web tiene derecho a enviar todos los pedidos a esa direcci\u00f3n, a menos que informe a nuestra tienda web por escrito de otra direcci\u00f3n a la que deben enviarse sus pedidos.<\/p>\r\n\r\n\r\n\r\n<p>10.2 Si nuestra tienda web permite desviaciones de estos T\u00e9rminos y condiciones, ya sea t\u00e1citamente o no, por un per\u00edodo de tiempo corto o m\u00e1s largo, esto no afecta su derecho a exigir el cumplimiento inmediato y estricto de estos T\u00e9rminos y condiciones. Nunca puede hacer valer ning\u00fan derecho basado en el hecho de que nuestra tienda web aplica estos T\u00e9rminos sin problemas.<\/p>\r\n\r\n\r\n\r\n<p>10.3 Si una o m\u00e1s de las disposiciones de estos T\u00e9rminos y condiciones o cualquier otro acuerdo con nuestra tienda web entrara en conflicto con cualquier disposici\u00f3n legal aplicable, la disposici\u00f3n correspondiente caducar\u00e1 y ser\u00e1 reemplazada por una nueva disposici\u00f3n legalmente permitida que determinar\u00e1 nuestro tienda web disposici\u00f3n similar.<\/p>\r\n\r\n\r\n\r\n<p>10.4 Nuestra tienda web est\u00e1 autorizada a utilizar terceros para la ejecuci\u00f3n de su(s) pedido(s).<\/p>\r\n\r\n\r\n\r\n<p><strong>Art\u00edculo 11. Ley aplicable y tribunal competente<\/strong><\/p>\r\n\r\n\r\n\r\n<p><br \/>11.1 Todos los derechos, obligaciones, ofertas, pedidos y acuerdos a los que se aplican estos t\u00e9rminos y condiciones, as\u00ed como estos t\u00e9rminos y condiciones, se rigen exclusivamente por la ley holandesa.<\/p>\r\n\r\n\r\n\r\n<p>11.2 Alle geschillen tussen partijen zullen bij uitsluiting worden voorgelegd aan de daartoe bevoegde rechter in Nederland. De producten worden verstuurd via\u00a0postNL. Enige vertraging of het niet aankomen, dan wel beschadiging van de levering nemen wij niet voor onze rekening. Dit ligt bij postNL\u00a0of bij de klant. Bij briefpost zullen wij geen her-zending doen in geval van verlies door postnl. Wij kunnen alleen her-zenden als is bewezen dat het pakketje niet aangekomen is op het door de klant aangegeven adres. Dit geld alleen bij pakketten die traceerbaar zijn door middel van tracking code. Wij zijn niet aansprakelijk voor het invullen van het adres. De klant vult een adres in en wij versturen er heen, is het adres verkeerd of ontbreekt hier iets, dan is dat nooit aan ons te verwijten en is dat het probleem van de klant.<\/p>\r\n\r\n\r\n\r\n<p><strong>12. Al realizar un pedido en nuestra tienda web, acepta las reglas y condiciones a continuaci\u00f3n.<\/strong><\/p>\r\n\r\n\r\n\r\n<p><br \/>12.1 Para todos los productos debe tener 18 a\u00f1os o m\u00e1s, al incluir estos productos en su pedido, confirma que ya ha alcanzado la edad m\u00ednima de 18 a\u00f1os. En caso de duda, se le puede solicitar una copia de su prueba de identidad.<\/p>\r\n\r\n\r\n\r\n<p>12.2 La compra de productos a trav\u00e9s de este sitio web es bajo su propio riesgo. No podemos responsabilizarnos por los da\u00f1os resultantes del uso de los productos entregados.<\/p>\r\n\r\n\r\n\r\n<p>12.3 Ha le\u00eddo atentamente y entendido la p\u00e1gina de informaci\u00f3n sobre el producto. Siga todas las instrucciones del producto en nuestro sitio web y preste atenci\u00f3n a todas las advertencias.<\/p>\r\n\r\n\r\n\r\n<p>12.4 Usted es personalmente responsable del cuidado de los productos solicitados. Mant\u00e9ngalos en un lugar seguro, fuera del alcance de los ni\u00f1os, las mascotas y las personas con juicio reducido, a menos que el producto est\u00e9 destinado a los grupos objetivo mencionados anteriormente.<\/p>\r\n\r\n\r\n\r\n<p>12.5 Todos nuestros productos definitivamente no son para consumo humano y deben mantenerse en todo momento fuera del alcance de los ni\u00f1os y animales y personas menos responsables.<\/p>\r\n\r\n\r\n\r\n<p>12.6 Al onze producten worden uitsluitend verkocht voor\u00a0RESEARCH DOELEINDEN. Wij zijn dan ook niet aansprakelijk bij gebruik voor andere doeleinden dan voorgenoemde.<\/p>\r\n\r\n\r\n\r\n<p>12.7 Todos los que compren en nuestra tienda web deben tener 18 a\u00f1os o m\u00e1s. En caso de duda, podemos cancelar un pedido o solicitar informaci\u00f3n de identificaci\u00f3n.<\/p>\r\n\r\n\r\n\r\n<p>12.8 Wij zijn nooit aansprakelijk voor gevolgen die voortvloeien uit ander gebruik dan hierboven is genoemd. Bij research gaan wij er derhalve van uit dat u over voldoende kennis beschikt om dit te\u00a0doen.<\/p>\r\n\r\n\r\n\r\n<p>12.9 Si un pedido se cancela por cualquier motivo, se cobrar\u00e1n 15 \u20ac de gastos de gesti\u00f3n cuando se reembolse el importe del pedido.<\/p>\r\n\r\n\r\n\r\n<p><strong>13. Prohibici\u00f3n de 3-MMC y 3-CMC<\/strong><\/p>\r\n\r\n\r\n\r\n<p>13.1 3-MMC y 3-cmc son productos ilegales y no se pueden pedir ni comprar aqu\u00ed. Si se solicit\u00f3 uno de estos productos, se enviar\u00e1 2-MMC.<\/p>","protected":false},"excerpt":{"rendered":"<p>Artikel 1. Toepasselijkheid 1.1 Op alle aanbiedingen, bestellingen en overeenkomsten van onze webshop www.app16847.cloudwayssites.com Nederland, zijn deze\u00a0Algemene Voorwaarden van toepassing. 1.2 Het accepteren van een aanbieding dan wel het doen van een bestelling houdt in dat u de toepasselijkheid van deze voorwaarden aanvaardt. 1.3 Van het in deze Voorwaarden bepaalde kan slechts schriftelijk worden afgeweken, [&hellip;]<\/p>\n","protected":false},"author":199606847,"featured_media":0,"parent":0,"menu_order":0,"comment_status":"closed","ping_status":"closed","template":"","meta":{"site-sidebar-layout":"default","site-content-layout":"","ast-site-content-layout":"default","site-content-style":"default","site-sidebar-style":"default","ast-global-header-display":"","ast-banner-title-visibility":"","ast-main-header-display":"","ast-hfb-above-header-display":"","ast-hfb-below-header-display":"","ast-hfb-mobile-header-display":"","site-post-title":"","ast-breadcrumbs-content":"","ast-featured-img":"","footer-sml-layout":"","theme-transparent-header-meta":"default","adv-header-id-meta":"","stick-header-meta":"","header-above-stick-meta":"","header-main-stick-meta":"","header-below-stick-meta":"","astra-migrate-meta-layouts":"set","ast-page-background-enabled":"default","ast-page-background-meta":{"desktop":{"background-color":"","background-image":"","background-repeat":"repeat","background-position":"center center","background-size":"auto","background-attachment":"scroll","background-type":"","background-media":"","overlay-type":"","overlay-color":"","overlay-opacity":"","overlay-gradient":""},"tablet":{"background-color":"","background-image":"","background-repeat":"repeat","background-position":"center center","background-size":"auto","background-attachment":"scroll","background-type":"","background-media":"","overlay-type":"","overlay-color":"","overlay-opacity":"","overlay-gradient":""},"mobile":{"background-color":"","background-image":"","background-repeat":"repeat","background-position":"center center","background-size":"auto","background-attachment":"scroll","background-type":"","background-media":"","overlay-type":"","overlay-color":"","overlay-opacity":"","overlay-gradient":""}},"ast-content-background-meta":{"desktop":{"background-color":"var(--ast-global-color-5)","background-image":"","background-repeat":"repeat","background-position":"center center","background-size":"auto","background-attachment":"scroll","background-type":"","background-media":"","overlay-type":"","overlay-color":"","overlay-opacity":"","overlay-gradient":""},"tablet":{"background-color":"var(--ast-global-color-5)","background-image":"","background-repeat":"repeat","background-position":"center center","background-size":"auto","background-attachment":"scroll","background-type":"","background-media":"","overlay-type":"","overlay-color":"","overlay-opacity":"","overlay-gradient":""},"mobile":{"background-color":"var(--ast-global-color-5)","background-image":"","background-repeat":"repeat","background-position":"center center","background-size":"auto","background-attachment":"scroll","background-type":"","background-media":"","overlay-type":"","overlay-color":"","overlay-opacity":"","overlay-gradient":""}},"footnotes":""},"class_list":["post-223","page","type-page","status-publish","hentry"],"yoast_head":"<!-- This site is optimized with the Yoast SEO plugin v27.3 - https:\/\/yoast.com\/product\/yoast-seo-wordpress\/ -->\n<title>Algemene Voorwaarden Lezen | 3-mmckopen.nl<\/title>\n<meta name=\"description\" content=\"Lees onze algemene voorwaarden. Duidelijke afspraken over levering en service. Transparant en eerlijk. Voor 17:00 besteld = vandaag verzonden!\" \/>\n<meta name=\"robots\" content=\"index, follow, max-snippet:-1, max-image-preview:large, max-video-preview:-1\" \/>\n<link rel=\"canonical\" href=\"https:\/\/3-mmckopen.nl\/es\/algemene-voorwaarden\/\" \/>\n<meta property=\"og:locale\" content=\"es_ES\" \/>\n<meta property=\"og:type\" content=\"article\" \/>\n<meta property=\"og:title\" content=\"Algemene Voorwaarden Lezen | 3-mmckopen.nl\" \/>\n<meta property=\"og:description\" content=\"Lees onze algemene voorwaarden. Duidelijke afspraken over levering en service. Transparant en eerlijk. Voor 17:00 besteld = vandaag verzonden!\" \/>\n<meta property=\"og:url\" content=\"https:\/\/3-mmckopen.nl\/es\/algemene-voorwaarden\/\" \/>\n<meta property=\"og:site_name\" content=\"3MMC kopen\" \/>\n<meta property=\"article:modified_time\" content=\"2025-12-04T14:24:53+00:00\" \/>\n<meta property=\"og:image\" content=\"https:\/\/3-mmckopen.nl\/wp-content\/uploads\/2024\/03\/3mmckopennl.webp\" \/>\n\t<meta property=\"og:image:width\" content=\"300\" \/>\n\t<meta property=\"og:image:height\" content=\"118\" \/>\n\t<meta property=\"og:image:type\" content=\"image\/webp\" \/>\n<meta name=\"twitter:card\" content=\"summary_large_image\" \/>\n<meta name=\"twitter:label1\" content=\"Tiempo de lectura\" \/>\n\t<meta name=\"twitter:data1\" content=\"8 minutos\" \/>\n<script type=\"application\/ld+json\" class=\"yoast-schema-graph\">{\"@context\":\"https:\\\/\\\/schema.org\",\"@graph\":[{\"@type\":\"WebPage\",\"@id\":\"https:\\\/\\\/3-mmckopen.nl\\\/algemene-voorwaarden\\\/\",\"url\":\"https:\\\/\\\/3-mmckopen.nl\\\/algemene-voorwaarden\\\/\",\"name\":\"Algemene Voorwaarden Lezen | 3-mmckopen.nl\",\"isPartOf\":{\"@id\":\"https:\\\/\\\/3-mmckopen.nl\\\/#website\"},\"datePublished\":\"2021-01-09T16:36:02+00:00\",\"dateModified\":\"2025-12-04T14:24:53+00:00\",\"description\":\"Lees onze algemene voorwaarden. Duidelijke afspraken over levering en service. Transparant en eerlijk. Voor 17:00 besteld = vandaag verzonden!\",\"breadcrumb\":{\"@id\":\"https:\\\/\\\/3-mmckopen.nl\\\/algemene-voorwaarden\\\/#breadcrumb\"},\"inLanguage\":\"es\",\"potentialAction\":[{\"@type\":\"ReadAction\",\"target\":[\"https:\\\/\\\/3-mmckopen.nl\\\/algemene-voorwaarden\\\/\"]}]},{\"@type\":\"BreadcrumbList\",\"@id\":\"https:\\\/\\\/3-mmckopen.nl\\\/algemene-voorwaarden\\\/#breadcrumb\",\"itemListElement\":[{\"@type\":\"ListItem\",\"position\":1,\"name\":\"Home\",\"item\":\"https:\\\/\\\/3-mmckopen.nl\\\/\"},{\"@type\":\"ListItem\",\"position\":2,\"name\":\"Algemene voorwaarden\"}]},{\"@type\":\"WebSite\",\"@id\":\"https:\\\/\\\/3-mmckopen.nl\\\/#website\",\"url\":\"https:\\\/\\\/3-mmckopen.nl\\\/\",\"name\":\"3MMC kopen\",\"description\":\"VOOR ALLE THUIS CHEMISI EN ONDERZOEKERS ONDER ONS\",\"publisher\":{\"@id\":\"https:\\\/\\\/3-mmckopen.nl\\\/#organization\"},\"potentialAction\":[{\"@type\":\"SearchAction\",\"target\":{\"@type\":\"EntryPoint\",\"urlTemplate\":\"https:\\\/\\\/3-mmckopen.nl\\\/?s={search_term_string}\"},\"query-input\":{\"@type\":\"PropertyValueSpecification\",\"valueRequired\":true,\"valueName\":\"search_term_string\"}}],\"inLanguage\":\"es\"},{\"@type\":\"Organization\",\"@id\":\"https:\\\/\\\/3-mmckopen.nl\\\/#organization\",\"name\":\"3mmc kopen\",\"url\":\"https:\\\/\\\/3-mmckopen.nl\\\/\",\"logo\":{\"@type\":\"ImageObject\",\"inLanguage\":\"es\",\"@id\":\"https:\\\/\\\/3-mmckopen.nl\\\/#\\\/schema\\\/logo\\\/image\\\/\",\"url\":\"https:\\\/\\\/3-mmckopen.nl\\\/wp-content\\\/uploads\\\/2024\\\/03\\\/3mmckopennl.webp\",\"contentUrl\":\"https:\\\/\\\/3-mmckopen.nl\\\/wp-content\\\/uploads\\\/2024\\\/03\\\/3mmckopennl.webp\",\"width\":300,\"height\":118,\"caption\":\"3mmc kopen\"},\"image\":{\"@id\":\"https:\\\/\\\/3-mmckopen.nl\\\/#\\\/schema\\\/logo\\\/image\\\/\"},\"sameAs\":[\"https:\\\/\\\/www.instagram.com\\\/dehuisprofessor\\\/\",\"https:\\\/\\\/nl.pinterest.com\\\/dehuisprofessor\\\/\",\"https:\\\/\\\/www.youtube.com\\\/channel\\\/UCsGzCVJiHsWLILEEHDzCNqA\"]}]}<\/script>\n<!-- \/ Yoast SEO plugin. -->","yoast_head_json":{"title":"Algemene Voorwaarden Lezen | 3-mmckopen.nl","description":"Lees onze algemene voorwaarden. Duidelijke afspraken over levering en service. Transparant en eerlijk. Voor 17:00 besteld = vandaag verzonden!","robots":{"index":"index","follow":"follow","max-snippet":"max-snippet:-1","max-image-preview":"max-image-preview:large","max-video-preview":"max-video-preview:-1"},"canonical":"https:\/\/3-mmckopen.nl\/es\/algemene-voorwaarden\/","og_locale":"es_ES","og_type":"article","og_title":"Algemene Voorwaarden Lezen | 3-mmckopen.nl","og_description":"Lees onze algemene voorwaarden. Duidelijke afspraken over levering en service. Transparant en eerlijk. Voor 17:00 besteld = vandaag verzonden!","og_url":"https:\/\/3-mmckopen.nl\/es\/algemene-voorwaarden\/","og_site_name":"3MMC kopen","article_modified_time":"2025-12-04T14:24:53+00:00","og_image":[{"width":300,"height":118,"url":"https:\/\/3-mmckopen.nl\/wp-content\/uploads\/2024\/03\/3mmckopennl.webp","type":"image\/webp"}],"twitter_card":"summary_large_image","twitter_misc":{"Tiempo de lectura":"8 minutos"},"schema":{"@context":"https:\/\/schema.org","@graph":[{"@type":"WebPage","@id":"https:\/\/3-mmckopen.nl\/algemene-voorwaarden\/","url":"https:\/\/3-mmckopen.nl\/algemene-voorwaarden\/","name":"Algemene Voorwaarden Lezen | 3-mmckopen.nl","isPartOf":{"@id":"https:\/\/3-mmckopen.nl\/#website"},"datePublished":"2021-01-09T16:36:02+00:00","dateModified":"2025-12-04T14:24:53+00:00","description":"Lees onze algemene voorwaarden. Duidelijke afspraken over levering en service. Transparant en eerlijk. Voor 17:00 besteld = vandaag verzonden!","breadcrumb":{"@id":"https:\/\/3-mmckopen.nl\/algemene-voorwaarden\/#breadcrumb"},"inLanguage":"es","potentialAction":[{"@type":"ReadAction","target":["https:\/\/3-mmckopen.nl\/algemene-voorwaarden\/"]}]},{"@type":"BreadcrumbList","@id":"https:\/\/3-mmckopen.nl\/algemene-voorwaarden\/#breadcrumb","itemListElement":[{"@type":"ListItem","position":1,"name":"Home","item":"https:\/\/3-mmckopen.nl\/"},{"@type":"ListItem","position":2,"name":"Algemene voorwaarden"}]},{"@type":"WebSite","@id":"https:\/\/3-mmckopen.nl\/#website","url":"https:\/\/3-mmckopen.nl\/","name":"comprar 3MMC","description":"PARA TODOS LOS QU\u00cdMICOS DEL HOGAR E INVESTIGADORES ENTRE NOSOTROS","publisher":{"@id":"https:\/\/3-mmckopen.nl\/#organization"},"potentialAction":[{"@type":"SearchAction","target":{"@type":"EntryPoint","urlTemplate":"https:\/\/3-mmckopen.nl\/?s={search_term_string}"},"query-input":{"@type":"PropertyValueSpecification","valueRequired":true,"valueName":"search_term_string"}}],"inLanguage":"es"},{"@type":"Organization","@id":"https:\/\/3-mmckopen.nl\/#organization","name":"3mmc kopen","url":"https:\/\/3-mmckopen.nl\/","logo":{"@type":"ImageObject","inLanguage":"es","@id":"https:\/\/3-mmckopen.nl\/#\/schema\/logo\/image\/","url":"https:\/\/3-mmckopen.nl\/wp-content\/uploads\/2024\/03\/3mmckopennl.webp","contentUrl":"https:\/\/3-mmckopen.nl\/wp-content\/uploads\/2024\/03\/3mmckopennl.webp","width":300,"height":118,"caption":"3mmc kopen"},"image":{"@id":"https:\/\/3-mmckopen.nl\/#\/schema\/logo\/image\/"},"sameAs":["https:\/\/www.instagram.com\/dehuisprofessor\/","https:\/\/nl.pinterest.com\/dehuisprofessor\/","https:\/\/www.youtube.com\/channel\/UCsGzCVJiHsWLILEEHDzCNqA"]}]}},"_links":{"self":[{"href":"https:\/\/3-mmckopen.nl\/es\/wp-json\/wp\/v2\/pages\/223","targetHints":{"allow":["GET"]}}],"collection":[{"href":"https:\/\/3-mmckopen.nl\/es\/wp-json\/wp\/v2\/pages"}],"about":[{"href":"https:\/\/3-mmckopen.nl\/es\/wp-json\/wp\/v2\/types\/page"}],"author":[{"embeddable":true,"href":"https:\/\/3-mmckopen.nl\/es\/wp-json\/wp\/v2\/users\/199606847"}],"replies":[{"embeddable":true,"href":"https:\/\/3-mmckopen.nl\/es\/wp-json\/wp\/v2\/comments?post=223"}],"version-history":[{"count":1,"href":"https:\/\/3-mmckopen.nl\/es\/wp-json\/wp\/v2\/pages\/223\/revisions"}],"predecessor-version":[{"id":79024,"href":"https:\/\/3-mmckopen.nl\/es\/wp-json\/wp\/v2\/pages\/223\/revisions\/79024"}],"wp:attachment":[{"href":"https:\/\/3-mmckopen.nl\/es\/wp-json\/wp\/v2\/media?parent=223"}],"curies":[{"name":"wp","href":"https:\/\/api.w.org\/{rel}","templated":true}]}}