{"id":287,"date":"2021-01-09T22:08:52","date_gmt":"2021-01-09T21:08:52","guid":{"rendered":"https:\/\/3-mmckopen.nl\/?page_id=287"},"modified":"2025-12-04T15:34:53","modified_gmt":"2025-12-04T14:34:53","slug":"verzending-en-levering","status":"publish","type":"page","link":"https:\/\/3-mmckopen.nl\/es\/verzending-en-levering\/","title":{"rendered":"Env\u00edo y entrega"},"content":{"rendered":"<div data-elementor-type=\"wp-page\" data-elementor-id=\"287\" class=\"elementor elementor-287\" data-elementor-post-type=\"page\">\n\t\t\t\t\t\t<section class=\"elementor-section elementor-top-section elementor-element elementor-element-77fb5336 elementor-section-boxed elementor-section-height-default elementor-section-height-default\" data-id=\"77fb5336\" data-element_type=\"section\" data-e-type=\"section\">\n\t\t\t\t\t\t<div class=\"elementor-container elementor-column-gap-default\">\n\t\t\t\t\t<div class=\"elementor-column elementor-col-100 elementor-top-column elementor-element elementor-element-4012bb21\" data-id=\"4012bb21\" data-element_type=\"column\" data-e-type=\"column\">\n\t\t\t<div class=\"elementor-widget-wrap elementor-element-populated\">\n\t\t\t\t\t\t<div class=\"elementor-element elementor-element-42e7fe09 elementor-widget elementor-widget-text-editor\" data-id=\"42e7fe09\" data-element_type=\"widget\" data-e-type=\"widget\" data-widget_type=\"text-editor.default\">\n\t\t\t\t<div class=\"elementor-widget-container\">\n\t\t\t\t\t\t\t\t\t<p><\/p>\n<figure class=\"wp-block-image size-large is-resized\"><img decoding=\"async\" class=\"alignnone wp-image-432 size-thumbnail\" src=\"https:\/\/3-mmckopen.nl\/wp-content\/uploads\/2021\/01\/PostNL_Logo_750-150x150.jpg\" alt=\"\" width=\"150\" height=\"150\" srcset=\"https:\/\/3-mmckopen.nl\/wp-content\/uploads\/2021\/01\/PostNL_Logo_750-150x150.jpg 150w, https:\/\/3-mmckopen.nl\/wp-content\/uploads\/2021\/01\/PostNL_Logo_750-300x300.jpg 300w, https:\/\/3-mmckopen.nl\/wp-content\/uploads\/2021\/01\/PostNL_Logo_750-100x100.jpg 100w, https:\/\/3-mmckopen.nl\/wp-content\/uploads\/2021\/01\/PostNL_Logo_750-600x600.jpg 600w, https:\/\/3-mmckopen.nl\/wp-content\/uploads\/2021\/01\/PostNL_Logo_750-64x64.jpg 64w, https:\/\/3-mmckopen.nl\/wp-content\/uploads\/2021\/01\/PostNL_Logo_750-400x400.jpg 400w, https:\/\/3-mmckopen.nl\/wp-content\/uploads\/2021\/01\/PostNL_Logo_750-200x200.jpg 200w, https:\/\/3-mmckopen.nl\/wp-content\/uploads\/2021\/01\/PostNL_Logo_750.jpg 750w\" sizes=\"(max-width: 150px) 100vw, 150px\" \/><\/figure>\n<p><\/p>\n<p><\/p>\n<h2 id=\"h-verzending-en-levering\" class=\"has-text-align-center wp-block-heading\"><strong>Env\u00edo y entrega<\/strong><\/h2>\n<p><\/p>\n<p><\/p>\n<h4 id=\"h-betaling-voor-16-00-ontvangen-dezelfde-dag-nog-verzonden\" class=\"has-small-font-size wp-block-heading\"><strong>PAGO RECIBIDO ANTES DE LAS 4:00 PM \u2013 ENVIADO EL MISMO DIA<\/strong><\/h4>\n<p><\/p>\n<p><\/p>\n<p class=\"has-small-font-size\">Quiere comprar 3-CMC por internet pero tiene dudas sobre el env\u00edo y la entrega de 3-CMC. No todo el mundo necesita saber lo que ha pedido, por lo que lo tenemos en cuenta.<\/p>\n<p><\/p>\n<p><\/p>\n<p class=\"has-small-font-size\"><strong>Tenga en cuenta: debido al confinamiento, es posible que se demore m\u00e1s en recibir su paquete debido a las multitudes en Post NL. Por lo tanto, aseg\u00farese de ordenar a tiempo.<\/strong><\/p>\n<p><\/p>\n<p><\/p>\n<p class=\"has-small-font-size\">app16847.cloudwayssites.com no es responsable del tiempo de entrega de un paquete solicitado.<\/p>\n<p><\/p>\n<p><\/p>\n<p class=\"has-small-font-size\">1. Elija un producto de nuestra tienda web y p\u00eddalo<\/p>\n<p><\/p>\n<p><\/p>\n<p class=\"has-small-font-size\">2. Te enviaremos una solicitud de pago a trav\u00e9s de WhatsApp o paga de forma r\u00e1pida y sencilla con una transferencia bancaria directa<\/p>\n<p><\/p>\n<p><\/p>\n<p class=\"has-small-font-size\">3. El producto se empaqueta discretamente.<\/p>\n<p><\/p>\n<p><\/p>\n<p class=\"has-small-font-size\">4. El paquete se env\u00eda con PostNL<\/p>\n<p><\/p>\n<p><\/p>\n<h4 class=\"wp-block-heading\" id=\"h-discreet-verpakt\"><strong>Empaquetado discretamente<\/strong><\/h4>\n<p><\/p>\n<p><\/p>\n<p class=\"has-small-font-size\">Enviamos nuestra 3-CMC en sobres irreconocibles. \u00a1De esta manera nadie puede ver lo que ordenaste desde afuera!<\/p>\n<p><\/p>\n<p><\/p>\n<h4 class=\"wp-block-heading\" id=\"h-gratis-snelle-en-veilige-verzending\"><strong>Env\u00edo gratuito, r\u00e1pido y seguro<\/strong><\/h4>\n<p><\/p>\n<p><\/p>\n<p class=\"has-small-font-size\">Con nosotros no paga gastos de env\u00edo por env\u00edo est\u00e1ndar (riesgo propio). Puedes elegir que te env\u00eden tu paquete con seguimiento y localizaci\u00f3n por 6\u20ac o por correo certificado por 10,95\u20ac. Aqu\u00ed tienes uno <strong>&quot;seguimiento y localizaci\u00f3n&quot;<\/strong> c\u00f3digo enviado por correo electr\u00f3nico para que pueda rastrear su pedido. Enviamos nuestros pedidos con <a href=\"https:\/\/www.postnl.nl\/\">PostNL<\/a>.<\/p>\n<p><\/p>\n<p><\/p>\n<h4 class=\"wp-block-heading\" id=\"h-betalen-met-een-directe-bankoverschrijving-of-betaalverzoek\"><strong>Paga con transferencia bancaria directa o solicitud de pago<\/strong><\/h4>\n<p><\/p>\n<p><\/p>\n<p class=\"has-small-font-size\">Preferimos los pagos directos por transferencia bancaria porque son r\u00e1pidos y seguros. En unos segundos el dinero est\u00e1 en nuestra cuenta y podemos empezar a preparar y enviar tu pedido. Por supuesto, tambi\u00e9n puede pagar a trav\u00e9s de una solicitud de pago en WhatsApp.\u00a0<strong style=\"font-size: var(--wp--preset--font-size--small); font-style: inherit; color: var( --e-global-color-text ); font-family: var( --e-global-typography-text-font-family ), Sans-serif;\">Le enviaremos un mensaje de WhatsApp con una solicitud de pago y su n\u00famero de pedido.<\/strong><\/p>\n<p><\/p>\n<p><\/p>\n<p class=\"has-small-font-size\"><strong style=\"color: var(--ast-global-color-2); font-size: 1.33333rem; font-style: inherit; font-family: var( --e-global-typography-text-font-family ), Sans-serif;\">\u00bfQu\u00e9 es una transferencia bancaria directa?<\/strong><\/p>\n<p><\/p>\n<p><\/p>\n<p class=\"has-small-font-size\">A &#039;<strong>transferencia directa<\/strong>&#039; es un\u00a0<strong>sobreventa<\/strong>\u00a0Eso\u00a0<strong>inmediatamente<\/strong>\u00a0se abona en la cuenta de la persona a quien se transfiere el dinero. El destinatario tiene el dinero en su cuenta en segundos. Las 24 horas del d\u00eda, los 365 d\u00edas del a\u00f1o, incluso por la noche y los domingos y festivos.<\/p>\n<p><\/p>\n<p><\/p>\n<h4 class=\"wp-block-heading\" id=\"h-is-een-directe-bankoverschrijving-veilig\"><strong>\u00bfEs segura una transferencia bancaria directa?<\/strong><\/h4>\n<p><\/p>\n<p><\/p>\n<p class=\"has-small-font-size\">S\u00ed. Pagar con este m\u00e9todo es 100% seguro, seguro y discreto.<\/p>\n<p><\/p>\n<p><\/p>\n<h4 class=\"wp-block-heading\" id=\"h-heb-ik-iets-nodig-om-te-betalen-met-een-directe-bankoverschrijving\"><strong>\u00bfNecesito algo para pagar con una transferencia bancaria directa?<\/strong><\/h4>\n<p><\/p>\n<p><\/p>\n<p class=\"has-small-font-size\">Para pagar con este m\u00e9todo, necesita un servicio de banca por Internet o por tel\u00e9fono.<\/p>\n<p><\/p>\n<p><\/p>\n<div class=\"wp-block-buttons is-layout-flex wp-block-buttons-is-layout-flex\">\n<p><\/p>\n<div class=\"wp-block-button\"><a class=\"wp-block-button__link\" href=\"https:\/\/3-mmckopen.nl\/es\/winkel\/\">Ir a nuestra tienda web<\/a><\/div>\n<p><\/p>\n<\/div>\n<p><\/p>\n<p><\/p>\n<div class=\"wp-block-buttons is-layout-flex wp-block-buttons-is-layout-flex\">\n<p><\/p>\n<div class=\"wp-block-button\"><a class=\"wp-block-button__link\" href=\"https:\/\/3-mmckopen.nl\/es\/\">Ir a nuestra p\u00e1gina de inicio<\/a><\/div>\n<p><\/p>\n<\/div>\n<p><\/p>\n<p><\/p>\n<div class=\"wp-block-columns is-layout-flex wp-container-core-columns-is-layout-28f84493 wp-block-columns-is-layout-flex\">\n<p><\/p>\n<div class=\"wp-block-column is-layout-flow wp-block-column-is-layout-flow\">\n<p><\/p>\n<p><\/p>\n<\/div>\n<p><\/p>\n<\/div>\n<p><\/p>\n<p><\/p>\n<p><\/p>\t\t\t\t\t\t\t\t<\/div>\n\t\t\t\t<\/div>\n\t\t\t\t\t<\/div>\n\t\t<\/div>\n\t\t\t\t\t<\/div>\n\t\t<\/section>\n\t\t\t\t<\/div>","protected":false},"excerpt":{"rendered":"<p>&nbsp; &nbsp; &nbsp; Verzending en levering &nbsp; &nbsp; BETALING VOOR 16:00 ONTVANGEN &#8211; DEZELFDE DAG NOG VERZONDEN &nbsp; &nbsp; Je wilt 3-CMC kopen via het internet maar twijfelt over de verzending en levering van 3-CMC. Niet iedereen hoeft te weten wat jij besteld hebt daarom houden wij hier rekening mee. &nbsp; &nbsp; Let op: Door [&hellip;]<\/p>\n","protected":false},"author":199606847,"featured_media":0,"parent":0,"menu_order":0,"comment_status":"closed","ping_status":"closed","template":"","meta":{"site-sidebar-layout":"default","site-content-layout":"default","ast-site-content-layout":"default","site-content-style":"default","site-sidebar-style":"default","ast-global-header-display":"","ast-banner-title-visibility":"","ast-main-header-display":"","ast-hfb-above-header-display":"","ast-hfb-below-header-display":"","ast-hfb-mobile-header-display":"","site-post-title":"","ast-breadcrumbs-content":"","ast-featured-img":"","footer-sml-layout":"","theme-transparent-header-meta":"default","adv-header-id-meta":"","stick-header-meta":"","header-above-stick-meta":"","header-main-stick-meta":"","header-below-stick-meta":"","astra-migrate-meta-layouts":"set","ast-page-background-enabled":"default","ast-page-background-meta":{"desktop":{"background-color":"","background-image":"","background-repeat":"repeat","background-position":"center center","background-size":"auto","background-attachment":"scroll","background-type":"","background-media":"","overlay-type":"","overlay-color":"","overlay-opacity":"","overlay-gradient":""},"tablet":{"background-color":"","background-image":"","background-repeat":"repeat","background-position":"center center","background-size":"auto","background-attachment":"scroll","background-type":"","background-media":"","overlay-type":"","overlay-color":"","overlay-opacity":"","overlay-gradient":""},"mobile":{"background-color":"","background-image":"","background-repeat":"repeat","background-position":"center center","background-size":"auto","background-attachment":"scroll","background-type":"","background-media":"","overlay-type":"","overlay-color":"","overlay-opacity":"","overlay-gradient":""}},"ast-content-background-meta":{"desktop":{"background-color":"var(--ast-global-color-5)","background-image":"","background-repeat":"repeat","background-position":"center center","background-size":"auto","background-attachment":"scroll","background-type":"","background-media":"","overlay-type":"","overlay-color":"","overlay-opacity":"","overlay-gradient":""},"tablet":{"background-color":"var(--ast-global-color-5)","background-image":"","background-repeat":"repeat","background-position":"center center","background-size":"auto","background-attachment":"scroll","background-type":"","background-media":"","overlay-type":"","overlay-color":"","overlay-opacity":"","overlay-gradient":""},"mobile":{"background-color":"var(--ast-global-color-5)","background-image":"","background-repeat":"repeat","background-position":"center center","background-size":"auto","background-attachment":"scroll","background-type":"","background-media":"","overlay-type":"","overlay-color":"","overlay-opacity":"","overlay-gradient":""}},"footnotes":""},"class_list":["post-287","page","type-page","status-publish","hentry"],"yoast_head":"<!-- This site is optimized with the Yoast SEO plugin v27.4 - https:\/\/yoast.com\/product\/yoast-seo-wordpress\/ -->\n<title>Verzending en Levering Info | 3-mmckopen.nl<\/title>\n<meta name=\"description\" content=\"Alles over verzending en levering. Wij versturen altijd Discreet &amp; Anoniem in blanco dozen. Voor 17:00 besteld = vandaag verzonden! Lees meer.\" \/>\n<meta name=\"robots\" content=\"index, follow, max-snippet:-1, max-image-preview:large, max-video-preview:-1\" \/>\n<link rel=\"canonical\" href=\"https:\/\/3-mmckopen.nl\/es\/verzending-en-levering\/\" \/>\n<meta property=\"og:locale\" content=\"es_ES\" \/>\n<meta property=\"og:type\" content=\"article\" \/>\n<meta property=\"og:title\" content=\"Verzending en Levering Info | 3-mmckopen.nl\" \/>\n<meta property=\"og:description\" content=\"Alles over verzending en levering. Wij versturen altijd Discreet &amp; Anoniem in blanco dozen. Voor 17:00 besteld = vandaag verzonden! Lees meer.\" \/>\n<meta property=\"og:url\" content=\"https:\/\/3-mmckopen.nl\/es\/verzending-en-levering\/\" \/>\n<meta property=\"og:site_name\" content=\"3MMC kopen\" \/>\n<meta property=\"article:modified_time\" content=\"2025-12-04T14:34:53+00:00\" \/>\n<meta property=\"og:image\" content=\"https:\/\/3-mmckopen.nl\/wp-content\/uploads\/2021\/01\/PostNL_Logo_750-150x150.jpg\" \/>\n<meta name=\"twitter:card\" content=\"summary_large_image\" \/>\n<meta name=\"twitter:label1\" content=\"Tiempo de lectura\" \/>\n\t<meta name=\"twitter:data1\" content=\"3 minutos\" \/>\n<script type=\"application\/ld+json\" class=\"yoast-schema-graph\">{\"@context\":\"https:\\\/\\\/schema.org\",\"@graph\":[{\"@type\":\"WebPage\",\"@id\":\"https:\\\/\\\/3-mmckopen.nl\\\/verzending-en-levering\\\/\",\"url\":\"https:\\\/\\\/3-mmckopen.nl\\\/verzending-en-levering\\\/\",\"name\":\"Verzending en Levering Info | 3-mmckopen.nl\",\"isPartOf\":{\"@id\":\"https:\\\/\\\/3-mmckopen.nl\\\/#website\"},\"primaryImageOfPage\":{\"@id\":\"https:\\\/\\\/3-mmckopen.nl\\\/verzending-en-levering\\\/#primaryimage\"},\"image\":{\"@id\":\"https:\\\/\\\/3-mmckopen.nl\\\/verzending-en-levering\\\/#primaryimage\"},\"thumbnailUrl\":\"https:\\\/\\\/3-mmckopen.nl\\\/wp-content\\\/uploads\\\/2021\\\/01\\\/PostNL_Logo_750-150x150.jpg\",\"datePublished\":\"2021-01-09T21:08:52+00:00\",\"dateModified\":\"2025-12-04T14:34:53+00:00\",\"description\":\"Alles over verzending en levering. Wij versturen altijd Discreet & Anoniem in blanco dozen. Voor 17:00 besteld = vandaag verzonden! Lees meer.\",\"breadcrumb\":{\"@id\":\"https:\\\/\\\/3-mmckopen.nl\\\/verzending-en-levering\\\/#breadcrumb\"},\"inLanguage\":\"es\",\"potentialAction\":[{\"@type\":\"ReadAction\",\"target\":[\"https:\\\/\\\/3-mmckopen.nl\\\/verzending-en-levering\\\/\"]}]},{\"@type\":\"ImageObject\",\"inLanguage\":\"es\",\"@id\":\"https:\\\/\\\/3-mmckopen.nl\\\/verzending-en-levering\\\/#primaryimage\",\"url\":\"https:\\\/\\\/3-mmckopen.nl\\\/wp-content\\\/uploads\\\/2021\\\/01\\\/PostNL_Logo_750-150x150.jpg\",\"contentUrl\":\"https:\\\/\\\/3-mmckopen.nl\\\/wp-content\\\/uploads\\\/2021\\\/01\\\/PostNL_Logo_750-150x150.jpg\"},{\"@type\":\"BreadcrumbList\",\"@id\":\"https:\\\/\\\/3-mmckopen.nl\\\/verzending-en-levering\\\/#breadcrumb\",\"itemListElement\":[{\"@type\":\"ListItem\",\"position\":1,\"name\":\"Home\",\"item\":\"https:\\\/\\\/3-mmckopen.nl\\\/\"},{\"@type\":\"ListItem\",\"position\":2,\"name\":\"Verzending en levering\"}]},{\"@type\":\"WebSite\",\"@id\":\"https:\\\/\\\/3-mmckopen.nl\\\/#website\",\"url\":\"https:\\\/\\\/3-mmckopen.nl\\\/\",\"name\":\"3MMC kopen\",\"description\":\"VOOR ALLE THUIS CHEMISI EN ONDERZOEKERS ONDER ONS\",\"publisher\":{\"@id\":\"https:\\\/\\\/3-mmckopen.nl\\\/#organization\"},\"potentialAction\":[{\"@type\":\"SearchAction\",\"target\":{\"@type\":\"EntryPoint\",\"urlTemplate\":\"https:\\\/\\\/3-mmckopen.nl\\\/?s={search_term_string}\"},\"query-input\":{\"@type\":\"PropertyValueSpecification\",\"valueRequired\":true,\"valueName\":\"search_term_string\"}}],\"inLanguage\":\"es\"},{\"@type\":\"Organization\",\"@id\":\"https:\\\/\\\/3-mmckopen.nl\\\/#organization\",\"name\":\"3mmc kopen\",\"url\":\"https:\\\/\\\/3-mmckopen.nl\\\/\",\"logo\":{\"@type\":\"ImageObject\",\"inLanguage\":\"es\",\"@id\":\"https:\\\/\\\/3-mmckopen.nl\\\/#\\\/schema\\\/logo\\\/image\\\/\",\"url\":\"https:\\\/\\\/3-mmckopen.nl\\\/wp-content\\\/uploads\\\/2024\\\/03\\\/3mmckopennl.webp\",\"contentUrl\":\"https:\\\/\\\/3-mmckopen.nl\\\/wp-content\\\/uploads\\\/2024\\\/03\\\/3mmckopennl.webp\",\"width\":300,\"height\":118,\"caption\":\"3mmc kopen\"},\"image\":{\"@id\":\"https:\\\/\\\/3-mmckopen.nl\\\/#\\\/schema\\\/logo\\\/image\\\/\"},\"sameAs\":[\"https:\\\/\\\/www.instagram.com\\\/dehuisprofessor\\\/\",\"https:\\\/\\\/nl.pinterest.com\\\/dehuisprofessor\\\/\",\"https:\\\/\\\/www.youtube.com\\\/channel\\\/UCsGzCVJiHsWLILEEHDzCNqA\"]}]}<\/script>\n<!-- \/ Yoast SEO plugin. -->","yoast_head_json":{"title":"Verzending en Levering Info | 3-mmckopen.nl","description":"Alles over verzending en levering. Wij versturen altijd Discreet & Anoniem in blanco dozen. Voor 17:00 besteld = vandaag verzonden! Lees meer.","robots":{"index":"index","follow":"follow","max-snippet":"max-snippet:-1","max-image-preview":"max-image-preview:large","max-video-preview":"max-video-preview:-1"},"canonical":"https:\/\/3-mmckopen.nl\/es\/verzending-en-levering\/","og_locale":"es_ES","og_type":"article","og_title":"Verzending en Levering Info | 3-mmckopen.nl","og_description":"Alles over verzending en levering. Wij versturen altijd Discreet & Anoniem in blanco dozen. Voor 17:00 besteld = vandaag verzonden! Lees meer.","og_url":"https:\/\/3-mmckopen.nl\/es\/verzending-en-levering\/","og_site_name":"3MMC kopen","article_modified_time":"2025-12-04T14:34:53+00:00","og_image":[{"url":"https:\/\/3-mmckopen.nl\/wp-content\/uploads\/2021\/01\/PostNL_Logo_750-150x150.jpg","type":"","width":"","height":""}],"twitter_card":"summary_large_image","twitter_misc":{"Tiempo de lectura":"3 minutos"},"schema":{"@context":"https:\/\/schema.org","@graph":[{"@type":"WebPage","@id":"https:\/\/3-mmckopen.nl\/verzending-en-levering\/","url":"https:\/\/3-mmckopen.nl\/verzending-en-levering\/","name":"Verzending en Levering Info | 3-mmckopen.nl","isPartOf":{"@id":"https:\/\/3-mmckopen.nl\/#website"},"primaryImageOfPage":{"@id":"https:\/\/3-mmckopen.nl\/verzending-en-levering\/#primaryimage"},"image":{"@id":"https:\/\/3-mmckopen.nl\/verzending-en-levering\/#primaryimage"},"thumbnailUrl":"https:\/\/3-mmckopen.nl\/wp-content\/uploads\/2021\/01\/PostNL_Logo_750-150x150.jpg","datePublished":"2021-01-09T21:08:52+00:00","dateModified":"2025-12-04T14:34:53+00:00","description":"Alles over verzending en levering. Wij versturen altijd Discreet & Anoniem in blanco dozen. Voor 17:00 besteld = vandaag verzonden! Lees meer.","breadcrumb":{"@id":"https:\/\/3-mmckopen.nl\/verzending-en-levering\/#breadcrumb"},"inLanguage":"es","potentialAction":[{"@type":"ReadAction","target":["https:\/\/3-mmckopen.nl\/verzending-en-levering\/"]}]},{"@type":"ImageObject","inLanguage":"es","@id":"https:\/\/3-mmckopen.nl\/verzending-en-levering\/#primaryimage","url":"https:\/\/3-mmckopen.nl\/wp-content\/uploads\/2021\/01\/PostNL_Logo_750-150x150.jpg","contentUrl":"https:\/\/3-mmckopen.nl\/wp-content\/uploads\/2021\/01\/PostNL_Logo_750-150x150.jpg"},{"@type":"BreadcrumbList","@id":"https:\/\/3-mmckopen.nl\/verzending-en-levering\/#breadcrumb","itemListElement":[{"@type":"ListItem","position":1,"name":"Home","item":"https:\/\/3-mmckopen.nl\/"},{"@type":"ListItem","position":2,"name":"Verzending en levering"}]},{"@type":"WebSite","@id":"https:\/\/3-mmckopen.nl\/#website","url":"https:\/\/3-mmckopen.nl\/","name":"comprar 3MMC","description":"PARA TODOS LOS QU\u00cdMICOS DEL HOGAR E INVESTIGADORES ENTRE NOSOTROS","publisher":{"@id":"https:\/\/3-mmckopen.nl\/#organization"},"potentialAction":[{"@type":"SearchAction","target":{"@type":"EntryPoint","urlTemplate":"https:\/\/3-mmckopen.nl\/?s={search_term_string}"},"query-input":{"@type":"PropertyValueSpecification","valueRequired":true,"valueName":"search_term_string"}}],"inLanguage":"es"},{"@type":"Organization","@id":"https:\/\/3-mmckopen.nl\/#organization","name":"3mmc kopen","url":"https:\/\/3-mmckopen.nl\/","logo":{"@type":"ImageObject","inLanguage":"es","@id":"https:\/\/3-mmckopen.nl\/#\/schema\/logo\/image\/","url":"https:\/\/3-mmckopen.nl\/wp-content\/uploads\/2024\/03\/3mmckopennl.webp","contentUrl":"https:\/\/3-mmckopen.nl\/wp-content\/uploads\/2024\/03\/3mmckopennl.webp","width":300,"height":118,"caption":"3mmc kopen"},"image":{"@id":"https:\/\/3-mmckopen.nl\/#\/schema\/logo\/image\/"},"sameAs":["https:\/\/www.instagram.com\/dehuisprofessor\/","https:\/\/nl.pinterest.com\/dehuisprofessor\/","https:\/\/www.youtube.com\/channel\/UCsGzCVJiHsWLILEEHDzCNqA"]}]}},"_links":{"self":[{"href":"https:\/\/3-mmckopen.nl\/es\/wp-json\/wp\/v2\/pages\/287","targetHints":{"allow":["GET"]}}],"collection":[{"href":"https:\/\/3-mmckopen.nl\/es\/wp-json\/wp\/v2\/pages"}],"about":[{"href":"https:\/\/3-mmckopen.nl\/es\/wp-json\/wp\/v2\/types\/page"}],"author":[{"embeddable":true,"href":"https:\/\/3-mmckopen.nl\/es\/wp-json\/wp\/v2\/users\/199606847"}],"replies":[{"embeddable":true,"href":"https:\/\/3-mmckopen.nl\/es\/wp-json\/wp\/v2\/comments?post=287"}],"version-history":[{"count":1,"href":"https:\/\/3-mmckopen.nl\/es\/wp-json\/wp\/v2\/pages\/287\/revisions"}],"predecessor-version":[{"id":79036,"href":"https:\/\/3-mmckopen.nl\/es\/wp-json\/wp\/v2\/pages\/287\/revisions\/79036"}],"wp:attachment":[{"href":"https:\/\/3-mmckopen.nl\/es\/wp-json\/wp\/v2\/media?parent=287"}],"curies":[{"name":"wp","href":"https:\/\/api.w.org\/{rel}","templated":true}]}}