{"id":631,"date":"2021-01-14T02:19:08","date_gmt":"2021-01-14T01:19:08","guid":{"rendered":"https:\/\/3-mmckopen.nl\/?page_id=631"},"modified":"2025-12-04T15:32:29","modified_gmt":"2025-12-04T14:32:29","slug":"privacy-policy","status":"publish","type":"page","link":"https:\/\/3-mmckopen.nl\/es\/privacy-policy\/","title":{"rendered":"pol\u00edtica de privacidad"},"content":{"rendered":"<p>app16847.cloudwayssites.com garantiza la privacidad de todos los usuarios de su sitio y la informaci\u00f3n personal que nos proporciona se trata de forma confidencial en todo momento. Solo usamos sus datos para procesar pedidos de la manera m\u00e1s r\u00e1pida y eficiente posible. De lo contrario, solo usamos estos datos con su permiso.<\/p>\r\n\r\n\r\n\r\n<p>app16847.cloudwayssites.com utiliza los datos recopilados para proporcionar a sus clientes los siguientes servicios:<\/p>\r\n\r\n\r\n\r\n<p>Si realiza un pedido o solicita un presupuesto, necesitamos su nombre, direcci\u00f3n de correo electr\u00f3nico, direcci\u00f3n de entrega y detalles de pago para procesar su pedido y mantenerlo informado sobre su progreso. Para que las compras y el proceso de solicitud de cotizaci\u00f3n en app16847.cloudwayssites.com sean lo m\u00e1s atractivos posible, almacenamos con su permiso su informaci\u00f3n personal y los detalles relacionados con su pedido o solicitud de cotizaci\u00f3n y el uso de nuestros servicios. Esto nos permite hacer que el sitio web sea m\u00e1s personal y orientado al cliente. Podemos utilizar su direcci\u00f3n de correo electr\u00f3nico para proporcionarle informaci\u00f3n sobre el desarrollo de nuestro sitio web y sobre nuestras ofertas y promociones especiales. Si no aprecia esto, puede darse de baja a trav\u00e9s de nuestro sitio web. Si realiza un pedido con app16847.cloudwayssites.com, almacenaremos sus datos en un servidor seguro si lo desea. Puede ingresar un nombre de usuario y contrase\u00f1a para no tener que ingresar su nombre y direcci\u00f3n, n\u00famero de tel\u00e9fono, direcci\u00f3n de correo electr\u00f3nico, detalles de entrega y pago con cada nuevo pedido. La informaci\u00f3n sobre el uso de nuestro sitio y los comentarios que recibimos de nuestros visitantes nos ayudan a seguir desarrollando y mejorando nuestro sitio y servicio. Si decide escribir una rese\u00f1a, puede elegir agregar su nombre u otra informaci\u00f3n personal. Tenemos curiosidad por las opiniones de nuestros visitantes, pero nos reservamos el derecho de no publicar contribuciones que no cumplan con las condiciones de nuestro sitio. Si responde a una promoci\u00f3n o concurso, le pedimos su nombre, direcci\u00f3n y direcci\u00f3n de correo electr\u00f3nico. Usamos esta informaci\u00f3n para llevar a cabo la promoci\u00f3n, anunciar el\/los ganador(es) del premio y medir la respuesta a nuestras campa\u00f1as de marketing.<\/p>\r\n\r\n\r\n\r\n<p>app16847.cloudwayssites.com no proporciona ni vende su informaci\u00f3n a terceros<\/p>\r\n\r\n\r\n\r\n<p>app16847.cloudwayssites.com no proporciona ni vende su informaci\u00f3n personal a terceros y solo la pone a disposici\u00f3n de aquellos que est\u00e1n involucrados en el procesamiento de su pedido. Nuestros empleados y terceros contratados por nosotros est\u00e1n obligados a respetar la confidencialidad de sus datos.<\/p>","protected":false},"excerpt":{"rendered":"<p>app16847.cloudwayssites.com waarborgt de privacy van alle gebruikers van haar site en te allen tijde wordt de persoonlijke informatie die u aan ons verschaft vertrouwelijk behandeld. Wij gebruiken uw gegevens alleen om de bestellingen zo snel en effici\u00ebnt mogelijk te laten verlopen. Voor het overige gebruiken wij deze gegevens uitsluitend met uw toestemming. app16847.cloudwayssites.com gebruikt de [&hellip;]<\/p>\n","protected":false},"author":199606847,"featured_media":0,"parent":0,"menu_order":0,"comment_status":"closed","ping_status":"closed","template":"","meta":{"site-sidebar-layout":"default","site-content-layout":"","ast-site-content-layout":"default","site-content-style":"default","site-sidebar-style":"default","ast-global-header-display":"","ast-banner-title-visibility":"","ast-main-header-display":"","ast-hfb-above-header-display":"","ast-hfb-below-header-display":"","ast-hfb-mobile-header-display":"","site-post-title":"","ast-breadcrumbs-content":"","ast-featured-img":"","footer-sml-layout":"","theme-transparent-header-meta":"default","adv-header-id-meta":"","stick-header-meta":"","header-above-stick-meta":"","header-main-stick-meta":"","header-below-stick-meta":"","astra-migrate-meta-layouts":"set","ast-page-background-enabled":"default","ast-page-background-meta":{"desktop":{"background-color":"","background-image":"","background-repeat":"repeat","background-position":"center center","background-size":"auto","background-attachment":"scroll","background-type":"","background-media":"","overlay-type":"","overlay-color":"","overlay-opacity":"","overlay-gradient":""},"tablet":{"background-color":"","background-image":"","background-repeat":"repeat","background-position":"center center","background-size":"auto","background-attachment":"scroll","background-type":"","background-media":"","overlay-type":"","overlay-color":"","overlay-opacity":"","overlay-gradient":""},"mobile":{"background-color":"","background-image":"","background-repeat":"repeat","background-position":"center center","background-size":"auto","background-attachment":"scroll","background-type":"","background-media":"","overlay-type":"","overlay-color":"","overlay-opacity":"","overlay-gradient":""}},"ast-content-background-meta":{"desktop":{"background-color":"var(--ast-global-color-5)","background-image":"","background-repeat":"repeat","background-position":"center center","background-size":"auto","background-attachment":"scroll","background-type":"","background-media":"","overlay-type":"","overlay-color":"","overlay-opacity":"","overlay-gradient":""},"tablet":{"background-color":"var(--ast-global-color-5)","background-image":"","background-repeat":"repeat","background-position":"center center","background-size":"auto","background-attachment":"scroll","background-type":"","background-media":"","overlay-type":"","overlay-color":"","overlay-opacity":"","overlay-gradient":""},"mobile":{"background-color":"var(--ast-global-color-5)","background-image":"","background-repeat":"repeat","background-position":"center center","background-size":"auto","background-attachment":"scroll","background-type":"","background-media":"","overlay-type":"","overlay-color":"","overlay-opacity":"","overlay-gradient":""}},"footnotes":""},"class_list":["post-631","page","type-page","status-publish","hentry"],"yoast_head":"<!-- This site is optimized with the Yoast SEO plugin v27.3 - https:\/\/yoast.com\/product\/yoast-seo-wordpress\/ -->\n<title>Privacy Policy &amp; Veiligheid | 3-mmckopen.nl<\/title>\n<meta name=\"description\" content=\"Jouw privacy is heilig. Lees onze Privacy Policy. Wij versturen altijd Discreet &amp; Anoniem. Veilig winkelen en betalen. Bekijk onze beleid.\" \/>\n<meta name=\"robots\" content=\"index, follow, max-snippet:-1, max-image-preview:large, max-video-preview:-1\" \/>\n<link rel=\"canonical\" href=\"https:\/\/3-mmckopen.nl\/es\/privacy-policy\/\" \/>\n<meta property=\"og:locale\" content=\"es_ES\" \/>\n<meta property=\"og:type\" content=\"article\" \/>\n<meta property=\"og:title\" content=\"Privacy Policy &amp; Veiligheid | 3-mmckopen.nl\" \/>\n<meta property=\"og:description\" content=\"Jouw privacy is heilig. Lees onze Privacy Policy. Wij versturen altijd Discreet &amp; Anoniem. Veilig winkelen en betalen. Bekijk onze beleid.\" \/>\n<meta property=\"og:url\" content=\"https:\/\/3-mmckopen.nl\/es\/privacy-policy\/\" \/>\n<meta property=\"og:site_name\" content=\"3MMC kopen\" \/>\n<meta property=\"article:modified_time\" content=\"2025-12-04T14:32:29+00:00\" \/>\n<meta property=\"og:image\" content=\"https:\/\/3-mmckopen.nl\/wp-content\/uploads\/2024\/03\/3mmckopennl.webp\" \/>\n\t<meta property=\"og:image:width\" content=\"300\" \/>\n\t<meta property=\"og:image:height\" content=\"118\" \/>\n\t<meta property=\"og:image:type\" content=\"image\/webp\" \/>\n<meta name=\"twitter:card\" content=\"summary_large_image\" \/>\n<meta name=\"twitter:label1\" content=\"Tiempo de lectura\" \/>\n\t<meta name=\"twitter:data1\" content=\"2 minutos\" \/>\n<script type=\"application\/ld+json\" class=\"yoast-schema-graph\">{\"@context\":\"https:\\\/\\\/schema.org\",\"@graph\":[{\"@type\":\"WebPage\",\"@id\":\"https:\\\/\\\/3-mmckopen.nl\\\/privacy-policy\\\/\",\"url\":\"https:\\\/\\\/3-mmckopen.nl\\\/privacy-policy\\\/\",\"name\":\"Privacy Policy & Veiligheid | 3-mmckopen.nl\",\"isPartOf\":{\"@id\":\"https:\\\/\\\/3-mmckopen.nl\\\/#website\"},\"datePublished\":\"2021-01-14T01:19:08+00:00\",\"dateModified\":\"2025-12-04T14:32:29+00:00\",\"description\":\"Jouw privacy is heilig. Lees onze Privacy Policy. Wij versturen altijd Discreet & Anoniem. Veilig winkelen en betalen. Bekijk onze beleid.\",\"breadcrumb\":{\"@id\":\"https:\\\/\\\/3-mmckopen.nl\\\/privacy-policy\\\/#breadcrumb\"},\"inLanguage\":\"es\",\"potentialAction\":[{\"@type\":\"ReadAction\",\"target\":[\"https:\\\/\\\/3-mmckopen.nl\\\/privacy-policy\\\/\"]}]},{\"@type\":\"BreadcrumbList\",\"@id\":\"https:\\\/\\\/3-mmckopen.nl\\\/privacy-policy\\\/#breadcrumb\",\"itemListElement\":[{\"@type\":\"ListItem\",\"position\":1,\"name\":\"Home\",\"item\":\"https:\\\/\\\/3-mmckopen.nl\\\/\"},{\"@type\":\"ListItem\",\"position\":2,\"name\":\"Privacy Policy\"}]},{\"@type\":\"WebSite\",\"@id\":\"https:\\\/\\\/3-mmckopen.nl\\\/#website\",\"url\":\"https:\\\/\\\/3-mmckopen.nl\\\/\",\"name\":\"3MMC kopen\",\"description\":\"VOOR ALLE THUIS CHEMISI EN ONDERZOEKERS ONDER ONS\",\"publisher\":{\"@id\":\"https:\\\/\\\/3-mmckopen.nl\\\/#organization\"},\"potentialAction\":[{\"@type\":\"SearchAction\",\"target\":{\"@type\":\"EntryPoint\",\"urlTemplate\":\"https:\\\/\\\/3-mmckopen.nl\\\/?s={search_term_string}\"},\"query-input\":{\"@type\":\"PropertyValueSpecification\",\"valueRequired\":true,\"valueName\":\"search_term_string\"}}],\"inLanguage\":\"es\"},{\"@type\":\"Organization\",\"@id\":\"https:\\\/\\\/3-mmckopen.nl\\\/#organization\",\"name\":\"3mmc kopen\",\"url\":\"https:\\\/\\\/3-mmckopen.nl\\\/\",\"logo\":{\"@type\":\"ImageObject\",\"inLanguage\":\"es\",\"@id\":\"https:\\\/\\\/3-mmckopen.nl\\\/#\\\/schema\\\/logo\\\/image\\\/\",\"url\":\"https:\\\/\\\/3-mmckopen.nl\\\/wp-content\\\/uploads\\\/2024\\\/03\\\/3mmckopennl.webp\",\"contentUrl\":\"https:\\\/\\\/3-mmckopen.nl\\\/wp-content\\\/uploads\\\/2024\\\/03\\\/3mmckopennl.webp\",\"width\":300,\"height\":118,\"caption\":\"3mmc kopen\"},\"image\":{\"@id\":\"https:\\\/\\\/3-mmckopen.nl\\\/#\\\/schema\\\/logo\\\/image\\\/\"},\"sameAs\":[\"https:\\\/\\\/www.instagram.com\\\/dehuisprofessor\\\/\",\"https:\\\/\\\/nl.pinterest.com\\\/dehuisprofessor\\\/\",\"https:\\\/\\\/www.youtube.com\\\/channel\\\/UCsGzCVJiHsWLILEEHDzCNqA\"]}]}<\/script>\n<!-- \/ Yoast SEO plugin. -->","yoast_head_json":{"title":"Privacy Policy & Veiligheid | 3-mmckopen.nl","description":"Jouw privacy is heilig. Lees onze Privacy Policy. Wij versturen altijd Discreet & Anoniem. Veilig winkelen en betalen. Bekijk onze beleid.","robots":{"index":"index","follow":"follow","max-snippet":"max-snippet:-1","max-image-preview":"max-image-preview:large","max-video-preview":"max-video-preview:-1"},"canonical":"https:\/\/3-mmckopen.nl\/es\/privacy-policy\/","og_locale":"es_ES","og_type":"article","og_title":"Privacy Policy & Veiligheid | 3-mmckopen.nl","og_description":"Jouw privacy is heilig. Lees onze Privacy Policy. Wij versturen altijd Discreet & Anoniem. Veilig winkelen en betalen. Bekijk onze beleid.","og_url":"https:\/\/3-mmckopen.nl\/es\/privacy-policy\/","og_site_name":"3MMC kopen","article_modified_time":"2025-12-04T14:32:29+00:00","og_image":[{"width":300,"height":118,"url":"https:\/\/3-mmckopen.nl\/wp-content\/uploads\/2024\/03\/3mmckopennl.webp","type":"image\/webp"}],"twitter_card":"summary_large_image","twitter_misc":{"Tiempo de lectura":"2 minutos"},"schema":{"@context":"https:\/\/schema.org","@graph":[{"@type":"WebPage","@id":"https:\/\/3-mmckopen.nl\/privacy-policy\/","url":"https:\/\/3-mmckopen.nl\/privacy-policy\/","name":"Privacy Policy & Veiligheid | 3-mmckopen.nl","isPartOf":{"@id":"https:\/\/3-mmckopen.nl\/#website"},"datePublished":"2021-01-14T01:19:08+00:00","dateModified":"2025-12-04T14:32:29+00:00","description":"Jouw privacy is heilig. Lees onze Privacy Policy. Wij versturen altijd Discreet & Anoniem. Veilig winkelen en betalen. Bekijk onze beleid.","breadcrumb":{"@id":"https:\/\/3-mmckopen.nl\/privacy-policy\/#breadcrumb"},"inLanguage":"es","potentialAction":[{"@type":"ReadAction","target":["https:\/\/3-mmckopen.nl\/privacy-policy\/"]}]},{"@type":"BreadcrumbList","@id":"https:\/\/3-mmckopen.nl\/privacy-policy\/#breadcrumb","itemListElement":[{"@type":"ListItem","position":1,"name":"Home","item":"https:\/\/3-mmckopen.nl\/"},{"@type":"ListItem","position":2,"name":"Privacy Policy"}]},{"@type":"WebSite","@id":"https:\/\/3-mmckopen.nl\/#website","url":"https:\/\/3-mmckopen.nl\/","name":"comprar 3MMC","description":"PARA TODOS LOS QU\u00cdMICOS DEL HOGAR E INVESTIGADORES ENTRE NOSOTROS","publisher":{"@id":"https:\/\/3-mmckopen.nl\/#organization"},"potentialAction":[{"@type":"SearchAction","target":{"@type":"EntryPoint","urlTemplate":"https:\/\/3-mmckopen.nl\/?s={search_term_string}"},"query-input":{"@type":"PropertyValueSpecification","valueRequired":true,"valueName":"search_term_string"}}],"inLanguage":"es"},{"@type":"Organization","@id":"https:\/\/3-mmckopen.nl\/#organization","name":"3mmc kopen","url":"https:\/\/3-mmckopen.nl\/","logo":{"@type":"ImageObject","inLanguage":"es","@id":"https:\/\/3-mmckopen.nl\/#\/schema\/logo\/image\/","url":"https:\/\/3-mmckopen.nl\/wp-content\/uploads\/2024\/03\/3mmckopennl.webp","contentUrl":"https:\/\/3-mmckopen.nl\/wp-content\/uploads\/2024\/03\/3mmckopennl.webp","width":300,"height":118,"caption":"3mmc kopen"},"image":{"@id":"https:\/\/3-mmckopen.nl\/#\/schema\/logo\/image\/"},"sameAs":["https:\/\/www.instagram.com\/dehuisprofessor\/","https:\/\/nl.pinterest.com\/dehuisprofessor\/","https:\/\/www.youtube.com\/channel\/UCsGzCVJiHsWLILEEHDzCNqA"]}]}},"_links":{"self":[{"href":"https:\/\/3-mmckopen.nl\/es\/wp-json\/wp\/v2\/pages\/631","targetHints":{"allow":["GET"]}}],"collection":[{"href":"https:\/\/3-mmckopen.nl\/es\/wp-json\/wp\/v2\/pages"}],"about":[{"href":"https:\/\/3-mmckopen.nl\/es\/wp-json\/wp\/v2\/types\/page"}],"author":[{"embeddable":true,"href":"https:\/\/3-mmckopen.nl\/es\/wp-json\/wp\/v2\/users\/199606847"}],"replies":[{"embeddable":true,"href":"https:\/\/3-mmckopen.nl\/es\/wp-json\/wp\/v2\/comments?post=631"}],"version-history":[{"count":1,"href":"https:\/\/3-mmckopen.nl\/es\/wp-json\/wp\/v2\/pages\/631\/revisions"}],"predecessor-version":[{"id":79031,"href":"https:\/\/3-mmckopen.nl\/es\/wp-json\/wp\/v2\/pages\/631\/revisions\/79031"}],"wp:attachment":[{"href":"https:\/\/3-mmckopen.nl\/es\/wp-json\/wp\/v2\/media?parent=631"}],"curies":[{"name":"wp","href":"https:\/\/api.w.org\/{rel}","templated":true}]}}