{"id":13050,"date":"2022-01-30T17:52:12","date_gmt":"2022-01-30T16:52:12","guid":{"rendered":"https:\/\/3-mmckopen.nl\/?post_type=product&#038;p=13050"},"modified":"2026-03-01T15:18:02","modified_gmt":"2026-03-01T14:18:02","slug":"royal-c","status":"publish","type":"product","link":"https:\/\/3-mmckopen.nl\/es\/3mmc-kopen\/shop\/smartshop\/smartdrugs\/royal-c\/","title":{"rendered":"real c"},"content":{"rendered":"<h1 class=\"product_title entry-title\"><strong>Comprar Royal C \u2013 15 ml<\/strong><\/h1>\n<p><strong>Operaci\u00f3n:<\/strong><\/p>\n<p>Royal C es un tirador de hierbas. Este extracto de hierbas da una sensaci\u00f3n energ\u00e9tica muy fuerte. La sensaci\u00f3n puede durar unas 4 horas. El tiempo suficiente para volverse loco al salir.<\/p>\n<p><strong>Uso:<\/strong>\u00a0Agitar bien hasta que el contenido se disuelva por completo. Tomar una hora despu\u00e9s de las comidas. Primero, beba la mitad para probar su respuesta. Despu\u00e9s de tomar un vaso de agua.<\/p>\n<p><strong>Descripci\u00f3n:<\/strong><\/p>\n<p>La Royal Line ha sido desarrollada por y para McSmart para llegar a otro nivel de forma natural. \u00a1A trav\u00e9s del desarrollo de esta l\u00ednea, le ofrecemos una experiencia segura, legal y asequible que disfrutar\u00e1! Debido a la forma l\u00edquida, el cuerpo absorbe r\u00e1pidamente las inyecciones y el efecto se siente r\u00e1pidamente. Disfruta de las maravillosas experiencias que te ofrecen los Royals y sorpr\u00e9ndete con las maravillosas propiedades de estas hierbas.<\/p>\n<p><strong>D\u00f3sis recomendada:<\/strong>\u00a05 a 15ml<\/p>\n<p><strong>Dosis:<\/strong><\/p>\n<p><strong>Efecto suave:<\/strong>\u00a0&lt; 5ml<\/p>\n<p><strong>Efecto razonable\/bueno:<\/strong>\u00a0&gt;10 ml<\/p>\n<p>Fuerte\u00a0<strong>Efecto:<\/strong>\u00a0&gt; 10-15ml<\/p>\n<p><strong>Advertencia:<\/strong><\/p>\n<p>Venta y uso no permitido a menores de 18 a\u00f1os. Mantener fuera del alcance de los ni\u00f1os. No lo use si tiene presi\u00f3n arterial alta o baja, problemas card\u00edacos y\/o pulmonares, diabetes, embarazo, si est\u00e1 tomando medicamentos, drogas o alcohol.<\/p>\n<p><strong>Ingredientes:<\/strong><\/p>\n<p>Paulina Cupana<\/p>\n<p>C\u00edtricos Aurantium 6%<\/p>\n<p>dextro<\/p>\n<p>Glicirrizal 25%<\/p>\n<p>Potasio: 375 mg<\/p>\n<p>fenilalanina<\/p>\n<p>aroma<\/p>","protected":false},"excerpt":{"rendered":"<p>Royal C kopen \u2013 15 ml Werking: Royal C is een herbal shooter. Dit kruidenextract geeft een zeer sterk energiek gevoel. Het gevoel kan ongeveer 4 uur duren. Lang genoeg om tijdens het stappen lekker uit je dak te gaan. Gebruik:\u00a0Goed schudden totdat de inhoud volledig opgelost is. Een uur na de maaltijd innemen. Drink [&hellip;]<\/p>\n","protected":false},"featured_media":13108,"comment_status":"closed","ping_status":"closed","template":"","meta":{"site-sidebar-layout":"default","site-content-layout":"default","ast-site-content-layout":"default","site-content-style":"default","site-sidebar-style":"default","ast-global-header-display":"","ast-banner-title-visibility":"","ast-main-header-display":"","ast-hfb-above-header-display":"","ast-hfb-below-header-display":"","ast-hfb-mobile-header-display":"","site-post-title":"","ast-breadcrumbs-content":"","ast-featured-img":"","footer-sml-layout":"","theme-transparent-header-meta":"default","adv-header-id-meta":"","stick-header-meta":"","header-above-stick-meta":"","header-main-stick-meta":"","header-below-stick-meta":"","astra-migrate-meta-layouts":"set","ast-page-background-enabled":"default","ast-page-background-meta":{"desktop":{"background-color":"","background-image":"","background-repeat":"repeat","background-position":"center center","background-size":"auto","background-attachment":"scroll","background-type":"","background-media":"","overlay-type":"","overlay-color":"","overlay-opacity":"","overlay-gradient":""},"tablet":{"background-color":"","background-image":"","background-repeat":"repeat","background-position":"center center","background-size":"auto","background-attachment":"scroll","background-type":"","background-media":"","overlay-type":"","overlay-color":"","overlay-opacity":"","overlay-gradient":""},"mobile":{"background-color":"","background-image":"","background-repeat":"repeat","background-position":"center center","background-size":"auto","background-attachment":"scroll","background-type":"","background-media":"","overlay-type":"","overlay-color":"","overlay-opacity":"","overlay-gradient":""}},"ast-content-background-meta":{"desktop":{"background-color":"var(--ast-global-color-5)","background-image":"","background-repeat":"repeat","background-position":"center center","background-size":"auto","background-attachment":"scroll","background-type":"","background-media":"","overlay-type":"","overlay-color":"","overlay-opacity":"","overlay-gradient":""},"tablet":{"background-color":"var(--ast-global-color-5)","background-image":"","background-repeat":"repeat","background-position":"center center","background-size":"auto","background-attachment":"scroll","background-type":"","background-media":"","overlay-type":"","overlay-color":"","overlay-opacity":"","overlay-gradient":""},"mobile":{"background-color":"var(--ast-global-color-5)","background-image":"","background-repeat":"repeat","background-position":"center center","background-size":"auto","background-attachment":"scroll","background-type":"","background-media":"","overlay-type":"","overlay-color":"","overlay-opacity":"","overlay-gradient":""}}},"product_brand":[],"product_cat":[20319,20309],"product_tag":[20320],"class_list":{"0":"post-13050","1":"product","2":"type-product","3":"status-publish","4":"has-post-thumbnail","6":"product_cat-smartdrugs","7":"product_cat-smartshop","8":"product_tag-party-supplementen","9":"desktop-align-center","10":"tablet-align-center","11":"mobile-align-center","13":"first","14":"instock","15":"shipping-taxable","16":"purchasable","17":"product-type-simple"},"yoast_head":"<!-- This site is optimized with the Yoast SEO plugin v27.4 - https:\/\/yoast.com\/product\/yoast-seo-wordpress\/ -->\n<title>Royal C Kopen? - Op=Op- 3MMC kopen<\/title>\n<meta name=\"description\" content=\"Bij 3MMC kopen kun je gemakkelijk en snel Royal C bestellen en morgen al onderzoeken! Voor 17:00 besteld is vandaag al verzonden. Wees er snel bij.\" \/>\n<meta name=\"robots\" content=\"index, follow, max-snippet:-1, max-image-preview:large, max-video-preview:-1\" \/>\n<link rel=\"canonical\" href=\"https:\/\/3-mmckopen.nl\/es\/3mmc-kopen\/shop\/smartshop\/smartdrugs\/royal-c\/\" \/>\n<meta property=\"og:locale\" content=\"es_ES\" \/>\n<meta property=\"og:type\" content=\"article\" \/>\n<meta property=\"og:title\" content=\"Royal C Kopen? - Op=Op- 3MMC kopen\" \/>\n<meta property=\"og:description\" content=\"Bij 3MMC kopen kun je gemakkelijk en snel Royal C bestellen en morgen al onderzoeken! Voor 17:00 besteld is vandaag al verzonden. Wees er snel bij.\" \/>\n<meta property=\"og:url\" content=\"https:\/\/3-mmckopen.nl\/es\/3mmc-kopen\/shop\/smartshop\/smartdrugs\/royal-c\/\" \/>\n<meta property=\"og:site_name\" content=\"3MMC kopen\" \/>\n<meta property=\"article:modified_time\" content=\"2026-03-01T14:18:02+00:00\" \/>\n<meta property=\"og:image\" content=\"https:\/\/3-mmckopen.nl\/wp-content\/uploads\/2022\/01\/1506.jpg\" \/>\n\t<meta property=\"og:image:width\" content=\"900\" \/>\n\t<meta property=\"og:image:height\" content=\"900\" \/>\n\t<meta property=\"og:image:type\" content=\"image\/jpeg\" \/>\n<meta name=\"twitter:card\" content=\"summary_large_image\" \/>\n<meta name=\"twitter:label1\" content=\"Tiempo de lectura\" \/>\n\t<meta name=\"twitter:data1\" content=\"2 minutos\" \/>\n<script type=\"application\/ld+json\" class=\"yoast-schema-graph\">{\"@context\":\"https:\\\/\\\/schema.org\",\"@graph\":[{\"@type\":\"WebPage\",\"@id\":\"https:\\\/\\\/3-mmckopen.nl\\\/3mmc-kopen\\\/shop\\\/smartshop\\\/smartdrugs\\\/royal-c\\\/\",\"url\":\"https:\\\/\\\/3-mmckopen.nl\\\/3mmc-kopen\\\/shop\\\/smartshop\\\/smartdrugs\\\/royal-c\\\/\",\"name\":\"Royal C Kopen? - Op=Op- 3MMC kopen\",\"isPartOf\":{\"@id\":\"https:\\\/\\\/3-mmckopen.nl\\\/#website\"},\"primaryImageOfPage\":{\"@id\":\"https:\\\/\\\/3-mmckopen.nl\\\/3mmc-kopen\\\/shop\\\/smartshop\\\/smartdrugs\\\/royal-c\\\/#primaryimage\"},\"image\":{\"@id\":\"https:\\\/\\\/3-mmckopen.nl\\\/3mmc-kopen\\\/shop\\\/smartshop\\\/smartdrugs\\\/royal-c\\\/#primaryimage\"},\"thumbnailUrl\":\"https:\\\/\\\/3-mmckopen.nl\\\/wp-content\\\/uploads\\\/2022\\\/01\\\/1506.jpg\",\"datePublished\":\"2022-01-30T16:52:12+00:00\",\"dateModified\":\"2026-03-01T14:18:02+00:00\",\"description\":\"Bij 3MMC kopen kun je gemakkelijk en snel Royal C bestellen en morgen al onderzoeken! Voor 17:00 besteld is vandaag al verzonden. Wees er snel bij.\",\"breadcrumb\":{\"@id\":\"https:\\\/\\\/3-mmckopen.nl\\\/3mmc-kopen\\\/shop\\\/smartshop\\\/smartdrugs\\\/royal-c\\\/#breadcrumb\"},\"inLanguage\":\"es\",\"potentialAction\":[{\"@type\":\"ReadAction\",\"target\":[\"https:\\\/\\\/3-mmckopen.nl\\\/3mmc-kopen\\\/shop\\\/smartshop\\\/smartdrugs\\\/royal-c\\\/\"]}]},{\"@type\":\"ImageObject\",\"inLanguage\":\"es\",\"@id\":\"https:\\\/\\\/3-mmckopen.nl\\\/3mmc-kopen\\\/shop\\\/smartshop\\\/smartdrugs\\\/royal-c\\\/#primaryimage\",\"url\":\"https:\\\/\\\/3-mmckopen.nl\\\/wp-content\\\/uploads\\\/2022\\\/01\\\/1506.jpg\",\"contentUrl\":\"https:\\\/\\\/3-mmckopen.nl\\\/wp-content\\\/uploads\\\/2022\\\/01\\\/1506.jpg\",\"width\":900,\"height\":900},{\"@type\":\"BreadcrumbList\",\"@id\":\"https:\\\/\\\/3-mmckopen.nl\\\/3mmc-kopen\\\/shop\\\/smartshop\\\/smartdrugs\\\/royal-c\\\/#breadcrumb\",\"itemListElement\":[{\"@type\":\"ListItem\",\"position\":1,\"name\":\"Home\",\"item\":\"https:\\\/\\\/3-mmckopen.nl\\\/\"},{\"@type\":\"ListItem\",\"position\":2,\"name\":\"Winkel\",\"item\":\"https:\\\/\\\/3-mmckopen.nl\\\/winkel\\\/\"},{\"@type\":\"ListItem\",\"position\":3,\"name\":\"Royal C\"}]},{\"@type\":\"WebSite\",\"@id\":\"https:\\\/\\\/3-mmckopen.nl\\\/#website\",\"url\":\"https:\\\/\\\/3-mmckopen.nl\\\/\",\"name\":\"3MMC kopen\",\"description\":\"VOOR ALLE THUIS CHEMISI EN ONDERZOEKERS ONDER ONS\",\"publisher\":{\"@id\":\"https:\\\/\\\/3-mmckopen.nl\\\/#organization\"},\"potentialAction\":[{\"@type\":\"SearchAction\",\"target\":{\"@type\":\"EntryPoint\",\"urlTemplate\":\"https:\\\/\\\/3-mmckopen.nl\\\/?s={search_term_string}\"},\"query-input\":{\"@type\":\"PropertyValueSpecification\",\"valueRequired\":true,\"valueName\":\"search_term_string\"}}],\"inLanguage\":\"es\"},{\"@type\":\"Organization\",\"@id\":\"https:\\\/\\\/3-mmckopen.nl\\\/#organization\",\"name\":\"3mmc kopen\",\"url\":\"https:\\\/\\\/3-mmckopen.nl\\\/\",\"logo\":{\"@type\":\"ImageObject\",\"inLanguage\":\"es\",\"@id\":\"https:\\\/\\\/3-mmckopen.nl\\\/#\\\/schema\\\/logo\\\/image\\\/\",\"url\":\"https:\\\/\\\/3-mmckopen.nl\\\/wp-content\\\/uploads\\\/2024\\\/03\\\/3mmckopennl.webp\",\"contentUrl\":\"https:\\\/\\\/3-mmckopen.nl\\\/wp-content\\\/uploads\\\/2024\\\/03\\\/3mmckopennl.webp\",\"width\":300,\"height\":118,\"caption\":\"3mmc kopen\"},\"image\":{\"@id\":\"https:\\\/\\\/3-mmckopen.nl\\\/#\\\/schema\\\/logo\\\/image\\\/\"},\"sameAs\":[\"https:\\\/\\\/www.instagram.com\\\/dehuisprofessor\\\/\",\"https:\\\/\\\/nl.pinterest.com\\\/dehuisprofessor\\\/\",\"https:\\\/\\\/www.youtube.com\\\/channel\\\/UCsGzCVJiHsWLILEEHDzCNqA\"]}]}<\/script>\n<!-- \/ Yoast SEO plugin. -->","yoast_head_json":{"title":"Royal C Kopen? - Op=Op- 3MMC kopen","description":"Bij 3MMC kopen kun je gemakkelijk en snel Royal C bestellen en morgen al onderzoeken! Voor 17:00 besteld is vandaag al verzonden. Wees er snel bij.","robots":{"index":"index","follow":"follow","max-snippet":"max-snippet:-1","max-image-preview":"max-image-preview:large","max-video-preview":"max-video-preview:-1"},"canonical":"https:\/\/3-mmckopen.nl\/es\/3mmc-kopen\/shop\/smartshop\/smartdrugs\/royal-c\/","og_locale":"es_ES","og_type":"article","og_title":"Royal C Kopen? - Op=Op- 3MMC kopen","og_description":"Bij 3MMC kopen kun je gemakkelijk en snel Royal C bestellen en morgen al onderzoeken! Voor 17:00 besteld is vandaag al verzonden. Wees er snel bij.","og_url":"https:\/\/3-mmckopen.nl\/es\/3mmc-kopen\/shop\/smartshop\/smartdrugs\/royal-c\/","og_site_name":"3MMC kopen","article_modified_time":"2026-03-01T14:18:02+00:00","og_image":[{"width":900,"height":900,"url":"https:\/\/3-mmckopen.nl\/wp-content\/uploads\/2022\/01\/1506.jpg","type":"image\/jpeg"}],"twitter_card":"summary_large_image","twitter_misc":{"Tiempo de lectura":"2 minutos"},"schema":{"@context":"https:\/\/schema.org","@graph":[{"@type":"WebPage","@id":"https:\/\/3-mmckopen.nl\/3mmc-kopen\/shop\/smartshop\/smartdrugs\/royal-c\/","url":"https:\/\/3-mmckopen.nl\/3mmc-kopen\/shop\/smartshop\/smartdrugs\/royal-c\/","name":"Royal C Kopen? - Op=Op- 3MMC kopen","isPartOf":{"@id":"https:\/\/3-mmckopen.nl\/#website"},"primaryImageOfPage":{"@id":"https:\/\/3-mmckopen.nl\/3mmc-kopen\/shop\/smartshop\/smartdrugs\/royal-c\/#primaryimage"},"image":{"@id":"https:\/\/3-mmckopen.nl\/3mmc-kopen\/shop\/smartshop\/smartdrugs\/royal-c\/#primaryimage"},"thumbnailUrl":"https:\/\/3-mmckopen.nl\/wp-content\/uploads\/2022\/01\/1506.jpg","datePublished":"2022-01-30T16:52:12+00:00","dateModified":"2026-03-01T14:18:02+00:00","description":"Bij 3MMC kopen kun je gemakkelijk en snel Royal C bestellen en morgen al onderzoeken! Voor 17:00 besteld is vandaag al verzonden. Wees er snel bij.","breadcrumb":{"@id":"https:\/\/3-mmckopen.nl\/3mmc-kopen\/shop\/smartshop\/smartdrugs\/royal-c\/#breadcrumb"},"inLanguage":"es","potentialAction":[{"@type":"ReadAction","target":["https:\/\/3-mmckopen.nl\/3mmc-kopen\/shop\/smartshop\/smartdrugs\/royal-c\/"]}]},{"@type":"ImageObject","inLanguage":"es","@id":"https:\/\/3-mmckopen.nl\/3mmc-kopen\/shop\/smartshop\/smartdrugs\/royal-c\/#primaryimage","url":"https:\/\/3-mmckopen.nl\/wp-content\/uploads\/2022\/01\/1506.jpg","contentUrl":"https:\/\/3-mmckopen.nl\/wp-content\/uploads\/2022\/01\/1506.jpg","width":900,"height":900},{"@type":"BreadcrumbList","@id":"https:\/\/3-mmckopen.nl\/3mmc-kopen\/shop\/smartshop\/smartdrugs\/royal-c\/#breadcrumb","itemListElement":[{"@type":"ListItem","position":1,"name":"Home","item":"https:\/\/3-mmckopen.nl\/"},{"@type":"ListItem","position":2,"name":"Winkel","item":"https:\/\/3-mmckopen.nl\/winkel\/"},{"@type":"ListItem","position":3,"name":"Royal C"}]},{"@type":"WebSite","@id":"https:\/\/3-mmckopen.nl\/#website","url":"https:\/\/3-mmckopen.nl\/","name":"comprar 3MMC","description":"PARA TODOS LOS QU\u00cdMICOS DEL HOGAR E INVESTIGADORES ENTRE NOSOTROS","publisher":{"@id":"https:\/\/3-mmckopen.nl\/#organization"},"potentialAction":[{"@type":"SearchAction","target":{"@type":"EntryPoint","urlTemplate":"https:\/\/3-mmckopen.nl\/?s={search_term_string}"},"query-input":{"@type":"PropertyValueSpecification","valueRequired":true,"valueName":"search_term_string"}}],"inLanguage":"es"},{"@type":"Organization","@id":"https:\/\/3-mmckopen.nl\/#organization","name":"3mmc kopen","url":"https:\/\/3-mmckopen.nl\/","logo":{"@type":"ImageObject","inLanguage":"es","@id":"https:\/\/3-mmckopen.nl\/#\/schema\/logo\/image\/","url":"https:\/\/3-mmckopen.nl\/wp-content\/uploads\/2024\/03\/3mmckopennl.webp","contentUrl":"https:\/\/3-mmckopen.nl\/wp-content\/uploads\/2024\/03\/3mmckopennl.webp","width":300,"height":118,"caption":"3mmc kopen"},"image":{"@id":"https:\/\/3-mmckopen.nl\/#\/schema\/logo\/image\/"},"sameAs":["https:\/\/www.instagram.com\/dehuisprofessor\/","https:\/\/nl.pinterest.com\/dehuisprofessor\/","https:\/\/www.youtube.com\/channel\/UCsGzCVJiHsWLILEEHDzCNqA"]}]}},"_links":{"self":[{"href":"https:\/\/3-mmckopen.nl\/es\/wp-json\/wp\/v2\/product\/13050","targetHints":{"allow":["GET"]}}],"collection":[{"href":"https:\/\/3-mmckopen.nl\/es\/wp-json\/wp\/v2\/product"}],"about":[{"href":"https:\/\/3-mmckopen.nl\/es\/wp-json\/wp\/v2\/types\/product"}],"replies":[{"embeddable":true,"href":"https:\/\/3-mmckopen.nl\/es\/wp-json\/wp\/v2\/comments?post=13050"}],"version-history":[{"count":1,"href":"https:\/\/3-mmckopen.nl\/es\/wp-json\/wp\/v2\/product\/13050\/revisions"}],"predecessor-version":[{"id":72793,"href":"https:\/\/3-mmckopen.nl\/es\/wp-json\/wp\/v2\/product\/13050\/revisions\/72793"}],"wp:featuredmedia":[{"embeddable":true,"href":"https:\/\/3-mmckopen.nl\/es\/wp-json\/wp\/v2\/media\/13108"}],"wp:attachment":[{"href":"https:\/\/3-mmckopen.nl\/es\/wp-json\/wp\/v2\/media?parent=13050"}],"wp:term":[{"taxonomy":"product_brand","embeddable":true,"href":"https:\/\/3-mmckopen.nl\/es\/wp-json\/wp\/v2\/product_brand?post=13050"},{"taxonomy":"product_cat","embeddable":true,"href":"https:\/\/3-mmckopen.nl\/es\/wp-json\/wp\/v2\/product_cat?post=13050"},{"taxonomy":"product_tag","embeddable":true,"href":"https:\/\/3-mmckopen.nl\/es\/wp-json\/wp\/v2\/product_tag?post=13050"}],"curies":[{"name":"wp","href":"https:\/\/api.w.org\/{rel}","templated":true}]}}