{"id":13320,"date":"2022-02-08T22:49:08","date_gmt":"2022-02-08T21:49:08","guid":{"rendered":"https:\/\/3-mmckopen.nl\/?post_type=product&#038;p=13320"},"modified":"2025-07-21T13:35:41","modified_gmt":"2025-07-21T11:35:41","slug":"mckennaii-growkit-1200-cc","status":"publish","type":"product","link":"https:\/\/3-mmckopen.nl\/es\/3mmc-kopen\/shop\/smartshop\/truffels\/mckennaii-growkit-1200-cc\/","title":{"rendered":"Kit de cultivo McKennaii - 1200 cc"},"content":{"rendered":"<h1 class=\"product_title entry-title\"><strong>Kit de cultivo de hongos McKennaii - 1200 cc<\/strong><\/h1>\n<p>&nbsp;<\/p>\n<p><strong>Guardar consejos:<\/strong>\u00a0Entre 2 y 4 grados.<\/p>\n<p><strong>Amable:<\/strong>\u00a0Psilocyne Mckennaii<\/p>\n<p><strong>Nordeste<\/strong><strong>Contenido del mismo:<\/strong>\u00a01200cc<\/p>\n<p><strong>Rendimiento medio:<\/strong>\u00a0aproximadamente 400gr<\/p>\n<p><strong>Descripci\u00f3n:<\/strong><\/p>\n<p>El McKennaii es un hongo fuerte que te abrir\u00e1 puertas visualmente. D\u00e9jate llevar por una colorida y alegre monta\u00f1a rusa con el hongo McKennaii. Cultiva tus propias Setas M\u00e1gicas y disfruta de una experiencia inolvidable. \u00a1No hay viaje m\u00e1s fuerte que los GrowKits!<\/p>\n<p><strong>Informaci\u00f3n general:<\/strong><\/p>\n<p>El GrowKit todo en uno contiene todo lo que necesitas para cultivar tus propios hongos m\u00e1gicos. De esta manera, podr\u00e1s cultivar t\u00fa mismo la calidad antigua y confiable de los hongos m\u00e1gicos Mcsmart.<\/p>\n<p>Simplemente agrega agua y sigue las instrucciones. Adem\u00e1s del GrowKit, el GrowKit todo en uno contiene una bolsa de crecimiento con filtros de aire y 2 clips.<\/p>\n<p>En promedio, son posibles tres vuelos por GrowKit. El primer vuelo suele producir el mayor rendimiento. Para la 1200 cc ser\u00e1n aproximadamente 400 gramos.<\/p>\n<p>El GrowKit tiene una vida \u00fatil de aproximadamente 6 meses cuando se refrigera. El GrowKit tiene una vida \u00fatil limitada fuera del frigor\u00edfico.<\/p>\n<p><em>\u00a1Disfruta cultivando tus propios Hongos M\u00e1gicos!<\/em><\/p>\n<h3><strong>Instrucciones del kit de cultivo:<\/strong><\/h3>\n<p><strong>Paso 1<\/strong><\/p>\n<p>L\u00e1vate bien las manos y limpia el exterior del kit de cultivo con un pa\u00f1o seco. Retire la tapa y gu\u00e1rdela para el paso 2.<\/p>\n<p><strong>Paso 2<\/strong><\/p>\n<p>Llene el kit de cultivo hasta el borde con agua tibia (20 \u00b0C), vuelva a tapar el kit de cultivo y d\u00e9jelo en remojo durante 5 minutos.<\/p>\n<p>Importante: nunca dejes el kit de cultivo en remojo durante m\u00e1s de 1 hora.<\/p>\n<p><strong>Paso 3<\/strong><\/p>\n<p>Retira la tapa del kit de cultivo y escurre bien el agua. Deja escurrir el kit de cultivo durante 10 segundos.<\/p>\n<p><strong>Etapa 4<\/strong><\/p>\n<p>Coloca el kit de cultivo en la bolsa de cultivo y ll\u00e9nala con una taza, de 200 a 250 ml, de agua tibia (20\u00b0C). Luego dobla la parte superior de la bolsa y ci\u00e9rrala con los 2 clips.<\/p>\n<p><strong>Paso 5<\/strong><\/p>\n<p>Coloque el kit de cultivo en una habitaci\u00f3n a una temperatura entre 20 y 25 grados. Aseg\u00farate de eso; el kit de cultivo no est\u00e9 expuesto a la luz solar directa, ni debajo de una l\u00e1mpara ni cerca de un calentador\/fuente de calor. Importante: La bolsa debe permanecer cerrada hasta que se formen las cabezas de los alfileres. En esta etapa el contenido de CO2 y la humedad deben ser lo m\u00e1s altos posible.<\/p>\n<p><strong>Paso 6<\/strong><\/p>\n<p>Cuando aparezcan las primeras cabezas de alfiler*, deja que la bolsa de cultivo se ventile durante unos minutos todos los d\u00edas y luego humedece el kit de cultivo con un spray para plantas.<\/p>\n<p>*Las cabezas de alfiler son las primeras formaciones visibles de los hongos. Pueden pasar de 10 a 20 d\u00edas antes de que las primeras cabezas de alfiler sean visibles.<\/p>\n<p><strong>Paso<\/strong>\u00a0<strong>7<\/strong><\/p>\n<p>Los hongos se pueden cosechar justo antes de que las membranas debajo del sombrero comiencen a aflojarse. Al cosechar, agarre suavemente el tallo y g\u00edrelo hacia la izquierda o hacia la derecha. Cuando el hongo se suelte, s\u00e1quelo lo m\u00e1s completamente posible.<\/p>\n<p>Importante: hay que quitar el hongo por completo para que quede espacio para uno nuevo.<\/p>\n<p><strong>Paso 8<\/strong><\/p>\n<p>Felicitaciones, la cosecha est\u00e1 completa. Ahora es posible crear una nueva cosecha volviendo a realizar los pasos 4 a 7.<\/p>\n<p><strong>Operaci\u00f3n:<\/strong><\/p>\n<p>Las setas m\u00e1gicas contienen el principio activo psilocibina. La psilocibina se convierte en el cuerpo en psilocina, una sustancia con efectos alucin\u00f3genos. Esta sustancia tiene un efecto sobre el metabolismo de la serotonina en el cerebro. La serotonina es una sustancia en el cerebro que recibe se\u00f1ales relacionadas con la confianza en uno mismo, el sue\u00f1o, las emociones, la actividad sexual y el apetito. La psilocina ejerce una influencia &quot;m\u00e1gica&quot; sobre este equilibrio de serotonina. Esto crea el conocido viaje alucin\u00f3geno.<\/p>\n<p><strong>N\u00d3TESE BIEN:<\/strong><\/p>\n<p>Los hongos m\u00e1gicos tambi\u00e9n contienen naturalmente las sustancias psilocibina y psilocina. La psilocibina y la psilocina son alucin\u00f3genos. Los alucin\u00f3genos son sustancias que alteran la conciencia y pueden provocar alucinaciones. \u00a1Al consumir hongos, tenga en cuenta el efecto de estas sustancias y mantenga siempre las especies de hongos fuera del alcance de los ni\u00f1os debido a estas sustancias!<\/p>","protected":false},"excerpt":{"rendered":"<p>McKennaii Mushroom Growkit \u2013 1200 cc &nbsp; Bewaar advies:\u00a0Tussen de 2 en 4 graden. Soort:\u00a0Psilocyne Mckennaii Netto Inhoud:\u00a01200cc Gemiddelde opbrengst:\u00a0ong. 400gr Omschrijving: De McKennaii is een sterke paddo die visueel deuren voor je zal openen. Laat jezelf meevoeren in een kleurige en vrolijke achtbaan met de McKennaii paddo. Laat je eigen Magic Mushrooms groeien en [&hellip;]<\/p>\n","protected":false},"featured_media":13321,"comment_status":"closed","ping_status":"closed","template":"","meta":{"site-sidebar-layout":"default","site-content-layout":"default","ast-site-content-layout":"default","site-content-style":"default","site-sidebar-style":"default","ast-global-header-display":"","ast-banner-title-visibility":"","ast-main-header-display":"","ast-hfb-above-header-display":"","ast-hfb-below-header-display":"","ast-hfb-mobile-header-display":"","site-post-title":"","ast-breadcrumbs-content":"","ast-featured-img":"","footer-sml-layout":"","theme-transparent-header-meta":"default","adv-header-id-meta":"","stick-header-meta":"","header-above-stick-meta":"","header-main-stick-meta":"","header-below-stick-meta":"","astra-migrate-meta-layouts":"default","ast-page-background-enabled":"default","ast-page-background-meta":{"desktop":{"background-color":"","background-image":"","background-repeat":"repeat","background-position":"center center","background-size":"auto","background-attachment":"scroll","background-type":"","background-media":"","overlay-type":"","overlay-color":"","overlay-opacity":"","overlay-gradient":""},"tablet":{"background-color":"","background-image":"","background-repeat":"repeat","background-position":"center center","background-size":"auto","background-attachment":"scroll","background-type":"","background-media":"","overlay-type":"","overlay-color":"","overlay-opacity":"","overlay-gradient":""},"mobile":{"background-color":"","background-image":"","background-repeat":"repeat","background-position":"center center","background-size":"auto","background-attachment":"scroll","background-type":"","background-media":"","overlay-type":"","overlay-color":"","overlay-opacity":"","overlay-gradient":""}},"ast-content-background-meta":{"desktop":{"background-color":"var(--ast-global-color-5)","background-image":"","background-repeat":"repeat","background-position":"center center","background-size":"auto","background-attachment":"scroll","background-type":"","background-media":"","overlay-type":"","overlay-color":"","overlay-opacity":"","overlay-gradient":""},"tablet":{"background-color":"var(--ast-global-color-5)","background-image":"","background-repeat":"repeat","background-position":"center center","background-size":"auto","background-attachment":"scroll","background-type":"","background-media":"","overlay-type":"","overlay-color":"","overlay-opacity":"","overlay-gradient":""},"mobile":{"background-color":"var(--ast-global-color-5)","background-image":"","background-repeat":"repeat","background-position":"center center","background-size":"auto","background-attachment":"scroll","background-type":"","background-media":"","overlay-type":"","overlay-color":"","overlay-opacity":"","overlay-gradient":""}}},"product_brand":[],"product_cat":[20317,20309],"product_tag":[],"class_list":{"0":"post-13320","1":"product","2":"type-product","3":"status-publish","4":"has-post-thumbnail","6":"product_cat-truffels","7":"product_cat-smartshop","8":"desktop-align-center","9":"tablet-align-center","10":"mobile-align-center","12":"first","13":"outofstock","14":"sale","15":"shipping-taxable","16":"purchasable","17":"product-type-simple"},"yoast_head":"<!-- This site is optimized with the Yoast SEO plugin v27.4 - https:\/\/yoast.com\/product\/yoast-seo-wordpress\/ -->\n<title>McKennaii Growkit \u2013 1200 cc Kopen? - Op=Op- 3MMC kopen<\/title>\n<meta name=\"description\" content=\"Bij 3MMC kopen kun je gemakkelijk en snel McKennaii Growkit \u2013 1200 cc bestellen en morgen al onderzoeken! Voor 17:00 besteld is vandaag al verzonden. Wees er snel bij.\" \/>\n<meta name=\"robots\" content=\"index, follow, max-snippet:-1, max-image-preview:large, max-video-preview:-1\" \/>\n<link rel=\"canonical\" href=\"https:\/\/3-mmckopen.nl\/es\/3mmc-kopen\/shop\/smartshop\/truffels\/mckennaii-growkit-1200-cc\/\" \/>\n<meta property=\"og:locale\" content=\"es_ES\" \/>\n<meta property=\"og:type\" content=\"article\" \/>\n<meta property=\"og:title\" content=\"McKennaii Growkit \u2013 1200 cc Kopen? - Op=Op- 3MMC kopen\" \/>\n<meta property=\"og:description\" content=\"Bij 3MMC kopen kun je gemakkelijk en snel McKennaii Growkit \u2013 1200 cc bestellen en morgen al onderzoeken! Voor 17:00 besteld is vandaag al verzonden. Wees er snel bij.\" \/>\n<meta property=\"og:url\" content=\"https:\/\/3-mmckopen.nl\/es\/3mmc-kopen\/shop\/smartshop\/truffels\/mckennaii-growkit-1200-cc\/\" \/>\n<meta property=\"og:site_name\" content=\"3MMC kopen\" \/>\n<meta property=\"article:modified_time\" content=\"2025-07-21T11:35:41+00:00\" \/>\n<meta property=\"og:image\" content=\"https:\/\/3-mmckopen.nl\/wp-content\/uploads\/2022\/02\/McKennaii1200cc-600x600-1.jpg\" \/>\n\t<meta property=\"og:image:width\" content=\"600\" \/>\n\t<meta property=\"og:image:height\" content=\"600\" \/>\n\t<meta property=\"og:image:type\" content=\"image\/jpeg\" \/>\n<meta name=\"twitter:card\" content=\"summary_large_image\" \/>\n<meta name=\"twitter:label1\" content=\"Tiempo de lectura\" \/>\n\t<meta name=\"twitter:data1\" content=\"3 minutos\" \/>\n<script type=\"application\/ld+json\" class=\"yoast-schema-graph\">{\"@context\":\"https:\\\/\\\/schema.org\",\"@graph\":[{\"@type\":\"WebPage\",\"@id\":\"https:\\\/\\\/3-mmckopen.nl\\\/en\\\/3mmc-kopen\\\/shop\\\/smartshop\\\/truffels\\\/mckennaii-growkit-1200-cc\\\/\",\"url\":\"https:\\\/\\\/3-mmckopen.nl\\\/en\\\/3mmc-kopen\\\/shop\\\/smartshop\\\/truffels\\\/mckennaii-growkit-1200-cc\\\/\",\"name\":\"McKennaii Growkit \u2013 1200 cc Kopen? - Op=Op- 3MMC kopen\",\"isPartOf\":{\"@id\":\"https:\\\/\\\/3-mmckopen.nl\\\/#website\"},\"primaryImageOfPage\":{\"@id\":\"https:\\\/\\\/3-mmckopen.nl\\\/en\\\/3mmc-kopen\\\/shop\\\/smartshop\\\/truffels\\\/mckennaii-growkit-1200-cc\\\/#primaryimage\"},\"image\":{\"@id\":\"https:\\\/\\\/3-mmckopen.nl\\\/en\\\/3mmc-kopen\\\/shop\\\/smartshop\\\/truffels\\\/mckennaii-growkit-1200-cc\\\/#primaryimage\"},\"thumbnailUrl\":\"https:\\\/\\\/3-mmckopen.nl\\\/wp-content\\\/uploads\\\/2022\\\/02\\\/McKennaii1200cc-600x600-1.jpg\",\"datePublished\":\"2022-02-08T21:49:08+00:00\",\"dateModified\":\"2025-07-21T11:35:41+00:00\",\"description\":\"Bij 3MMC kopen kun je gemakkelijk en snel McKennaii Growkit \u2013 1200 cc bestellen en morgen al onderzoeken! Voor 17:00 besteld is vandaag al verzonden. Wees er snel bij.\",\"breadcrumb\":{\"@id\":\"https:\\\/\\\/3-mmckopen.nl\\\/en\\\/3mmc-kopen\\\/shop\\\/smartshop\\\/truffels\\\/mckennaii-growkit-1200-cc\\\/#breadcrumb\"},\"inLanguage\":\"es\",\"potentialAction\":[{\"@type\":\"ReadAction\",\"target\":[\"https:\\\/\\\/3-mmckopen.nl\\\/en\\\/3mmc-kopen\\\/shop\\\/smartshop\\\/truffels\\\/mckennaii-growkit-1200-cc\\\/\"]}]},{\"@type\":\"ImageObject\",\"inLanguage\":\"es\",\"@id\":\"https:\\\/\\\/3-mmckopen.nl\\\/en\\\/3mmc-kopen\\\/shop\\\/smartshop\\\/truffels\\\/mckennaii-growkit-1200-cc\\\/#primaryimage\",\"url\":\"https:\\\/\\\/3-mmckopen.nl\\\/wp-content\\\/uploads\\\/2022\\\/02\\\/McKennaii1200cc-600x600-1.jpg\",\"contentUrl\":\"https:\\\/\\\/3-mmckopen.nl\\\/wp-content\\\/uploads\\\/2022\\\/02\\\/McKennaii1200cc-600x600-1.jpg\",\"width\":600,\"height\":600},{\"@type\":\"BreadcrumbList\",\"@id\":\"https:\\\/\\\/3-mmckopen.nl\\\/en\\\/3mmc-kopen\\\/shop\\\/smartshop\\\/truffels\\\/mckennaii-growkit-1200-cc\\\/#breadcrumb\",\"itemListElement\":[{\"@type\":\"ListItem\",\"position\":1,\"name\":\"Home\",\"item\":\"https:\\\/\\\/3-mmckopen.nl\\\/\"},{\"@type\":\"ListItem\",\"position\":2,\"name\":\"Winkel\",\"item\":\"https:\\\/\\\/3-mmckopen.nl\\\/winkel\\\/\"},{\"@type\":\"ListItem\",\"position\":3,\"name\":\"McKennaii Growkit \u2013 1200 cc\"}]},{\"@type\":\"WebSite\",\"@id\":\"https:\\\/\\\/3-mmckopen.nl\\\/#website\",\"url\":\"https:\\\/\\\/3-mmckopen.nl\\\/\",\"name\":\"3MMC kopen\",\"description\":\"VOOR ALLE THUIS CHEMISI EN ONDERZOEKERS ONDER ONS\",\"publisher\":{\"@id\":\"https:\\\/\\\/3-mmckopen.nl\\\/#organization\"},\"potentialAction\":[{\"@type\":\"SearchAction\",\"target\":{\"@type\":\"EntryPoint\",\"urlTemplate\":\"https:\\\/\\\/3-mmckopen.nl\\\/?s={search_term_string}\"},\"query-input\":{\"@type\":\"PropertyValueSpecification\",\"valueRequired\":true,\"valueName\":\"search_term_string\"}}],\"inLanguage\":\"es\"},{\"@type\":\"Organization\",\"@id\":\"https:\\\/\\\/3-mmckopen.nl\\\/#organization\",\"name\":\"3mmc kopen\",\"url\":\"https:\\\/\\\/3-mmckopen.nl\\\/\",\"logo\":{\"@type\":\"ImageObject\",\"inLanguage\":\"es\",\"@id\":\"https:\\\/\\\/3-mmckopen.nl\\\/#\\\/schema\\\/logo\\\/image\\\/\",\"url\":\"https:\\\/\\\/3-mmckopen.nl\\\/wp-content\\\/uploads\\\/2024\\\/03\\\/3mmckopennl.webp\",\"contentUrl\":\"https:\\\/\\\/3-mmckopen.nl\\\/wp-content\\\/uploads\\\/2024\\\/03\\\/3mmckopennl.webp\",\"width\":300,\"height\":118,\"caption\":\"3mmc kopen\"},\"image\":{\"@id\":\"https:\\\/\\\/3-mmckopen.nl\\\/#\\\/schema\\\/logo\\\/image\\\/\"},\"sameAs\":[\"https:\\\/\\\/www.instagram.com\\\/dehuisprofessor\\\/\",\"https:\\\/\\\/nl.pinterest.com\\\/dehuisprofessor\\\/\",\"https:\\\/\\\/www.youtube.com\\\/channel\\\/UCsGzCVJiHsWLILEEHDzCNqA\"]}]}<\/script>\n<!-- \/ Yoast SEO plugin. -->","yoast_head_json":{"title":"McKennaii Growkit \u2013 1200 cc Kopen? - Op=Op- 3MMC kopen","description":"Bij 3MMC kopen kun je gemakkelijk en snel McKennaii Growkit \u2013 1200 cc bestellen en morgen al onderzoeken! Voor 17:00 besteld is vandaag al verzonden. Wees er snel bij.","robots":{"index":"index","follow":"follow","max-snippet":"max-snippet:-1","max-image-preview":"max-image-preview:large","max-video-preview":"max-video-preview:-1"},"canonical":"https:\/\/3-mmckopen.nl\/es\/3mmc-kopen\/shop\/smartshop\/truffels\/mckennaii-growkit-1200-cc\/","og_locale":"es_ES","og_type":"article","og_title":"McKennaii Growkit \u2013 1200 cc Kopen? - Op=Op- 3MMC kopen","og_description":"Bij 3MMC kopen kun je gemakkelijk en snel McKennaii Growkit \u2013 1200 cc bestellen en morgen al onderzoeken! Voor 17:00 besteld is vandaag al verzonden. Wees er snel bij.","og_url":"https:\/\/3-mmckopen.nl\/es\/3mmc-kopen\/shop\/smartshop\/truffels\/mckennaii-growkit-1200-cc\/","og_site_name":"3MMC kopen","article_modified_time":"2025-07-21T11:35:41+00:00","og_image":[{"width":600,"height":600,"url":"https:\/\/3-mmckopen.nl\/wp-content\/uploads\/2022\/02\/McKennaii1200cc-600x600-1.jpg","type":"image\/jpeg"}],"twitter_card":"summary_large_image","twitter_misc":{"Tiempo de lectura":"3 minutos"},"schema":{"@context":"https:\/\/schema.org","@graph":[{"@type":"WebPage","@id":"https:\/\/3-mmckopen.nl\/en\/3mmc-kopen\/shop\/smartshop\/truffels\/mckennaii-growkit-1200-cc\/","url":"https:\/\/3-mmckopen.nl\/en\/3mmc-kopen\/shop\/smartshop\/truffels\/mckennaii-growkit-1200-cc\/","name":"McKennaii Growkit \u2013 1200 cc Kopen? - Op=Op- 3MMC kopen","isPartOf":{"@id":"https:\/\/3-mmckopen.nl\/#website"},"primaryImageOfPage":{"@id":"https:\/\/3-mmckopen.nl\/en\/3mmc-kopen\/shop\/smartshop\/truffels\/mckennaii-growkit-1200-cc\/#primaryimage"},"image":{"@id":"https:\/\/3-mmckopen.nl\/en\/3mmc-kopen\/shop\/smartshop\/truffels\/mckennaii-growkit-1200-cc\/#primaryimage"},"thumbnailUrl":"https:\/\/3-mmckopen.nl\/wp-content\/uploads\/2022\/02\/McKennaii1200cc-600x600-1.jpg","datePublished":"2022-02-08T21:49:08+00:00","dateModified":"2025-07-21T11:35:41+00:00","description":"Bij 3MMC kopen kun je gemakkelijk en snel McKennaii Growkit \u2013 1200 cc bestellen en morgen al onderzoeken! Voor 17:00 besteld is vandaag al verzonden. Wees er snel bij.","breadcrumb":{"@id":"https:\/\/3-mmckopen.nl\/en\/3mmc-kopen\/shop\/smartshop\/truffels\/mckennaii-growkit-1200-cc\/#breadcrumb"},"inLanguage":"es","potentialAction":[{"@type":"ReadAction","target":["https:\/\/3-mmckopen.nl\/en\/3mmc-kopen\/shop\/smartshop\/truffels\/mckennaii-growkit-1200-cc\/"]}]},{"@type":"ImageObject","inLanguage":"es","@id":"https:\/\/3-mmckopen.nl\/en\/3mmc-kopen\/shop\/smartshop\/truffels\/mckennaii-growkit-1200-cc\/#primaryimage","url":"https:\/\/3-mmckopen.nl\/wp-content\/uploads\/2022\/02\/McKennaii1200cc-600x600-1.jpg","contentUrl":"https:\/\/3-mmckopen.nl\/wp-content\/uploads\/2022\/02\/McKennaii1200cc-600x600-1.jpg","width":600,"height":600},{"@type":"BreadcrumbList","@id":"https:\/\/3-mmckopen.nl\/en\/3mmc-kopen\/shop\/smartshop\/truffels\/mckennaii-growkit-1200-cc\/#breadcrumb","itemListElement":[{"@type":"ListItem","position":1,"name":"Home","item":"https:\/\/3-mmckopen.nl\/"},{"@type":"ListItem","position":2,"name":"Winkel","item":"https:\/\/3-mmckopen.nl\/winkel\/"},{"@type":"ListItem","position":3,"name":"McKennaii Growkit \u2013 1200 cc"}]},{"@type":"WebSite","@id":"https:\/\/3-mmckopen.nl\/#website","url":"https:\/\/3-mmckopen.nl\/","name":"comprar 3MMC","description":"PARA TODOS LOS QU\u00cdMICOS DEL HOGAR E INVESTIGADORES ENTRE NOSOTROS","publisher":{"@id":"https:\/\/3-mmckopen.nl\/#organization"},"potentialAction":[{"@type":"SearchAction","target":{"@type":"EntryPoint","urlTemplate":"https:\/\/3-mmckopen.nl\/?s={search_term_string}"},"query-input":{"@type":"PropertyValueSpecification","valueRequired":true,"valueName":"search_term_string"}}],"inLanguage":"es"},{"@type":"Organization","@id":"https:\/\/3-mmckopen.nl\/#organization","name":"3mmc kopen","url":"https:\/\/3-mmckopen.nl\/","logo":{"@type":"ImageObject","inLanguage":"es","@id":"https:\/\/3-mmckopen.nl\/#\/schema\/logo\/image\/","url":"https:\/\/3-mmckopen.nl\/wp-content\/uploads\/2024\/03\/3mmckopennl.webp","contentUrl":"https:\/\/3-mmckopen.nl\/wp-content\/uploads\/2024\/03\/3mmckopennl.webp","width":300,"height":118,"caption":"3mmc kopen"},"image":{"@id":"https:\/\/3-mmckopen.nl\/#\/schema\/logo\/image\/"},"sameAs":["https:\/\/www.instagram.com\/dehuisprofessor\/","https:\/\/nl.pinterest.com\/dehuisprofessor\/","https:\/\/www.youtube.com\/channel\/UCsGzCVJiHsWLILEEHDzCNqA"]}]}},"_links":{"self":[{"href":"https:\/\/3-mmckopen.nl\/es\/wp-json\/wp\/v2\/product\/13320","targetHints":{"allow":["GET"]}}],"collection":[{"href":"https:\/\/3-mmckopen.nl\/es\/wp-json\/wp\/v2\/product"}],"about":[{"href":"https:\/\/3-mmckopen.nl\/es\/wp-json\/wp\/v2\/types\/product"}],"replies":[{"embeddable":true,"href":"https:\/\/3-mmckopen.nl\/es\/wp-json\/wp\/v2\/comments?post=13320"}],"version-history":[{"count":0,"href":"https:\/\/3-mmckopen.nl\/es\/wp-json\/wp\/v2\/product\/13320\/revisions"}],"wp:featuredmedia":[{"embeddable":true,"href":"https:\/\/3-mmckopen.nl\/es\/wp-json\/wp\/v2\/media\/13321"}],"wp:attachment":[{"href":"https:\/\/3-mmckopen.nl\/es\/wp-json\/wp\/v2\/media?parent=13320"}],"wp:term":[{"taxonomy":"product_brand","embeddable":true,"href":"https:\/\/3-mmckopen.nl\/es\/wp-json\/wp\/v2\/product_brand?post=13320"},{"taxonomy":"product_cat","embeddable":true,"href":"https:\/\/3-mmckopen.nl\/es\/wp-json\/wp\/v2\/product_cat?post=13320"},{"taxonomy":"product_tag","embeddable":true,"href":"https:\/\/3-mmckopen.nl\/es\/wp-json\/wp\/v2\/product_tag?post=13320"}],"curies":[{"name":"wp","href":"https:\/\/api.w.org\/{rel}","templated":true}]}}