{"id":14039,"date":"2022-03-18T22:27:20","date_gmt":"2022-03-18T21:27:20","guid":{"rendered":"https:\/\/3-mmckopen.nl\/?post_type=product&#038;p=14039"},"modified":"2025-08-29T16:57:30","modified_gmt":"2025-08-29T14:57:30","slug":"green-borneo-kratom","status":"publish","type":"product","link":"https:\/\/3-mmckopen.nl\/es\/3mmc-kopen\/shop\/smartshop\/kratom\/kratom-green\/green-borneo-kratom\/","title":{"rendered":"Kratom verde de Borneo"},"content":{"rendered":"<h1 class=\"product_title entry-title\"><strong>Comprar Kratom de Borneo verde<\/strong><\/h1>\n<p><strong>CONTENIDO: 50 GRAMOS<\/strong><\/p>\n<p>Este kratom verde procedente de la parte indonesia de Borneo es una variedad suave. Es calmante y alivia el estr\u00e9s. Varios usuarios afirman que te pone de buen humor. Ideal para personas con \u00e1nimo matutino. En peque\u00f1as dosis tiene un efecto estimulante como el caf\u00e9.<\/p>\n<p><strong>M\u00e1s informaci\u00f3n sobre el Kratom Verde de Borneo<\/strong><\/p>\n<p>Los investigadores elogian este kratom verde de Borneo por sus numerosas propiedades positivas. Esto puede deberse en parte al hecho de que muchos investigadores utilizan espec\u00edficamente este kratom para sus investigaciones. Y que las propiedades encontradas tambi\u00e9n se aplican a muchos otros kratoms.<\/p>\n<p>Los beneficios encontrados en los estudios son muy diversos. Se observ\u00f3 una reducci\u00f3n del estr\u00e9s por los ex\u00e1menes en los estudiantes despu\u00e9s de consumir t\u00e9 verde de kratom. Otro estudio informa que reduce las dolencias &quot;neurop\u00e1ticas&quot;. Los investigadores citan como ejemplo el dolor articular y la migra\u00f1a. Tambi\u00e9n es interesante un estudio reciente en el que los cient\u00edficos concluyeron que el kratom verde mejora el estado de alerta, la concentraci\u00f3n y la claridad mental.<\/p>\n<p>La mayor\u00eda de los estudios son menos claros acerca de la dosis. Por lo tanto, los usuarios deben determinarlos experimentalmente. Comience con una dosis baja y aumente lentamente. Cuando uses kratom, haz tambi\u00e9n descansos despu\u00e9s. Porque el kratom es m\u00e1s potente que el caf\u00e9 e igual de adictivo.<\/p>\n<p><strong>Uso:<\/strong>\u00a0Prepare una taza de t\u00e9 con esta preparaci\u00f3n a base de hierbas disolviendo de 4 a 5 gramos en agua hervida a 70-95 grados. El tiempo recomendado para tirar es de 3 a 5 minutos. No es necesario filtrar el t\u00e9, se puede consumir de todo.<\/p>\n<p><strong>Advertencia:<\/strong><\/p>\n<p>Venta y uso no permitido a menores de 18 a\u00f1os. Mantener fuera del alcance de los ni\u00f1os. No lo use si tiene presi\u00f3n arterial alta o baja, problemas card\u00edacos y\/o pulmonares, diabetes, embarazo, si est\u00e1 tomando medicamentos, drogas o alcohol.<\/p>\n<p><strong>D\u00f3sis recomendada:<\/strong>\u00a04 a 5 gramos<\/p>\n<p><strong>Dosis:<\/strong><\/p>\n<p>Adem\u00e1s del peso corporal y la sensibilidad, la dosis tambi\u00e9n depende en gran medida de la potencia del kratom. Normalmente, para usuarios inexpertos, entre 5 y 10 gramos de hojas secas deber\u00edan ser suficientes. La dosis puede ser ligeramente menor con el kratom en polvo, que suele ser m\u00e1s fuerte que las hojas normales (3-5 gramos). Lo mismo se aplica al extracto. Kratom no es adictivo si se usa de manera responsable y no m\u00e1s de una o dos veces al mes. Los usuarios m\u00e1s experimentados sentir\u00e1n la necesidad de aumentar la dosis despu\u00e9s de un tiempo.<\/p>","protected":false},"excerpt":{"rendered":"<p>Green Borneo Kratom kopen INHOUD: 50 GRAM Deze groene kratom van het Indonesische deel van Borneo is een milde variant. Het is kalmerend en stress verlagend. Meerdere gebruikers melden dat het zorgt voor een goed humeur. Ideaal voor mensen met een ochtendhumeur. Bij een geringe dosering werkt het verder opwekkend als koffie. Meer informatie over [&hellip;]<\/p>\n","protected":false},"featured_media":14092,"comment_status":"closed","ping_status":"closed","template":"","meta":{"site-sidebar-layout":"default","site-content-layout":"default","ast-site-content-layout":"default","site-content-style":"default","site-sidebar-style":"default","ast-global-header-display":"","ast-banner-title-visibility":"","ast-main-header-display":"","ast-hfb-above-header-display":"","ast-hfb-below-header-display":"","ast-hfb-mobile-header-display":"","site-post-title":"","ast-breadcrumbs-content":"","ast-featured-img":"","footer-sml-layout":"","theme-transparent-header-meta":"default","adv-header-id-meta":"","stick-header-meta":"","header-above-stick-meta":"","header-main-stick-meta":"","header-below-stick-meta":"","astra-migrate-meta-layouts":"default","ast-page-background-enabled":"default","ast-page-background-meta":{"desktop":{"background-color":"","background-image":"","background-repeat":"repeat","background-position":"center center","background-size":"auto","background-attachment":"scroll","background-type":"","background-media":"","overlay-type":"","overlay-color":"","overlay-opacity":"","overlay-gradient":""},"tablet":{"background-color":"","background-image":"","background-repeat":"repeat","background-position":"center center","background-size":"auto","background-attachment":"scroll","background-type":"","background-media":"","overlay-type":"","overlay-color":"","overlay-opacity":"","overlay-gradient":""},"mobile":{"background-color":"","background-image":"","background-repeat":"repeat","background-position":"center center","background-size":"auto","background-attachment":"scroll","background-type":"","background-media":"","overlay-type":"","overlay-color":"","overlay-opacity":"","overlay-gradient":""}},"ast-content-background-meta":{"desktop":{"background-color":"var(--ast-global-color-5)","background-image":"","background-repeat":"repeat","background-position":"center center","background-size":"auto","background-attachment":"scroll","background-type":"","background-media":"","overlay-type":"","overlay-color":"","overlay-opacity":"","overlay-gradient":""},"tablet":{"background-color":"var(--ast-global-color-5)","background-image":"","background-repeat":"repeat","background-position":"center center","background-size":"auto","background-attachment":"scroll","background-type":"","background-media":"","overlay-type":"","overlay-color":"","overlay-opacity":"","overlay-gradient":""},"mobile":{"background-color":"var(--ast-global-color-5)","background-image":"","background-repeat":"repeat","background-position":"center center","background-size":"auto","background-attachment":"scroll","background-type":"","background-media":"","overlay-type":"","overlay-color":"","overlay-opacity":"","overlay-gradient":""}}},"product_brand":[],"product_cat":[20356,20357,20309],"product_tag":[20358,20359],"class_list":{"0":"post-14039","1":"product","2":"type-product","3":"status-publish","4":"has-post-thumbnail","6":"product_cat-kratom","7":"product_cat-kratom-green","8":"product_cat-smartshop","9":"product_tag-green-kratom","10":"product_tag-kratom","11":"desktop-align-center","12":"tablet-align-center","13":"mobile-align-center","15":"first","16":"outofstock","17":"shipping-taxable","18":"purchasable","19":"product-type-simple"},"yoast_head":"<!-- This site is optimized with the Yoast SEO plugin v27.4 - https:\/\/yoast.com\/product\/yoast-seo-wordpress\/ -->\n<title>Green Borneo Kratom Kopen? - Op=Op- 3MMC kopen<\/title>\n<meta name=\"description\" content=\"Bij 3MMC kopen kun je gemakkelijk en snel Green Borneo Kratom bestellen en morgen al onderzoeken! Voor 17:00 besteld is vandaag al verzonden. Wees er snel bij.\" \/>\n<meta name=\"robots\" content=\"index, follow, max-snippet:-1, max-image-preview:large, max-video-preview:-1\" \/>\n<link rel=\"canonical\" href=\"https:\/\/3-mmckopen.nl\/es\/3mmc-kopen\/shop\/smartshop\/kratom\/kratom-green\/green-borneo-kratom\/\" \/>\n<meta property=\"og:locale\" content=\"es_ES\" \/>\n<meta property=\"og:type\" content=\"article\" \/>\n<meta property=\"og:title\" content=\"Green Borneo Kratom Kopen? - Op=Op- 3MMC kopen\" \/>\n<meta property=\"og:description\" content=\"Bij 3MMC kopen kun je gemakkelijk en snel Green Borneo Kratom bestellen en morgen al onderzoeken! Voor 17:00 besteld is vandaag al verzonden. Wees er snel bij.\" \/>\n<meta property=\"og:url\" content=\"https:\/\/3-mmckopen.nl\/es\/3mmc-kopen\/shop\/smartshop\/kratom\/kratom-green\/green-borneo-kratom\/\" \/>\n<meta property=\"og:site_name\" content=\"3MMC kopen\" \/>\n<meta property=\"article:modified_time\" content=\"2025-08-29T14:57:30+00:00\" \/>\n<meta property=\"og:image\" content=\"https:\/\/3-mmckopen.nl\/wp-content\/uploads\/2022\/03\/3866-2-600x600-1.jpg\" \/>\n\t<meta property=\"og:image:width\" content=\"600\" \/>\n\t<meta property=\"og:image:height\" content=\"600\" \/>\n\t<meta property=\"og:image:type\" content=\"image\/jpeg\" \/>\n<meta name=\"twitter:card\" content=\"summary_large_image\" \/>\n<meta name=\"twitter:label1\" content=\"Tiempo de lectura\" \/>\n\t<meta name=\"twitter:data1\" content=\"2 minutos\" \/>\n<script type=\"application\/ld+json\" class=\"yoast-schema-graph\">{\"@context\":\"https:\\\/\\\/schema.org\",\"@graph\":[{\"@type\":\"WebPage\",\"@id\":\"https:\\\/\\\/3-mmckopen.nl\\\/3mmc-kopen\\\/shop\\\/smartshop\\\/kratom\\\/kratom-green\\\/green-borneo-kratom\\\/\",\"url\":\"https:\\\/\\\/3-mmckopen.nl\\\/3mmc-kopen\\\/shop\\\/smartshop\\\/kratom\\\/kratom-green\\\/green-borneo-kratom\\\/\",\"name\":\"Green Borneo Kratom Kopen? - Op=Op- 3MMC kopen\",\"isPartOf\":{\"@id\":\"https:\\\/\\\/3-mmckopen.nl\\\/#website\"},\"primaryImageOfPage\":{\"@id\":\"https:\\\/\\\/3-mmckopen.nl\\\/3mmc-kopen\\\/shop\\\/smartshop\\\/kratom\\\/kratom-green\\\/green-borneo-kratom\\\/#primaryimage\"},\"image\":{\"@id\":\"https:\\\/\\\/3-mmckopen.nl\\\/3mmc-kopen\\\/shop\\\/smartshop\\\/kratom\\\/kratom-green\\\/green-borneo-kratom\\\/#primaryimage\"},\"thumbnailUrl\":\"https:\\\/\\\/3-mmckopen.nl\\\/wp-content\\\/uploads\\\/2022\\\/03\\\/3866-2-600x600-1.jpg\",\"datePublished\":\"2022-03-18T21:27:20+00:00\",\"dateModified\":\"2025-08-29T14:57:30+00:00\",\"description\":\"Bij 3MMC kopen kun je gemakkelijk en snel Green Borneo Kratom bestellen en morgen al onderzoeken! Voor 17:00 besteld is vandaag al verzonden. Wees er snel bij.\",\"breadcrumb\":{\"@id\":\"https:\\\/\\\/3-mmckopen.nl\\\/3mmc-kopen\\\/shop\\\/smartshop\\\/kratom\\\/kratom-green\\\/green-borneo-kratom\\\/#breadcrumb\"},\"inLanguage\":\"es\",\"potentialAction\":[{\"@type\":\"ReadAction\",\"target\":[\"https:\\\/\\\/3-mmckopen.nl\\\/3mmc-kopen\\\/shop\\\/smartshop\\\/kratom\\\/kratom-green\\\/green-borneo-kratom\\\/\"]}]},{\"@type\":\"ImageObject\",\"inLanguage\":\"es\",\"@id\":\"https:\\\/\\\/3-mmckopen.nl\\\/3mmc-kopen\\\/shop\\\/smartshop\\\/kratom\\\/kratom-green\\\/green-borneo-kratom\\\/#primaryimage\",\"url\":\"https:\\\/\\\/3-mmckopen.nl\\\/wp-content\\\/uploads\\\/2022\\\/03\\\/3866-2-600x600-1.jpg\",\"contentUrl\":\"https:\\\/\\\/3-mmckopen.nl\\\/wp-content\\\/uploads\\\/2022\\\/03\\\/3866-2-600x600-1.jpg\",\"width\":600,\"height\":600},{\"@type\":\"BreadcrumbList\",\"@id\":\"https:\\\/\\\/3-mmckopen.nl\\\/3mmc-kopen\\\/shop\\\/smartshop\\\/kratom\\\/kratom-green\\\/green-borneo-kratom\\\/#breadcrumb\",\"itemListElement\":[{\"@type\":\"ListItem\",\"position\":1,\"name\":\"Home\",\"item\":\"https:\\\/\\\/3-mmckopen.nl\\\/\"},{\"@type\":\"ListItem\",\"position\":2,\"name\":\"Winkel\",\"item\":\"https:\\\/\\\/3-mmckopen.nl\\\/winkel\\\/\"},{\"@type\":\"ListItem\",\"position\":3,\"name\":\"Green Borneo Kratom\"}]},{\"@type\":\"WebSite\",\"@id\":\"https:\\\/\\\/3-mmckopen.nl\\\/#website\",\"url\":\"https:\\\/\\\/3-mmckopen.nl\\\/\",\"name\":\"3MMC kopen\",\"description\":\"VOOR ALLE THUIS CHEMISI EN ONDERZOEKERS ONDER ONS\",\"publisher\":{\"@id\":\"https:\\\/\\\/3-mmckopen.nl\\\/#organization\"},\"potentialAction\":[{\"@type\":\"SearchAction\",\"target\":{\"@type\":\"EntryPoint\",\"urlTemplate\":\"https:\\\/\\\/3-mmckopen.nl\\\/?s={search_term_string}\"},\"query-input\":{\"@type\":\"PropertyValueSpecification\",\"valueRequired\":true,\"valueName\":\"search_term_string\"}}],\"inLanguage\":\"es\"},{\"@type\":\"Organization\",\"@id\":\"https:\\\/\\\/3-mmckopen.nl\\\/#organization\",\"name\":\"3mmc kopen\",\"url\":\"https:\\\/\\\/3-mmckopen.nl\\\/\",\"logo\":{\"@type\":\"ImageObject\",\"inLanguage\":\"es\",\"@id\":\"https:\\\/\\\/3-mmckopen.nl\\\/#\\\/schema\\\/logo\\\/image\\\/\",\"url\":\"https:\\\/\\\/3-mmckopen.nl\\\/wp-content\\\/uploads\\\/2024\\\/03\\\/3mmckopennl.webp\",\"contentUrl\":\"https:\\\/\\\/3-mmckopen.nl\\\/wp-content\\\/uploads\\\/2024\\\/03\\\/3mmckopennl.webp\",\"width\":300,\"height\":118,\"caption\":\"3mmc kopen\"},\"image\":{\"@id\":\"https:\\\/\\\/3-mmckopen.nl\\\/#\\\/schema\\\/logo\\\/image\\\/\"},\"sameAs\":[\"https:\\\/\\\/www.instagram.com\\\/dehuisprofessor\\\/\",\"https:\\\/\\\/nl.pinterest.com\\\/dehuisprofessor\\\/\",\"https:\\\/\\\/www.youtube.com\\\/channel\\\/UCsGzCVJiHsWLILEEHDzCNqA\"]}]}<\/script>\n<!-- \/ Yoast SEO plugin. -->","yoast_head_json":{"title":"Green Borneo Kratom Kopen? - Op=Op- 3MMC kopen","description":"Bij 3MMC kopen kun je gemakkelijk en snel Green Borneo Kratom bestellen en morgen al onderzoeken! Voor 17:00 besteld is vandaag al verzonden. Wees er snel bij.","robots":{"index":"index","follow":"follow","max-snippet":"max-snippet:-1","max-image-preview":"max-image-preview:large","max-video-preview":"max-video-preview:-1"},"canonical":"https:\/\/3-mmckopen.nl\/es\/3mmc-kopen\/shop\/smartshop\/kratom\/kratom-green\/green-borneo-kratom\/","og_locale":"es_ES","og_type":"article","og_title":"Green Borneo Kratom Kopen? - Op=Op- 3MMC kopen","og_description":"Bij 3MMC kopen kun je gemakkelijk en snel Green Borneo Kratom bestellen en morgen al onderzoeken! Voor 17:00 besteld is vandaag al verzonden. Wees er snel bij.","og_url":"https:\/\/3-mmckopen.nl\/es\/3mmc-kopen\/shop\/smartshop\/kratom\/kratom-green\/green-borneo-kratom\/","og_site_name":"3MMC kopen","article_modified_time":"2025-08-29T14:57:30+00:00","og_image":[{"width":600,"height":600,"url":"https:\/\/3-mmckopen.nl\/wp-content\/uploads\/2022\/03\/3866-2-600x600-1.jpg","type":"image\/jpeg"}],"twitter_card":"summary_large_image","twitter_misc":{"Tiempo de lectura":"2 minutos"},"schema":{"@context":"https:\/\/schema.org","@graph":[{"@type":"WebPage","@id":"https:\/\/3-mmckopen.nl\/3mmc-kopen\/shop\/smartshop\/kratom\/kratom-green\/green-borneo-kratom\/","url":"https:\/\/3-mmckopen.nl\/3mmc-kopen\/shop\/smartshop\/kratom\/kratom-green\/green-borneo-kratom\/","name":"Green Borneo Kratom Kopen? - Op=Op- 3MMC kopen","isPartOf":{"@id":"https:\/\/3-mmckopen.nl\/#website"},"primaryImageOfPage":{"@id":"https:\/\/3-mmckopen.nl\/3mmc-kopen\/shop\/smartshop\/kratom\/kratom-green\/green-borneo-kratom\/#primaryimage"},"image":{"@id":"https:\/\/3-mmckopen.nl\/3mmc-kopen\/shop\/smartshop\/kratom\/kratom-green\/green-borneo-kratom\/#primaryimage"},"thumbnailUrl":"https:\/\/3-mmckopen.nl\/wp-content\/uploads\/2022\/03\/3866-2-600x600-1.jpg","datePublished":"2022-03-18T21:27:20+00:00","dateModified":"2025-08-29T14:57:30+00:00","description":"Bij 3MMC kopen kun je gemakkelijk en snel Green Borneo Kratom bestellen en morgen al onderzoeken! Voor 17:00 besteld is vandaag al verzonden. Wees er snel bij.","breadcrumb":{"@id":"https:\/\/3-mmckopen.nl\/3mmc-kopen\/shop\/smartshop\/kratom\/kratom-green\/green-borneo-kratom\/#breadcrumb"},"inLanguage":"es","potentialAction":[{"@type":"ReadAction","target":["https:\/\/3-mmckopen.nl\/3mmc-kopen\/shop\/smartshop\/kratom\/kratom-green\/green-borneo-kratom\/"]}]},{"@type":"ImageObject","inLanguage":"es","@id":"https:\/\/3-mmckopen.nl\/3mmc-kopen\/shop\/smartshop\/kratom\/kratom-green\/green-borneo-kratom\/#primaryimage","url":"https:\/\/3-mmckopen.nl\/wp-content\/uploads\/2022\/03\/3866-2-600x600-1.jpg","contentUrl":"https:\/\/3-mmckopen.nl\/wp-content\/uploads\/2022\/03\/3866-2-600x600-1.jpg","width":600,"height":600},{"@type":"BreadcrumbList","@id":"https:\/\/3-mmckopen.nl\/3mmc-kopen\/shop\/smartshop\/kratom\/kratom-green\/green-borneo-kratom\/#breadcrumb","itemListElement":[{"@type":"ListItem","position":1,"name":"Home","item":"https:\/\/3-mmckopen.nl\/"},{"@type":"ListItem","position":2,"name":"Winkel","item":"https:\/\/3-mmckopen.nl\/winkel\/"},{"@type":"ListItem","position":3,"name":"Green Borneo Kratom"}]},{"@type":"WebSite","@id":"https:\/\/3-mmckopen.nl\/#website","url":"https:\/\/3-mmckopen.nl\/","name":"comprar 3MMC","description":"PARA TODOS LOS QU\u00cdMICOS DEL HOGAR E INVESTIGADORES ENTRE NOSOTROS","publisher":{"@id":"https:\/\/3-mmckopen.nl\/#organization"},"potentialAction":[{"@type":"SearchAction","target":{"@type":"EntryPoint","urlTemplate":"https:\/\/3-mmckopen.nl\/?s={search_term_string}"},"query-input":{"@type":"PropertyValueSpecification","valueRequired":true,"valueName":"search_term_string"}}],"inLanguage":"es"},{"@type":"Organization","@id":"https:\/\/3-mmckopen.nl\/#organization","name":"3mmc kopen","url":"https:\/\/3-mmckopen.nl\/","logo":{"@type":"ImageObject","inLanguage":"es","@id":"https:\/\/3-mmckopen.nl\/#\/schema\/logo\/image\/","url":"https:\/\/3-mmckopen.nl\/wp-content\/uploads\/2024\/03\/3mmckopennl.webp","contentUrl":"https:\/\/3-mmckopen.nl\/wp-content\/uploads\/2024\/03\/3mmckopennl.webp","width":300,"height":118,"caption":"3mmc kopen"},"image":{"@id":"https:\/\/3-mmckopen.nl\/#\/schema\/logo\/image\/"},"sameAs":["https:\/\/www.instagram.com\/dehuisprofessor\/","https:\/\/nl.pinterest.com\/dehuisprofessor\/","https:\/\/www.youtube.com\/channel\/UCsGzCVJiHsWLILEEHDzCNqA"]}]}},"_links":{"self":[{"href":"https:\/\/3-mmckopen.nl\/es\/wp-json\/wp\/v2\/product\/14039","targetHints":{"allow":["GET"]}}],"collection":[{"href":"https:\/\/3-mmckopen.nl\/es\/wp-json\/wp\/v2\/product"}],"about":[{"href":"https:\/\/3-mmckopen.nl\/es\/wp-json\/wp\/v2\/types\/product"}],"replies":[{"embeddable":true,"href":"https:\/\/3-mmckopen.nl\/es\/wp-json\/wp\/v2\/comments?post=14039"}],"version-history":[{"count":0,"href":"https:\/\/3-mmckopen.nl\/es\/wp-json\/wp\/v2\/product\/14039\/revisions"}],"wp:featuredmedia":[{"embeddable":true,"href":"https:\/\/3-mmckopen.nl\/es\/wp-json\/wp\/v2\/media\/14092"}],"wp:attachment":[{"href":"https:\/\/3-mmckopen.nl\/es\/wp-json\/wp\/v2\/media?parent=14039"}],"wp:term":[{"taxonomy":"product_brand","embeddable":true,"href":"https:\/\/3-mmckopen.nl\/es\/wp-json\/wp\/v2\/product_brand?post=14039"},{"taxonomy":"product_cat","embeddable":true,"href":"https:\/\/3-mmckopen.nl\/es\/wp-json\/wp\/v2\/product_cat?post=14039"},{"taxonomy":"product_tag","embeddable":true,"href":"https:\/\/3-mmckopen.nl\/es\/wp-json\/wp\/v2\/product_tag?post=14039"}],"curies":[{"name":"wp","href":"https:\/\/api.w.org\/{rel}","templated":true}]}}