{"id":223,"date":"2021-01-09T17:36:02","date_gmt":"2021-01-09T16:36:02","guid":{"rendered":"https:\/\/3-mmckopen.nl\/?page_id=223"},"modified":"2025-12-04T15:24:53","modified_gmt":"2025-12-04T14:24:53","slug":"algemene-voorwaarden","status":"publish","type":"page","link":"https:\/\/3-mmckopen.nl\/fr\/algemene-voorwaarden\/","title":{"rendered":"Termes et conditions"},"content":{"rendered":"<p><strong>Article 1. Applicabilit\u00e9<\/strong><\/p>\r\n\r\n\r\n\r\n<p><br \/>1.1 Op alle aanbiedingen, bestellingen en overeenkomsten van onze webshop www.app16847.cloudwayssites.com Nederland, zijn deze\u00a0Algemene Voorwaarden van toepassing.<\/p>\r\n\r\n\r\n\r\n<p>1.2 Accepter une offre ou passer une commande signifie que vous acceptez l&#039;applicabilit\u00e9 de ces termes et conditions.<\/p>\r\n\r\n\r\n\r\n<p>1.3 Les dispositions des pr\u00e9sentes conditions g\u00e9n\u00e9rales ne peuvent \u00eatre d\u00e9rog\u00e9es que par \u00e9crit, auquel cas les autres dispositions resteront pleinement en vigueur.<\/p>\r\n\r\n\r\n\r\n<p>1.4 Tous les droits et r\u00e9clamations, tels que stipul\u00e9s dans les pr\u00e9sentes conditions g\u00e9n\u00e9rales et dans tout autre accord au profit de notre boutique en ligne, sont \u00e9galement stipul\u00e9s au profit des interm\u00e9diaires et autres tiers engag\u00e9s par notre boutique en ligne.<\/p>\r\n\r\n\r\n\r\n<p><strong>Article 2. Offres\/conventions<\/strong><\/p>\r\n\r\n\r\n\r\n<p><br \/>2.1 Toutes les offres de notre boutique en ligne sont sans engagement et notre boutique en ligne se r\u00e9serve express\u00e9ment le droit de modifier les prix, en particulier lorsque cela est n\u00e9cessaire sur la base des r\u00e9glementations (l\u00e9gales). Voir \u00e9galement l&#039;article 3.6.<\/p>\r\n\r\n\r\n\r\n<p>2.2 Un accord n&#039;est conclu qu&#039;apr\u00e8s acceptation de votre commande par notre boutique en ligne. Notre boutique en ligne est en droit de refuser des commandes ou d&#039;attacher certaines conditions \u00e0 la livraison, sauf indication contraire expresse. Si une commande n&#039;est pas accept\u00e9e, notre boutique en ligne vous en informera dans les dix (10) jours ouvrables suivant la r\u00e9ception de la commande.<\/p>\r\n\r\n\r\n\r\n<p><strong>Article 3. Prix et paiements<\/strong><\/p>\r\n\r\n\r\n\r\n<p><br \/>3.1 Les prix indiqu\u00e9s pour les produits et services propos\u00e9s sont en euros, TVA comprise. et hors frais de traitement et d&#039;exp\u00e9dition, taxes ou autres pr\u00e9l\u00e8vements, sauf indication contraire ou accord \u00e9crit.<\/p>\r\n\r\n\r\n\r\n<p>3.2 Le paiement doit \u00eatre effectu\u00e9 sans escompte ni indemnit\u00e9 le jour m\u00eame de la date de facturation s&#039;il s&#039;agit de livraisons aux Pays-Bas, nous livrons uniquement aux Pays-Bas.<\/p>\r\n\r\n\r\n\r\n<p>3.3 Le paiement peut \u00eatre effectu\u00e9 de la (des) mani\u00e8re(s) indiqu\u00e9e(s) au cours du processus de commande.<\/p>\r\n\r\n\r\n\r\n<p>3.4 Si les prix des produits et services propos\u00e9s augmentent dans la p\u00e9riode entre la commande et son ex\u00e9cution, vous avez le droit d&#039;annuler la commande, mais apr\u00e8s paiement, la commande est ferme.<\/p>\r\n\r\n\r\n\r\n<p><strong>Article 4. Livraison<\/strong><\/p>\r\n\r\n\r\n\r\n<p><br \/>4.1 Les d\u00e9lais de livraison indiqu\u00e9s par notre boutique en ligne ne sont qu&#039;indicatifs. Le d\u00e9passement d&#039;un d\u00e9lai de livraison ne vous donne pas droit \u00e0 une indemnisation ou au droit d&#039;annuler votre commande ou de r\u00e9silier le contrat, sauf si le d\u00e9passement du d\u00e9lai de livraison est tel qu&#039;on ne peut raisonnablement s&#039;attendre \u00e0 ce que vous mainteniez le contrat. Dans ce cas, vous avez le droit d&#039;annuler la commande ou de r\u00e9silier le contrat dans la mesure o\u00f9 cela est n\u00e9cessaire.<\/p>\r\n\r\n\r\n\r\n<p>4.2 La livraison des produits a lieu au lieu et \u00e0 l&#039;heure o\u00f9 les produits sont pr\u00eats \u00e0 vous \u00eatre exp\u00e9di\u00e9s.<\/p>\r\n\r\n\r\n\r\n<p><strong>Article 5. R\u00e9serve de propri\u00e9t\u00e9<\/strong><\/p>\r\n\r\n\r\n\r\n<p><br \/>5.1 La propri\u00e9t\u00e9 des produits livr\u00e9s ne sera transf\u00e9r\u00e9e que si vous avez pay\u00e9 tout ce que vous devez \u00e0 notre boutique en ligne en vertu d&#039;un accord. Le risque relatif aux produits vous est d\u00e9j\u00e0 transf\u00e9r\u00e9 au moment de la livraison.<\/p>\r\n\r\n\r\n\r\n<p><strong>Article 6. Droits de propri\u00e9t\u00e9 intellectuelle et industrielle<\/strong><\/p>\r\n\r\n\r\n\r\n<p><br \/>6.1 Vous devez respecter pleinement et inconditionnellement tous les droits de propri\u00e9t\u00e9 intellectuelle et industrielle qui reposent sur les produits fournis par notre boutique en ligne.<\/p>\r\n\r\n\r\n\r\n<p>6.2 Notre boutique en ligne ne garantit pas que les produits qui vous sont livr\u00e9s ne violent aucun droit de propri\u00e9t\u00e9 intellectuelle et\/ou industrielle (non \u00e9crit) de tiers.<\/p>\r\n\r\n\r\n\r\n<p><strong>Article 7. R\u00e9clamations et responsabilit\u00e9<\/strong><\/p>\r\n\r\n\r\n\r\n<p><br \/>7.1 Vous avez l&#039;obligation d&#039;examiner \u00e0 la livraison si les produits sont conformes au contrat. Si ce n&#039;est pas le cas, vous devez en informer notre boutique en ligne d\u00e8s que possible et dans tous les cas dans les sept (7) jours ouvrables apr\u00e8s la livraison, ou au moins apr\u00e8s qu&#039;une observation ait \u00e9t\u00e9 raisonnablement possible, par \u00e9crit\/e-mail et avec les raisons.<\/p>\r\n\r\n\r\n\r\n<p>7.2 S&#039;il a \u00e9t\u00e9 d\u00e9montr\u00e9 que les produits ne sont pas conformes \u00e0 l&#039;accord, notre boutique en ligne a le choix de remplacer les produits en question par de nouveaux produits contre leur retour ou de rembourser la valeur de la facture de ceux-ci.<\/p>\r\n\r\n\r\n\r\n<p>7.3 Si vous ne souhaitez pas acheter un produit pour quelque raison que ce soit, vous, en tant que particulier, avez le droit de retourner le produit \u00e0 notre boutique en ligne dans les sept (7) jours ouvrables suivant la livraison. Dans ce cas, les retours ne sont accept\u00e9s que si l&#039;emballage du produit n&#039;est pas endommag\u00e9, les frais de retour \u00e9tant \u00e9galement \u00e0 votre charge.<\/p>\r\n\r\n\r\n\r\n<p><strong>Article 8. Commandes\/communication<\/strong><\/p>\r\n\r\n\r\n\r\n<p><br \/>8.1 En cas d&#039;incompr\u00e9hension, de mutilation, de retards ou de transmission inappropri\u00e9e des commandes et des communications r\u00e9sultant de l&#039;utilisation d&#039;Internet ou de tout autre moyen de communication dans le trafic entre vous et notre boutique en ligne, ou entre notre boutique en ligne et des tiers, dans la mesure o\u00f9 cela concerne \u00e0 la relation entre vous et notre boutique en ligne, notre boutique en ligne n&#039;est pas responsable, \u00e0 moins et dans la mesure o\u00f9 il y a intention ou n\u00e9gligence grave de la part de notre boutique en ligne.<\/p>\r\n\r\n\r\n\r\n<p><strong>Article 9. Force majeure<\/strong><\/p>\r\n\r\n\r\n\r\n<p><br \/>9.1 Sans pr\u00e9judice de ses autres droits, en cas de force majeure, notre boutique en ligne a le droit, \u00e0 sa seule discr\u00e9tion, de suspendre l&#039;ex\u00e9cution de votre commande ou de r\u00e9silier le contrat sans intervention judiciaire, en vous le notifiant par \u00e9crit. sans que notre boutique en ligne ne soit tenue de verser une quelconque indemnit\u00e9, \u00e0 moins que cela ne soit inacceptable dans les circonstances donn\u00e9es selon les normes de raisonnabilit\u00e9 et d&#039;\u00e9quit\u00e9.<\/p>\r\n\r\n\r\n\r\n<p>9.2 Par force majeure, on entend tout manquement qui ne peut \u00eatre imput\u00e9 \u00e0 notre boutique en ligne, car il n&#039;est pas d\u00fb \u00e0 sa faute et n&#039;est pas pour son compte en vertu de la loi, de l&#039;acte juridique ou des opinions g\u00e9n\u00e9ralement accept\u00e9es.<\/p>\r\n\r\n\r\n\r\n<p><strong>Article 10. Divers<\/strong><\/p>\r\n\r\n\r\n\r\n<p><br \/>10.1 Si vous fournissez une adresse \u00e9crite \u00e0 notre boutique en ligne, notre boutique en ligne est autoris\u00e9e \u00e0 envoyer toutes les commandes \u00e0 cette adresse, sauf si vous informez notre boutique en ligne par \u00e9crit d&#039;une autre adresse \u00e0 laquelle vos commandes doivent \u00eatre envoy\u00e9es.<\/p>\r\n\r\n\r\n\r\n<p>10.2 Si notre boutique en ligne autorise des d\u00e9rogations aux pr\u00e9sentes conditions g\u00e9n\u00e9rales, que ce soit tacitement ou non, pour une p\u00e9riode courte ou plus longue, cela n&#039;affecte pas son droit d&#039;exiger le respect imm\u00e9diat et strict de ces conditions g\u00e9n\u00e9rales. Vous ne pouvez jamais faire valoir un droit bas\u00e9 sur le fait que notre boutique en ligne applique ces Conditions sans probl\u00e8me.<\/p>\r\n\r\n\r\n\r\n<p>10.3 Si une ou plusieurs des dispositions des pr\u00e9sentes conditions g\u00e9n\u00e9rales ou de tout autre accord avec notre boutique en ligne devaient \u00eatre en conflit avec une disposition l\u00e9gale applicable, la disposition pertinente deviendra caduque et sera remplac\u00e9e par une nouvelle disposition l\u00e9galement autoris\u00e9e \u00e0 d\u00e9terminer par notre boutique en ligne disposition similaire.<\/p>\r\n\r\n\r\n\r\n<p>10.4 Notre boutique en ligne est autoris\u00e9e \u00e0 faire appel \u00e0 des tiers pour l&#039;ex\u00e9cution de votre (vos) commande(s).<\/p>\r\n\r\n\r\n\r\n<p><strong>Article 11. Loi applicable et tribunal comp\u00e9tent<\/strong><\/p>\r\n\r\n\r\n\r\n<p><br \/>11.1 Tous les droits, obligations, offres, commandes et accords auxquels s&#039;appliquent les pr\u00e9sentes conditions g\u00e9n\u00e9rales, ainsi que les pr\u00e9sentes conditions g\u00e9n\u00e9rales, sont exclusivement r\u00e9gis par le droit n\u00e9erlandais.<\/p>\r\n\r\n\r\n\r\n<p>11.2 Alle geschillen tussen partijen zullen bij uitsluiting worden voorgelegd aan de daartoe bevoegde rechter in Nederland. De producten worden verstuurd via\u00a0postNL. Enige vertraging of het niet aankomen, dan wel beschadiging van de levering nemen wij niet voor onze rekening. Dit ligt bij postNL\u00a0of bij de klant. Bij briefpost zullen wij geen her-zending doen in geval van verlies door postnl. Wij kunnen alleen her-zenden als is bewezen dat het pakketje niet aangekomen is op het door de klant aangegeven adres. Dit geld alleen bij pakketten die traceerbaar zijn door middel van tracking code. Wij zijn niet aansprakelijk voor het invullen van het adres. De klant vult een adres in en wij versturen er heen, is het adres verkeerd of ontbreekt hier iets, dan is dat nooit aan ons te verwijten en is dat het probleem van de klant.<\/p>\r\n\r\n\r\n\r\n<p><strong>12. En passant une commande dans notre boutique en ligne, vous acceptez les r\u00e8gles et conditions ci-dessous.<\/strong><\/p>\r\n\r\n\r\n\r\n<p><br \/>12.1 Pour tous les produits, vous devez avoir 18 ans ou plus, en incluant ces produits dans votre commande, vous confirmez que vous avez d\u00e9j\u00e0 atteint l&#039;\u00e2ge minimum de 18 ans. En cas de doute, une copie de votre pi\u00e8ce d&#039;identit\u00e9 pourra vous \u00eatre demand\u00e9e.<\/p>\r\n\r\n\r\n\r\n<p>12.2 L&#039;achat de produits via ce site Web est enti\u00e8rement \u00e0 vos risques et p\u00e9rils. Nous ne pouvons \u00eatre tenus responsables des dommages r\u00e9sultant de l&#039;utilisation des produits livr\u00e9s.<\/p>\r\n\r\n\r\n\r\n<p>12.3 Vous avez lu attentivement et compris la page d&#039;information sur le produit. Suivez toutes les instructions du produit sur notre site Web et tenez compte de tous les avertissements.<\/p>\r\n\r\n\r\n\r\n<p>12.4 Vous \u00eates personnellement responsable du soin des produits command\u00e9s. Conservez-les dans un endroit s\u00fbr, hors de port\u00e9e des enfants, des animaux domestiques et des personnes ayant un jugement r\u00e9duit, sauf si le produit est destin\u00e9 aux groupes cibles ci-dessus.<\/p>\r\n\r\n\r\n\r\n<p>12.5 Tous nos produits ne sont absolument pas destin\u00e9s \u00e0 la consommation humaine et doivent en tout temps \u00eatre tenus hors de la port\u00e9e des enfants et des animaux et des personnes moins responsables.<\/p>\r\n\r\n\r\n\r\n<p>12.6 Al onze producten worden uitsluitend verkocht voor\u00a0RESEARCH DOELEINDEN. Wij zijn dan ook niet aansprakelijk bij gebruik voor andere doeleinden dan voorgenoemde.<\/p>\r\n\r\n\r\n\r\n<p>12.7 Toute personne qui ach\u00e8te dans notre boutique en ligne doit \u00eatre \u00e2g\u00e9e de 18 ans ou plus. En cas de doute, nous pouvons annuler une commande ou demander des informations d&#039;identification.<\/p>\r\n\r\n\r\n\r\n<p>12.8 Wij zijn nooit aansprakelijk voor gevolgen die voortvloeien uit ander gebruik dan hierboven is genoemd. Bij research gaan wij er derhalve van uit dat u over voldoende kennis beschikt om dit te\u00a0doen.<\/p>\r\n\r\n\r\n\r\n<p>12.9 Si une commande est annul\u00e9e pour quelque raison que ce soit, des frais administratifs de 15 \u20ac seront factur\u00e9s lors du remboursement du montant de la commande.<\/p>\r\n\r\n\r\n\r\n<p><strong>13. Interdiction du 3-MMC et du 3-CMC<\/strong><\/p>\r\n\r\n\r\n\r\n<p>13.1 Le 3-MMC et le 3-cmc sont des produits ill\u00e9gaux et ne peuvent pas \u00eatre command\u00e9s ou achet\u00e9s ici. Si l&#039;un de ces produits a \u00e9t\u00e9 command\u00e9, le 2-MMC sera exp\u00e9di\u00e9.<\/p>","protected":false},"excerpt":{"rendered":"<p>Artikel 1. Toepasselijkheid 1.1 Op alle aanbiedingen, bestellingen en overeenkomsten van onze webshop www.app16847.cloudwayssites.com Nederland, zijn deze\u00a0Algemene Voorwaarden van toepassing. 1.2 Het accepteren van een aanbieding dan wel het doen van een bestelling houdt in dat u de toepasselijkheid van deze voorwaarden aanvaardt. 1.3 Van het in deze Voorwaarden bepaalde kan slechts schriftelijk worden afgeweken, [&hellip;]<\/p>\n","protected":false},"author":199606847,"featured_media":0,"parent":0,"menu_order":0,"comment_status":"closed","ping_status":"closed","template":"","meta":{"site-sidebar-layout":"default","site-content-layout":"","ast-site-content-layout":"default","site-content-style":"default","site-sidebar-style":"default","ast-global-header-display":"","ast-banner-title-visibility":"","ast-main-header-display":"","ast-hfb-above-header-display":"","ast-hfb-below-header-display":"","ast-hfb-mobile-header-display":"","site-post-title":"","ast-breadcrumbs-content":"","ast-featured-img":"","footer-sml-layout":"","theme-transparent-header-meta":"default","adv-header-id-meta":"","stick-header-meta":"","header-above-stick-meta":"","header-main-stick-meta":"","header-below-stick-meta":"","astra-migrate-meta-layouts":"set","ast-page-background-enabled":"default","ast-page-background-meta":{"desktop":{"background-color":"","background-image":"","background-repeat":"repeat","background-position":"center center","background-size":"auto","background-attachment":"scroll","background-type":"","background-media":"","overlay-type":"","overlay-color":"","overlay-opacity":"","overlay-gradient":""},"tablet":{"background-color":"","background-image":"","background-repeat":"repeat","background-position":"center center","background-size":"auto","background-attachment":"scroll","background-type":"","background-media":"","overlay-type":"","overlay-color":"","overlay-opacity":"","overlay-gradient":""},"mobile":{"background-color":"","background-image":"","background-repeat":"repeat","background-position":"center center","background-size":"auto","background-attachment":"scroll","background-type":"","background-media":"","overlay-type":"","overlay-color":"","overlay-opacity":"","overlay-gradient":""}},"ast-content-background-meta":{"desktop":{"background-color":"var(--ast-global-color-5)","background-image":"","background-repeat":"repeat","background-position":"center center","background-size":"auto","background-attachment":"scroll","background-type":"","background-media":"","overlay-type":"","overlay-color":"","overlay-opacity":"","overlay-gradient":""},"tablet":{"background-color":"var(--ast-global-color-5)","background-image":"","background-repeat":"repeat","background-position":"center center","background-size":"auto","background-attachment":"scroll","background-type":"","background-media":"","overlay-type":"","overlay-color":"","overlay-opacity":"","overlay-gradient":""},"mobile":{"background-color":"var(--ast-global-color-5)","background-image":"","background-repeat":"repeat","background-position":"center center","background-size":"auto","background-attachment":"scroll","background-type":"","background-media":"","overlay-type":"","overlay-color":"","overlay-opacity":"","overlay-gradient":""}},"footnotes":""},"class_list":["post-223","page","type-page","status-publish","hentry"],"yoast_head":"<!-- This site is optimized with the Yoast SEO plugin v27.3 - https:\/\/yoast.com\/product\/yoast-seo-wordpress\/ -->\n<title>Algemene Voorwaarden Lezen | 3-mmckopen.nl<\/title>\n<meta name=\"description\" content=\"Lees onze algemene voorwaarden. Duidelijke afspraken over levering en service. Transparant en eerlijk. Voor 17:00 besteld = vandaag verzonden!\" \/>\n<meta name=\"robots\" content=\"index, follow, max-snippet:-1, max-image-preview:large, max-video-preview:-1\" \/>\n<link rel=\"canonical\" href=\"https:\/\/3-mmckopen.nl\/fr\/algemene-voorwaarden\/\" \/>\n<meta property=\"og:locale\" content=\"fr_FR\" \/>\n<meta property=\"og:type\" content=\"article\" \/>\n<meta property=\"og:title\" content=\"Algemene Voorwaarden Lezen | 3-mmckopen.nl\" \/>\n<meta property=\"og:description\" content=\"Lees onze algemene voorwaarden. Duidelijke afspraken over levering en service. Transparant en eerlijk. Voor 17:00 besteld = vandaag verzonden!\" \/>\n<meta property=\"og:url\" content=\"https:\/\/3-mmckopen.nl\/fr\/algemene-voorwaarden\/\" \/>\n<meta property=\"og:site_name\" content=\"3MMC kopen\" \/>\n<meta property=\"article:modified_time\" content=\"2025-12-04T14:24:53+00:00\" \/>\n<meta property=\"og:image\" content=\"https:\/\/3-mmckopen.nl\/wp-content\/uploads\/2024\/03\/3mmckopennl.webp\" \/>\n\t<meta property=\"og:image:width\" content=\"300\" \/>\n\t<meta property=\"og:image:height\" content=\"118\" \/>\n\t<meta property=\"og:image:type\" content=\"image\/webp\" \/>\n<meta name=\"twitter:card\" content=\"summary_large_image\" \/>\n<meta name=\"twitter:label1\" content=\"Dur\u00e9e de lecture estim\u00e9e\" \/>\n\t<meta name=\"twitter:data1\" content=\"8 minutes\" \/>\n<script type=\"application\/ld+json\" class=\"yoast-schema-graph\">{\"@context\":\"https:\\\/\\\/schema.org\",\"@graph\":[{\"@type\":\"WebPage\",\"@id\":\"https:\\\/\\\/3-mmckopen.nl\\\/algemene-voorwaarden\\\/\",\"url\":\"https:\\\/\\\/3-mmckopen.nl\\\/algemene-voorwaarden\\\/\",\"name\":\"Algemene Voorwaarden Lezen | 3-mmckopen.nl\",\"isPartOf\":{\"@id\":\"https:\\\/\\\/3-mmckopen.nl\\\/#website\"},\"datePublished\":\"2021-01-09T16:36:02+00:00\",\"dateModified\":\"2025-12-04T14:24:53+00:00\",\"description\":\"Lees onze algemene voorwaarden. Duidelijke afspraken over levering en service. Transparant en eerlijk. Voor 17:00 besteld = vandaag verzonden!\",\"breadcrumb\":{\"@id\":\"https:\\\/\\\/3-mmckopen.nl\\\/algemene-voorwaarden\\\/#breadcrumb\"},\"inLanguage\":\"fr-FR\",\"potentialAction\":[{\"@type\":\"ReadAction\",\"target\":[\"https:\\\/\\\/3-mmckopen.nl\\\/algemene-voorwaarden\\\/\"]}]},{\"@type\":\"BreadcrumbList\",\"@id\":\"https:\\\/\\\/3-mmckopen.nl\\\/algemene-voorwaarden\\\/#breadcrumb\",\"itemListElement\":[{\"@type\":\"ListItem\",\"position\":1,\"name\":\"Home\",\"item\":\"https:\\\/\\\/3-mmckopen.nl\\\/\"},{\"@type\":\"ListItem\",\"position\":2,\"name\":\"Algemene voorwaarden\"}]},{\"@type\":\"WebSite\",\"@id\":\"https:\\\/\\\/3-mmckopen.nl\\\/#website\",\"url\":\"https:\\\/\\\/3-mmckopen.nl\\\/\",\"name\":\"3MMC kopen\",\"description\":\"VOOR ALLE THUIS CHEMISI EN ONDERZOEKERS ONDER ONS\",\"publisher\":{\"@id\":\"https:\\\/\\\/3-mmckopen.nl\\\/#organization\"},\"potentialAction\":[{\"@type\":\"SearchAction\",\"target\":{\"@type\":\"EntryPoint\",\"urlTemplate\":\"https:\\\/\\\/3-mmckopen.nl\\\/?s={search_term_string}\"},\"query-input\":{\"@type\":\"PropertyValueSpecification\",\"valueRequired\":true,\"valueName\":\"search_term_string\"}}],\"inLanguage\":\"fr-FR\"},{\"@type\":\"Organization\",\"@id\":\"https:\\\/\\\/3-mmckopen.nl\\\/#organization\",\"name\":\"3mmc kopen\",\"url\":\"https:\\\/\\\/3-mmckopen.nl\\\/\",\"logo\":{\"@type\":\"ImageObject\",\"inLanguage\":\"fr-FR\",\"@id\":\"https:\\\/\\\/3-mmckopen.nl\\\/#\\\/schema\\\/logo\\\/image\\\/\",\"url\":\"https:\\\/\\\/3-mmckopen.nl\\\/wp-content\\\/uploads\\\/2024\\\/03\\\/3mmckopennl.webp\",\"contentUrl\":\"https:\\\/\\\/3-mmckopen.nl\\\/wp-content\\\/uploads\\\/2024\\\/03\\\/3mmckopennl.webp\",\"width\":300,\"height\":118,\"caption\":\"3mmc kopen\"},\"image\":{\"@id\":\"https:\\\/\\\/3-mmckopen.nl\\\/#\\\/schema\\\/logo\\\/image\\\/\"},\"sameAs\":[\"https:\\\/\\\/www.instagram.com\\\/dehuisprofessor\\\/\",\"https:\\\/\\\/nl.pinterest.com\\\/dehuisprofessor\\\/\",\"https:\\\/\\\/www.youtube.com\\\/channel\\\/UCsGzCVJiHsWLILEEHDzCNqA\"]}]}<\/script>\n<!-- \/ Yoast SEO plugin. -->","yoast_head_json":{"title":"Algemene Voorwaarden Lezen | 3-mmckopen.nl","description":"Lees onze algemene voorwaarden. Duidelijke afspraken over levering en service. Transparant en eerlijk. Voor 17:00 besteld = vandaag verzonden!","robots":{"index":"index","follow":"follow","max-snippet":"max-snippet:-1","max-image-preview":"max-image-preview:large","max-video-preview":"max-video-preview:-1"},"canonical":"https:\/\/3-mmckopen.nl\/fr\/algemene-voorwaarden\/","og_locale":"fr_FR","og_type":"article","og_title":"Algemene Voorwaarden Lezen | 3-mmckopen.nl","og_description":"Lees onze algemene voorwaarden. Duidelijke afspraken over levering en service. Transparant en eerlijk. Voor 17:00 besteld = vandaag verzonden!","og_url":"https:\/\/3-mmckopen.nl\/fr\/algemene-voorwaarden\/","og_site_name":"3MMC kopen","article_modified_time":"2025-12-04T14:24:53+00:00","og_image":[{"width":300,"height":118,"url":"https:\/\/3-mmckopen.nl\/wp-content\/uploads\/2024\/03\/3mmckopennl.webp","type":"image\/webp"}],"twitter_card":"summary_large_image","twitter_misc":{"Dur\u00e9e de lecture estim\u00e9e":"8 minutes"},"schema":{"@context":"https:\/\/schema.org","@graph":[{"@type":"WebPage","@id":"https:\/\/3-mmckopen.nl\/algemene-voorwaarden\/","url":"https:\/\/3-mmckopen.nl\/algemene-voorwaarden\/","name":"Algemene Voorwaarden Lezen | 3-mmckopen.nl","isPartOf":{"@id":"https:\/\/3-mmckopen.nl\/#website"},"datePublished":"2021-01-09T16:36:02+00:00","dateModified":"2025-12-04T14:24:53+00:00","description":"Lees onze algemene voorwaarden. Duidelijke afspraken over levering en service. Transparant en eerlijk. Voor 17:00 besteld = vandaag verzonden!","breadcrumb":{"@id":"https:\/\/3-mmckopen.nl\/algemene-voorwaarden\/#breadcrumb"},"inLanguage":"fr-FR","potentialAction":[{"@type":"ReadAction","target":["https:\/\/3-mmckopen.nl\/algemene-voorwaarden\/"]}]},{"@type":"BreadcrumbList","@id":"https:\/\/3-mmckopen.nl\/algemene-voorwaarden\/#breadcrumb","itemListElement":[{"@type":"ListItem","position":1,"name":"Home","item":"https:\/\/3-mmckopen.nl\/"},{"@type":"ListItem","position":2,"name":"Algemene voorwaarden"}]},{"@type":"WebSite","@id":"https:\/\/3-mmckopen.nl\/#website","url":"https:\/\/3-mmckopen.nl\/","name":"acheter 3MMC","description":"POUR TOUS LES CHEMISEURS \u00c0 LA MAISON ET LES CHERCHEURS D&#039;ENTRE NOUS","publisher":{"@id":"https:\/\/3-mmckopen.nl\/#organization"},"potentialAction":[{"@type":"SearchAction","target":{"@type":"EntryPoint","urlTemplate":"https:\/\/3-mmckopen.nl\/?s={search_term_string}"},"query-input":{"@type":"PropertyValueSpecification","valueRequired":true,"valueName":"search_term_string"}}],"inLanguage":"fr-FR"},{"@type":"Organization","@id":"https:\/\/3-mmckopen.nl\/#organization","name":"3mmc kopen","url":"https:\/\/3-mmckopen.nl\/","logo":{"@type":"ImageObject","inLanguage":"fr-FR","@id":"https:\/\/3-mmckopen.nl\/#\/schema\/logo\/image\/","url":"https:\/\/3-mmckopen.nl\/wp-content\/uploads\/2024\/03\/3mmckopennl.webp","contentUrl":"https:\/\/3-mmckopen.nl\/wp-content\/uploads\/2024\/03\/3mmckopennl.webp","width":300,"height":118,"caption":"3mmc kopen"},"image":{"@id":"https:\/\/3-mmckopen.nl\/#\/schema\/logo\/image\/"},"sameAs":["https:\/\/www.instagram.com\/dehuisprofessor\/","https:\/\/nl.pinterest.com\/dehuisprofessor\/","https:\/\/www.youtube.com\/channel\/UCsGzCVJiHsWLILEEHDzCNqA"]}]}},"_links":{"self":[{"href":"https:\/\/3-mmckopen.nl\/fr\/wp-json\/wp\/v2\/pages\/223","targetHints":{"allow":["GET"]}}],"collection":[{"href":"https:\/\/3-mmckopen.nl\/fr\/wp-json\/wp\/v2\/pages"}],"about":[{"href":"https:\/\/3-mmckopen.nl\/fr\/wp-json\/wp\/v2\/types\/page"}],"author":[{"embeddable":true,"href":"https:\/\/3-mmckopen.nl\/fr\/wp-json\/wp\/v2\/users\/199606847"}],"replies":[{"embeddable":true,"href":"https:\/\/3-mmckopen.nl\/fr\/wp-json\/wp\/v2\/comments?post=223"}],"version-history":[{"count":1,"href":"https:\/\/3-mmckopen.nl\/fr\/wp-json\/wp\/v2\/pages\/223\/revisions"}],"predecessor-version":[{"id":79024,"href":"https:\/\/3-mmckopen.nl\/fr\/wp-json\/wp\/v2\/pages\/223\/revisions\/79024"}],"wp:attachment":[{"href":"https:\/\/3-mmckopen.nl\/fr\/wp-json\/wp\/v2\/media?parent=223"}],"curies":[{"name":"wp","href":"https:\/\/api.w.org\/{rel}","templated":true}]}}