{"id":232,"date":"2021-01-09T18:56:00","date_gmt":"2021-01-09T17:56:00","guid":{"rendered":"https:\/\/3-mmckopen.nl\/?page_id=232"},"modified":"2025-12-04T15:31:44","modified_gmt":"2025-12-04T14:31:44","slug":"over-3mmc-kopen","status":"publish","type":"page","link":"https:\/\/3-mmckopen.nl\/fr\/over-3mmc-kopen\/","title":{"rendered":"\u00c0 propos de 3MMC"},"content":{"rendered":"<h3 class=\"wp-block-heading\" id=\"h-wat-is-3mmc\"><strong>Qu&#039;est-ce que 3MMC ?<\/strong><\/h3>\r\n\r\n\r\n\r\n<p class=\"has-small-font-size\"><strong>3MMC (\u00e9galement appel\u00e9 \u00ab\u00a0Poes\u00a0\u00bb ou \u00ab\u00a03m\u00a0\u00bb) est g\u00e9n\u00e9ralement vendu sous forme de poudre blanche cristalline. Enfin, 3MMC existe depuis 2012<\/strong> d\u00e9j\u00e0 sur le march\u00e9. Ceci est tr\u00e8s court et est donc \u00e9galement appel\u00e9 NPS. D&#039;autre part, \u00e0 propos de ce NPS est <strong>tr\u00e8s peu connu. Il y a souvent encore<\/strong> <strong>peu ou pas de recherches ont \u00e9t\u00e9 faites. Il y a donc aussi peu de connaissances sur 3MMC.<\/strong><\/p>\r\n\r\n\r\n\r\n<p class=\"has-small-font-size\">3MMC lijkt erg op zijn grote broer\u00a04-MMC\u00a0(\u2018Mephedrone\u2019 of \u2018Miauw\u2019). Dat wil niet zeggen dat de effecten en risico\u2019s hetzelfde zijn. In 2012 werd 4-MMC verboden en werd 3MMC als alternatief verkocht.\u00a0<\/p>\r\n\r\n\r\n\r\n<h3 class=\"wp-block-heading\" id=\"block-af3ebca5-0170-4ed6-b3f0-045ae9e6b74b\"><strong>Combien de personnes utilisent 3MMC aux Pays-Bas\u00a0?<\/strong><\/h3>\r\n\r\n\r\n\r\n<p class=\"has-small-font-size\">Er is (nog) niet onderzocht hoeveel mensen in Nederland 3-MMC gebruiken. Wel zijn er tekens dat het gebruik stijgt en er vaker\u00a0vergiftigingen\u00a0voorkomen. Het is opvallend dat de signalen van stijgend gebruik veel uit dezelfde regio\u2019s komen. Dit doet vermoeden dat gebruik minder verspreid is door Nederland en dat gebruikers vaak uit dezelfde plaatsen komen.<\/p>\r\n\r\n\r\n\r\n<p class=\"has-small-font-size\">Uit\u00a0Het Grote Uitgaansonderzoek 2020\u00a0blijkt dat er duidelijke tekenen zijn voor een stijging in het gebruik van 3MMC. In 2020 gaf 8,9% van de onderzochte uitgaanders aan in het afgelopen jaar wel eens 3-MMC gebruikt te hebben. Het gebruik ooit in het leven (11%) lag daar dicht bij, wat een aanwijzing is dat de meeste gebruikers pas geleden voor het eerst 3MMC hebben gebruikt. Informatie uit andere Trimbos-onderzoeken wijst ook voorzichtig op een stijging in het gebruik van 3MMC.<\/p>\r\n\r\n\r\n\r\n<h3 class=\"wp-block-heading\" id=\"block-af3ebca5-0170-4ed6-b3f0-045ae9e6b74b\"><strong>Fonctionnement de 3MMC<\/strong><\/h3>\r\n\r\n\r\n\r\n<p class=\"has-small-font-size\">De effecten van kunnen wat lijken op die van\u00a0MDMA\u00a0en\u00a0coca\u00efne. Gebruikers voelen zich alert, blij en voelen vervolgens geen vermoeidheid. Ze hebben vaak behoefte om contact te maken met anderen. Ook ervaren ze ten slotte meer zelfvertrouwen en soms meer zin in seks.<\/p>\r\n\r\n\r\n\r\n<h3 class=\"wp-block-heading\" id=\"block-af3ebca5-0170-4ed6-b3f0-045ae9e6b74b\"><strong>Risques de 3MMC<\/strong><\/h3>\r\n\r\n\r\n\r\n<p class=\"has-small-font-size\">Aucune \u00e9tude n&#039;a encore \u00e9t\u00e9 r\u00e9alis\u00e9e sur les risques du 3MMC chez l&#039;homme. Mais il est clair que des doses \u00e9lev\u00e9es et une utilisation combin\u00e9e avec d&#039;autres drogues ou de l&#039;alcool augmentent les risques. Les utilisateurs de ce m\u00e9dicament sont donc leurs propres cobayes.<\/p>\r\n\r\n\r\n\r\n<p class=\"has-small-font-size\">Certains utilisateurs indiquent \u00e9galement que l&#039;utilisation peut donner une gueule de bois s\u00e9v\u00e8re : une sensation de fatigue due au fait de ne pas dormir et de ne pas manger assez\/de ne pas manger.\u00a0\u00a0<\/p>\r\n\r\n\r\n\r\n<h3 class=\"wp-block-heading\" id=\"block-af3ebca5-0170-4ed6-b3f0-045ae9e6b74b\"><strong>D\u00e9pendance<\/strong><\/h3>\r\n\r\n\r\n\r\n<p class=\"has-small-font-size\">Enfin, vous pouvez devenir accro au 3-MMC. On soup\u00e7onne que le 3MMC est plus addictif que les autres m\u00e9dicaments. C&#039;est probablement parce que les utilisateurs ressentent une forte \u00ab envie \u00bb pendant l&#039;utilisation. Une envie est une forte envie d&#039;utiliser ou d&#039;utiliser plus.\u00a0<\/p>\r\n\r\n\r\n\r\n<h3 class=\"wp-block-heading\" id=\"block-af3ebca5-0170-4ed6-b3f0-045ae9e6b74b\"><strong>L\u00e9gislation<\/strong><\/h3>\r\n\r\n\r\n\r\n<p class=\"has-small-font-size\">Pour le moment, 3-MMC n&#039;est pas encore interdit. 3MMC rel\u00e8ve actuellement de la loi sur les produits de base. Cependant, le gouvernement travaille sur une loi qui interdira imm\u00e9diatement les groupes de NPS. 3-MMC et beaucoup d&#039;autres NPS seraient interdits avec \u00e7a.<\/p>\r\n\r\n\r\n\r\n<p class=\"has-small-font-size\">Les informations fournies ne sont donc pas destin\u00e9es \u00e0 \u00eatre des conseils et ne peuvent donc pas \u00eatre \u00e9valu\u00e9es comme telles. Cependant, le 3MMC n&#039;est pas adapt\u00e9 \u00e0 la consommation humaine et, par cons\u00e9quent, le 3-MMC ne peut \u00eatre utilis\u00e9 qu&#039;\u00e0 des fins de recherche uniquement.<\/p>\r\n\r\n\r\n\r\n<div class=\"wp-block-buttons is-layout-flex wp-block-buttons-is-layout-flex\">\r\n<div class=\"wp-block-button\"><a class=\"wp-block-button__link\" href=\"https:\/\/3-mmckopen.nl\/fr\/winkel\/\">Acc\u00e9dez \u00e0 notre boutique en ligne<\/a><\/div>\r\n<\/div>\r\n\r\n\r\n\r\n<div class=\"wp-block-buttons is-layout-flex wp-block-buttons-is-layout-flex\">\r\n<div class=\"wp-block-button\"><a class=\"wp-block-button__link\" href=\"https:\/\/3-mmckopen.nl\/fr\/\">Allez sur notre page d&#039;accueil<\/a><\/div>\r\n<\/div>\r\n\r\n\r\n\r\n<p>&nbsp;<\/p>","protected":false},"excerpt":{"rendered":"<p>Wat is 3MMC? 3MMC (ook wel \u2018Poes\u2019 of \u20183m\u2019 genoemd) wordt meestal verkocht als kristalachtig wit poeder. 3MMC is ten slotte is sinds 2012 al op de markt. Dit is erg kort en wordt daarom ook wel een\u00a0NPS genoemd. Over deze NPS is daarentegen erg weinig bekend. Vaak is er toch nog geen of amper [&hellip;]<\/p>\n","protected":false},"author":199606847,"featured_media":0,"parent":0,"menu_order":0,"comment_status":"closed","ping_status":"closed","template":"","meta":{"site-sidebar-layout":"default","site-content-layout":"default","ast-site-content-layout":"default","site-content-style":"default","site-sidebar-style":"default","ast-global-header-display":"","ast-banner-title-visibility":"","ast-main-header-display":"","ast-hfb-above-header-display":"","ast-hfb-below-header-display":"","ast-hfb-mobile-header-display":"","site-post-title":"","ast-breadcrumbs-content":"","ast-featured-img":"","footer-sml-layout":"","theme-transparent-header-meta":"default","adv-header-id-meta":"","stick-header-meta":"default","header-above-stick-meta":"","header-main-stick-meta":"","header-below-stick-meta":"","astra-migrate-meta-layouts":"set","ast-page-background-enabled":"default","ast-page-background-meta":{"desktop":{"background-color":"","background-image":"","background-repeat":"repeat","background-position":"center center","background-size":"auto","background-attachment":"scroll","background-type":"","background-media":"","overlay-type":"","overlay-color":"","overlay-opacity":"","overlay-gradient":""},"tablet":{"background-color":"","background-image":"","background-repeat":"repeat","background-position":"center center","background-size":"auto","background-attachment":"scroll","background-type":"","background-media":"","overlay-type":"","overlay-color":"","overlay-opacity":"","overlay-gradient":""},"mobile":{"background-color":"","background-image":"","background-repeat":"repeat","background-position":"center center","background-size":"auto","background-attachment":"scroll","background-type":"","background-media":"","overlay-type":"","overlay-color":"","overlay-opacity":"","overlay-gradient":""}},"ast-content-background-meta":{"desktop":{"background-color":"var(--ast-global-color-5)","background-image":"","background-repeat":"repeat","background-position":"center center","background-size":"auto","background-attachment":"scroll","background-type":"","background-media":"","overlay-type":"","overlay-color":"","overlay-opacity":"","overlay-gradient":""},"tablet":{"background-color":"var(--ast-global-color-5)","background-image":"","background-repeat":"repeat","background-position":"center center","background-size":"auto","background-attachment":"scroll","background-type":"","background-media":"","overlay-type":"","overlay-color":"","overlay-opacity":"","overlay-gradient":""},"mobile":{"background-color":"var(--ast-global-color-5)","background-image":"","background-repeat":"repeat","background-position":"center center","background-size":"auto","background-attachment":"scroll","background-type":"","background-media":"","overlay-type":"","overlay-color":"","overlay-opacity":"","overlay-gradient":""}},"footnotes":""},"class_list":["post-232","page","type-page","status-publish","hentry"],"yoast_head":"<!-- This site is optimized with the Yoast SEO plugin v27.3 - https:\/\/yoast.com\/product\/yoast-seo-wordpress\/ -->\n<title>Over Ons: Alles over 3-MMC | 3-mmckopen.nl<\/title>\n<meta name=\"description\" content=\"Over 3-MMC Kopen. Wie zijn wij? Jouw betrouwbare partner voor Research Chemicals. Altijd Topkwaliteit. Discreet &amp; Anoniem verzonden. Lees meer\" \/>\n<meta name=\"robots\" content=\"index, follow, max-snippet:-1, max-image-preview:large, max-video-preview:-1\" \/>\n<link rel=\"canonical\" href=\"https:\/\/3-mmckopen.nl\/fr\/over-3mmc-kopen\/\" \/>\n<meta property=\"og:locale\" content=\"fr_FR\" \/>\n<meta property=\"og:type\" content=\"article\" \/>\n<meta property=\"og:title\" content=\"Over Ons: Alles over 3-MMC | 3-mmckopen.nl\" \/>\n<meta property=\"og:description\" content=\"Over 3-MMC Kopen. Wie zijn wij? Jouw betrouwbare partner voor Research Chemicals. Altijd Topkwaliteit. Discreet &amp; Anoniem verzonden. Lees meer\" \/>\n<meta property=\"og:url\" content=\"https:\/\/3-mmckopen.nl\/fr\/over-3mmc-kopen\/\" \/>\n<meta property=\"og:site_name\" content=\"3MMC kopen\" \/>\n<meta property=\"article:modified_time\" content=\"2025-12-04T14:31:44+00:00\" \/>\n<meta property=\"og:image\" content=\"https:\/\/3-mmckopen.nl\/wp-content\/uploads\/2024\/03\/3mmckopennl.webp\" \/>\n\t<meta property=\"og:image:width\" content=\"300\" \/>\n\t<meta property=\"og:image:height\" content=\"118\" \/>\n\t<meta property=\"og:image:type\" content=\"image\/webp\" \/>\n<meta name=\"twitter:card\" content=\"summary_large_image\" \/>\n<meta name=\"twitter:label1\" content=\"Dur\u00e9e de lecture estim\u00e9e\" \/>\n\t<meta name=\"twitter:data1\" content=\"3 minutes\" \/>\n<script type=\"application\/ld+json\" class=\"yoast-schema-graph\">{\"@context\":\"https:\\\/\\\/schema.org\",\"@graph\":[{\"@type\":[\"WebPage\",\"AboutPage\"],\"@id\":\"https:\\\/\\\/3-mmckopen.nl\\\/over-3mmc-kopen\\\/\",\"url\":\"https:\\\/\\\/3-mmckopen.nl\\\/over-3mmc-kopen\\\/\",\"name\":\"Over Ons: Alles over 3-MMC | 3-mmckopen.nl\",\"isPartOf\":{\"@id\":\"https:\\\/\\\/3-mmckopen.nl\\\/#website\"},\"datePublished\":\"2021-01-09T17:56:00+00:00\",\"dateModified\":\"2025-12-04T14:31:44+00:00\",\"description\":\"Over 3-MMC Kopen. Wie zijn wij? Jouw betrouwbare partner voor Research Chemicals. Altijd Topkwaliteit. Discreet & Anoniem verzonden. Lees meer\",\"breadcrumb\":{\"@id\":\"https:\\\/\\\/3-mmckopen.nl\\\/over-3mmc-kopen\\\/#breadcrumb\"},\"inLanguage\":\"fr-FR\",\"potentialAction\":[{\"@type\":\"ReadAction\",\"target\":[\"https:\\\/\\\/3-mmckopen.nl\\\/over-3mmc-kopen\\\/\"]}]},{\"@type\":\"BreadcrumbList\",\"@id\":\"https:\\\/\\\/3-mmckopen.nl\\\/over-3mmc-kopen\\\/#breadcrumb\",\"itemListElement\":[{\"@type\":\"ListItem\",\"position\":1,\"name\":\"Home\",\"item\":\"https:\\\/\\\/3-mmckopen.nl\\\/\"},{\"@type\":\"ListItem\",\"position\":2,\"name\":\"Over 3MMC\"}]},{\"@type\":\"WebSite\",\"@id\":\"https:\\\/\\\/3-mmckopen.nl\\\/#website\",\"url\":\"https:\\\/\\\/3-mmckopen.nl\\\/\",\"name\":\"3MMC kopen\",\"description\":\"VOOR ALLE THUIS CHEMISI EN ONDERZOEKERS ONDER ONS\",\"publisher\":{\"@id\":\"https:\\\/\\\/3-mmckopen.nl\\\/#organization\"},\"potentialAction\":[{\"@type\":\"SearchAction\",\"target\":{\"@type\":\"EntryPoint\",\"urlTemplate\":\"https:\\\/\\\/3-mmckopen.nl\\\/?s={search_term_string}\"},\"query-input\":{\"@type\":\"PropertyValueSpecification\",\"valueRequired\":true,\"valueName\":\"search_term_string\"}}],\"inLanguage\":\"fr-FR\"},{\"@type\":\"Organization\",\"@id\":\"https:\\\/\\\/3-mmckopen.nl\\\/#organization\",\"name\":\"3mmc kopen\",\"url\":\"https:\\\/\\\/3-mmckopen.nl\\\/\",\"logo\":{\"@type\":\"ImageObject\",\"inLanguage\":\"fr-FR\",\"@id\":\"https:\\\/\\\/3-mmckopen.nl\\\/#\\\/schema\\\/logo\\\/image\\\/\",\"url\":\"https:\\\/\\\/3-mmckopen.nl\\\/wp-content\\\/uploads\\\/2024\\\/03\\\/3mmckopennl.webp\",\"contentUrl\":\"https:\\\/\\\/3-mmckopen.nl\\\/wp-content\\\/uploads\\\/2024\\\/03\\\/3mmckopennl.webp\",\"width\":300,\"height\":118,\"caption\":\"3mmc kopen\"},\"image\":{\"@id\":\"https:\\\/\\\/3-mmckopen.nl\\\/#\\\/schema\\\/logo\\\/image\\\/\"},\"sameAs\":[\"https:\\\/\\\/www.instagram.com\\\/dehuisprofessor\\\/\",\"https:\\\/\\\/nl.pinterest.com\\\/dehuisprofessor\\\/\",\"https:\\\/\\\/www.youtube.com\\\/channel\\\/UCsGzCVJiHsWLILEEHDzCNqA\"]}]}<\/script>\n<!-- \/ Yoast SEO plugin. -->","yoast_head_json":{"title":"Over Ons: Alles over 3-MMC | 3-mmckopen.nl","description":"Over 3-MMC Kopen. Wie zijn wij? Jouw betrouwbare partner voor Research Chemicals. Altijd Topkwaliteit. Discreet & Anoniem verzonden. Lees meer","robots":{"index":"index","follow":"follow","max-snippet":"max-snippet:-1","max-image-preview":"max-image-preview:large","max-video-preview":"max-video-preview:-1"},"canonical":"https:\/\/3-mmckopen.nl\/fr\/over-3mmc-kopen\/","og_locale":"fr_FR","og_type":"article","og_title":"Over Ons: Alles over 3-MMC | 3-mmckopen.nl","og_description":"Over 3-MMC Kopen. Wie zijn wij? Jouw betrouwbare partner voor Research Chemicals. Altijd Topkwaliteit. Discreet & Anoniem verzonden. Lees meer","og_url":"https:\/\/3-mmckopen.nl\/fr\/over-3mmc-kopen\/","og_site_name":"3MMC kopen","article_modified_time":"2025-12-04T14:31:44+00:00","og_image":[{"width":300,"height":118,"url":"https:\/\/3-mmckopen.nl\/wp-content\/uploads\/2024\/03\/3mmckopennl.webp","type":"image\/webp"}],"twitter_card":"summary_large_image","twitter_misc":{"Dur\u00e9e de lecture estim\u00e9e":"3 minutes"},"schema":{"@context":"https:\/\/schema.org","@graph":[{"@type":["WebPage","AboutPage"],"@id":"https:\/\/3-mmckopen.nl\/over-3mmc-kopen\/","url":"https:\/\/3-mmckopen.nl\/over-3mmc-kopen\/","name":"Over Ons: Alles over 3-MMC | 3-mmckopen.nl","isPartOf":{"@id":"https:\/\/3-mmckopen.nl\/#website"},"datePublished":"2021-01-09T17:56:00+00:00","dateModified":"2025-12-04T14:31:44+00:00","description":"Over 3-MMC Kopen. Wie zijn wij? Jouw betrouwbare partner voor Research Chemicals. Altijd Topkwaliteit. Discreet & Anoniem verzonden. Lees meer","breadcrumb":{"@id":"https:\/\/3-mmckopen.nl\/over-3mmc-kopen\/#breadcrumb"},"inLanguage":"fr-FR","potentialAction":[{"@type":"ReadAction","target":["https:\/\/3-mmckopen.nl\/over-3mmc-kopen\/"]}]},{"@type":"BreadcrumbList","@id":"https:\/\/3-mmckopen.nl\/over-3mmc-kopen\/#breadcrumb","itemListElement":[{"@type":"ListItem","position":1,"name":"Home","item":"https:\/\/3-mmckopen.nl\/"},{"@type":"ListItem","position":2,"name":"Over 3MMC"}]},{"@type":"WebSite","@id":"https:\/\/3-mmckopen.nl\/#website","url":"https:\/\/3-mmckopen.nl\/","name":"acheter 3MMC","description":"POUR TOUS LES CHEMISEURS \u00c0 LA MAISON ET LES CHERCHEURS D&#039;ENTRE NOUS","publisher":{"@id":"https:\/\/3-mmckopen.nl\/#organization"},"potentialAction":[{"@type":"SearchAction","target":{"@type":"EntryPoint","urlTemplate":"https:\/\/3-mmckopen.nl\/?s={search_term_string}"},"query-input":{"@type":"PropertyValueSpecification","valueRequired":true,"valueName":"search_term_string"}}],"inLanguage":"fr-FR"},{"@type":"Organization","@id":"https:\/\/3-mmckopen.nl\/#organization","name":"3mmc kopen","url":"https:\/\/3-mmckopen.nl\/","logo":{"@type":"ImageObject","inLanguage":"fr-FR","@id":"https:\/\/3-mmckopen.nl\/#\/schema\/logo\/image\/","url":"https:\/\/3-mmckopen.nl\/wp-content\/uploads\/2024\/03\/3mmckopennl.webp","contentUrl":"https:\/\/3-mmckopen.nl\/wp-content\/uploads\/2024\/03\/3mmckopennl.webp","width":300,"height":118,"caption":"3mmc kopen"},"image":{"@id":"https:\/\/3-mmckopen.nl\/#\/schema\/logo\/image\/"},"sameAs":["https:\/\/www.instagram.com\/dehuisprofessor\/","https:\/\/nl.pinterest.com\/dehuisprofessor\/","https:\/\/www.youtube.com\/channel\/UCsGzCVJiHsWLILEEHDzCNqA"]}]}},"_links":{"self":[{"href":"https:\/\/3-mmckopen.nl\/fr\/wp-json\/wp\/v2\/pages\/232","targetHints":{"allow":["GET"]}}],"collection":[{"href":"https:\/\/3-mmckopen.nl\/fr\/wp-json\/wp\/v2\/pages"}],"about":[{"href":"https:\/\/3-mmckopen.nl\/fr\/wp-json\/wp\/v2\/types\/page"}],"author":[{"embeddable":true,"href":"https:\/\/3-mmckopen.nl\/fr\/wp-json\/wp\/v2\/users\/199606847"}],"replies":[{"embeddable":true,"href":"https:\/\/3-mmckopen.nl\/fr\/wp-json\/wp\/v2\/comments?post=232"}],"version-history":[{"count":1,"href":"https:\/\/3-mmckopen.nl\/fr\/wp-json\/wp\/v2\/pages\/232\/revisions"}],"predecessor-version":[{"id":79030,"href":"https:\/\/3-mmckopen.nl\/fr\/wp-json\/wp\/v2\/pages\/232\/revisions\/79030"}],"wp:attachment":[{"href":"https:\/\/3-mmckopen.nl\/fr\/wp-json\/wp\/v2\/media?parent=232"}],"curies":[{"name":"wp","href":"https:\/\/api.w.org\/{rel}","templated":true}]}}