{"id":287,"date":"2021-01-09T22:08:52","date_gmt":"2021-01-09T21:08:52","guid":{"rendered":"https:\/\/3-mmckopen.nl\/?page_id=287"},"modified":"2025-12-04T15:34:53","modified_gmt":"2025-12-04T14:34:53","slug":"verzending-en-levering","status":"publish","type":"page","link":"https:\/\/3-mmckopen.nl\/fr\/verzending-en-levering\/","title":{"rendered":"Exp\u00e9dition et livraison"},"content":{"rendered":"<div data-elementor-type=\"wp-page\" data-elementor-id=\"287\" class=\"elementor elementor-287\" data-elementor-post-type=\"page\">\n\t\t\t\t\t\t<section class=\"elementor-section elementor-top-section elementor-element elementor-element-77fb5336 elementor-section-boxed elementor-section-height-default elementor-section-height-default\" data-id=\"77fb5336\" data-element_type=\"section\" data-e-type=\"section\">\n\t\t\t\t\t\t<div class=\"elementor-container elementor-column-gap-default\">\n\t\t\t\t\t<div class=\"elementor-column elementor-col-100 elementor-top-column elementor-element elementor-element-4012bb21\" data-id=\"4012bb21\" data-element_type=\"column\" data-e-type=\"column\">\n\t\t\t<div class=\"elementor-widget-wrap elementor-element-populated\">\n\t\t\t\t\t\t<div class=\"elementor-element elementor-element-42e7fe09 elementor-widget elementor-widget-text-editor\" data-id=\"42e7fe09\" data-element_type=\"widget\" data-e-type=\"widget\" data-widget_type=\"text-editor.default\">\n\t\t\t\t<div class=\"elementor-widget-container\">\n\t\t\t\t\t\t\t\t\t<p><\/p>\n<figure class=\"wp-block-image size-large is-resized\"><img decoding=\"async\" class=\"alignnone wp-image-432 size-thumbnail\" src=\"https:\/\/3-mmckopen.nl\/wp-content\/uploads\/2021\/01\/PostNL_Logo_750-150x150.jpg\" alt=\"\" width=\"150\" height=\"150\" srcset=\"https:\/\/3-mmckopen.nl\/wp-content\/uploads\/2021\/01\/PostNL_Logo_750-150x150.jpg 150w, https:\/\/3-mmckopen.nl\/wp-content\/uploads\/2021\/01\/PostNL_Logo_750-300x300.jpg 300w, https:\/\/3-mmckopen.nl\/wp-content\/uploads\/2021\/01\/PostNL_Logo_750-100x100.jpg 100w, https:\/\/3-mmckopen.nl\/wp-content\/uploads\/2021\/01\/PostNL_Logo_750-600x600.jpg 600w, https:\/\/3-mmckopen.nl\/wp-content\/uploads\/2021\/01\/PostNL_Logo_750-64x64.jpg 64w, https:\/\/3-mmckopen.nl\/wp-content\/uploads\/2021\/01\/PostNL_Logo_750-400x400.jpg 400w, https:\/\/3-mmckopen.nl\/wp-content\/uploads\/2021\/01\/PostNL_Logo_750-200x200.jpg 200w, https:\/\/3-mmckopen.nl\/wp-content\/uploads\/2021\/01\/PostNL_Logo_750.jpg 750w\" sizes=\"(max-width: 150px) 100vw, 150px\" \/><\/figure>\n<p><\/p>\n<p><\/p>\n<h2 id=\"h-verzending-en-levering\" class=\"has-text-align-center wp-block-heading\"><strong>Exp\u00e9dition et livraison<\/strong><\/h2>\n<p><\/p>\n<p><\/p>\n<h4 id=\"h-betaling-voor-16-00-ontvangen-dezelfde-dag-nog-verzonden\" class=\"has-small-font-size wp-block-heading\"><strong>PAIEMENT RE\u00c7U AVANT 16H00 \u2013 ENVOY\u00c9 LE JOUR M\u00caME<\/strong><\/h4>\n<p><\/p>\n<p><\/p>\n<p class=\"has-small-font-size\">Vous souhaitez acheter 3-CMC sur Internet mais vous avez des doutes sur l&#039;exp\u00e9dition et la livraison de 3-CMC. Tout le monde n&#039;a pas besoin de savoir ce que vous avez command\u00e9, nous en tenons donc compte.<\/p>\n<p><\/p>\n<p><\/p>\n<p class=\"has-small-font-size\"><strong>Veuillez noter : En raison du confinement, la r\u00e9ception de votre colis peut prendre plus de temps en raison de l&#039;affluence \u00e0 Post NL. Par cons\u00e9quent, assurez-vous de commander \u00e0 temps.<\/strong><\/p>\n<p><\/p>\n<p><\/p>\n<p class=\"has-small-font-size\">app16847.cloudwayssites.com n&#039;est pas responsable du d\u00e9lai de livraison d&#039;un colis command\u00e9.<\/p>\n<p><\/p>\n<p><\/p>\n<p class=\"has-small-font-size\">1. Choisissez un produit dans notre boutique en ligne et commandez-le<\/p>\n<p><\/p>\n<p><\/p>\n<p class=\"has-small-font-size\">2. Nous vous enverrons une demande de paiement via WhatsApp ou payerons rapidement et facilement par virement bancaire direct<\/p>\n<p><\/p>\n<p><\/p>\n<p class=\"has-small-font-size\">3. Le produit est emball\u00e9 discr\u00e8tement<\/p>\n<p><\/p>\n<p><\/p>\n<p class=\"has-small-font-size\">4. Le colis est envoy\u00e9 avec PostNL<\/p>\n<p><\/p>\n<p><\/p>\n<h4 class=\"wp-block-heading\" id=\"h-discreet-verpakt\"><strong>Discr\u00e8tement emball\u00e9<\/strong><\/h4>\n<p><\/p>\n<p><\/p>\n<p class=\"has-small-font-size\">Nous exp\u00e9dions nos 3-CMC dans des enveloppes m\u00e9connaissables. De cette fa\u00e7on, personne ne peut voir ce que vous avez command\u00e9 de l&#039;ext\u00e9rieur\u00a0!<\/p>\n<p><\/p>\n<p><\/p>\n<h4 class=\"wp-block-heading\" id=\"h-gratis-snelle-en-veilige-verzending\"><strong>Exp\u00e9dition gratuite, rapide et s\u00fbre<\/strong><\/h4>\n<p><\/p>\n<p><\/p>\n<p class=\"has-small-font-size\">Avec nous, vous ne payez pas les frais d&#039;exp\u00e9dition pour l&#039;exp\u00e9dition standard (\u00e0 vos risques et p\u00e9rils). Vous pouvez choisir de faire envoyer votre colis avec suivi pour 6 \u20ac ou en recommand\u00e9 pour 10,95 \u20ac. Ici, vous en obtenez un <strong>&quot;suivre et tracer&quot;<\/strong> code envoy\u00e9 par e-mail afin que vous puissiez suivre votre commande. Nous exp\u00e9dions nos commandes avec <a href=\"https:\/\/www.postnl.nl\/\">PostNL<\/a>.<\/p>\n<p><\/p>\n<p><\/p>\n<h4 class=\"wp-block-heading\" id=\"h-betalen-met-een-directe-bankoverschrijving-of-betaalverzoek\"><strong>Payer par virement bancaire direct ou demande de paiement<\/strong><\/h4>\n<p><\/p>\n<p><\/p>\n<p class=\"has-small-font-size\">Nous privil\u00e9gions les paiements directs par virement bancaire car ils sont rapides et s\u00e9curis\u00e9s. En quelques secondes, l&#039;argent est sur notre compte et nous pouvons commencer \u00e0 pr\u00e9parer et \u00e0 envoyer votre commande. Vous pouvez bien s\u00fbr \u00e9galement payer via une demande de paiement sur WhatsApp.\u00a0<strong style=\"font-size: var(--wp--preset--font-size--small); font-style: inherit; color: var( --e-global-color-text ); font-family: var( --e-global-typography-text-font-family ), Sans-serif;\">Nous vous enverrons un message WhatsApp avec une demande de paiement et votre num\u00e9ro de commande.<\/strong><\/p>\n<p><\/p>\n<p><\/p>\n<p class=\"has-small-font-size\"><strong style=\"color: var(--ast-global-color-2); font-size: 1.33333rem; font-style: inherit; font-family: var( --e-global-typography-text-font-family ), Sans-serif;\">Qu&#039;est-ce qu&#039;un virement bancaire direct ?<\/strong><\/p>\n<p><\/p>\n<p><\/p>\n<p class=\"has-small-font-size\">Une &#039;<strong>transfert direct<\/strong>&#039; est un\u00a0<strong>surr\u00e9servation<\/strong>\u00a0Ce\u00a0<strong>tout de suite<\/strong>\u00a0est cr\u00e9dit\u00e9 sur le compte de la personne \u00e0 qui l&#039;argent est transf\u00e9r\u00e9. Le destinataire a l&#039;argent sur son compte en quelques secondes. 24 heures sur 24, 365 jours par an, y compris la nuit ainsi que les dimanches et jours f\u00e9ri\u00e9s.<\/p>\n<p><\/p>\n<p><\/p>\n<h4 class=\"wp-block-heading\" id=\"h-is-een-directe-bankoverschrijving-veilig\"><strong>Un virement bancaire direct est-il s\u00fbr ?<\/strong><\/h4>\n<p><\/p>\n<p><\/p>\n<p class=\"has-small-font-size\">Oui. Payer avec cette m\u00e9thode est 100% s\u00fbr, s\u00e9curis\u00e9 et discret.<\/p>\n<p><\/p>\n<p><\/p>\n<h4 class=\"wp-block-heading\" id=\"h-heb-ik-iets-nodig-om-te-betalen-met-een-directe-bankoverschrijving\"><strong>Ai-je besoin de quoi que ce soit pour payer par virement bancaire direct ?<\/strong><\/h4>\n<p><\/p>\n<p><\/p>\n<p class=\"has-small-font-size\">Pour payer avec cette m\u00e9thode, vous avez besoin d&#039;un service bancaire par Internet ou par t\u00e9l\u00e9phone.<\/p>\n<p><\/p>\n<p><\/p>\n<div class=\"wp-block-buttons is-layout-flex wp-block-buttons-is-layout-flex\">\n<p><\/p>\n<div class=\"wp-block-button\"><a class=\"wp-block-button__link\" href=\"https:\/\/3-mmckopen.nl\/fr\/winkel\/\">Acc\u00e9dez \u00e0 notre boutique en ligne<\/a><\/div>\n<p><\/p>\n<\/div>\n<p><\/p>\n<p><\/p>\n<div class=\"wp-block-buttons is-layout-flex wp-block-buttons-is-layout-flex\">\n<p><\/p>\n<div class=\"wp-block-button\"><a class=\"wp-block-button__link\" href=\"https:\/\/3-mmckopen.nl\/fr\/\">Allez sur notre page d&#039;accueil<\/a><\/div>\n<p><\/p>\n<\/div>\n<p><\/p>\n<p><\/p>\n<div class=\"wp-block-columns is-layout-flex wp-container-core-columns-is-layout-28f84493 wp-block-columns-is-layout-flex\">\n<p><\/p>\n<div class=\"wp-block-column is-layout-flow wp-block-column-is-layout-flow\">\n<p><\/p>\n<p><\/p>\n<\/div>\n<p><\/p>\n<\/div>\n<p><\/p>\n<p><\/p>\n<p><\/p>\t\t\t\t\t\t\t\t<\/div>\n\t\t\t\t<\/div>\n\t\t\t\t\t<\/div>\n\t\t<\/div>\n\t\t\t\t\t<\/div>\n\t\t<\/section>\n\t\t\t\t<\/div>","protected":false},"excerpt":{"rendered":"<p>&nbsp; &nbsp; &nbsp; Verzending en levering &nbsp; &nbsp; BETALING VOOR 16:00 ONTVANGEN &#8211; DEZELFDE DAG NOG VERZONDEN &nbsp; &nbsp; Je wilt 3-CMC kopen via het internet maar twijfelt over de verzending en levering van 3-CMC. Niet iedereen hoeft te weten wat jij besteld hebt daarom houden wij hier rekening mee. &nbsp; &nbsp; Let op: Door [&hellip;]<\/p>\n","protected":false},"author":199606847,"featured_media":0,"parent":0,"menu_order":0,"comment_status":"closed","ping_status":"closed","template":"","meta":{"site-sidebar-layout":"default","site-content-layout":"default","ast-site-content-layout":"default","site-content-style":"default","site-sidebar-style":"default","ast-global-header-display":"","ast-banner-title-visibility":"","ast-main-header-display":"","ast-hfb-above-header-display":"","ast-hfb-below-header-display":"","ast-hfb-mobile-header-display":"","site-post-title":"","ast-breadcrumbs-content":"","ast-featured-img":"","footer-sml-layout":"","theme-transparent-header-meta":"default","adv-header-id-meta":"","stick-header-meta":"","header-above-stick-meta":"","header-main-stick-meta":"","header-below-stick-meta":"","astra-migrate-meta-layouts":"set","ast-page-background-enabled":"default","ast-page-background-meta":{"desktop":{"background-color":"","background-image":"","background-repeat":"repeat","background-position":"center center","background-size":"auto","background-attachment":"scroll","background-type":"","background-media":"","overlay-type":"","overlay-color":"","overlay-opacity":"","overlay-gradient":""},"tablet":{"background-color":"","background-image":"","background-repeat":"repeat","background-position":"center center","background-size":"auto","background-attachment":"scroll","background-type":"","background-media":"","overlay-type":"","overlay-color":"","overlay-opacity":"","overlay-gradient":""},"mobile":{"background-color":"","background-image":"","background-repeat":"repeat","background-position":"center center","background-size":"auto","background-attachment":"scroll","background-type":"","background-media":"","overlay-type":"","overlay-color":"","overlay-opacity":"","overlay-gradient":""}},"ast-content-background-meta":{"desktop":{"background-color":"var(--ast-global-color-5)","background-image":"","background-repeat":"repeat","background-position":"center center","background-size":"auto","background-attachment":"scroll","background-type":"","background-media":"","overlay-type":"","overlay-color":"","overlay-opacity":"","overlay-gradient":""},"tablet":{"background-color":"var(--ast-global-color-5)","background-image":"","background-repeat":"repeat","background-position":"center center","background-size":"auto","background-attachment":"scroll","background-type":"","background-media":"","overlay-type":"","overlay-color":"","overlay-opacity":"","overlay-gradient":""},"mobile":{"background-color":"var(--ast-global-color-5)","background-image":"","background-repeat":"repeat","background-position":"center center","background-size":"auto","background-attachment":"scroll","background-type":"","background-media":"","overlay-type":"","overlay-color":"","overlay-opacity":"","overlay-gradient":""}},"footnotes":""},"class_list":["post-287","page","type-page","status-publish","hentry"],"yoast_head":"<!-- This site is optimized with the Yoast SEO plugin v27.3 - https:\/\/yoast.com\/product\/yoast-seo-wordpress\/ -->\n<title>Verzending en Levering Info | 3-mmckopen.nl<\/title>\n<meta name=\"description\" content=\"Alles over verzending en levering. Wij versturen altijd Discreet &amp; Anoniem in blanco dozen. Voor 17:00 besteld = vandaag verzonden! Lees meer.\" \/>\n<meta name=\"robots\" content=\"index, follow, max-snippet:-1, max-image-preview:large, max-video-preview:-1\" \/>\n<link rel=\"canonical\" href=\"https:\/\/3-mmckopen.nl\/fr\/verzending-en-levering\/\" \/>\n<meta property=\"og:locale\" content=\"fr_FR\" \/>\n<meta property=\"og:type\" content=\"article\" \/>\n<meta property=\"og:title\" content=\"Verzending en Levering Info | 3-mmckopen.nl\" \/>\n<meta property=\"og:description\" content=\"Alles over verzending en levering. Wij versturen altijd Discreet &amp; Anoniem in blanco dozen. Voor 17:00 besteld = vandaag verzonden! Lees meer.\" \/>\n<meta property=\"og:url\" content=\"https:\/\/3-mmckopen.nl\/fr\/verzending-en-levering\/\" \/>\n<meta property=\"og:site_name\" content=\"3MMC kopen\" \/>\n<meta property=\"article:modified_time\" content=\"2025-12-04T14:34:53+00:00\" \/>\n<meta property=\"og:image\" content=\"https:\/\/3-mmckopen.nl\/wp-content\/uploads\/2021\/01\/PostNL_Logo_750-150x150.jpg\" \/>\n<meta name=\"twitter:card\" content=\"summary_large_image\" \/>\n<meta name=\"twitter:label1\" content=\"Dur\u00e9e de lecture estim\u00e9e\" \/>\n\t<meta name=\"twitter:data1\" content=\"3 minutes\" \/>\n<script type=\"application\/ld+json\" class=\"yoast-schema-graph\">{\"@context\":\"https:\\\/\\\/schema.org\",\"@graph\":[{\"@type\":\"WebPage\",\"@id\":\"https:\\\/\\\/3-mmckopen.nl\\\/verzending-en-levering\\\/\",\"url\":\"https:\\\/\\\/3-mmckopen.nl\\\/verzending-en-levering\\\/\",\"name\":\"Verzending en Levering Info | 3-mmckopen.nl\",\"isPartOf\":{\"@id\":\"https:\\\/\\\/3-mmckopen.nl\\\/#website\"},\"primaryImageOfPage\":{\"@id\":\"https:\\\/\\\/3-mmckopen.nl\\\/verzending-en-levering\\\/#primaryimage\"},\"image\":{\"@id\":\"https:\\\/\\\/3-mmckopen.nl\\\/verzending-en-levering\\\/#primaryimage\"},\"thumbnailUrl\":\"https:\\\/\\\/3-mmckopen.nl\\\/wp-content\\\/uploads\\\/2021\\\/01\\\/PostNL_Logo_750-150x150.jpg\",\"datePublished\":\"2021-01-09T21:08:52+00:00\",\"dateModified\":\"2025-12-04T14:34:53+00:00\",\"description\":\"Alles over verzending en levering. Wij versturen altijd Discreet & Anoniem in blanco dozen. Voor 17:00 besteld = vandaag verzonden! Lees meer.\",\"breadcrumb\":{\"@id\":\"https:\\\/\\\/3-mmckopen.nl\\\/verzending-en-levering\\\/#breadcrumb\"},\"inLanguage\":\"fr-FR\",\"potentialAction\":[{\"@type\":\"ReadAction\",\"target\":[\"https:\\\/\\\/3-mmckopen.nl\\\/verzending-en-levering\\\/\"]}]},{\"@type\":\"ImageObject\",\"inLanguage\":\"fr-FR\",\"@id\":\"https:\\\/\\\/3-mmckopen.nl\\\/verzending-en-levering\\\/#primaryimage\",\"url\":\"https:\\\/\\\/3-mmckopen.nl\\\/wp-content\\\/uploads\\\/2021\\\/01\\\/PostNL_Logo_750-150x150.jpg\",\"contentUrl\":\"https:\\\/\\\/3-mmckopen.nl\\\/wp-content\\\/uploads\\\/2021\\\/01\\\/PostNL_Logo_750-150x150.jpg\"},{\"@type\":\"BreadcrumbList\",\"@id\":\"https:\\\/\\\/3-mmckopen.nl\\\/verzending-en-levering\\\/#breadcrumb\",\"itemListElement\":[{\"@type\":\"ListItem\",\"position\":1,\"name\":\"Home\",\"item\":\"https:\\\/\\\/3-mmckopen.nl\\\/\"},{\"@type\":\"ListItem\",\"position\":2,\"name\":\"Verzending en levering\"}]},{\"@type\":\"WebSite\",\"@id\":\"https:\\\/\\\/3-mmckopen.nl\\\/#website\",\"url\":\"https:\\\/\\\/3-mmckopen.nl\\\/\",\"name\":\"3MMC kopen\",\"description\":\"VOOR ALLE THUIS CHEMISI EN ONDERZOEKERS ONDER ONS\",\"publisher\":{\"@id\":\"https:\\\/\\\/3-mmckopen.nl\\\/#organization\"},\"potentialAction\":[{\"@type\":\"SearchAction\",\"target\":{\"@type\":\"EntryPoint\",\"urlTemplate\":\"https:\\\/\\\/3-mmckopen.nl\\\/?s={search_term_string}\"},\"query-input\":{\"@type\":\"PropertyValueSpecification\",\"valueRequired\":true,\"valueName\":\"search_term_string\"}}],\"inLanguage\":\"fr-FR\"},{\"@type\":\"Organization\",\"@id\":\"https:\\\/\\\/3-mmckopen.nl\\\/#organization\",\"name\":\"3mmc kopen\",\"url\":\"https:\\\/\\\/3-mmckopen.nl\\\/\",\"logo\":{\"@type\":\"ImageObject\",\"inLanguage\":\"fr-FR\",\"@id\":\"https:\\\/\\\/3-mmckopen.nl\\\/#\\\/schema\\\/logo\\\/image\\\/\",\"url\":\"https:\\\/\\\/3-mmckopen.nl\\\/wp-content\\\/uploads\\\/2024\\\/03\\\/3mmckopennl.webp\",\"contentUrl\":\"https:\\\/\\\/3-mmckopen.nl\\\/wp-content\\\/uploads\\\/2024\\\/03\\\/3mmckopennl.webp\",\"width\":300,\"height\":118,\"caption\":\"3mmc kopen\"},\"image\":{\"@id\":\"https:\\\/\\\/3-mmckopen.nl\\\/#\\\/schema\\\/logo\\\/image\\\/\"},\"sameAs\":[\"https:\\\/\\\/www.instagram.com\\\/dehuisprofessor\\\/\",\"https:\\\/\\\/nl.pinterest.com\\\/dehuisprofessor\\\/\",\"https:\\\/\\\/www.youtube.com\\\/channel\\\/UCsGzCVJiHsWLILEEHDzCNqA\"]}]}<\/script>\n<!-- \/ Yoast SEO plugin. -->","yoast_head_json":{"title":"Verzending en Levering Info | 3-mmckopen.nl","description":"Alles over verzending en levering. Wij versturen altijd Discreet & Anoniem in blanco dozen. Voor 17:00 besteld = vandaag verzonden! Lees meer.","robots":{"index":"index","follow":"follow","max-snippet":"max-snippet:-1","max-image-preview":"max-image-preview:large","max-video-preview":"max-video-preview:-1"},"canonical":"https:\/\/3-mmckopen.nl\/fr\/verzending-en-levering\/","og_locale":"fr_FR","og_type":"article","og_title":"Verzending en Levering Info | 3-mmckopen.nl","og_description":"Alles over verzending en levering. Wij versturen altijd Discreet & Anoniem in blanco dozen. Voor 17:00 besteld = vandaag verzonden! Lees meer.","og_url":"https:\/\/3-mmckopen.nl\/fr\/verzending-en-levering\/","og_site_name":"3MMC kopen","article_modified_time":"2025-12-04T14:34:53+00:00","og_image":[{"url":"https:\/\/3-mmckopen.nl\/wp-content\/uploads\/2021\/01\/PostNL_Logo_750-150x150.jpg","type":"","width":"","height":""}],"twitter_card":"summary_large_image","twitter_misc":{"Dur\u00e9e de lecture estim\u00e9e":"3 minutes"},"schema":{"@context":"https:\/\/schema.org","@graph":[{"@type":"WebPage","@id":"https:\/\/3-mmckopen.nl\/verzending-en-levering\/","url":"https:\/\/3-mmckopen.nl\/verzending-en-levering\/","name":"Verzending en Levering Info | 3-mmckopen.nl","isPartOf":{"@id":"https:\/\/3-mmckopen.nl\/#website"},"primaryImageOfPage":{"@id":"https:\/\/3-mmckopen.nl\/verzending-en-levering\/#primaryimage"},"image":{"@id":"https:\/\/3-mmckopen.nl\/verzending-en-levering\/#primaryimage"},"thumbnailUrl":"https:\/\/3-mmckopen.nl\/wp-content\/uploads\/2021\/01\/PostNL_Logo_750-150x150.jpg","datePublished":"2021-01-09T21:08:52+00:00","dateModified":"2025-12-04T14:34:53+00:00","description":"Alles over verzending en levering. Wij versturen altijd Discreet & Anoniem in blanco dozen. Voor 17:00 besteld = vandaag verzonden! Lees meer.","breadcrumb":{"@id":"https:\/\/3-mmckopen.nl\/verzending-en-levering\/#breadcrumb"},"inLanguage":"fr-FR","potentialAction":[{"@type":"ReadAction","target":["https:\/\/3-mmckopen.nl\/verzending-en-levering\/"]}]},{"@type":"ImageObject","inLanguage":"fr-FR","@id":"https:\/\/3-mmckopen.nl\/verzending-en-levering\/#primaryimage","url":"https:\/\/3-mmckopen.nl\/wp-content\/uploads\/2021\/01\/PostNL_Logo_750-150x150.jpg","contentUrl":"https:\/\/3-mmckopen.nl\/wp-content\/uploads\/2021\/01\/PostNL_Logo_750-150x150.jpg"},{"@type":"BreadcrumbList","@id":"https:\/\/3-mmckopen.nl\/verzending-en-levering\/#breadcrumb","itemListElement":[{"@type":"ListItem","position":1,"name":"Home","item":"https:\/\/3-mmckopen.nl\/"},{"@type":"ListItem","position":2,"name":"Verzending en levering"}]},{"@type":"WebSite","@id":"https:\/\/3-mmckopen.nl\/#website","url":"https:\/\/3-mmckopen.nl\/","name":"acheter 3MMC","description":"POUR TOUS LES CHEMISEURS \u00c0 LA MAISON ET LES CHERCHEURS D&#039;ENTRE NOUS","publisher":{"@id":"https:\/\/3-mmckopen.nl\/#organization"},"potentialAction":[{"@type":"SearchAction","target":{"@type":"EntryPoint","urlTemplate":"https:\/\/3-mmckopen.nl\/?s={search_term_string}"},"query-input":{"@type":"PropertyValueSpecification","valueRequired":true,"valueName":"search_term_string"}}],"inLanguage":"fr-FR"},{"@type":"Organization","@id":"https:\/\/3-mmckopen.nl\/#organization","name":"3mmc kopen","url":"https:\/\/3-mmckopen.nl\/","logo":{"@type":"ImageObject","inLanguage":"fr-FR","@id":"https:\/\/3-mmckopen.nl\/#\/schema\/logo\/image\/","url":"https:\/\/3-mmckopen.nl\/wp-content\/uploads\/2024\/03\/3mmckopennl.webp","contentUrl":"https:\/\/3-mmckopen.nl\/wp-content\/uploads\/2024\/03\/3mmckopennl.webp","width":300,"height":118,"caption":"3mmc kopen"},"image":{"@id":"https:\/\/3-mmckopen.nl\/#\/schema\/logo\/image\/"},"sameAs":["https:\/\/www.instagram.com\/dehuisprofessor\/","https:\/\/nl.pinterest.com\/dehuisprofessor\/","https:\/\/www.youtube.com\/channel\/UCsGzCVJiHsWLILEEHDzCNqA"]}]}},"_links":{"self":[{"href":"https:\/\/3-mmckopen.nl\/fr\/wp-json\/wp\/v2\/pages\/287","targetHints":{"allow":["GET"]}}],"collection":[{"href":"https:\/\/3-mmckopen.nl\/fr\/wp-json\/wp\/v2\/pages"}],"about":[{"href":"https:\/\/3-mmckopen.nl\/fr\/wp-json\/wp\/v2\/types\/page"}],"author":[{"embeddable":true,"href":"https:\/\/3-mmckopen.nl\/fr\/wp-json\/wp\/v2\/users\/199606847"}],"replies":[{"embeddable":true,"href":"https:\/\/3-mmckopen.nl\/fr\/wp-json\/wp\/v2\/comments?post=287"}],"version-history":[{"count":1,"href":"https:\/\/3-mmckopen.nl\/fr\/wp-json\/wp\/v2\/pages\/287\/revisions"}],"predecessor-version":[{"id":79036,"href":"https:\/\/3-mmckopen.nl\/fr\/wp-json\/wp\/v2\/pages\/287\/revisions\/79036"}],"wp:attachment":[{"href":"https:\/\/3-mmckopen.nl\/fr\/wp-json\/wp\/v2\/media?parent=287"}],"curies":[{"name":"wp","href":"https:\/\/api.w.org\/{rel}","templated":true}]}}