{"id":13040,"date":"2022-01-30T17:51:58","date_gmt":"2022-01-30T16:51:58","guid":{"rendered":"https:\/\/3-mmckopen.nl\/?post_type=product&#038;p=13040"},"modified":"2025-07-21T13:36:06","modified_gmt":"2025-07-21T11:36:06","slug":"party-me-party-pills","status":"publish","type":"product","link":"https:\/\/3-mmckopen.nl\/fr\/3mmc-kopen\/shop\/smartshop\/smartdrugs\/party-me-party-pills\/","title":{"rendered":"Party Me \u2013 pilules de f\u00eate"},"content":{"rendered":"<h1 class=\"product_title entry-title\"><strong>Acheter des pilules Party Me<\/strong><\/h1>\n<p><strong>F\u00eate moi\u00a0:<\/strong><\/p>\n<p>Besoin d&#039;en dire plus ?!?<\/p>\n<p>Party Me est le stimulateur cardiaque qui vous donne de l&#039;\u00e9nergie pour des nuits longues et exub\u00e9rantes. Donnez \u00e0 vos nuits un suppl\u00e9ment d&#039;\u00e9nergie et un coup de pouce heureux. Party me est le PartyPill pour une nuit d\u00e9complex\u00e9e pleine d&#039;euphorie avec un high l\u00e9ger.<\/p>\n<p><strong>Usage:<\/strong><\/p>\n<p>Prendre un maximum de 2 g\u00e9lules 30 \u00e0 45 minutes avant l&#039;effet d\u00e9sir\u00e9 avec suffisamment d&#039;eau ou de jus de fruit.<\/p>\n<p><strong>Description:<\/strong><\/p>\n<p>La Me-Line a \u00e9t\u00e9 d\u00e9velopp\u00e9e par et pour McSmart pour atteindre un autre niveau sur une base naturelle. Gr\u00e2ce au d\u00e9veloppement de cette ligne, nous vous offrons une exp\u00e9rience s\u00e9curitaire, l\u00e9gale et abordable que vous appr\u00e9cierez! Profitez des merveilleuses exp\u00e9riences que la ligne Me peut vous offrir et laissez-vous surprendre par les merveilleuses propri\u00e9t\u00e9s de ces herbes.<\/p>\n<p><strong>Avertissement:<\/strong><\/p>\n<p>Vente et utilisation interdites aux moins de 18 ans. Ne pas utiliser un compl\u00e9ment alimentaire comme substitut d&#039;une alimentation vari\u00e9e. Tenir hors de port\u00e9e des enfants. Ne pas utiliser en association avec des m\u00e9dicaments ou d&#039;autres simulants, en cas d&#039;hypertension\/hypotension art\u00e9rielle, de probl\u00e8mes cardiaques, de grossesse et d&#039;allaitement, de troubles thyro\u00efdiens, de maladies r\u00e9nales, de d\u00e9pression, de nervosit\u00e9 et lors de l&#039;utilisation d&#039;inhibiteurs de la MAO, faire attention \u00e0 une consommation excessive d&#039;alcool. Ne pas d\u00e9passer la dose maximale.<\/p>\n<p><strong>Ingr\u00e9dients:<\/strong><\/p>\n<p>Caf\u00e9ine (140 mg), vitamine C (75 mg), vitamine B12 (0,25 mg), vitamine B6 (10 mg), vitamine E (10 mg), m\u00e9lange d&#039;herbes \u00e0 base de niacine (215 mg), L-tryptophane, Citrus Aurantium et L-tyrolsine<\/p>","protected":false},"excerpt":{"rendered":"<p>Party Me party pills kopen Party Me: Need to say more?!? Party Me is de gangmaker die je de energie geeft voor lange en uitbundige nachten. Geef je nachten extra energie en een gelukkige boost. Party me is de PartyPill voor een ongeremde nacht vol euforie met een lichte high. Gebruik: Neem 30 tot 45 [&hellip;]<\/p>\n","protected":false},"featured_media":13081,"comment_status":"closed","ping_status":"closed","template":"","meta":{"site-sidebar-layout":"default","site-content-layout":"default","ast-site-content-layout":"default","site-content-style":"default","site-sidebar-style":"default","ast-global-header-display":"","ast-banner-title-visibility":"","ast-main-header-display":"","ast-hfb-above-header-display":"","ast-hfb-below-header-display":"","ast-hfb-mobile-header-display":"","site-post-title":"","ast-breadcrumbs-content":"","ast-featured-img":"","footer-sml-layout":"","theme-transparent-header-meta":"default","adv-header-id-meta":"","stick-header-meta":"","header-above-stick-meta":"","header-main-stick-meta":"","header-below-stick-meta":"","astra-migrate-meta-layouts":"default","ast-page-background-enabled":"default","ast-page-background-meta":{"desktop":{"background-color":"","background-image":"","background-repeat":"repeat","background-position":"center center","background-size":"auto","background-attachment":"scroll","background-type":"","background-media":"","overlay-type":"","overlay-color":"","overlay-opacity":"","overlay-gradient":""},"tablet":{"background-color":"","background-image":"","background-repeat":"repeat","background-position":"center center","background-size":"auto","background-attachment":"scroll","background-type":"","background-media":"","overlay-type":"","overlay-color":"","overlay-opacity":"","overlay-gradient":""},"mobile":{"background-color":"","background-image":"","background-repeat":"repeat","background-position":"center center","background-size":"auto","background-attachment":"scroll","background-type":"","background-media":"","overlay-type":"","overlay-color":"","overlay-opacity":"","overlay-gradient":""}},"ast-content-background-meta":{"desktop":{"background-color":"var(--ast-global-color-5)","background-image":"","background-repeat":"repeat","background-position":"center center","background-size":"auto","background-attachment":"scroll","background-type":"","background-media":"","overlay-type":"","overlay-color":"","overlay-opacity":"","overlay-gradient":""},"tablet":{"background-color":"var(--ast-global-color-5)","background-image":"","background-repeat":"repeat","background-position":"center center","background-size":"auto","background-attachment":"scroll","background-type":"","background-media":"","overlay-type":"","overlay-color":"","overlay-opacity":"","overlay-gradient":""},"mobile":{"background-color":"var(--ast-global-color-5)","background-image":"","background-repeat":"repeat","background-position":"center center","background-size":"auto","background-attachment":"scroll","background-type":"","background-media":"","overlay-type":"","overlay-color":"","overlay-opacity":"","overlay-gradient":""}}},"product_brand":[],"product_cat":[20319,20309],"product_tag":[20320],"class_list":{"0":"post-13040","1":"product","2":"type-product","3":"status-publish","4":"has-post-thumbnail","6":"product_cat-smartdrugs","7":"product_cat-smartshop","8":"product_tag-party-supplementen","9":"desktop-align-center","10":"tablet-align-center","11":"mobile-align-center","13":"first","14":"outofstock","15":"shipping-taxable","16":"purchasable","17":"product-type-simple"},"yoast_head":"<!-- This site is optimized with the Yoast SEO plugin v27.4 - https:\/\/yoast.com\/product\/yoast-seo-wordpress\/ -->\n<title>Party Me - Party pills Kopen? - Op=Op- 3MMC kopen<\/title>\n<meta name=\"description\" content=\"Bij 3MMC kopen kun je gemakkelijk en snel Party Me - Party pills bestellen en morgen al onderzoeken! Voor 17:00 besteld is vandaag al verzonden. Wees er snel bij.\" \/>\n<meta name=\"robots\" content=\"index, follow, max-snippet:-1, max-image-preview:large, max-video-preview:-1\" \/>\n<link rel=\"canonical\" href=\"https:\/\/3-mmckopen.nl\/fr\/3mmc-kopen\/shop\/smartshop\/smartdrugs\/party-me-party-pills\/\" \/>\n<meta property=\"og:locale\" content=\"fr_FR\" \/>\n<meta property=\"og:type\" content=\"article\" \/>\n<meta property=\"og:title\" content=\"Party Me - Party pills Kopen? - Op=Op- 3MMC kopen\" \/>\n<meta property=\"og:description\" content=\"Bij 3MMC kopen kun je gemakkelijk en snel Party Me - Party pills bestellen en morgen al onderzoeken! Voor 17:00 besteld is vandaag al verzonden. Wees er snel bij.\" \/>\n<meta property=\"og:url\" content=\"https:\/\/3-mmckopen.nl\/fr\/3mmc-kopen\/shop\/smartshop\/smartdrugs\/party-me-party-pills\/\" \/>\n<meta property=\"og:site_name\" content=\"3MMC kopen\" \/>\n<meta property=\"article:modified_time\" content=\"2025-07-21T11:36:06+00:00\" \/>\n<meta property=\"og:image\" content=\"https:\/\/3-mmckopen.nl\/wp-content\/uploads\/2022\/01\/1480-600x600-1.jpg\" \/>\n\t<meta property=\"og:image:width\" content=\"600\" \/>\n\t<meta property=\"og:image:height\" content=\"600\" \/>\n\t<meta property=\"og:image:type\" content=\"image\/jpeg\" \/>\n<meta name=\"twitter:card\" content=\"summary_large_image\" \/>\n<meta name=\"twitter:label1\" content=\"Dur\u00e9e de lecture estim\u00e9e\" \/>\n\t<meta name=\"twitter:data1\" content=\"1 minute\" \/>\n<script type=\"application\/ld+json\" class=\"yoast-schema-graph\">{\"@context\":\"https:\\\/\\\/schema.org\",\"@graph\":[{\"@type\":\"WebPage\",\"@id\":\"https:\\\/\\\/3-mmckopen.nl\\\/de\\\/3mmc-kopen\\\/shop\\\/smartshop\\\/smartdrugs\\\/party-me-party-pills\\\/\",\"url\":\"https:\\\/\\\/3-mmckopen.nl\\\/de\\\/3mmc-kopen\\\/shop\\\/smartshop\\\/smartdrugs\\\/party-me-party-pills\\\/\",\"name\":\"Party Me - Party pills Kopen? - Op=Op- 3MMC kopen\",\"isPartOf\":{\"@id\":\"https:\\\/\\\/3-mmckopen.nl\\\/#website\"},\"primaryImageOfPage\":{\"@id\":\"https:\\\/\\\/3-mmckopen.nl\\\/de\\\/3mmc-kopen\\\/shop\\\/smartshop\\\/smartdrugs\\\/party-me-party-pills\\\/#primaryimage\"},\"image\":{\"@id\":\"https:\\\/\\\/3-mmckopen.nl\\\/de\\\/3mmc-kopen\\\/shop\\\/smartshop\\\/smartdrugs\\\/party-me-party-pills\\\/#primaryimage\"},\"thumbnailUrl\":\"https:\\\/\\\/3-mmckopen.nl\\\/wp-content\\\/uploads\\\/2022\\\/01\\\/1480-600x600-1.jpg\",\"datePublished\":\"2022-01-30T16:51:58+00:00\",\"dateModified\":\"2025-07-21T11:36:06+00:00\",\"description\":\"Bij 3MMC kopen kun je gemakkelijk en snel Party Me - Party pills bestellen en morgen al onderzoeken! Voor 17:00 besteld is vandaag al verzonden. Wees er snel bij.\",\"breadcrumb\":{\"@id\":\"https:\\\/\\\/3-mmckopen.nl\\\/de\\\/3mmc-kopen\\\/shop\\\/smartshop\\\/smartdrugs\\\/party-me-party-pills\\\/#breadcrumb\"},\"inLanguage\":\"fr-FR\",\"potentialAction\":[{\"@type\":\"ReadAction\",\"target\":[\"https:\\\/\\\/3-mmckopen.nl\\\/de\\\/3mmc-kopen\\\/shop\\\/smartshop\\\/smartdrugs\\\/party-me-party-pills\\\/\"]}]},{\"@type\":\"ImageObject\",\"inLanguage\":\"fr-FR\",\"@id\":\"https:\\\/\\\/3-mmckopen.nl\\\/de\\\/3mmc-kopen\\\/shop\\\/smartshop\\\/smartdrugs\\\/party-me-party-pills\\\/#primaryimage\",\"url\":\"https:\\\/\\\/3-mmckopen.nl\\\/wp-content\\\/uploads\\\/2022\\\/01\\\/1480-600x600-1.jpg\",\"contentUrl\":\"https:\\\/\\\/3-mmckopen.nl\\\/wp-content\\\/uploads\\\/2022\\\/01\\\/1480-600x600-1.jpg\",\"width\":600,\"height\":600},{\"@type\":\"BreadcrumbList\",\"@id\":\"https:\\\/\\\/3-mmckopen.nl\\\/de\\\/3mmc-kopen\\\/shop\\\/smartshop\\\/smartdrugs\\\/party-me-party-pills\\\/#breadcrumb\",\"itemListElement\":[{\"@type\":\"ListItem\",\"position\":1,\"name\":\"Home\",\"item\":\"https:\\\/\\\/3-mmckopen.nl\\\/\"},{\"@type\":\"ListItem\",\"position\":2,\"name\":\"Winkel\",\"item\":\"https:\\\/\\\/3-mmckopen.nl\\\/winkel\\\/\"},{\"@type\":\"ListItem\",\"position\":3,\"name\":\"Party Me &#8211; Party pills\"}]},{\"@type\":\"WebSite\",\"@id\":\"https:\\\/\\\/3-mmckopen.nl\\\/#website\",\"url\":\"https:\\\/\\\/3-mmckopen.nl\\\/\",\"name\":\"3MMC kopen\",\"description\":\"VOOR ALLE THUIS CHEMISI EN ONDERZOEKERS ONDER ONS\",\"publisher\":{\"@id\":\"https:\\\/\\\/3-mmckopen.nl\\\/#organization\"},\"potentialAction\":[{\"@type\":\"SearchAction\",\"target\":{\"@type\":\"EntryPoint\",\"urlTemplate\":\"https:\\\/\\\/3-mmckopen.nl\\\/?s={search_term_string}\"},\"query-input\":{\"@type\":\"PropertyValueSpecification\",\"valueRequired\":true,\"valueName\":\"search_term_string\"}}],\"inLanguage\":\"fr-FR\"},{\"@type\":\"Organization\",\"@id\":\"https:\\\/\\\/3-mmckopen.nl\\\/#organization\",\"name\":\"3mmc kopen\",\"url\":\"https:\\\/\\\/3-mmckopen.nl\\\/\",\"logo\":{\"@type\":\"ImageObject\",\"inLanguage\":\"fr-FR\",\"@id\":\"https:\\\/\\\/3-mmckopen.nl\\\/#\\\/schema\\\/logo\\\/image\\\/\",\"url\":\"https:\\\/\\\/3-mmckopen.nl\\\/wp-content\\\/uploads\\\/2024\\\/03\\\/3mmckopennl.webp\",\"contentUrl\":\"https:\\\/\\\/3-mmckopen.nl\\\/wp-content\\\/uploads\\\/2024\\\/03\\\/3mmckopennl.webp\",\"width\":300,\"height\":118,\"caption\":\"3mmc kopen\"},\"image\":{\"@id\":\"https:\\\/\\\/3-mmckopen.nl\\\/#\\\/schema\\\/logo\\\/image\\\/\"},\"sameAs\":[\"https:\\\/\\\/www.instagram.com\\\/dehuisprofessor\\\/\",\"https:\\\/\\\/nl.pinterest.com\\\/dehuisprofessor\\\/\",\"https:\\\/\\\/www.youtube.com\\\/channel\\\/UCsGzCVJiHsWLILEEHDzCNqA\"]}]}<\/script>\n<!-- \/ Yoast SEO plugin. -->","yoast_head_json":{"title":"Party Me - Party pills Kopen? - Op=Op- 3MMC kopen","description":"Bij 3MMC kopen kun je gemakkelijk en snel Party Me - Party pills bestellen en morgen al onderzoeken! Voor 17:00 besteld is vandaag al verzonden. Wees er snel bij.","robots":{"index":"index","follow":"follow","max-snippet":"max-snippet:-1","max-image-preview":"max-image-preview:large","max-video-preview":"max-video-preview:-1"},"canonical":"https:\/\/3-mmckopen.nl\/fr\/3mmc-kopen\/shop\/smartshop\/smartdrugs\/party-me-party-pills\/","og_locale":"fr_FR","og_type":"article","og_title":"Party Me - Party pills Kopen? - Op=Op- 3MMC kopen","og_description":"Bij 3MMC kopen kun je gemakkelijk en snel Party Me - Party pills bestellen en morgen al onderzoeken! Voor 17:00 besteld is vandaag al verzonden. Wees er snel bij.","og_url":"https:\/\/3-mmckopen.nl\/fr\/3mmc-kopen\/shop\/smartshop\/smartdrugs\/party-me-party-pills\/","og_site_name":"3MMC kopen","article_modified_time":"2025-07-21T11:36:06+00:00","og_image":[{"width":600,"height":600,"url":"https:\/\/3-mmckopen.nl\/wp-content\/uploads\/2022\/01\/1480-600x600-1.jpg","type":"image\/jpeg"}],"twitter_card":"summary_large_image","twitter_misc":{"Dur\u00e9e de lecture estim\u00e9e":"1 minute"},"schema":{"@context":"https:\/\/schema.org","@graph":[{"@type":"WebPage","@id":"https:\/\/3-mmckopen.nl\/de\/3mmc-kopen\/shop\/smartshop\/smartdrugs\/party-me-party-pills\/","url":"https:\/\/3-mmckopen.nl\/de\/3mmc-kopen\/shop\/smartshop\/smartdrugs\/party-me-party-pills\/","name":"Party Me - Party pills Kopen? - Op=Op- 3MMC kopen","isPartOf":{"@id":"https:\/\/3-mmckopen.nl\/#website"},"primaryImageOfPage":{"@id":"https:\/\/3-mmckopen.nl\/de\/3mmc-kopen\/shop\/smartshop\/smartdrugs\/party-me-party-pills\/#primaryimage"},"image":{"@id":"https:\/\/3-mmckopen.nl\/de\/3mmc-kopen\/shop\/smartshop\/smartdrugs\/party-me-party-pills\/#primaryimage"},"thumbnailUrl":"https:\/\/3-mmckopen.nl\/wp-content\/uploads\/2022\/01\/1480-600x600-1.jpg","datePublished":"2022-01-30T16:51:58+00:00","dateModified":"2025-07-21T11:36:06+00:00","description":"Bij 3MMC kopen kun je gemakkelijk en snel Party Me - Party pills bestellen en morgen al onderzoeken! Voor 17:00 besteld is vandaag al verzonden. Wees er snel bij.","breadcrumb":{"@id":"https:\/\/3-mmckopen.nl\/de\/3mmc-kopen\/shop\/smartshop\/smartdrugs\/party-me-party-pills\/#breadcrumb"},"inLanguage":"fr-FR","potentialAction":[{"@type":"ReadAction","target":["https:\/\/3-mmckopen.nl\/de\/3mmc-kopen\/shop\/smartshop\/smartdrugs\/party-me-party-pills\/"]}]},{"@type":"ImageObject","inLanguage":"fr-FR","@id":"https:\/\/3-mmckopen.nl\/de\/3mmc-kopen\/shop\/smartshop\/smartdrugs\/party-me-party-pills\/#primaryimage","url":"https:\/\/3-mmckopen.nl\/wp-content\/uploads\/2022\/01\/1480-600x600-1.jpg","contentUrl":"https:\/\/3-mmckopen.nl\/wp-content\/uploads\/2022\/01\/1480-600x600-1.jpg","width":600,"height":600},{"@type":"BreadcrumbList","@id":"https:\/\/3-mmckopen.nl\/de\/3mmc-kopen\/shop\/smartshop\/smartdrugs\/party-me-party-pills\/#breadcrumb","itemListElement":[{"@type":"ListItem","position":1,"name":"Home","item":"https:\/\/3-mmckopen.nl\/"},{"@type":"ListItem","position":2,"name":"Winkel","item":"https:\/\/3-mmckopen.nl\/winkel\/"},{"@type":"ListItem","position":3,"name":"Party Me &#8211; Party pills"}]},{"@type":"WebSite","@id":"https:\/\/3-mmckopen.nl\/#website","url":"https:\/\/3-mmckopen.nl\/","name":"acheter 3MMC","description":"POUR TOUS LES CHEMISEURS \u00c0 LA MAISON ET LES CHERCHEURS D&#039;ENTRE NOUS","publisher":{"@id":"https:\/\/3-mmckopen.nl\/#organization"},"potentialAction":[{"@type":"SearchAction","target":{"@type":"EntryPoint","urlTemplate":"https:\/\/3-mmckopen.nl\/?s={search_term_string}"},"query-input":{"@type":"PropertyValueSpecification","valueRequired":true,"valueName":"search_term_string"}}],"inLanguage":"fr-FR"},{"@type":"Organization","@id":"https:\/\/3-mmckopen.nl\/#organization","name":"3mmc kopen","url":"https:\/\/3-mmckopen.nl\/","logo":{"@type":"ImageObject","inLanguage":"fr-FR","@id":"https:\/\/3-mmckopen.nl\/#\/schema\/logo\/image\/","url":"https:\/\/3-mmckopen.nl\/wp-content\/uploads\/2024\/03\/3mmckopennl.webp","contentUrl":"https:\/\/3-mmckopen.nl\/wp-content\/uploads\/2024\/03\/3mmckopennl.webp","width":300,"height":118,"caption":"3mmc kopen"},"image":{"@id":"https:\/\/3-mmckopen.nl\/#\/schema\/logo\/image\/"},"sameAs":["https:\/\/www.instagram.com\/dehuisprofessor\/","https:\/\/nl.pinterest.com\/dehuisprofessor\/","https:\/\/www.youtube.com\/channel\/UCsGzCVJiHsWLILEEHDzCNqA"]}]}},"_links":{"self":[{"href":"https:\/\/3-mmckopen.nl\/fr\/wp-json\/wp\/v2\/product\/13040","targetHints":{"allow":["GET"]}}],"collection":[{"href":"https:\/\/3-mmckopen.nl\/fr\/wp-json\/wp\/v2\/product"}],"about":[{"href":"https:\/\/3-mmckopen.nl\/fr\/wp-json\/wp\/v2\/types\/product"}],"replies":[{"embeddable":true,"href":"https:\/\/3-mmckopen.nl\/fr\/wp-json\/wp\/v2\/comments?post=13040"}],"version-history":[{"count":0,"href":"https:\/\/3-mmckopen.nl\/fr\/wp-json\/wp\/v2\/product\/13040\/revisions"}],"wp:featuredmedia":[{"embeddable":true,"href":"https:\/\/3-mmckopen.nl\/fr\/wp-json\/wp\/v2\/media\/13081"}],"wp:attachment":[{"href":"https:\/\/3-mmckopen.nl\/fr\/wp-json\/wp\/v2\/media?parent=13040"}],"wp:term":[{"taxonomy":"product_brand","embeddable":true,"href":"https:\/\/3-mmckopen.nl\/fr\/wp-json\/wp\/v2\/product_brand?post=13040"},{"taxonomy":"product_cat","embeddable":true,"href":"https:\/\/3-mmckopen.nl\/fr\/wp-json\/wp\/v2\/product_cat?post=13040"},{"taxonomy":"product_tag","embeddable":true,"href":"https:\/\/3-mmckopen.nl\/fr\/wp-json\/wp\/v2\/product_tag?post=13040"}],"curies":[{"name":"wp","href":"https:\/\/api.w.org\/{rel}","templated":true}]}}