{"id":13050,"date":"2022-01-30T17:52:12","date_gmt":"2022-01-30T16:52:12","guid":{"rendered":"https:\/\/3-mmckopen.nl\/?post_type=product&#038;p=13050"},"modified":"2026-03-01T15:18:02","modified_gmt":"2026-03-01T14:18:02","slug":"royal-c","status":"publish","type":"product","link":"https:\/\/3-mmckopen.nl\/fr\/3mmc-kopen\/shop\/smartshop\/smartdrugs\/royal-c\/","title":{"rendered":"Royal C"},"content":{"rendered":"<h1 class=\"product_title entry-title\"><strong>Acheter Royal C \u2013 15 ml<\/strong><\/h1>\n<p><strong>Op\u00e9ration:<\/strong><\/p>\n<p>Royal C est un shooter \u00e0 base de plantes. Cet extrait de plantes procure une sensation \u00e9nerg\u00e9tique tr\u00e8s forte. La sensation peut durer environ 4 heures. Assez longtemps pour devenir fou en sortant.<\/p>\n<p><strong>Usage:<\/strong>\u00a0Bien agiter jusqu&#039;\u00e0 ce que le contenu soit compl\u00e8tement dissous. Prendre une heure apr\u00e8s les repas. Tout d&#039;abord, buvez-en la moiti\u00e9 pour tester votre r\u00e9ponse. Apr\u00e8s avoir pris un verre d&#039;eau.<\/p>\n<p><strong>Description:<\/strong><\/p>\n<p>La Royal Line a \u00e9t\u00e9 d\u00e9velopp\u00e9e par et pour McSmart pour atteindre naturellement un autre niveau. Gr\u00e2ce au d\u00e9veloppement de cette ligne, nous vous offrons une exp\u00e9rience s\u00fbre, l\u00e9gale et abordable que vous appr\u00e9cierez !! En raison de la forme liquide, les injections sont rapidement absorb\u00e9es par le corps et l&#039;effet se fait rapidement sentir. Profitez des merveilleuses exp\u00e9riences que les Royals vous offrent et laissez-vous surprendre par les merveilleuses propri\u00e9t\u00e9s de ces herbes.<\/p>\n<p><strong>Dosage recommand\u00e9:<\/strong>\u00a05 \u00e0 15 ml<\/p>\n<p><strong>Dosage:<\/strong><\/p>\n<p><strong>Effet doux\u00a0:<\/strong>\u00a0&lt; 5ml<\/p>\n<p><strong>Effet raisonnable\/bon\u00a0:<\/strong>\u00a0&gt;10ml<\/p>\n<p>Fort\u00a0<strong>Effet:<\/strong>\u00a0&gt; 10-15ml<\/p>\n<p><strong>Avertissement:<\/strong><\/p>\n<p>Vente et utilisation interdites aux moins de 18 ans. Tenir hors de port\u00e9e des enfants. Ne pas utiliser si vous souffrez d&#039;hypertension ou d&#039;hypotension art\u00e9rielle, de probl\u00e8mes cardiaques et\/ou pulmonaires, de diab\u00e8te, de grossesse, si vous prenez des m\u00e9dicaments, des drogues ou de l&#039;alcool.<\/p>\n<p><strong>Ingr\u00e9dients:<\/strong><\/p>\n<p>Paulina Cupana<\/p>\n<p>Citrus Aurantium 6%<\/p>\n<p>Dextro<\/p>\n<p>Glycyrrhizal 25%<\/p>\n<p>Potassium\u00a0: 375\u00a0mg<\/p>\n<p>Ph\u00e9nylalanine<\/p>\n<p>ar\u00f4me<\/p>","protected":false},"excerpt":{"rendered":"<p>Royal C kopen \u2013 15 ml Werking: Royal C is een herbal shooter. Dit kruidenextract geeft een zeer sterk energiek gevoel. Het gevoel kan ongeveer 4 uur duren. Lang genoeg om tijdens het stappen lekker uit je dak te gaan. Gebruik:\u00a0Goed schudden totdat de inhoud volledig opgelost is. Een uur na de maaltijd innemen. Drink [&hellip;]<\/p>\n","protected":false},"featured_media":13108,"comment_status":"closed","ping_status":"closed","template":"","meta":{"site-sidebar-layout":"default","site-content-layout":"default","ast-site-content-layout":"default","site-content-style":"default","site-sidebar-style":"default","ast-global-header-display":"","ast-banner-title-visibility":"","ast-main-header-display":"","ast-hfb-above-header-display":"","ast-hfb-below-header-display":"","ast-hfb-mobile-header-display":"","site-post-title":"","ast-breadcrumbs-content":"","ast-featured-img":"","footer-sml-layout":"","theme-transparent-header-meta":"default","adv-header-id-meta":"","stick-header-meta":"","header-above-stick-meta":"","header-main-stick-meta":"","header-below-stick-meta":"","astra-migrate-meta-layouts":"set","ast-page-background-enabled":"default","ast-page-background-meta":{"desktop":{"background-color":"","background-image":"","background-repeat":"repeat","background-position":"center center","background-size":"auto","background-attachment":"scroll","background-type":"","background-media":"","overlay-type":"","overlay-color":"","overlay-opacity":"","overlay-gradient":""},"tablet":{"background-color":"","background-image":"","background-repeat":"repeat","background-position":"center center","background-size":"auto","background-attachment":"scroll","background-type":"","background-media":"","overlay-type":"","overlay-color":"","overlay-opacity":"","overlay-gradient":""},"mobile":{"background-color":"","background-image":"","background-repeat":"repeat","background-position":"center center","background-size":"auto","background-attachment":"scroll","background-type":"","background-media":"","overlay-type":"","overlay-color":"","overlay-opacity":"","overlay-gradient":""}},"ast-content-background-meta":{"desktop":{"background-color":"var(--ast-global-color-5)","background-image":"","background-repeat":"repeat","background-position":"center center","background-size":"auto","background-attachment":"scroll","background-type":"","background-media":"","overlay-type":"","overlay-color":"","overlay-opacity":"","overlay-gradient":""},"tablet":{"background-color":"var(--ast-global-color-5)","background-image":"","background-repeat":"repeat","background-position":"center center","background-size":"auto","background-attachment":"scroll","background-type":"","background-media":"","overlay-type":"","overlay-color":"","overlay-opacity":"","overlay-gradient":""},"mobile":{"background-color":"var(--ast-global-color-5)","background-image":"","background-repeat":"repeat","background-position":"center center","background-size":"auto","background-attachment":"scroll","background-type":"","background-media":"","overlay-type":"","overlay-color":"","overlay-opacity":"","overlay-gradient":""}}},"product_brand":[],"product_cat":[20319,20309],"product_tag":[20320],"class_list":{"0":"post-13050","1":"product","2":"type-product","3":"status-publish","4":"has-post-thumbnail","6":"product_cat-smartdrugs","7":"product_cat-smartshop","8":"product_tag-party-supplementen","9":"desktop-align-center","10":"tablet-align-center","11":"mobile-align-center","13":"first","14":"instock","15":"shipping-taxable","16":"purchasable","17":"product-type-simple"},"yoast_head":"<!-- This site is optimized with the Yoast SEO plugin v27.4 - https:\/\/yoast.com\/product\/yoast-seo-wordpress\/ -->\n<title>Royal C Kopen? - Op=Op- 3MMC kopen<\/title>\n<meta name=\"description\" content=\"Bij 3MMC kopen kun je gemakkelijk en snel Royal C bestellen en morgen al onderzoeken! Voor 17:00 besteld is vandaag al verzonden. Wees er snel bij.\" \/>\n<meta name=\"robots\" content=\"index, follow, max-snippet:-1, max-image-preview:large, max-video-preview:-1\" \/>\n<link rel=\"canonical\" href=\"https:\/\/3-mmckopen.nl\/fr\/3mmc-kopen\/shop\/smartshop\/smartdrugs\/royal-c\/\" \/>\n<meta property=\"og:locale\" content=\"fr_FR\" \/>\n<meta property=\"og:type\" content=\"article\" \/>\n<meta property=\"og:title\" content=\"Royal C Kopen? - Op=Op- 3MMC kopen\" \/>\n<meta property=\"og:description\" content=\"Bij 3MMC kopen kun je gemakkelijk en snel Royal C bestellen en morgen al onderzoeken! Voor 17:00 besteld is vandaag al verzonden. Wees er snel bij.\" \/>\n<meta property=\"og:url\" content=\"https:\/\/3-mmckopen.nl\/fr\/3mmc-kopen\/shop\/smartshop\/smartdrugs\/royal-c\/\" \/>\n<meta property=\"og:site_name\" content=\"3MMC kopen\" \/>\n<meta property=\"article:modified_time\" content=\"2026-03-01T14:18:02+00:00\" \/>\n<meta property=\"og:image\" content=\"https:\/\/3-mmckopen.nl\/wp-content\/uploads\/2022\/01\/1506.jpg\" \/>\n\t<meta property=\"og:image:width\" content=\"900\" \/>\n\t<meta property=\"og:image:height\" content=\"900\" \/>\n\t<meta property=\"og:image:type\" content=\"image\/jpeg\" \/>\n<meta name=\"twitter:card\" content=\"summary_large_image\" \/>\n<meta name=\"twitter:label1\" content=\"Dur\u00e9e de lecture estim\u00e9e\" \/>\n\t<meta name=\"twitter:data1\" content=\"2 minutes\" \/>\n<script type=\"application\/ld+json\" class=\"yoast-schema-graph\">{\"@context\":\"https:\\\/\\\/schema.org\",\"@graph\":[{\"@type\":\"WebPage\",\"@id\":\"https:\\\/\\\/3-mmckopen.nl\\\/3mmc-kopen\\\/shop\\\/smartshop\\\/smartdrugs\\\/royal-c\\\/\",\"url\":\"https:\\\/\\\/3-mmckopen.nl\\\/3mmc-kopen\\\/shop\\\/smartshop\\\/smartdrugs\\\/royal-c\\\/\",\"name\":\"Royal C Kopen? - Op=Op- 3MMC kopen\",\"isPartOf\":{\"@id\":\"https:\\\/\\\/3-mmckopen.nl\\\/#website\"},\"primaryImageOfPage\":{\"@id\":\"https:\\\/\\\/3-mmckopen.nl\\\/3mmc-kopen\\\/shop\\\/smartshop\\\/smartdrugs\\\/royal-c\\\/#primaryimage\"},\"image\":{\"@id\":\"https:\\\/\\\/3-mmckopen.nl\\\/3mmc-kopen\\\/shop\\\/smartshop\\\/smartdrugs\\\/royal-c\\\/#primaryimage\"},\"thumbnailUrl\":\"https:\\\/\\\/3-mmckopen.nl\\\/wp-content\\\/uploads\\\/2022\\\/01\\\/1506.jpg\",\"datePublished\":\"2022-01-30T16:52:12+00:00\",\"dateModified\":\"2026-03-01T14:18:02+00:00\",\"description\":\"Bij 3MMC kopen kun je gemakkelijk en snel Royal C bestellen en morgen al onderzoeken! Voor 17:00 besteld is vandaag al verzonden. Wees er snel bij.\",\"breadcrumb\":{\"@id\":\"https:\\\/\\\/3-mmckopen.nl\\\/3mmc-kopen\\\/shop\\\/smartshop\\\/smartdrugs\\\/royal-c\\\/#breadcrumb\"},\"inLanguage\":\"fr-FR\",\"potentialAction\":[{\"@type\":\"ReadAction\",\"target\":[\"https:\\\/\\\/3-mmckopen.nl\\\/3mmc-kopen\\\/shop\\\/smartshop\\\/smartdrugs\\\/royal-c\\\/\"]}]},{\"@type\":\"ImageObject\",\"inLanguage\":\"fr-FR\",\"@id\":\"https:\\\/\\\/3-mmckopen.nl\\\/3mmc-kopen\\\/shop\\\/smartshop\\\/smartdrugs\\\/royal-c\\\/#primaryimage\",\"url\":\"https:\\\/\\\/3-mmckopen.nl\\\/wp-content\\\/uploads\\\/2022\\\/01\\\/1506.jpg\",\"contentUrl\":\"https:\\\/\\\/3-mmckopen.nl\\\/wp-content\\\/uploads\\\/2022\\\/01\\\/1506.jpg\",\"width\":900,\"height\":900},{\"@type\":\"BreadcrumbList\",\"@id\":\"https:\\\/\\\/3-mmckopen.nl\\\/3mmc-kopen\\\/shop\\\/smartshop\\\/smartdrugs\\\/royal-c\\\/#breadcrumb\",\"itemListElement\":[{\"@type\":\"ListItem\",\"position\":1,\"name\":\"Home\",\"item\":\"https:\\\/\\\/3-mmckopen.nl\\\/\"},{\"@type\":\"ListItem\",\"position\":2,\"name\":\"Winkel\",\"item\":\"https:\\\/\\\/3-mmckopen.nl\\\/winkel\\\/\"},{\"@type\":\"ListItem\",\"position\":3,\"name\":\"Royal C\"}]},{\"@type\":\"WebSite\",\"@id\":\"https:\\\/\\\/3-mmckopen.nl\\\/#website\",\"url\":\"https:\\\/\\\/3-mmckopen.nl\\\/\",\"name\":\"3MMC kopen\",\"description\":\"VOOR ALLE THUIS CHEMISI EN ONDERZOEKERS ONDER ONS\",\"publisher\":{\"@id\":\"https:\\\/\\\/3-mmckopen.nl\\\/#organization\"},\"potentialAction\":[{\"@type\":\"SearchAction\",\"target\":{\"@type\":\"EntryPoint\",\"urlTemplate\":\"https:\\\/\\\/3-mmckopen.nl\\\/?s={search_term_string}\"},\"query-input\":{\"@type\":\"PropertyValueSpecification\",\"valueRequired\":true,\"valueName\":\"search_term_string\"}}],\"inLanguage\":\"fr-FR\"},{\"@type\":\"Organization\",\"@id\":\"https:\\\/\\\/3-mmckopen.nl\\\/#organization\",\"name\":\"3mmc kopen\",\"url\":\"https:\\\/\\\/3-mmckopen.nl\\\/\",\"logo\":{\"@type\":\"ImageObject\",\"inLanguage\":\"fr-FR\",\"@id\":\"https:\\\/\\\/3-mmckopen.nl\\\/#\\\/schema\\\/logo\\\/image\\\/\",\"url\":\"https:\\\/\\\/3-mmckopen.nl\\\/wp-content\\\/uploads\\\/2024\\\/03\\\/3mmckopennl.webp\",\"contentUrl\":\"https:\\\/\\\/3-mmckopen.nl\\\/wp-content\\\/uploads\\\/2024\\\/03\\\/3mmckopennl.webp\",\"width\":300,\"height\":118,\"caption\":\"3mmc kopen\"},\"image\":{\"@id\":\"https:\\\/\\\/3-mmckopen.nl\\\/#\\\/schema\\\/logo\\\/image\\\/\"},\"sameAs\":[\"https:\\\/\\\/www.instagram.com\\\/dehuisprofessor\\\/\",\"https:\\\/\\\/nl.pinterest.com\\\/dehuisprofessor\\\/\",\"https:\\\/\\\/www.youtube.com\\\/channel\\\/UCsGzCVJiHsWLILEEHDzCNqA\"]}]}<\/script>\n<!-- \/ Yoast SEO plugin. -->","yoast_head_json":{"title":"Royal C Kopen? - Op=Op- 3MMC kopen","description":"Bij 3MMC kopen kun je gemakkelijk en snel Royal C bestellen en morgen al onderzoeken! Voor 17:00 besteld is vandaag al verzonden. Wees er snel bij.","robots":{"index":"index","follow":"follow","max-snippet":"max-snippet:-1","max-image-preview":"max-image-preview:large","max-video-preview":"max-video-preview:-1"},"canonical":"https:\/\/3-mmckopen.nl\/fr\/3mmc-kopen\/shop\/smartshop\/smartdrugs\/royal-c\/","og_locale":"fr_FR","og_type":"article","og_title":"Royal C Kopen? - Op=Op- 3MMC kopen","og_description":"Bij 3MMC kopen kun je gemakkelijk en snel Royal C bestellen en morgen al onderzoeken! Voor 17:00 besteld is vandaag al verzonden. Wees er snel bij.","og_url":"https:\/\/3-mmckopen.nl\/fr\/3mmc-kopen\/shop\/smartshop\/smartdrugs\/royal-c\/","og_site_name":"3MMC kopen","article_modified_time":"2026-03-01T14:18:02+00:00","og_image":[{"width":900,"height":900,"url":"https:\/\/3-mmckopen.nl\/wp-content\/uploads\/2022\/01\/1506.jpg","type":"image\/jpeg"}],"twitter_card":"summary_large_image","twitter_misc":{"Dur\u00e9e de lecture estim\u00e9e":"2 minutes"},"schema":{"@context":"https:\/\/schema.org","@graph":[{"@type":"WebPage","@id":"https:\/\/3-mmckopen.nl\/3mmc-kopen\/shop\/smartshop\/smartdrugs\/royal-c\/","url":"https:\/\/3-mmckopen.nl\/3mmc-kopen\/shop\/smartshop\/smartdrugs\/royal-c\/","name":"Royal C Kopen? - Op=Op- 3MMC kopen","isPartOf":{"@id":"https:\/\/3-mmckopen.nl\/#website"},"primaryImageOfPage":{"@id":"https:\/\/3-mmckopen.nl\/3mmc-kopen\/shop\/smartshop\/smartdrugs\/royal-c\/#primaryimage"},"image":{"@id":"https:\/\/3-mmckopen.nl\/3mmc-kopen\/shop\/smartshop\/smartdrugs\/royal-c\/#primaryimage"},"thumbnailUrl":"https:\/\/3-mmckopen.nl\/wp-content\/uploads\/2022\/01\/1506.jpg","datePublished":"2022-01-30T16:52:12+00:00","dateModified":"2026-03-01T14:18:02+00:00","description":"Bij 3MMC kopen kun je gemakkelijk en snel Royal C bestellen en morgen al onderzoeken! Voor 17:00 besteld is vandaag al verzonden. Wees er snel bij.","breadcrumb":{"@id":"https:\/\/3-mmckopen.nl\/3mmc-kopen\/shop\/smartshop\/smartdrugs\/royal-c\/#breadcrumb"},"inLanguage":"fr-FR","potentialAction":[{"@type":"ReadAction","target":["https:\/\/3-mmckopen.nl\/3mmc-kopen\/shop\/smartshop\/smartdrugs\/royal-c\/"]}]},{"@type":"ImageObject","inLanguage":"fr-FR","@id":"https:\/\/3-mmckopen.nl\/3mmc-kopen\/shop\/smartshop\/smartdrugs\/royal-c\/#primaryimage","url":"https:\/\/3-mmckopen.nl\/wp-content\/uploads\/2022\/01\/1506.jpg","contentUrl":"https:\/\/3-mmckopen.nl\/wp-content\/uploads\/2022\/01\/1506.jpg","width":900,"height":900},{"@type":"BreadcrumbList","@id":"https:\/\/3-mmckopen.nl\/3mmc-kopen\/shop\/smartshop\/smartdrugs\/royal-c\/#breadcrumb","itemListElement":[{"@type":"ListItem","position":1,"name":"Home","item":"https:\/\/3-mmckopen.nl\/"},{"@type":"ListItem","position":2,"name":"Winkel","item":"https:\/\/3-mmckopen.nl\/winkel\/"},{"@type":"ListItem","position":3,"name":"Royal C"}]},{"@type":"WebSite","@id":"https:\/\/3-mmckopen.nl\/#website","url":"https:\/\/3-mmckopen.nl\/","name":"acheter 3MMC","description":"POUR TOUS LES CHEMISEURS \u00c0 LA MAISON ET LES CHERCHEURS D&#039;ENTRE NOUS","publisher":{"@id":"https:\/\/3-mmckopen.nl\/#organization"},"potentialAction":[{"@type":"SearchAction","target":{"@type":"EntryPoint","urlTemplate":"https:\/\/3-mmckopen.nl\/?s={search_term_string}"},"query-input":{"@type":"PropertyValueSpecification","valueRequired":true,"valueName":"search_term_string"}}],"inLanguage":"fr-FR"},{"@type":"Organization","@id":"https:\/\/3-mmckopen.nl\/#organization","name":"3mmc kopen","url":"https:\/\/3-mmckopen.nl\/","logo":{"@type":"ImageObject","inLanguage":"fr-FR","@id":"https:\/\/3-mmckopen.nl\/#\/schema\/logo\/image\/","url":"https:\/\/3-mmckopen.nl\/wp-content\/uploads\/2024\/03\/3mmckopennl.webp","contentUrl":"https:\/\/3-mmckopen.nl\/wp-content\/uploads\/2024\/03\/3mmckopennl.webp","width":300,"height":118,"caption":"3mmc kopen"},"image":{"@id":"https:\/\/3-mmckopen.nl\/#\/schema\/logo\/image\/"},"sameAs":["https:\/\/www.instagram.com\/dehuisprofessor\/","https:\/\/nl.pinterest.com\/dehuisprofessor\/","https:\/\/www.youtube.com\/channel\/UCsGzCVJiHsWLILEEHDzCNqA"]}]}},"_links":{"self":[{"href":"https:\/\/3-mmckopen.nl\/fr\/wp-json\/wp\/v2\/product\/13050","targetHints":{"allow":["GET"]}}],"collection":[{"href":"https:\/\/3-mmckopen.nl\/fr\/wp-json\/wp\/v2\/product"}],"about":[{"href":"https:\/\/3-mmckopen.nl\/fr\/wp-json\/wp\/v2\/types\/product"}],"replies":[{"embeddable":true,"href":"https:\/\/3-mmckopen.nl\/fr\/wp-json\/wp\/v2\/comments?post=13050"}],"version-history":[{"count":1,"href":"https:\/\/3-mmckopen.nl\/fr\/wp-json\/wp\/v2\/product\/13050\/revisions"}],"predecessor-version":[{"id":72793,"href":"https:\/\/3-mmckopen.nl\/fr\/wp-json\/wp\/v2\/product\/13050\/revisions\/72793"}],"wp:featuredmedia":[{"embeddable":true,"href":"https:\/\/3-mmckopen.nl\/fr\/wp-json\/wp\/v2\/media\/13108"}],"wp:attachment":[{"href":"https:\/\/3-mmckopen.nl\/fr\/wp-json\/wp\/v2\/media?parent=13050"}],"wp:term":[{"taxonomy":"product_brand","embeddable":true,"href":"https:\/\/3-mmckopen.nl\/fr\/wp-json\/wp\/v2\/product_brand?post=13050"},{"taxonomy":"product_cat","embeddable":true,"href":"https:\/\/3-mmckopen.nl\/fr\/wp-json\/wp\/v2\/product_cat?post=13050"},{"taxonomy":"product_tag","embeddable":true,"href":"https:\/\/3-mmckopen.nl\/fr\/wp-json\/wp\/v2\/product_tag?post=13050"}],"curies":[{"name":"wp","href":"https:\/\/api.w.org\/{rel}","templated":true}]}}