{"id":14001,"date":"2022-03-18T22:26:26","date_gmt":"2022-03-18T21:26:26","guid":{"rendered":"https:\/\/3-mmckopen.nl\/?post_type=product&#038;p=14001"},"modified":"2025-07-21T13:35:20","modified_gmt":"2025-07-21T11:35:20","slug":"absinth-50-gram","status":"publish","type":"product","link":"https:\/\/3-mmckopen.nl\/fr\/3mmc-kopen\/shop\/smartshop\/kruiden\/absinth-50-gram\/","title":{"rendered":"Absinthe \u2013 50 grammes"},"content":{"rendered":"<h1>Acheter des herbes \u00e0 absinthe<\/h1>\n<p>L&#039;absinthe contient un extrait de l&#039;herbe d&#039;absinthe. Cette plante a acquis un statut quasi mythique au fil des si\u00e8cles. Nous connaissons principalement l&#039;herbe de la tristement c\u00e9l\u00e8bre boisson alcoolis\u00e9e Absinthe, qui \u00e9tait populaire parmi plusieurs peintres bien connus. Encore Wormwood est utilis\u00e9 de nombreuses autres fa\u00e7ons \u00e0 ce jour. Il a des propri\u00e9t\u00e9s particuli\u00e8res.<\/p>\n<p>Par exemple, les herbes \u00e0 absinthe peuvent avoir un effet positif sur la digestion et \u00e9galement stimuler l&#039;app\u00e9tit. En raison de son effet calmant, cette herbe est \u00e9galement utilis\u00e9e pour se d\u00e9tendre. Et pourquoi les peintres l&#039;ont-ils trouv\u00e9 si int\u00e9ressant ? Peut-\u00eatre parce que l&#039;absinthe a la capacit\u00e9 de stimuler la cr\u00e9ativit\u00e9 et m\u00eame de provoquer des hallucinations !<\/p>\n<p><strong>Ingr\u00e9dients:<\/strong><\/p>\n<p>Absinthe (Artemisia Absinthium)<\/p>\n<p><strong>\u00c0 propos des \u00e9l\u00e9ments indiens\u00a0:<\/strong><\/p>\n<p>Indian Elements propose une large gamme de m\u00e9langes d&#039;herbes et d&#039;\u00e9pices. Chacun de ces produits polyvalents poss\u00e8de des propri\u00e9t\u00e9s uniques. Que vous soyez \u00e0 la recherche d&#039;un suppl\u00e9ment d&#039;\u00e9nergie, d&#039;un voyage naturel ou que vous vouliez simplement vous d\u00e9tendre : Indian Elements est l\u00e0 pour vous. Facile \u00e0 utiliser, 100% naturel et 100% v\u00e9g\u00e9talien.<\/p>\n<p><strong>Allez aussi sur :<\/strong>\u00a0<a href=\"https:\/\/www.indian-elements.com\/\" target=\"_blank\" rel=\"noopener\">www.indian-elements.com<\/a><\/p>\n<p><strong>Avertissement:<\/strong><\/p>\n<p>Utilisation au-dessus de 18 ans. Tenir hors de port\u00e9e des enfants.<\/p>\n<p>N&#039;utilisez pas ce m\u00e9dicament r\u00e9guli\u00e8rement. La conduite est fortement d\u00e9conseill\u00e9e sous l&#039;influence de l&#039;absinthe. Les personnes souffrant de probl\u00e8mes r\u00e9naux ou cardiaques, d&#039;hypertension ou d&#039;hypotension art\u00e9rielle, de diab\u00e8te et les personnes sous l&#039;influence de m\u00e9dicaments ou de drogues sont fortement d\u00e9conseill\u00e9es. Cette herbe n&#039;est pas un m\u00e9dicament. Cette herbe est un compl\u00e9ment alimentaire et doit \u00eatre utilis\u00e9e comme telle. Ne pas acheter ou vendre si le sceau est bris\u00e9.<\/p>","protected":false},"excerpt":{"rendered":"<p>Absinth kruiden kopen Absinth bevat een extract van het Alsemkruid. Dit plantje heeft door de eeuwen heen een bijna mythische status verworven. We kennen het kruid vooral van het beruchte alcoholische drankje Absint, dat populair was onder verschillende bekende schilders. Toch wordt Alsemkruid tot op de dag van vandaag benut op vele andere manieren. Het [&hellip;]<\/p>\n","protected":false},"featured_media":14051,"comment_status":"closed","ping_status":"closed","template":"","meta":{"site-sidebar-layout":"default","site-content-layout":"default","ast-site-content-layout":"default","site-content-style":"default","site-sidebar-style":"default","ast-global-header-display":"","ast-banner-title-visibility":"","ast-main-header-display":"","ast-hfb-above-header-display":"","ast-hfb-below-header-display":"","ast-hfb-mobile-header-display":"","site-post-title":"","ast-breadcrumbs-content":"","ast-featured-img":"","footer-sml-layout":"","theme-transparent-header-meta":"default","adv-header-id-meta":"","stick-header-meta":"","header-above-stick-meta":"","header-main-stick-meta":"","header-below-stick-meta":"","astra-migrate-meta-layouts":"default","ast-page-background-enabled":"default","ast-page-background-meta":{"desktop":{"background-color":"","background-image":"","background-repeat":"repeat","background-position":"center center","background-size":"auto","background-attachment":"scroll","background-type":"","background-media":"","overlay-type":"","overlay-color":"","overlay-opacity":"","overlay-gradient":""},"tablet":{"background-color":"","background-image":"","background-repeat":"repeat","background-position":"center center","background-size":"auto","background-attachment":"scroll","background-type":"","background-media":"","overlay-type":"","overlay-color":"","overlay-opacity":"","overlay-gradient":""},"mobile":{"background-color":"","background-image":"","background-repeat":"repeat","background-position":"center center","background-size":"auto","background-attachment":"scroll","background-type":"","background-media":"","overlay-type":"","overlay-color":"","overlay-opacity":"","overlay-gradient":""}},"ast-content-background-meta":{"desktop":{"background-color":"var(--ast-global-color-5)","background-image":"","background-repeat":"repeat","background-position":"center center","background-size":"auto","background-attachment":"scroll","background-type":"","background-media":"","overlay-type":"","overlay-color":"","overlay-opacity":"","overlay-gradient":""},"tablet":{"background-color":"var(--ast-global-color-5)","background-image":"","background-repeat":"repeat","background-position":"center center","background-size":"auto","background-attachment":"scroll","background-type":"","background-media":"","overlay-type":"","overlay-color":"","overlay-opacity":"","overlay-gradient":""},"mobile":{"background-color":"var(--ast-global-color-5)","background-image":"","background-repeat":"repeat","background-position":"center center","background-size":"auto","background-attachment":"scroll","background-type":"","background-media":"","overlay-type":"","overlay-color":"","overlay-opacity":"","overlay-gradient":""}}},"product_brand":[],"product_cat":[20340,20309],"product_tag":[20343],"class_list":{"0":"post-14001","1":"product","2":"type-product","3":"status-publish","4":"has-post-thumbnail","6":"product_cat-kruiden","7":"product_cat-smartshop","8":"product_tag-kruiden","9":"desktop-align-center","10":"tablet-align-center","11":"mobile-align-center","13":"first","14":"instock","15":"shipping-taxable","16":"purchasable","17":"product-type-simple"},"yoast_head":"<!-- This site is optimized with the Yoast SEO plugin v27.3 - https:\/\/yoast.com\/product\/yoast-seo-wordpress\/ -->\n<title>Absinth \u2013 50 gram Kopen? - Op=Op- 3MMC kopen<\/title>\n<meta name=\"description\" content=\"Bij 3MMC kopen kun je gemakkelijk en snel Absinth \u2013 50 gram bestellen en morgen al onderzoeken! Voor 17:00 besteld is vandaag al verzonden. Wees er snel bij.\" \/>\n<meta name=\"robots\" content=\"index, follow, max-snippet:-1, max-image-preview:large, max-video-preview:-1\" \/>\n<link rel=\"canonical\" href=\"https:\/\/3-mmckopen.nl\/fr\/3mmc-kopen\/shop\/smartshop\/kruiden\/absinth-50-gram\/\" \/>\n<meta property=\"og:locale\" content=\"fr_FR\" \/>\n<meta property=\"og:type\" content=\"article\" \/>\n<meta property=\"og:title\" content=\"Absinth \u2013 50 gram Kopen? - Op=Op- 3MMC kopen\" \/>\n<meta property=\"og:description\" content=\"Bij 3MMC kopen kun je gemakkelijk en snel Absinth \u2013 50 gram bestellen en morgen al onderzoeken! Voor 17:00 besteld is vandaag al verzonden. Wees er snel bij.\" \/>\n<meta property=\"og:url\" content=\"https:\/\/3-mmckopen.nl\/fr\/3mmc-kopen\/shop\/smartshop\/kruiden\/absinth-50-gram\/\" \/>\n<meta property=\"og:site_name\" content=\"3MMC kopen\" \/>\n<meta property=\"article:modified_time\" content=\"2025-07-21T11:35:20+00:00\" \/>\n<meta property=\"og:image\" content=\"https:\/\/3-mmckopen.nl\/wp-content\/uploads\/2022\/03\/2138-600x600-absinth.jpg\" \/>\n\t<meta property=\"og:image:width\" content=\"600\" \/>\n\t<meta property=\"og:image:height\" content=\"600\" \/>\n\t<meta property=\"og:image:type\" content=\"image\/jpeg\" \/>\n<meta name=\"twitter:card\" content=\"summary_large_image\" \/>\n<meta name=\"twitter:label1\" content=\"Dur\u00e9e de lecture estim\u00e9e\" \/>\n\t<meta name=\"twitter:data1\" content=\"2 minutes\" \/>\n<script type=\"application\/ld+json\" class=\"yoast-schema-graph\">{\"@context\":\"https:\\\/\\\/schema.org\",\"@graph\":[{\"@type\":\"WebPage\",\"@id\":\"https:\\\/\\\/3-mmckopen.nl\\\/3mmc-kopen\\\/shop\\\/smartshop\\\/kruiden\\\/absinth-50-gram\\\/\",\"url\":\"https:\\\/\\\/3-mmckopen.nl\\\/3mmc-kopen\\\/shop\\\/smartshop\\\/kruiden\\\/absinth-50-gram\\\/\",\"name\":\"Absinth \u2013 50 gram Kopen? - Op=Op- 3MMC kopen\",\"isPartOf\":{\"@id\":\"https:\\\/\\\/3-mmckopen.nl\\\/#website\"},\"primaryImageOfPage\":{\"@id\":\"https:\\\/\\\/3-mmckopen.nl\\\/3mmc-kopen\\\/shop\\\/smartshop\\\/kruiden\\\/absinth-50-gram\\\/#primaryimage\"},\"image\":{\"@id\":\"https:\\\/\\\/3-mmckopen.nl\\\/3mmc-kopen\\\/shop\\\/smartshop\\\/kruiden\\\/absinth-50-gram\\\/#primaryimage\"},\"thumbnailUrl\":\"https:\\\/\\\/3-mmckopen.nl\\\/wp-content\\\/uploads\\\/2022\\\/03\\\/2138-600x600-absinth.jpg\",\"datePublished\":\"2022-03-18T21:26:26+00:00\",\"dateModified\":\"2025-07-21T11:35:20+00:00\",\"description\":\"Bij 3MMC kopen kun je gemakkelijk en snel Absinth \u2013 50 gram bestellen en morgen al onderzoeken! Voor 17:00 besteld is vandaag al verzonden. Wees er snel bij.\",\"breadcrumb\":{\"@id\":\"https:\\\/\\\/3-mmckopen.nl\\\/3mmc-kopen\\\/shop\\\/smartshop\\\/kruiden\\\/absinth-50-gram\\\/#breadcrumb\"},\"inLanguage\":\"fr-FR\",\"potentialAction\":[{\"@type\":\"ReadAction\",\"target\":[\"https:\\\/\\\/3-mmckopen.nl\\\/3mmc-kopen\\\/shop\\\/smartshop\\\/kruiden\\\/absinth-50-gram\\\/\"]}]},{\"@type\":\"ImageObject\",\"inLanguage\":\"fr-FR\",\"@id\":\"https:\\\/\\\/3-mmckopen.nl\\\/3mmc-kopen\\\/shop\\\/smartshop\\\/kruiden\\\/absinth-50-gram\\\/#primaryimage\",\"url\":\"https:\\\/\\\/3-mmckopen.nl\\\/wp-content\\\/uploads\\\/2022\\\/03\\\/2138-600x600-absinth.jpg\",\"contentUrl\":\"https:\\\/\\\/3-mmckopen.nl\\\/wp-content\\\/uploads\\\/2022\\\/03\\\/2138-600x600-absinth.jpg\",\"width\":600,\"height\":600},{\"@type\":\"BreadcrumbList\",\"@id\":\"https:\\\/\\\/3-mmckopen.nl\\\/3mmc-kopen\\\/shop\\\/smartshop\\\/kruiden\\\/absinth-50-gram\\\/#breadcrumb\",\"itemListElement\":[{\"@type\":\"ListItem\",\"position\":1,\"name\":\"Home\",\"item\":\"https:\\\/\\\/3-mmckopen.nl\\\/\"},{\"@type\":\"ListItem\",\"position\":2,\"name\":\"Winkel\",\"item\":\"https:\\\/\\\/3-mmckopen.nl\\\/winkel\\\/\"},{\"@type\":\"ListItem\",\"position\":3,\"name\":\"Absinth \u2013 50 gram\"}]},{\"@type\":\"WebSite\",\"@id\":\"https:\\\/\\\/3-mmckopen.nl\\\/#website\",\"url\":\"https:\\\/\\\/3-mmckopen.nl\\\/\",\"name\":\"3MMC kopen\",\"description\":\"VOOR ALLE THUIS CHEMISI EN ONDERZOEKERS ONDER ONS\",\"publisher\":{\"@id\":\"https:\\\/\\\/3-mmckopen.nl\\\/#organization\"},\"potentialAction\":[{\"@type\":\"SearchAction\",\"target\":{\"@type\":\"EntryPoint\",\"urlTemplate\":\"https:\\\/\\\/3-mmckopen.nl\\\/?s={search_term_string}\"},\"query-input\":{\"@type\":\"PropertyValueSpecification\",\"valueRequired\":true,\"valueName\":\"search_term_string\"}}],\"inLanguage\":\"fr-FR\"},{\"@type\":\"Organization\",\"@id\":\"https:\\\/\\\/3-mmckopen.nl\\\/#organization\",\"name\":\"3mmc kopen\",\"url\":\"https:\\\/\\\/3-mmckopen.nl\\\/\",\"logo\":{\"@type\":\"ImageObject\",\"inLanguage\":\"fr-FR\",\"@id\":\"https:\\\/\\\/3-mmckopen.nl\\\/#\\\/schema\\\/logo\\\/image\\\/\",\"url\":\"https:\\\/\\\/3-mmckopen.nl\\\/wp-content\\\/uploads\\\/2024\\\/03\\\/3mmckopennl.webp\",\"contentUrl\":\"https:\\\/\\\/3-mmckopen.nl\\\/wp-content\\\/uploads\\\/2024\\\/03\\\/3mmckopennl.webp\",\"width\":300,\"height\":118,\"caption\":\"3mmc kopen\"},\"image\":{\"@id\":\"https:\\\/\\\/3-mmckopen.nl\\\/#\\\/schema\\\/logo\\\/image\\\/\"},\"sameAs\":[\"https:\\\/\\\/www.instagram.com\\\/dehuisprofessor\\\/\",\"https:\\\/\\\/nl.pinterest.com\\\/dehuisprofessor\\\/\",\"https:\\\/\\\/www.youtube.com\\\/channel\\\/UCsGzCVJiHsWLILEEHDzCNqA\"]}]}<\/script>\n<!-- \/ Yoast SEO plugin. -->","yoast_head_json":{"title":"Absinth \u2013 50 gram Kopen? - Op=Op- 3MMC kopen","description":"Bij 3MMC kopen kun je gemakkelijk en snel Absinth \u2013 50 gram bestellen en morgen al onderzoeken! Voor 17:00 besteld is vandaag al verzonden. Wees er snel bij.","robots":{"index":"index","follow":"follow","max-snippet":"max-snippet:-1","max-image-preview":"max-image-preview:large","max-video-preview":"max-video-preview:-1"},"canonical":"https:\/\/3-mmckopen.nl\/fr\/3mmc-kopen\/shop\/smartshop\/kruiden\/absinth-50-gram\/","og_locale":"fr_FR","og_type":"article","og_title":"Absinth \u2013 50 gram Kopen? - Op=Op- 3MMC kopen","og_description":"Bij 3MMC kopen kun je gemakkelijk en snel Absinth \u2013 50 gram bestellen en morgen al onderzoeken! Voor 17:00 besteld is vandaag al verzonden. Wees er snel bij.","og_url":"https:\/\/3-mmckopen.nl\/fr\/3mmc-kopen\/shop\/smartshop\/kruiden\/absinth-50-gram\/","og_site_name":"3MMC kopen","article_modified_time":"2025-07-21T11:35:20+00:00","og_image":[{"width":600,"height":600,"url":"https:\/\/3-mmckopen.nl\/wp-content\/uploads\/2022\/03\/2138-600x600-absinth.jpg","type":"image\/jpeg"}],"twitter_card":"summary_large_image","twitter_misc":{"Dur\u00e9e de lecture estim\u00e9e":"2 minutes"},"schema":{"@context":"https:\/\/schema.org","@graph":[{"@type":"WebPage","@id":"https:\/\/3-mmckopen.nl\/3mmc-kopen\/shop\/smartshop\/kruiden\/absinth-50-gram\/","url":"https:\/\/3-mmckopen.nl\/3mmc-kopen\/shop\/smartshop\/kruiden\/absinth-50-gram\/","name":"Absinth \u2013 50 gram Kopen? - Op=Op- 3MMC kopen","isPartOf":{"@id":"https:\/\/3-mmckopen.nl\/#website"},"primaryImageOfPage":{"@id":"https:\/\/3-mmckopen.nl\/3mmc-kopen\/shop\/smartshop\/kruiden\/absinth-50-gram\/#primaryimage"},"image":{"@id":"https:\/\/3-mmckopen.nl\/3mmc-kopen\/shop\/smartshop\/kruiden\/absinth-50-gram\/#primaryimage"},"thumbnailUrl":"https:\/\/3-mmckopen.nl\/wp-content\/uploads\/2022\/03\/2138-600x600-absinth.jpg","datePublished":"2022-03-18T21:26:26+00:00","dateModified":"2025-07-21T11:35:20+00:00","description":"Bij 3MMC kopen kun je gemakkelijk en snel Absinth \u2013 50 gram bestellen en morgen al onderzoeken! Voor 17:00 besteld is vandaag al verzonden. Wees er snel bij.","breadcrumb":{"@id":"https:\/\/3-mmckopen.nl\/3mmc-kopen\/shop\/smartshop\/kruiden\/absinth-50-gram\/#breadcrumb"},"inLanguage":"fr-FR","potentialAction":[{"@type":"ReadAction","target":["https:\/\/3-mmckopen.nl\/3mmc-kopen\/shop\/smartshop\/kruiden\/absinth-50-gram\/"]}]},{"@type":"ImageObject","inLanguage":"fr-FR","@id":"https:\/\/3-mmckopen.nl\/3mmc-kopen\/shop\/smartshop\/kruiden\/absinth-50-gram\/#primaryimage","url":"https:\/\/3-mmckopen.nl\/wp-content\/uploads\/2022\/03\/2138-600x600-absinth.jpg","contentUrl":"https:\/\/3-mmckopen.nl\/wp-content\/uploads\/2022\/03\/2138-600x600-absinth.jpg","width":600,"height":600},{"@type":"BreadcrumbList","@id":"https:\/\/3-mmckopen.nl\/3mmc-kopen\/shop\/smartshop\/kruiden\/absinth-50-gram\/#breadcrumb","itemListElement":[{"@type":"ListItem","position":1,"name":"Home","item":"https:\/\/3-mmckopen.nl\/"},{"@type":"ListItem","position":2,"name":"Winkel","item":"https:\/\/3-mmckopen.nl\/winkel\/"},{"@type":"ListItem","position":3,"name":"Absinth \u2013 50 gram"}]},{"@type":"WebSite","@id":"https:\/\/3-mmckopen.nl\/#website","url":"https:\/\/3-mmckopen.nl\/","name":"acheter 3MMC","description":"POUR TOUS LES CHEMISEURS \u00c0 LA MAISON ET LES CHERCHEURS D&#039;ENTRE NOUS","publisher":{"@id":"https:\/\/3-mmckopen.nl\/#organization"},"potentialAction":[{"@type":"SearchAction","target":{"@type":"EntryPoint","urlTemplate":"https:\/\/3-mmckopen.nl\/?s={search_term_string}"},"query-input":{"@type":"PropertyValueSpecification","valueRequired":true,"valueName":"search_term_string"}}],"inLanguage":"fr-FR"},{"@type":"Organization","@id":"https:\/\/3-mmckopen.nl\/#organization","name":"3mmc kopen","url":"https:\/\/3-mmckopen.nl\/","logo":{"@type":"ImageObject","inLanguage":"fr-FR","@id":"https:\/\/3-mmckopen.nl\/#\/schema\/logo\/image\/","url":"https:\/\/3-mmckopen.nl\/wp-content\/uploads\/2024\/03\/3mmckopennl.webp","contentUrl":"https:\/\/3-mmckopen.nl\/wp-content\/uploads\/2024\/03\/3mmckopennl.webp","width":300,"height":118,"caption":"3mmc kopen"},"image":{"@id":"https:\/\/3-mmckopen.nl\/#\/schema\/logo\/image\/"},"sameAs":["https:\/\/www.instagram.com\/dehuisprofessor\/","https:\/\/nl.pinterest.com\/dehuisprofessor\/","https:\/\/www.youtube.com\/channel\/UCsGzCVJiHsWLILEEHDzCNqA"]}]}},"_links":{"self":[{"href":"https:\/\/3-mmckopen.nl\/fr\/wp-json\/wp\/v2\/product\/14001","targetHints":{"allow":["GET"]}}],"collection":[{"href":"https:\/\/3-mmckopen.nl\/fr\/wp-json\/wp\/v2\/product"}],"about":[{"href":"https:\/\/3-mmckopen.nl\/fr\/wp-json\/wp\/v2\/types\/product"}],"replies":[{"embeddable":true,"href":"https:\/\/3-mmckopen.nl\/fr\/wp-json\/wp\/v2\/comments?post=14001"}],"version-history":[{"count":0,"href":"https:\/\/3-mmckopen.nl\/fr\/wp-json\/wp\/v2\/product\/14001\/revisions"}],"wp:featuredmedia":[{"embeddable":true,"href":"https:\/\/3-mmckopen.nl\/fr\/wp-json\/wp\/v2\/media\/14051"}],"wp:attachment":[{"href":"https:\/\/3-mmckopen.nl\/fr\/wp-json\/wp\/v2\/media?parent=14001"}],"wp:term":[{"taxonomy":"product_brand","embeddable":true,"href":"https:\/\/3-mmckopen.nl\/fr\/wp-json\/wp\/v2\/product_brand?post=14001"},{"taxonomy":"product_cat","embeddable":true,"href":"https:\/\/3-mmckopen.nl\/fr\/wp-json\/wp\/v2\/product_cat?post=14001"},{"taxonomy":"product_tag","embeddable":true,"href":"https:\/\/3-mmckopen.nl\/fr\/wp-json\/wp\/v2\/product_tag?post=14001"}],"curies":[{"name":"wp","href":"https:\/\/api.w.org\/{rel}","templated":true}]}}