{"id":14035,"date":"2022-03-18T22:27:10","date_gmt":"2022-03-18T21:27:10","guid":{"rendered":"https:\/\/3-mmckopen.nl\/?post_type=product&#038;p=14035"},"modified":"2025-07-21T13:35:28","modified_gmt":"2025-07-21T11:35:28","slug":"green-bali-kratom","status":"publish","type":"product","link":"https:\/\/3-mmckopen.nl\/fr\/3mmc-kopen\/shop\/smartshop\/kratom\/kratom-green\/green-bali-kratom\/","title":{"rendered":"Kratom vert de Bali"},"content":{"rendered":"<h1 class=\"product_title entry-title\"><strong>Acheter Kratopia Green Bali Kratom<\/strong><\/h1>\n<p><strong>CONTENU : 50 GRAMMES<\/strong><\/p>\n<p class=\"product_title entry-title\">Green Bali Kratom rend l&#039;utilisateur heureux. Il apporte l&#039;\u00e9quilibre et donne une sensation de paix. Ce kratom est le plus proche de l&#039;effet d&#039;une tasse de caf\u00e9 fort. Mais le go\u00fbt est plus doux qu&#039;une frite aussi forte. De plus, le kratom ne contient pas de caf\u00e9ine, mais tire ses propri\u00e9t\u00e9s d&#039;autres alcalo\u00efdes.<\/p>\n<p><strong>En savoir plus sur le Green Bali Kratom<\/strong><\/p>\n<p>Avec les kratoms verts, les feuilles sont tri\u00e9es, s\u00e9lectionn\u00e9es, lav\u00e9es, \u00e9goutt\u00e9es puis s\u00e9ch\u00e9es. Avec leur traitement basal, elles sont encore proches des feuilles d&#039;origine. Par exemple, de nombreux kratoms rouges sont ferment\u00e9s. De plus, les m\u00e9thodes de transformation diff\u00e8rent selon l&#039;esp\u00e8ce, le type et le producteur.<\/p>\n<p>Bien que ce kratom vert de Bali soit puissant en lui-m\u00eame, il se m\u00e9lange facilement avec d&#039;autres kratoms. Il adoucit alors les propri\u00e9t\u00e9s sp\u00e9cifiques d&#039;un kratom rouge, par exemple. Pourtant ce vert est le plus souvent m\u00eal\u00e9 au Bali blanc. Les utilisateurs rapportent que le vert compense l&#039;effet euphorique du blanc; certains utilisateurs peuvent devenir quelque peu surstimul\u00e9s par les effets du kratom blanc de Bali.<\/p>\n<p>Incidemment, le Bali ne porte que le nom de l&#039;\u00eele. Il n&#039;y a pas d&#039;arbres de kratom qui y poussent. Le Bali est compos\u00e9 par des commer\u00e7ants \u00e0 Bali de divers types de kratom, principalement de Born\u00e9o et de Sumatra.<\/p>\n<p><strong>Usage:<\/strong>\u00a0Pr\u00e9parez une tasse de th\u00e9 \u00e0 partir de cette pr\u00e9paration \u00e0 base de plantes en dissolvant 4 \u00e0 5 grammes dans de l&#039;eau bouillie \u00e0 70 - 95 degr\u00e9s. Le temps recommand\u00e9 pour tirer est de 3 \u00e0 5 minutes. Le th\u00e9 n&#039;a pas besoin d&#039;\u00eatre filtr\u00e9, tout peut \u00eatre consomm\u00e9.<\/p>\n<p><strong>Avertissement:<\/strong><\/p>\n<p>Vente et utilisation interdites aux moins de 18 ans. Tenir hors de port\u00e9e des enfants. Ne pas utiliser si vous souffrez d&#039;hypertension ou d&#039;hypotension art\u00e9rielle, de probl\u00e8mes cardiaques et\/ou pulmonaires, de diab\u00e8te, de grossesse, si vous prenez des m\u00e9dicaments, des drogues ou de l&#039;alcool.<\/p>\n<p><strong>Dosage recommand\u00e9:<\/strong>\u00a04 \u00e0 5 grammes<\/p>\n<p><strong>Dosage:<\/strong><\/p>\n<p>En plus de votre propre poids corporel et de votre sensibilit\u00e9, le dosage d\u00e9pend \u00e9galement beaucoup de la force du kratom. Normalement, 5 \u00e0 10 grammes de feuilles s\u00e9ch\u00e9es devraient suffire aux utilisateurs inexp\u00e9riment\u00e9s. Le dosage peut \u00eatre l\u00e9g\u00e8rement inf\u00e9rieur avec de la poudre de kratom, qui est g\u00e9n\u00e9ralement plus forte que les feuilles ordinaires (3-5 grammes). Il en va de m\u00eame pour l&#039;extrait. Le kratom ne cr\u00e9e pas de d\u00e9pendance s&#039;il est utilis\u00e9 de mani\u00e8re responsable et pas plus d&#039;une ou deux fois par mois. Les utilisateurs plus exp\u00e9riment\u00e9s ressentiront le besoin d&#039;augmenter le dosage apr\u00e8s un certain temps.<\/p>\n<p>&nbsp;<\/p>","protected":false},"excerpt":{"rendered":"<p>Kratopia Green Bali Kratom kopen INHOUD: 50 GRAM Green Bali Kratom maakt de gebruiker vrolijk. Het brengt balans en geeft een vredig gevoel. Deze kratom ligt het dichtst bij het effect van een sterke kop koffie. Maar de smaak is milder dan zo\u2019n sterke bak. Bovendien heeft kratom geen cafe\u00efne, maar haalt ze haar eigenschappen [&hellip;]<\/p>\n","protected":false},"featured_media":14078,"comment_status":"closed","ping_status":"closed","template":"","meta":{"site-sidebar-layout":"default","site-content-layout":"default","ast-site-content-layout":"default","site-content-style":"default","site-sidebar-style":"default","ast-global-header-display":"","ast-banner-title-visibility":"","ast-main-header-display":"","ast-hfb-above-header-display":"","ast-hfb-below-header-display":"","ast-hfb-mobile-header-display":"","site-post-title":"","ast-breadcrumbs-content":"","ast-featured-img":"","footer-sml-layout":"","theme-transparent-header-meta":"default","adv-header-id-meta":"","stick-header-meta":"","header-above-stick-meta":"","header-main-stick-meta":"","header-below-stick-meta":"","astra-migrate-meta-layouts":"default","ast-page-background-enabled":"default","ast-page-background-meta":{"desktop":{"background-color":"","background-image":"","background-repeat":"repeat","background-position":"center center","background-size":"auto","background-attachment":"scroll","background-type":"","background-media":"","overlay-type":"","overlay-color":"","overlay-opacity":"","overlay-gradient":""},"tablet":{"background-color":"","background-image":"","background-repeat":"repeat","background-position":"center center","background-size":"auto","background-attachment":"scroll","background-type":"","background-media":"","overlay-type":"","overlay-color":"","overlay-opacity":"","overlay-gradient":""},"mobile":{"background-color":"","background-image":"","background-repeat":"repeat","background-position":"center center","background-size":"auto","background-attachment":"scroll","background-type":"","background-media":"","overlay-type":"","overlay-color":"","overlay-opacity":"","overlay-gradient":""}},"ast-content-background-meta":{"desktop":{"background-color":"var(--ast-global-color-5)","background-image":"","background-repeat":"repeat","background-position":"center center","background-size":"auto","background-attachment":"scroll","background-type":"","background-media":"","overlay-type":"","overlay-color":"","overlay-opacity":"","overlay-gradient":""},"tablet":{"background-color":"var(--ast-global-color-5)","background-image":"","background-repeat":"repeat","background-position":"center center","background-size":"auto","background-attachment":"scroll","background-type":"","background-media":"","overlay-type":"","overlay-color":"","overlay-opacity":"","overlay-gradient":""},"mobile":{"background-color":"var(--ast-global-color-5)","background-image":"","background-repeat":"repeat","background-position":"center center","background-size":"auto","background-attachment":"scroll","background-type":"","background-media":"","overlay-type":"","overlay-color":"","overlay-opacity":"","overlay-gradient":""}}},"product_brand":[],"product_cat":[20356,20357,20309],"product_tag":[20358,20359],"class_list":{"0":"post-14035","1":"product","2":"type-product","3":"status-publish","4":"has-post-thumbnail","6":"product_cat-kratom","7":"product_cat-kratom-green","8":"product_cat-smartshop","9":"product_tag-green-kratom","10":"product_tag-kratom","11":"desktop-align-center","12":"tablet-align-center","13":"mobile-align-center","15":"first","16":"outofstock","17":"shipping-taxable","18":"purchasable","19":"product-type-simple"},"yoast_head":"<!-- This site is optimized with the Yoast SEO plugin v27.3 - https:\/\/yoast.com\/product\/yoast-seo-wordpress\/ -->\n<title>Green Bali Kratom Kopen? - Op=Op- 3MMC kopen<\/title>\n<meta name=\"description\" content=\"Bij 3MMC kopen kun je gemakkelijk en snel Green Bali Kratom bestellen en morgen al onderzoeken! Voor 17:00 besteld is vandaag al verzonden. Wees er snel bij.\" \/>\n<meta name=\"robots\" content=\"index, follow, max-snippet:-1, max-image-preview:large, max-video-preview:-1\" \/>\n<link rel=\"canonical\" href=\"https:\/\/3-mmckopen.nl\/fr\/3mmc-kopen\/shop\/smartshop\/kratom\/kratom-green\/green-bali-kratom\/\" \/>\n<meta property=\"og:locale\" content=\"fr_FR\" \/>\n<meta property=\"og:type\" content=\"article\" \/>\n<meta property=\"og:title\" content=\"Green Bali Kratom Kopen? - Op=Op- 3MMC kopen\" \/>\n<meta property=\"og:description\" content=\"Bij 3MMC kopen kun je gemakkelijk en snel Green Bali Kratom bestellen en morgen al onderzoeken! Voor 17:00 besteld is vandaag al verzonden. Wees er snel bij.\" \/>\n<meta property=\"og:url\" content=\"https:\/\/3-mmckopen.nl\/fr\/3mmc-kopen\/shop\/smartshop\/kratom\/kratom-green\/green-bali-kratom\/\" \/>\n<meta property=\"og:site_name\" content=\"3MMC kopen\" \/>\n<meta property=\"article:modified_time\" content=\"2025-07-21T11:35:28+00:00\" \/>\n<meta property=\"og:image\" content=\"https:\/\/3-mmckopen.nl\/wp-content\/uploads\/2022\/03\/3870-2-600x600-1.jpg\" \/>\n\t<meta property=\"og:image:width\" content=\"600\" \/>\n\t<meta property=\"og:image:height\" content=\"600\" \/>\n\t<meta property=\"og:image:type\" content=\"image\/jpeg\" \/>\n<meta name=\"twitter:card\" content=\"summary_large_image\" \/>\n<meta name=\"twitter:label1\" content=\"Dur\u00e9e de lecture estim\u00e9e\" \/>\n\t<meta name=\"twitter:data1\" content=\"2 minutes\" \/>\n<script type=\"application\/ld+json\" class=\"yoast-schema-graph\">{\"@context\":\"https:\\\/\\\/schema.org\",\"@graph\":[{\"@type\":\"WebPage\",\"@id\":\"https:\\\/\\\/3-mmckopen.nl\\\/3mmc-kopen\\\/shop\\\/smartshop\\\/kratom\\\/kratom-green\\\/green-bali-kratom\\\/\",\"url\":\"https:\\\/\\\/3-mmckopen.nl\\\/3mmc-kopen\\\/shop\\\/smartshop\\\/kratom\\\/kratom-green\\\/green-bali-kratom\\\/\",\"name\":\"Green Bali Kratom Kopen? - Op=Op- 3MMC kopen\",\"isPartOf\":{\"@id\":\"https:\\\/\\\/3-mmckopen.nl\\\/#website\"},\"primaryImageOfPage\":{\"@id\":\"https:\\\/\\\/3-mmckopen.nl\\\/3mmc-kopen\\\/shop\\\/smartshop\\\/kratom\\\/kratom-green\\\/green-bali-kratom\\\/#primaryimage\"},\"image\":{\"@id\":\"https:\\\/\\\/3-mmckopen.nl\\\/3mmc-kopen\\\/shop\\\/smartshop\\\/kratom\\\/kratom-green\\\/green-bali-kratom\\\/#primaryimage\"},\"thumbnailUrl\":\"https:\\\/\\\/3-mmckopen.nl\\\/wp-content\\\/uploads\\\/2022\\\/03\\\/3870-2-600x600-1.jpg\",\"datePublished\":\"2022-03-18T21:27:10+00:00\",\"dateModified\":\"2025-07-21T11:35:28+00:00\",\"description\":\"Bij 3MMC kopen kun je gemakkelijk en snel Green Bali Kratom bestellen en morgen al onderzoeken! Voor 17:00 besteld is vandaag al verzonden. Wees er snel bij.\",\"breadcrumb\":{\"@id\":\"https:\\\/\\\/3-mmckopen.nl\\\/3mmc-kopen\\\/shop\\\/smartshop\\\/kratom\\\/kratom-green\\\/green-bali-kratom\\\/#breadcrumb\"},\"inLanguage\":\"fr-FR\",\"potentialAction\":[{\"@type\":\"ReadAction\",\"target\":[\"https:\\\/\\\/3-mmckopen.nl\\\/3mmc-kopen\\\/shop\\\/smartshop\\\/kratom\\\/kratom-green\\\/green-bali-kratom\\\/\"]}]},{\"@type\":\"ImageObject\",\"inLanguage\":\"fr-FR\",\"@id\":\"https:\\\/\\\/3-mmckopen.nl\\\/3mmc-kopen\\\/shop\\\/smartshop\\\/kratom\\\/kratom-green\\\/green-bali-kratom\\\/#primaryimage\",\"url\":\"https:\\\/\\\/3-mmckopen.nl\\\/wp-content\\\/uploads\\\/2022\\\/03\\\/3870-2-600x600-1.jpg\",\"contentUrl\":\"https:\\\/\\\/3-mmckopen.nl\\\/wp-content\\\/uploads\\\/2022\\\/03\\\/3870-2-600x600-1.jpg\",\"width\":600,\"height\":600},{\"@type\":\"BreadcrumbList\",\"@id\":\"https:\\\/\\\/3-mmckopen.nl\\\/3mmc-kopen\\\/shop\\\/smartshop\\\/kratom\\\/kratom-green\\\/green-bali-kratom\\\/#breadcrumb\",\"itemListElement\":[{\"@type\":\"ListItem\",\"position\":1,\"name\":\"Home\",\"item\":\"https:\\\/\\\/3-mmckopen.nl\\\/\"},{\"@type\":\"ListItem\",\"position\":2,\"name\":\"Winkel\",\"item\":\"https:\\\/\\\/3-mmckopen.nl\\\/winkel\\\/\"},{\"@type\":\"ListItem\",\"position\":3,\"name\":\"Green Bali Kratom\"}]},{\"@type\":\"WebSite\",\"@id\":\"https:\\\/\\\/3-mmckopen.nl\\\/#website\",\"url\":\"https:\\\/\\\/3-mmckopen.nl\\\/\",\"name\":\"3MMC kopen\",\"description\":\"VOOR ALLE THUIS CHEMISI EN ONDERZOEKERS ONDER ONS\",\"publisher\":{\"@id\":\"https:\\\/\\\/3-mmckopen.nl\\\/#organization\"},\"potentialAction\":[{\"@type\":\"SearchAction\",\"target\":{\"@type\":\"EntryPoint\",\"urlTemplate\":\"https:\\\/\\\/3-mmckopen.nl\\\/?s={search_term_string}\"},\"query-input\":{\"@type\":\"PropertyValueSpecification\",\"valueRequired\":true,\"valueName\":\"search_term_string\"}}],\"inLanguage\":\"fr-FR\"},{\"@type\":\"Organization\",\"@id\":\"https:\\\/\\\/3-mmckopen.nl\\\/#organization\",\"name\":\"3mmc kopen\",\"url\":\"https:\\\/\\\/3-mmckopen.nl\\\/\",\"logo\":{\"@type\":\"ImageObject\",\"inLanguage\":\"fr-FR\",\"@id\":\"https:\\\/\\\/3-mmckopen.nl\\\/#\\\/schema\\\/logo\\\/image\\\/\",\"url\":\"https:\\\/\\\/3-mmckopen.nl\\\/wp-content\\\/uploads\\\/2024\\\/03\\\/3mmckopennl.webp\",\"contentUrl\":\"https:\\\/\\\/3-mmckopen.nl\\\/wp-content\\\/uploads\\\/2024\\\/03\\\/3mmckopennl.webp\",\"width\":300,\"height\":118,\"caption\":\"3mmc kopen\"},\"image\":{\"@id\":\"https:\\\/\\\/3-mmckopen.nl\\\/#\\\/schema\\\/logo\\\/image\\\/\"},\"sameAs\":[\"https:\\\/\\\/www.instagram.com\\\/dehuisprofessor\\\/\",\"https:\\\/\\\/nl.pinterest.com\\\/dehuisprofessor\\\/\",\"https:\\\/\\\/www.youtube.com\\\/channel\\\/UCsGzCVJiHsWLILEEHDzCNqA\"]}]}<\/script>\n<!-- \/ Yoast SEO plugin. -->","yoast_head_json":{"title":"Green Bali Kratom Kopen? - Op=Op- 3MMC kopen","description":"Bij 3MMC kopen kun je gemakkelijk en snel Green Bali Kratom bestellen en morgen al onderzoeken! Voor 17:00 besteld is vandaag al verzonden. Wees er snel bij.","robots":{"index":"index","follow":"follow","max-snippet":"max-snippet:-1","max-image-preview":"max-image-preview:large","max-video-preview":"max-video-preview:-1"},"canonical":"https:\/\/3-mmckopen.nl\/fr\/3mmc-kopen\/shop\/smartshop\/kratom\/kratom-green\/green-bali-kratom\/","og_locale":"fr_FR","og_type":"article","og_title":"Green Bali Kratom Kopen? - Op=Op- 3MMC kopen","og_description":"Bij 3MMC kopen kun je gemakkelijk en snel Green Bali Kratom bestellen en morgen al onderzoeken! Voor 17:00 besteld is vandaag al verzonden. Wees er snel bij.","og_url":"https:\/\/3-mmckopen.nl\/fr\/3mmc-kopen\/shop\/smartshop\/kratom\/kratom-green\/green-bali-kratom\/","og_site_name":"3MMC kopen","article_modified_time":"2025-07-21T11:35:28+00:00","og_image":[{"width":600,"height":600,"url":"https:\/\/3-mmckopen.nl\/wp-content\/uploads\/2022\/03\/3870-2-600x600-1.jpg","type":"image\/jpeg"}],"twitter_card":"summary_large_image","twitter_misc":{"Dur\u00e9e de lecture estim\u00e9e":"2 minutes"},"schema":{"@context":"https:\/\/schema.org","@graph":[{"@type":"WebPage","@id":"https:\/\/3-mmckopen.nl\/3mmc-kopen\/shop\/smartshop\/kratom\/kratom-green\/green-bali-kratom\/","url":"https:\/\/3-mmckopen.nl\/3mmc-kopen\/shop\/smartshop\/kratom\/kratom-green\/green-bali-kratom\/","name":"Green Bali Kratom Kopen? - Op=Op- 3MMC kopen","isPartOf":{"@id":"https:\/\/3-mmckopen.nl\/#website"},"primaryImageOfPage":{"@id":"https:\/\/3-mmckopen.nl\/3mmc-kopen\/shop\/smartshop\/kratom\/kratom-green\/green-bali-kratom\/#primaryimage"},"image":{"@id":"https:\/\/3-mmckopen.nl\/3mmc-kopen\/shop\/smartshop\/kratom\/kratom-green\/green-bali-kratom\/#primaryimage"},"thumbnailUrl":"https:\/\/3-mmckopen.nl\/wp-content\/uploads\/2022\/03\/3870-2-600x600-1.jpg","datePublished":"2022-03-18T21:27:10+00:00","dateModified":"2025-07-21T11:35:28+00:00","description":"Bij 3MMC kopen kun je gemakkelijk en snel Green Bali Kratom bestellen en morgen al onderzoeken! Voor 17:00 besteld is vandaag al verzonden. Wees er snel bij.","breadcrumb":{"@id":"https:\/\/3-mmckopen.nl\/3mmc-kopen\/shop\/smartshop\/kratom\/kratom-green\/green-bali-kratom\/#breadcrumb"},"inLanguage":"fr-FR","potentialAction":[{"@type":"ReadAction","target":["https:\/\/3-mmckopen.nl\/3mmc-kopen\/shop\/smartshop\/kratom\/kratom-green\/green-bali-kratom\/"]}]},{"@type":"ImageObject","inLanguage":"fr-FR","@id":"https:\/\/3-mmckopen.nl\/3mmc-kopen\/shop\/smartshop\/kratom\/kratom-green\/green-bali-kratom\/#primaryimage","url":"https:\/\/3-mmckopen.nl\/wp-content\/uploads\/2022\/03\/3870-2-600x600-1.jpg","contentUrl":"https:\/\/3-mmckopen.nl\/wp-content\/uploads\/2022\/03\/3870-2-600x600-1.jpg","width":600,"height":600},{"@type":"BreadcrumbList","@id":"https:\/\/3-mmckopen.nl\/3mmc-kopen\/shop\/smartshop\/kratom\/kratom-green\/green-bali-kratom\/#breadcrumb","itemListElement":[{"@type":"ListItem","position":1,"name":"Home","item":"https:\/\/3-mmckopen.nl\/"},{"@type":"ListItem","position":2,"name":"Winkel","item":"https:\/\/3-mmckopen.nl\/winkel\/"},{"@type":"ListItem","position":3,"name":"Green Bali Kratom"}]},{"@type":"WebSite","@id":"https:\/\/3-mmckopen.nl\/#website","url":"https:\/\/3-mmckopen.nl\/","name":"acheter 3MMC","description":"POUR TOUS LES CHEMISEURS \u00c0 LA MAISON ET LES CHERCHEURS D&#039;ENTRE NOUS","publisher":{"@id":"https:\/\/3-mmckopen.nl\/#organization"},"potentialAction":[{"@type":"SearchAction","target":{"@type":"EntryPoint","urlTemplate":"https:\/\/3-mmckopen.nl\/?s={search_term_string}"},"query-input":{"@type":"PropertyValueSpecification","valueRequired":true,"valueName":"search_term_string"}}],"inLanguage":"fr-FR"},{"@type":"Organization","@id":"https:\/\/3-mmckopen.nl\/#organization","name":"3mmc kopen","url":"https:\/\/3-mmckopen.nl\/","logo":{"@type":"ImageObject","inLanguage":"fr-FR","@id":"https:\/\/3-mmckopen.nl\/#\/schema\/logo\/image\/","url":"https:\/\/3-mmckopen.nl\/wp-content\/uploads\/2024\/03\/3mmckopennl.webp","contentUrl":"https:\/\/3-mmckopen.nl\/wp-content\/uploads\/2024\/03\/3mmckopennl.webp","width":300,"height":118,"caption":"3mmc kopen"},"image":{"@id":"https:\/\/3-mmckopen.nl\/#\/schema\/logo\/image\/"},"sameAs":["https:\/\/www.instagram.com\/dehuisprofessor\/","https:\/\/nl.pinterest.com\/dehuisprofessor\/","https:\/\/www.youtube.com\/channel\/UCsGzCVJiHsWLILEEHDzCNqA"]}]}},"_links":{"self":[{"href":"https:\/\/3-mmckopen.nl\/fr\/wp-json\/wp\/v2\/product\/14035","targetHints":{"allow":["GET"]}}],"collection":[{"href":"https:\/\/3-mmckopen.nl\/fr\/wp-json\/wp\/v2\/product"}],"about":[{"href":"https:\/\/3-mmckopen.nl\/fr\/wp-json\/wp\/v2\/types\/product"}],"replies":[{"embeddable":true,"href":"https:\/\/3-mmckopen.nl\/fr\/wp-json\/wp\/v2\/comments?post=14035"}],"version-history":[{"count":0,"href":"https:\/\/3-mmckopen.nl\/fr\/wp-json\/wp\/v2\/product\/14035\/revisions"}],"wp:featuredmedia":[{"embeddable":true,"href":"https:\/\/3-mmckopen.nl\/fr\/wp-json\/wp\/v2\/media\/14078"}],"wp:attachment":[{"href":"https:\/\/3-mmckopen.nl\/fr\/wp-json\/wp\/v2\/media?parent=14035"}],"wp:term":[{"taxonomy":"product_brand","embeddable":true,"href":"https:\/\/3-mmckopen.nl\/fr\/wp-json\/wp\/v2\/product_brand?post=14035"},{"taxonomy":"product_cat","embeddable":true,"href":"https:\/\/3-mmckopen.nl\/fr\/wp-json\/wp\/v2\/product_cat?post=14035"},{"taxonomy":"product_tag","embeddable":true,"href":"https:\/\/3-mmckopen.nl\/fr\/wp-json\/wp\/v2\/product_tag?post=14035"}],"curies":[{"name":"wp","href":"https:\/\/api.w.org\/{rel}","templated":true}]}}