{"id":14043,"date":"2022-03-18T22:27:26","date_gmt":"2022-03-18T21:27:26","guid":{"rendered":"https:\/\/3-mmckopen.nl\/?post_type=product&#038;p=14043"},"modified":"2026-03-10T23:26:11","modified_gmt":"2026-03-10T22:26:11","slug":"white-maeng-da-kratom","status":"publish","type":"product","link":"https:\/\/3-mmckopen.nl\/fr\/3mmc-kopen\/shop\/smartshop\/kratom\/kratom-white\/white-maeng-da-kratom\/","title":{"rendered":"Blanc Maeng Da Kratom"},"content":{"rendered":"<h1 class=\"product_title entry-title\"><strong>Acheter du Maeng Da Kratom Blanc\u00a0<\/strong><\/h1>\n<p><strong>CONTENU : 50 GRAMMES<\/strong><\/p>\n<p>Le Maeng Da blanc appartient aux Kratoms avec les alcalo\u00efdes les plus psychoactifs. Ce sont des substances qui, tout comme la caf\u00e9ine du caf\u00e9, ont un l\u00e9ger effet physique et mental. Les utilisateurs rapportent que notre Maeng Da blanc donne la paix et l&#039;\u00e9nergie. Ce dernier encore plus qu&#039;une boisson \u00e9nergisante.<\/p>\n<p><strong>En savoir plus sur White Maeng<\/strong>\u00a0<strong>Ce Kratom<\/strong><\/p>\n<p>Le secret du Maeng Da est dans la r\u00e9colte. Les agriculteurs cueillent les feuilles lorsqu&#039;elles commencent tout juste \u00e0 m\u00fbrir. Ensuite, ils sont s\u00e9ch\u00e9s dans l&#039;obscurit\u00e9 pendant une longue p\u00e9riode. Pour cette raison, la souche Maeng Da conserve la plupart des alcalo\u00efdes. Les variations de temp\u00e9rature et d&#039;humidit\u00e9 lors du s\u00e9chage, entre autres, lui donnent sa couleur blanche.<\/p>\n<p>Le White Maeng Da est mieux utilis\u00e9 comme th\u00e9. Commencez avec une faible dose et augmentez-la en fonction de votre propre exp\u00e9rience. Veuillez noter que, selon la plupart des utilisateurs, l&#039;effet \u00e9nerg\u00e9tique n&#039;est perceptible qu&#039;apr\u00e8s une quinzaine de minutes. Cela d\u00e9pend, entre autres, de l&#039;\u00e2ge, de la sant\u00e9 physique, du sexe, etc. L&#039;effet dure assez longtemps.<\/p>\n<p>En raison de la quantit\u00e9 d&#039;alcalo\u00efdes pr\u00e9sents, le Kratom est d\u00e9conseill\u00e9 aux jeunes et aux femmes enceintes. Pour les autres utilisateurs, selon la condition physique, le kratom blanc peut \u00eatre utilis\u00e9 sans probl\u00e8me. Une consommation disciplin\u00e9e est recommand\u00e9e pour pr\u00e9venir la d\u00e9pendance.<\/p>\n<p><strong>Usage:<\/strong>\u00a0Pr\u00e9parez une tasse de th\u00e9 \u00e0 partir de cette pr\u00e9paration \u00e0 base de plantes en dissolvant 4 \u00e0 5 grammes dans de l&#039;eau bouillie \u00e0 70-95 degr\u00e9s. Le temps recommand\u00e9 pour tirer est de 3 \u00e0 5 minutes. Le th\u00e9 n&#039;a pas besoin d&#039;\u00eatre filtr\u00e9, tout peut \u00eatre consomm\u00e9.<\/p>\n<p><strong>Avertissement:<\/strong><\/p>\n<p>Vente et utilisation interdites aux moins de 18 ans. Tenir hors de port\u00e9e des enfants. Ne pas utiliser si vous souffrez d&#039;hypertension ou d&#039;hypotension art\u00e9rielle, de probl\u00e8mes cardiaques et\/ou pulmonaires, de diab\u00e8te, de grossesse, si vous prenez des m\u00e9dicaments, des drogues ou de l&#039;alcool.<\/p>\n<p>Dosage recommand\u00e9 : 4 \u00e0 5 grammes<\/p>\n<p><strong>Dosage:<\/strong><\/p>\n<p>En plus de votre propre poids corporel et de votre sensibilit\u00e9, le dosage d\u00e9pend \u00e9galement beaucoup de la force du kratom. Normalement, 5 \u00e0 10 grammes de feuilles s\u00e9ch\u00e9es devraient suffire aux utilisateurs inexp\u00e9riment\u00e9s. Le dosage peut \u00eatre l\u00e9g\u00e8rement inf\u00e9rieur avec de la poudre de kratom, qui est g\u00e9n\u00e9ralement plus forte que les feuilles ordinaires (3-5 grammes). Il en va de m\u00eame pour l&#039;extrait. Le kratom ne cr\u00e9e pas de d\u00e9pendance s&#039;il est utilis\u00e9 de mani\u00e8re responsable et pas plus d&#039;une ou deux fois par mois. Les utilisateurs plus exp\u00e9riment\u00e9s ressentiront le besoin d&#039;augmenter le dosage apr\u00e8s un certain temps.<\/p>","protected":false},"excerpt":{"rendered":"<p>White Maeng Da Kratom kopen\u00a0 INHOUD: 50 GRAM De witte Maeng Da behoort tot de Kratoms met de meeste psychoactieve alkalo\u00efden. Dat zijn stoffen die, evenals bijvoorbeeld cafe\u00efne in koffie, een milde lichamelijke en geestelijke werking hebben. Gebruikers melden dat onze witte Maeng Da rust en energie geeft. Dat laatste zelfs meer dan een energiedrankje. [&hellip;]<\/p>\n","protected":false},"featured_media":14096,"comment_status":"closed","ping_status":"closed","template":"","meta":{"site-sidebar-layout":"default","site-content-layout":"default","ast-site-content-layout":"default","site-content-style":"default","site-sidebar-style":"default","ast-global-header-display":"","ast-banner-title-visibility":"","ast-main-header-display":"","ast-hfb-above-header-display":"","ast-hfb-below-header-display":"","ast-hfb-mobile-header-display":"","site-post-title":"","ast-breadcrumbs-content":"","ast-featured-img":"","footer-sml-layout":"","theme-transparent-header-meta":"default","adv-header-id-meta":"","stick-header-meta":"","header-above-stick-meta":"","header-main-stick-meta":"","header-below-stick-meta":"","astra-migrate-meta-layouts":"default","ast-page-background-enabled":"default","ast-page-background-meta":{"desktop":{"background-color":"","background-image":"","background-repeat":"repeat","background-position":"center center","background-size":"auto","background-attachment":"scroll","background-type":"","background-media":"","overlay-type":"","overlay-color":"","overlay-opacity":"","overlay-gradient":""},"tablet":{"background-color":"","background-image":"","background-repeat":"repeat","background-position":"center center","background-size":"auto","background-attachment":"scroll","background-type":"","background-media":"","overlay-type":"","overlay-color":"","overlay-opacity":"","overlay-gradient":""},"mobile":{"background-color":"","background-image":"","background-repeat":"repeat","background-position":"center center","background-size":"auto","background-attachment":"scroll","background-type":"","background-media":"","overlay-type":"","overlay-color":"","overlay-opacity":"","overlay-gradient":""}},"ast-content-background-meta":{"desktop":{"background-color":"var(--ast-global-color-5)","background-image":"","background-repeat":"repeat","background-position":"center center","background-size":"auto","background-attachment":"scroll","background-type":"","background-media":"","overlay-type":"","overlay-color":"","overlay-opacity":"","overlay-gradient":""},"tablet":{"background-color":"var(--ast-global-color-5)","background-image":"","background-repeat":"repeat","background-position":"center center","background-size":"auto","background-attachment":"scroll","background-type":"","background-media":"","overlay-type":"","overlay-color":"","overlay-opacity":"","overlay-gradient":""},"mobile":{"background-color":"var(--ast-global-color-5)","background-image":"","background-repeat":"repeat","background-position":"center center","background-size":"auto","background-attachment":"scroll","background-type":"","background-media":"","overlay-type":"","overlay-color":"","overlay-opacity":"","overlay-gradient":""}}},"product_brand":[],"product_cat":[20356,20362,20309],"product_tag":[20359,20363],"class_list":{"0":"post-14043","1":"product","2":"type-product","3":"status-publish","4":"has-post-thumbnail","6":"product_cat-kratom","7":"product_cat-kratom-white","8":"product_cat-smartshop","9":"product_tag-kratom","10":"product_tag-white-kratom","11":"desktop-align-center","12":"tablet-align-center","13":"mobile-align-center","15":"first","16":"instock","17":"shipping-taxable","18":"purchasable","19":"product-type-simple"},"yoast_head":"<!-- This site is optimized with the Yoast SEO plugin v27.3 - https:\/\/yoast.com\/product\/yoast-seo-wordpress\/ -->\n<title>White Maeng Da Kratom Kopen? - Op=Op- 3MMC kopen<\/title>\n<meta name=\"description\" content=\"Bij 3MMC kopen kun je gemakkelijk en snel White Maeng Da Kratom bestellen en morgen al onderzoeken! Voor 17:00 besteld is vandaag al verzonden. Wees er snel bij.\" \/>\n<meta name=\"robots\" content=\"index, follow, max-snippet:-1, max-image-preview:large, max-video-preview:-1\" \/>\n<link rel=\"canonical\" href=\"https:\/\/3-mmckopen.nl\/fr\/3mmc-kopen\/shop\/smartshop\/kratom\/kratom-white\/white-maeng-da-kratom\/\" \/>\n<meta property=\"og:locale\" content=\"fr_FR\" \/>\n<meta property=\"og:type\" content=\"article\" \/>\n<meta property=\"og:title\" content=\"White Maeng Da Kratom Kopen? - Op=Op- 3MMC kopen\" \/>\n<meta property=\"og:description\" content=\"Bij 3MMC kopen kun je gemakkelijk en snel White Maeng Da Kratom bestellen en morgen al onderzoeken! Voor 17:00 besteld is vandaag al verzonden. Wees er snel bij.\" \/>\n<meta property=\"og:url\" content=\"https:\/\/3-mmckopen.nl\/fr\/3mmc-kopen\/shop\/smartshop\/kratom\/kratom-white\/white-maeng-da-kratom\/\" \/>\n<meta property=\"og:site_name\" content=\"3MMC kopen\" \/>\n<meta property=\"article:modified_time\" content=\"2026-03-10T22:26:11+00:00\" \/>\n<meta property=\"og:image\" content=\"https:\/\/3-mmckopen.nl\/wp-content\/uploads\/2022\/03\/3862-2-600x600-1.jpg\" \/>\n\t<meta property=\"og:image:width\" content=\"600\" \/>\n\t<meta property=\"og:image:height\" content=\"600\" \/>\n\t<meta property=\"og:image:type\" content=\"image\/jpeg\" \/>\n<meta name=\"twitter:card\" content=\"summary_large_image\" \/>\n<meta name=\"twitter:label1\" content=\"Dur\u00e9e de lecture estim\u00e9e\" \/>\n\t<meta name=\"twitter:data1\" content=\"2 minutes\" \/>\n<script type=\"application\/ld+json\" class=\"yoast-schema-graph\">{\"@context\":\"https:\\\/\\\/schema.org\",\"@graph\":[{\"@type\":\"WebPage\",\"@id\":\"https:\\\/\\\/3-mmckopen.nl\\\/3mmc-kopen\\\/shop\\\/smartshop\\\/kratom\\\/kratom-white\\\/white-maeng-da-kratom\\\/\",\"url\":\"https:\\\/\\\/3-mmckopen.nl\\\/3mmc-kopen\\\/shop\\\/smartshop\\\/kratom\\\/kratom-white\\\/white-maeng-da-kratom\\\/\",\"name\":\"White Maeng Da Kratom Kopen? - Op=Op- 3MMC kopen\",\"isPartOf\":{\"@id\":\"https:\\\/\\\/3-mmckopen.nl\\\/#website\"},\"primaryImageOfPage\":{\"@id\":\"https:\\\/\\\/3-mmckopen.nl\\\/3mmc-kopen\\\/shop\\\/smartshop\\\/kratom\\\/kratom-white\\\/white-maeng-da-kratom\\\/#primaryimage\"},\"image\":{\"@id\":\"https:\\\/\\\/3-mmckopen.nl\\\/3mmc-kopen\\\/shop\\\/smartshop\\\/kratom\\\/kratom-white\\\/white-maeng-da-kratom\\\/#primaryimage\"},\"thumbnailUrl\":\"https:\\\/\\\/3-mmckopen.nl\\\/wp-content\\\/uploads\\\/2022\\\/03\\\/3862-2-600x600-1.jpg\",\"datePublished\":\"2022-03-18T21:27:26+00:00\",\"dateModified\":\"2026-03-10T22:26:11+00:00\",\"description\":\"Bij 3MMC kopen kun je gemakkelijk en snel White Maeng Da Kratom bestellen en morgen al onderzoeken! Voor 17:00 besteld is vandaag al verzonden. Wees er snel bij.\",\"breadcrumb\":{\"@id\":\"https:\\\/\\\/3-mmckopen.nl\\\/3mmc-kopen\\\/shop\\\/smartshop\\\/kratom\\\/kratom-white\\\/white-maeng-da-kratom\\\/#breadcrumb\"},\"inLanguage\":\"fr-FR\",\"potentialAction\":[{\"@type\":\"ReadAction\",\"target\":[\"https:\\\/\\\/3-mmckopen.nl\\\/3mmc-kopen\\\/shop\\\/smartshop\\\/kratom\\\/kratom-white\\\/white-maeng-da-kratom\\\/\"]}]},{\"@type\":\"ImageObject\",\"inLanguage\":\"fr-FR\",\"@id\":\"https:\\\/\\\/3-mmckopen.nl\\\/3mmc-kopen\\\/shop\\\/smartshop\\\/kratom\\\/kratom-white\\\/white-maeng-da-kratom\\\/#primaryimage\",\"url\":\"https:\\\/\\\/3-mmckopen.nl\\\/wp-content\\\/uploads\\\/2022\\\/03\\\/3862-2-600x600-1.jpg\",\"contentUrl\":\"https:\\\/\\\/3-mmckopen.nl\\\/wp-content\\\/uploads\\\/2022\\\/03\\\/3862-2-600x600-1.jpg\",\"width\":600,\"height\":600},{\"@type\":\"BreadcrumbList\",\"@id\":\"https:\\\/\\\/3-mmckopen.nl\\\/3mmc-kopen\\\/shop\\\/smartshop\\\/kratom\\\/kratom-white\\\/white-maeng-da-kratom\\\/#breadcrumb\",\"itemListElement\":[{\"@type\":\"ListItem\",\"position\":1,\"name\":\"Home\",\"item\":\"https:\\\/\\\/3-mmckopen.nl\\\/\"},{\"@type\":\"ListItem\",\"position\":2,\"name\":\"Winkel\",\"item\":\"https:\\\/\\\/3-mmckopen.nl\\\/winkel\\\/\"},{\"@type\":\"ListItem\",\"position\":3,\"name\":\"White Maeng Da Kratom\"}]},{\"@type\":\"WebSite\",\"@id\":\"https:\\\/\\\/3-mmckopen.nl\\\/#website\",\"url\":\"https:\\\/\\\/3-mmckopen.nl\\\/\",\"name\":\"3MMC kopen\",\"description\":\"VOOR ALLE THUIS CHEMISI EN ONDERZOEKERS ONDER ONS\",\"publisher\":{\"@id\":\"https:\\\/\\\/3-mmckopen.nl\\\/#organization\"},\"potentialAction\":[{\"@type\":\"SearchAction\",\"target\":{\"@type\":\"EntryPoint\",\"urlTemplate\":\"https:\\\/\\\/3-mmckopen.nl\\\/?s={search_term_string}\"},\"query-input\":{\"@type\":\"PropertyValueSpecification\",\"valueRequired\":true,\"valueName\":\"search_term_string\"}}],\"inLanguage\":\"fr-FR\"},{\"@type\":\"Organization\",\"@id\":\"https:\\\/\\\/3-mmckopen.nl\\\/#organization\",\"name\":\"3mmc kopen\",\"url\":\"https:\\\/\\\/3-mmckopen.nl\\\/\",\"logo\":{\"@type\":\"ImageObject\",\"inLanguage\":\"fr-FR\",\"@id\":\"https:\\\/\\\/3-mmckopen.nl\\\/#\\\/schema\\\/logo\\\/image\\\/\",\"url\":\"https:\\\/\\\/3-mmckopen.nl\\\/wp-content\\\/uploads\\\/2024\\\/03\\\/3mmckopennl.webp\",\"contentUrl\":\"https:\\\/\\\/3-mmckopen.nl\\\/wp-content\\\/uploads\\\/2024\\\/03\\\/3mmckopennl.webp\",\"width\":300,\"height\":118,\"caption\":\"3mmc kopen\"},\"image\":{\"@id\":\"https:\\\/\\\/3-mmckopen.nl\\\/#\\\/schema\\\/logo\\\/image\\\/\"},\"sameAs\":[\"https:\\\/\\\/www.instagram.com\\\/dehuisprofessor\\\/\",\"https:\\\/\\\/nl.pinterest.com\\\/dehuisprofessor\\\/\",\"https:\\\/\\\/www.youtube.com\\\/channel\\\/UCsGzCVJiHsWLILEEHDzCNqA\"]}]}<\/script>\n<!-- \/ Yoast SEO plugin. -->","yoast_head_json":{"title":"White Maeng Da Kratom Kopen? - Op=Op- 3MMC kopen","description":"Bij 3MMC kopen kun je gemakkelijk en snel White Maeng Da Kratom bestellen en morgen al onderzoeken! Voor 17:00 besteld is vandaag al verzonden. Wees er snel bij.","robots":{"index":"index","follow":"follow","max-snippet":"max-snippet:-1","max-image-preview":"max-image-preview:large","max-video-preview":"max-video-preview:-1"},"canonical":"https:\/\/3-mmckopen.nl\/fr\/3mmc-kopen\/shop\/smartshop\/kratom\/kratom-white\/white-maeng-da-kratom\/","og_locale":"fr_FR","og_type":"article","og_title":"White Maeng Da Kratom Kopen? - Op=Op- 3MMC kopen","og_description":"Bij 3MMC kopen kun je gemakkelijk en snel White Maeng Da Kratom bestellen en morgen al onderzoeken! Voor 17:00 besteld is vandaag al verzonden. Wees er snel bij.","og_url":"https:\/\/3-mmckopen.nl\/fr\/3mmc-kopen\/shop\/smartshop\/kratom\/kratom-white\/white-maeng-da-kratom\/","og_site_name":"3MMC kopen","article_modified_time":"2026-03-10T22:26:11+00:00","og_image":[{"width":600,"height":600,"url":"https:\/\/3-mmckopen.nl\/wp-content\/uploads\/2022\/03\/3862-2-600x600-1.jpg","type":"image\/jpeg"}],"twitter_card":"summary_large_image","twitter_misc":{"Dur\u00e9e de lecture estim\u00e9e":"2 minutes"},"schema":{"@context":"https:\/\/schema.org","@graph":[{"@type":"WebPage","@id":"https:\/\/3-mmckopen.nl\/3mmc-kopen\/shop\/smartshop\/kratom\/kratom-white\/white-maeng-da-kratom\/","url":"https:\/\/3-mmckopen.nl\/3mmc-kopen\/shop\/smartshop\/kratom\/kratom-white\/white-maeng-da-kratom\/","name":"White Maeng Da Kratom Kopen? - Op=Op- 3MMC kopen","isPartOf":{"@id":"https:\/\/3-mmckopen.nl\/#website"},"primaryImageOfPage":{"@id":"https:\/\/3-mmckopen.nl\/3mmc-kopen\/shop\/smartshop\/kratom\/kratom-white\/white-maeng-da-kratom\/#primaryimage"},"image":{"@id":"https:\/\/3-mmckopen.nl\/3mmc-kopen\/shop\/smartshop\/kratom\/kratom-white\/white-maeng-da-kratom\/#primaryimage"},"thumbnailUrl":"https:\/\/3-mmckopen.nl\/wp-content\/uploads\/2022\/03\/3862-2-600x600-1.jpg","datePublished":"2022-03-18T21:27:26+00:00","dateModified":"2026-03-10T22:26:11+00:00","description":"Bij 3MMC kopen kun je gemakkelijk en snel White Maeng Da Kratom bestellen en morgen al onderzoeken! Voor 17:00 besteld is vandaag al verzonden. Wees er snel bij.","breadcrumb":{"@id":"https:\/\/3-mmckopen.nl\/3mmc-kopen\/shop\/smartshop\/kratom\/kratom-white\/white-maeng-da-kratom\/#breadcrumb"},"inLanguage":"fr-FR","potentialAction":[{"@type":"ReadAction","target":["https:\/\/3-mmckopen.nl\/3mmc-kopen\/shop\/smartshop\/kratom\/kratom-white\/white-maeng-da-kratom\/"]}]},{"@type":"ImageObject","inLanguage":"fr-FR","@id":"https:\/\/3-mmckopen.nl\/3mmc-kopen\/shop\/smartshop\/kratom\/kratom-white\/white-maeng-da-kratom\/#primaryimage","url":"https:\/\/3-mmckopen.nl\/wp-content\/uploads\/2022\/03\/3862-2-600x600-1.jpg","contentUrl":"https:\/\/3-mmckopen.nl\/wp-content\/uploads\/2022\/03\/3862-2-600x600-1.jpg","width":600,"height":600},{"@type":"BreadcrumbList","@id":"https:\/\/3-mmckopen.nl\/3mmc-kopen\/shop\/smartshop\/kratom\/kratom-white\/white-maeng-da-kratom\/#breadcrumb","itemListElement":[{"@type":"ListItem","position":1,"name":"Home","item":"https:\/\/3-mmckopen.nl\/"},{"@type":"ListItem","position":2,"name":"Winkel","item":"https:\/\/3-mmckopen.nl\/winkel\/"},{"@type":"ListItem","position":3,"name":"White Maeng Da Kratom"}]},{"@type":"WebSite","@id":"https:\/\/3-mmckopen.nl\/#website","url":"https:\/\/3-mmckopen.nl\/","name":"acheter 3MMC","description":"POUR TOUS LES CHEMISEURS \u00c0 LA MAISON ET LES CHERCHEURS D&#039;ENTRE NOUS","publisher":{"@id":"https:\/\/3-mmckopen.nl\/#organization"},"potentialAction":[{"@type":"SearchAction","target":{"@type":"EntryPoint","urlTemplate":"https:\/\/3-mmckopen.nl\/?s={search_term_string}"},"query-input":{"@type":"PropertyValueSpecification","valueRequired":true,"valueName":"search_term_string"}}],"inLanguage":"fr-FR"},{"@type":"Organization","@id":"https:\/\/3-mmckopen.nl\/#organization","name":"3mmc kopen","url":"https:\/\/3-mmckopen.nl\/","logo":{"@type":"ImageObject","inLanguage":"fr-FR","@id":"https:\/\/3-mmckopen.nl\/#\/schema\/logo\/image\/","url":"https:\/\/3-mmckopen.nl\/wp-content\/uploads\/2024\/03\/3mmckopennl.webp","contentUrl":"https:\/\/3-mmckopen.nl\/wp-content\/uploads\/2024\/03\/3mmckopennl.webp","width":300,"height":118,"caption":"3mmc kopen"},"image":{"@id":"https:\/\/3-mmckopen.nl\/#\/schema\/logo\/image\/"},"sameAs":["https:\/\/www.instagram.com\/dehuisprofessor\/","https:\/\/nl.pinterest.com\/dehuisprofessor\/","https:\/\/www.youtube.com\/channel\/UCsGzCVJiHsWLILEEHDzCNqA"]}]}},"_links":{"self":[{"href":"https:\/\/3-mmckopen.nl\/fr\/wp-json\/wp\/v2\/product\/14043","targetHints":{"allow":["GET"]}}],"collection":[{"href":"https:\/\/3-mmckopen.nl\/fr\/wp-json\/wp\/v2\/product"}],"about":[{"href":"https:\/\/3-mmckopen.nl\/fr\/wp-json\/wp\/v2\/types\/product"}],"replies":[{"embeddable":true,"href":"https:\/\/3-mmckopen.nl\/fr\/wp-json\/wp\/v2\/comments?post=14043"}],"version-history":[{"count":0,"href":"https:\/\/3-mmckopen.nl\/fr\/wp-json\/wp\/v2\/product\/14043\/revisions"}],"wp:featuredmedia":[{"embeddable":true,"href":"https:\/\/3-mmckopen.nl\/fr\/wp-json\/wp\/v2\/media\/14096"}],"wp:attachment":[{"href":"https:\/\/3-mmckopen.nl\/fr\/wp-json\/wp\/v2\/media?parent=14043"}],"wp:term":[{"taxonomy":"product_brand","embeddable":true,"href":"https:\/\/3-mmckopen.nl\/fr\/wp-json\/wp\/v2\/product_brand?post=14043"},{"taxonomy":"product_cat","embeddable":true,"href":"https:\/\/3-mmckopen.nl\/fr\/wp-json\/wp\/v2\/product_cat?post=14043"},{"taxonomy":"product_tag","embeddable":true,"href":"https:\/\/3-mmckopen.nl\/fr\/wp-json\/wp\/v2\/product_tag?post=14043"}],"curies":[{"name":"wp","href":"https:\/\/api.w.org\/{rel}","templated":true}]}}