{"id":14141,"date":"2022-03-18T22:30:54","date_gmt":"2022-03-18T21:30:54","guid":{"rendered":"https:\/\/3-mmckopen.nl\/?post_type=product&#038;p=14141"},"modified":"2025-07-21T13:34:35","modified_gmt":"2025-07-21T11:34:35","slug":"dr-greenthumbs-x-stundenglass","status":"publish","type":"product","link":"https:\/\/3-mmckopen.nl\/fr\/3mmc-kopen\/shop\/headshop\/vaporizers\/dr-greenthumbs-x-stundenglass\/","title":{"rendered":"Dr. Greenthumbs X Stundenglass"},"content":{"rendered":"<h1 class=\"product_title entry-title\"><strong>Dr. Greenthumbs X Stundenglass Gravity Hookah kopen<\/strong><\/h1>\n<p>&nbsp;<\/p>\n<p><strong>VEUILLEZ NOTER QU&#039;IL S&#039;AGIT D&#039;UN ARTICLE EN \u00c9DITION LIMIT\u00c9E, FAITES RAPIDEMENT\u00a0!<\/strong><\/p>\n<p><strong>G\u00e9n\u00e9ral:<\/strong><\/p>\n<p>Deze limited edition Dr Greenthumb\u2019s x St\u00fcndenglass Gravity Hookah is ontwikkeld in samenwerking met Cypress Hill-frontman en cannabisondernemer B Real. De waterpijp is voorzien van het originele logo van Dr. Greenthumb en is van boven naar beneden uitgedost in het favoriete groen van de dokter.<\/p>\n<p>De St\u00fcndenglass Gravity Hookah onderscheidt zich absoluut van elke andere bong. De verfijnde en elegante 360\u00b0 roterende glazen waterpijp genereert kinetische bewegingsactivering via trapsgewijze waterverplaatsing, tegengestelde luchtstroomtechnologie en de natuurlijke zwaartekracht. Geef het een draai en bekijk de magie. De Gravity Hookah is gemaakt van bollen van borosilicaatglas en geanodiseerd aluminium en levert zachte, dikke wolken.<\/p>\n<p><strong>Pakket bestaat<\/strong>\u00a0<strong>uit:<\/strong><\/p>\n<p>\u2013 1x geanodiseerd aluminium frame<\/p>\n<p>\u2013 2x Glazen bollen<\/p>\n<p>\u2013 2x Upstems<\/p>\n<p>\u2013 1x Mondstuk<\/p>\n<p>\u2013 1x Glazen schaal<\/p>\n<p>\u2013 1x Waterpijpkom<\/p>\n<p>\u2013 1x Houtskoolbak<\/p>\n<p>\u2013 1 Waterpijpslang + slangadapter<\/p>\n<p>\u2013 1 waterpijpstaaf + slangtip<\/p>\n<p>\u2013 1 mannelijke naar mannelijke adapter<\/p>\n<p><strong>Description:<\/strong><\/p>\n<p>De Dr. Greenthumbs x St\u00fcndenglass Gravity Hookah wordt geleverd als een complete set met alle accessoires, inclusief een aluminium hookah bowl kit en een glazen bowl voor een conventionele rookervaring. Het apparaat kan ook worden aangesloten op elke verdamper met een mannelijke aansluiting van 14 mm. Een meegeleverde siliconenslang van 90 cm geeft de gebruiker alle ruimte om in een comfortabele houding van de rook te genieten. Een andere optie is contactloos inhaleren door het 45\u00b0 verstelbare mondstuk.<\/p>\n<p><strong>Caract\u00e9ristiques du narguil\u00e9 Cookies x St\u00fcndenglass Gravity<\/strong><\/p>\n<p>\u2013 Conduite d&#039;eau sans contact<\/p>\n<p>\u2013 Syst\u00e8me de gravit\u00e9 \u00e0 360\u00b0<\/p>\n<p>\u2013 Convient pour pipe \u00e0 eau, herbes s\u00e8ches et concentr\u00e9s<\/p>\n<p>\u2013 Alimentation en air forc\u00e9<\/p>\n<p>\u2013 Construction en m\u00e9tal anodis\u00e9<\/p>\n<p>\u2013 Embouts interchangeables<\/p>\n<p>\u2013 Adaptateur m\u00e2le-m\u00e2le 14 mm<\/p>\n<p>\u2013 Ampoules amovibles et lavables au lave-vaisselle<\/p>\n<p>\u2013 Y compris le support<\/p>\n<p>\u2013 De Dr. Greenthumbs x St\u00fcndenglass Gravity Hookah wordt geleverd in een herbruikbare doos met handvat, waardoor hij veilig kan worden opgeborgen en vervoerd<\/p>\n<p>\u2013 10 jaar verlengde garantie<\/p>\n<p><a href=\"https:\/\/www.youtube.com\/watch?v=dJJ9ps-UUzA\"><strong>https:\/\/www.youtube.com\/watch?v=dJJ9ps-UUzA<\/strong><\/a><\/p>","protected":false},"excerpt":{"rendered":"<p>D\u00e9lai de livraison 5-7 jours ouvrables<\/p>","protected":false},"featured_media":14210,"comment_status":"closed","ping_status":"closed","template":"","meta":{"site-sidebar-layout":"default","site-content-layout":"default","ast-site-content-layout":"default","site-content-style":"default","site-sidebar-style":"default","ast-global-header-display":"","ast-banner-title-visibility":"","ast-main-header-display":"","ast-hfb-above-header-display":"","ast-hfb-below-header-display":"","ast-hfb-mobile-header-display":"","site-post-title":"","ast-breadcrumbs-content":"","ast-featured-img":"","footer-sml-layout":"","theme-transparent-header-meta":"default","adv-header-id-meta":"","stick-header-meta":"","header-above-stick-meta":"","header-main-stick-meta":"","header-below-stick-meta":"","astra-migrate-meta-layouts":"default","ast-page-background-enabled":"default","ast-page-background-meta":{"desktop":{"background-color":"","background-image":"","background-repeat":"repeat","background-position":"center center","background-size":"auto","background-attachment":"scroll","background-type":"","background-media":"","overlay-type":"","overlay-color":"","overlay-opacity":"","overlay-gradient":""},"tablet":{"background-color":"","background-image":"","background-repeat":"repeat","background-position":"center center","background-size":"auto","background-attachment":"scroll","background-type":"","background-media":"","overlay-type":"","overlay-color":"","overlay-opacity":"","overlay-gradient":""},"mobile":{"background-color":"","background-image":"","background-repeat":"repeat","background-position":"center center","background-size":"auto","background-attachment":"scroll","background-type":"","background-media":"","overlay-type":"","overlay-color":"","overlay-opacity":"","overlay-gradient":""}},"ast-content-background-meta":{"desktop":{"background-color":"var(--ast-global-color-5)","background-image":"","background-repeat":"repeat","background-position":"center center","background-size":"auto","background-attachment":"scroll","background-type":"","background-media":"","overlay-type":"","overlay-color":"","overlay-opacity":"","overlay-gradient":""},"tablet":{"background-color":"var(--ast-global-color-5)","background-image":"","background-repeat":"repeat","background-position":"center center","background-size":"auto","background-attachment":"scroll","background-type":"","background-media":"","overlay-type":"","overlay-color":"","overlay-opacity":"","overlay-gradient":""},"mobile":{"background-color":"var(--ast-global-color-5)","background-image":"","background-repeat":"repeat","background-position":"center center","background-size":"auto","background-attachment":"scroll","background-type":"","background-media":"","overlay-type":"","overlay-color":"","overlay-opacity":"","overlay-gradient":""}}},"product_brand":[],"product_cat":[20328,20373],"product_tag":[20371,20374,20375],"class_list":{"0":"post-14141","1":"product","2":"type-product","3":"status-publish","4":"has-post-thumbnail","6":"product_cat-headshop","7":"product_cat-vaporizers","8":"product_tag-smokeshop","9":"product_tag-vapeshop","10":"product_tag-vaporizer","11":"desktop-align-center","12":"tablet-align-center","13":"mobile-align-center","15":"first","16":"outofstock","17":"shipping-taxable","18":"purchasable","19":"product-type-simple"},"yoast_head":"<!-- This site is optimized with the Yoast SEO plugin v27.4 - https:\/\/yoast.com\/product\/yoast-seo-wordpress\/ -->\n<title>Dr. Greenthumbs X Stundenglass Kopen? - Op=Op- 3MMC kopen<\/title>\n<meta name=\"description\" content=\"Bij 3MMC kopen kun je gemakkelijk en snel Dr. Greenthumbs X Stundenglass bestellen en morgen al onderzoeken! Voor 17:00 besteld is vandaag al verzonden. Wees er snel bij.\" \/>\n<meta name=\"robots\" content=\"index, follow, max-snippet:-1, max-image-preview:large, max-video-preview:-1\" \/>\n<link rel=\"canonical\" href=\"https:\/\/3-mmckopen.nl\/fr\/3mmc-kopen\/shop\/headshop\/vaporizers\/dr-greenthumbs-x-stundenglass\/\" \/>\n<meta property=\"og:locale\" content=\"fr_FR\" \/>\n<meta property=\"og:type\" content=\"article\" \/>\n<meta property=\"og:title\" content=\"Dr. Greenthumbs X Stundenglass Kopen? - Op=Op- 3MMC kopen\" \/>\n<meta property=\"og:description\" content=\"Bij 3MMC kopen kun je gemakkelijk en snel Dr. Greenthumbs X Stundenglass bestellen en morgen al onderzoeken! Voor 17:00 besteld is vandaag al verzonden. Wees er snel bij.\" \/>\n<meta property=\"og:url\" content=\"https:\/\/3-mmckopen.nl\/fr\/3mmc-kopen\/shop\/headshop\/vaporizers\/dr-greenthumbs-x-stundenglass\/\" \/>\n<meta property=\"og:site_name\" content=\"3MMC kopen\" \/>\n<meta property=\"article:modified_time\" content=\"2025-07-21T11:34:35+00:00\" \/>\n<meta property=\"og:image\" content=\"https:\/\/3-mmckopen.nl\/wp-content\/uploads\/2022\/03\/1-2.png\" \/>\n\t<meta property=\"og:image:width\" content=\"1500\" \/>\n\t<meta property=\"og:image:height\" content=\"1500\" \/>\n\t<meta property=\"og:image:type\" content=\"image\/png\" \/>\n<meta name=\"twitter:card\" content=\"summary_large_image\" \/>\n<meta name=\"twitter:label1\" content=\"Dur\u00e9e de lecture estim\u00e9e\" \/>\n\t<meta name=\"twitter:data1\" content=\"2 minutes\" \/>\n<script type=\"application\/ld+json\" class=\"yoast-schema-graph\">{\"@context\":\"https:\\\/\\\/schema.org\",\"@graph\":[{\"@type\":\"WebPage\",\"@id\":\"https:\\\/\\\/3-mmckopen.nl\\\/pl\\\/3mmc-kopen\\\/shop\\\/headshop\\\/vaporizers\\\/dr-greenthumbs-x-stundenglass\\\/\",\"url\":\"https:\\\/\\\/3-mmckopen.nl\\\/pl\\\/3mmc-kopen\\\/shop\\\/headshop\\\/vaporizers\\\/dr-greenthumbs-x-stundenglass\\\/\",\"name\":\"Dr. Greenthumbs X Stundenglass Kopen? - Op=Op- 3MMC kopen\",\"isPartOf\":{\"@id\":\"https:\\\/\\\/3-mmckopen.nl\\\/#website\"},\"primaryImageOfPage\":{\"@id\":\"https:\\\/\\\/3-mmckopen.nl\\\/pl\\\/3mmc-kopen\\\/shop\\\/headshop\\\/vaporizers\\\/dr-greenthumbs-x-stundenglass\\\/#primaryimage\"},\"image\":{\"@id\":\"https:\\\/\\\/3-mmckopen.nl\\\/pl\\\/3mmc-kopen\\\/shop\\\/headshop\\\/vaporizers\\\/dr-greenthumbs-x-stundenglass\\\/#primaryimage\"},\"thumbnailUrl\":\"https:\\\/\\\/3-mmckopen.nl\\\/wp-content\\\/uploads\\\/2022\\\/03\\\/1-2.png\",\"datePublished\":\"2022-03-18T21:30:54+00:00\",\"dateModified\":\"2025-07-21T11:34:35+00:00\",\"description\":\"Bij 3MMC kopen kun je gemakkelijk en snel Dr. Greenthumbs X Stundenglass bestellen en morgen al onderzoeken! Voor 17:00 besteld is vandaag al verzonden. Wees er snel bij.\",\"breadcrumb\":{\"@id\":\"https:\\\/\\\/3-mmckopen.nl\\\/pl\\\/3mmc-kopen\\\/shop\\\/headshop\\\/vaporizers\\\/dr-greenthumbs-x-stundenglass\\\/#breadcrumb\"},\"inLanguage\":\"fr-FR\",\"potentialAction\":[{\"@type\":\"ReadAction\",\"target\":[\"https:\\\/\\\/3-mmckopen.nl\\\/pl\\\/3mmc-kopen\\\/shop\\\/headshop\\\/vaporizers\\\/dr-greenthumbs-x-stundenglass\\\/\"]}]},{\"@type\":\"ImageObject\",\"inLanguage\":\"fr-FR\",\"@id\":\"https:\\\/\\\/3-mmckopen.nl\\\/pl\\\/3mmc-kopen\\\/shop\\\/headshop\\\/vaporizers\\\/dr-greenthumbs-x-stundenglass\\\/#primaryimage\",\"url\":\"https:\\\/\\\/3-mmckopen.nl\\\/wp-content\\\/uploads\\\/2022\\\/03\\\/1-2.png\",\"contentUrl\":\"https:\\\/\\\/3-mmckopen.nl\\\/wp-content\\\/uploads\\\/2022\\\/03\\\/1-2.png\",\"width\":1500,\"height\":1500},{\"@type\":\"BreadcrumbList\",\"@id\":\"https:\\\/\\\/3-mmckopen.nl\\\/pl\\\/3mmc-kopen\\\/shop\\\/headshop\\\/vaporizers\\\/dr-greenthumbs-x-stundenglass\\\/#breadcrumb\",\"itemListElement\":[{\"@type\":\"ListItem\",\"position\":1,\"name\":\"Home\",\"item\":\"https:\\\/\\\/3-mmckopen.nl\\\/\"},{\"@type\":\"ListItem\",\"position\":2,\"name\":\"Winkel\",\"item\":\"https:\\\/\\\/3-mmckopen.nl\\\/winkel\\\/\"},{\"@type\":\"ListItem\",\"position\":3,\"name\":\"Dr. Greenthumbs X Stundenglass\"}]},{\"@type\":\"WebSite\",\"@id\":\"https:\\\/\\\/3-mmckopen.nl\\\/#website\",\"url\":\"https:\\\/\\\/3-mmckopen.nl\\\/\",\"name\":\"3MMC kopen\",\"description\":\"VOOR ALLE THUIS CHEMISI EN ONDERZOEKERS ONDER ONS\",\"publisher\":{\"@id\":\"https:\\\/\\\/3-mmckopen.nl\\\/#organization\"},\"potentialAction\":[{\"@type\":\"SearchAction\",\"target\":{\"@type\":\"EntryPoint\",\"urlTemplate\":\"https:\\\/\\\/3-mmckopen.nl\\\/?s={search_term_string}\"},\"query-input\":{\"@type\":\"PropertyValueSpecification\",\"valueRequired\":true,\"valueName\":\"search_term_string\"}}],\"inLanguage\":\"fr-FR\"},{\"@type\":\"Organization\",\"@id\":\"https:\\\/\\\/3-mmckopen.nl\\\/#organization\",\"name\":\"3mmc kopen\",\"url\":\"https:\\\/\\\/3-mmckopen.nl\\\/\",\"logo\":{\"@type\":\"ImageObject\",\"inLanguage\":\"fr-FR\",\"@id\":\"https:\\\/\\\/3-mmckopen.nl\\\/#\\\/schema\\\/logo\\\/image\\\/\",\"url\":\"https:\\\/\\\/3-mmckopen.nl\\\/wp-content\\\/uploads\\\/2024\\\/03\\\/3mmckopennl.webp\",\"contentUrl\":\"https:\\\/\\\/3-mmckopen.nl\\\/wp-content\\\/uploads\\\/2024\\\/03\\\/3mmckopennl.webp\",\"width\":300,\"height\":118,\"caption\":\"3mmc kopen\"},\"image\":{\"@id\":\"https:\\\/\\\/3-mmckopen.nl\\\/#\\\/schema\\\/logo\\\/image\\\/\"},\"sameAs\":[\"https:\\\/\\\/www.instagram.com\\\/dehuisprofessor\\\/\",\"https:\\\/\\\/nl.pinterest.com\\\/dehuisprofessor\\\/\",\"https:\\\/\\\/www.youtube.com\\\/channel\\\/UCsGzCVJiHsWLILEEHDzCNqA\"]}]}<\/script>\n<!-- \/ Yoast SEO plugin. -->","yoast_head_json":{"title":"Dr. Greenthumbs X Stundenglass Kopen? - Op=Op- 3MMC kopen","description":"Bij 3MMC kopen kun je gemakkelijk en snel Dr. Greenthumbs X Stundenglass bestellen en morgen al onderzoeken! Voor 17:00 besteld is vandaag al verzonden. Wees er snel bij.","robots":{"index":"index","follow":"follow","max-snippet":"max-snippet:-1","max-image-preview":"max-image-preview:large","max-video-preview":"max-video-preview:-1"},"canonical":"https:\/\/3-mmckopen.nl\/fr\/3mmc-kopen\/shop\/headshop\/vaporizers\/dr-greenthumbs-x-stundenglass\/","og_locale":"fr_FR","og_type":"article","og_title":"Dr. Greenthumbs X Stundenglass Kopen? - Op=Op- 3MMC kopen","og_description":"Bij 3MMC kopen kun je gemakkelijk en snel Dr. Greenthumbs X Stundenglass bestellen en morgen al onderzoeken! Voor 17:00 besteld is vandaag al verzonden. Wees er snel bij.","og_url":"https:\/\/3-mmckopen.nl\/fr\/3mmc-kopen\/shop\/headshop\/vaporizers\/dr-greenthumbs-x-stundenglass\/","og_site_name":"3MMC kopen","article_modified_time":"2025-07-21T11:34:35+00:00","og_image":[{"width":1500,"height":1500,"url":"https:\/\/3-mmckopen.nl\/wp-content\/uploads\/2022\/03\/1-2.png","type":"image\/png"}],"twitter_card":"summary_large_image","twitter_misc":{"Dur\u00e9e de lecture estim\u00e9e":"2 minutes"},"schema":{"@context":"https:\/\/schema.org","@graph":[{"@type":"WebPage","@id":"https:\/\/3-mmckopen.nl\/pl\/3mmc-kopen\/shop\/headshop\/vaporizers\/dr-greenthumbs-x-stundenglass\/","url":"https:\/\/3-mmckopen.nl\/pl\/3mmc-kopen\/shop\/headshop\/vaporizers\/dr-greenthumbs-x-stundenglass\/","name":"Dr. Greenthumbs X Stundenglass Kopen? - Op=Op- 3MMC kopen","isPartOf":{"@id":"https:\/\/3-mmckopen.nl\/#website"},"primaryImageOfPage":{"@id":"https:\/\/3-mmckopen.nl\/pl\/3mmc-kopen\/shop\/headshop\/vaporizers\/dr-greenthumbs-x-stundenglass\/#primaryimage"},"image":{"@id":"https:\/\/3-mmckopen.nl\/pl\/3mmc-kopen\/shop\/headshop\/vaporizers\/dr-greenthumbs-x-stundenglass\/#primaryimage"},"thumbnailUrl":"https:\/\/3-mmckopen.nl\/wp-content\/uploads\/2022\/03\/1-2.png","datePublished":"2022-03-18T21:30:54+00:00","dateModified":"2025-07-21T11:34:35+00:00","description":"Bij 3MMC kopen kun je gemakkelijk en snel Dr. Greenthumbs X Stundenglass bestellen en morgen al onderzoeken! Voor 17:00 besteld is vandaag al verzonden. Wees er snel bij.","breadcrumb":{"@id":"https:\/\/3-mmckopen.nl\/pl\/3mmc-kopen\/shop\/headshop\/vaporizers\/dr-greenthumbs-x-stundenglass\/#breadcrumb"},"inLanguage":"fr-FR","potentialAction":[{"@type":"ReadAction","target":["https:\/\/3-mmckopen.nl\/pl\/3mmc-kopen\/shop\/headshop\/vaporizers\/dr-greenthumbs-x-stundenglass\/"]}]},{"@type":"ImageObject","inLanguage":"fr-FR","@id":"https:\/\/3-mmckopen.nl\/pl\/3mmc-kopen\/shop\/headshop\/vaporizers\/dr-greenthumbs-x-stundenglass\/#primaryimage","url":"https:\/\/3-mmckopen.nl\/wp-content\/uploads\/2022\/03\/1-2.png","contentUrl":"https:\/\/3-mmckopen.nl\/wp-content\/uploads\/2022\/03\/1-2.png","width":1500,"height":1500},{"@type":"BreadcrumbList","@id":"https:\/\/3-mmckopen.nl\/pl\/3mmc-kopen\/shop\/headshop\/vaporizers\/dr-greenthumbs-x-stundenglass\/#breadcrumb","itemListElement":[{"@type":"ListItem","position":1,"name":"Home","item":"https:\/\/3-mmckopen.nl\/"},{"@type":"ListItem","position":2,"name":"Winkel","item":"https:\/\/3-mmckopen.nl\/winkel\/"},{"@type":"ListItem","position":3,"name":"Dr. Greenthumbs X Stundenglass"}]},{"@type":"WebSite","@id":"https:\/\/3-mmckopen.nl\/#website","url":"https:\/\/3-mmckopen.nl\/","name":"acheter 3MMC","description":"POUR TOUS LES CHEMISEURS \u00c0 LA MAISON ET LES CHERCHEURS D&#039;ENTRE NOUS","publisher":{"@id":"https:\/\/3-mmckopen.nl\/#organization"},"potentialAction":[{"@type":"SearchAction","target":{"@type":"EntryPoint","urlTemplate":"https:\/\/3-mmckopen.nl\/?s={search_term_string}"},"query-input":{"@type":"PropertyValueSpecification","valueRequired":true,"valueName":"search_term_string"}}],"inLanguage":"fr-FR"},{"@type":"Organization","@id":"https:\/\/3-mmckopen.nl\/#organization","name":"3mmc kopen","url":"https:\/\/3-mmckopen.nl\/","logo":{"@type":"ImageObject","inLanguage":"fr-FR","@id":"https:\/\/3-mmckopen.nl\/#\/schema\/logo\/image\/","url":"https:\/\/3-mmckopen.nl\/wp-content\/uploads\/2024\/03\/3mmckopennl.webp","contentUrl":"https:\/\/3-mmckopen.nl\/wp-content\/uploads\/2024\/03\/3mmckopennl.webp","width":300,"height":118,"caption":"3mmc kopen"},"image":{"@id":"https:\/\/3-mmckopen.nl\/#\/schema\/logo\/image\/"},"sameAs":["https:\/\/www.instagram.com\/dehuisprofessor\/","https:\/\/nl.pinterest.com\/dehuisprofessor\/","https:\/\/www.youtube.com\/channel\/UCsGzCVJiHsWLILEEHDzCNqA"]}]}},"_links":{"self":[{"href":"https:\/\/3-mmckopen.nl\/fr\/wp-json\/wp\/v2\/product\/14141","targetHints":{"allow":["GET"]}}],"collection":[{"href":"https:\/\/3-mmckopen.nl\/fr\/wp-json\/wp\/v2\/product"}],"about":[{"href":"https:\/\/3-mmckopen.nl\/fr\/wp-json\/wp\/v2\/types\/product"}],"replies":[{"embeddable":true,"href":"https:\/\/3-mmckopen.nl\/fr\/wp-json\/wp\/v2\/comments?post=14141"}],"version-history":[{"count":0,"href":"https:\/\/3-mmckopen.nl\/fr\/wp-json\/wp\/v2\/product\/14141\/revisions"}],"wp:featuredmedia":[{"embeddable":true,"href":"https:\/\/3-mmckopen.nl\/fr\/wp-json\/wp\/v2\/media\/14210"}],"wp:attachment":[{"href":"https:\/\/3-mmckopen.nl\/fr\/wp-json\/wp\/v2\/media?parent=14141"}],"wp:term":[{"taxonomy":"product_brand","embeddable":true,"href":"https:\/\/3-mmckopen.nl\/fr\/wp-json\/wp\/v2\/product_brand?post=14141"},{"taxonomy":"product_cat","embeddable":true,"href":"https:\/\/3-mmckopen.nl\/fr\/wp-json\/wp\/v2\/product_cat?post=14141"},{"taxonomy":"product_tag","embeddable":true,"href":"https:\/\/3-mmckopen.nl\/fr\/wp-json\/wp\/v2\/product_tag?post=14141"}],"curies":[{"name":"wp","href":"https:\/\/api.w.org\/{rel}","templated":true}]}}