{"id":14142,"date":"2022-03-18T22:30:55","date_gmt":"2022-03-18T21:30:55","guid":{"rendered":"https:\/\/3-mmckopen.nl\/?post_type=product&#038;p=14142"},"modified":"2024-01-03T10:37:17","modified_gmt":"2024-01-03T09:37:17","slug":"cookies-x-stundenglass-hookah","status":"publish","type":"product","link":"https:\/\/3-mmckopen.nl\/fr\/3mmc-kopen\/shop\/headshop\/vaporizers\/cookies-x-stundenglass-hookah\/","title":{"rendered":"Chicha Cookies X Stundenglass"},"content":{"rendered":"<h1><strong>Acheter Chicha Cookies X Stundenglass Gravity<\/strong><\/h1>\n<p>&nbsp;<\/p>\n<p><strong>VEUILLEZ NOTER QU&#039;IL S&#039;AGIT D&#039;UN ARTICLE EN \u00c9DITION LIMIT\u00c9E, FAITES RAPIDEMENT\u00a0!<\/strong><\/p>\n<p><strong>Couleur:<\/strong>\u00a0Bleu<\/p>\n<p><strong>G\u00e9n\u00e9ral:<\/strong><br \/>\nCe narguil\u00e9 Cookies X Stundenglass Gravity a \u00e9t\u00e9 con\u00e7u en collaboration avec le l\u00e9gendaire rappeur et entrepreneur de Bay Area Berner. Il comporte le logo Cookies original et la palette de couleurs de signature.<\/p>\n<p>Le narguil\u00e9 St\u00fcndenglass Gravity ne ressemble \u00e0 aucun autre bang. Le bang en verre raffin\u00e9 et \u00e9l\u00e9gant rotatif \u00e0 360 \u00b0 g\u00e9n\u00e8re une activation du mouvement cin\u00e9tique via le d\u00e9placement de l&#039;eau en cascade, la technologie de flux d&#039;air invers\u00e9 et la gravit\u00e9 naturelle. Donnez-lui un tour et regardez la magie. Fabriqu\u00e9 \u00e0 partir de sph\u00e8res de verre borosilicat\u00e9 et d&#039;aluminium anodis\u00e9, le narguil\u00e9 Cookies x St\u00fcndenglass Gravity produit des nuages doux et \u00e9pais.<\/p>\n<p><strong>Le forfait comprend\u00a0:<\/strong><br \/>\n1x cadre en aluminium anodis\u00e9<br \/>\n2x boules de verre<br \/>\n2x tiges<br \/>\n1x Embouchure<br \/>\n1x bol en verre<br \/>\n1x bol \u00e0 narguil\u00e9<br \/>\n1x bac \u00e0 charbon<br \/>\n1 tuyau de tuyau d&#039;eau + adaptateur de tuyau<br \/>\n1 tige de tuyau d&#039;eau + embout de tuyau<br \/>\n1 adaptateur m\u00e2le \u00e0 m\u00e2le<\/p>\n<p><strong>Description:<\/strong><br \/>\nLe narguil\u00e9 Cookies x St\u00fcndenglass Gravity est livr\u00e9 en kit complet avec tous les accessoires, y compris un kit de bol de narguil\u00e9 en aluminium et un bol en verre pour une exp\u00e9rience de fumage conventionnelle. L&#039;appareil peut \u00e9galement \u00eatre connect\u00e9 \u00e0 n&#039;importe quel vaporisateur avec une connexion m\u00e2le de 14 mm. Un tuyau en silicone de 90 cm inclus offre \u00e0 l&#039;utilisateur suffisamment d&#039;espace pour profiter de la fum\u00e9e dans une position confortable. Une autre option est l&#039;inhalation sans contact \u00e0 travers l&#039;embout buccal r\u00e9glable \u00e0 45\u00b0.<\/p>\n<p><strong>Caract\u00e9ristiques du narguil\u00e9 Cookies x St\u00fcndenglass Gravity<\/strong><br \/>\n\u2013 Conduite d&#039;eau sans contact<br \/>\n\u2013 Syst\u00e8me de gravit\u00e9 \u00e0 360\u00b0<br \/>\n\u2013 Convient pour pipe \u00e0 eau, herbes s\u00e8ches et concentr\u00e9s<br \/>\n\u2013 Alimentation en air forc\u00e9<br \/>\n\u2013 Construction en m\u00e9tal anodis\u00e9<br \/>\n\u2013 Embouts interchangeables<br \/>\n\u2013 Adaptateur m\u00e2le-m\u00e2le 14 mm<br \/>\n\u2013 Ampoules amovibles et lavables au lave-vaisselle<br \/>\n\u2013 Y compris le support<br \/>\n\u2013 Le narguil\u00e9 Cookies x St\u00fcndenglass Gravity est livr\u00e9 dans une bo\u00eete r\u00e9utilisable avec poign\u00e9e, ce qui permet de le ranger et de le transporter en toute s\u00e9curit\u00e9.<br \/>\n\u2013 Extension de garantie de 10 ans.<\/p>\n<p><a href=\"https:\/\/www.%3Cstrong%3Ehttps\/\/www.youtube.com\/watch?v=cqxfj4GZ7sU&amp;t=2s%3C\/strong%3E.com\/\" target=\"_blank\" rel=\"noopener\"><strong>https:\/\/www.youtube.com\/watch?v=cqxfj4GZ7sU&amp;t=2s<\/strong><\/a><\/p>","protected":false},"excerpt":{"rendered":"<p>D\u00e9lai de livraison 5-7 jours ouvrables<\/p>","protected":false},"featured_media":14212,"comment_status":"closed","ping_status":"closed","template":"","meta":{"site-sidebar-layout":"default","site-content-layout":"default","ast-site-content-layout":"default","site-content-style":"default","site-sidebar-style":"default","ast-global-header-display":"","ast-banner-title-visibility":"","ast-main-header-display":"","ast-hfb-above-header-display":"","ast-hfb-below-header-display":"","ast-hfb-mobile-header-display":"","site-post-title":"","ast-breadcrumbs-content":"","ast-featured-img":"","footer-sml-layout":"","theme-transparent-header-meta":"default","adv-header-id-meta":"","stick-header-meta":"","header-above-stick-meta":"","header-main-stick-meta":"","header-below-stick-meta":"","astra-migrate-meta-layouts":"default","ast-page-background-enabled":"default","ast-page-background-meta":{"desktop":{"background-color":"","background-image":"","background-repeat":"repeat","background-position":"center center","background-size":"auto","background-attachment":"scroll","background-type":"","background-media":"","overlay-type":"","overlay-color":"","overlay-opacity":"","overlay-gradient":""},"tablet":{"background-color":"","background-image":"","background-repeat":"repeat","background-position":"center center","background-size":"auto","background-attachment":"scroll","background-type":"","background-media":"","overlay-type":"","overlay-color":"","overlay-opacity":"","overlay-gradient":""},"mobile":{"background-color":"","background-image":"","background-repeat":"repeat","background-position":"center center","background-size":"auto","background-attachment":"scroll","background-type":"","background-media":"","overlay-type":"","overlay-color":"","overlay-opacity":"","overlay-gradient":""}},"ast-content-background-meta":{"desktop":{"background-color":"var(--ast-global-color-5)","background-image":"","background-repeat":"repeat","background-position":"center center","background-size":"auto","background-attachment":"scroll","background-type":"","background-media":"","overlay-type":"","overlay-color":"","overlay-opacity":"","overlay-gradient":""},"tablet":{"background-color":"var(--ast-global-color-5)","background-image":"","background-repeat":"repeat","background-position":"center center","background-size":"auto","background-attachment":"scroll","background-type":"","background-media":"","overlay-type":"","overlay-color":"","overlay-opacity":"","overlay-gradient":""},"mobile":{"background-color":"var(--ast-global-color-5)","background-image":"","background-repeat":"repeat","background-position":"center center","background-size":"auto","background-attachment":"scroll","background-type":"","background-media":"","overlay-type":"","overlay-color":"","overlay-opacity":"","overlay-gradient":""}}},"product_brand":[],"product_cat":[20328,20373],"product_tag":[20371,20374,20375],"class_list":{"0":"post-14142","1":"product","2":"type-product","3":"status-publish","4":"has-post-thumbnail","6":"product_cat-headshop","7":"product_cat-vaporizers","8":"product_tag-smokeshop","9":"product_tag-vapeshop","10":"product_tag-vaporizer","11":"desktop-align-center","12":"tablet-align-center","13":"mobile-align-center","15":"first","16":"outofstock","17":"shipping-taxable","18":"purchasable","19":"product-type-simple"},"yoast_head":"<!-- This site is optimized with the Yoast SEO plugin v27.4 - https:\/\/yoast.com\/product\/yoast-seo-wordpress\/ -->\n<title>Cookies X Stundenglass Hookah Kopen? - Op=Op- 3MMC kopen<\/title>\n<meta name=\"description\" content=\"Bij 3MMC kopen kun je gemakkelijk en snel Cookies X Stundenglass Hookah bestellen en morgen al onderzoeken! Voor 17:00 besteld is vandaag al verzonden. Wees er snel bij.\" \/>\n<meta name=\"robots\" content=\"index, follow, max-snippet:-1, max-image-preview:large, max-video-preview:-1\" \/>\n<link rel=\"canonical\" href=\"https:\/\/3-mmckopen.nl\/fr\/3mmc-kopen\/shop\/headshop\/vaporizers\/cookies-x-stundenglass-hookah\/\" \/>\n<meta property=\"og:locale\" content=\"fr_FR\" \/>\n<meta property=\"og:type\" content=\"article\" \/>\n<meta property=\"og:title\" content=\"Cookies X Stundenglass Hookah Kopen? - Op=Op- 3MMC kopen\" \/>\n<meta property=\"og:description\" content=\"Bij 3MMC kopen kun je gemakkelijk en snel Cookies X Stundenglass Hookah bestellen en morgen al onderzoeken! Voor 17:00 besteld is vandaag al verzonden. Wees er snel bij.\" \/>\n<meta property=\"og:url\" content=\"https:\/\/3-mmckopen.nl\/fr\/3mmc-kopen\/shop\/headshop\/vaporizers\/cookies-x-stundenglass-hookah\/\" \/>\n<meta property=\"og:site_name\" content=\"3MMC kopen\" \/>\n<meta property=\"article:modified_time\" content=\"2024-01-03T09:37:17+00:00\" \/>\n<meta property=\"og:image\" content=\"https:\/\/3-mmckopen.nl\/wp-content\/uploads\/2022\/03\/1-1.png\" \/>\n\t<meta property=\"og:image:width\" content=\"1500\" \/>\n\t<meta property=\"og:image:height\" content=\"1500\" \/>\n\t<meta property=\"og:image:type\" content=\"image\/png\" \/>\n<meta name=\"twitter:card\" content=\"summary_large_image\" \/>\n<meta name=\"twitter:label1\" content=\"Dur\u00e9e de lecture estim\u00e9e\" \/>\n\t<meta name=\"twitter:data1\" content=\"1 minute\" \/>\n<script type=\"application\/ld+json\" class=\"yoast-schema-graph\">{\"@context\":\"https:\\\/\\\/schema.org\",\"@graph\":[{\"@type\":\"WebPage\",\"@id\":\"https:\\\/\\\/3-mmckopen.nl\\\/es\\\/3mmc-kopen\\\/shop\\\/headshop\\\/vaporizers\\\/cookies-x-stundenglass-hookah\\\/\",\"url\":\"https:\\\/\\\/3-mmckopen.nl\\\/es\\\/3mmc-kopen\\\/shop\\\/headshop\\\/vaporizers\\\/cookies-x-stundenglass-hookah\\\/\",\"name\":\"Cookies X Stundenglass Hookah Kopen? - Op=Op- 3MMC kopen\",\"isPartOf\":{\"@id\":\"https:\\\/\\\/3-mmckopen.nl\\\/#website\"},\"primaryImageOfPage\":{\"@id\":\"https:\\\/\\\/3-mmckopen.nl\\\/es\\\/3mmc-kopen\\\/shop\\\/headshop\\\/vaporizers\\\/cookies-x-stundenglass-hookah\\\/#primaryimage\"},\"image\":{\"@id\":\"https:\\\/\\\/3-mmckopen.nl\\\/es\\\/3mmc-kopen\\\/shop\\\/headshop\\\/vaporizers\\\/cookies-x-stundenglass-hookah\\\/#primaryimage\"},\"thumbnailUrl\":\"https:\\\/\\\/3-mmckopen.nl\\\/wp-content\\\/uploads\\\/2022\\\/03\\\/1-1.png\",\"datePublished\":\"2022-03-18T21:30:55+00:00\",\"dateModified\":\"2024-01-03T09:37:17+00:00\",\"description\":\"Bij 3MMC kopen kun je gemakkelijk en snel Cookies X Stundenglass Hookah bestellen en morgen al onderzoeken! Voor 17:00 besteld is vandaag al verzonden. Wees er snel bij.\",\"breadcrumb\":{\"@id\":\"https:\\\/\\\/3-mmckopen.nl\\\/es\\\/3mmc-kopen\\\/shop\\\/headshop\\\/vaporizers\\\/cookies-x-stundenglass-hookah\\\/#breadcrumb\"},\"inLanguage\":\"fr-FR\",\"potentialAction\":[{\"@type\":\"ReadAction\",\"target\":[\"https:\\\/\\\/3-mmckopen.nl\\\/es\\\/3mmc-kopen\\\/shop\\\/headshop\\\/vaporizers\\\/cookies-x-stundenglass-hookah\\\/\"]}]},{\"@type\":\"ImageObject\",\"inLanguage\":\"fr-FR\",\"@id\":\"https:\\\/\\\/3-mmckopen.nl\\\/es\\\/3mmc-kopen\\\/shop\\\/headshop\\\/vaporizers\\\/cookies-x-stundenglass-hookah\\\/#primaryimage\",\"url\":\"https:\\\/\\\/3-mmckopen.nl\\\/wp-content\\\/uploads\\\/2022\\\/03\\\/1-1.png\",\"contentUrl\":\"https:\\\/\\\/3-mmckopen.nl\\\/wp-content\\\/uploads\\\/2022\\\/03\\\/1-1.png\",\"width\":1500,\"height\":1500},{\"@type\":\"BreadcrumbList\",\"@id\":\"https:\\\/\\\/3-mmckopen.nl\\\/es\\\/3mmc-kopen\\\/shop\\\/headshop\\\/vaporizers\\\/cookies-x-stundenglass-hookah\\\/#breadcrumb\",\"itemListElement\":[{\"@type\":\"ListItem\",\"position\":1,\"name\":\"Home\",\"item\":\"https:\\\/\\\/3-mmckopen.nl\\\/\"},{\"@type\":\"ListItem\",\"position\":2,\"name\":\"Winkel\",\"item\":\"https:\\\/\\\/3-mmckopen.nl\\\/winkel\\\/\"},{\"@type\":\"ListItem\",\"position\":3,\"name\":\"Cookies X Stundenglass Hookah\"}]},{\"@type\":\"WebSite\",\"@id\":\"https:\\\/\\\/3-mmckopen.nl\\\/#website\",\"url\":\"https:\\\/\\\/3-mmckopen.nl\\\/\",\"name\":\"3MMC kopen\",\"description\":\"VOOR ALLE THUIS CHEMISI EN ONDERZOEKERS ONDER ONS\",\"publisher\":{\"@id\":\"https:\\\/\\\/3-mmckopen.nl\\\/#organization\"},\"potentialAction\":[{\"@type\":\"SearchAction\",\"target\":{\"@type\":\"EntryPoint\",\"urlTemplate\":\"https:\\\/\\\/3-mmckopen.nl\\\/?s={search_term_string}\"},\"query-input\":{\"@type\":\"PropertyValueSpecification\",\"valueRequired\":true,\"valueName\":\"search_term_string\"}}],\"inLanguage\":\"fr-FR\"},{\"@type\":\"Organization\",\"@id\":\"https:\\\/\\\/3-mmckopen.nl\\\/#organization\",\"name\":\"3mmc kopen\",\"url\":\"https:\\\/\\\/3-mmckopen.nl\\\/\",\"logo\":{\"@type\":\"ImageObject\",\"inLanguage\":\"fr-FR\",\"@id\":\"https:\\\/\\\/3-mmckopen.nl\\\/#\\\/schema\\\/logo\\\/image\\\/\",\"url\":\"https:\\\/\\\/3-mmckopen.nl\\\/wp-content\\\/uploads\\\/2024\\\/03\\\/3mmckopennl.webp\",\"contentUrl\":\"https:\\\/\\\/3-mmckopen.nl\\\/wp-content\\\/uploads\\\/2024\\\/03\\\/3mmckopennl.webp\",\"width\":300,\"height\":118,\"caption\":\"3mmc kopen\"},\"image\":{\"@id\":\"https:\\\/\\\/3-mmckopen.nl\\\/#\\\/schema\\\/logo\\\/image\\\/\"},\"sameAs\":[\"https:\\\/\\\/www.instagram.com\\\/dehuisprofessor\\\/\",\"https:\\\/\\\/nl.pinterest.com\\\/dehuisprofessor\\\/\",\"https:\\\/\\\/www.youtube.com\\\/channel\\\/UCsGzCVJiHsWLILEEHDzCNqA\"]}]}<\/script>\n<!-- \/ Yoast SEO plugin. -->","yoast_head_json":{"title":"Cookies X Stundenglass Hookah Kopen? - Op=Op- 3MMC kopen","description":"Bij 3MMC kopen kun je gemakkelijk en snel Cookies X Stundenglass Hookah bestellen en morgen al onderzoeken! Voor 17:00 besteld is vandaag al verzonden. Wees er snel bij.","robots":{"index":"index","follow":"follow","max-snippet":"max-snippet:-1","max-image-preview":"max-image-preview:large","max-video-preview":"max-video-preview:-1"},"canonical":"https:\/\/3-mmckopen.nl\/fr\/3mmc-kopen\/shop\/headshop\/vaporizers\/cookies-x-stundenglass-hookah\/","og_locale":"fr_FR","og_type":"article","og_title":"Cookies X Stundenglass Hookah Kopen? - Op=Op- 3MMC kopen","og_description":"Bij 3MMC kopen kun je gemakkelijk en snel Cookies X Stundenglass Hookah bestellen en morgen al onderzoeken! Voor 17:00 besteld is vandaag al verzonden. Wees er snel bij.","og_url":"https:\/\/3-mmckopen.nl\/fr\/3mmc-kopen\/shop\/headshop\/vaporizers\/cookies-x-stundenglass-hookah\/","og_site_name":"3MMC kopen","article_modified_time":"2024-01-03T09:37:17+00:00","og_image":[{"width":1500,"height":1500,"url":"https:\/\/3-mmckopen.nl\/wp-content\/uploads\/2022\/03\/1-1.png","type":"image\/png"}],"twitter_card":"summary_large_image","twitter_misc":{"Dur\u00e9e de lecture estim\u00e9e":"1 minute"},"schema":{"@context":"https:\/\/schema.org","@graph":[{"@type":"WebPage","@id":"https:\/\/3-mmckopen.nl\/es\/3mmc-kopen\/shop\/headshop\/vaporizers\/cookies-x-stundenglass-hookah\/","url":"https:\/\/3-mmckopen.nl\/es\/3mmc-kopen\/shop\/headshop\/vaporizers\/cookies-x-stundenglass-hookah\/","name":"Cookies X Stundenglass Hookah Kopen? - Op=Op- 3MMC kopen","isPartOf":{"@id":"https:\/\/3-mmckopen.nl\/#website"},"primaryImageOfPage":{"@id":"https:\/\/3-mmckopen.nl\/es\/3mmc-kopen\/shop\/headshop\/vaporizers\/cookies-x-stundenglass-hookah\/#primaryimage"},"image":{"@id":"https:\/\/3-mmckopen.nl\/es\/3mmc-kopen\/shop\/headshop\/vaporizers\/cookies-x-stundenglass-hookah\/#primaryimage"},"thumbnailUrl":"https:\/\/3-mmckopen.nl\/wp-content\/uploads\/2022\/03\/1-1.png","datePublished":"2022-03-18T21:30:55+00:00","dateModified":"2024-01-03T09:37:17+00:00","description":"Bij 3MMC kopen kun je gemakkelijk en snel Cookies X Stundenglass Hookah bestellen en morgen al onderzoeken! Voor 17:00 besteld is vandaag al verzonden. Wees er snel bij.","breadcrumb":{"@id":"https:\/\/3-mmckopen.nl\/es\/3mmc-kopen\/shop\/headshop\/vaporizers\/cookies-x-stundenglass-hookah\/#breadcrumb"},"inLanguage":"fr-FR","potentialAction":[{"@type":"ReadAction","target":["https:\/\/3-mmckopen.nl\/es\/3mmc-kopen\/shop\/headshop\/vaporizers\/cookies-x-stundenglass-hookah\/"]}]},{"@type":"ImageObject","inLanguage":"fr-FR","@id":"https:\/\/3-mmckopen.nl\/es\/3mmc-kopen\/shop\/headshop\/vaporizers\/cookies-x-stundenglass-hookah\/#primaryimage","url":"https:\/\/3-mmckopen.nl\/wp-content\/uploads\/2022\/03\/1-1.png","contentUrl":"https:\/\/3-mmckopen.nl\/wp-content\/uploads\/2022\/03\/1-1.png","width":1500,"height":1500},{"@type":"BreadcrumbList","@id":"https:\/\/3-mmckopen.nl\/es\/3mmc-kopen\/shop\/headshop\/vaporizers\/cookies-x-stundenglass-hookah\/#breadcrumb","itemListElement":[{"@type":"ListItem","position":1,"name":"Home","item":"https:\/\/3-mmckopen.nl\/"},{"@type":"ListItem","position":2,"name":"Winkel","item":"https:\/\/3-mmckopen.nl\/winkel\/"},{"@type":"ListItem","position":3,"name":"Cookies X Stundenglass Hookah"}]},{"@type":"WebSite","@id":"https:\/\/3-mmckopen.nl\/#website","url":"https:\/\/3-mmckopen.nl\/","name":"acheter 3MMC","description":"POUR TOUS LES CHEMISEURS \u00c0 LA MAISON ET LES CHERCHEURS D&#039;ENTRE NOUS","publisher":{"@id":"https:\/\/3-mmckopen.nl\/#organization"},"potentialAction":[{"@type":"SearchAction","target":{"@type":"EntryPoint","urlTemplate":"https:\/\/3-mmckopen.nl\/?s={search_term_string}"},"query-input":{"@type":"PropertyValueSpecification","valueRequired":true,"valueName":"search_term_string"}}],"inLanguage":"fr-FR"},{"@type":"Organization","@id":"https:\/\/3-mmckopen.nl\/#organization","name":"3mmc kopen","url":"https:\/\/3-mmckopen.nl\/","logo":{"@type":"ImageObject","inLanguage":"fr-FR","@id":"https:\/\/3-mmckopen.nl\/#\/schema\/logo\/image\/","url":"https:\/\/3-mmckopen.nl\/wp-content\/uploads\/2024\/03\/3mmckopennl.webp","contentUrl":"https:\/\/3-mmckopen.nl\/wp-content\/uploads\/2024\/03\/3mmckopennl.webp","width":300,"height":118,"caption":"3mmc kopen"},"image":{"@id":"https:\/\/3-mmckopen.nl\/#\/schema\/logo\/image\/"},"sameAs":["https:\/\/www.instagram.com\/dehuisprofessor\/","https:\/\/nl.pinterest.com\/dehuisprofessor\/","https:\/\/www.youtube.com\/channel\/UCsGzCVJiHsWLILEEHDzCNqA"]}]}},"_links":{"self":[{"href":"https:\/\/3-mmckopen.nl\/fr\/wp-json\/wp\/v2\/product\/14142","targetHints":{"allow":["GET"]}}],"collection":[{"href":"https:\/\/3-mmckopen.nl\/fr\/wp-json\/wp\/v2\/product"}],"about":[{"href":"https:\/\/3-mmckopen.nl\/fr\/wp-json\/wp\/v2\/types\/product"}],"replies":[{"embeddable":true,"href":"https:\/\/3-mmckopen.nl\/fr\/wp-json\/wp\/v2\/comments?post=14142"}],"version-history":[{"count":0,"href":"https:\/\/3-mmckopen.nl\/fr\/wp-json\/wp\/v2\/product\/14142\/revisions"}],"wp:featuredmedia":[{"embeddable":true,"href":"https:\/\/3-mmckopen.nl\/fr\/wp-json\/wp\/v2\/media\/14212"}],"wp:attachment":[{"href":"https:\/\/3-mmckopen.nl\/fr\/wp-json\/wp\/v2\/media?parent=14142"}],"wp:term":[{"taxonomy":"product_brand","embeddable":true,"href":"https:\/\/3-mmckopen.nl\/fr\/wp-json\/wp\/v2\/product_brand?post=14142"},{"taxonomy":"product_cat","embeddable":true,"href":"https:\/\/3-mmckopen.nl\/fr\/wp-json\/wp\/v2\/product_cat?post=14142"},{"taxonomy":"product_tag","embeddable":true,"href":"https:\/\/3-mmckopen.nl\/fr\/wp-json\/wp\/v2\/product_tag?post=14142"}],"curies":[{"name":"wp","href":"https:\/\/api.w.org\/{rel}","templated":true}]}}