{"id":14176,"date":"2022-03-18T22:32:08","date_gmt":"2022-03-18T21:32:08","guid":{"rendered":"https:\/\/3-mmckopen.nl\/?post_type=product&#038;p=14176"},"modified":"2025-07-21T13:33:55","modified_gmt":"2025-07-21T11:33:55","slug":"pax-3-5-complete-kit-burgundy","status":"publish","type":"product","link":"https:\/\/3-mmckopen.nl\/fr\/3mmc-kopen\/shop\/headshop\/vaporizers\/pax-3-5-complete-kit-burgundy\/","title":{"rendered":"Kit Complet Pax 3.5 BORDEAUX"},"content":{"rendered":"<div class=\"element-b5nm9 et_column et_product-block mob-full-width mob-full-width-children etheme-woocommerce-product-gallery justify-content-start\" data-key=\"element-b5nm9\" data-width=\"50\" data-start=\"0\">\n<div class=\"swiper-entry swipers-couple-wrapper images images-wrapper woocommerce-product-gallery arrows-hovered mob-full-width thumbnails_bottom with-pswp product-thumbnails-as-grid\">\n<div id=\"swiper-unique-id-0\" class=\"swiper-control-top swiper-container main-slider-on gallery-slider-on swiper-swiper-unique-id-0 initialized swiper-container-initialized swiper-container-horizontal swiper-container-autoheight second-initialized\" data-effect=\"slide\" data-xs-slides=\"1\" data-sm-slides=\"1\" data-lt-slides=\"1\" data-autoheight=\"true\" data-space=\"10\">\n<div class=\"swiper-custom-right swiper-button-next-swiper-unique-id-0 swiper-button-disabled\" tabindex=\"-1\" role=\"button\" aria-label=\"Diapositive suivante\" aria-controls=\"swiper-wrapper-7d2226e9a17381e7\" aria-disabled=\"true\"><strong><span style=\"font-size: 2em;\">Acheter Kit Complet Pax 3.5 BORDEAUX<\/span><\/strong><\/div>\n<div tabindex=\"-1\" role=\"button\" aria-label=\"Diapositive suivante\" aria-controls=\"swiper-wrapper-7d2226e9a17381e7\" aria-disabled=\"true\"><strong>Le vaporisateur de cannabis portable ultime pour les feuilles mobiles et les concentr\u00e9s.<\/strong><\/div>\n<div tabindex=\"-1\" role=\"button\" aria-label=\"Diapositive suivante\" aria-controls=\"swiper-wrapper-7d2226e9a17381e7\" aria-disabled=\"true\">\n<p>&nbsp;<\/p>\n<p><strong>Couleur:<\/strong>\u00a0BOURGOGNE.<\/p>\n<p><strong>Contenu;<\/strong><\/p>\n<p>\u2013 Embouchures plates et sur\u00e9lev\u00e9es<\/p>\n<p>- Chargeur USB<\/p>\n<p>-Kit de maintenance<\/p>\n<p>\u2013 Couvercle de four standard<\/p>\n<p>\u2013 Couvercle de four demi-pack<\/p>\n<p>\u2013 Insert de concentr\u00e9<\/p>\n<p>\u2013 Multi-outil (porte-cl\u00e9s)<\/p>\n<p>\u2013 3 \u00e9crans<\/p>\n<p><strong>Kit complet PAX3<\/strong><\/p>\n<p>Intelligent, intuitif et instantan\u00e9. Un v\u00e9ritable vaporisateur portable \u00e0 double usage pour les feuilles mobiles et les concentr\u00e9s. Maintenant disponible dans de nouvelles finitions mates. Fournit une vapeur forte et pure en 22 secondes, et les r\u00e9chauffements ult\u00e9rieurs sont presque instantan\u00e9s. La derni\u00e8re technologie de batterie alimente un four \u00e0 2 fois la force de PAX 2. Bluetooth activ\u00e9 pour la compatibilit\u00e9 PAX Vapor App. Inserts concentr\u00e9s et garantie limit\u00e9e de 10 ans inclus.<\/p>\n<p><strong>Usage double<\/strong><\/p>\n<p>PAX 3 est livr\u00e9 avec deux options pour en profiter\u00a0: coller pour perdre la feuille si c&#039;est plus votre style, ou passer facilement aux concentr\u00e9s. Faites correspondre votre pr\u00e9f\u00e9rence \u00e0 la performance.<\/p>\n<p><strong>Batterie longue dur\u00e9e<\/strong><\/p>\n<p>Hautes performances de l&#039;int\u00e9rieur vers l&#039;ext\u00e9rieur, avec la derni\u00e8re technologie de batterie pour accueillir plusieurs sessions sans avoir besoin d&#039;une charge.<\/p>\n<p><strong>Obtenir l&#039;application<\/strong><\/p>\n<p>Connectez-vous via Android ou Web pour plus de personnalisation et de pr\u00e9cision. Profitez de l&#039;un des cinq modes dynamiques - Standard, Stealth, Boost, Flavor ou Efficiency - pour tirer le meilleur parti de votre cannabis.<\/p>\n<p><strong>Dessin original<\/strong><\/p>\n<p>Faites une d\u00e9claration sans vous d\u00e9marquer. Avec une interface simple \u00e0 un bouton, les voyants LED communiquent l&#039;\u00e9tat de la mani\u00e8re la plus discr\u00e8te. Vert signifie aller.<\/p>\n<\/div>\n<\/div>\n<\/div>\n<\/div>","protected":false},"excerpt":{"rendered":"<p>D\u00e9lai de livraison 2-5 jours ouvrables<\/p>","protected":false},"featured_media":14236,"comment_status":"closed","ping_status":"closed","template":"","meta":{"site-sidebar-layout":"default","site-content-layout":"default","ast-site-content-layout":"default","site-content-style":"default","site-sidebar-style":"default","ast-global-header-display":"","ast-banner-title-visibility":"","ast-main-header-display":"","ast-hfb-above-header-display":"","ast-hfb-below-header-display":"","ast-hfb-mobile-header-display":"","site-post-title":"","ast-breadcrumbs-content":"","ast-featured-img":"","footer-sml-layout":"","theme-transparent-header-meta":"default","adv-header-id-meta":"","stick-header-meta":"","header-above-stick-meta":"","header-main-stick-meta":"","header-below-stick-meta":"","astra-migrate-meta-layouts":"default","ast-page-background-enabled":"default","ast-page-background-meta":{"desktop":{"background-color":"","background-image":"","background-repeat":"repeat","background-position":"center center","background-size":"auto","background-attachment":"scroll","background-type":"","background-media":"","overlay-type":"","overlay-color":"","overlay-opacity":"","overlay-gradient":""},"tablet":{"background-color":"","background-image":"","background-repeat":"repeat","background-position":"center center","background-size":"auto","background-attachment":"scroll","background-type":"","background-media":"","overlay-type":"","overlay-color":"","overlay-opacity":"","overlay-gradient":""},"mobile":{"background-color":"","background-image":"","background-repeat":"repeat","background-position":"center center","background-size":"auto","background-attachment":"scroll","background-type":"","background-media":"","overlay-type":"","overlay-color":"","overlay-opacity":"","overlay-gradient":""}},"ast-content-background-meta":{"desktop":{"background-color":"var(--ast-global-color-5)","background-image":"","background-repeat":"repeat","background-position":"center center","background-size":"auto","background-attachment":"scroll","background-type":"","background-media":"","overlay-type":"","overlay-color":"","overlay-opacity":"","overlay-gradient":""},"tablet":{"background-color":"var(--ast-global-color-5)","background-image":"","background-repeat":"repeat","background-position":"center center","background-size":"auto","background-attachment":"scroll","background-type":"","background-media":"","overlay-type":"","overlay-color":"","overlay-opacity":"","overlay-gradient":""},"mobile":{"background-color":"var(--ast-global-color-5)","background-image":"","background-repeat":"repeat","background-position":"center center","background-size":"auto","background-attachment":"scroll","background-type":"","background-media":"","overlay-type":"","overlay-color":"","overlay-opacity":"","overlay-gradient":""}}},"product_brand":[],"product_cat":[20328,20373],"product_tag":[20371,20374,20375],"class_list":{"0":"post-14176","1":"product","2":"type-product","3":"status-publish","4":"has-post-thumbnail","6":"product_cat-headshop","7":"product_cat-vaporizers","8":"product_tag-smokeshop","9":"product_tag-vapeshop","10":"product_tag-vaporizer","11":"desktop-align-center","12":"tablet-align-center","13":"mobile-align-center","15":"first","16":"outofstock","17":"shipping-taxable","18":"purchasable","19":"product-type-simple"},"yoast_head":"<!-- This site is optimized with the Yoast SEO plugin v27.3 - https:\/\/yoast.com\/product\/yoast-seo-wordpress\/ -->\n<title>Pax 3.5 Complete Kit BURGUNDY Kopen? - Op=Op- 3MMC kopen<\/title>\n<meta name=\"description\" content=\"Bij 3MMC kopen kun je gemakkelijk en snel Pax 3.5 Complete Kit BURGUNDY bestellen en morgen al onderzoeken! Voor 17:00 besteld is vandaag al verzonden. Wees er snel bij.\" \/>\n<meta name=\"robots\" content=\"index, follow, max-snippet:-1, max-image-preview:large, max-video-preview:-1\" \/>\n<link rel=\"canonical\" href=\"https:\/\/3-mmckopen.nl\/fr\/3mmc-kopen\/shop\/headshop\/vaporizers\/pax-3-5-complete-kit-burgundy\/\" \/>\n<meta property=\"og:locale\" content=\"fr_FR\" \/>\n<meta property=\"og:type\" content=\"article\" \/>\n<meta property=\"og:title\" content=\"Pax 3.5 Complete Kit BURGUNDY Kopen? - Op=Op- 3MMC kopen\" \/>\n<meta property=\"og:description\" content=\"Bij 3MMC kopen kun je gemakkelijk en snel Pax 3.5 Complete Kit BURGUNDY bestellen en morgen al onderzoeken! Voor 17:00 besteld is vandaag al verzonden. Wees er snel bij.\" \/>\n<meta property=\"og:url\" content=\"https:\/\/3-mmckopen.nl\/fr\/3mmc-kopen\/shop\/headshop\/vaporizers\/pax-3-5-complete-kit-burgundy\/\" \/>\n<meta property=\"og:site_name\" content=\"3MMC kopen\" \/>\n<meta property=\"article:modified_time\" content=\"2025-07-21T11:33:55+00:00\" \/>\n<meta property=\"og:image\" content=\"https:\/\/3-mmckopen.nl\/wp-content\/uploads\/2022\/03\/Rood1-600x600-1.jpg\" \/>\n\t<meta property=\"og:image:width\" content=\"600\" \/>\n\t<meta property=\"og:image:height\" content=\"600\" \/>\n\t<meta property=\"og:image:type\" content=\"image\/jpeg\" \/>\n<meta name=\"twitter:card\" content=\"summary_large_image\" \/>\n<meta name=\"twitter:label1\" content=\"Dur\u00e9e de lecture estim\u00e9e\" \/>\n\t<meta name=\"twitter:data1\" content=\"1 minute\" \/>\n<script type=\"application\/ld+json\" class=\"yoast-schema-graph\">{\"@context\":\"https:\\\/\\\/schema.org\",\"@graph\":[{\"@type\":\"WebPage\",\"@id\":\"https:\\\/\\\/3-mmckopen.nl\\\/es\\\/3mmc-kopen\\\/shop\\\/headshop\\\/vaporizers\\\/pax-3-5-complete-kit-burgundy\\\/\",\"url\":\"https:\\\/\\\/3-mmckopen.nl\\\/es\\\/3mmc-kopen\\\/shop\\\/headshop\\\/vaporizers\\\/pax-3-5-complete-kit-burgundy\\\/\",\"name\":\"Pax 3.5 Complete Kit BURGUNDY Kopen? - Op=Op- 3MMC kopen\",\"isPartOf\":{\"@id\":\"https:\\\/\\\/3-mmckopen.nl\\\/#website\"},\"primaryImageOfPage\":{\"@id\":\"https:\\\/\\\/3-mmckopen.nl\\\/es\\\/3mmc-kopen\\\/shop\\\/headshop\\\/vaporizers\\\/pax-3-5-complete-kit-burgundy\\\/#primaryimage\"},\"image\":{\"@id\":\"https:\\\/\\\/3-mmckopen.nl\\\/es\\\/3mmc-kopen\\\/shop\\\/headshop\\\/vaporizers\\\/pax-3-5-complete-kit-burgundy\\\/#primaryimage\"},\"thumbnailUrl\":\"https:\\\/\\\/3-mmckopen.nl\\\/wp-content\\\/uploads\\\/2022\\\/03\\\/Rood1-600x600-1.jpg\",\"datePublished\":\"2022-03-18T21:32:08+00:00\",\"dateModified\":\"2025-07-21T11:33:55+00:00\",\"description\":\"Bij 3MMC kopen kun je gemakkelijk en snel Pax 3.5 Complete Kit BURGUNDY bestellen en morgen al onderzoeken! Voor 17:00 besteld is vandaag al verzonden. Wees er snel bij.\",\"breadcrumb\":{\"@id\":\"https:\\\/\\\/3-mmckopen.nl\\\/es\\\/3mmc-kopen\\\/shop\\\/headshop\\\/vaporizers\\\/pax-3-5-complete-kit-burgundy\\\/#breadcrumb\"},\"inLanguage\":\"fr-FR\",\"potentialAction\":[{\"@type\":\"ReadAction\",\"target\":[\"https:\\\/\\\/3-mmckopen.nl\\\/es\\\/3mmc-kopen\\\/shop\\\/headshop\\\/vaporizers\\\/pax-3-5-complete-kit-burgundy\\\/\"]}]},{\"@type\":\"ImageObject\",\"inLanguage\":\"fr-FR\",\"@id\":\"https:\\\/\\\/3-mmckopen.nl\\\/es\\\/3mmc-kopen\\\/shop\\\/headshop\\\/vaporizers\\\/pax-3-5-complete-kit-burgundy\\\/#primaryimage\",\"url\":\"https:\\\/\\\/3-mmckopen.nl\\\/wp-content\\\/uploads\\\/2022\\\/03\\\/Rood1-600x600-1.jpg\",\"contentUrl\":\"https:\\\/\\\/3-mmckopen.nl\\\/wp-content\\\/uploads\\\/2022\\\/03\\\/Rood1-600x600-1.jpg\",\"width\":600,\"height\":600},{\"@type\":\"BreadcrumbList\",\"@id\":\"https:\\\/\\\/3-mmckopen.nl\\\/es\\\/3mmc-kopen\\\/shop\\\/headshop\\\/vaporizers\\\/pax-3-5-complete-kit-burgundy\\\/#breadcrumb\",\"itemListElement\":[{\"@type\":\"ListItem\",\"position\":1,\"name\":\"Home\",\"item\":\"https:\\\/\\\/3-mmckopen.nl\\\/\"},{\"@type\":\"ListItem\",\"position\":2,\"name\":\"Winkel\",\"item\":\"https:\\\/\\\/3-mmckopen.nl\\\/winkel\\\/\"},{\"@type\":\"ListItem\",\"position\":3,\"name\":\"Pax 3.5 Complete Kit BURGUNDY\"}]},{\"@type\":\"WebSite\",\"@id\":\"https:\\\/\\\/3-mmckopen.nl\\\/#website\",\"url\":\"https:\\\/\\\/3-mmckopen.nl\\\/\",\"name\":\"3MMC kopen\",\"description\":\"VOOR ALLE THUIS CHEMISI EN ONDERZOEKERS ONDER ONS\",\"publisher\":{\"@id\":\"https:\\\/\\\/3-mmckopen.nl\\\/#organization\"},\"potentialAction\":[{\"@type\":\"SearchAction\",\"target\":{\"@type\":\"EntryPoint\",\"urlTemplate\":\"https:\\\/\\\/3-mmckopen.nl\\\/?s={search_term_string}\"},\"query-input\":{\"@type\":\"PropertyValueSpecification\",\"valueRequired\":true,\"valueName\":\"search_term_string\"}}],\"inLanguage\":\"fr-FR\"},{\"@type\":\"Organization\",\"@id\":\"https:\\\/\\\/3-mmckopen.nl\\\/#organization\",\"name\":\"3mmc kopen\",\"url\":\"https:\\\/\\\/3-mmckopen.nl\\\/\",\"logo\":{\"@type\":\"ImageObject\",\"inLanguage\":\"fr-FR\",\"@id\":\"https:\\\/\\\/3-mmckopen.nl\\\/#\\\/schema\\\/logo\\\/image\\\/\",\"url\":\"https:\\\/\\\/3-mmckopen.nl\\\/wp-content\\\/uploads\\\/2024\\\/03\\\/3mmckopennl.webp\",\"contentUrl\":\"https:\\\/\\\/3-mmckopen.nl\\\/wp-content\\\/uploads\\\/2024\\\/03\\\/3mmckopennl.webp\",\"width\":300,\"height\":118,\"caption\":\"3mmc kopen\"},\"image\":{\"@id\":\"https:\\\/\\\/3-mmckopen.nl\\\/#\\\/schema\\\/logo\\\/image\\\/\"},\"sameAs\":[\"https:\\\/\\\/www.instagram.com\\\/dehuisprofessor\\\/\",\"https:\\\/\\\/nl.pinterest.com\\\/dehuisprofessor\\\/\",\"https:\\\/\\\/www.youtube.com\\\/channel\\\/UCsGzCVJiHsWLILEEHDzCNqA\"]}]}<\/script>\n<!-- \/ Yoast SEO plugin. -->","yoast_head_json":{"title":"Pax 3.5 Complete Kit BURGUNDY Kopen? - Op=Op- 3MMC kopen","description":"Bij 3MMC kopen kun je gemakkelijk en snel Pax 3.5 Complete Kit BURGUNDY bestellen en morgen al onderzoeken! Voor 17:00 besteld is vandaag al verzonden. Wees er snel bij.","robots":{"index":"index","follow":"follow","max-snippet":"max-snippet:-1","max-image-preview":"max-image-preview:large","max-video-preview":"max-video-preview:-1"},"canonical":"https:\/\/3-mmckopen.nl\/fr\/3mmc-kopen\/shop\/headshop\/vaporizers\/pax-3-5-complete-kit-burgundy\/","og_locale":"fr_FR","og_type":"article","og_title":"Pax 3.5 Complete Kit BURGUNDY Kopen? - Op=Op- 3MMC kopen","og_description":"Bij 3MMC kopen kun je gemakkelijk en snel Pax 3.5 Complete Kit BURGUNDY bestellen en morgen al onderzoeken! Voor 17:00 besteld is vandaag al verzonden. Wees er snel bij.","og_url":"https:\/\/3-mmckopen.nl\/fr\/3mmc-kopen\/shop\/headshop\/vaporizers\/pax-3-5-complete-kit-burgundy\/","og_site_name":"3MMC kopen","article_modified_time":"2025-07-21T11:33:55+00:00","og_image":[{"width":600,"height":600,"url":"https:\/\/3-mmckopen.nl\/wp-content\/uploads\/2022\/03\/Rood1-600x600-1.jpg","type":"image\/jpeg"}],"twitter_card":"summary_large_image","twitter_misc":{"Dur\u00e9e de lecture estim\u00e9e":"1 minute"},"schema":{"@context":"https:\/\/schema.org","@graph":[{"@type":"WebPage","@id":"https:\/\/3-mmckopen.nl\/es\/3mmc-kopen\/shop\/headshop\/vaporizers\/pax-3-5-complete-kit-burgundy\/","url":"https:\/\/3-mmckopen.nl\/es\/3mmc-kopen\/shop\/headshop\/vaporizers\/pax-3-5-complete-kit-burgundy\/","name":"Pax 3.5 Complete Kit BURGUNDY Kopen? - Op=Op- 3MMC kopen","isPartOf":{"@id":"https:\/\/3-mmckopen.nl\/#website"},"primaryImageOfPage":{"@id":"https:\/\/3-mmckopen.nl\/es\/3mmc-kopen\/shop\/headshop\/vaporizers\/pax-3-5-complete-kit-burgundy\/#primaryimage"},"image":{"@id":"https:\/\/3-mmckopen.nl\/es\/3mmc-kopen\/shop\/headshop\/vaporizers\/pax-3-5-complete-kit-burgundy\/#primaryimage"},"thumbnailUrl":"https:\/\/3-mmckopen.nl\/wp-content\/uploads\/2022\/03\/Rood1-600x600-1.jpg","datePublished":"2022-03-18T21:32:08+00:00","dateModified":"2025-07-21T11:33:55+00:00","description":"Bij 3MMC kopen kun je gemakkelijk en snel Pax 3.5 Complete Kit BURGUNDY bestellen en morgen al onderzoeken! Voor 17:00 besteld is vandaag al verzonden. Wees er snel bij.","breadcrumb":{"@id":"https:\/\/3-mmckopen.nl\/es\/3mmc-kopen\/shop\/headshop\/vaporizers\/pax-3-5-complete-kit-burgundy\/#breadcrumb"},"inLanguage":"fr-FR","potentialAction":[{"@type":"ReadAction","target":["https:\/\/3-mmckopen.nl\/es\/3mmc-kopen\/shop\/headshop\/vaporizers\/pax-3-5-complete-kit-burgundy\/"]}]},{"@type":"ImageObject","inLanguage":"fr-FR","@id":"https:\/\/3-mmckopen.nl\/es\/3mmc-kopen\/shop\/headshop\/vaporizers\/pax-3-5-complete-kit-burgundy\/#primaryimage","url":"https:\/\/3-mmckopen.nl\/wp-content\/uploads\/2022\/03\/Rood1-600x600-1.jpg","contentUrl":"https:\/\/3-mmckopen.nl\/wp-content\/uploads\/2022\/03\/Rood1-600x600-1.jpg","width":600,"height":600},{"@type":"BreadcrumbList","@id":"https:\/\/3-mmckopen.nl\/es\/3mmc-kopen\/shop\/headshop\/vaporizers\/pax-3-5-complete-kit-burgundy\/#breadcrumb","itemListElement":[{"@type":"ListItem","position":1,"name":"Home","item":"https:\/\/3-mmckopen.nl\/"},{"@type":"ListItem","position":2,"name":"Winkel","item":"https:\/\/3-mmckopen.nl\/winkel\/"},{"@type":"ListItem","position":3,"name":"Pax 3.5 Complete Kit BURGUNDY"}]},{"@type":"WebSite","@id":"https:\/\/3-mmckopen.nl\/#website","url":"https:\/\/3-mmckopen.nl\/","name":"acheter 3MMC","description":"POUR TOUS LES CHEMISEURS \u00c0 LA MAISON ET LES CHERCHEURS D&#039;ENTRE NOUS","publisher":{"@id":"https:\/\/3-mmckopen.nl\/#organization"},"potentialAction":[{"@type":"SearchAction","target":{"@type":"EntryPoint","urlTemplate":"https:\/\/3-mmckopen.nl\/?s={search_term_string}"},"query-input":{"@type":"PropertyValueSpecification","valueRequired":true,"valueName":"search_term_string"}}],"inLanguage":"fr-FR"},{"@type":"Organization","@id":"https:\/\/3-mmckopen.nl\/#organization","name":"3mmc kopen","url":"https:\/\/3-mmckopen.nl\/","logo":{"@type":"ImageObject","inLanguage":"fr-FR","@id":"https:\/\/3-mmckopen.nl\/#\/schema\/logo\/image\/","url":"https:\/\/3-mmckopen.nl\/wp-content\/uploads\/2024\/03\/3mmckopennl.webp","contentUrl":"https:\/\/3-mmckopen.nl\/wp-content\/uploads\/2024\/03\/3mmckopennl.webp","width":300,"height":118,"caption":"3mmc kopen"},"image":{"@id":"https:\/\/3-mmckopen.nl\/#\/schema\/logo\/image\/"},"sameAs":["https:\/\/www.instagram.com\/dehuisprofessor\/","https:\/\/nl.pinterest.com\/dehuisprofessor\/","https:\/\/www.youtube.com\/channel\/UCsGzCVJiHsWLILEEHDzCNqA"]}]}},"_links":{"self":[{"href":"https:\/\/3-mmckopen.nl\/fr\/wp-json\/wp\/v2\/product\/14176","targetHints":{"allow":["GET"]}}],"collection":[{"href":"https:\/\/3-mmckopen.nl\/fr\/wp-json\/wp\/v2\/product"}],"about":[{"href":"https:\/\/3-mmckopen.nl\/fr\/wp-json\/wp\/v2\/types\/product"}],"replies":[{"embeddable":true,"href":"https:\/\/3-mmckopen.nl\/fr\/wp-json\/wp\/v2\/comments?post=14176"}],"version-history":[{"count":0,"href":"https:\/\/3-mmckopen.nl\/fr\/wp-json\/wp\/v2\/product\/14176\/revisions"}],"wp:featuredmedia":[{"embeddable":true,"href":"https:\/\/3-mmckopen.nl\/fr\/wp-json\/wp\/v2\/media\/14236"}],"wp:attachment":[{"href":"https:\/\/3-mmckopen.nl\/fr\/wp-json\/wp\/v2\/media?parent=14176"}],"wp:term":[{"taxonomy":"product_brand","embeddable":true,"href":"https:\/\/3-mmckopen.nl\/fr\/wp-json\/wp\/v2\/product_brand?post=14176"},{"taxonomy":"product_cat","embeddable":true,"href":"https:\/\/3-mmckopen.nl\/fr\/wp-json\/wp\/v2\/product_cat?post=14176"},{"taxonomy":"product_tag","embeddable":true,"href":"https:\/\/3-mmckopen.nl\/fr\/wp-json\/wp\/v2\/product_tag?post=14176"}],"curies":[{"name":"wp","href":"https:\/\/api.w.org\/{rel}","templated":true}]}}