{"id":14200,"date":"2022-03-18T22:33:00","date_gmt":"2022-03-18T21:33:00","guid":{"rendered":"https:\/\/3-mmckopen.nl\/?post_type=product&#038;p=14200"},"modified":"2025-07-21T13:33:58","modified_gmt":"2025-07-21T11:33:58","slug":"vitamine-b12-240-tabletten","status":"publish","type":"product","link":"https:\/\/3-mmckopen.nl\/fr\/3mmc-kopen\/shop\/healthshop\/vitaminen-mineralen\/vitamine-b12-240-tabletten\/","title":{"rendered":"Vitamine B12 \u2013 240 comprim\u00e9s"},"content":{"rendered":"<h1 class=\"product_title entry-title\"><strong>Acheter Vitamine B12 \u2013 240 comprim\u00e9s<\/strong><\/h1>\n<p><strong>Dosage<\/strong>: 1x par jour 1 comprim\u00e9 pendant le repas avec de l&#039;eau.<\/p>\n<p><strong>Ingr\u00e9dients par comprim\u00e9 :<\/strong>\u00a0186 mg d&#039;isomalt, 10 mcg de m\u00e9thylcobalamine b12, 10 mcg d&#039;ad\u00e9nosylcobalamine (dibencozide), 5 mg de st\u00e9arate de magn\u00e9sium v\u00e9g\u00e9tarien, 5 mcg de silice, 4 mg d&#039;ar\u00f4me de cerise.<\/p>\n<p><strong>Principales propri\u00e9t\u00e9s actives affect\u00e9es\u00a0:<\/strong><\/p>\n<p>La vitamine B12, \u00e9galement appel\u00e9e cobalamine, est une vitamine importante pour divers processus de l\u2019organisme. Par exemple, la vitamine B12 contribue au processus de renouvellement cellulaire, aide \u00e0 la production de globules rouges et soutient le fonctionnement normal du syst\u00e8me nerveux.<\/p>\n<p>La vitamine B12 est naturellement pr\u00e9sente uniquement dans les produits d&#039;origine animale tels que la viande, le poisson, les produits laitiers et les \u0153ufs. Cela peut poser probl\u00e8me aux v\u00e9g\u00e9tariens et aux v\u00e9g\u00e9taliens. Une carence en vitamine B12 peut entra\u00eener, entre autres, de l&#039;an\u00e9mie, de la fatigue et des pertes de m\u00e9moire. Les personnes \u00e2g\u00e9es ou les personnes ayant une absorption r\u00e9duite de B12 peuvent \u00e9galement \u00eatre confront\u00e9es \u00e0 ces sympt\u00f4mes.<\/p>\n<p><strong>Informations suppl\u00e9mentaires sur la vitamine B12\u00a0:<\/strong><\/p>\n<p>\u2013 Est important pour la formation des globules rouges<\/p>\n<p>\u2013 Contribue \u00e0 la division cellulaire normale<\/p>\n<p>\u2013 Soutient le m\u00e9tabolisme \u00e9nerg\u00e9tique et le niveau d\u2019\u00e9nergie<\/p>\n<p>\u2013 Aide le syst\u00e8me immunitaire<\/p>\n<p>\u2013 Contribue \u00e0 un esprit clair<\/p>\n<p>\u2013 Joue un r\u00f4le important dans la construction des cellules nerveuses<\/p>\n<p><strong>Avertissement:<\/strong><\/p>\n<p>Tenir hors de port\u00e9e des enfants. Consultez votre m\u00e9decin avant utilisation si vous \u00eates enceinte, si vous allaitez ou si vous avez des probl\u00e8mes de sant\u00e9. Conserver \u00e0 temp\u00e9rature ambiante dans un endroit sombre.<\/p>","protected":false},"excerpt":{"rendered":"<p>Vitamine B12\u00a0 kopen \u2013 240 tabletten Dosering: 1x daags 1 tablet tijdens de maaltijd met water innemen. Ingredi\u00ebnten per tablet:\u00a0186 mg Isomalt, 10 mcg Methylcobalamine b12, 10 mcg Adenosylcobalamine (Dibencozide), 5 mg Vegetarische Magnesiumstearaat, 5 mcg Silica, 4 mg Kersenaroma. Belangrijkste toegewezen werkzame eigenschappen: Vitamine B12, ook wel cobalamine genoemd, is een vitamine die belangrijk [&hellip;]<\/p>\n","protected":false},"featured_media":14269,"comment_status":"closed","ping_status":"closed","template":"","meta":{"site-sidebar-layout":"default","site-content-layout":"default","ast-site-content-layout":"default","site-content-style":"default","site-sidebar-style":"default","ast-global-header-display":"","ast-banner-title-visibility":"","ast-main-header-display":"","ast-hfb-above-header-display":"","ast-hfb-below-header-display":"","ast-hfb-mobile-header-display":"","site-post-title":"","ast-breadcrumbs-content":"","ast-featured-img":"","footer-sml-layout":"","theme-transparent-header-meta":"default","adv-header-id-meta":"","stick-header-meta":"","header-above-stick-meta":"","header-main-stick-meta":"","header-below-stick-meta":"","astra-migrate-meta-layouts":"default","ast-page-background-enabled":"default","ast-page-background-meta":{"desktop":{"background-color":"","background-image":"","background-repeat":"repeat","background-position":"center center","background-size":"auto","background-attachment":"scroll","background-type":"","background-media":"","overlay-type":"","overlay-color":"","overlay-opacity":"","overlay-gradient":""},"tablet":{"background-color":"","background-image":"","background-repeat":"repeat","background-position":"center center","background-size":"auto","background-attachment":"scroll","background-type":"","background-media":"","overlay-type":"","overlay-color":"","overlay-opacity":"","overlay-gradient":""},"mobile":{"background-color":"","background-image":"","background-repeat":"repeat","background-position":"center center","background-size":"auto","background-attachment":"scroll","background-type":"","background-media":"","overlay-type":"","overlay-color":"","overlay-opacity":"","overlay-gradient":""}},"ast-content-background-meta":{"desktop":{"background-color":"var(--ast-global-color-5)","background-image":"","background-repeat":"repeat","background-position":"center center","background-size":"auto","background-attachment":"scroll","background-type":"","background-media":"","overlay-type":"","overlay-color":"","overlay-opacity":"","overlay-gradient":""},"tablet":{"background-color":"var(--ast-global-color-5)","background-image":"","background-repeat":"repeat","background-position":"center center","background-size":"auto","background-attachment":"scroll","background-type":"","background-media":"","overlay-type":"","overlay-color":"","overlay-opacity":"","overlay-gradient":""},"mobile":{"background-color":"var(--ast-global-color-5)","background-image":"","background-repeat":"repeat","background-position":"center center","background-size":"auto","background-attachment":"scroll","background-type":"","background-media":"","overlay-type":"","overlay-color":"","overlay-opacity":"","overlay-gradient":""}}},"product_brand":[],"product_cat":[20344,20309,20378],"product_tag":[20346,20379],"class_list":{"0":"post-14200","1":"product","2":"type-product","3":"status-publish","4":"has-post-thumbnail","6":"product_cat-healthshop","7":"product_cat-smartshop","8":"product_cat-vitaminen-mineralen","9":"product_tag-healthshop","10":"product_tag-vitamines","11":"desktop-align-center","12":"tablet-align-center","13":"mobile-align-center","15":"first","16":"outofstock","17":"shipping-taxable","18":"purchasable","19":"product-type-simple"},"yoast_head":"<!-- This site is optimized with the Yoast SEO plugin v27.4 - https:\/\/yoast.com\/product\/yoast-seo-wordpress\/ -->\n<title>Vitamine B12 \u2013 240 tabletten Kopen? - Op=Op- 3MMC kopen<\/title>\n<meta name=\"description\" content=\"Bij 3MMC kopen kun je gemakkelijk en snel Vitamine B12 \u2013 240 tabletten bestellen en morgen al onderzoeken! Voor 17:00 besteld is vandaag al verzonden. Wees er snel bij.\" \/>\n<meta name=\"robots\" content=\"index, follow, max-snippet:-1, max-image-preview:large, max-video-preview:-1\" \/>\n<link rel=\"canonical\" href=\"https:\/\/3-mmckopen.nl\/fr\/3mmc-kopen\/shop\/healthshop\/vitaminen-mineralen\/vitamine-b12-240-tabletten\/\" \/>\n<meta property=\"og:locale\" content=\"fr_FR\" \/>\n<meta property=\"og:type\" content=\"article\" \/>\n<meta property=\"og:title\" content=\"Vitamine B12 \u2013 240 tabletten Kopen? - Op=Op- 3MMC kopen\" \/>\n<meta property=\"og:description\" content=\"Bij 3MMC kopen kun je gemakkelijk en snel Vitamine B12 \u2013 240 tabletten bestellen en morgen al onderzoeken! Voor 17:00 besteld is vandaag al verzonden. Wees er snel bij.\" \/>\n<meta property=\"og:url\" content=\"https:\/\/3-mmckopen.nl\/fr\/3mmc-kopen\/shop\/healthshop\/vitaminen-mineralen\/vitamine-b12-240-tabletten\/\" \/>\n<meta property=\"og:site_name\" content=\"3MMC kopen\" \/>\n<meta property=\"article:modified_time\" content=\"2025-07-21T11:33:58+00:00\" \/>\n<meta property=\"og:image\" content=\"https:\/\/3-mmckopen.nl\/wp-content\/uploads\/2022\/03\/Vitamine-b12-pilpotje.jpg\" \/>\n\t<meta property=\"og:image:width\" content=\"1000\" \/>\n\t<meta property=\"og:image:height\" content=\"1000\" \/>\n\t<meta property=\"og:image:type\" content=\"image\/jpeg\" \/>\n<meta name=\"twitter:card\" content=\"summary_large_image\" \/>\n<meta name=\"twitter:label1\" content=\"Dur\u00e9e de lecture estim\u00e9e\" \/>\n\t<meta name=\"twitter:data1\" content=\"1 minute\" \/>\n<script type=\"application\/ld+json\" class=\"yoast-schema-graph\">{\"@context\":\"https:\\\/\\\/schema.org\",\"@graph\":[{\"@type\":\"WebPage\",\"@id\":\"https:\\\/\\\/3-mmckopen.nl\\\/3mmc-kopen\\\/shop\\\/healthshop\\\/vitaminen-mineralen\\\/vitamine-b12-240-tabletten\\\/\",\"url\":\"https:\\\/\\\/3-mmckopen.nl\\\/3mmc-kopen\\\/shop\\\/healthshop\\\/vitaminen-mineralen\\\/vitamine-b12-240-tabletten\\\/\",\"name\":\"Vitamine B12 \u2013 240 tabletten Kopen? - Op=Op- 3MMC kopen\",\"isPartOf\":{\"@id\":\"https:\\\/\\\/3-mmckopen.nl\\\/#website\"},\"primaryImageOfPage\":{\"@id\":\"https:\\\/\\\/3-mmckopen.nl\\\/3mmc-kopen\\\/shop\\\/healthshop\\\/vitaminen-mineralen\\\/vitamine-b12-240-tabletten\\\/#primaryimage\"},\"image\":{\"@id\":\"https:\\\/\\\/3-mmckopen.nl\\\/3mmc-kopen\\\/shop\\\/healthshop\\\/vitaminen-mineralen\\\/vitamine-b12-240-tabletten\\\/#primaryimage\"},\"thumbnailUrl\":\"https:\\\/\\\/3-mmckopen.nl\\\/wp-content\\\/uploads\\\/2022\\\/03\\\/Vitamine-b12-pilpotje.jpg\",\"datePublished\":\"2022-03-18T21:33:00+00:00\",\"dateModified\":\"2025-07-21T11:33:58+00:00\",\"description\":\"Bij 3MMC kopen kun je gemakkelijk en snel Vitamine B12 \u2013 240 tabletten bestellen en morgen al onderzoeken! Voor 17:00 besteld is vandaag al verzonden. Wees er snel bij.\",\"breadcrumb\":{\"@id\":\"https:\\\/\\\/3-mmckopen.nl\\\/3mmc-kopen\\\/shop\\\/healthshop\\\/vitaminen-mineralen\\\/vitamine-b12-240-tabletten\\\/#breadcrumb\"},\"inLanguage\":\"fr-FR\",\"potentialAction\":[{\"@type\":\"ReadAction\",\"target\":[\"https:\\\/\\\/3-mmckopen.nl\\\/3mmc-kopen\\\/shop\\\/healthshop\\\/vitaminen-mineralen\\\/vitamine-b12-240-tabletten\\\/\"]}]},{\"@type\":\"ImageObject\",\"inLanguage\":\"fr-FR\",\"@id\":\"https:\\\/\\\/3-mmckopen.nl\\\/3mmc-kopen\\\/shop\\\/healthshop\\\/vitaminen-mineralen\\\/vitamine-b12-240-tabletten\\\/#primaryimage\",\"url\":\"https:\\\/\\\/3-mmckopen.nl\\\/wp-content\\\/uploads\\\/2022\\\/03\\\/Vitamine-b12-pilpotje.jpg\",\"contentUrl\":\"https:\\\/\\\/3-mmckopen.nl\\\/wp-content\\\/uploads\\\/2022\\\/03\\\/Vitamine-b12-pilpotje.jpg\",\"width\":1000,\"height\":1000},{\"@type\":\"BreadcrumbList\",\"@id\":\"https:\\\/\\\/3-mmckopen.nl\\\/3mmc-kopen\\\/shop\\\/healthshop\\\/vitaminen-mineralen\\\/vitamine-b12-240-tabletten\\\/#breadcrumb\",\"itemListElement\":[{\"@type\":\"ListItem\",\"position\":1,\"name\":\"Home\",\"item\":\"https:\\\/\\\/3-mmckopen.nl\\\/\"},{\"@type\":\"ListItem\",\"position\":2,\"name\":\"Winkel\",\"item\":\"https:\\\/\\\/3-mmckopen.nl\\\/winkel\\\/\"},{\"@type\":\"ListItem\",\"position\":3,\"name\":\"Vitamine B12 \u2013 240 tabletten\"}]},{\"@type\":\"WebSite\",\"@id\":\"https:\\\/\\\/3-mmckopen.nl\\\/#website\",\"url\":\"https:\\\/\\\/3-mmckopen.nl\\\/\",\"name\":\"3MMC kopen\",\"description\":\"VOOR ALLE THUIS CHEMISI EN ONDERZOEKERS ONDER ONS\",\"publisher\":{\"@id\":\"https:\\\/\\\/3-mmckopen.nl\\\/#organization\"},\"potentialAction\":[{\"@type\":\"SearchAction\",\"target\":{\"@type\":\"EntryPoint\",\"urlTemplate\":\"https:\\\/\\\/3-mmckopen.nl\\\/?s={search_term_string}\"},\"query-input\":{\"@type\":\"PropertyValueSpecification\",\"valueRequired\":true,\"valueName\":\"search_term_string\"}}],\"inLanguage\":\"fr-FR\"},{\"@type\":\"Organization\",\"@id\":\"https:\\\/\\\/3-mmckopen.nl\\\/#organization\",\"name\":\"3mmc kopen\",\"url\":\"https:\\\/\\\/3-mmckopen.nl\\\/\",\"logo\":{\"@type\":\"ImageObject\",\"inLanguage\":\"fr-FR\",\"@id\":\"https:\\\/\\\/3-mmckopen.nl\\\/#\\\/schema\\\/logo\\\/image\\\/\",\"url\":\"https:\\\/\\\/3-mmckopen.nl\\\/wp-content\\\/uploads\\\/2024\\\/03\\\/3mmckopennl.webp\",\"contentUrl\":\"https:\\\/\\\/3-mmckopen.nl\\\/wp-content\\\/uploads\\\/2024\\\/03\\\/3mmckopennl.webp\",\"width\":300,\"height\":118,\"caption\":\"3mmc kopen\"},\"image\":{\"@id\":\"https:\\\/\\\/3-mmckopen.nl\\\/#\\\/schema\\\/logo\\\/image\\\/\"},\"sameAs\":[\"https:\\\/\\\/www.instagram.com\\\/dehuisprofessor\\\/\",\"https:\\\/\\\/nl.pinterest.com\\\/dehuisprofessor\\\/\",\"https:\\\/\\\/www.youtube.com\\\/channel\\\/UCsGzCVJiHsWLILEEHDzCNqA\"]}]}<\/script>\n<!-- \/ Yoast SEO plugin. -->","yoast_head_json":{"title":"Vitamine B12 \u2013 240 tabletten Kopen? - Op=Op- 3MMC kopen","description":"Bij 3MMC kopen kun je gemakkelijk en snel Vitamine B12 \u2013 240 tabletten bestellen en morgen al onderzoeken! Voor 17:00 besteld is vandaag al verzonden. Wees er snel bij.","robots":{"index":"index","follow":"follow","max-snippet":"max-snippet:-1","max-image-preview":"max-image-preview:large","max-video-preview":"max-video-preview:-1"},"canonical":"https:\/\/3-mmckopen.nl\/fr\/3mmc-kopen\/shop\/healthshop\/vitaminen-mineralen\/vitamine-b12-240-tabletten\/","og_locale":"fr_FR","og_type":"article","og_title":"Vitamine B12 \u2013 240 tabletten Kopen? - Op=Op- 3MMC kopen","og_description":"Bij 3MMC kopen kun je gemakkelijk en snel Vitamine B12 \u2013 240 tabletten bestellen en morgen al onderzoeken! Voor 17:00 besteld is vandaag al verzonden. Wees er snel bij.","og_url":"https:\/\/3-mmckopen.nl\/fr\/3mmc-kopen\/shop\/healthshop\/vitaminen-mineralen\/vitamine-b12-240-tabletten\/","og_site_name":"3MMC kopen","article_modified_time":"2025-07-21T11:33:58+00:00","og_image":[{"width":1000,"height":1000,"url":"https:\/\/3-mmckopen.nl\/wp-content\/uploads\/2022\/03\/Vitamine-b12-pilpotje.jpg","type":"image\/jpeg"}],"twitter_card":"summary_large_image","twitter_misc":{"Dur\u00e9e de lecture estim\u00e9e":"1 minute"},"schema":{"@context":"https:\/\/schema.org","@graph":[{"@type":"WebPage","@id":"https:\/\/3-mmckopen.nl\/3mmc-kopen\/shop\/healthshop\/vitaminen-mineralen\/vitamine-b12-240-tabletten\/","url":"https:\/\/3-mmckopen.nl\/3mmc-kopen\/shop\/healthshop\/vitaminen-mineralen\/vitamine-b12-240-tabletten\/","name":"Vitamine B12 \u2013 240 tabletten Kopen? - Op=Op- 3MMC kopen","isPartOf":{"@id":"https:\/\/3-mmckopen.nl\/#website"},"primaryImageOfPage":{"@id":"https:\/\/3-mmckopen.nl\/3mmc-kopen\/shop\/healthshop\/vitaminen-mineralen\/vitamine-b12-240-tabletten\/#primaryimage"},"image":{"@id":"https:\/\/3-mmckopen.nl\/3mmc-kopen\/shop\/healthshop\/vitaminen-mineralen\/vitamine-b12-240-tabletten\/#primaryimage"},"thumbnailUrl":"https:\/\/3-mmckopen.nl\/wp-content\/uploads\/2022\/03\/Vitamine-b12-pilpotje.jpg","datePublished":"2022-03-18T21:33:00+00:00","dateModified":"2025-07-21T11:33:58+00:00","description":"Bij 3MMC kopen kun je gemakkelijk en snel Vitamine B12 \u2013 240 tabletten bestellen en morgen al onderzoeken! Voor 17:00 besteld is vandaag al verzonden. Wees er snel bij.","breadcrumb":{"@id":"https:\/\/3-mmckopen.nl\/3mmc-kopen\/shop\/healthshop\/vitaminen-mineralen\/vitamine-b12-240-tabletten\/#breadcrumb"},"inLanguage":"fr-FR","potentialAction":[{"@type":"ReadAction","target":["https:\/\/3-mmckopen.nl\/3mmc-kopen\/shop\/healthshop\/vitaminen-mineralen\/vitamine-b12-240-tabletten\/"]}]},{"@type":"ImageObject","inLanguage":"fr-FR","@id":"https:\/\/3-mmckopen.nl\/3mmc-kopen\/shop\/healthshop\/vitaminen-mineralen\/vitamine-b12-240-tabletten\/#primaryimage","url":"https:\/\/3-mmckopen.nl\/wp-content\/uploads\/2022\/03\/Vitamine-b12-pilpotje.jpg","contentUrl":"https:\/\/3-mmckopen.nl\/wp-content\/uploads\/2022\/03\/Vitamine-b12-pilpotje.jpg","width":1000,"height":1000},{"@type":"BreadcrumbList","@id":"https:\/\/3-mmckopen.nl\/3mmc-kopen\/shop\/healthshop\/vitaminen-mineralen\/vitamine-b12-240-tabletten\/#breadcrumb","itemListElement":[{"@type":"ListItem","position":1,"name":"Home","item":"https:\/\/3-mmckopen.nl\/"},{"@type":"ListItem","position":2,"name":"Winkel","item":"https:\/\/3-mmckopen.nl\/winkel\/"},{"@type":"ListItem","position":3,"name":"Vitamine B12 \u2013 240 tabletten"}]},{"@type":"WebSite","@id":"https:\/\/3-mmckopen.nl\/#website","url":"https:\/\/3-mmckopen.nl\/","name":"acheter 3MMC","description":"POUR TOUS LES CHEMISEURS \u00c0 LA MAISON ET LES CHERCHEURS D&#039;ENTRE NOUS","publisher":{"@id":"https:\/\/3-mmckopen.nl\/#organization"},"potentialAction":[{"@type":"SearchAction","target":{"@type":"EntryPoint","urlTemplate":"https:\/\/3-mmckopen.nl\/?s={search_term_string}"},"query-input":{"@type":"PropertyValueSpecification","valueRequired":true,"valueName":"search_term_string"}}],"inLanguage":"fr-FR"},{"@type":"Organization","@id":"https:\/\/3-mmckopen.nl\/#organization","name":"3mmc kopen","url":"https:\/\/3-mmckopen.nl\/","logo":{"@type":"ImageObject","inLanguage":"fr-FR","@id":"https:\/\/3-mmckopen.nl\/#\/schema\/logo\/image\/","url":"https:\/\/3-mmckopen.nl\/wp-content\/uploads\/2024\/03\/3mmckopennl.webp","contentUrl":"https:\/\/3-mmckopen.nl\/wp-content\/uploads\/2024\/03\/3mmckopennl.webp","width":300,"height":118,"caption":"3mmc kopen"},"image":{"@id":"https:\/\/3-mmckopen.nl\/#\/schema\/logo\/image\/"},"sameAs":["https:\/\/www.instagram.com\/dehuisprofessor\/","https:\/\/nl.pinterest.com\/dehuisprofessor\/","https:\/\/www.youtube.com\/channel\/UCsGzCVJiHsWLILEEHDzCNqA"]}]}},"_links":{"self":[{"href":"https:\/\/3-mmckopen.nl\/fr\/wp-json\/wp\/v2\/product\/14200","targetHints":{"allow":["GET"]}}],"collection":[{"href":"https:\/\/3-mmckopen.nl\/fr\/wp-json\/wp\/v2\/product"}],"about":[{"href":"https:\/\/3-mmckopen.nl\/fr\/wp-json\/wp\/v2\/types\/product"}],"replies":[{"embeddable":true,"href":"https:\/\/3-mmckopen.nl\/fr\/wp-json\/wp\/v2\/comments?post=14200"}],"version-history":[{"count":0,"href":"https:\/\/3-mmckopen.nl\/fr\/wp-json\/wp\/v2\/product\/14200\/revisions"}],"wp:featuredmedia":[{"embeddable":true,"href":"https:\/\/3-mmckopen.nl\/fr\/wp-json\/wp\/v2\/media\/14269"}],"wp:attachment":[{"href":"https:\/\/3-mmckopen.nl\/fr\/wp-json\/wp\/v2\/media?parent=14200"}],"wp:term":[{"taxonomy":"product_brand","embeddable":true,"href":"https:\/\/3-mmckopen.nl\/fr\/wp-json\/wp\/v2\/product_brand?post=14200"},{"taxonomy":"product_cat","embeddable":true,"href":"https:\/\/3-mmckopen.nl\/fr\/wp-json\/wp\/v2\/product_cat?post=14200"},{"taxonomy":"product_tag","embeddable":true,"href":"https:\/\/3-mmckopen.nl\/fr\/wp-json\/wp\/v2\/product_tag?post=14200"}],"curies":[{"name":"wp","href":"https:\/\/api.w.org\/{rel}","templated":true}]}}