{"id":22660,"date":"2023-03-23T03:40:42","date_gmt":"2023-03-23T02:40:42","guid":{"rendered":"https:\/\/3-mmckopen.nl\/?post_type=product&#038;p=22660"},"modified":"2025-11-03T23:57:39","modified_gmt":"2025-11-03T22:57:39","slug":"o-pce-poeder","status":"publish","type":"product","link":"https:\/\/3-mmckopen.nl\/fr\/3mmc-kopen\/shop\/research-chemicals\/arylcyclohexylamine\/o-pce\/o-pce-poeder\/","title":{"rendered":"O-PCE Poudre"},"content":{"rendered":"<h2>INFORMATIONS SUR LA POUDRE DE N-\u00c9THYL-DESCHCLORO-K\u00c9TAMINE (O-PCE)<\/h2>\n<p>La poudre est compar\u00e9e \u00e0 la k\u00e9tamine, mais est et ne peut \u00eatre utilis\u00e9e qu&#039;\u00e0 des fins de recherche<\/p>\n<p>&nbsp;<\/p>\n<h6>MENTIONS DE DANGER\u00a0:<\/h6>\n<ul>\n<li>Il peut provoquer une irritation des voies respiratoires et des yeux. Ne rejetez jamais de produits chimiques de recherche dans l&#039;environnement.<\/li>\n<\/ul>\n<h6>RECOMMANDATIONS DE S\u00c9CURIT\u00c9\u00a0:<\/h6>\n<p>EN CAS DE CONTACT AVEC LES YEUX\u00a0: rincer d\u00e9licatement \u00e0 l&#039;eau pendant au moins 10 \u00e0 15\u00a0minutes, retirer les lentilles de contact si n\u00e9cessaire. En cas de contact avec la peau : Rincer \u00e0 l&#039;eau, si possible \u00e9galement avec du savon. En cas d&#039;inhalation : Prendre de l&#039;air frais et adopter une position qui favorise la respiration.<\/p>\n<ul>\n<li>Ne pas exposer \u00e0 des sources de chaleur. Conservez-le dans un environnement sec \u00e0 temp\u00e9rature ambiante et conservez-le dans un bon r\u00e9cipient et gardez-le hors de port\u00e9e des enfants. Une bonne stabilit\u00e9 des granul\u00e9s dans les conditions ci-dessus peut durer jusqu&#039;\u00e0 2 ans.<\/li>\n<\/ul>","protected":false},"excerpt":{"rendered":"<p>N-ETHYL-DESCHCLORO-KETAMINE (O-PCE) POEDER INFORMATIE De poeder\u00a0wordt vergeleken met ketamine, maar wordt en mag uitsluitend gebruikt worden voor research doeleinden &nbsp; GEVARENAANDUIDINGEN: Het kan leiden tot irritatie van de luchtwegen en irritatie van de ogen. Nooit research chemicals lozen in het milieu. VEILIGHEIDSAANBEVELINGEN: BIJ CONTACT met de ogen: Minimaal 10 tot 15 minuten voorzichtig afspoelen met [&hellip;]<\/p>\n","protected":false},"featured_media":23215,"comment_status":"closed","ping_status":"closed","template":"","meta":{"site-sidebar-layout":"default","site-content-layout":"default","ast-site-content-layout":"default","site-content-style":"default","site-sidebar-style":"default","ast-global-header-display":"","ast-banner-title-visibility":"","ast-main-header-display":"","ast-hfb-above-header-display":"","ast-hfb-below-header-display":"","ast-hfb-mobile-header-display":"","site-post-title":"","ast-breadcrumbs-content":"","ast-featured-img":"","footer-sml-layout":"","theme-transparent-header-meta":"default","adv-header-id-meta":"","stick-header-meta":"","header-above-stick-meta":"","header-main-stick-meta":"","header-below-stick-meta":"","astra-migrate-meta-layouts":"set","ast-page-background-enabled":"default","ast-page-background-meta":{"desktop":{"background-color":"","background-image":"","background-repeat":"repeat","background-position":"center center","background-size":"auto","background-attachment":"scroll","background-type":"","background-media":"","overlay-type":"","overlay-color":"","overlay-opacity":"","overlay-gradient":""},"tablet":{"background-color":"","background-image":"","background-repeat":"repeat","background-position":"center center","background-size":"auto","background-attachment":"scroll","background-type":"","background-media":"","overlay-type":"","overlay-color":"","overlay-opacity":"","overlay-gradient":""},"mobile":{"background-color":"","background-image":"","background-repeat":"repeat","background-position":"center center","background-size":"auto","background-attachment":"scroll","background-type":"","background-media":"","overlay-type":"","overlay-color":"","overlay-opacity":"","overlay-gradient":""}},"ast-content-background-meta":{"desktop":{"background-color":"var(--ast-global-color-5)","background-image":"","background-repeat":"repeat","background-position":"center center","background-size":"auto","background-attachment":"scroll","background-type":"","background-media":"","overlay-type":"","overlay-color":"","overlay-opacity":"","overlay-gradient":""},"tablet":{"background-color":"var(--ast-global-color-5)","background-image":"","background-repeat":"repeat","background-position":"center center","background-size":"auto","background-attachment":"scroll","background-type":"","background-media":"","overlay-type":"","overlay-color":"","overlay-opacity":"","overlay-gradient":""},"mobile":{"background-color":"var(--ast-global-color-5)","background-image":"","background-repeat":"repeat","background-position":"center center","background-size":"auto","background-attachment":"scroll","background-type":"","background-media":"","overlay-type":"","overlay-color":"","overlay-opacity":"","overlay-gradient":""}}},"product_brand":[],"product_cat":[20440,20443,20326],"product_tag":[],"class_list":{"0":"post-22660","1":"product","2":"type-product","3":"status-publish","4":"has-post-thumbnail","6":"product_cat-arylcyclohexylamine","7":"product_cat-o-pce","8":"product_cat-research-chemicals","9":"desktop-align-center","10":"tablet-align-center","11":"mobile-align-center","13":"first","14":"outofstock","15":"shipping-taxable","16":"purchasable","17":"product-type-variable"},"yoast_head":"<!-- This site is optimized with the Yoast SEO plugin v27.3 - https:\/\/yoast.com\/product\/yoast-seo-wordpress\/ -->\n<title>O-PCE Poeder Kopen? - Op=Op- 3MMC kopen<\/title>\n<meta name=\"description\" content=\"Bij 3MMC kopen kun je gemakkelijk en snel O-PCE Poeder bestellen en morgen al onderzoeken! Voor 17:00 besteld is vandaag al verzonden. Wees er snel bij.\" \/>\n<meta name=\"robots\" content=\"index, follow, max-snippet:-1, max-image-preview:large, max-video-preview:-1\" \/>\n<link rel=\"canonical\" href=\"https:\/\/3-mmckopen.nl\/fr\/3mmc-kopen\/shop\/research-chemicals\/arylcyclohexylamine\/o-pce\/o-pce-poeder\/\" \/>\n<meta property=\"og:locale\" content=\"fr_FR\" \/>\n<meta property=\"og:type\" content=\"article\" \/>\n<meta property=\"og:title\" content=\"O-PCE Poeder Kopen? - Op=Op- 3MMC kopen\" \/>\n<meta property=\"og:description\" content=\"Bij 3MMC kopen kun je gemakkelijk en snel O-PCE Poeder bestellen en morgen al onderzoeken! Voor 17:00 besteld is vandaag al verzonden. Wees er snel bij.\" \/>\n<meta property=\"og:url\" content=\"https:\/\/3-mmckopen.nl\/fr\/3mmc-kopen\/shop\/research-chemicals\/arylcyclohexylamine\/o-pce\/o-pce-poeder\/\" \/>\n<meta property=\"og:site_name\" content=\"3MMC kopen\" \/>\n<meta property=\"article:modified_time\" content=\"2025-11-03T22:57:39+00:00\" \/>\n<meta property=\"og:image\" content=\"https:\/\/3-mmckopen.nl\/wp-content\/uploads\/2023\/03\/o-pce-poeder-1.png\" \/>\n\t<meta property=\"og:image:width\" content=\"1600\" \/>\n\t<meta property=\"og:image:height\" content=\"900\" \/>\n\t<meta property=\"og:image:type\" content=\"image\/png\" \/>\n<meta name=\"twitter:card\" content=\"summary_large_image\" \/>\n<meta name=\"twitter:label1\" content=\"Dur\u00e9e de lecture estim\u00e9e\" \/>\n\t<meta name=\"twitter:data1\" content=\"1 minute\" \/>\n<script type=\"application\/ld+json\" class=\"yoast-schema-graph\">{\"@context\":\"https:\\\/\\\/schema.org\",\"@graph\":[{\"@type\":\"WebPage\",\"@id\":\"https:\\\/\\\/3-mmckopen.nl\\\/3mmc-kopen\\\/shop\\\/research-chemicals\\\/arylcyclohexylamine\\\/o-pce\\\/o-pce-poeder\\\/\",\"url\":\"https:\\\/\\\/3-mmckopen.nl\\\/3mmc-kopen\\\/shop\\\/research-chemicals\\\/arylcyclohexylamine\\\/o-pce\\\/o-pce-poeder\\\/\",\"name\":\"O-PCE Poeder Kopen? - Op=Op- 3MMC kopen\",\"isPartOf\":{\"@id\":\"https:\\\/\\\/3-mmckopen.nl\\\/#website\"},\"primaryImageOfPage\":{\"@id\":\"https:\\\/\\\/3-mmckopen.nl\\\/3mmc-kopen\\\/shop\\\/research-chemicals\\\/arylcyclohexylamine\\\/o-pce\\\/o-pce-poeder\\\/#primaryimage\"},\"image\":{\"@id\":\"https:\\\/\\\/3-mmckopen.nl\\\/3mmc-kopen\\\/shop\\\/research-chemicals\\\/arylcyclohexylamine\\\/o-pce\\\/o-pce-poeder\\\/#primaryimage\"},\"thumbnailUrl\":\"https:\\\/\\\/3-mmckopen.nl\\\/wp-content\\\/uploads\\\/2023\\\/03\\\/o-pce-poeder-1.png\",\"datePublished\":\"2023-03-23T02:40:42+00:00\",\"dateModified\":\"2025-11-03T22:57:39+00:00\",\"description\":\"Bij 3MMC kopen kun je gemakkelijk en snel O-PCE Poeder bestellen en morgen al onderzoeken! Voor 17:00 besteld is vandaag al verzonden. Wees er snel bij.\",\"breadcrumb\":{\"@id\":\"https:\\\/\\\/3-mmckopen.nl\\\/3mmc-kopen\\\/shop\\\/research-chemicals\\\/arylcyclohexylamine\\\/o-pce\\\/o-pce-poeder\\\/#breadcrumb\"},\"inLanguage\":\"fr-FR\",\"potentialAction\":[{\"@type\":\"ReadAction\",\"target\":[\"https:\\\/\\\/3-mmckopen.nl\\\/3mmc-kopen\\\/shop\\\/research-chemicals\\\/arylcyclohexylamine\\\/o-pce\\\/o-pce-poeder\\\/\"]}]},{\"@type\":\"ImageObject\",\"inLanguage\":\"fr-FR\",\"@id\":\"https:\\\/\\\/3-mmckopen.nl\\\/3mmc-kopen\\\/shop\\\/research-chemicals\\\/arylcyclohexylamine\\\/o-pce\\\/o-pce-poeder\\\/#primaryimage\",\"url\":\"https:\\\/\\\/3-mmckopen.nl\\\/wp-content\\\/uploads\\\/2023\\\/03\\\/o-pce-poeder-1.png\",\"contentUrl\":\"https:\\\/\\\/3-mmckopen.nl\\\/wp-content\\\/uploads\\\/2023\\\/03\\\/o-pce-poeder-1.png\",\"width\":1600,\"height\":900,\"caption\":\"o-pce poeder\"},{\"@type\":\"BreadcrumbList\",\"@id\":\"https:\\\/\\\/3-mmckopen.nl\\\/3mmc-kopen\\\/shop\\\/research-chemicals\\\/arylcyclohexylamine\\\/o-pce\\\/o-pce-poeder\\\/#breadcrumb\",\"itemListElement\":[{\"@type\":\"ListItem\",\"position\":1,\"name\":\"Home\",\"item\":\"https:\\\/\\\/3-mmckopen.nl\\\/\"},{\"@type\":\"ListItem\",\"position\":2,\"name\":\"Winkel\",\"item\":\"https:\\\/\\\/3-mmckopen.nl\\\/winkel\\\/\"},{\"@type\":\"ListItem\",\"position\":3,\"name\":\"O-PCE Poeder\"}]},{\"@type\":\"WebSite\",\"@id\":\"https:\\\/\\\/3-mmckopen.nl\\\/#website\",\"url\":\"https:\\\/\\\/3-mmckopen.nl\\\/\",\"name\":\"3MMC kopen\",\"description\":\"VOOR ALLE THUIS CHEMISI EN ONDERZOEKERS ONDER ONS\",\"publisher\":{\"@id\":\"https:\\\/\\\/3-mmckopen.nl\\\/#organization\"},\"potentialAction\":[{\"@type\":\"SearchAction\",\"target\":{\"@type\":\"EntryPoint\",\"urlTemplate\":\"https:\\\/\\\/3-mmckopen.nl\\\/?s={search_term_string}\"},\"query-input\":{\"@type\":\"PropertyValueSpecification\",\"valueRequired\":true,\"valueName\":\"search_term_string\"}}],\"inLanguage\":\"fr-FR\"},{\"@type\":\"Organization\",\"@id\":\"https:\\\/\\\/3-mmckopen.nl\\\/#organization\",\"name\":\"3mmc kopen\",\"url\":\"https:\\\/\\\/3-mmckopen.nl\\\/\",\"logo\":{\"@type\":\"ImageObject\",\"inLanguage\":\"fr-FR\",\"@id\":\"https:\\\/\\\/3-mmckopen.nl\\\/#\\\/schema\\\/logo\\\/image\\\/\",\"url\":\"https:\\\/\\\/3-mmckopen.nl\\\/wp-content\\\/uploads\\\/2024\\\/03\\\/3mmckopennl.webp\",\"contentUrl\":\"https:\\\/\\\/3-mmckopen.nl\\\/wp-content\\\/uploads\\\/2024\\\/03\\\/3mmckopennl.webp\",\"width\":300,\"height\":118,\"caption\":\"3mmc kopen\"},\"image\":{\"@id\":\"https:\\\/\\\/3-mmckopen.nl\\\/#\\\/schema\\\/logo\\\/image\\\/\"},\"sameAs\":[\"https:\\\/\\\/www.instagram.com\\\/dehuisprofessor\\\/\",\"https:\\\/\\\/nl.pinterest.com\\\/dehuisprofessor\\\/\",\"https:\\\/\\\/www.youtube.com\\\/channel\\\/UCsGzCVJiHsWLILEEHDzCNqA\"]}]}<\/script>\n<!-- \/ Yoast SEO plugin. -->","yoast_head_json":{"title":"O-PCE Poeder Kopen? - Op=Op- 3MMC kopen","description":"Bij 3MMC kopen kun je gemakkelijk en snel O-PCE Poeder bestellen en morgen al onderzoeken! Voor 17:00 besteld is vandaag al verzonden. Wees er snel bij.","robots":{"index":"index","follow":"follow","max-snippet":"max-snippet:-1","max-image-preview":"max-image-preview:large","max-video-preview":"max-video-preview:-1"},"canonical":"https:\/\/3-mmckopen.nl\/fr\/3mmc-kopen\/shop\/research-chemicals\/arylcyclohexylamine\/o-pce\/o-pce-poeder\/","og_locale":"fr_FR","og_type":"article","og_title":"O-PCE Poeder Kopen? - Op=Op- 3MMC kopen","og_description":"Bij 3MMC kopen kun je gemakkelijk en snel O-PCE Poeder bestellen en morgen al onderzoeken! Voor 17:00 besteld is vandaag al verzonden. Wees er snel bij.","og_url":"https:\/\/3-mmckopen.nl\/fr\/3mmc-kopen\/shop\/research-chemicals\/arylcyclohexylamine\/o-pce\/o-pce-poeder\/","og_site_name":"3MMC kopen","article_modified_time":"2025-11-03T22:57:39+00:00","og_image":[{"width":1600,"height":900,"url":"https:\/\/3-mmckopen.nl\/wp-content\/uploads\/2023\/03\/o-pce-poeder-1.png","type":"image\/png"}],"twitter_card":"summary_large_image","twitter_misc":{"Dur\u00e9e de lecture estim\u00e9e":"1 minute"},"schema":{"@context":"https:\/\/schema.org","@graph":[{"@type":"WebPage","@id":"https:\/\/3-mmckopen.nl\/3mmc-kopen\/shop\/research-chemicals\/arylcyclohexylamine\/o-pce\/o-pce-poeder\/","url":"https:\/\/3-mmckopen.nl\/3mmc-kopen\/shop\/research-chemicals\/arylcyclohexylamine\/o-pce\/o-pce-poeder\/","name":"O-PCE Poeder Kopen? - Op=Op- 3MMC kopen","isPartOf":{"@id":"https:\/\/3-mmckopen.nl\/#website"},"primaryImageOfPage":{"@id":"https:\/\/3-mmckopen.nl\/3mmc-kopen\/shop\/research-chemicals\/arylcyclohexylamine\/o-pce\/o-pce-poeder\/#primaryimage"},"image":{"@id":"https:\/\/3-mmckopen.nl\/3mmc-kopen\/shop\/research-chemicals\/arylcyclohexylamine\/o-pce\/o-pce-poeder\/#primaryimage"},"thumbnailUrl":"https:\/\/3-mmckopen.nl\/wp-content\/uploads\/2023\/03\/o-pce-poeder-1.png","datePublished":"2023-03-23T02:40:42+00:00","dateModified":"2025-11-03T22:57:39+00:00","description":"Bij 3MMC kopen kun je gemakkelijk en snel O-PCE Poeder bestellen en morgen al onderzoeken! Voor 17:00 besteld is vandaag al verzonden. Wees er snel bij.","breadcrumb":{"@id":"https:\/\/3-mmckopen.nl\/3mmc-kopen\/shop\/research-chemicals\/arylcyclohexylamine\/o-pce\/o-pce-poeder\/#breadcrumb"},"inLanguage":"fr-FR","potentialAction":[{"@type":"ReadAction","target":["https:\/\/3-mmckopen.nl\/3mmc-kopen\/shop\/research-chemicals\/arylcyclohexylamine\/o-pce\/o-pce-poeder\/"]}]},{"@type":"ImageObject","inLanguage":"fr-FR","@id":"https:\/\/3-mmckopen.nl\/3mmc-kopen\/shop\/research-chemicals\/arylcyclohexylamine\/o-pce\/o-pce-poeder\/#primaryimage","url":"https:\/\/3-mmckopen.nl\/wp-content\/uploads\/2023\/03\/o-pce-poeder-1.png","contentUrl":"https:\/\/3-mmckopen.nl\/wp-content\/uploads\/2023\/03\/o-pce-poeder-1.png","width":1600,"height":900,"caption":"o-pce poeder"},{"@type":"BreadcrumbList","@id":"https:\/\/3-mmckopen.nl\/3mmc-kopen\/shop\/research-chemicals\/arylcyclohexylamine\/o-pce\/o-pce-poeder\/#breadcrumb","itemListElement":[{"@type":"ListItem","position":1,"name":"Home","item":"https:\/\/3-mmckopen.nl\/"},{"@type":"ListItem","position":2,"name":"Winkel","item":"https:\/\/3-mmckopen.nl\/winkel\/"},{"@type":"ListItem","position":3,"name":"O-PCE Poeder"}]},{"@type":"WebSite","@id":"https:\/\/3-mmckopen.nl\/#website","url":"https:\/\/3-mmckopen.nl\/","name":"acheter 3MMC","description":"POUR TOUS LES CHEMISEURS \u00c0 LA MAISON ET LES CHERCHEURS D&#039;ENTRE NOUS","publisher":{"@id":"https:\/\/3-mmckopen.nl\/#organization"},"potentialAction":[{"@type":"SearchAction","target":{"@type":"EntryPoint","urlTemplate":"https:\/\/3-mmckopen.nl\/?s={search_term_string}"},"query-input":{"@type":"PropertyValueSpecification","valueRequired":true,"valueName":"search_term_string"}}],"inLanguage":"fr-FR"},{"@type":"Organization","@id":"https:\/\/3-mmckopen.nl\/#organization","name":"3mmc kopen","url":"https:\/\/3-mmckopen.nl\/","logo":{"@type":"ImageObject","inLanguage":"fr-FR","@id":"https:\/\/3-mmckopen.nl\/#\/schema\/logo\/image\/","url":"https:\/\/3-mmckopen.nl\/wp-content\/uploads\/2024\/03\/3mmckopennl.webp","contentUrl":"https:\/\/3-mmckopen.nl\/wp-content\/uploads\/2024\/03\/3mmckopennl.webp","width":300,"height":118,"caption":"3mmc kopen"},"image":{"@id":"https:\/\/3-mmckopen.nl\/#\/schema\/logo\/image\/"},"sameAs":["https:\/\/www.instagram.com\/dehuisprofessor\/","https:\/\/nl.pinterest.com\/dehuisprofessor\/","https:\/\/www.youtube.com\/channel\/UCsGzCVJiHsWLILEEHDzCNqA"]}]}},"_links":{"self":[{"href":"https:\/\/3-mmckopen.nl\/fr\/wp-json\/wp\/v2\/product\/22660","targetHints":{"allow":["GET"]}}],"collection":[{"href":"https:\/\/3-mmckopen.nl\/fr\/wp-json\/wp\/v2\/product"}],"about":[{"href":"https:\/\/3-mmckopen.nl\/fr\/wp-json\/wp\/v2\/types\/product"}],"replies":[{"embeddable":true,"href":"https:\/\/3-mmckopen.nl\/fr\/wp-json\/wp\/v2\/comments?post=22660"}],"version-history":[{"count":1,"href":"https:\/\/3-mmckopen.nl\/fr\/wp-json\/wp\/v2\/product\/22660\/revisions"}],"predecessor-version":[{"id":75910,"href":"https:\/\/3-mmckopen.nl\/fr\/wp-json\/wp\/v2\/product\/22660\/revisions\/75910"}],"wp:featuredmedia":[{"embeddable":true,"href":"https:\/\/3-mmckopen.nl\/fr\/wp-json\/wp\/v2\/media\/23215"}],"wp:attachment":[{"href":"https:\/\/3-mmckopen.nl\/fr\/wp-json\/wp\/v2\/media?parent=22660"}],"wp:term":[{"taxonomy":"product_brand","embeddable":true,"href":"https:\/\/3-mmckopen.nl\/fr\/wp-json\/wp\/v2\/product_brand?post=22660"},{"taxonomy":"product_cat","embeddable":true,"href":"https:\/\/3-mmckopen.nl\/fr\/wp-json\/wp\/v2\/product_cat?post=22660"},{"taxonomy":"product_tag","embeddable":true,"href":"https:\/\/3-mmckopen.nl\/fr\/wp-json\/wp\/v2\/product_tag?post=22660"}],"curies":[{"name":"wp","href":"https:\/\/api.w.org\/{rel}","templated":true}]}}