{"id":33243,"date":"2024-01-03T10:49:32","date_gmt":"2024-01-03T09:49:32","guid":{"rendered":"https:\/\/3-mmckopen.nl\/?post_type=product&#038;p=33243"},"modified":"2025-10-02T14:33:39","modified_gmt":"2025-10-02T12:33:39","slug":"cbd-sleep-well-gummies-100g","status":"publish","type":"product","link":"https:\/\/3-mmckopen.nl\/fr\/3mmc-kopen\/shop\/healthshop\/voedingssupplementen\/cbd-sleep-well-gummies-100g\/","title":{"rendered":"CBD Sleep Well Gummies 100g"},"content":{"rendered":"<h1><strong>G\u00e9lifi\u00e9s CBD Sleep Well<\/strong><\/h1>\n<p><strong>CBD Sommeil<\/strong>\u00a0<strong>bien Gummies:<\/strong><\/p>\n<p>Les probl\u00e8mes de sommeil sont fr\u00e9quents et ont un impact n\u00e9gatif majeur sur votre vie quotidienne. Souffrez-vous de nuits blanches, alors vous devriez Dr. Candy CBD Sleep Well Gummies avec CBD et m\u00e9latonine. Le CBD est connu pour ses propri\u00e9t\u00e9s s\u00e9datives et analg\u00e9siques. La m\u00e9latonine est une substance que votre corps produit naturellement, elle joue un r\u00f4le dans la r\u00e9gulation du rythme veille-sommeil.<\/p>\n<p>Il y a peu de choses plus frustrantes que les troubles du sommeil. Pendant la journ\u00e9e, vous vous sentez somnolent, d\u00e9concentr\u00e9 et irrit\u00e9 parce que vous n&#039;avez pas assez dormi. Mais lorsque vous vous couchez la nuit et que vous souhaitez profiter d&#039;une nuit de sommeil paisible, vous restez simplement \u00e9veill\u00e9, les yeux ouverts. Peut-\u00eatre que votre esprit ne cesse de tourner ou que vous ne parvenez pas \u00e0 vous d\u00e9tendre physiquement. Certaines personnes s&#039;endorment, mais se r\u00e9veillent soudainement au milieu de la nuit. Plus vous essayez de vous endormir, moins vous r\u00e9ussissez.<\/p>\n<p>Il peut y avoir de nombreuses causes d&#039;un sommeil perturb\u00e9. Par exemple, le stress et l&#039;anxi\u00e9t\u00e9 peuvent \u00eatre une raison pour laquelle vous restez \u00e9veill\u00e9, un rythme diurne et nocturne perturb\u00e9 ou m\u00eame une douleur. Heureusement, le CBD et la m\u00e9latonine peuvent aider \u00e0 r\u00e9soudre bon nombre de ces plaintes. Ce sont deux substances naturelles qui aident votre corps et votre esprit \u00e0 se d\u00e9tendre, ce qui facilite l&#039;endormissement et am\u00e9liore le sommeil. Chaque Sleep Well Gummie contient 10 mg de CBD et 0,3 mg de m\u00e9latonine.<\/p>\n<p><strong>Usage:<\/strong><\/p>\n<p>Le CBD agit dans le corps lorsqu&#039;un miroir a \u00e9t\u00e9 construit. Vous construisez ce miroir en prenant du Cannabidiol tous les jours. Nous recommandons toujours de commencer la premi\u00e8re semaine avec un ou plusieurs bonbons g\u00e9lifi\u00e9s par jour et d&#039;augmenter si d\u00e9sir\u00e9. Le CBD a de nombreuses propri\u00e9t\u00e9s positives. Une surdose de CBD est tr\u00e8s peu probable. Cependant, nous ne recommandons pas de prendre plus de 100 mg de CBD par jour.<\/p>\n<p><strong>Conseil de stockage :<\/strong><\/p>\n<p>Conservez ce produit du Dr. Placez les bonbons dans un endroit frais et sombre comme un placard de cuisine et gardez-les hors de port\u00e9e des enfants.<\/p>\n<p><strong>Avertissement:<\/strong><\/p>\n<p>Ce produit ne convient pas aux femmes enceintes et aux enfants.<\/p>\n<p><strong>Quantit\u00e9 de CBD\u00a0:<\/strong>\u00a01 \u00e9toile contient 10 mg de CBD et 0,3 mg de m\u00e9latonine.<\/p>\n<p><strong>Ingr\u00e9dients:<\/strong>\u00a0Glucose, sucre, colorants et ar\u00f4mes naturels, g\u00e9latine, acide citrique, CBD, m\u00e9latonine<\/p>","protected":false},"excerpt":{"rendered":"<p>CBD Sleep Well Gummies CBD Sleep\u00a0well Gummies: Slaapproblemen komen veel voor en hebben een grote negatieve impact op je dagelijks leven. Heb jij last van doorwaakte nachten, dan zou je Dr. Candy CBD Sleep Well Gummies met CBD en melatonine eens moeten proberen. CBD staat bekend om zijn kalmerende en pijnstillende eigenschappen. Melatonine is een [&hellip;]<\/p>\n","protected":false},"featured_media":33244,"comment_status":"closed","ping_status":"closed","template":"","meta":{"site-sidebar-layout":"default","site-content-layout":"default","ast-site-content-layout":"default","site-content-style":"default","site-sidebar-style":"default","ast-global-header-display":"","ast-banner-title-visibility":"","ast-main-header-display":"","ast-hfb-above-header-display":"","ast-hfb-below-header-display":"","ast-hfb-mobile-header-display":"","site-post-title":"","ast-breadcrumbs-content":"","ast-featured-img":"","footer-sml-layout":"","theme-transparent-header-meta":"default","adv-header-id-meta":"","stick-header-meta":"default","header-above-stick-meta":"","header-main-stick-meta":"","header-below-stick-meta":"","astra-migrate-meta-layouts":"set","ast-page-background-enabled":"default","ast-page-background-meta":{"desktop":{"background-color":"","background-image":"","background-repeat":"repeat","background-position":"center center","background-size":"auto","background-attachment":"scroll","background-type":"","background-media":"","overlay-type":"","overlay-color":"","overlay-opacity":"","overlay-gradient":""},"tablet":{"background-color":"","background-image":"","background-repeat":"repeat","background-position":"center center","background-size":"auto","background-attachment":"scroll","background-type":"","background-media":"","overlay-type":"","overlay-color":"","overlay-opacity":"","overlay-gradient":""},"mobile":{"background-color":"","background-image":"","background-repeat":"repeat","background-position":"center center","background-size":"auto","background-attachment":"scroll","background-type":"","background-media":"","overlay-type":"","overlay-color":"","overlay-opacity":"","overlay-gradient":""}},"ast-content-background-meta":{"desktop":{"background-color":"var(--ast-global-color-5)","background-image":"","background-repeat":"repeat","background-position":"center center","background-size":"auto","background-attachment":"scroll","background-type":"","background-media":"","overlay-type":"","overlay-color":"","overlay-opacity":"","overlay-gradient":""},"tablet":{"background-color":"var(--ast-global-color-5)","background-image":"","background-repeat":"repeat","background-position":"center center","background-size":"auto","background-attachment":"scroll","background-type":"","background-media":"","overlay-type":"","overlay-color":"","overlay-opacity":"","overlay-gradient":""},"mobile":{"background-color":"var(--ast-global-color-5)","background-image":"","background-repeat":"repeat","background-position":"center center","background-size":"auto","background-attachment":"scroll","background-type":"","background-media":"","overlay-type":"","overlay-color":"","overlay-opacity":"","overlay-gradient":""}}},"product_brand":[],"product_cat":[20364,20309,20350],"product_tag":[],"class_list":{"0":"post-33243","1":"product","2":"type-product","3":"status-publish","4":"has-post-thumbnail","6":"product_cat-cbd","7":"product_cat-smartshop","8":"product_cat-voedingssupplementen","9":"desktop-align-center","10":"tablet-align-center","11":"mobile-align-center","13":"first","14":"instock","15":"shipping-taxable","16":"purchasable","17":"product-type-simple"},"yoast_head":"<!-- This site is optimized with the Yoast SEO plugin v27.3 - https:\/\/yoast.com\/product\/yoast-seo-wordpress\/ -->\n<title>CBD Sleep Well Gummies 100g Kopen? - Op=Op- 3MMC kopen<\/title>\n<meta name=\"description\" content=\"Bij 3MMC kopen kun je gemakkelijk en snel CBD Sleep Well Gummies 100g bestellen en morgen al onderzoeken! Voor 17:00 besteld is vandaag al verzonden. Wees er snel bij.\" \/>\n<meta name=\"robots\" content=\"index, follow, max-snippet:-1, max-image-preview:large, max-video-preview:-1\" \/>\n<link rel=\"canonical\" href=\"https:\/\/3-mmckopen.nl\/fr\/3mmc-kopen\/shop\/healthshop\/voedingssupplementen\/cbd-sleep-well-gummies-100g\/\" \/>\n<meta property=\"og:locale\" content=\"fr_FR\" \/>\n<meta property=\"og:type\" content=\"article\" \/>\n<meta property=\"og:title\" content=\"CBD Sleep Well Gummies 100g Kopen? - Op=Op- 3MMC kopen\" \/>\n<meta property=\"og:description\" content=\"Bij 3MMC kopen kun je gemakkelijk en snel CBD Sleep Well Gummies 100g bestellen en morgen al onderzoeken! Voor 17:00 besteld is vandaag al verzonden. Wees er snel bij.\" \/>\n<meta property=\"og:url\" content=\"https:\/\/3-mmckopen.nl\/fr\/3mmc-kopen\/shop\/healthshop\/voedingssupplementen\/cbd-sleep-well-gummies-100g\/\" \/>\n<meta property=\"og:site_name\" content=\"3MMC kopen\" \/>\n<meta property=\"article:modified_time\" content=\"2025-10-02T12:33:39+00:00\" \/>\n<meta property=\"og:image\" content=\"https:\/\/3-mmckopen.nl\/wp-content\/uploads\/2024\/01\/Sleep_Gummy_Product_plaatje_03mgGroot.jpg\" \/>\n\t<meta property=\"og:image:width\" content=\"1000\" \/>\n\t<meta property=\"og:image:height\" content=\"1000\" \/>\n\t<meta property=\"og:image:type\" content=\"image\/jpeg\" \/>\n<meta name=\"twitter:card\" content=\"summary_large_image\" \/>\n<meta name=\"twitter:label1\" content=\"Dur\u00e9e de lecture estim\u00e9e\" \/>\n\t<meta name=\"twitter:data1\" content=\"2 minutes\" \/>\n<script type=\"application\/ld+json\" class=\"yoast-schema-graph\">{\"@context\":\"https:\\\/\\\/schema.org\",\"@graph\":[{\"@type\":\"WebPage\",\"@id\":\"https:\\\/\\\/3-mmckopen.nl\\\/3mmc-kopen\\\/shop\\\/healthshop\\\/voedingssupplementen\\\/cbd-sleep-well-gummies-100g\\\/\",\"url\":\"https:\\\/\\\/3-mmckopen.nl\\\/3mmc-kopen\\\/shop\\\/healthshop\\\/voedingssupplementen\\\/cbd-sleep-well-gummies-100g\\\/\",\"name\":\"CBD Sleep Well Gummies 100g Kopen? - Op=Op- 3MMC kopen\",\"isPartOf\":{\"@id\":\"https:\\\/\\\/3-mmckopen.nl\\\/#website\"},\"primaryImageOfPage\":{\"@id\":\"https:\\\/\\\/3-mmckopen.nl\\\/3mmc-kopen\\\/shop\\\/healthshop\\\/voedingssupplementen\\\/cbd-sleep-well-gummies-100g\\\/#primaryimage\"},\"image\":{\"@id\":\"https:\\\/\\\/3-mmckopen.nl\\\/3mmc-kopen\\\/shop\\\/healthshop\\\/voedingssupplementen\\\/cbd-sleep-well-gummies-100g\\\/#primaryimage\"},\"thumbnailUrl\":\"https:\\\/\\\/3-mmckopen.nl\\\/wp-content\\\/uploads\\\/2024\\\/01\\\/Sleep_Gummy_Product_plaatje_03mgGroot.jpg\",\"datePublished\":\"2024-01-03T09:49:32+00:00\",\"dateModified\":\"2025-10-02T12:33:39+00:00\",\"description\":\"Bij 3MMC kopen kun je gemakkelijk en snel CBD Sleep Well Gummies 100g bestellen en morgen al onderzoeken! Voor 17:00 besteld is vandaag al verzonden. Wees er snel bij.\",\"breadcrumb\":{\"@id\":\"https:\\\/\\\/3-mmckopen.nl\\\/3mmc-kopen\\\/shop\\\/healthshop\\\/voedingssupplementen\\\/cbd-sleep-well-gummies-100g\\\/#breadcrumb\"},\"inLanguage\":\"fr-FR\",\"potentialAction\":[{\"@type\":\"ReadAction\",\"target\":[\"https:\\\/\\\/3-mmckopen.nl\\\/3mmc-kopen\\\/shop\\\/healthshop\\\/voedingssupplementen\\\/cbd-sleep-well-gummies-100g\\\/\"]}]},{\"@type\":\"ImageObject\",\"inLanguage\":\"fr-FR\",\"@id\":\"https:\\\/\\\/3-mmckopen.nl\\\/3mmc-kopen\\\/shop\\\/healthshop\\\/voedingssupplementen\\\/cbd-sleep-well-gummies-100g\\\/#primaryimage\",\"url\":\"https:\\\/\\\/3-mmckopen.nl\\\/wp-content\\\/uploads\\\/2024\\\/01\\\/Sleep_Gummy_Product_plaatje_03mgGroot.jpg\",\"contentUrl\":\"https:\\\/\\\/3-mmckopen.nl\\\/wp-content\\\/uploads\\\/2024\\\/01\\\/Sleep_Gummy_Product_plaatje_03mgGroot.jpg\",\"width\":1000,\"height\":1000},{\"@type\":\"BreadcrumbList\",\"@id\":\"https:\\\/\\\/3-mmckopen.nl\\\/3mmc-kopen\\\/shop\\\/healthshop\\\/voedingssupplementen\\\/cbd-sleep-well-gummies-100g\\\/#breadcrumb\",\"itemListElement\":[{\"@type\":\"ListItem\",\"position\":1,\"name\":\"Home\",\"item\":\"https:\\\/\\\/3-mmckopen.nl\\\/\"},{\"@type\":\"ListItem\",\"position\":2,\"name\":\"Winkel\",\"item\":\"https:\\\/\\\/3-mmckopen.nl\\\/winkel\\\/\"},{\"@type\":\"ListItem\",\"position\":3,\"name\":\"CBD Sleep Well Gummies 100g\"}]},{\"@type\":\"WebSite\",\"@id\":\"https:\\\/\\\/3-mmckopen.nl\\\/#website\",\"url\":\"https:\\\/\\\/3-mmckopen.nl\\\/\",\"name\":\"3MMC kopen\",\"description\":\"VOOR ALLE THUIS CHEMISI EN ONDERZOEKERS ONDER ONS\",\"publisher\":{\"@id\":\"https:\\\/\\\/3-mmckopen.nl\\\/#organization\"},\"potentialAction\":[{\"@type\":\"SearchAction\",\"target\":{\"@type\":\"EntryPoint\",\"urlTemplate\":\"https:\\\/\\\/3-mmckopen.nl\\\/?s={search_term_string}\"},\"query-input\":{\"@type\":\"PropertyValueSpecification\",\"valueRequired\":true,\"valueName\":\"search_term_string\"}}],\"inLanguage\":\"fr-FR\"},{\"@type\":\"Organization\",\"@id\":\"https:\\\/\\\/3-mmckopen.nl\\\/#organization\",\"name\":\"3mmc kopen\",\"url\":\"https:\\\/\\\/3-mmckopen.nl\\\/\",\"logo\":{\"@type\":\"ImageObject\",\"inLanguage\":\"fr-FR\",\"@id\":\"https:\\\/\\\/3-mmckopen.nl\\\/#\\\/schema\\\/logo\\\/image\\\/\",\"url\":\"https:\\\/\\\/3-mmckopen.nl\\\/wp-content\\\/uploads\\\/2024\\\/03\\\/3mmckopennl.webp\",\"contentUrl\":\"https:\\\/\\\/3-mmckopen.nl\\\/wp-content\\\/uploads\\\/2024\\\/03\\\/3mmckopennl.webp\",\"width\":300,\"height\":118,\"caption\":\"3mmc kopen\"},\"image\":{\"@id\":\"https:\\\/\\\/3-mmckopen.nl\\\/#\\\/schema\\\/logo\\\/image\\\/\"},\"sameAs\":[\"https:\\\/\\\/www.instagram.com\\\/dehuisprofessor\\\/\",\"https:\\\/\\\/nl.pinterest.com\\\/dehuisprofessor\\\/\",\"https:\\\/\\\/www.youtube.com\\\/channel\\\/UCsGzCVJiHsWLILEEHDzCNqA\"]}]}<\/script>\n<!-- \/ Yoast SEO plugin. -->","yoast_head_json":{"title":"CBD Sleep Well Gummies 100g Kopen? - Op=Op- 3MMC kopen","description":"Bij 3MMC kopen kun je gemakkelijk en snel CBD Sleep Well Gummies 100g bestellen en morgen al onderzoeken! Voor 17:00 besteld is vandaag al verzonden. Wees er snel bij.","robots":{"index":"index","follow":"follow","max-snippet":"max-snippet:-1","max-image-preview":"max-image-preview:large","max-video-preview":"max-video-preview:-1"},"canonical":"https:\/\/3-mmckopen.nl\/fr\/3mmc-kopen\/shop\/healthshop\/voedingssupplementen\/cbd-sleep-well-gummies-100g\/","og_locale":"fr_FR","og_type":"article","og_title":"CBD Sleep Well Gummies 100g Kopen? - Op=Op- 3MMC kopen","og_description":"Bij 3MMC kopen kun je gemakkelijk en snel CBD Sleep Well Gummies 100g bestellen en morgen al onderzoeken! Voor 17:00 besteld is vandaag al verzonden. Wees er snel bij.","og_url":"https:\/\/3-mmckopen.nl\/fr\/3mmc-kopen\/shop\/healthshop\/voedingssupplementen\/cbd-sleep-well-gummies-100g\/","og_site_name":"3MMC kopen","article_modified_time":"2025-10-02T12:33:39+00:00","og_image":[{"width":1000,"height":1000,"url":"https:\/\/3-mmckopen.nl\/wp-content\/uploads\/2024\/01\/Sleep_Gummy_Product_plaatje_03mgGroot.jpg","type":"image\/jpeg"}],"twitter_card":"summary_large_image","twitter_misc":{"Dur\u00e9e de lecture estim\u00e9e":"2 minutes"},"schema":{"@context":"https:\/\/schema.org","@graph":[{"@type":"WebPage","@id":"https:\/\/3-mmckopen.nl\/3mmc-kopen\/shop\/healthshop\/voedingssupplementen\/cbd-sleep-well-gummies-100g\/","url":"https:\/\/3-mmckopen.nl\/3mmc-kopen\/shop\/healthshop\/voedingssupplementen\/cbd-sleep-well-gummies-100g\/","name":"CBD Sleep Well Gummies 100g Kopen? - Op=Op- 3MMC kopen","isPartOf":{"@id":"https:\/\/3-mmckopen.nl\/#website"},"primaryImageOfPage":{"@id":"https:\/\/3-mmckopen.nl\/3mmc-kopen\/shop\/healthshop\/voedingssupplementen\/cbd-sleep-well-gummies-100g\/#primaryimage"},"image":{"@id":"https:\/\/3-mmckopen.nl\/3mmc-kopen\/shop\/healthshop\/voedingssupplementen\/cbd-sleep-well-gummies-100g\/#primaryimage"},"thumbnailUrl":"https:\/\/3-mmckopen.nl\/wp-content\/uploads\/2024\/01\/Sleep_Gummy_Product_plaatje_03mgGroot.jpg","datePublished":"2024-01-03T09:49:32+00:00","dateModified":"2025-10-02T12:33:39+00:00","description":"Bij 3MMC kopen kun je gemakkelijk en snel CBD Sleep Well Gummies 100g bestellen en morgen al onderzoeken! Voor 17:00 besteld is vandaag al verzonden. Wees er snel bij.","breadcrumb":{"@id":"https:\/\/3-mmckopen.nl\/3mmc-kopen\/shop\/healthshop\/voedingssupplementen\/cbd-sleep-well-gummies-100g\/#breadcrumb"},"inLanguage":"fr-FR","potentialAction":[{"@type":"ReadAction","target":["https:\/\/3-mmckopen.nl\/3mmc-kopen\/shop\/healthshop\/voedingssupplementen\/cbd-sleep-well-gummies-100g\/"]}]},{"@type":"ImageObject","inLanguage":"fr-FR","@id":"https:\/\/3-mmckopen.nl\/3mmc-kopen\/shop\/healthshop\/voedingssupplementen\/cbd-sleep-well-gummies-100g\/#primaryimage","url":"https:\/\/3-mmckopen.nl\/wp-content\/uploads\/2024\/01\/Sleep_Gummy_Product_plaatje_03mgGroot.jpg","contentUrl":"https:\/\/3-mmckopen.nl\/wp-content\/uploads\/2024\/01\/Sleep_Gummy_Product_plaatje_03mgGroot.jpg","width":1000,"height":1000},{"@type":"BreadcrumbList","@id":"https:\/\/3-mmckopen.nl\/3mmc-kopen\/shop\/healthshop\/voedingssupplementen\/cbd-sleep-well-gummies-100g\/#breadcrumb","itemListElement":[{"@type":"ListItem","position":1,"name":"Home","item":"https:\/\/3-mmckopen.nl\/"},{"@type":"ListItem","position":2,"name":"Winkel","item":"https:\/\/3-mmckopen.nl\/winkel\/"},{"@type":"ListItem","position":3,"name":"CBD Sleep Well Gummies 100g"}]},{"@type":"WebSite","@id":"https:\/\/3-mmckopen.nl\/#website","url":"https:\/\/3-mmckopen.nl\/","name":"acheter 3MMC","description":"POUR TOUS LES CHEMISEURS \u00c0 LA MAISON ET LES CHERCHEURS D&#039;ENTRE NOUS","publisher":{"@id":"https:\/\/3-mmckopen.nl\/#organization"},"potentialAction":[{"@type":"SearchAction","target":{"@type":"EntryPoint","urlTemplate":"https:\/\/3-mmckopen.nl\/?s={search_term_string}"},"query-input":{"@type":"PropertyValueSpecification","valueRequired":true,"valueName":"search_term_string"}}],"inLanguage":"fr-FR"},{"@type":"Organization","@id":"https:\/\/3-mmckopen.nl\/#organization","name":"3mmc kopen","url":"https:\/\/3-mmckopen.nl\/","logo":{"@type":"ImageObject","inLanguage":"fr-FR","@id":"https:\/\/3-mmckopen.nl\/#\/schema\/logo\/image\/","url":"https:\/\/3-mmckopen.nl\/wp-content\/uploads\/2024\/03\/3mmckopennl.webp","contentUrl":"https:\/\/3-mmckopen.nl\/wp-content\/uploads\/2024\/03\/3mmckopennl.webp","width":300,"height":118,"caption":"3mmc kopen"},"image":{"@id":"https:\/\/3-mmckopen.nl\/#\/schema\/logo\/image\/"},"sameAs":["https:\/\/www.instagram.com\/dehuisprofessor\/","https:\/\/nl.pinterest.com\/dehuisprofessor\/","https:\/\/www.youtube.com\/channel\/UCsGzCVJiHsWLILEEHDzCNqA"]}]}},"_links":{"self":[{"href":"https:\/\/3-mmckopen.nl\/fr\/wp-json\/wp\/v2\/product\/33243","targetHints":{"allow":["GET"]}}],"collection":[{"href":"https:\/\/3-mmckopen.nl\/fr\/wp-json\/wp\/v2\/product"}],"about":[{"href":"https:\/\/3-mmckopen.nl\/fr\/wp-json\/wp\/v2\/types\/product"}],"replies":[{"embeddable":true,"href":"https:\/\/3-mmckopen.nl\/fr\/wp-json\/wp\/v2\/comments?post=33243"}],"version-history":[{"count":0,"href":"https:\/\/3-mmckopen.nl\/fr\/wp-json\/wp\/v2\/product\/33243\/revisions"}],"wp:featuredmedia":[{"embeddable":true,"href":"https:\/\/3-mmckopen.nl\/fr\/wp-json\/wp\/v2\/media\/33244"}],"wp:attachment":[{"href":"https:\/\/3-mmckopen.nl\/fr\/wp-json\/wp\/v2\/media?parent=33243"}],"wp:term":[{"taxonomy":"product_brand","embeddable":true,"href":"https:\/\/3-mmckopen.nl\/fr\/wp-json\/wp\/v2\/product_brand?post=33243"},{"taxonomy":"product_cat","embeddable":true,"href":"https:\/\/3-mmckopen.nl\/fr\/wp-json\/wp\/v2\/product_cat?post=33243"},{"taxonomy":"product_tag","embeddable":true,"href":"https:\/\/3-mmckopen.nl\/fr\/wp-json\/wp\/v2\/product_tag?post=33243"}],"curies":[{"name":"wp","href":"https:\/\/api.w.org\/{rel}","templated":true}]}}