{"id":223,"date":"2021-01-09T17:36:02","date_gmt":"2021-01-09T16:36:02","guid":{"rendered":"https:\/\/3-mmckopen.nl\/?page_id=223"},"modified":"2025-12-04T15:24:53","modified_gmt":"2025-12-04T14:24:53","slug":"algemene-voorwaarden","status":"publish","type":"page","link":"https:\/\/3-mmckopen.nl\/pl\/algemene-voorwaarden\/","title":{"rendered":"Regulamin"},"content":{"rendered":"<p><strong>Artyku\u0142 1. Zastosowanie<\/strong><\/p>\r\n\r\n\r\n\r\n<p><br \/>1.1 Op alle aanbiedingen, bestellingen en overeenkomsten van onze webshop www.app16847.cloudwayssites.com Nederland, zijn deze\u00a0Algemene Voorwaarden van toepassing.<\/p>\r\n\r\n\r\n\r\n<p>1.2 Przyj\u0119cie oferty lub z\u0142o\u017cenie zam\u00f3wienia oznacza akceptacj\u0119 obowi\u0105zywania niniejszych warunk\u00f3w.<\/p>\r\n\r\n\r\n\r\n<p>1.3 Od postanowie\u0144 niniejszych Warunk\u00f3w mo\u017cna odst\u0105pi\u0107 wy\u0142\u0105cznie na pi\u015bmie, w takim przypadku pozosta\u0142e postanowienia zachowuj\u0105 pe\u0142n\u0105 moc.<\/p>\r\n\r\n\r\n\r\n<p>1.4 Wszelkie prawa i roszczenia okre\u015blone w niniejszych warunkach i wszelkich dalszych umowach na rzecz naszego sklepu internetowego s\u0105 r\u00f3wnie\u017c zastrze\u017cone na korzy\u015b\u0107 po\u015brednik\u00f3w i innych os\u00f3b trzecich zaanga\u017cowanych w nasz sklep internetowy.<\/p>\r\n\r\n\r\n\r\n<p><strong>Artyku\u0142 2. Oferty\/umowy<\/strong><\/p>\r\n\r\n\r\n\r\n<p><br \/>2.1 Wszystkie oferty naszego sklepu internetowego s\u0105 niezobowi\u0105zuj\u0105ce, a nasz sklep internetowy wyra\u017anie zastrzega sobie prawo do zmiany cen, w szczeg\u00f3lno\u015bci, gdy jest to konieczne na podstawie (prawnych) przepis\u00f3w. Zobacz tak\u017ce artyku\u0142 3.6.<\/p>\r\n\r\n\r\n\r\n<p>2.2 Umowa zostaje zawarta dopiero po przyj\u0119ciu zam\u00f3wienia przez nasz sklep internetowy. Nasz sklep internetowy ma prawo odm\u00f3wi\u0107 przyj\u0119cia zam\u00f3wienia lub obwarowa\u0107 dostaw\u0119 okre\u015blonymi warunkami, chyba \u017ce wyra\u017anie zaznaczono inaczej. Je\u015bli zam\u00f3wienie nie zostanie przyj\u0119te, nasz sklep internetowy poinformuje Ci\u0119 o tym w ci\u0105gu dziesi\u0119ciu (10) dni roboczych od otrzymania zam\u00f3wienia.<\/p>\r\n\r\n\r\n\r\n<p><strong>Artyku\u0142 3. Ceny i p\u0142atno\u015bci<\/strong><\/p>\r\n\r\n\r\n\r\n<p><br \/>3.1 Podane ceny oferowanych produkt\u00f3w i us\u0142ug podane s\u0105 w euro i zawieraj\u0105 podatek VAT. i z wy\u0142\u0105czeniem koszt\u00f3w obs\u0142ugi i wysy\u0142ki, wszelkich podatk\u00f3w lub innych op\u0142at, chyba \u017ce okre\u015blono inaczej lub uzgodniono na pi\u015bmie.<\/p>\r\n\r\n\r\n\r\n<p>3.2 P\u0142atno\u015b\u0107 musi by\u0107 dokonana bez rabatu lub rekompensaty tego samego dnia co data faktury, je\u015bli dotyczy dostaw na terenie Holandii, dostarczamy tylko na terenie Holandii.<\/p>\r\n\r\n\r\n\r\n<p>3.3 P\u0142atno\u015bci mo\u017cna dokona\u0107 w jeden ze sposob\u00f3w wskazanych podczas sk\u0142adania zam\u00f3wienia.<\/p>\r\n\r\n\r\n\r\n<p>3.4 Je\u017celi ceny oferowanych produkt\u00f3w i us\u0142ug wzrosn\u0105 w okresie pomi\u0119dzy z\u0142o\u017ceniem zam\u00f3wienia a jego realizacj\u0105, masz prawo anulowa\u0107 zam\u00f3wienie, jednak po op\u0142aceniu zam\u00f3wienie jest wi\u0105\u017c\u0105ce.<\/p>\r\n\r\n\r\n\r\n<p><strong>Artyku\u0142 4. Dostawa<\/strong><\/p>\r\n\r\n\r\n\r\n<p><br \/>4.1 Terminy dostaw podane przez nasz sklep internetowy maj\u0105 jedynie charakter orientacyjny. Przekroczenie terminu dostawy nie uprawnia do odszkodowania ani prawa do anulowania zam\u00f3wienia lub rozwi\u0105zania umowy, chyba \u017ce przekroczenie terminu dostawy jest takie, \u017ce nie mo\u017cna zasadnie oczekiwa\u0107, \u017ce dotrzymasz umowy. W takim przypadku masz prawo do anulowania zam\u00f3wienia lub rozwi\u0105zania umowy, o ile jest to konieczne.<\/p>\r\n\r\n\r\n\r\n<p>4.2 Dostawa produkt\u00f3w odbywa si\u0119 w miejscu i czasie, w kt\u00f3rym produkty s\u0105 gotowe do wysy\u0142ki do Ciebie.<\/p>\r\n\r\n\r\n\r\n<p><strong>Artyku\u0142 5. Zastrze\u017cenie w\u0142asno\u015bci<\/strong><\/p>\r\n\r\n\r\n\r\n<p><br \/>5.1 W\u0142asno\u015b\u0107 dostarczonych produkt\u00f3w zostanie przeniesiona tylko wtedy, gdy zap\u0142acisz wszystko, co jeste\u015b winien naszemu sklepowi internetowemu na podstawie jakiejkolwiek umowy. Ryzyko zwi\u0105zane z produktami przechodzi na Ciebie ju\u017c w momencie dostawy.<\/p>\r\n\r\n\r\n\r\n<p><strong>Artyku\u0142 6. Prawa w\u0142asno\u015bci intelektualnej i przemys\u0142owej<\/strong><\/p>\r\n\r\n\r\n\r\n<p><br \/>6.1 Musisz w pe\u0142ni i bezwarunkowo przestrzega\u0107 wszystkich praw w\u0142asno\u015bci przemys\u0142owej i intelektualnej, kt\u00f3re dotycz\u0105 produkt\u00f3w dostarczanych przez nasz sklep internetowy.<\/p>\r\n\r\n\r\n\r\n<p>6.2 Nasz sklep internetowy nie gwarantuje, \u017ce dostarczone produkty nie naruszaj\u0105 \u017cadnych (niepisanych) praw w\u0142asno\u015bci intelektualnej i\/lub przemys\u0142owej os\u00f3b trzecich.<\/p>\r\n\r\n\r\n\r\n<p><strong>Artyku\u0142 7. Reklamacje i odpowiedzialno\u015b\u0107<\/strong><\/p>\r\n\r\n\r\n\r\n<p><br \/>7.1 Masz obowi\u0105zek sprawdzi\u0107 przy dostawie, czy produkty s\u0105 zgodne z umow\u0105. Je\u015bli tak nie jest, nale\u017cy jak najszybciej poinformowa\u0107 o tym nasz sklep internetowy, aw ka\u017cdym razie w ci\u0105gu siedmiu (7) dni roboczych po dostawie lub przynajmniej po rozs\u0105dnie mo\u017cliwej obserwacji, pisemnie\/e-mailem iz uzasadnieniem.<\/p>\r\n\r\n\r\n\r\n<p>7.2 W przypadku wykazania, \u017ce towar jest niezgodny z umow\u0105, nasz sklep internetowy ma mo\u017cliwo\u015b\u0107 wymiany towaru na nowy za zwrotem towaru lub zwrotu warto\u015bci faktury.<\/p>\r\n\r\n\r\n\r\n<p>7.3 Je\u015bli z jakiegokolwiek powodu nie chcesz kupowa\u0107 produktu, jako osoba prywatna masz prawo zwr\u00f3ci\u0107 produkt do naszego sklepu internetowego w ci\u0105gu siedmiu (7) dni roboczych od daty dostawy. W takim przypadku przesy\u0142ki zwrotne s\u0105 przyjmowane tylko wtedy, gdy opakowanie produktu jest nieuszkodzone, przy czym koszty przesy\u0142ek zwrotnych r\u00f3wnie\u017c ponosisz.<\/p>\r\n\r\n\r\n\r\n<p><strong>Artyku\u0142 8. Rozkazy\/komunikaty<\/strong><\/p>\r\n\r\n\r\n\r\n<p><br \/>8.1 Za nieporozumienie, uszkodzenie, op\u00f3\u017anienie lub niew\u0142a\u015bciw\u0105 transmisj\u0119 zam\u00f3wie\u0144 i komunikacji w wyniku korzystania z Internetu lub innych \u015brodk\u00f3w komunikacji w ruchu mi\u0119dzy Tob\u0105 a naszym sklepem internetowym lub mi\u0119dzy naszym sklepem internetowym a stronami trzecimi, o ile dotyczy za relacje mi\u0119dzy Tob\u0105 a naszym sklepem internetowym, nasz sklep internetowy nie ponosi odpowiedzialno\u015bci, chyba \u017ce i w zakresie, w jakim istnieje umy\u015blne dzia\u0142anie lub ra\u017c\u0105ce zaniedbanie ze strony naszego sklepu internetowego.<\/p>\r\n\r\n\r\n\r\n<p><strong>Artyku\u0142 9. Si\u0142a wy\u017csza<\/strong><\/p>\r\n\r\n\r\n\r\n<p><br \/>9.1 Bez uszczerbku dla innych praw, w przypadku dzia\u0142ania si\u0142y wy\u017cszej, nasz sklep internetowy ma prawo, wed\u0142ug w\u0142asnego uznania, zawiesi\u0107 realizacj\u0119 zam\u00f3wienia lub rozwi\u0105za\u0107 umow\u0119 bez interwencji s\u0105du, powiadamiaj\u0105c Ci\u0119 o tym na pi\u015bmie. bez zobowi\u0105zania naszego sklepu internetowego do wyp\u0142aty jakiegokolwiek odszkodowania, chyba \u017ce by\u0142oby to niedopuszczalne w danych okoliczno\u015bciach zgodnie ze standardami rozs\u0105dku i uczciwo\u015bci.<\/p>\r\n\r\n\r\n\r\n<p>9.2 Przez si\u0142\u0119 wy\u017csz\u0105 rozumie si\u0119 wszelkie uchybienia, kt\u00f3rych nie mo\u017cna przypisa\u0107 naszemu sklepowi internetowemu, poniewa\u017c nie powsta\u0142y one z jego winy i nie wynikaj\u0105 z jego winy w \u015bwietle prawa, aktu prawnego lub og\u00f3lnie przyj\u0119tych pogl\u0105d\u00f3w.<\/p>\r\n\r\n\r\n\r\n<p><strong>Artyku\u0142 10. R\u00f3\u017cne<\/strong><\/p>\r\n\r\n\r\n\r\n<p><br \/>10.1 Je\u015bli podasz naszemu sklepowi internetowemu adres na pi\u015bmie, nasz sklep internetowy jest uprawniony do wysy\u0142ania wszystkich zam\u00f3wie\u0144 na ten adres, chyba \u017ce poinformujesz nasz sklep internetowy na pi\u015bmie o innym adresie, na kt\u00f3ry maj\u0105 by\u0107 wysy\u0142ane zam\u00f3wienia.<\/p>\r\n\r\n\r\n\r\n<p>10.2 Je\u015bli nasz sklep internetowy zezwala na odst\u0119pstwa od niniejszych Warunk\u00f3w, milcz\u0105co lub nie, przez kr\u00f3tki lub d\u0142u\u017cszy okres czasu, nie ma to wp\u0142ywu na jego prawo do \u017c\u0105dania natychmiastowego i \u015bcis\u0142ego przestrzegania niniejszych Warunk\u00f3w. Nigdy nie mo\u017cesz dochodzi\u0107 \u017cadnych praw w oparciu o fakt, \u017ce nasz sklep internetowy bezproblemowo stosuje niniejsze Warunki.<\/p>\r\n\r\n\r\n\r\n<p>10.3 Je\u015bli jedno lub wi\u0119cej postanowie\u0144 niniejszych Warunk\u00f3w lub jakiejkolwiek innej umowy z naszym sklepem internetowym stanie w sprzeczno\u015bci z jakimkolwiek obowi\u0105zuj\u0105cym przepisem prawa, odpowiedni przepis wygasa i zostanie zast\u0105piony nowym prawnie dopuszczalnym postanowieniem, kt\u00f3re zostanie okre\u015blone przez nasz sklep internetowy podobny przepis.<\/p>\r\n\r\n\r\n\r\n<p>10.4 Nasz sklep internetowy jest upowa\u017cniony do korzystania z us\u0142ug os\u00f3b trzecich w celu realizacji Twojego zam\u00f3wienia.<\/p>\r\n\r\n\r\n\r\n<p><strong>Artyku\u0142 11. Prawo w\u0142a\u015bciwe i w\u0142a\u015bciwy s\u0105d<\/strong><\/p>\r\n\r\n\r\n\r\n<p><br \/>11.1 Wszelkie prawa, obowi\u0105zki, oferty, zam\u00f3wienia i umowy, do kt\u00f3rych maj\u0105 zastosowanie niniejsze warunki, jak r\u00f3wnie\u017c niniejsze warunki, podlegaj\u0105 wy\u0142\u0105cznie prawu holenderskiemu.<\/p>\r\n\r\n\r\n\r\n<p>11.2 Alle geschillen tussen partijen zullen bij uitsluiting worden voorgelegd aan de daartoe bevoegde rechter in Nederland. De producten worden verstuurd via\u00a0postNL. Enige vertraging of het niet aankomen, dan wel beschadiging van de levering nemen wij niet voor onze rekening. Dit ligt bij postNL\u00a0of bij de klant. Bij briefpost zullen wij geen her-zending doen in geval van verlies door postnl. Wij kunnen alleen her-zenden als is bewezen dat het pakketje niet aangekomen is op het door de klant aangegeven adres. Dit geld alleen bij pakketten die traceerbaar zijn door middel van tracking code. Wij zijn niet aansprakelijk voor het invullen van het adres. De klant vult een adres in en wij versturen er heen, is het adres verkeerd of ontbreekt hier iets, dan is dat nooit aan ons te verwijten en is dat het probleem van de klant.<\/p>\r\n\r\n\r\n\r\n<p><strong>12. Sk\u0142adaj\u0105c zam\u00f3wienie w naszym sklepie internetowym wyra\u017casz zgod\u0119 na poni\u017cszy regulamin.<\/strong><\/p>\r\n\r\n\r\n\r\n<p><br \/>12.1 W przypadku wszystkich produkt\u00f3w musisz mie\u0107 uko\u0144czone 18 lat, w\u0142\u0105czaj\u0105c te produkty do swojego zam\u00f3wienia, potwierdzasz, \u017ce osi\u0105gn\u0105\u0142e\u015b ju\u017c minimalny wiek 18 lat. W razie w\u0105tpliwo\u015bci mo\u017cna poprosi\u0107 o kopi\u0119 dowodu to\u017csamo\u015bci.<\/p>\r\n\r\n\r\n\r\n<p>12.2 Zakup produkt\u00f3w za po\u015brednictwem tej strony internetowej odbywa si\u0119 wy\u0142\u0105cznie na w\u0142asne ryzyko. Nie ponosimy odpowiedzialno\u015bci za szkody powsta\u0142e w wyniku u\u017cytkowania dostarczonych produkt\u00f3w.<\/p>\r\n\r\n\r\n\r\n<p>12.3 Uwa\u017cnie przeczyta\u0142e\u015b i zrozumia\u0142e\u015b stron\u0119 informacyjn\u0105 dotycz\u0105c\u0105 produktu. Post\u0119puj zgodnie ze wszystkimi wskaz\u00f3wkami dotycz\u0105cymi produkt\u00f3w na naszej stronie internetowej i przestrzegaj wszystkich ostrze\u017ce\u0144.<\/p>\r\n\r\n\r\n\r\n<p>12.4 Ponosisz osobist\u0105 odpowiedzialno\u015b\u0107 za dba\u0142o\u015b\u0107 o zam\u00f3wione produkty. Przechowuj je w bezpiecznym miejscu, niedost\u0119pnym dla dzieci, zwierz\u0105t domowych i os\u00f3b o obni\u017conej ocenie, chyba \u017ce produkt jest przeznaczony dla ww. grup docelowych.<\/p>\r\n\r\n\r\n\r\n<p>12.5 Wszystkie nasze produkty zdecydowanie nie s\u0105 przeznaczone do spo\u017cycia przez ludzi i powinny by\u0107 zawsze przechowywane w miejscu niedost\u0119pnym dla dzieci i zwierz\u0105t oraz os\u00f3b mniej odpowiedzialnych.<\/p>\r\n\r\n\r\n\r\n<p>12.6 Al onze producten worden uitsluitend verkocht voor\u00a0RESEARCH DOELEINDEN. Wij zijn dan ook niet aansprakelijk bij gebruik voor andere doeleinden dan voorgenoemde.<\/p>\r\n\r\n\r\n\r\n<p>12.7 Ka\u017cdy, kto kupuje w naszym sklepie internetowym, musi mie\u0107 uko\u0144czone 18 lat. W razie w\u0105tpliwo\u015bci mo\u017cemy anulowa\u0107 zam\u00f3wienie lub poprosi\u0107 o dane identyfikacyjne.<\/p>\r\n\r\n\r\n\r\n<p>12.8 Wij zijn nooit aansprakelijk voor gevolgen die voortvloeien uit ander gebruik dan hierboven is genoemd. Bij research gaan wij er derhalve van uit dat u over voldoende kennis beschikt om dit te\u00a0doen.<\/p>\r\n\r\n\r\n\r\n<p>12.9 Je\u015bli zam\u00f3wienie zostanie anulowane z jakiegokolwiek powodu, po zwr\u00f3ceniu kwoty zam\u00f3wienia zostan\u0105 naliczone koszty administracyjne w wysoko\u015bci 15 \u20ac.<\/p>\r\n\r\n\r\n\r\n<p><strong>13. Zakaz 3-MMC i 3-CMC<\/strong><\/p>\r\n\r\n\r\n\r\n<p>13.1 3-MMC i 3-cmc s\u0105 produktami nielegalnymi i nie mo\u017cna ich tutaj zam\u00f3wi\u0107 ani kupi\u0107. Je\u015bli zam\u00f3wiono jeden z tych produkt\u00f3w, zostanie wys\u0142any 2-MMC.<\/p>","protected":false},"excerpt":{"rendered":"<p>Artikel 1. Toepasselijkheid 1.1 Op alle aanbiedingen, bestellingen en overeenkomsten van onze webshop www.app16847.cloudwayssites.com Nederland, zijn deze\u00a0Algemene Voorwaarden van toepassing. 1.2 Het accepteren van een aanbieding dan wel het doen van een bestelling houdt in dat u de toepasselijkheid van deze voorwaarden aanvaardt. 1.3 Van het in deze Voorwaarden bepaalde kan slechts schriftelijk worden afgeweken, [&hellip;]<\/p>\n","protected":false},"author":199606847,"featured_media":0,"parent":0,"menu_order":0,"comment_status":"closed","ping_status":"closed","template":"","meta":{"site-sidebar-layout":"default","site-content-layout":"","ast-site-content-layout":"default","site-content-style":"default","site-sidebar-style":"default","ast-global-header-display":"","ast-banner-title-visibility":"","ast-main-header-display":"","ast-hfb-above-header-display":"","ast-hfb-below-header-display":"","ast-hfb-mobile-header-display":"","site-post-title":"","ast-breadcrumbs-content":"","ast-featured-img":"","footer-sml-layout":"","theme-transparent-header-meta":"default","adv-header-id-meta":"","stick-header-meta":"","header-above-stick-meta":"","header-main-stick-meta":"","header-below-stick-meta":"","astra-migrate-meta-layouts":"set","ast-page-background-enabled":"default","ast-page-background-meta":{"desktop":{"background-color":"","background-image":"","background-repeat":"repeat","background-position":"center center","background-size":"auto","background-attachment":"scroll","background-type":"","background-media":"","overlay-type":"","overlay-color":"","overlay-opacity":"","overlay-gradient":""},"tablet":{"background-color":"","background-image":"","background-repeat":"repeat","background-position":"center center","background-size":"auto","background-attachment":"scroll","background-type":"","background-media":"","overlay-type":"","overlay-color":"","overlay-opacity":"","overlay-gradient":""},"mobile":{"background-color":"","background-image":"","background-repeat":"repeat","background-position":"center center","background-size":"auto","background-attachment":"scroll","background-type":"","background-media":"","overlay-type":"","overlay-color":"","overlay-opacity":"","overlay-gradient":""}},"ast-content-background-meta":{"desktop":{"background-color":"var(--ast-global-color-5)","background-image":"","background-repeat":"repeat","background-position":"center center","background-size":"auto","background-attachment":"scroll","background-type":"","background-media":"","overlay-type":"","overlay-color":"","overlay-opacity":"","overlay-gradient":""},"tablet":{"background-color":"var(--ast-global-color-5)","background-image":"","background-repeat":"repeat","background-position":"center center","background-size":"auto","background-attachment":"scroll","background-type":"","background-media":"","overlay-type":"","overlay-color":"","overlay-opacity":"","overlay-gradient":""},"mobile":{"background-color":"var(--ast-global-color-5)","background-image":"","background-repeat":"repeat","background-position":"center center","background-size":"auto","background-attachment":"scroll","background-type":"","background-media":"","overlay-type":"","overlay-color":"","overlay-opacity":"","overlay-gradient":""}},"footnotes":""},"class_list":["post-223","page","type-page","status-publish","hentry"],"yoast_head":"<!-- This site is optimized with the Yoast SEO plugin v27.3 - https:\/\/yoast.com\/product\/yoast-seo-wordpress\/ -->\n<title>Algemene Voorwaarden Lezen | 3-mmckopen.nl<\/title>\n<meta name=\"description\" content=\"Lees onze algemene voorwaarden. Duidelijke afspraken over levering en service. Transparant en eerlijk. Voor 17:00 besteld = vandaag verzonden!\" \/>\n<meta name=\"robots\" content=\"index, follow, max-snippet:-1, max-image-preview:large, max-video-preview:-1\" \/>\n<link rel=\"canonical\" href=\"https:\/\/3-mmckopen.nl\/pl\/algemene-voorwaarden\/\" \/>\n<meta property=\"og:locale\" content=\"pl_PL\" \/>\n<meta property=\"og:type\" content=\"article\" \/>\n<meta property=\"og:title\" content=\"Algemene Voorwaarden Lezen | 3-mmckopen.nl\" \/>\n<meta property=\"og:description\" content=\"Lees onze algemene voorwaarden. Duidelijke afspraken over levering en service. Transparant en eerlijk. Voor 17:00 besteld = vandaag verzonden!\" \/>\n<meta property=\"og:url\" content=\"https:\/\/3-mmckopen.nl\/pl\/algemene-voorwaarden\/\" \/>\n<meta property=\"og:site_name\" content=\"3MMC kopen\" \/>\n<meta property=\"article:modified_time\" content=\"2025-12-04T14:24:53+00:00\" \/>\n<meta property=\"og:image\" content=\"https:\/\/3-mmckopen.nl\/wp-content\/uploads\/2024\/03\/3mmckopennl.webp\" \/>\n\t<meta property=\"og:image:width\" content=\"300\" \/>\n\t<meta property=\"og:image:height\" content=\"118\" \/>\n\t<meta property=\"og:image:type\" content=\"image\/webp\" \/>\n<meta name=\"twitter:card\" content=\"summary_large_image\" \/>\n<meta name=\"twitter:label1\" content=\"Szacowany czas czytania\" \/>\n\t<meta name=\"twitter:data1\" content=\"8 minut\" \/>\n<script type=\"application\/ld+json\" class=\"yoast-schema-graph\">{\"@context\":\"https:\\\/\\\/schema.org\",\"@graph\":[{\"@type\":\"WebPage\",\"@id\":\"https:\\\/\\\/3-mmckopen.nl\\\/algemene-voorwaarden\\\/\",\"url\":\"https:\\\/\\\/3-mmckopen.nl\\\/algemene-voorwaarden\\\/\",\"name\":\"Algemene Voorwaarden Lezen | 3-mmckopen.nl\",\"isPartOf\":{\"@id\":\"https:\\\/\\\/3-mmckopen.nl\\\/#website\"},\"datePublished\":\"2021-01-09T16:36:02+00:00\",\"dateModified\":\"2025-12-04T14:24:53+00:00\",\"description\":\"Lees onze algemene voorwaarden. Duidelijke afspraken over levering en service. Transparant en eerlijk. Voor 17:00 besteld = vandaag verzonden!\",\"breadcrumb\":{\"@id\":\"https:\\\/\\\/3-mmckopen.nl\\\/algemene-voorwaarden\\\/#breadcrumb\"},\"inLanguage\":\"pl-PL\",\"potentialAction\":[{\"@type\":\"ReadAction\",\"target\":[\"https:\\\/\\\/3-mmckopen.nl\\\/algemene-voorwaarden\\\/\"]}]},{\"@type\":\"BreadcrumbList\",\"@id\":\"https:\\\/\\\/3-mmckopen.nl\\\/algemene-voorwaarden\\\/#breadcrumb\",\"itemListElement\":[{\"@type\":\"ListItem\",\"position\":1,\"name\":\"Home\",\"item\":\"https:\\\/\\\/3-mmckopen.nl\\\/\"},{\"@type\":\"ListItem\",\"position\":2,\"name\":\"Algemene voorwaarden\"}]},{\"@type\":\"WebSite\",\"@id\":\"https:\\\/\\\/3-mmckopen.nl\\\/#website\",\"url\":\"https:\\\/\\\/3-mmckopen.nl\\\/\",\"name\":\"3MMC kopen\",\"description\":\"VOOR ALLE THUIS CHEMISI EN ONDERZOEKERS ONDER ONS\",\"publisher\":{\"@id\":\"https:\\\/\\\/3-mmckopen.nl\\\/#organization\"},\"potentialAction\":[{\"@type\":\"SearchAction\",\"target\":{\"@type\":\"EntryPoint\",\"urlTemplate\":\"https:\\\/\\\/3-mmckopen.nl\\\/?s={search_term_string}\"},\"query-input\":{\"@type\":\"PropertyValueSpecification\",\"valueRequired\":true,\"valueName\":\"search_term_string\"}}],\"inLanguage\":\"pl-PL\"},{\"@type\":\"Organization\",\"@id\":\"https:\\\/\\\/3-mmckopen.nl\\\/#organization\",\"name\":\"3mmc kopen\",\"url\":\"https:\\\/\\\/3-mmckopen.nl\\\/\",\"logo\":{\"@type\":\"ImageObject\",\"inLanguage\":\"pl-PL\",\"@id\":\"https:\\\/\\\/3-mmckopen.nl\\\/#\\\/schema\\\/logo\\\/image\\\/\",\"url\":\"https:\\\/\\\/3-mmckopen.nl\\\/wp-content\\\/uploads\\\/2024\\\/03\\\/3mmckopennl.webp\",\"contentUrl\":\"https:\\\/\\\/3-mmckopen.nl\\\/wp-content\\\/uploads\\\/2024\\\/03\\\/3mmckopennl.webp\",\"width\":300,\"height\":118,\"caption\":\"3mmc kopen\"},\"image\":{\"@id\":\"https:\\\/\\\/3-mmckopen.nl\\\/#\\\/schema\\\/logo\\\/image\\\/\"},\"sameAs\":[\"https:\\\/\\\/www.instagram.com\\\/dehuisprofessor\\\/\",\"https:\\\/\\\/nl.pinterest.com\\\/dehuisprofessor\\\/\",\"https:\\\/\\\/www.youtube.com\\\/channel\\\/UCsGzCVJiHsWLILEEHDzCNqA\"]}]}<\/script>\n<!-- \/ Yoast SEO plugin. -->","yoast_head_json":{"title":"Algemene Voorwaarden Lezen | 3-mmckopen.nl","description":"Lees onze algemene voorwaarden. Duidelijke afspraken over levering en service. Transparant en eerlijk. Voor 17:00 besteld = vandaag verzonden!","robots":{"index":"index","follow":"follow","max-snippet":"max-snippet:-1","max-image-preview":"max-image-preview:large","max-video-preview":"max-video-preview:-1"},"canonical":"https:\/\/3-mmckopen.nl\/pl\/algemene-voorwaarden\/","og_locale":"pl_PL","og_type":"article","og_title":"Algemene Voorwaarden Lezen | 3-mmckopen.nl","og_description":"Lees onze algemene voorwaarden. Duidelijke afspraken over levering en service. Transparant en eerlijk. Voor 17:00 besteld = vandaag verzonden!","og_url":"https:\/\/3-mmckopen.nl\/pl\/algemene-voorwaarden\/","og_site_name":"3MMC kopen","article_modified_time":"2025-12-04T14:24:53+00:00","og_image":[{"width":300,"height":118,"url":"https:\/\/3-mmckopen.nl\/wp-content\/uploads\/2024\/03\/3mmckopennl.webp","type":"image\/webp"}],"twitter_card":"summary_large_image","twitter_misc":{"Szacowany czas czytania":"8 minut"},"schema":{"@context":"https:\/\/schema.org","@graph":[{"@type":"WebPage","@id":"https:\/\/3-mmckopen.nl\/algemene-voorwaarden\/","url":"https:\/\/3-mmckopen.nl\/algemene-voorwaarden\/","name":"Algemene Voorwaarden Lezen | 3-mmckopen.nl","isPartOf":{"@id":"https:\/\/3-mmckopen.nl\/#website"},"datePublished":"2021-01-09T16:36:02+00:00","dateModified":"2025-12-04T14:24:53+00:00","description":"Lees onze algemene voorwaarden. Duidelijke afspraken over levering en service. Transparant en eerlijk. Voor 17:00 besteld = vandaag verzonden!","breadcrumb":{"@id":"https:\/\/3-mmckopen.nl\/algemene-voorwaarden\/#breadcrumb"},"inLanguage":"pl-PL","potentialAction":[{"@type":"ReadAction","target":["https:\/\/3-mmckopen.nl\/algemene-voorwaarden\/"]}]},{"@type":"BreadcrumbList","@id":"https:\/\/3-mmckopen.nl\/algemene-voorwaarden\/#breadcrumb","itemListElement":[{"@type":"ListItem","position":1,"name":"Home","item":"https:\/\/3-mmckopen.nl\/"},{"@type":"ListItem","position":2,"name":"Algemene voorwaarden"}]},{"@type":"WebSite","@id":"https:\/\/3-mmckopen.nl\/#website","url":"https:\/\/3-mmckopen.nl\/","name":"kup 3MMC","description":"DLA WSZYSTKICH DOMOWYCH CHEMIKALI I NAUKOWC\u00d3W W\u015aR\u00d3D NAS","publisher":{"@id":"https:\/\/3-mmckopen.nl\/#organization"},"potentialAction":[{"@type":"SearchAction","target":{"@type":"EntryPoint","urlTemplate":"https:\/\/3-mmckopen.nl\/?s={search_term_string}"},"query-input":{"@type":"PropertyValueSpecification","valueRequired":true,"valueName":"search_term_string"}}],"inLanguage":"pl-PL"},{"@type":"Organization","@id":"https:\/\/3-mmckopen.nl\/#organization","name":"3mmc kopen","url":"https:\/\/3-mmckopen.nl\/","logo":{"@type":"ImageObject","inLanguage":"pl-PL","@id":"https:\/\/3-mmckopen.nl\/#\/schema\/logo\/image\/","url":"https:\/\/3-mmckopen.nl\/wp-content\/uploads\/2024\/03\/3mmckopennl.webp","contentUrl":"https:\/\/3-mmckopen.nl\/wp-content\/uploads\/2024\/03\/3mmckopennl.webp","width":300,"height":118,"caption":"3mmc kopen"},"image":{"@id":"https:\/\/3-mmckopen.nl\/#\/schema\/logo\/image\/"},"sameAs":["https:\/\/www.instagram.com\/dehuisprofessor\/","https:\/\/nl.pinterest.com\/dehuisprofessor\/","https:\/\/www.youtube.com\/channel\/UCsGzCVJiHsWLILEEHDzCNqA"]}]}},"_links":{"self":[{"href":"https:\/\/3-mmckopen.nl\/pl\/wp-json\/wp\/v2\/pages\/223","targetHints":{"allow":["GET"]}}],"collection":[{"href":"https:\/\/3-mmckopen.nl\/pl\/wp-json\/wp\/v2\/pages"}],"about":[{"href":"https:\/\/3-mmckopen.nl\/pl\/wp-json\/wp\/v2\/types\/page"}],"author":[{"embeddable":true,"href":"https:\/\/3-mmckopen.nl\/pl\/wp-json\/wp\/v2\/users\/199606847"}],"replies":[{"embeddable":true,"href":"https:\/\/3-mmckopen.nl\/pl\/wp-json\/wp\/v2\/comments?post=223"}],"version-history":[{"count":1,"href":"https:\/\/3-mmckopen.nl\/pl\/wp-json\/wp\/v2\/pages\/223\/revisions"}],"predecessor-version":[{"id":79024,"href":"https:\/\/3-mmckopen.nl\/pl\/wp-json\/wp\/v2\/pages\/223\/revisions\/79024"}],"wp:attachment":[{"href":"https:\/\/3-mmckopen.nl\/pl\/wp-json\/wp\/v2\/media?parent=223"}],"curies":[{"name":"wp","href":"https:\/\/api.w.org\/{rel}","templated":true}]}}