{"id":232,"date":"2021-01-09T18:56:00","date_gmt":"2021-01-09T17:56:00","guid":{"rendered":"https:\/\/3-mmckopen.nl\/?page_id=232"},"modified":"2025-12-04T15:31:44","modified_gmt":"2025-12-04T14:31:44","slug":"over-3mmc-kopen","status":"publish","type":"page","link":"https:\/\/3-mmckopen.nl\/pl\/over-3mmc-kopen\/","title":{"rendered":"Oko\u0142o 3MMC"},"content":{"rendered":"<h3 class=\"wp-block-heading\" id=\"h-wat-is-3mmc\"><strong>Co to jest 3MMC?<\/strong><\/h3>\r\n\r\n\r\n\r\n<p class=\"has-small-font-size\"><strong>3MMC (zwany tak\u017ce \u201ePoes\u201d lub \u201e3m\u201d) jest zwykle sprzedawany jako krystaliczny bia\u0142y proszek. Wreszcie, 3MMC istnieje od 2012 roku<\/strong> ju\u017c na rynku. Jest to bardzo kr\u00f3tkie i dlatego jest r\u00f3wnie\u017c nazywane NPS. Z drugiej strony o tym NPS jest <strong>bardzo ma\u0142o znany. Cz\u0119sto jest jeszcze<\/strong> <strong>przeprowadzono niewiele lub nie przeprowadzono \u017cadnych bada\u0144. Tak wi\u0119c wiedza na temat 3MMC jest r\u00f3wnie\u017c niewielka.<\/strong><\/p>\r\n\r\n\r\n\r\n<p class=\"has-small-font-size\">3MMC lijkt erg op zijn grote broer\u00a04-MMC\u00a0(\u2018Mephedrone\u2019 of \u2018Miauw\u2019). Dat wil niet zeggen dat de effecten en risico\u2019s hetzelfde zijn. In 2012 werd 4-MMC verboden en werd 3MMC als alternatief verkocht.\u00a0<\/p>\r\n\r\n\r\n\r\n<h3 class=\"wp-block-heading\" id=\"block-af3ebca5-0170-4ed6-b3f0-045ae9e6b74b\"><strong>Ile os\u00f3b korzysta z 3MMC w Holandii?<\/strong><\/h3>\r\n\r\n\r\n\r\n<p class=\"has-small-font-size\">Er is (nog) niet onderzocht hoeveel mensen in Nederland 3-MMC gebruiken. Wel zijn er tekens dat het gebruik stijgt en er vaker\u00a0vergiftigingen\u00a0voorkomen. Het is opvallend dat de signalen van stijgend gebruik veel uit dezelfde regio\u2019s komen. Dit doet vermoeden dat gebruik minder verspreid is door Nederland en dat gebruikers vaak uit dezelfde plaatsen komen.<\/p>\r\n\r\n\r\n\r\n<p class=\"has-small-font-size\">Uit\u00a0Het Grote Uitgaansonderzoek 2020\u00a0blijkt dat er duidelijke tekenen zijn voor een stijging in het gebruik van 3MMC. In 2020 gaf 8,9% van de onderzochte uitgaanders aan in het afgelopen jaar wel eens 3-MMC gebruikt te hebben. Het gebruik ooit in het leven (11%) lag daar dicht bij, wat een aanwijzing is dat de meeste gebruikers pas geleden voor het eerst 3MMC hebben gebruikt. Informatie uit andere Trimbos-onderzoeken wijst ook voorzichtig op een stijging in het gebruik van 3MMC.<\/p>\r\n\r\n\r\n\r\n<h3 class=\"wp-block-heading\" id=\"block-af3ebca5-0170-4ed6-b3f0-045ae9e6b74b\"><strong>Dzia\u0142anie 3MMC<\/strong><\/h3>\r\n\r\n\r\n\r\n<p class=\"has-small-font-size\">De effecten van kunnen wat lijken op die van\u00a0MDMA\u00a0en\u00a0coca\u00efne. Gebruikers voelen zich alert, blij en voelen vervolgens geen vermoeidheid. Ze hebben vaak behoefte om contact te maken met anderen. Ook ervaren ze ten slotte meer zelfvertrouwen en soms meer zin in seks.<\/p>\r\n\r\n\r\n\r\n<h3 class=\"wp-block-heading\" id=\"block-af3ebca5-0170-4ed6-b3f0-045ae9e6b74b\"><strong>Ryzyko zwi\u0105zane z 3MMC<\/strong><\/h3>\r\n\r\n\r\n\r\n<p class=\"has-small-font-size\">Nie przeprowadzono jeszcze \u017cadnych bada\u0144 dotycz\u0105cych ryzyka zwi\u0105zanego z 3MMC u ludzi. Ale jasne jest, \u017ce wysokie dawki i stosowanie w po\u0142\u0105czeniu z innymi narkotykami lub alkoholem zwi\u0119kszaj\u0105 ryzyko. U\u017cytkownicy tego leku s\u0105 zatem swoimi w\u0142asnymi \u015bwinkami do\u015bwiadczalnymi.<\/p>\r\n\r\n\r\n\r\n<p class=\"has-small-font-size\">Niekt\u00f3rzy u\u017cytkownicy wskazuj\u0105 r\u00f3wnie\u017c, \u017ce stosowanie mo\u017ce powodowa\u0107 ci\u0119\u017ckiego kaca: uczucie zm\u0119czenia z powodu braku snu i niewystarczaj\u0105cego jedzenia \/ braku jedzenia.\u00a0\u00a0<\/p>\r\n\r\n\r\n\r\n<h3 class=\"wp-block-heading\" id=\"block-af3ebca5-0170-4ed6-b3f0-045ae9e6b74b\"><strong>Uzale\u017cnienie<\/strong><\/h3>\r\n\r\n\r\n\r\n<p class=\"has-small-font-size\">W ko\u0144cu od 3-MMC mo\u017cna si\u0119 uzale\u017cni\u0107. Podejrzewa si\u0119, \u017ce 3MMC uzale\u017cnia bardziej ni\u017c inne narkotyki. Dzieje si\u0119 tak prawdopodobnie dlatego, \u017ce u\u017cytkownicy do\u015bwiadczaj\u0105 silnego \u201epragnienia\u201d podczas u\u017cywania. Pragnienie to silna potrzeba u\u017cycia lub u\u017cycia wi\u0119cej.\u00a0<\/p>\r\n\r\n\r\n\r\n<h3 class=\"wp-block-heading\" id=\"block-af3ebca5-0170-4ed6-b3f0-045ae9e6b74b\"><strong>Ustawodawstwo<\/strong><\/h3>\r\n\r\n\r\n\r\n<p class=\"has-small-font-size\">W tej chwili 3-MMC nie jest jeszcze zbanowane. Obecnie 3MMC podlega ustawie o towarach. Rz\u0105d pracuje jednak nad ustaw\u0105, kt\u00f3ra od razu zablokuje grupy NPS. 3-MMC i wiele innych NPS zosta\u0142oby przez to zbanowane.<\/p>\r\n\r\n\r\n\r\n<p class=\"has-small-font-size\">Dostarczone informacje nie maj\u0105 zatem charakteru porady i dlatego nie mog\u0105 by\u0107 oceniane jako takie. Jednak 3MMC nie nadaje si\u0119 do spo\u017cycia przez ludzi i dlatego 3-MMC mo\u017ce by\u0107 u\u017cywany wy\u0142\u0105cznie do cel\u00f3w badawczych.<\/p>\r\n\r\n\r\n\r\n<div class=\"wp-block-buttons is-layout-flex wp-block-buttons-is-layout-flex\">\r\n<div class=\"wp-block-button\"><a class=\"wp-block-button__link\" href=\"https:\/\/3-mmckopen.nl\/pl\/winkel\/\">Przejd\u017a do naszego sklepu internetowego<\/a><\/div>\r\n<\/div>\r\n\r\n\r\n\r\n<div class=\"wp-block-buttons is-layout-flex wp-block-buttons-is-layout-flex\">\r\n<div class=\"wp-block-button\"><a class=\"wp-block-button__link\" href=\"https:\/\/3-mmckopen.nl\/pl\/\">Id\u017a na nasz\u0105 stron\u0119 startow\u0105<\/a><\/div>\r\n<\/div>\r\n\r\n\r\n\r\n<p>&nbsp;<\/p>","protected":false},"excerpt":{"rendered":"<p>Wat is 3MMC? 3MMC (ook wel \u2018Poes\u2019 of \u20183m\u2019 genoemd) wordt meestal verkocht als kristalachtig wit poeder. 3MMC is ten slotte is sinds 2012 al op de markt. Dit is erg kort en wordt daarom ook wel een\u00a0NPS genoemd. Over deze NPS is daarentegen erg weinig bekend. Vaak is er toch nog geen of amper [&hellip;]<\/p>\n","protected":false},"author":199606847,"featured_media":0,"parent":0,"menu_order":0,"comment_status":"closed","ping_status":"closed","template":"","meta":{"site-sidebar-layout":"default","site-content-layout":"default","ast-site-content-layout":"default","site-content-style":"default","site-sidebar-style":"default","ast-global-header-display":"","ast-banner-title-visibility":"","ast-main-header-display":"","ast-hfb-above-header-display":"","ast-hfb-below-header-display":"","ast-hfb-mobile-header-display":"","site-post-title":"","ast-breadcrumbs-content":"","ast-featured-img":"","footer-sml-layout":"","theme-transparent-header-meta":"default","adv-header-id-meta":"","stick-header-meta":"default","header-above-stick-meta":"","header-main-stick-meta":"","header-below-stick-meta":"","astra-migrate-meta-layouts":"set","ast-page-background-enabled":"default","ast-page-background-meta":{"desktop":{"background-color":"","background-image":"","background-repeat":"repeat","background-position":"center center","background-size":"auto","background-attachment":"scroll","background-type":"","background-media":"","overlay-type":"","overlay-color":"","overlay-opacity":"","overlay-gradient":""},"tablet":{"background-color":"","background-image":"","background-repeat":"repeat","background-position":"center center","background-size":"auto","background-attachment":"scroll","background-type":"","background-media":"","overlay-type":"","overlay-color":"","overlay-opacity":"","overlay-gradient":""},"mobile":{"background-color":"","background-image":"","background-repeat":"repeat","background-position":"center center","background-size":"auto","background-attachment":"scroll","background-type":"","background-media":"","overlay-type":"","overlay-color":"","overlay-opacity":"","overlay-gradient":""}},"ast-content-background-meta":{"desktop":{"background-color":"var(--ast-global-color-5)","background-image":"","background-repeat":"repeat","background-position":"center center","background-size":"auto","background-attachment":"scroll","background-type":"","background-media":"","overlay-type":"","overlay-color":"","overlay-opacity":"","overlay-gradient":""},"tablet":{"background-color":"var(--ast-global-color-5)","background-image":"","background-repeat":"repeat","background-position":"center center","background-size":"auto","background-attachment":"scroll","background-type":"","background-media":"","overlay-type":"","overlay-color":"","overlay-opacity":"","overlay-gradient":""},"mobile":{"background-color":"var(--ast-global-color-5)","background-image":"","background-repeat":"repeat","background-position":"center center","background-size":"auto","background-attachment":"scroll","background-type":"","background-media":"","overlay-type":"","overlay-color":"","overlay-opacity":"","overlay-gradient":""}},"footnotes":""},"class_list":["post-232","page","type-page","status-publish","hentry"],"yoast_head":"<!-- This site is optimized with the Yoast SEO plugin v27.4 - https:\/\/yoast.com\/product\/yoast-seo-wordpress\/ -->\n<title>Over Ons: Alles over 3-MMC | 3-mmckopen.nl<\/title>\n<meta name=\"description\" content=\"Over 3-MMC Kopen. Wie zijn wij? Jouw betrouwbare partner voor Research Chemicals. Altijd Topkwaliteit. Discreet &amp; Anoniem verzonden. Lees meer\" \/>\n<meta name=\"robots\" content=\"index, follow, max-snippet:-1, max-image-preview:large, max-video-preview:-1\" \/>\n<link rel=\"canonical\" href=\"https:\/\/3-mmckopen.nl\/pl\/over-3mmc-kopen\/\" \/>\n<meta property=\"og:locale\" content=\"pl_PL\" \/>\n<meta property=\"og:type\" content=\"article\" \/>\n<meta property=\"og:title\" content=\"Over Ons: Alles over 3-MMC | 3-mmckopen.nl\" \/>\n<meta property=\"og:description\" content=\"Over 3-MMC Kopen. Wie zijn wij? Jouw betrouwbare partner voor Research Chemicals. Altijd Topkwaliteit. Discreet &amp; Anoniem verzonden. Lees meer\" \/>\n<meta property=\"og:url\" content=\"https:\/\/3-mmckopen.nl\/pl\/over-3mmc-kopen\/\" \/>\n<meta property=\"og:site_name\" content=\"3MMC kopen\" \/>\n<meta property=\"article:modified_time\" content=\"2025-12-04T14:31:44+00:00\" \/>\n<meta property=\"og:image\" content=\"https:\/\/3-mmckopen.nl\/wp-content\/uploads\/2024\/03\/3mmckopennl.webp\" \/>\n\t<meta property=\"og:image:width\" content=\"300\" \/>\n\t<meta property=\"og:image:height\" content=\"118\" \/>\n\t<meta property=\"og:image:type\" content=\"image\/webp\" \/>\n<meta name=\"twitter:card\" content=\"summary_large_image\" \/>\n<meta name=\"twitter:label1\" content=\"Szacowany czas czytania\" \/>\n\t<meta name=\"twitter:data1\" content=\"3 minuty\" \/>\n<script type=\"application\/ld+json\" class=\"yoast-schema-graph\">{\"@context\":\"https:\\\/\\\/schema.org\",\"@graph\":[{\"@type\":[\"WebPage\",\"AboutPage\"],\"@id\":\"https:\\\/\\\/3-mmckopen.nl\\\/over-3mmc-kopen\\\/\",\"url\":\"https:\\\/\\\/3-mmckopen.nl\\\/over-3mmc-kopen\\\/\",\"name\":\"Over Ons: Alles over 3-MMC | 3-mmckopen.nl\",\"isPartOf\":{\"@id\":\"https:\\\/\\\/3-mmckopen.nl\\\/#website\"},\"datePublished\":\"2021-01-09T17:56:00+00:00\",\"dateModified\":\"2025-12-04T14:31:44+00:00\",\"description\":\"Over 3-MMC Kopen. Wie zijn wij? Jouw betrouwbare partner voor Research Chemicals. Altijd Topkwaliteit. Discreet & Anoniem verzonden. Lees meer\",\"breadcrumb\":{\"@id\":\"https:\\\/\\\/3-mmckopen.nl\\\/over-3mmc-kopen\\\/#breadcrumb\"},\"inLanguage\":\"pl-PL\",\"potentialAction\":[{\"@type\":\"ReadAction\",\"target\":[\"https:\\\/\\\/3-mmckopen.nl\\\/over-3mmc-kopen\\\/\"]}]},{\"@type\":\"BreadcrumbList\",\"@id\":\"https:\\\/\\\/3-mmckopen.nl\\\/over-3mmc-kopen\\\/#breadcrumb\",\"itemListElement\":[{\"@type\":\"ListItem\",\"position\":1,\"name\":\"Home\",\"item\":\"https:\\\/\\\/3-mmckopen.nl\\\/\"},{\"@type\":\"ListItem\",\"position\":2,\"name\":\"Over 3MMC\"}]},{\"@type\":\"WebSite\",\"@id\":\"https:\\\/\\\/3-mmckopen.nl\\\/#website\",\"url\":\"https:\\\/\\\/3-mmckopen.nl\\\/\",\"name\":\"3MMC kopen\",\"description\":\"VOOR ALLE THUIS CHEMISI EN ONDERZOEKERS ONDER ONS\",\"publisher\":{\"@id\":\"https:\\\/\\\/3-mmckopen.nl\\\/#organization\"},\"potentialAction\":[{\"@type\":\"SearchAction\",\"target\":{\"@type\":\"EntryPoint\",\"urlTemplate\":\"https:\\\/\\\/3-mmckopen.nl\\\/?s={search_term_string}\"},\"query-input\":{\"@type\":\"PropertyValueSpecification\",\"valueRequired\":true,\"valueName\":\"search_term_string\"}}],\"inLanguage\":\"pl-PL\"},{\"@type\":\"Organization\",\"@id\":\"https:\\\/\\\/3-mmckopen.nl\\\/#organization\",\"name\":\"3mmc kopen\",\"url\":\"https:\\\/\\\/3-mmckopen.nl\\\/\",\"logo\":{\"@type\":\"ImageObject\",\"inLanguage\":\"pl-PL\",\"@id\":\"https:\\\/\\\/3-mmckopen.nl\\\/#\\\/schema\\\/logo\\\/image\\\/\",\"url\":\"https:\\\/\\\/3-mmckopen.nl\\\/wp-content\\\/uploads\\\/2024\\\/03\\\/3mmckopennl.webp\",\"contentUrl\":\"https:\\\/\\\/3-mmckopen.nl\\\/wp-content\\\/uploads\\\/2024\\\/03\\\/3mmckopennl.webp\",\"width\":300,\"height\":118,\"caption\":\"3mmc kopen\"},\"image\":{\"@id\":\"https:\\\/\\\/3-mmckopen.nl\\\/#\\\/schema\\\/logo\\\/image\\\/\"},\"sameAs\":[\"https:\\\/\\\/www.instagram.com\\\/dehuisprofessor\\\/\",\"https:\\\/\\\/nl.pinterest.com\\\/dehuisprofessor\\\/\",\"https:\\\/\\\/www.youtube.com\\\/channel\\\/UCsGzCVJiHsWLILEEHDzCNqA\"]}]}<\/script>\n<!-- \/ Yoast SEO plugin. -->","yoast_head_json":{"title":"Over Ons: Alles over 3-MMC | 3-mmckopen.nl","description":"Over 3-MMC Kopen. Wie zijn wij? Jouw betrouwbare partner voor Research Chemicals. Altijd Topkwaliteit. Discreet & Anoniem verzonden. Lees meer","robots":{"index":"index","follow":"follow","max-snippet":"max-snippet:-1","max-image-preview":"max-image-preview:large","max-video-preview":"max-video-preview:-1"},"canonical":"https:\/\/3-mmckopen.nl\/pl\/over-3mmc-kopen\/","og_locale":"pl_PL","og_type":"article","og_title":"Over Ons: Alles over 3-MMC | 3-mmckopen.nl","og_description":"Over 3-MMC Kopen. Wie zijn wij? Jouw betrouwbare partner voor Research Chemicals. Altijd Topkwaliteit. Discreet & Anoniem verzonden. Lees meer","og_url":"https:\/\/3-mmckopen.nl\/pl\/over-3mmc-kopen\/","og_site_name":"3MMC kopen","article_modified_time":"2025-12-04T14:31:44+00:00","og_image":[{"width":300,"height":118,"url":"https:\/\/3-mmckopen.nl\/wp-content\/uploads\/2024\/03\/3mmckopennl.webp","type":"image\/webp"}],"twitter_card":"summary_large_image","twitter_misc":{"Szacowany czas czytania":"3 minuty"},"schema":{"@context":"https:\/\/schema.org","@graph":[{"@type":["WebPage","AboutPage"],"@id":"https:\/\/3-mmckopen.nl\/over-3mmc-kopen\/","url":"https:\/\/3-mmckopen.nl\/over-3mmc-kopen\/","name":"Over Ons: Alles over 3-MMC | 3-mmckopen.nl","isPartOf":{"@id":"https:\/\/3-mmckopen.nl\/#website"},"datePublished":"2021-01-09T17:56:00+00:00","dateModified":"2025-12-04T14:31:44+00:00","description":"Over 3-MMC Kopen. Wie zijn wij? Jouw betrouwbare partner voor Research Chemicals. Altijd Topkwaliteit. Discreet & Anoniem verzonden. Lees meer","breadcrumb":{"@id":"https:\/\/3-mmckopen.nl\/over-3mmc-kopen\/#breadcrumb"},"inLanguage":"pl-PL","potentialAction":[{"@type":"ReadAction","target":["https:\/\/3-mmckopen.nl\/over-3mmc-kopen\/"]}]},{"@type":"BreadcrumbList","@id":"https:\/\/3-mmckopen.nl\/over-3mmc-kopen\/#breadcrumb","itemListElement":[{"@type":"ListItem","position":1,"name":"Home","item":"https:\/\/3-mmckopen.nl\/"},{"@type":"ListItem","position":2,"name":"Over 3MMC"}]},{"@type":"WebSite","@id":"https:\/\/3-mmckopen.nl\/#website","url":"https:\/\/3-mmckopen.nl\/","name":"kup 3MMC","description":"DLA WSZYSTKICH DOMOWYCH CHEMIKALI I NAUKOWC\u00d3W W\u015aR\u00d3D NAS","publisher":{"@id":"https:\/\/3-mmckopen.nl\/#organization"},"potentialAction":[{"@type":"SearchAction","target":{"@type":"EntryPoint","urlTemplate":"https:\/\/3-mmckopen.nl\/?s={search_term_string}"},"query-input":{"@type":"PropertyValueSpecification","valueRequired":true,"valueName":"search_term_string"}}],"inLanguage":"pl-PL"},{"@type":"Organization","@id":"https:\/\/3-mmckopen.nl\/#organization","name":"3mmc kopen","url":"https:\/\/3-mmckopen.nl\/","logo":{"@type":"ImageObject","inLanguage":"pl-PL","@id":"https:\/\/3-mmckopen.nl\/#\/schema\/logo\/image\/","url":"https:\/\/3-mmckopen.nl\/wp-content\/uploads\/2024\/03\/3mmckopennl.webp","contentUrl":"https:\/\/3-mmckopen.nl\/wp-content\/uploads\/2024\/03\/3mmckopennl.webp","width":300,"height":118,"caption":"3mmc kopen"},"image":{"@id":"https:\/\/3-mmckopen.nl\/#\/schema\/logo\/image\/"},"sameAs":["https:\/\/www.instagram.com\/dehuisprofessor\/","https:\/\/nl.pinterest.com\/dehuisprofessor\/","https:\/\/www.youtube.com\/channel\/UCsGzCVJiHsWLILEEHDzCNqA"]}]}},"_links":{"self":[{"href":"https:\/\/3-mmckopen.nl\/pl\/wp-json\/wp\/v2\/pages\/232","targetHints":{"allow":["GET"]}}],"collection":[{"href":"https:\/\/3-mmckopen.nl\/pl\/wp-json\/wp\/v2\/pages"}],"about":[{"href":"https:\/\/3-mmckopen.nl\/pl\/wp-json\/wp\/v2\/types\/page"}],"author":[{"embeddable":true,"href":"https:\/\/3-mmckopen.nl\/pl\/wp-json\/wp\/v2\/users\/199606847"}],"replies":[{"embeddable":true,"href":"https:\/\/3-mmckopen.nl\/pl\/wp-json\/wp\/v2\/comments?post=232"}],"version-history":[{"count":1,"href":"https:\/\/3-mmckopen.nl\/pl\/wp-json\/wp\/v2\/pages\/232\/revisions"}],"predecessor-version":[{"id":79030,"href":"https:\/\/3-mmckopen.nl\/pl\/wp-json\/wp\/v2\/pages\/232\/revisions\/79030"}],"wp:attachment":[{"href":"https:\/\/3-mmckopen.nl\/pl\/wp-json\/wp\/v2\/media?parent=232"}],"curies":[{"name":"wp","href":"https:\/\/api.w.org\/{rel}","templated":true}]}}