{"id":631,"date":"2021-01-14T02:19:08","date_gmt":"2021-01-14T01:19:08","guid":{"rendered":"https:\/\/3-mmckopen.nl\/?page_id=631"},"modified":"2025-12-04T15:32:29","modified_gmt":"2025-12-04T14:32:29","slug":"privacy-policy","status":"publish","type":"page","link":"https:\/\/3-mmckopen.nl\/pl\/privacy-policy\/","title":{"rendered":"Polityka prywatno\u015bci"},"content":{"rendered":"<p>app16847.cloudwayssites.com gwarantuje prywatno\u015b\u0107 wszystkich u\u017cytkownik\u00f3w swojej witryny, a dane osobowe, kt\u00f3re nam przekazujesz, s\u0105 zawsze traktowane jako poufne. U\u017cywamy Twoich danych wy\u0142\u0105cznie w celu jak najszybszej i najskuteczniejszej realizacji zam\u00f3wie\u0144. W przeciwnym razie wykorzystujemy te dane tylko za Twoj\u0105 zgod\u0105.<\/p>\r\n\r\n\r\n\r\n<p>app16847.cloudwayssites.com wykorzystuje zebrane dane w celu \u015bwiadczenia swoim klientom nast\u0119puj\u0105cych us\u0142ug:<\/p>\r\n\r\n\r\n\r\n<p>Je\u015bli sk\u0142adasz zam\u00f3wienie lub pro\u015bb\u0119 o wycen\u0119, potrzebujemy Twojego imienia i nazwiska, adresu e-mail, adresu dostawy i danych dotycz\u0105cych p\u0142atno\u015bci, aby przetworzy\u0107 Twoje zam\u00f3wienie i informowa\u0107 Ci\u0119 o jego post\u0119pach. Aby zakupy i proces zapytania ofertowego na app16847.cloudwayssites.com by\u0142y jak najbardziej atrakcyjne, za Twoj\u0105 zgod\u0105 przechowujemy Twoje dane osobowe oraz szczeg\u00f3\u0142y dotycz\u0105ce Twojego zam\u00f3wienia lub zapytania ofertowego oraz korzystania z naszych us\u0142ug. Dzi\u0119ki temu mo\u017cemy uczyni\u0107 witryn\u0119 bardziej osobist\u0105 i zorientowan\u0105 na klienta. Mo\u017cemy wykorzystywa\u0107 Tw\u00f3j adres e-mail, aby przekazywa\u0107 Ci informacje o rozwoju naszej strony internetowej oraz o naszych specjalnych ofertach i promocjach. Je\u015bli tego nie akceptujesz, mo\u017cesz zrezygnowa\u0107 z subskrypcji za po\u015brednictwem naszej strony internetowej. Je\u015bli z\u0142o\u017cysz zam\u00f3wienie w app16847.cloudwayssites.com, w razie potrzeby b\u0119dziemy przechowywa\u0107 Twoje dane na bezpiecznym serwerze. Mo\u017cesz wprowadzi\u0107 nazw\u0119 u\u017cytkownika i has\u0142o, dzi\u0119ki czemu nie musisz przy ka\u017cdym nowym zam\u00f3wieniu wpisywa\u0107 swojego imienia i nazwiska oraz adresu, numeru telefonu, adresu e-mail, danych do wysy\u0142ki i p\u0142atno\u015bci. Informacje o korzystaniu z naszej witryny oraz opinie, kt\u00f3re otrzymujemy od naszych go\u015bci, pomagaj\u0105 nam w dalszym rozwoju i ulepszaniu naszej witryny i us\u0142ug. Je\u015bli zdecydujesz si\u0119 napisa\u0107 recenzj\u0119, mo\u017cesz wybra\u0107, czy chcesz doda\u0107 swoje imi\u0119 i nazwisko lub inne dane osobowe. Jeste\u015bmy ciekawi opinii naszych go\u015bci, ale zastrzegamy sobie prawo do niepublikowania wpis\u00f3w, kt\u00f3re nie s\u0105 zgodne z warunkami naszej witryny. Je\u015bli odpowiadasz na promocj\u0119 lub konkurs, prosimy o podanie imienia i nazwiska, adresu i adresu e-mail. Wykorzystujemy te informacje do przeprowadzania promocji, og\u0142aszania zwyci\u0119zcy(\u00f3w) nagrody oraz do mierzenia odpowiedzi na nasze kampanie marketingowe.<\/p>\r\n\r\n\r\n\r\n<p>app16847.cloudwayssites.com nie przekazuje ani nie sprzedaje Twoich danych stronom trzecim<\/p>\r\n\r\n\r\n\r\n<p>app16847.cloudwayssites.com nie udost\u0119pnia ani nie sprzedaje Twoich danych osobowych stronom trzecim i udost\u0119pnia je tylko tym osobom, kt\u00f3re s\u0105 zaanga\u017cowane w przetwarzanie Twojego zam\u00f3wienia. Nasi pracownicy oraz zaanga\u017cowane przez nas osoby trzecie s\u0105 zobowi\u0105zane do zachowania poufno\u015bci Twoich danych.<\/p>","protected":false},"excerpt":{"rendered":"<p>app16847.cloudwayssites.com waarborgt de privacy van alle gebruikers van haar site en te allen tijde wordt de persoonlijke informatie die u aan ons verschaft vertrouwelijk behandeld. Wij gebruiken uw gegevens alleen om de bestellingen zo snel en effici\u00ebnt mogelijk te laten verlopen. Voor het overige gebruiken wij deze gegevens uitsluitend met uw toestemming. app16847.cloudwayssites.com gebruikt de [&hellip;]<\/p>\n","protected":false},"author":199606847,"featured_media":0,"parent":0,"menu_order":0,"comment_status":"closed","ping_status":"closed","template":"","meta":{"site-sidebar-layout":"default","site-content-layout":"","ast-site-content-layout":"default","site-content-style":"default","site-sidebar-style":"default","ast-global-header-display":"","ast-banner-title-visibility":"","ast-main-header-display":"","ast-hfb-above-header-display":"","ast-hfb-below-header-display":"","ast-hfb-mobile-header-display":"","site-post-title":"","ast-breadcrumbs-content":"","ast-featured-img":"","footer-sml-layout":"","theme-transparent-header-meta":"default","adv-header-id-meta":"","stick-header-meta":"","header-above-stick-meta":"","header-main-stick-meta":"","header-below-stick-meta":"","astra-migrate-meta-layouts":"set","ast-page-background-enabled":"default","ast-page-background-meta":{"desktop":{"background-color":"","background-image":"","background-repeat":"repeat","background-position":"center center","background-size":"auto","background-attachment":"scroll","background-type":"","background-media":"","overlay-type":"","overlay-color":"","overlay-opacity":"","overlay-gradient":""},"tablet":{"background-color":"","background-image":"","background-repeat":"repeat","background-position":"center center","background-size":"auto","background-attachment":"scroll","background-type":"","background-media":"","overlay-type":"","overlay-color":"","overlay-opacity":"","overlay-gradient":""},"mobile":{"background-color":"","background-image":"","background-repeat":"repeat","background-position":"center center","background-size":"auto","background-attachment":"scroll","background-type":"","background-media":"","overlay-type":"","overlay-color":"","overlay-opacity":"","overlay-gradient":""}},"ast-content-background-meta":{"desktop":{"background-color":"var(--ast-global-color-5)","background-image":"","background-repeat":"repeat","background-position":"center center","background-size":"auto","background-attachment":"scroll","background-type":"","background-media":"","overlay-type":"","overlay-color":"","overlay-opacity":"","overlay-gradient":""},"tablet":{"background-color":"var(--ast-global-color-5)","background-image":"","background-repeat":"repeat","background-position":"center center","background-size":"auto","background-attachment":"scroll","background-type":"","background-media":"","overlay-type":"","overlay-color":"","overlay-opacity":"","overlay-gradient":""},"mobile":{"background-color":"var(--ast-global-color-5)","background-image":"","background-repeat":"repeat","background-position":"center center","background-size":"auto","background-attachment":"scroll","background-type":"","background-media":"","overlay-type":"","overlay-color":"","overlay-opacity":"","overlay-gradient":""}},"footnotes":""},"class_list":["post-631","page","type-page","status-publish","hentry"],"yoast_head":"<!-- This site is optimized with the Yoast SEO plugin v27.4 - https:\/\/yoast.com\/product\/yoast-seo-wordpress\/ -->\n<title>Privacy Policy &amp; Veiligheid | 3-mmckopen.nl<\/title>\n<meta name=\"description\" content=\"Jouw privacy is heilig. Lees onze Privacy Policy. Wij versturen altijd Discreet &amp; Anoniem. Veilig winkelen en betalen. Bekijk onze beleid.\" \/>\n<meta name=\"robots\" content=\"index, follow, max-snippet:-1, max-image-preview:large, max-video-preview:-1\" \/>\n<link rel=\"canonical\" href=\"https:\/\/3-mmckopen.nl\/pl\/privacy-policy\/\" \/>\n<meta property=\"og:locale\" content=\"pl_PL\" \/>\n<meta property=\"og:type\" content=\"article\" \/>\n<meta property=\"og:title\" content=\"Privacy Policy &amp; Veiligheid | 3-mmckopen.nl\" \/>\n<meta property=\"og:description\" content=\"Jouw privacy is heilig. Lees onze Privacy Policy. Wij versturen altijd Discreet &amp; Anoniem. Veilig winkelen en betalen. Bekijk onze beleid.\" \/>\n<meta property=\"og:url\" content=\"https:\/\/3-mmckopen.nl\/pl\/privacy-policy\/\" \/>\n<meta property=\"og:site_name\" content=\"3MMC kopen\" \/>\n<meta property=\"article:modified_time\" content=\"2025-12-04T14:32:29+00:00\" \/>\n<meta property=\"og:image\" content=\"https:\/\/3-mmckopen.nl\/wp-content\/uploads\/2024\/03\/3mmckopennl.webp\" \/>\n\t<meta property=\"og:image:width\" content=\"300\" \/>\n\t<meta property=\"og:image:height\" content=\"118\" \/>\n\t<meta property=\"og:image:type\" content=\"image\/webp\" \/>\n<meta name=\"twitter:card\" content=\"summary_large_image\" \/>\n<meta name=\"twitter:label1\" content=\"Szacowany czas czytania\" \/>\n\t<meta name=\"twitter:data1\" content=\"2 minuty\" \/>\n<script type=\"application\/ld+json\" class=\"yoast-schema-graph\">{\"@context\":\"https:\\\/\\\/schema.org\",\"@graph\":[{\"@type\":\"WebPage\",\"@id\":\"https:\\\/\\\/3-mmckopen.nl\\\/privacy-policy\\\/\",\"url\":\"https:\\\/\\\/3-mmckopen.nl\\\/privacy-policy\\\/\",\"name\":\"Privacy Policy & Veiligheid | 3-mmckopen.nl\",\"isPartOf\":{\"@id\":\"https:\\\/\\\/3-mmckopen.nl\\\/#website\"},\"datePublished\":\"2021-01-14T01:19:08+00:00\",\"dateModified\":\"2025-12-04T14:32:29+00:00\",\"description\":\"Jouw privacy is heilig. Lees onze Privacy Policy. Wij versturen altijd Discreet & Anoniem. Veilig winkelen en betalen. Bekijk onze beleid.\",\"breadcrumb\":{\"@id\":\"https:\\\/\\\/3-mmckopen.nl\\\/privacy-policy\\\/#breadcrumb\"},\"inLanguage\":\"pl-PL\",\"potentialAction\":[{\"@type\":\"ReadAction\",\"target\":[\"https:\\\/\\\/3-mmckopen.nl\\\/privacy-policy\\\/\"]}]},{\"@type\":\"BreadcrumbList\",\"@id\":\"https:\\\/\\\/3-mmckopen.nl\\\/privacy-policy\\\/#breadcrumb\",\"itemListElement\":[{\"@type\":\"ListItem\",\"position\":1,\"name\":\"Home\",\"item\":\"https:\\\/\\\/3-mmckopen.nl\\\/\"},{\"@type\":\"ListItem\",\"position\":2,\"name\":\"Privacy Policy\"}]},{\"@type\":\"WebSite\",\"@id\":\"https:\\\/\\\/3-mmckopen.nl\\\/#website\",\"url\":\"https:\\\/\\\/3-mmckopen.nl\\\/\",\"name\":\"3MMC kopen\",\"description\":\"VOOR ALLE THUIS CHEMISI EN ONDERZOEKERS ONDER ONS\",\"publisher\":{\"@id\":\"https:\\\/\\\/3-mmckopen.nl\\\/#organization\"},\"potentialAction\":[{\"@type\":\"SearchAction\",\"target\":{\"@type\":\"EntryPoint\",\"urlTemplate\":\"https:\\\/\\\/3-mmckopen.nl\\\/?s={search_term_string}\"},\"query-input\":{\"@type\":\"PropertyValueSpecification\",\"valueRequired\":true,\"valueName\":\"search_term_string\"}}],\"inLanguage\":\"pl-PL\"},{\"@type\":\"Organization\",\"@id\":\"https:\\\/\\\/3-mmckopen.nl\\\/#organization\",\"name\":\"3mmc kopen\",\"url\":\"https:\\\/\\\/3-mmckopen.nl\\\/\",\"logo\":{\"@type\":\"ImageObject\",\"inLanguage\":\"pl-PL\",\"@id\":\"https:\\\/\\\/3-mmckopen.nl\\\/#\\\/schema\\\/logo\\\/image\\\/\",\"url\":\"https:\\\/\\\/3-mmckopen.nl\\\/wp-content\\\/uploads\\\/2024\\\/03\\\/3mmckopennl.webp\",\"contentUrl\":\"https:\\\/\\\/3-mmckopen.nl\\\/wp-content\\\/uploads\\\/2024\\\/03\\\/3mmckopennl.webp\",\"width\":300,\"height\":118,\"caption\":\"3mmc kopen\"},\"image\":{\"@id\":\"https:\\\/\\\/3-mmckopen.nl\\\/#\\\/schema\\\/logo\\\/image\\\/\"},\"sameAs\":[\"https:\\\/\\\/www.instagram.com\\\/dehuisprofessor\\\/\",\"https:\\\/\\\/nl.pinterest.com\\\/dehuisprofessor\\\/\",\"https:\\\/\\\/www.youtube.com\\\/channel\\\/UCsGzCVJiHsWLILEEHDzCNqA\"]}]}<\/script>\n<!-- \/ Yoast SEO plugin. -->","yoast_head_json":{"title":"Privacy Policy & Veiligheid | 3-mmckopen.nl","description":"Jouw privacy is heilig. Lees onze Privacy Policy. Wij versturen altijd Discreet & Anoniem. Veilig winkelen en betalen. Bekijk onze beleid.","robots":{"index":"index","follow":"follow","max-snippet":"max-snippet:-1","max-image-preview":"max-image-preview:large","max-video-preview":"max-video-preview:-1"},"canonical":"https:\/\/3-mmckopen.nl\/pl\/privacy-policy\/","og_locale":"pl_PL","og_type":"article","og_title":"Privacy Policy & Veiligheid | 3-mmckopen.nl","og_description":"Jouw privacy is heilig. Lees onze Privacy Policy. Wij versturen altijd Discreet & Anoniem. Veilig winkelen en betalen. Bekijk onze beleid.","og_url":"https:\/\/3-mmckopen.nl\/pl\/privacy-policy\/","og_site_name":"3MMC kopen","article_modified_time":"2025-12-04T14:32:29+00:00","og_image":[{"width":300,"height":118,"url":"https:\/\/3-mmckopen.nl\/wp-content\/uploads\/2024\/03\/3mmckopennl.webp","type":"image\/webp"}],"twitter_card":"summary_large_image","twitter_misc":{"Szacowany czas czytania":"2 minuty"},"schema":{"@context":"https:\/\/schema.org","@graph":[{"@type":"WebPage","@id":"https:\/\/3-mmckopen.nl\/privacy-policy\/","url":"https:\/\/3-mmckopen.nl\/privacy-policy\/","name":"Privacy Policy & Veiligheid | 3-mmckopen.nl","isPartOf":{"@id":"https:\/\/3-mmckopen.nl\/#website"},"datePublished":"2021-01-14T01:19:08+00:00","dateModified":"2025-12-04T14:32:29+00:00","description":"Jouw privacy is heilig. Lees onze Privacy Policy. Wij versturen altijd Discreet & Anoniem. Veilig winkelen en betalen. Bekijk onze beleid.","breadcrumb":{"@id":"https:\/\/3-mmckopen.nl\/privacy-policy\/#breadcrumb"},"inLanguage":"pl-PL","potentialAction":[{"@type":"ReadAction","target":["https:\/\/3-mmckopen.nl\/privacy-policy\/"]}]},{"@type":"BreadcrumbList","@id":"https:\/\/3-mmckopen.nl\/privacy-policy\/#breadcrumb","itemListElement":[{"@type":"ListItem","position":1,"name":"Home","item":"https:\/\/3-mmckopen.nl\/"},{"@type":"ListItem","position":2,"name":"Privacy Policy"}]},{"@type":"WebSite","@id":"https:\/\/3-mmckopen.nl\/#website","url":"https:\/\/3-mmckopen.nl\/","name":"kup 3MMC","description":"DLA WSZYSTKICH DOMOWYCH CHEMIKALI I NAUKOWC\u00d3W W\u015aR\u00d3D NAS","publisher":{"@id":"https:\/\/3-mmckopen.nl\/#organization"},"potentialAction":[{"@type":"SearchAction","target":{"@type":"EntryPoint","urlTemplate":"https:\/\/3-mmckopen.nl\/?s={search_term_string}"},"query-input":{"@type":"PropertyValueSpecification","valueRequired":true,"valueName":"search_term_string"}}],"inLanguage":"pl-PL"},{"@type":"Organization","@id":"https:\/\/3-mmckopen.nl\/#organization","name":"3mmc kopen","url":"https:\/\/3-mmckopen.nl\/","logo":{"@type":"ImageObject","inLanguage":"pl-PL","@id":"https:\/\/3-mmckopen.nl\/#\/schema\/logo\/image\/","url":"https:\/\/3-mmckopen.nl\/wp-content\/uploads\/2024\/03\/3mmckopennl.webp","contentUrl":"https:\/\/3-mmckopen.nl\/wp-content\/uploads\/2024\/03\/3mmckopennl.webp","width":300,"height":118,"caption":"3mmc kopen"},"image":{"@id":"https:\/\/3-mmckopen.nl\/#\/schema\/logo\/image\/"},"sameAs":["https:\/\/www.instagram.com\/dehuisprofessor\/","https:\/\/nl.pinterest.com\/dehuisprofessor\/","https:\/\/www.youtube.com\/channel\/UCsGzCVJiHsWLILEEHDzCNqA"]}]}},"_links":{"self":[{"href":"https:\/\/3-mmckopen.nl\/pl\/wp-json\/wp\/v2\/pages\/631","targetHints":{"allow":["GET"]}}],"collection":[{"href":"https:\/\/3-mmckopen.nl\/pl\/wp-json\/wp\/v2\/pages"}],"about":[{"href":"https:\/\/3-mmckopen.nl\/pl\/wp-json\/wp\/v2\/types\/page"}],"author":[{"embeddable":true,"href":"https:\/\/3-mmckopen.nl\/pl\/wp-json\/wp\/v2\/users\/199606847"}],"replies":[{"embeddable":true,"href":"https:\/\/3-mmckopen.nl\/pl\/wp-json\/wp\/v2\/comments?post=631"}],"version-history":[{"count":1,"href":"https:\/\/3-mmckopen.nl\/pl\/wp-json\/wp\/v2\/pages\/631\/revisions"}],"predecessor-version":[{"id":79031,"href":"https:\/\/3-mmckopen.nl\/pl\/wp-json\/wp\/v2\/pages\/631\/revisions\/79031"}],"wp:attachment":[{"href":"https:\/\/3-mmckopen.nl\/pl\/wp-json\/wp\/v2\/media?parent=631"}],"curies":[{"name":"wp","href":"https:\/\/api.w.org\/{rel}","templated":true}]}}