{"id":13035,"date":"2022-01-30T17:51:53","date_gmt":"2022-01-30T16:51:53","guid":{"rendered":"https:\/\/3-mmckopen.nl\/?post_type=product&#038;p=13035"},"modified":"2025-12-15T09:34:40","modified_gmt":"2025-12-15T08:34:40","slug":"dutch-dragons","status":"publish","type":"product","link":"https:\/\/3-mmckopen.nl\/pl\/3mmc-kopen\/shop\/smartshop\/truffels\/dutch-dragons\/","title":{"rendered":"Smoki holenderskie"},"content":{"rendered":"<h1>Dutch Dragons kopen \u2013 15 gram<\/h1>\n<p>Ervaar Holland op z\u2019n best met deze oranje truffel van eigen bodem. Voel je onoverwinnelijk, energiek en vurig zoals de oranje draak.<\/p>\n<p><strong>Informacje og\u00f3lne:<\/strong><\/p>\n<p>Ze wzgl\u0119du na wyj\u0105tkowe do\u015bwiadczenie trufli, sta\u0142y si\u0119 one w ostatnich latach bardzo popularne. To, co popularnie nazywa si\u0119 trufl\u0105, to w rzeczywisto\u015bci sklerocja. Sklerotia to po\u0142\u0105czenie nici grzybni (nici grzybowych). Te przewody s\u0105 pod ziemi\u0105. Spadek temperatury i wzrost wilgotno\u015bci tworz\u0105 idealny klimat do wzrostu grzyb\u00f3w. Je\u015bli klimat nie jest jeszcze idealny, nici grzybni tworz\u0105 Sclerotia (trufla) i wch\u0142aniaj\u0105 sk\u0142adniki od\u017cywcze, dzi\u0119ki czemu, je\u015bli klimat jest idealny, mo\u017ce z niego wyrosn\u0105\u0107 grzyb.<\/p>\n<p><strong>Efekt:<\/strong><\/p>\n<p>W zale\u017cno\u015bci od dawki trufle dostarczaj\u0105 fantastycznych wra\u017ce\u0144 wizualnych i halucynacyjnych, lepiej znanych jako podr\u00f3\u017c. Wra\u017cenia z podr\u00f3\u017cy s\u0105 dla ka\u017cdego inne i zale\u017c\u0105 od u\u017cytej trufli i jej ilo\u015bci. Istniej\u0105 trufle o silnych efektach halucynacyjnych i wizualnych, ale s\u0105 te\u017c trufle o dzia\u0142aniu g\u0142\u00f3wnie filozoficznym. Ka\u017cdy odczuwa dzia\u0142anie trufli inaczej. W ofercie posiadamy 8 r\u00f3\u017cnych trufli w r\u00f3\u017cnych ilo\u015bciach.<\/p>\n<p>U\u017cywanie trufli jest wyj\u0105tkowym i wyj\u0105tkowym prze\u017cyciem. Ludzie cz\u0119sto u\u017cywaj\u0105 trufli, aby lepiej pozna\u0107 siebie, odby\u0107 podr\u00f3\u017c po swoim wn\u0119trzu. Fantastyczne uczucie, jakie mo\u017ce wywo\u0142a\u0107 trufla, jest niespotykane. Trufle pozwalaj\u0105 inaczej spojrze\u0107 na \u015bwiat i siebie.<\/p>\n<p><strong>Operacja:<\/strong><\/p>\n<p>Trufle zawieraj\u0105 substancj\u0119 czynn\u0105 psilocybin\u0119. psilocybina przekszta\u0142ca si\u0119 w organizmie w psilocyn\u0119, substancj\u0119 o dzia\u0142aniu halucynogennym. Substancja ta wp\u0142ywa na metabolizm serotoniny w m\u00f3zgu. Serotonina to substancja chemiczna w m\u00f3zgu, kt\u00f3ra odbiera sygna\u0142y dotycz\u0105ce pewno\u015bci siebie, snu, emocji, aktywno\u015bci seksualnej i apetytu. Psylocyna wywiera \u201emagiczny\u201d wp\u0142yw na metabolizm serotoniny. Tworzy to dobrze znan\u0105 halucynogenn\u0105 podr\u00f3\u017c.<\/p>\n<p><strong>LET OP:<\/strong><\/p>\n<p>Magiczne Trufle naturalnie zawieraj\u0105 tak\u017ce substancje psilocybin\u0119 i psylocyn\u0119. psilocybina i psylocyna s\u0105 substancjami halucynogennymi. Halucynogeny to substancje zmieniaj\u0105ce \u015bwiadomo\u015b\u0107, kt\u00f3re mog\u0105 wywo\u0142ywa\u0107 halucynacje. Spo\u017cywaj\u0105c Magiczne Trufle, nale\u017cy powa\u017cnie wzi\u0105\u0107 pod uwag\u0119 dzia\u0142anie tych substancji i zawsze trzyma\u0107 Magiczne Trufle poza zasi\u0119giem dzieci ze wzgl\u0119du na te substancje!<\/p>","protected":false},"excerpt":{"rendered":"<p>Dutch Dragons kopen \u2013 15 gram Ervaar Holland op z\u2019n best met deze oranje truffel van eigen bodem. Voel je onoverwinnelijk, energiek en vurig zoals de oranje draak. Algemene Informatie: Door de unieke beleving van truffels zijn dezes de laatste jaren erg populair geworden. Wat in de volksmond een Truffel wordt genoemd is eigenlijk Sclerotia. [&hellip;]<\/p>\n","protected":false},"featured_media":13076,"comment_status":"closed","ping_status":"closed","template":"","meta":{"site-sidebar-layout":"default","site-content-layout":"default","ast-site-content-layout":"default","site-content-style":"default","site-sidebar-style":"default","ast-global-header-display":"","ast-banner-title-visibility":"","ast-main-header-display":"","ast-hfb-above-header-display":"","ast-hfb-below-header-display":"","ast-hfb-mobile-header-display":"","site-post-title":"","ast-breadcrumbs-content":"","ast-featured-img":"","footer-sml-layout":"","theme-transparent-header-meta":"default","adv-header-id-meta":"","stick-header-meta":"","header-above-stick-meta":"","header-main-stick-meta":"","header-below-stick-meta":"","astra-migrate-meta-layouts":"default","ast-page-background-enabled":"default","ast-page-background-meta":{"desktop":{"background-color":"","background-image":"","background-repeat":"repeat","background-position":"center center","background-size":"auto","background-attachment":"scroll","background-type":"","background-media":"","overlay-type":"","overlay-color":"","overlay-opacity":"","overlay-gradient":""},"tablet":{"background-color":"","background-image":"","background-repeat":"repeat","background-position":"center center","background-size":"auto","background-attachment":"scroll","background-type":"","background-media":"","overlay-type":"","overlay-color":"","overlay-opacity":"","overlay-gradient":""},"mobile":{"background-color":"","background-image":"","background-repeat":"repeat","background-position":"center center","background-size":"auto","background-attachment":"scroll","background-type":"","background-media":"","overlay-type":"","overlay-color":"","overlay-opacity":"","overlay-gradient":""}},"ast-content-background-meta":{"desktop":{"background-color":"var(--ast-global-color-5)","background-image":"","background-repeat":"repeat","background-position":"center center","background-size":"auto","background-attachment":"scroll","background-type":"","background-media":"","overlay-type":"","overlay-color":"","overlay-opacity":"","overlay-gradient":""},"tablet":{"background-color":"var(--ast-global-color-5)","background-image":"","background-repeat":"repeat","background-position":"center center","background-size":"auto","background-attachment":"scroll","background-type":"","background-media":"","overlay-type":"","overlay-color":"","overlay-opacity":"","overlay-gradient":""},"mobile":{"background-color":"var(--ast-global-color-5)","background-image":"","background-repeat":"repeat","background-position":"center center","background-size":"auto","background-attachment":"scroll","background-type":"","background-media":"","overlay-type":"","overlay-color":"","overlay-opacity":"","overlay-gradient":""}}},"product_brand":[],"product_cat":[20317,20309],"product_tag":[20318],"class_list":{"0":"post-13035","1":"product","2":"type-product","3":"status-publish","4":"has-post-thumbnail","6":"product_cat-truffels","7":"product_cat-smartshop","8":"product_tag-magic-truffels","9":"desktop-align-center","10":"tablet-align-center","11":"mobile-align-center","13":"first","14":"instock","15":"sale","16":"shipping-taxable","17":"purchasable","18":"product-type-simple"},"yoast_head":"<!-- This site is optimized with the Yoast SEO plugin v27.4 - https:\/\/yoast.com\/product\/yoast-seo-wordpress\/ -->\n<title>Dutch Dragons Kopen? - Op=Op- 3MMC kopen<\/title>\n<meta name=\"description\" content=\"Bij 3MMC kopen kun je gemakkelijk en snel Dutch Dragons bestellen en morgen al onderzoeken! Voor 17:00 besteld is vandaag al verzonden. Wees er snel bij.\" \/>\n<meta name=\"robots\" content=\"index, follow, max-snippet:-1, max-image-preview:large, max-video-preview:-1\" \/>\n<link rel=\"canonical\" href=\"https:\/\/3-mmckopen.nl\/pl\/3mmc-kopen\/shop\/smartshop\/truffels\/dutch-dragons\/\" \/>\n<meta property=\"og:locale\" content=\"pl_PL\" \/>\n<meta property=\"og:type\" content=\"article\" \/>\n<meta property=\"og:title\" content=\"Dutch Dragons Kopen? - Op=Op- 3MMC kopen\" \/>\n<meta property=\"og:description\" content=\"Bij 3MMC kopen kun je gemakkelijk en snel Dutch Dragons bestellen en morgen al onderzoeken! Voor 17:00 besteld is vandaag al verzonden. Wees er snel bij.\" \/>\n<meta property=\"og:url\" content=\"https:\/\/3-mmckopen.nl\/pl\/3mmc-kopen\/shop\/smartshop\/truffels\/dutch-dragons\/\" \/>\n<meta property=\"og:site_name\" content=\"3MMC kopen\" \/>\n<meta property=\"article:modified_time\" content=\"2025-12-15T08:34:40+00:00\" \/>\n<meta property=\"og:image\" content=\"https:\/\/3-mmckopen.nl\/wp-content\/uploads\/2022\/01\/AM10074-600x600-1.jpg\" \/>\n\t<meta property=\"og:image:width\" content=\"600\" \/>\n\t<meta property=\"og:image:height\" content=\"600\" \/>\n\t<meta property=\"og:image:type\" content=\"image\/jpeg\" \/>\n<meta name=\"twitter:card\" content=\"summary_large_image\" \/>\n<meta name=\"twitter:label1\" content=\"Szacowany czas czytania\" \/>\n\t<meta name=\"twitter:data1\" content=\"2 minuty\" \/>\n<script type=\"application\/ld+json\" class=\"yoast-schema-graph\">{\"@context\":\"https:\\\/\\\/schema.org\",\"@graph\":[{\"@type\":\"WebPage\",\"@id\":\"https:\\\/\\\/3-mmckopen.nl\\\/es\\\/3mmc-kopen\\\/shop\\\/smartshop\\\/truffels\\\/dutch-dragons\\\/\",\"url\":\"https:\\\/\\\/3-mmckopen.nl\\\/es\\\/3mmc-kopen\\\/shop\\\/smartshop\\\/truffels\\\/dutch-dragons\\\/\",\"name\":\"Dutch Dragons Kopen? - Op=Op- 3MMC kopen\",\"isPartOf\":{\"@id\":\"https:\\\/\\\/3-mmckopen.nl\\\/#website\"},\"primaryImageOfPage\":{\"@id\":\"https:\\\/\\\/3-mmckopen.nl\\\/es\\\/3mmc-kopen\\\/shop\\\/smartshop\\\/truffels\\\/dutch-dragons\\\/#primaryimage\"},\"image\":{\"@id\":\"https:\\\/\\\/3-mmckopen.nl\\\/es\\\/3mmc-kopen\\\/shop\\\/smartshop\\\/truffels\\\/dutch-dragons\\\/#primaryimage\"},\"thumbnailUrl\":\"https:\\\/\\\/3-mmckopen.nl\\\/wp-content\\\/uploads\\\/2022\\\/01\\\/AM10074-600x600-1.jpg\",\"datePublished\":\"2022-01-30T16:51:53+00:00\",\"dateModified\":\"2025-12-15T08:34:40+00:00\",\"description\":\"Bij 3MMC kopen kun je gemakkelijk en snel Dutch Dragons bestellen en morgen al onderzoeken! Voor 17:00 besteld is vandaag al verzonden. Wees er snel bij.\",\"breadcrumb\":{\"@id\":\"https:\\\/\\\/3-mmckopen.nl\\\/es\\\/3mmc-kopen\\\/shop\\\/smartshop\\\/truffels\\\/dutch-dragons\\\/#breadcrumb\"},\"inLanguage\":\"pl-PL\",\"potentialAction\":[{\"@type\":\"ReadAction\",\"target\":[\"https:\\\/\\\/3-mmckopen.nl\\\/es\\\/3mmc-kopen\\\/shop\\\/smartshop\\\/truffels\\\/dutch-dragons\\\/\"]}]},{\"@type\":\"ImageObject\",\"inLanguage\":\"pl-PL\",\"@id\":\"https:\\\/\\\/3-mmckopen.nl\\\/es\\\/3mmc-kopen\\\/shop\\\/smartshop\\\/truffels\\\/dutch-dragons\\\/#primaryimage\",\"url\":\"https:\\\/\\\/3-mmckopen.nl\\\/wp-content\\\/uploads\\\/2022\\\/01\\\/AM10074-600x600-1.jpg\",\"contentUrl\":\"https:\\\/\\\/3-mmckopen.nl\\\/wp-content\\\/uploads\\\/2022\\\/01\\\/AM10074-600x600-1.jpg\",\"width\":600,\"height\":600},{\"@type\":\"BreadcrumbList\",\"@id\":\"https:\\\/\\\/3-mmckopen.nl\\\/es\\\/3mmc-kopen\\\/shop\\\/smartshop\\\/truffels\\\/dutch-dragons\\\/#breadcrumb\",\"itemListElement\":[{\"@type\":\"ListItem\",\"position\":1,\"name\":\"Home\",\"item\":\"https:\\\/\\\/3-mmckopen.nl\\\/\"},{\"@type\":\"ListItem\",\"position\":2,\"name\":\"Winkel\",\"item\":\"https:\\\/\\\/3-mmckopen.nl\\\/winkel\\\/\"},{\"@type\":\"ListItem\",\"position\":3,\"name\":\"Dutch Dragons\"}]},{\"@type\":\"WebSite\",\"@id\":\"https:\\\/\\\/3-mmckopen.nl\\\/#website\",\"url\":\"https:\\\/\\\/3-mmckopen.nl\\\/\",\"name\":\"3MMC kopen\",\"description\":\"VOOR ALLE THUIS CHEMISI EN ONDERZOEKERS ONDER ONS\",\"publisher\":{\"@id\":\"https:\\\/\\\/3-mmckopen.nl\\\/#organization\"},\"potentialAction\":[{\"@type\":\"SearchAction\",\"target\":{\"@type\":\"EntryPoint\",\"urlTemplate\":\"https:\\\/\\\/3-mmckopen.nl\\\/?s={search_term_string}\"},\"query-input\":{\"@type\":\"PropertyValueSpecification\",\"valueRequired\":true,\"valueName\":\"search_term_string\"}}],\"inLanguage\":\"pl-PL\"},{\"@type\":\"Organization\",\"@id\":\"https:\\\/\\\/3-mmckopen.nl\\\/#organization\",\"name\":\"3mmc kopen\",\"url\":\"https:\\\/\\\/3-mmckopen.nl\\\/\",\"logo\":{\"@type\":\"ImageObject\",\"inLanguage\":\"pl-PL\",\"@id\":\"https:\\\/\\\/3-mmckopen.nl\\\/#\\\/schema\\\/logo\\\/image\\\/\",\"url\":\"https:\\\/\\\/3-mmckopen.nl\\\/wp-content\\\/uploads\\\/2024\\\/03\\\/3mmckopennl.webp\",\"contentUrl\":\"https:\\\/\\\/3-mmckopen.nl\\\/wp-content\\\/uploads\\\/2024\\\/03\\\/3mmckopennl.webp\",\"width\":300,\"height\":118,\"caption\":\"3mmc kopen\"},\"image\":{\"@id\":\"https:\\\/\\\/3-mmckopen.nl\\\/#\\\/schema\\\/logo\\\/image\\\/\"},\"sameAs\":[\"https:\\\/\\\/www.instagram.com\\\/dehuisprofessor\\\/\",\"https:\\\/\\\/nl.pinterest.com\\\/dehuisprofessor\\\/\",\"https:\\\/\\\/www.youtube.com\\\/channel\\\/UCsGzCVJiHsWLILEEHDzCNqA\"]}]}<\/script>\n<!-- \/ Yoast SEO plugin. -->","yoast_head_json":{"title":"Dutch Dragons Kopen? - Op=Op- 3MMC kopen","description":"Bij 3MMC kopen kun je gemakkelijk en snel Dutch Dragons bestellen en morgen al onderzoeken! Voor 17:00 besteld is vandaag al verzonden. Wees er snel bij.","robots":{"index":"index","follow":"follow","max-snippet":"max-snippet:-1","max-image-preview":"max-image-preview:large","max-video-preview":"max-video-preview:-1"},"canonical":"https:\/\/3-mmckopen.nl\/pl\/3mmc-kopen\/shop\/smartshop\/truffels\/dutch-dragons\/","og_locale":"pl_PL","og_type":"article","og_title":"Dutch Dragons Kopen? - Op=Op- 3MMC kopen","og_description":"Bij 3MMC kopen kun je gemakkelijk en snel Dutch Dragons bestellen en morgen al onderzoeken! Voor 17:00 besteld is vandaag al verzonden. Wees er snel bij.","og_url":"https:\/\/3-mmckopen.nl\/pl\/3mmc-kopen\/shop\/smartshop\/truffels\/dutch-dragons\/","og_site_name":"3MMC kopen","article_modified_time":"2025-12-15T08:34:40+00:00","og_image":[{"width":600,"height":600,"url":"https:\/\/3-mmckopen.nl\/wp-content\/uploads\/2022\/01\/AM10074-600x600-1.jpg","type":"image\/jpeg"}],"twitter_card":"summary_large_image","twitter_misc":{"Szacowany czas czytania":"2 minuty"},"schema":{"@context":"https:\/\/schema.org","@graph":[{"@type":"WebPage","@id":"https:\/\/3-mmckopen.nl\/es\/3mmc-kopen\/shop\/smartshop\/truffels\/dutch-dragons\/","url":"https:\/\/3-mmckopen.nl\/es\/3mmc-kopen\/shop\/smartshop\/truffels\/dutch-dragons\/","name":"Dutch Dragons Kopen? - Op=Op- 3MMC kopen","isPartOf":{"@id":"https:\/\/3-mmckopen.nl\/#website"},"primaryImageOfPage":{"@id":"https:\/\/3-mmckopen.nl\/es\/3mmc-kopen\/shop\/smartshop\/truffels\/dutch-dragons\/#primaryimage"},"image":{"@id":"https:\/\/3-mmckopen.nl\/es\/3mmc-kopen\/shop\/smartshop\/truffels\/dutch-dragons\/#primaryimage"},"thumbnailUrl":"https:\/\/3-mmckopen.nl\/wp-content\/uploads\/2022\/01\/AM10074-600x600-1.jpg","datePublished":"2022-01-30T16:51:53+00:00","dateModified":"2025-12-15T08:34:40+00:00","description":"Bij 3MMC kopen kun je gemakkelijk en snel Dutch Dragons bestellen en morgen al onderzoeken! Voor 17:00 besteld is vandaag al verzonden. Wees er snel bij.","breadcrumb":{"@id":"https:\/\/3-mmckopen.nl\/es\/3mmc-kopen\/shop\/smartshop\/truffels\/dutch-dragons\/#breadcrumb"},"inLanguage":"pl-PL","potentialAction":[{"@type":"ReadAction","target":["https:\/\/3-mmckopen.nl\/es\/3mmc-kopen\/shop\/smartshop\/truffels\/dutch-dragons\/"]}]},{"@type":"ImageObject","inLanguage":"pl-PL","@id":"https:\/\/3-mmckopen.nl\/es\/3mmc-kopen\/shop\/smartshop\/truffels\/dutch-dragons\/#primaryimage","url":"https:\/\/3-mmckopen.nl\/wp-content\/uploads\/2022\/01\/AM10074-600x600-1.jpg","contentUrl":"https:\/\/3-mmckopen.nl\/wp-content\/uploads\/2022\/01\/AM10074-600x600-1.jpg","width":600,"height":600},{"@type":"BreadcrumbList","@id":"https:\/\/3-mmckopen.nl\/es\/3mmc-kopen\/shop\/smartshop\/truffels\/dutch-dragons\/#breadcrumb","itemListElement":[{"@type":"ListItem","position":1,"name":"Home","item":"https:\/\/3-mmckopen.nl\/"},{"@type":"ListItem","position":2,"name":"Winkel","item":"https:\/\/3-mmckopen.nl\/winkel\/"},{"@type":"ListItem","position":3,"name":"Dutch Dragons"}]},{"@type":"WebSite","@id":"https:\/\/3-mmckopen.nl\/#website","url":"https:\/\/3-mmckopen.nl\/","name":"kup 3MMC","description":"DLA WSZYSTKICH DOMOWYCH CHEMIKALI I NAUKOWC\u00d3W W\u015aR\u00d3D NAS","publisher":{"@id":"https:\/\/3-mmckopen.nl\/#organization"},"potentialAction":[{"@type":"SearchAction","target":{"@type":"EntryPoint","urlTemplate":"https:\/\/3-mmckopen.nl\/?s={search_term_string}"},"query-input":{"@type":"PropertyValueSpecification","valueRequired":true,"valueName":"search_term_string"}}],"inLanguage":"pl-PL"},{"@type":"Organization","@id":"https:\/\/3-mmckopen.nl\/#organization","name":"3mmc kopen","url":"https:\/\/3-mmckopen.nl\/","logo":{"@type":"ImageObject","inLanguage":"pl-PL","@id":"https:\/\/3-mmckopen.nl\/#\/schema\/logo\/image\/","url":"https:\/\/3-mmckopen.nl\/wp-content\/uploads\/2024\/03\/3mmckopennl.webp","contentUrl":"https:\/\/3-mmckopen.nl\/wp-content\/uploads\/2024\/03\/3mmckopennl.webp","width":300,"height":118,"caption":"3mmc kopen"},"image":{"@id":"https:\/\/3-mmckopen.nl\/#\/schema\/logo\/image\/"},"sameAs":["https:\/\/www.instagram.com\/dehuisprofessor\/","https:\/\/nl.pinterest.com\/dehuisprofessor\/","https:\/\/www.youtube.com\/channel\/UCsGzCVJiHsWLILEEHDzCNqA"]}]}},"_links":{"self":[{"href":"https:\/\/3-mmckopen.nl\/pl\/wp-json\/wp\/v2\/product\/13035","targetHints":{"allow":["GET"]}}],"collection":[{"href":"https:\/\/3-mmckopen.nl\/pl\/wp-json\/wp\/v2\/product"}],"about":[{"href":"https:\/\/3-mmckopen.nl\/pl\/wp-json\/wp\/v2\/types\/product"}],"replies":[{"embeddable":true,"href":"https:\/\/3-mmckopen.nl\/pl\/wp-json\/wp\/v2\/comments?post=13035"}],"version-history":[{"count":0,"href":"https:\/\/3-mmckopen.nl\/pl\/wp-json\/wp\/v2\/product\/13035\/revisions"}],"wp:featuredmedia":[{"embeddable":true,"href":"https:\/\/3-mmckopen.nl\/pl\/wp-json\/wp\/v2\/media\/13076"}],"wp:attachment":[{"href":"https:\/\/3-mmckopen.nl\/pl\/wp-json\/wp\/v2\/media?parent=13035"}],"wp:term":[{"taxonomy":"product_brand","embeddable":true,"href":"https:\/\/3-mmckopen.nl\/pl\/wp-json\/wp\/v2\/product_brand?post=13035"},{"taxonomy":"product_cat","embeddable":true,"href":"https:\/\/3-mmckopen.nl\/pl\/wp-json\/wp\/v2\/product_cat?post=13035"},{"taxonomy":"product_tag","embeddable":true,"href":"https:\/\/3-mmckopen.nl\/pl\/wp-json\/wp\/v2\/product_tag?post=13035"}],"curies":[{"name":"wp","href":"https:\/\/api.w.org\/{rel}","templated":true}]}}