{"id":13087,"date":"2022-01-30T17:52:41","date_gmt":"2022-01-30T16:52:41","guid":{"rendered":"https:\/\/3-mmckopen.nl\/?post_type=product&#038;p=13087"},"modified":"2025-07-24T10:07:29","modified_gmt":"2025-07-24T08:07:29","slug":"black-stone-spray","status":"publish","type":"product","link":"https:\/\/3-mmckopen.nl\/pl\/3mmc-kopen\/shop\/sexshop\/erotische-cremes-gels\/black-stone-spray\/","title":{"rendered":"Spray do czarnego kamienia"},"content":{"rendered":"<h1>Kup spray Black Stone \u2013 15 ml<\/h1>\n<p>Black Stone Spray mo\u017ce przyczyni\u0107 si\u0119 do zapobiegania przedwczesnemu orgazmowi. Wielu m\u0119\u017cczyzn przychodzi szybciej, ni\u017c by chcieli. Cz\u0119sty problem, kt\u00f3ry jest nieprzyjemny dla obojga partner\u00f3w.<\/p>\n<p>Black Stone Spray dzia\u0142a od\u015bwie\u017caj\u0105co i lekko ch\u0142odz\u0105co na sk\u00f3r\u0119 penisa. Ta unikalna formu\u0142a mo\u017ce pom\u00f3c w zapobieganiu przedwczesnemu wytryskowi i przyczyni\u0107 si\u0119 do przed\u0142u\u017cenia stosunku p\u0142ciowego. Idealne narz\u0119dzie na d\u0142ug\u0105, intensywn\u0105 sesj\u0119 mi\u0142osn\u0105.<\/p>\n<p><strong>Stosowanie:<\/strong><\/p>\n<p>Na\u0142\u00f3\u017c wybran\u0105 ilo\u015b\u0107 na miejsca intymne. Produkt \u0142atwo si\u0119 rozprowadza i szybko wch\u0142ania. Zosta\u0142 opracowany w oparciu o naturalne ekstrakty, kt\u00f3re s\u0105 neutralne dla sk\u00f3ry. Laureth-9, Avena Sativa Kernel i ekstrakt z Hypericum Perforatum dzia\u0142aj\u0105 piel\u0119gnuj\u0105co i mog\u0105 przyczynia\u0107 si\u0119 do op\u00f3\u017anienia wytrysku.<\/p>\n<p>wodny<\/p>\n<p>gliceryna<\/p>\n<p>Laureth-9<\/p>\n<p>Glikol kaprylowy<\/p>\n<p>Polisorbat 20<\/p>\n<p>Alkohol Denat<\/p>\n<p>Alkohol<\/p>\n<p>Ekstrakt z kwiat\u00f3w Hypericum perforatum<\/p>\n<p>Ekstrakt z j\u0105dra vena Sativa<\/p>\n<p>Mleczan mentylu<\/p>","protected":false},"excerpt":{"rendered":"<p>Black Stone Spray kopen \u2013 15 ml Black Stone Spray kan bijdragen aan het voorkomen van een vroegtijdig orgasme. Veel mannen komen sneller klaar dan zij zouden willen. Een veelvoorkomend probleem dat onprettig is voor beide partners. Black Stone Spray is verfrissend en heeft een licht verkoelend effect op de huid van de penis. Deze [&hellip;]<\/p>\n","protected":false},"featured_media":13112,"comment_status":"closed","ping_status":"closed","template":"","meta":{"site-sidebar-layout":"default","site-content-layout":"default","ast-site-content-layout":"default","site-content-style":"default","site-sidebar-style":"default","ast-global-header-display":"","ast-banner-title-visibility":"","ast-main-header-display":"","ast-hfb-above-header-display":"","ast-hfb-below-header-display":"","ast-hfb-mobile-header-display":"","site-post-title":"","ast-breadcrumbs-content":"","ast-featured-img":"","footer-sml-layout":"","theme-transparent-header-meta":"default","adv-header-id-meta":"","stick-header-meta":"","header-above-stick-meta":"","header-main-stick-meta":"","header-below-stick-meta":"","astra-migrate-meta-layouts":"default","ast-page-background-enabled":"default","ast-page-background-meta":{"desktop":{"background-color":"","background-image":"","background-repeat":"repeat","background-position":"center center","background-size":"auto","background-attachment":"scroll","background-type":"","background-media":"","overlay-type":"","overlay-color":"","overlay-opacity":"","overlay-gradient":""},"tablet":{"background-color":"","background-image":"","background-repeat":"repeat","background-position":"center center","background-size":"auto","background-attachment":"scroll","background-type":"","background-media":"","overlay-type":"","overlay-color":"","overlay-opacity":"","overlay-gradient":""},"mobile":{"background-color":"","background-image":"","background-repeat":"repeat","background-position":"center center","background-size":"auto","background-attachment":"scroll","background-type":"","background-media":"","overlay-type":"","overlay-color":"","overlay-opacity":"","overlay-gradient":""}},"ast-content-background-meta":{"desktop":{"background-color":"var(--ast-global-color-5)","background-image":"","background-repeat":"repeat","background-position":"center center","background-size":"auto","background-attachment":"scroll","background-type":"","background-media":"","overlay-type":"","overlay-color":"","overlay-opacity":"","overlay-gradient":""},"tablet":{"background-color":"var(--ast-global-color-5)","background-image":"","background-repeat":"repeat","background-position":"center center","background-size":"auto","background-attachment":"scroll","background-type":"","background-media":"","overlay-type":"","overlay-color":"","overlay-opacity":"","overlay-gradient":""},"mobile":{"background-color":"var(--ast-global-color-5)","background-image":"","background-repeat":"repeat","background-position":"center center","background-size":"auto","background-attachment":"scroll","background-type":"","background-media":"","overlay-type":"","overlay-color":"","overlay-opacity":"","overlay-gradient":""}}},"product_brand":[],"product_cat":[20392,20310],"product_tag":[20311],"class_list":{"0":"post-13087","1":"product","2":"type-product","3":"status-publish","4":"has-post-thumbnail","6":"product_cat-erotische-cremes-gels","7":"product_cat-sexshop","8":"product_tag-erotiek","9":"desktop-align-center","10":"tablet-align-center","11":"mobile-align-center","13":"first","14":"instock","15":"shipping-taxable","16":"purchasable","17":"product-type-simple"},"yoast_head":"<!-- This site is optimized with the Yoast SEO plugin v27.4 - https:\/\/yoast.com\/product\/yoast-seo-wordpress\/ -->\n<title>Black Stone Spray Kopen? - Op=Op- 3MMC kopen<\/title>\n<meta name=\"description\" content=\"Bij 3MMC kopen kun je gemakkelijk en snel Black Stone Spray bestellen en morgen al onderzoeken! Voor 17:00 besteld is vandaag al verzonden. Wees er snel bij.\" \/>\n<meta name=\"robots\" content=\"index, follow, max-snippet:-1, max-image-preview:large, max-video-preview:-1\" \/>\n<link rel=\"canonical\" href=\"https:\/\/3-mmckopen.nl\/pl\/3mmc-kopen\/shop\/sexshop\/erotische-cremes-gels\/black-stone-spray\/\" \/>\n<meta property=\"og:locale\" content=\"pl_PL\" \/>\n<meta property=\"og:type\" content=\"article\" \/>\n<meta property=\"og:title\" content=\"Black Stone Spray Kopen? - Op=Op- 3MMC kopen\" \/>\n<meta property=\"og:description\" content=\"Bij 3MMC kopen kun je gemakkelijk en snel Black Stone Spray bestellen en morgen al onderzoeken! Voor 17:00 besteld is vandaag al verzonden. Wees er snel bij.\" \/>\n<meta property=\"og:url\" content=\"https:\/\/3-mmckopen.nl\/pl\/3mmc-kopen\/shop\/sexshop\/erotische-cremes-gels\/black-stone-spray\/\" \/>\n<meta property=\"og:site_name\" content=\"3MMC kopen\" \/>\n<meta property=\"article:modified_time\" content=\"2025-07-24T08:07:29+00:00\" \/>\n<meta property=\"og:image\" content=\"https:\/\/3-mmckopen.nl\/wp-content\/uploads\/2022\/01\/1395.jpg\" \/>\n\t<meta property=\"og:image:width\" content=\"900\" \/>\n\t<meta property=\"og:image:height\" content=\"900\" \/>\n\t<meta property=\"og:image:type\" content=\"image\/jpeg\" \/>\n<meta name=\"twitter:card\" content=\"summary_large_image\" \/>\n<meta name=\"twitter:label1\" content=\"Szacowany czas czytania\" \/>\n\t<meta name=\"twitter:data1\" content=\"1 minuta\" \/>\n<script type=\"application\/ld+json\" class=\"yoast-schema-graph\">{\"@context\":\"https:\\\/\\\/schema.org\",\"@graph\":[{\"@type\":\"WebPage\",\"@id\":\"https:\\\/\\\/3-mmckopen.nl\\\/3mmc-kopen\\\/shop\\\/sexshop\\\/erotische-cremes-gels\\\/black-stone-spray\\\/\",\"url\":\"https:\\\/\\\/3-mmckopen.nl\\\/3mmc-kopen\\\/shop\\\/sexshop\\\/erotische-cremes-gels\\\/black-stone-spray\\\/\",\"name\":\"Black Stone Spray Kopen? - Op=Op- 3MMC kopen\",\"isPartOf\":{\"@id\":\"https:\\\/\\\/3-mmckopen.nl\\\/#website\"},\"primaryImageOfPage\":{\"@id\":\"https:\\\/\\\/3-mmckopen.nl\\\/3mmc-kopen\\\/shop\\\/sexshop\\\/erotische-cremes-gels\\\/black-stone-spray\\\/#primaryimage\"},\"image\":{\"@id\":\"https:\\\/\\\/3-mmckopen.nl\\\/3mmc-kopen\\\/shop\\\/sexshop\\\/erotische-cremes-gels\\\/black-stone-spray\\\/#primaryimage\"},\"thumbnailUrl\":\"https:\\\/\\\/3-mmckopen.nl\\\/wp-content\\\/uploads\\\/2022\\\/01\\\/1395.jpg\",\"datePublished\":\"2022-01-30T16:52:41+00:00\",\"dateModified\":\"2025-07-24T08:07:29+00:00\",\"description\":\"Bij 3MMC kopen kun je gemakkelijk en snel Black Stone Spray bestellen en morgen al onderzoeken! Voor 17:00 besteld is vandaag al verzonden. Wees er snel bij.\",\"breadcrumb\":{\"@id\":\"https:\\\/\\\/3-mmckopen.nl\\\/3mmc-kopen\\\/shop\\\/sexshop\\\/erotische-cremes-gels\\\/black-stone-spray\\\/#breadcrumb\"},\"inLanguage\":\"pl-PL\",\"potentialAction\":[{\"@type\":\"ReadAction\",\"target\":[\"https:\\\/\\\/3-mmckopen.nl\\\/3mmc-kopen\\\/shop\\\/sexshop\\\/erotische-cremes-gels\\\/black-stone-spray\\\/\"]}]},{\"@type\":\"ImageObject\",\"inLanguage\":\"pl-PL\",\"@id\":\"https:\\\/\\\/3-mmckopen.nl\\\/3mmc-kopen\\\/shop\\\/sexshop\\\/erotische-cremes-gels\\\/black-stone-spray\\\/#primaryimage\",\"url\":\"https:\\\/\\\/3-mmckopen.nl\\\/wp-content\\\/uploads\\\/2022\\\/01\\\/1395.jpg\",\"contentUrl\":\"https:\\\/\\\/3-mmckopen.nl\\\/wp-content\\\/uploads\\\/2022\\\/01\\\/1395.jpg\",\"width\":900,\"height\":900},{\"@type\":\"BreadcrumbList\",\"@id\":\"https:\\\/\\\/3-mmckopen.nl\\\/3mmc-kopen\\\/shop\\\/sexshop\\\/erotische-cremes-gels\\\/black-stone-spray\\\/#breadcrumb\",\"itemListElement\":[{\"@type\":\"ListItem\",\"position\":1,\"name\":\"Home\",\"item\":\"https:\\\/\\\/3-mmckopen.nl\\\/\"},{\"@type\":\"ListItem\",\"position\":2,\"name\":\"Winkel\",\"item\":\"https:\\\/\\\/3-mmckopen.nl\\\/winkel\\\/\"},{\"@type\":\"ListItem\",\"position\":3,\"name\":\"Black Stone Spray\"}]},{\"@type\":\"WebSite\",\"@id\":\"https:\\\/\\\/3-mmckopen.nl\\\/#website\",\"url\":\"https:\\\/\\\/3-mmckopen.nl\\\/\",\"name\":\"3MMC kopen\",\"description\":\"VOOR ALLE THUIS CHEMISI EN ONDERZOEKERS ONDER ONS\",\"publisher\":{\"@id\":\"https:\\\/\\\/3-mmckopen.nl\\\/#organization\"},\"potentialAction\":[{\"@type\":\"SearchAction\",\"target\":{\"@type\":\"EntryPoint\",\"urlTemplate\":\"https:\\\/\\\/3-mmckopen.nl\\\/?s={search_term_string}\"},\"query-input\":{\"@type\":\"PropertyValueSpecification\",\"valueRequired\":true,\"valueName\":\"search_term_string\"}}],\"inLanguage\":\"pl-PL\"},{\"@type\":\"Organization\",\"@id\":\"https:\\\/\\\/3-mmckopen.nl\\\/#organization\",\"name\":\"3mmc kopen\",\"url\":\"https:\\\/\\\/3-mmckopen.nl\\\/\",\"logo\":{\"@type\":\"ImageObject\",\"inLanguage\":\"pl-PL\",\"@id\":\"https:\\\/\\\/3-mmckopen.nl\\\/#\\\/schema\\\/logo\\\/image\\\/\",\"url\":\"https:\\\/\\\/3-mmckopen.nl\\\/wp-content\\\/uploads\\\/2024\\\/03\\\/3mmckopennl.webp\",\"contentUrl\":\"https:\\\/\\\/3-mmckopen.nl\\\/wp-content\\\/uploads\\\/2024\\\/03\\\/3mmckopennl.webp\",\"width\":300,\"height\":118,\"caption\":\"3mmc kopen\"},\"image\":{\"@id\":\"https:\\\/\\\/3-mmckopen.nl\\\/#\\\/schema\\\/logo\\\/image\\\/\"},\"sameAs\":[\"https:\\\/\\\/www.instagram.com\\\/dehuisprofessor\\\/\",\"https:\\\/\\\/nl.pinterest.com\\\/dehuisprofessor\\\/\",\"https:\\\/\\\/www.youtube.com\\\/channel\\\/UCsGzCVJiHsWLILEEHDzCNqA\"]}]}<\/script>\n<!-- \/ Yoast SEO plugin. -->","yoast_head_json":{"title":"Black Stone Spray Kopen? - Op=Op- 3MMC kopen","description":"Bij 3MMC kopen kun je gemakkelijk en snel Black Stone Spray bestellen en morgen al onderzoeken! Voor 17:00 besteld is vandaag al verzonden. Wees er snel bij.","robots":{"index":"index","follow":"follow","max-snippet":"max-snippet:-1","max-image-preview":"max-image-preview:large","max-video-preview":"max-video-preview:-1"},"canonical":"https:\/\/3-mmckopen.nl\/pl\/3mmc-kopen\/shop\/sexshop\/erotische-cremes-gels\/black-stone-spray\/","og_locale":"pl_PL","og_type":"article","og_title":"Black Stone Spray Kopen? - Op=Op- 3MMC kopen","og_description":"Bij 3MMC kopen kun je gemakkelijk en snel Black Stone Spray bestellen en morgen al onderzoeken! Voor 17:00 besteld is vandaag al verzonden. Wees er snel bij.","og_url":"https:\/\/3-mmckopen.nl\/pl\/3mmc-kopen\/shop\/sexshop\/erotische-cremes-gels\/black-stone-spray\/","og_site_name":"3MMC kopen","article_modified_time":"2025-07-24T08:07:29+00:00","og_image":[{"width":900,"height":900,"url":"https:\/\/3-mmckopen.nl\/wp-content\/uploads\/2022\/01\/1395.jpg","type":"image\/jpeg"}],"twitter_card":"summary_large_image","twitter_misc":{"Szacowany czas czytania":"1 minuta"},"schema":{"@context":"https:\/\/schema.org","@graph":[{"@type":"WebPage","@id":"https:\/\/3-mmckopen.nl\/3mmc-kopen\/shop\/sexshop\/erotische-cremes-gels\/black-stone-spray\/","url":"https:\/\/3-mmckopen.nl\/3mmc-kopen\/shop\/sexshop\/erotische-cremes-gels\/black-stone-spray\/","name":"Black Stone Spray Kopen? - Op=Op- 3MMC kopen","isPartOf":{"@id":"https:\/\/3-mmckopen.nl\/#website"},"primaryImageOfPage":{"@id":"https:\/\/3-mmckopen.nl\/3mmc-kopen\/shop\/sexshop\/erotische-cremes-gels\/black-stone-spray\/#primaryimage"},"image":{"@id":"https:\/\/3-mmckopen.nl\/3mmc-kopen\/shop\/sexshop\/erotische-cremes-gels\/black-stone-spray\/#primaryimage"},"thumbnailUrl":"https:\/\/3-mmckopen.nl\/wp-content\/uploads\/2022\/01\/1395.jpg","datePublished":"2022-01-30T16:52:41+00:00","dateModified":"2025-07-24T08:07:29+00:00","description":"Bij 3MMC kopen kun je gemakkelijk en snel Black Stone Spray bestellen en morgen al onderzoeken! Voor 17:00 besteld is vandaag al verzonden. Wees er snel bij.","breadcrumb":{"@id":"https:\/\/3-mmckopen.nl\/3mmc-kopen\/shop\/sexshop\/erotische-cremes-gels\/black-stone-spray\/#breadcrumb"},"inLanguage":"pl-PL","potentialAction":[{"@type":"ReadAction","target":["https:\/\/3-mmckopen.nl\/3mmc-kopen\/shop\/sexshop\/erotische-cremes-gels\/black-stone-spray\/"]}]},{"@type":"ImageObject","inLanguage":"pl-PL","@id":"https:\/\/3-mmckopen.nl\/3mmc-kopen\/shop\/sexshop\/erotische-cremes-gels\/black-stone-spray\/#primaryimage","url":"https:\/\/3-mmckopen.nl\/wp-content\/uploads\/2022\/01\/1395.jpg","contentUrl":"https:\/\/3-mmckopen.nl\/wp-content\/uploads\/2022\/01\/1395.jpg","width":900,"height":900},{"@type":"BreadcrumbList","@id":"https:\/\/3-mmckopen.nl\/3mmc-kopen\/shop\/sexshop\/erotische-cremes-gels\/black-stone-spray\/#breadcrumb","itemListElement":[{"@type":"ListItem","position":1,"name":"Home","item":"https:\/\/3-mmckopen.nl\/"},{"@type":"ListItem","position":2,"name":"Winkel","item":"https:\/\/3-mmckopen.nl\/winkel\/"},{"@type":"ListItem","position":3,"name":"Black Stone Spray"}]},{"@type":"WebSite","@id":"https:\/\/3-mmckopen.nl\/#website","url":"https:\/\/3-mmckopen.nl\/","name":"kup 3MMC","description":"DLA WSZYSTKICH DOMOWYCH CHEMIKALI I NAUKOWC\u00d3W W\u015aR\u00d3D NAS","publisher":{"@id":"https:\/\/3-mmckopen.nl\/#organization"},"potentialAction":[{"@type":"SearchAction","target":{"@type":"EntryPoint","urlTemplate":"https:\/\/3-mmckopen.nl\/?s={search_term_string}"},"query-input":{"@type":"PropertyValueSpecification","valueRequired":true,"valueName":"search_term_string"}}],"inLanguage":"pl-PL"},{"@type":"Organization","@id":"https:\/\/3-mmckopen.nl\/#organization","name":"3mmc kopen","url":"https:\/\/3-mmckopen.nl\/","logo":{"@type":"ImageObject","inLanguage":"pl-PL","@id":"https:\/\/3-mmckopen.nl\/#\/schema\/logo\/image\/","url":"https:\/\/3-mmckopen.nl\/wp-content\/uploads\/2024\/03\/3mmckopennl.webp","contentUrl":"https:\/\/3-mmckopen.nl\/wp-content\/uploads\/2024\/03\/3mmckopennl.webp","width":300,"height":118,"caption":"3mmc kopen"},"image":{"@id":"https:\/\/3-mmckopen.nl\/#\/schema\/logo\/image\/"},"sameAs":["https:\/\/www.instagram.com\/dehuisprofessor\/","https:\/\/nl.pinterest.com\/dehuisprofessor\/","https:\/\/www.youtube.com\/channel\/UCsGzCVJiHsWLILEEHDzCNqA"]}]}},"_links":{"self":[{"href":"https:\/\/3-mmckopen.nl\/pl\/wp-json\/wp\/v2\/product\/13087","targetHints":{"allow":["GET"]}}],"collection":[{"href":"https:\/\/3-mmckopen.nl\/pl\/wp-json\/wp\/v2\/product"}],"about":[{"href":"https:\/\/3-mmckopen.nl\/pl\/wp-json\/wp\/v2\/types\/product"}],"replies":[{"embeddable":true,"href":"https:\/\/3-mmckopen.nl\/pl\/wp-json\/wp\/v2\/comments?post=13087"}],"version-history":[{"count":0,"href":"https:\/\/3-mmckopen.nl\/pl\/wp-json\/wp\/v2\/product\/13087\/revisions"}],"wp:featuredmedia":[{"embeddable":true,"href":"https:\/\/3-mmckopen.nl\/pl\/wp-json\/wp\/v2\/media\/13112"}],"wp:attachment":[{"href":"https:\/\/3-mmckopen.nl\/pl\/wp-json\/wp\/v2\/media?parent=13087"}],"wp:term":[{"taxonomy":"product_brand","embeddable":true,"href":"https:\/\/3-mmckopen.nl\/pl\/wp-json\/wp\/v2\/product_brand?post=13087"},{"taxonomy":"product_cat","embeddable":true,"href":"https:\/\/3-mmckopen.nl\/pl\/wp-json\/wp\/v2\/product_cat?post=13087"},{"taxonomy":"product_tag","embeddable":true,"href":"https:\/\/3-mmckopen.nl\/pl\/wp-json\/wp\/v2\/product_tag?post=13087"}],"curies":[{"name":"wp","href":"https:\/\/api.w.org\/{rel}","templated":true}]}}