{"id":13320,"date":"2022-02-08T22:49:08","date_gmt":"2022-02-08T21:49:08","guid":{"rendered":"https:\/\/3-mmckopen.nl\/?post_type=product&#038;p=13320"},"modified":"2025-07-21T13:35:41","modified_gmt":"2025-07-21T11:35:41","slug":"mckennaii-growkit-1200-cc","status":"publish","type":"product","link":"https:\/\/3-mmckopen.nl\/pl\/3mmc-kopen\/shop\/smartshop\/truffels\/mckennaii-growkit-1200-cc\/","title":{"rendered":"Zestaw do uprawy McKennaii - 1200 cm3"},"content":{"rendered":"<h1 class=\"product_title entry-title\"><strong>McKennaii Mushroom Growkit \u2013 1200 cc<\/strong><\/h1>\n<p>&nbsp;<\/p>\n<p><strong>Bewaar advies:<\/strong>\u00a0Tussen de 2 en 4 graden.<\/p>\n<p><strong>Soort:<\/strong>\u00a0Psilocyne Mckennaii<\/p>\n<p><strong>Ne<\/strong><strong>tto Inhoud:<\/strong>\u00a01200cc<\/p>\n<p><strong>Gemiddelde opbrengst:<\/strong>\u00a0ong. 400gr<\/p>\n<p><strong>Opis:<\/strong><\/p>\n<p>De McKennaii is een sterke paddo die visueel deuren voor je zal openen. Laat jezelf meevoeren in een kleurige en vrolijke achtbaan met de McKennaii paddo. Laat je eigen Magic Mushrooms groeien en geniet van een onvergetelijke belevenis. Een sterkere trip onder de GrowKits bestaat er niet!<\/p>\n<p><strong>Informacje og\u00f3lne:<\/strong><\/p>\n<p>De All-in-one GrowKit bevat alles, wat je nodig hebt om je eigen Magic Mushrooms te laten groeien. Zo kun je zelf de oude vertrouwde kwaliteit van de Mcsmart Magic Mushrooms kweken.<\/p>\n<p>Alleen water toevoegen en de instructies volgen. De All-in-one GrowKit bevat naast de GrowKit, een groeizak met luchtfilters en 2 paperclips.<\/p>\n<p>Gemiddeld zijn er per GrowKit drie vluchten mogelijk. Daarbij geldt dat de eerste vlucht meestal de grootste opbrengst levert. Voor de 1200cc zal dit ongeveer 400 gram zijn.<\/p>\n<p>Gekoeld is de GrowKit zo\u2019n 6 maanden houdbaar. Buiten de koeling is de GrowKit beperkt houdbaar.<\/p>\n<p><em>Enjoy growing your own Magic Mushrooms!<\/em><\/p>\n<h3><strong>Growkit Instructies:<\/strong><\/h3>\n<p><strong>Stap 1<\/strong><\/p>\n<p>Was je handen grondig en maak de buitenkant van de growkit schoon met een droge doek. Verwijder de deksel en bewaar deze voor stap 2.<\/p>\n<p><strong>Stap 2<\/strong><\/p>\n<p>Vul de growkit tot aan de rand met lauw water (20C\u00b0), plaats de deksel terug op de growkit en laat de growkit 5 minuten weken.<\/p>\n<p>Belangrijk: laat de growkit nooit langer dan 1 uur weken.<\/p>\n<p><strong>Stap 3<\/strong><\/p>\n<p>Haal de deksel van de growkit en giet het water goed af. Laat de growkit 10 seconden uitlekken.<\/p>\n<p><strong>Stap 4<\/strong><\/p>\n<p>Plaats de growkit in de growbag en vul deze met een kopje, 200 tot 250ml, lauw water (20\u00b0C). Vouw hierna de bovenkant van de zak en sluit deze met de 2 paperclips.<\/p>\n<p><strong>Stap 5<\/strong><\/p>\n<p>Plaats de growkit in een kamer tussen de 20-25 graden. Zorg ervoor dat; de growkit niet in direct zonlicht staat, niet onder een lamp staat en niet bij een verwarming\/hittebron staat. Belangrijk: de zak moet dichtblijven totdat de pinheads gevormd worden. In dit stadium moet het CO2 gehalte en de luchtvochtigheid zo hoog mogelijk zijn.<\/p>\n<p><strong>Stap 6<\/strong><\/p>\n<p>Wanneer de eerste pinheads* te zien zijn, laat de groeizak dan dagelijks een paar minuten luchten en bevochtig de growkit hierna met plantenspuit.<\/p>\n<p>*Pinheads zijn de eerst zichtbare vormingen van de paddenstoelen. Het kan 10 tot 20 dagen duren voordat de eerste pinheads zichtbaar zijn.<\/p>\n<p><strong>Stap<\/strong>\u00a0<strong>7<\/strong><\/p>\n<p>De paddenstoelen kunnen geoogst worden vlak voordat de vliesjes aan de onder de hoed los beginnen te komen. Pak tijdens het oogsten de steel voorzichtig vast en draai deze links\/rechts. Wanneer de paddenstoel los komt te zitten, trek deze er dan zo volledig mogelijk uit.<\/p>\n<p>Belangrijk: de paddenstoel moet compleet verwijderd worden zodat er weer ruimte komt voor een nieuwe.<\/p>\n<p><strong>Stap 8<\/strong><\/p>\n<p>Gefeliciteerd, de oogst is compleet. Het is nu mogelijk om een nieuwe oogst te cre\u00ebren door opnieuw stap 4 tot en met 7 te doorlopen.<\/p>\n<p><strong>Operacja:<\/strong><\/p>\n<p>Magische paddenstoelen bevatten de werkzame stof psilocybine. Psilocybine wordt in het lichaam omgezet in psilocine, een stof met hallucinerende werking. Deze stof heeft effect op de serotoninehuishouding in de hersenen. Serotonine is een stof in de hersenen die signalen omtrent zelfvertrouwen, slaap, emotie, seksuele activiteit en eetlust opvangt. Psilocine zorgt voor een \u2018magische\u2019 invloed op deze serotoninehuishouding. Hierdoor ontstaat de bekende hallucinogene trip.<\/p>\n<p><strong>LET OP:<\/strong><\/p>\n<p>Magische Paddenstoelen bevatten van nature ook de stoffen psilocybine en psilocine. Psilocybine en psilocine zijn hallucinogenen. Hallucinogenen zijn stoffen met een bewustzijns veranderende werking, die hallucinaties kunnen opwekken. Houd bij consumptie van de paddenstoelen dus rekening met de werking van deze stoffen en bewaar de paddenstoel soort vanwege deze stoffen ook altijd buiten bereik van kinderen!<\/p>","protected":false},"excerpt":{"rendered":"<p>McKennaii Mushroom Growkit \u2013 1200 cc &nbsp; Bewaar advies:\u00a0Tussen de 2 en 4 graden. Soort:\u00a0Psilocyne Mckennaii Netto Inhoud:\u00a01200cc Gemiddelde opbrengst:\u00a0ong. 400gr Omschrijving: De McKennaii is een sterke paddo die visueel deuren voor je zal openen. Laat jezelf meevoeren in een kleurige en vrolijke achtbaan met de McKennaii paddo. Laat je eigen Magic Mushrooms groeien en [&hellip;]<\/p>\n","protected":false},"featured_media":13321,"comment_status":"closed","ping_status":"closed","template":"","meta":{"site-sidebar-layout":"default","site-content-layout":"default","ast-site-content-layout":"default","site-content-style":"default","site-sidebar-style":"default","ast-global-header-display":"","ast-banner-title-visibility":"","ast-main-header-display":"","ast-hfb-above-header-display":"","ast-hfb-below-header-display":"","ast-hfb-mobile-header-display":"","site-post-title":"","ast-breadcrumbs-content":"","ast-featured-img":"","footer-sml-layout":"","theme-transparent-header-meta":"default","adv-header-id-meta":"","stick-header-meta":"","header-above-stick-meta":"","header-main-stick-meta":"","header-below-stick-meta":"","astra-migrate-meta-layouts":"default","ast-page-background-enabled":"default","ast-page-background-meta":{"desktop":{"background-color":"","background-image":"","background-repeat":"repeat","background-position":"center center","background-size":"auto","background-attachment":"scroll","background-type":"","background-media":"","overlay-type":"","overlay-color":"","overlay-opacity":"","overlay-gradient":""},"tablet":{"background-color":"","background-image":"","background-repeat":"repeat","background-position":"center center","background-size":"auto","background-attachment":"scroll","background-type":"","background-media":"","overlay-type":"","overlay-color":"","overlay-opacity":"","overlay-gradient":""},"mobile":{"background-color":"","background-image":"","background-repeat":"repeat","background-position":"center center","background-size":"auto","background-attachment":"scroll","background-type":"","background-media":"","overlay-type":"","overlay-color":"","overlay-opacity":"","overlay-gradient":""}},"ast-content-background-meta":{"desktop":{"background-color":"var(--ast-global-color-5)","background-image":"","background-repeat":"repeat","background-position":"center center","background-size":"auto","background-attachment":"scroll","background-type":"","background-media":"","overlay-type":"","overlay-color":"","overlay-opacity":"","overlay-gradient":""},"tablet":{"background-color":"var(--ast-global-color-5)","background-image":"","background-repeat":"repeat","background-position":"center center","background-size":"auto","background-attachment":"scroll","background-type":"","background-media":"","overlay-type":"","overlay-color":"","overlay-opacity":"","overlay-gradient":""},"mobile":{"background-color":"var(--ast-global-color-5)","background-image":"","background-repeat":"repeat","background-position":"center center","background-size":"auto","background-attachment":"scroll","background-type":"","background-media":"","overlay-type":"","overlay-color":"","overlay-opacity":"","overlay-gradient":""}}},"product_brand":[],"product_cat":[20317,20309],"product_tag":[],"class_list":{"0":"post-13320","1":"product","2":"type-product","3":"status-publish","4":"has-post-thumbnail","6":"product_cat-truffels","7":"product_cat-smartshop","8":"desktop-align-center","9":"tablet-align-center","10":"mobile-align-center","12":"first","13":"outofstock","14":"sale","15":"shipping-taxable","16":"purchasable","17":"product-type-simple"},"yoast_head":"<!-- This site is optimized with the Yoast SEO plugin v27.4 - https:\/\/yoast.com\/product\/yoast-seo-wordpress\/ -->\n<title>McKennaii Growkit \u2013 1200 cc Kopen? - Op=Op- 3MMC kopen<\/title>\n<meta name=\"description\" content=\"Bij 3MMC kopen kun je gemakkelijk en snel McKennaii Growkit \u2013 1200 cc bestellen en morgen al onderzoeken! Voor 17:00 besteld is vandaag al verzonden. Wees er snel bij.\" \/>\n<meta name=\"robots\" content=\"index, follow, max-snippet:-1, max-image-preview:large, max-video-preview:-1\" \/>\n<link rel=\"canonical\" href=\"https:\/\/3-mmckopen.nl\/pl\/3mmc-kopen\/shop\/smartshop\/truffels\/mckennaii-growkit-1200-cc\/\" \/>\n<meta property=\"og:locale\" content=\"pl_PL\" \/>\n<meta property=\"og:type\" content=\"article\" \/>\n<meta property=\"og:title\" content=\"McKennaii Growkit \u2013 1200 cc Kopen? - Op=Op- 3MMC kopen\" \/>\n<meta property=\"og:description\" content=\"Bij 3MMC kopen kun je gemakkelijk en snel McKennaii Growkit \u2013 1200 cc bestellen en morgen al onderzoeken! Voor 17:00 besteld is vandaag al verzonden. Wees er snel bij.\" \/>\n<meta property=\"og:url\" content=\"https:\/\/3-mmckopen.nl\/pl\/3mmc-kopen\/shop\/smartshop\/truffels\/mckennaii-growkit-1200-cc\/\" \/>\n<meta property=\"og:site_name\" content=\"3MMC kopen\" \/>\n<meta property=\"article:modified_time\" content=\"2025-07-21T11:35:41+00:00\" \/>\n<meta property=\"og:image\" content=\"https:\/\/3-mmckopen.nl\/wp-content\/uploads\/2022\/02\/McKennaii1200cc-600x600-1.jpg\" \/>\n\t<meta property=\"og:image:width\" content=\"600\" \/>\n\t<meta property=\"og:image:height\" content=\"600\" \/>\n\t<meta property=\"og:image:type\" content=\"image\/jpeg\" \/>\n<meta name=\"twitter:card\" content=\"summary_large_image\" \/>\n<meta name=\"twitter:label1\" content=\"Szacowany czas czytania\" \/>\n\t<meta name=\"twitter:data1\" content=\"3 minuty\" \/>\n<script type=\"application\/ld+json\" class=\"yoast-schema-graph\">{\"@context\":\"https:\\\/\\\/schema.org\",\"@graph\":[{\"@type\":\"WebPage\",\"@id\":\"https:\\\/\\\/3-mmckopen.nl\\\/en\\\/3mmc-kopen\\\/shop\\\/smartshop\\\/truffels\\\/mckennaii-growkit-1200-cc\\\/\",\"url\":\"https:\\\/\\\/3-mmckopen.nl\\\/en\\\/3mmc-kopen\\\/shop\\\/smartshop\\\/truffels\\\/mckennaii-growkit-1200-cc\\\/\",\"name\":\"McKennaii Growkit \u2013 1200 cc Kopen? - Op=Op- 3MMC kopen\",\"isPartOf\":{\"@id\":\"https:\\\/\\\/3-mmckopen.nl\\\/#website\"},\"primaryImageOfPage\":{\"@id\":\"https:\\\/\\\/3-mmckopen.nl\\\/en\\\/3mmc-kopen\\\/shop\\\/smartshop\\\/truffels\\\/mckennaii-growkit-1200-cc\\\/#primaryimage\"},\"image\":{\"@id\":\"https:\\\/\\\/3-mmckopen.nl\\\/en\\\/3mmc-kopen\\\/shop\\\/smartshop\\\/truffels\\\/mckennaii-growkit-1200-cc\\\/#primaryimage\"},\"thumbnailUrl\":\"https:\\\/\\\/3-mmckopen.nl\\\/wp-content\\\/uploads\\\/2022\\\/02\\\/McKennaii1200cc-600x600-1.jpg\",\"datePublished\":\"2022-02-08T21:49:08+00:00\",\"dateModified\":\"2025-07-21T11:35:41+00:00\",\"description\":\"Bij 3MMC kopen kun je gemakkelijk en snel McKennaii Growkit \u2013 1200 cc bestellen en morgen al onderzoeken! Voor 17:00 besteld is vandaag al verzonden. Wees er snel bij.\",\"breadcrumb\":{\"@id\":\"https:\\\/\\\/3-mmckopen.nl\\\/en\\\/3mmc-kopen\\\/shop\\\/smartshop\\\/truffels\\\/mckennaii-growkit-1200-cc\\\/#breadcrumb\"},\"inLanguage\":\"pl-PL\",\"potentialAction\":[{\"@type\":\"ReadAction\",\"target\":[\"https:\\\/\\\/3-mmckopen.nl\\\/en\\\/3mmc-kopen\\\/shop\\\/smartshop\\\/truffels\\\/mckennaii-growkit-1200-cc\\\/\"]}]},{\"@type\":\"ImageObject\",\"inLanguage\":\"pl-PL\",\"@id\":\"https:\\\/\\\/3-mmckopen.nl\\\/en\\\/3mmc-kopen\\\/shop\\\/smartshop\\\/truffels\\\/mckennaii-growkit-1200-cc\\\/#primaryimage\",\"url\":\"https:\\\/\\\/3-mmckopen.nl\\\/wp-content\\\/uploads\\\/2022\\\/02\\\/McKennaii1200cc-600x600-1.jpg\",\"contentUrl\":\"https:\\\/\\\/3-mmckopen.nl\\\/wp-content\\\/uploads\\\/2022\\\/02\\\/McKennaii1200cc-600x600-1.jpg\",\"width\":600,\"height\":600},{\"@type\":\"BreadcrumbList\",\"@id\":\"https:\\\/\\\/3-mmckopen.nl\\\/en\\\/3mmc-kopen\\\/shop\\\/smartshop\\\/truffels\\\/mckennaii-growkit-1200-cc\\\/#breadcrumb\",\"itemListElement\":[{\"@type\":\"ListItem\",\"position\":1,\"name\":\"Home\",\"item\":\"https:\\\/\\\/3-mmckopen.nl\\\/\"},{\"@type\":\"ListItem\",\"position\":2,\"name\":\"Winkel\",\"item\":\"https:\\\/\\\/3-mmckopen.nl\\\/winkel\\\/\"},{\"@type\":\"ListItem\",\"position\":3,\"name\":\"McKennaii Growkit \u2013 1200 cc\"}]},{\"@type\":\"WebSite\",\"@id\":\"https:\\\/\\\/3-mmckopen.nl\\\/#website\",\"url\":\"https:\\\/\\\/3-mmckopen.nl\\\/\",\"name\":\"3MMC kopen\",\"description\":\"VOOR ALLE THUIS CHEMISI EN ONDERZOEKERS ONDER ONS\",\"publisher\":{\"@id\":\"https:\\\/\\\/3-mmckopen.nl\\\/#organization\"},\"potentialAction\":[{\"@type\":\"SearchAction\",\"target\":{\"@type\":\"EntryPoint\",\"urlTemplate\":\"https:\\\/\\\/3-mmckopen.nl\\\/?s={search_term_string}\"},\"query-input\":{\"@type\":\"PropertyValueSpecification\",\"valueRequired\":true,\"valueName\":\"search_term_string\"}}],\"inLanguage\":\"pl-PL\"},{\"@type\":\"Organization\",\"@id\":\"https:\\\/\\\/3-mmckopen.nl\\\/#organization\",\"name\":\"3mmc kopen\",\"url\":\"https:\\\/\\\/3-mmckopen.nl\\\/\",\"logo\":{\"@type\":\"ImageObject\",\"inLanguage\":\"pl-PL\",\"@id\":\"https:\\\/\\\/3-mmckopen.nl\\\/#\\\/schema\\\/logo\\\/image\\\/\",\"url\":\"https:\\\/\\\/3-mmckopen.nl\\\/wp-content\\\/uploads\\\/2024\\\/03\\\/3mmckopennl.webp\",\"contentUrl\":\"https:\\\/\\\/3-mmckopen.nl\\\/wp-content\\\/uploads\\\/2024\\\/03\\\/3mmckopennl.webp\",\"width\":300,\"height\":118,\"caption\":\"3mmc kopen\"},\"image\":{\"@id\":\"https:\\\/\\\/3-mmckopen.nl\\\/#\\\/schema\\\/logo\\\/image\\\/\"},\"sameAs\":[\"https:\\\/\\\/www.instagram.com\\\/dehuisprofessor\\\/\",\"https:\\\/\\\/nl.pinterest.com\\\/dehuisprofessor\\\/\",\"https:\\\/\\\/www.youtube.com\\\/channel\\\/UCsGzCVJiHsWLILEEHDzCNqA\"]}]}<\/script>\n<!-- \/ Yoast SEO plugin. -->","yoast_head_json":{"title":"McKennaii Growkit \u2013 1200 cc Kopen? - Op=Op- 3MMC kopen","description":"Bij 3MMC kopen kun je gemakkelijk en snel McKennaii Growkit \u2013 1200 cc bestellen en morgen al onderzoeken! Voor 17:00 besteld is vandaag al verzonden. Wees er snel bij.","robots":{"index":"index","follow":"follow","max-snippet":"max-snippet:-1","max-image-preview":"max-image-preview:large","max-video-preview":"max-video-preview:-1"},"canonical":"https:\/\/3-mmckopen.nl\/pl\/3mmc-kopen\/shop\/smartshop\/truffels\/mckennaii-growkit-1200-cc\/","og_locale":"pl_PL","og_type":"article","og_title":"McKennaii Growkit \u2013 1200 cc Kopen? - Op=Op- 3MMC kopen","og_description":"Bij 3MMC kopen kun je gemakkelijk en snel McKennaii Growkit \u2013 1200 cc bestellen en morgen al onderzoeken! Voor 17:00 besteld is vandaag al verzonden. Wees er snel bij.","og_url":"https:\/\/3-mmckopen.nl\/pl\/3mmc-kopen\/shop\/smartshop\/truffels\/mckennaii-growkit-1200-cc\/","og_site_name":"3MMC kopen","article_modified_time":"2025-07-21T11:35:41+00:00","og_image":[{"width":600,"height":600,"url":"https:\/\/3-mmckopen.nl\/wp-content\/uploads\/2022\/02\/McKennaii1200cc-600x600-1.jpg","type":"image\/jpeg"}],"twitter_card":"summary_large_image","twitter_misc":{"Szacowany czas czytania":"3 minuty"},"schema":{"@context":"https:\/\/schema.org","@graph":[{"@type":"WebPage","@id":"https:\/\/3-mmckopen.nl\/en\/3mmc-kopen\/shop\/smartshop\/truffels\/mckennaii-growkit-1200-cc\/","url":"https:\/\/3-mmckopen.nl\/en\/3mmc-kopen\/shop\/smartshop\/truffels\/mckennaii-growkit-1200-cc\/","name":"McKennaii Growkit \u2013 1200 cc Kopen? - Op=Op- 3MMC kopen","isPartOf":{"@id":"https:\/\/3-mmckopen.nl\/#website"},"primaryImageOfPage":{"@id":"https:\/\/3-mmckopen.nl\/en\/3mmc-kopen\/shop\/smartshop\/truffels\/mckennaii-growkit-1200-cc\/#primaryimage"},"image":{"@id":"https:\/\/3-mmckopen.nl\/en\/3mmc-kopen\/shop\/smartshop\/truffels\/mckennaii-growkit-1200-cc\/#primaryimage"},"thumbnailUrl":"https:\/\/3-mmckopen.nl\/wp-content\/uploads\/2022\/02\/McKennaii1200cc-600x600-1.jpg","datePublished":"2022-02-08T21:49:08+00:00","dateModified":"2025-07-21T11:35:41+00:00","description":"Bij 3MMC kopen kun je gemakkelijk en snel McKennaii Growkit \u2013 1200 cc bestellen en morgen al onderzoeken! Voor 17:00 besteld is vandaag al verzonden. Wees er snel bij.","breadcrumb":{"@id":"https:\/\/3-mmckopen.nl\/en\/3mmc-kopen\/shop\/smartshop\/truffels\/mckennaii-growkit-1200-cc\/#breadcrumb"},"inLanguage":"pl-PL","potentialAction":[{"@type":"ReadAction","target":["https:\/\/3-mmckopen.nl\/en\/3mmc-kopen\/shop\/smartshop\/truffels\/mckennaii-growkit-1200-cc\/"]}]},{"@type":"ImageObject","inLanguage":"pl-PL","@id":"https:\/\/3-mmckopen.nl\/en\/3mmc-kopen\/shop\/smartshop\/truffels\/mckennaii-growkit-1200-cc\/#primaryimage","url":"https:\/\/3-mmckopen.nl\/wp-content\/uploads\/2022\/02\/McKennaii1200cc-600x600-1.jpg","contentUrl":"https:\/\/3-mmckopen.nl\/wp-content\/uploads\/2022\/02\/McKennaii1200cc-600x600-1.jpg","width":600,"height":600},{"@type":"BreadcrumbList","@id":"https:\/\/3-mmckopen.nl\/en\/3mmc-kopen\/shop\/smartshop\/truffels\/mckennaii-growkit-1200-cc\/#breadcrumb","itemListElement":[{"@type":"ListItem","position":1,"name":"Home","item":"https:\/\/3-mmckopen.nl\/"},{"@type":"ListItem","position":2,"name":"Winkel","item":"https:\/\/3-mmckopen.nl\/winkel\/"},{"@type":"ListItem","position":3,"name":"McKennaii Growkit \u2013 1200 cc"}]},{"@type":"WebSite","@id":"https:\/\/3-mmckopen.nl\/#website","url":"https:\/\/3-mmckopen.nl\/","name":"kup 3MMC","description":"DLA WSZYSTKICH DOMOWYCH CHEMIKALI I NAUKOWC\u00d3W W\u015aR\u00d3D NAS","publisher":{"@id":"https:\/\/3-mmckopen.nl\/#organization"},"potentialAction":[{"@type":"SearchAction","target":{"@type":"EntryPoint","urlTemplate":"https:\/\/3-mmckopen.nl\/?s={search_term_string}"},"query-input":{"@type":"PropertyValueSpecification","valueRequired":true,"valueName":"search_term_string"}}],"inLanguage":"pl-PL"},{"@type":"Organization","@id":"https:\/\/3-mmckopen.nl\/#organization","name":"3mmc kopen","url":"https:\/\/3-mmckopen.nl\/","logo":{"@type":"ImageObject","inLanguage":"pl-PL","@id":"https:\/\/3-mmckopen.nl\/#\/schema\/logo\/image\/","url":"https:\/\/3-mmckopen.nl\/wp-content\/uploads\/2024\/03\/3mmckopennl.webp","contentUrl":"https:\/\/3-mmckopen.nl\/wp-content\/uploads\/2024\/03\/3mmckopennl.webp","width":300,"height":118,"caption":"3mmc kopen"},"image":{"@id":"https:\/\/3-mmckopen.nl\/#\/schema\/logo\/image\/"},"sameAs":["https:\/\/www.instagram.com\/dehuisprofessor\/","https:\/\/nl.pinterest.com\/dehuisprofessor\/","https:\/\/www.youtube.com\/channel\/UCsGzCVJiHsWLILEEHDzCNqA"]}]}},"_links":{"self":[{"href":"https:\/\/3-mmckopen.nl\/pl\/wp-json\/wp\/v2\/product\/13320","targetHints":{"allow":["GET"]}}],"collection":[{"href":"https:\/\/3-mmckopen.nl\/pl\/wp-json\/wp\/v2\/product"}],"about":[{"href":"https:\/\/3-mmckopen.nl\/pl\/wp-json\/wp\/v2\/types\/product"}],"replies":[{"embeddable":true,"href":"https:\/\/3-mmckopen.nl\/pl\/wp-json\/wp\/v2\/comments?post=13320"}],"version-history":[{"count":0,"href":"https:\/\/3-mmckopen.nl\/pl\/wp-json\/wp\/v2\/product\/13320\/revisions"}],"wp:featuredmedia":[{"embeddable":true,"href":"https:\/\/3-mmckopen.nl\/pl\/wp-json\/wp\/v2\/media\/13321"}],"wp:attachment":[{"href":"https:\/\/3-mmckopen.nl\/pl\/wp-json\/wp\/v2\/media?parent=13320"}],"wp:term":[{"taxonomy":"product_brand","embeddable":true,"href":"https:\/\/3-mmckopen.nl\/pl\/wp-json\/wp\/v2\/product_brand?post=13320"},{"taxonomy":"product_cat","embeddable":true,"href":"https:\/\/3-mmckopen.nl\/pl\/wp-json\/wp\/v2\/product_cat?post=13320"},{"taxonomy":"product_tag","embeddable":true,"href":"https:\/\/3-mmckopen.nl\/pl\/wp-json\/wp\/v2\/product_tag?post=13320"}],"curies":[{"name":"wp","href":"https:\/\/api.w.org\/{rel}","templated":true}]}}