{"id":13359,"date":"2022-02-10T18:16:06","date_gmt":"2022-02-10T17:16:06","guid":{"rendered":"https:\/\/3-mmckopen.nl\/?post_type=product&#038;p=13359"},"modified":"2026-01-27T17:24:47","modified_gmt":"2026-01-27T16:24:47","slug":"cbd-sleep-well-gummies-30g","status":"publish","type":"product","link":"https:\/\/3-mmckopen.nl\/pl\/3mmc-kopen\/shop\/healthshop\/voedingssupplementen\/cbd-sleep-well-gummies-30g\/","title":{"rendered":"\u017belki CBD Sleep Well 30g"},"content":{"rendered":"<h1><strong>\u017belki CBD na dobry sen<\/strong><\/h1>\n<p><strong>CBD Sen<\/strong>\u00a0<strong>c\u00f3\u017c, \u017celki:<\/strong><\/p>\n<p>Problemy ze snem s\u0105 zjawiskiem powszechnym i maj\u0105 powa\u017cny negatywny wp\u0142yw na Twoje codzienne \u017cycie. Czy cierpisz na nieprzespane noce, to powiniene\u015b uda\u0107 si\u0119 do Dr. \u017belki Candy CBD Sleep Well z CBD i melatonin\u0105. CBD znane jest ze swoich w\u0142a\u015bciwo\u015bci uspokajaj\u0105cych i przeciwb\u00f3lowych. Melatonina jest substancj\u0105 wytwarzan\u0105 w spos\u00f3b naturalny przez organizm, odgrywa rol\u0119 w regulacji rytmu snu i czuwania.<\/p>\n<p>Niewiele jest rzeczy bardziej frustruj\u0105cych ni\u017c problemy ze snem. W ci\u0105gu dnia czujesz si\u0119 senny, niekoncentrowany i rozdra\u017cniony, poniewa\u017c nie spa\u0142e\u015b wystarczaj\u0105co du\u017co. Ale kiedy k\u0142adziesz si\u0119 wieczorem do \u0142\u00f3\u017cka i chcesz cieszy\u0107 si\u0119 niezak\u0142\u00f3conym snem, po prostu le\u017cysz rozbudzony z otwartymi oczami. By\u0107 mo\u017ce kr\u0119ci Ci si\u0119 w g\u0142owie lub nie potrafisz fizycznie si\u0119 zrelaksowa\u0107. Niekt\u00f3rzy ludzie zasypiaj\u0105, ale nagle budz\u0105 si\u0119 w \u015brodku nocy. Im bardziej pr\u00f3bujesz zasn\u0105\u0107, tym mniej ci si\u0119 to udaje.<\/p>\n<p>Przyczyn zaburze\u0144 snu mo\u017ce by\u0107 wiele. Na przyk\u0142ad stres i niepok\u00f3j mog\u0105 by\u0107 przyczyn\u0105 nie spania, zaburzenia rytmu dnia i nocy, a nawet b\u00f3lu. Na szcz\u0119\u015bcie CBD i melatonina mog\u0105 pom\u00f3c w wielu z tych dolegliwo\u015bci. Obydwa s\u0105 naturalnymi substancjami, kt\u00f3re pomagaj\u0105 zrelaksowa\u0107 cia\u0142o i umys\u0142, u\u0142atwiaj\u0105c zasypianie i lepszy sen. Ka\u017cdy \u017celek Sleep Well zawiera 10 mg CBD i 0,3 mg melatoniny.<\/p>\n<p><strong>Stosowanie:<\/strong><\/p>\n<p>CBD dzia\u0142a w organizmie, gdy wytworzy\u0142o si\u0119 lustro. Budujesz to lustro, za\u017cywaj\u0105c kannabidiol codziennie. Zawsze zalecamy rozpocz\u0119cie pierwszego tygodnia od jednego lub wi\u0119cej \u017celek dziennie i zwi\u0119kszanie w razie potrzeby. CBD ma wiele pozytywnych w\u0142a\u015bciwo\u015bci. Przedawkowanie CBD jest bardzo ma\u0142o prawdopodobne. Nie zalecamy jednak przyjmowania wi\u0119cej ni\u017c 100 mg CBD dziennie.<\/p>\n<p><strong>Wskaz\u00f3wki dotycz\u0105ce przechowywania:<\/strong><\/p>\n<p>Zapisz ten produkt od Dr. Cukierki nale\u017cy przechowywa\u0107 w ch\u0142odnym i ciemnym miejscu np. w szafce kuchennej i przechowywa\u0107 w miejscu niedost\u0119pnym dla dzieci.<\/p>\n<p><strong>Ostrze\u017cenie:<\/strong><\/p>\n<p>Produkt nie jest odpowiedni dla kobiet w ci\u0105\u017cy i dzieci.<\/p>\n<p><strong>Ilo\u015b\u0107 CBD:<\/strong>\u00a01 gwiazdka zawiera 10 mg CBD i 0,3 mg melatoniny.<\/p>\n<p><strong>Sk\u0142adniki:<\/strong>\u00a0Glukoza, cukier, naturalne barwniki i aromaty, \u017celatyna, kwas cytrynowy, CBD, melatonina<\/p>","protected":false},"excerpt":{"rendered":"<p>CBD Sleep Well Gummies CBD Sleep\u00a0well Gummies: Slaapproblemen komen veel voor en hebben een grote negatieve impact op je dagelijks leven. Heb jij last van doorwaakte nachten, dan zou je Dr. Candy CBD Sleep Well Gummies met CBD en melatonine eens moeten proberen. CBD staat bekend om zijn kalmerende en pijnstillende eigenschappen. Melatonine is een [&hellip;]<\/p>\n","protected":false},"featured_media":13360,"comment_status":"closed","ping_status":"closed","template":"","meta":{"site-sidebar-layout":"default","site-content-layout":"default","ast-site-content-layout":"default","site-content-style":"default","site-sidebar-style":"default","ast-global-header-display":"","ast-banner-title-visibility":"","ast-main-header-display":"","ast-hfb-above-header-display":"","ast-hfb-below-header-display":"","ast-hfb-mobile-header-display":"","site-post-title":"","ast-breadcrumbs-content":"","ast-featured-img":"","footer-sml-layout":"","theme-transparent-header-meta":"default","adv-header-id-meta":"","stick-header-meta":"default","header-above-stick-meta":"","header-main-stick-meta":"","header-below-stick-meta":"","astra-migrate-meta-layouts":"default","ast-page-background-enabled":"default","ast-page-background-meta":{"desktop":{"background-color":"","background-image":"","background-repeat":"repeat","background-position":"center center","background-size":"auto","background-attachment":"scroll","background-type":"","background-media":"","overlay-type":"","overlay-color":"","overlay-opacity":"","overlay-gradient":""},"tablet":{"background-color":"","background-image":"","background-repeat":"repeat","background-position":"center center","background-size":"auto","background-attachment":"scroll","background-type":"","background-media":"","overlay-type":"","overlay-color":"","overlay-opacity":"","overlay-gradient":""},"mobile":{"background-color":"","background-image":"","background-repeat":"repeat","background-position":"center center","background-size":"auto","background-attachment":"scroll","background-type":"","background-media":"","overlay-type":"","overlay-color":"","overlay-opacity":"","overlay-gradient":""}},"ast-content-background-meta":{"desktop":{"background-color":"var(--ast-global-color-5)","background-image":"","background-repeat":"repeat","background-position":"center center","background-size":"auto","background-attachment":"scroll","background-type":"","background-media":"","overlay-type":"","overlay-color":"","overlay-opacity":"","overlay-gradient":""},"tablet":{"background-color":"var(--ast-global-color-5)","background-image":"","background-repeat":"repeat","background-position":"center center","background-size":"auto","background-attachment":"scroll","background-type":"","background-media":"","overlay-type":"","overlay-color":"","overlay-opacity":"","overlay-gradient":""},"mobile":{"background-color":"var(--ast-global-color-5)","background-image":"","background-repeat":"repeat","background-position":"center center","background-size":"auto","background-attachment":"scroll","background-type":"","background-media":"","overlay-type":"","overlay-color":"","overlay-opacity":"","overlay-gradient":""}}},"product_brand":[],"product_cat":[20364,20309,20350],"product_tag":[],"class_list":{"0":"post-13359","1":"product","2":"type-product","3":"status-publish","4":"has-post-thumbnail","6":"product_cat-cbd","7":"product_cat-smartshop","8":"product_cat-voedingssupplementen","9":"desktop-align-center","10":"tablet-align-center","11":"mobile-align-center","13":"first","14":"instock","15":"sale","16":"shipping-taxable","17":"purchasable","18":"product-type-simple"},"yoast_head":"<!-- This site is optimized with the Yoast SEO plugin v27.4 - https:\/\/yoast.com\/product\/yoast-seo-wordpress\/ -->\n<title>CBD Sleep Well Gummies 30g Kopen? - Op=Op- 3MMC kopen<\/title>\n<meta name=\"description\" content=\"Bij 3MMC kopen kun je gemakkelijk en snel CBD Sleep Well Gummies 30g bestellen en morgen al onderzoeken! Voor 17:00 besteld is vandaag al verzonden. Wees er snel bij.\" \/>\n<meta name=\"robots\" content=\"index, follow, max-snippet:-1, max-image-preview:large, max-video-preview:-1\" \/>\n<link rel=\"canonical\" href=\"https:\/\/3-mmckopen.nl\/pl\/3mmc-kopen\/shop\/healthshop\/voedingssupplementen\/cbd-sleep-well-gummies-30g\/\" \/>\n<meta property=\"og:locale\" content=\"pl_PL\" \/>\n<meta property=\"og:type\" content=\"article\" \/>\n<meta property=\"og:title\" content=\"CBD Sleep Well Gummies 30g Kopen? - Op=Op- 3MMC kopen\" \/>\n<meta property=\"og:description\" content=\"Bij 3MMC kopen kun je gemakkelijk en snel CBD Sleep Well Gummies 30g bestellen en morgen al onderzoeken! Voor 17:00 besteld is vandaag al verzonden. Wees er snel bij.\" \/>\n<meta property=\"og:url\" content=\"https:\/\/3-mmckopen.nl\/pl\/3mmc-kopen\/shop\/healthshop\/voedingssupplementen\/cbd-sleep-well-gummies-30g\/\" \/>\n<meta property=\"og:site_name\" content=\"3MMC kopen\" \/>\n<meta property=\"article:modified_time\" content=\"2026-01-27T16:24:47+00:00\" \/>\n<meta property=\"og:image\" content=\"https:\/\/3-mmckopen.nl\/wp-content\/uploads\/2022\/02\/Sleep_Gummy_Product_plaatje_03mg_Klein.jpg\" \/>\n\t<meta property=\"og:image:width\" content=\"1000\" \/>\n\t<meta property=\"og:image:height\" content=\"1000\" \/>\n\t<meta property=\"og:image:type\" content=\"image\/jpeg\" \/>\n<meta name=\"twitter:card\" content=\"summary_large_image\" \/>\n<meta name=\"twitter:label1\" content=\"Szacowany czas czytania\" \/>\n\t<meta name=\"twitter:data1\" content=\"2 minuty\" \/>\n<script type=\"application\/ld+json\" class=\"yoast-schema-graph\">{\"@context\":\"https:\\\/\\\/schema.org\",\"@graph\":[{\"@type\":\"WebPage\",\"@id\":\"https:\\\/\\\/3-mmckopen.nl\\\/3mmc-kopen\\\/shop\\\/healthshop\\\/voedingssupplementen\\\/cbd-sleep-well-gummies-30g\\\/\",\"url\":\"https:\\\/\\\/3-mmckopen.nl\\\/3mmc-kopen\\\/shop\\\/healthshop\\\/voedingssupplementen\\\/cbd-sleep-well-gummies-30g\\\/\",\"name\":\"CBD Sleep Well Gummies 30g Kopen? - Op=Op- 3MMC kopen\",\"isPartOf\":{\"@id\":\"https:\\\/\\\/3-mmckopen.nl\\\/#website\"},\"primaryImageOfPage\":{\"@id\":\"https:\\\/\\\/3-mmckopen.nl\\\/3mmc-kopen\\\/shop\\\/healthshop\\\/voedingssupplementen\\\/cbd-sleep-well-gummies-30g\\\/#primaryimage\"},\"image\":{\"@id\":\"https:\\\/\\\/3-mmckopen.nl\\\/3mmc-kopen\\\/shop\\\/healthshop\\\/voedingssupplementen\\\/cbd-sleep-well-gummies-30g\\\/#primaryimage\"},\"thumbnailUrl\":\"https:\\\/\\\/3-mmckopen.nl\\\/wp-content\\\/uploads\\\/2022\\\/02\\\/Sleep_Gummy_Product_plaatje_03mg_Klein.jpg\",\"datePublished\":\"2022-02-10T17:16:06+00:00\",\"dateModified\":\"2026-01-27T16:24:47+00:00\",\"description\":\"Bij 3MMC kopen kun je gemakkelijk en snel CBD Sleep Well Gummies 30g bestellen en morgen al onderzoeken! Voor 17:00 besteld is vandaag al verzonden. Wees er snel bij.\",\"breadcrumb\":{\"@id\":\"https:\\\/\\\/3-mmckopen.nl\\\/3mmc-kopen\\\/shop\\\/healthshop\\\/voedingssupplementen\\\/cbd-sleep-well-gummies-30g\\\/#breadcrumb\"},\"inLanguage\":\"pl-PL\",\"potentialAction\":[{\"@type\":\"ReadAction\",\"target\":[\"https:\\\/\\\/3-mmckopen.nl\\\/3mmc-kopen\\\/shop\\\/healthshop\\\/voedingssupplementen\\\/cbd-sleep-well-gummies-30g\\\/\"]}]},{\"@type\":\"ImageObject\",\"inLanguage\":\"pl-PL\",\"@id\":\"https:\\\/\\\/3-mmckopen.nl\\\/3mmc-kopen\\\/shop\\\/healthshop\\\/voedingssupplementen\\\/cbd-sleep-well-gummies-30g\\\/#primaryimage\",\"url\":\"https:\\\/\\\/3-mmckopen.nl\\\/wp-content\\\/uploads\\\/2022\\\/02\\\/Sleep_Gummy_Product_plaatje_03mg_Klein.jpg\",\"contentUrl\":\"https:\\\/\\\/3-mmckopen.nl\\\/wp-content\\\/uploads\\\/2022\\\/02\\\/Sleep_Gummy_Product_plaatje_03mg_Klein.jpg\",\"width\":1000,\"height\":1000,\"caption\":\"cbd sleep well gummies\"},{\"@type\":\"BreadcrumbList\",\"@id\":\"https:\\\/\\\/3-mmckopen.nl\\\/3mmc-kopen\\\/shop\\\/healthshop\\\/voedingssupplementen\\\/cbd-sleep-well-gummies-30g\\\/#breadcrumb\",\"itemListElement\":[{\"@type\":\"ListItem\",\"position\":1,\"name\":\"Home\",\"item\":\"https:\\\/\\\/3-mmckopen.nl\\\/\"},{\"@type\":\"ListItem\",\"position\":2,\"name\":\"Winkel\",\"item\":\"https:\\\/\\\/3-mmckopen.nl\\\/winkel\\\/\"},{\"@type\":\"ListItem\",\"position\":3,\"name\":\"CBD Sleep Well Gummies 30g\"}]},{\"@type\":\"WebSite\",\"@id\":\"https:\\\/\\\/3-mmckopen.nl\\\/#website\",\"url\":\"https:\\\/\\\/3-mmckopen.nl\\\/\",\"name\":\"3MMC kopen\",\"description\":\"VOOR ALLE THUIS CHEMISI EN ONDERZOEKERS ONDER ONS\",\"publisher\":{\"@id\":\"https:\\\/\\\/3-mmckopen.nl\\\/#organization\"},\"potentialAction\":[{\"@type\":\"SearchAction\",\"target\":{\"@type\":\"EntryPoint\",\"urlTemplate\":\"https:\\\/\\\/3-mmckopen.nl\\\/?s={search_term_string}\"},\"query-input\":{\"@type\":\"PropertyValueSpecification\",\"valueRequired\":true,\"valueName\":\"search_term_string\"}}],\"inLanguage\":\"pl-PL\"},{\"@type\":\"Organization\",\"@id\":\"https:\\\/\\\/3-mmckopen.nl\\\/#organization\",\"name\":\"3mmc kopen\",\"url\":\"https:\\\/\\\/3-mmckopen.nl\\\/\",\"logo\":{\"@type\":\"ImageObject\",\"inLanguage\":\"pl-PL\",\"@id\":\"https:\\\/\\\/3-mmckopen.nl\\\/#\\\/schema\\\/logo\\\/image\\\/\",\"url\":\"https:\\\/\\\/3-mmckopen.nl\\\/wp-content\\\/uploads\\\/2024\\\/03\\\/3mmckopennl.webp\",\"contentUrl\":\"https:\\\/\\\/3-mmckopen.nl\\\/wp-content\\\/uploads\\\/2024\\\/03\\\/3mmckopennl.webp\",\"width\":300,\"height\":118,\"caption\":\"3mmc kopen\"},\"image\":{\"@id\":\"https:\\\/\\\/3-mmckopen.nl\\\/#\\\/schema\\\/logo\\\/image\\\/\"},\"sameAs\":[\"https:\\\/\\\/www.instagram.com\\\/dehuisprofessor\\\/\",\"https:\\\/\\\/nl.pinterest.com\\\/dehuisprofessor\\\/\",\"https:\\\/\\\/www.youtube.com\\\/channel\\\/UCsGzCVJiHsWLILEEHDzCNqA\"]}]}<\/script>\n<!-- \/ Yoast SEO plugin. -->","yoast_head_json":{"title":"CBD Sleep Well Gummies 30g Kopen? - Op=Op- 3MMC kopen","description":"Bij 3MMC kopen kun je gemakkelijk en snel CBD Sleep Well Gummies 30g bestellen en morgen al onderzoeken! Voor 17:00 besteld is vandaag al verzonden. Wees er snel bij.","robots":{"index":"index","follow":"follow","max-snippet":"max-snippet:-1","max-image-preview":"max-image-preview:large","max-video-preview":"max-video-preview:-1"},"canonical":"https:\/\/3-mmckopen.nl\/pl\/3mmc-kopen\/shop\/healthshop\/voedingssupplementen\/cbd-sleep-well-gummies-30g\/","og_locale":"pl_PL","og_type":"article","og_title":"CBD Sleep Well Gummies 30g Kopen? - Op=Op- 3MMC kopen","og_description":"Bij 3MMC kopen kun je gemakkelijk en snel CBD Sleep Well Gummies 30g bestellen en morgen al onderzoeken! Voor 17:00 besteld is vandaag al verzonden. Wees er snel bij.","og_url":"https:\/\/3-mmckopen.nl\/pl\/3mmc-kopen\/shop\/healthshop\/voedingssupplementen\/cbd-sleep-well-gummies-30g\/","og_site_name":"3MMC kopen","article_modified_time":"2026-01-27T16:24:47+00:00","og_image":[{"width":1000,"height":1000,"url":"https:\/\/3-mmckopen.nl\/wp-content\/uploads\/2022\/02\/Sleep_Gummy_Product_plaatje_03mg_Klein.jpg","type":"image\/jpeg"}],"twitter_card":"summary_large_image","twitter_misc":{"Szacowany czas czytania":"2 minuty"},"schema":{"@context":"https:\/\/schema.org","@graph":[{"@type":"WebPage","@id":"https:\/\/3-mmckopen.nl\/3mmc-kopen\/shop\/healthshop\/voedingssupplementen\/cbd-sleep-well-gummies-30g\/","url":"https:\/\/3-mmckopen.nl\/3mmc-kopen\/shop\/healthshop\/voedingssupplementen\/cbd-sleep-well-gummies-30g\/","name":"CBD Sleep Well Gummies 30g Kopen? - Op=Op- 3MMC kopen","isPartOf":{"@id":"https:\/\/3-mmckopen.nl\/#website"},"primaryImageOfPage":{"@id":"https:\/\/3-mmckopen.nl\/3mmc-kopen\/shop\/healthshop\/voedingssupplementen\/cbd-sleep-well-gummies-30g\/#primaryimage"},"image":{"@id":"https:\/\/3-mmckopen.nl\/3mmc-kopen\/shop\/healthshop\/voedingssupplementen\/cbd-sleep-well-gummies-30g\/#primaryimage"},"thumbnailUrl":"https:\/\/3-mmckopen.nl\/wp-content\/uploads\/2022\/02\/Sleep_Gummy_Product_plaatje_03mg_Klein.jpg","datePublished":"2022-02-10T17:16:06+00:00","dateModified":"2026-01-27T16:24:47+00:00","description":"Bij 3MMC kopen kun je gemakkelijk en snel CBD Sleep Well Gummies 30g bestellen en morgen al onderzoeken! Voor 17:00 besteld is vandaag al verzonden. Wees er snel bij.","breadcrumb":{"@id":"https:\/\/3-mmckopen.nl\/3mmc-kopen\/shop\/healthshop\/voedingssupplementen\/cbd-sleep-well-gummies-30g\/#breadcrumb"},"inLanguage":"pl-PL","potentialAction":[{"@type":"ReadAction","target":["https:\/\/3-mmckopen.nl\/3mmc-kopen\/shop\/healthshop\/voedingssupplementen\/cbd-sleep-well-gummies-30g\/"]}]},{"@type":"ImageObject","inLanguage":"pl-PL","@id":"https:\/\/3-mmckopen.nl\/3mmc-kopen\/shop\/healthshop\/voedingssupplementen\/cbd-sleep-well-gummies-30g\/#primaryimage","url":"https:\/\/3-mmckopen.nl\/wp-content\/uploads\/2022\/02\/Sleep_Gummy_Product_plaatje_03mg_Klein.jpg","contentUrl":"https:\/\/3-mmckopen.nl\/wp-content\/uploads\/2022\/02\/Sleep_Gummy_Product_plaatje_03mg_Klein.jpg","width":1000,"height":1000,"caption":"cbd sleep well gummies"},{"@type":"BreadcrumbList","@id":"https:\/\/3-mmckopen.nl\/3mmc-kopen\/shop\/healthshop\/voedingssupplementen\/cbd-sleep-well-gummies-30g\/#breadcrumb","itemListElement":[{"@type":"ListItem","position":1,"name":"Home","item":"https:\/\/3-mmckopen.nl\/"},{"@type":"ListItem","position":2,"name":"Winkel","item":"https:\/\/3-mmckopen.nl\/winkel\/"},{"@type":"ListItem","position":3,"name":"CBD Sleep Well Gummies 30g"}]},{"@type":"WebSite","@id":"https:\/\/3-mmckopen.nl\/#website","url":"https:\/\/3-mmckopen.nl\/","name":"kup 3MMC","description":"DLA WSZYSTKICH DOMOWYCH CHEMIKALI I NAUKOWC\u00d3W W\u015aR\u00d3D NAS","publisher":{"@id":"https:\/\/3-mmckopen.nl\/#organization"},"potentialAction":[{"@type":"SearchAction","target":{"@type":"EntryPoint","urlTemplate":"https:\/\/3-mmckopen.nl\/?s={search_term_string}"},"query-input":{"@type":"PropertyValueSpecification","valueRequired":true,"valueName":"search_term_string"}}],"inLanguage":"pl-PL"},{"@type":"Organization","@id":"https:\/\/3-mmckopen.nl\/#organization","name":"3mmc kopen","url":"https:\/\/3-mmckopen.nl\/","logo":{"@type":"ImageObject","inLanguage":"pl-PL","@id":"https:\/\/3-mmckopen.nl\/#\/schema\/logo\/image\/","url":"https:\/\/3-mmckopen.nl\/wp-content\/uploads\/2024\/03\/3mmckopennl.webp","contentUrl":"https:\/\/3-mmckopen.nl\/wp-content\/uploads\/2024\/03\/3mmckopennl.webp","width":300,"height":118,"caption":"3mmc kopen"},"image":{"@id":"https:\/\/3-mmckopen.nl\/#\/schema\/logo\/image\/"},"sameAs":["https:\/\/www.instagram.com\/dehuisprofessor\/","https:\/\/nl.pinterest.com\/dehuisprofessor\/","https:\/\/www.youtube.com\/channel\/UCsGzCVJiHsWLILEEHDzCNqA"]}]}},"_links":{"self":[{"href":"https:\/\/3-mmckopen.nl\/pl\/wp-json\/wp\/v2\/product\/13359","targetHints":{"allow":["GET"]}}],"collection":[{"href":"https:\/\/3-mmckopen.nl\/pl\/wp-json\/wp\/v2\/product"}],"about":[{"href":"https:\/\/3-mmckopen.nl\/pl\/wp-json\/wp\/v2\/types\/product"}],"replies":[{"embeddable":true,"href":"https:\/\/3-mmckopen.nl\/pl\/wp-json\/wp\/v2\/comments?post=13359"}],"version-history":[{"count":0,"href":"https:\/\/3-mmckopen.nl\/pl\/wp-json\/wp\/v2\/product\/13359\/revisions"}],"wp:featuredmedia":[{"embeddable":true,"href":"https:\/\/3-mmckopen.nl\/pl\/wp-json\/wp\/v2\/media\/13360"}],"wp:attachment":[{"href":"https:\/\/3-mmckopen.nl\/pl\/wp-json\/wp\/v2\/media?parent=13359"}],"wp:term":[{"taxonomy":"product_brand","embeddable":true,"href":"https:\/\/3-mmckopen.nl\/pl\/wp-json\/wp\/v2\/product_brand?post=13359"},{"taxonomy":"product_cat","embeddable":true,"href":"https:\/\/3-mmckopen.nl\/pl\/wp-json\/wp\/v2\/product_cat?post=13359"},{"taxonomy":"product_tag","embeddable":true,"href":"https:\/\/3-mmckopen.nl\/pl\/wp-json\/wp\/v2\/product_tag?post=13359"}],"curies":[{"name":"wp","href":"https:\/\/api.w.org\/{rel}","templated":true}]}}