{"id":14002,"date":"2022-03-18T22:26:27","date_gmt":"2022-03-18T21:26:27","guid":{"rendered":"https:\/\/3-mmckopen.nl\/?post_type=product&#038;p=14002"},"modified":"2025-07-21T13:35:22","modified_gmt":"2025-07-21T11:35:22","slug":"passion-flower-50-gram","status":"publish","type":"product","link":"https:\/\/3-mmckopen.nl\/pl\/3mmc-kopen\/shop\/smartshop\/kruiden\/passion-flower-50-gram\/","title":{"rendered":"passiflora \u2013 50 gram\u00f3w"},"content":{"rendered":"<h1 class=\"product_title entry-title\"><strong>Passion Flower kopen<\/strong><\/h1>\n<p>Passion Flower, of Passiebloem, is een kruid met enkele geweldige rustgevende eigenschappen. Dit kruid wordt daarom vooral gebruikt als kalmeringsmiddel en om de slaap te ondersteunen. Bij een hoge dosis kunnen er hallucinaties optreden. Passiebloem behoort tot de groep natuurlijke MAO-remmers.<\/p>\n<p><strong>Sk\u0142adniki:<\/strong><\/p>\n<p>Passiflora Incarnata<\/p>\n<p><strong>O elementach indyjskich:<\/strong><\/p>\n<p>Indian Elements oferuje szerok\u0105 gam\u0119 wspania\u0142ych zi\u00f3\u0142 i mieszanek zi\u00f3\u0142. Wszystkie te wszechstronne produkty maj\u0105 unikalne w\u0142a\u015bciwo\u015bci. Niezale\u017cnie od tego, czy szukasz dodatkowej energii, naturalnej podr\u00f3\u017cy, czy po prostu chcesz si\u0119 zrelaksowa\u0107: Indian Elements jest dla Ciebie gotowy. \u0141atwy w u\u017cyciu, 100% naturalny i 100% wega\u0144ski.<\/p>\n<p><strong>Przejd\u017a tak\u017ce do:<\/strong>\u00a0<a href=\"https:\/\/www.indian-elements.com\/\" target=\"_blank\" rel=\"noopener\">www.indian-elements.com<\/a><\/p>\n<p><strong>Ostrze\u017cenie:<\/strong><\/p>\n<p>Gebruik boven de 18 jaar. Buiten bereik van kinderen houden.<\/p>\n<p>Passion Flower is een MAO-remmer. Mensen met nier- of hartproblemen, hoge of lage bloeddruk, diabetes, en mensen onder invloed van medicijnen, drugs of alcohol wordt het gebruik beslist afgeraden. Dit is een voedingssupplement en dient als zodanig gebruikt te worden. Niet (ver)kopen als het zegel verbroken is.<\/p>","protected":false},"excerpt":{"rendered":"<p>Passion Flower kopen Passion Flower, of Passiebloem, is een kruid met enkele geweldige rustgevende eigenschappen. Dit kruid wordt daarom vooral gebruikt als kalmeringsmiddel en om de slaap te ondersteunen. Bij een hoge dosis kunnen er hallucinaties optreden. Passiebloem behoort tot de groep natuurlijke MAO-remmers. Ingredi\u00ebnten: Passiflora Incarnata Over Indian Elements: Indian Elements heeft een ruim [&hellip;]<\/p>\n","protected":false},"featured_media":14052,"comment_status":"closed","ping_status":"closed","template":"","meta":{"site-sidebar-layout":"default","site-content-layout":"default","ast-site-content-layout":"default","site-content-style":"default","site-sidebar-style":"default","ast-global-header-display":"","ast-banner-title-visibility":"","ast-main-header-display":"","ast-hfb-above-header-display":"","ast-hfb-below-header-display":"","ast-hfb-mobile-header-display":"","site-post-title":"","ast-breadcrumbs-content":"","ast-featured-img":"","footer-sml-layout":"","theme-transparent-header-meta":"default","adv-header-id-meta":"","stick-header-meta":"","header-above-stick-meta":"","header-main-stick-meta":"","header-below-stick-meta":"","astra-migrate-meta-layouts":"default","ast-page-background-enabled":"default","ast-page-background-meta":{"desktop":{"background-color":"","background-image":"","background-repeat":"repeat","background-position":"center center","background-size":"auto","background-attachment":"scroll","background-type":"","background-media":"","overlay-type":"","overlay-color":"","overlay-opacity":"","overlay-gradient":""},"tablet":{"background-color":"","background-image":"","background-repeat":"repeat","background-position":"center center","background-size":"auto","background-attachment":"scroll","background-type":"","background-media":"","overlay-type":"","overlay-color":"","overlay-opacity":"","overlay-gradient":""},"mobile":{"background-color":"","background-image":"","background-repeat":"repeat","background-position":"center center","background-size":"auto","background-attachment":"scroll","background-type":"","background-media":"","overlay-type":"","overlay-color":"","overlay-opacity":"","overlay-gradient":""}},"ast-content-background-meta":{"desktop":{"background-color":"var(--ast-global-color-5)","background-image":"","background-repeat":"repeat","background-position":"center center","background-size":"auto","background-attachment":"scroll","background-type":"","background-media":"","overlay-type":"","overlay-color":"","overlay-opacity":"","overlay-gradient":""},"tablet":{"background-color":"var(--ast-global-color-5)","background-image":"","background-repeat":"repeat","background-position":"center center","background-size":"auto","background-attachment":"scroll","background-type":"","background-media":"","overlay-type":"","overlay-color":"","overlay-opacity":"","overlay-gradient":""},"mobile":{"background-color":"var(--ast-global-color-5)","background-image":"","background-repeat":"repeat","background-position":"center center","background-size":"auto","background-attachment":"scroll","background-type":"","background-media":"","overlay-type":"","overlay-color":"","overlay-opacity":"","overlay-gradient":""}}},"product_brand":[],"product_cat":[20340,20309],"product_tag":[20343],"class_list":{"0":"post-14002","1":"product","2":"type-product","3":"status-publish","4":"has-post-thumbnail","6":"product_cat-kruiden","7":"product_cat-smartshop","8":"product_tag-kruiden","9":"desktop-align-center","10":"tablet-align-center","11":"mobile-align-center","13":"first","14":"outofstock","15":"shipping-taxable","16":"purchasable","17":"product-type-simple"},"yoast_head":"<!-- This site is optimized with the Yoast SEO plugin v27.4 - https:\/\/yoast.com\/product\/yoast-seo-wordpress\/ -->\n<title>Passion Flower \u2013 50 gram Kopen? - Op=Op- 3MMC kopen<\/title>\n<meta name=\"description\" content=\"Bij 3MMC kopen kun je gemakkelijk en snel Passion Flower \u2013 50 gram bestellen en morgen al onderzoeken! Voor 17:00 besteld is vandaag al verzonden. Wees er snel bij.\" \/>\n<meta name=\"robots\" content=\"index, follow, max-snippet:-1, max-image-preview:large, max-video-preview:-1\" \/>\n<link rel=\"canonical\" href=\"https:\/\/3-mmckopen.nl\/pl\/3mmc-kopen\/shop\/smartshop\/kruiden\/passion-flower-50-gram\/\" \/>\n<meta property=\"og:locale\" content=\"pl_PL\" \/>\n<meta property=\"og:type\" content=\"article\" \/>\n<meta property=\"og:title\" content=\"Passion Flower \u2013 50 gram Kopen? - Op=Op- 3MMC kopen\" \/>\n<meta property=\"og:description\" content=\"Bij 3MMC kopen kun je gemakkelijk en snel Passion Flower \u2013 50 gram bestellen en morgen al onderzoeken! Voor 17:00 besteld is vandaag al verzonden. Wees er snel bij.\" \/>\n<meta property=\"og:url\" content=\"https:\/\/3-mmckopen.nl\/pl\/3mmc-kopen\/shop\/smartshop\/kruiden\/passion-flower-50-gram\/\" \/>\n<meta property=\"og:site_name\" content=\"3MMC kopen\" \/>\n<meta property=\"article:modified_time\" content=\"2025-07-21T11:35:22+00:00\" \/>\n<meta property=\"og:image\" content=\"https:\/\/3-mmckopen.nl\/wp-content\/uploads\/2022\/03\/2152-600x600-ps.jpg\" \/>\n\t<meta property=\"og:image:width\" content=\"600\" \/>\n\t<meta property=\"og:image:height\" content=\"600\" \/>\n\t<meta property=\"og:image:type\" content=\"image\/jpeg\" \/>\n<meta name=\"twitter:card\" content=\"summary_large_image\" \/>\n<meta name=\"twitter:label1\" content=\"Szacowany czas czytania\" \/>\n\t<meta name=\"twitter:data1\" content=\"1 minuta\" \/>\n<script type=\"application\/ld+json\" class=\"yoast-schema-graph\">{\"@context\":\"https:\\\/\\\/schema.org\",\"@graph\":[{\"@type\":\"WebPage\",\"@id\":\"https:\\\/\\\/3-mmckopen.nl\\\/3mmc-kopen\\\/shop\\\/smartshop\\\/kruiden\\\/passion-flower-50-gram\\\/\",\"url\":\"https:\\\/\\\/3-mmckopen.nl\\\/3mmc-kopen\\\/shop\\\/smartshop\\\/kruiden\\\/passion-flower-50-gram\\\/\",\"name\":\"Passion Flower \u2013 50 gram Kopen? - Op=Op- 3MMC kopen\",\"isPartOf\":{\"@id\":\"https:\\\/\\\/3-mmckopen.nl\\\/#website\"},\"primaryImageOfPage\":{\"@id\":\"https:\\\/\\\/3-mmckopen.nl\\\/3mmc-kopen\\\/shop\\\/smartshop\\\/kruiden\\\/passion-flower-50-gram\\\/#primaryimage\"},\"image\":{\"@id\":\"https:\\\/\\\/3-mmckopen.nl\\\/3mmc-kopen\\\/shop\\\/smartshop\\\/kruiden\\\/passion-flower-50-gram\\\/#primaryimage\"},\"thumbnailUrl\":\"https:\\\/\\\/3-mmckopen.nl\\\/wp-content\\\/uploads\\\/2022\\\/03\\\/2152-600x600-ps.jpg\",\"datePublished\":\"2022-03-18T21:26:27+00:00\",\"dateModified\":\"2025-07-21T11:35:22+00:00\",\"description\":\"Bij 3MMC kopen kun je gemakkelijk en snel Passion Flower \u2013 50 gram bestellen en morgen al onderzoeken! Voor 17:00 besteld is vandaag al verzonden. Wees er snel bij.\",\"breadcrumb\":{\"@id\":\"https:\\\/\\\/3-mmckopen.nl\\\/3mmc-kopen\\\/shop\\\/smartshop\\\/kruiden\\\/passion-flower-50-gram\\\/#breadcrumb\"},\"inLanguage\":\"pl-PL\",\"potentialAction\":[{\"@type\":\"ReadAction\",\"target\":[\"https:\\\/\\\/3-mmckopen.nl\\\/3mmc-kopen\\\/shop\\\/smartshop\\\/kruiden\\\/passion-flower-50-gram\\\/\"]}]},{\"@type\":\"ImageObject\",\"inLanguage\":\"pl-PL\",\"@id\":\"https:\\\/\\\/3-mmckopen.nl\\\/3mmc-kopen\\\/shop\\\/smartshop\\\/kruiden\\\/passion-flower-50-gram\\\/#primaryimage\",\"url\":\"https:\\\/\\\/3-mmckopen.nl\\\/wp-content\\\/uploads\\\/2022\\\/03\\\/2152-600x600-ps.jpg\",\"contentUrl\":\"https:\\\/\\\/3-mmckopen.nl\\\/wp-content\\\/uploads\\\/2022\\\/03\\\/2152-600x600-ps.jpg\",\"width\":600,\"height\":600},{\"@type\":\"BreadcrumbList\",\"@id\":\"https:\\\/\\\/3-mmckopen.nl\\\/3mmc-kopen\\\/shop\\\/smartshop\\\/kruiden\\\/passion-flower-50-gram\\\/#breadcrumb\",\"itemListElement\":[{\"@type\":\"ListItem\",\"position\":1,\"name\":\"Home\",\"item\":\"https:\\\/\\\/3-mmckopen.nl\\\/\"},{\"@type\":\"ListItem\",\"position\":2,\"name\":\"Winkel\",\"item\":\"https:\\\/\\\/3-mmckopen.nl\\\/winkel\\\/\"},{\"@type\":\"ListItem\",\"position\":3,\"name\":\"Passion Flower \u2013 50 gram\"}]},{\"@type\":\"WebSite\",\"@id\":\"https:\\\/\\\/3-mmckopen.nl\\\/#website\",\"url\":\"https:\\\/\\\/3-mmckopen.nl\\\/\",\"name\":\"3MMC kopen\",\"description\":\"VOOR ALLE THUIS CHEMISI EN ONDERZOEKERS ONDER ONS\",\"publisher\":{\"@id\":\"https:\\\/\\\/3-mmckopen.nl\\\/#organization\"},\"potentialAction\":[{\"@type\":\"SearchAction\",\"target\":{\"@type\":\"EntryPoint\",\"urlTemplate\":\"https:\\\/\\\/3-mmckopen.nl\\\/?s={search_term_string}\"},\"query-input\":{\"@type\":\"PropertyValueSpecification\",\"valueRequired\":true,\"valueName\":\"search_term_string\"}}],\"inLanguage\":\"pl-PL\"},{\"@type\":\"Organization\",\"@id\":\"https:\\\/\\\/3-mmckopen.nl\\\/#organization\",\"name\":\"3mmc kopen\",\"url\":\"https:\\\/\\\/3-mmckopen.nl\\\/\",\"logo\":{\"@type\":\"ImageObject\",\"inLanguage\":\"pl-PL\",\"@id\":\"https:\\\/\\\/3-mmckopen.nl\\\/#\\\/schema\\\/logo\\\/image\\\/\",\"url\":\"https:\\\/\\\/3-mmckopen.nl\\\/wp-content\\\/uploads\\\/2024\\\/03\\\/3mmckopennl.webp\",\"contentUrl\":\"https:\\\/\\\/3-mmckopen.nl\\\/wp-content\\\/uploads\\\/2024\\\/03\\\/3mmckopennl.webp\",\"width\":300,\"height\":118,\"caption\":\"3mmc kopen\"},\"image\":{\"@id\":\"https:\\\/\\\/3-mmckopen.nl\\\/#\\\/schema\\\/logo\\\/image\\\/\"},\"sameAs\":[\"https:\\\/\\\/www.instagram.com\\\/dehuisprofessor\\\/\",\"https:\\\/\\\/nl.pinterest.com\\\/dehuisprofessor\\\/\",\"https:\\\/\\\/www.youtube.com\\\/channel\\\/UCsGzCVJiHsWLILEEHDzCNqA\"]}]}<\/script>\n<!-- \/ Yoast SEO plugin. -->","yoast_head_json":{"title":"Passion Flower \u2013 50 gram Kopen? - Op=Op- 3MMC kopen","description":"Bij 3MMC kopen kun je gemakkelijk en snel Passion Flower \u2013 50 gram bestellen en morgen al onderzoeken! Voor 17:00 besteld is vandaag al verzonden. Wees er snel bij.","robots":{"index":"index","follow":"follow","max-snippet":"max-snippet:-1","max-image-preview":"max-image-preview:large","max-video-preview":"max-video-preview:-1"},"canonical":"https:\/\/3-mmckopen.nl\/pl\/3mmc-kopen\/shop\/smartshop\/kruiden\/passion-flower-50-gram\/","og_locale":"pl_PL","og_type":"article","og_title":"Passion Flower \u2013 50 gram Kopen? - Op=Op- 3MMC kopen","og_description":"Bij 3MMC kopen kun je gemakkelijk en snel Passion Flower \u2013 50 gram bestellen en morgen al onderzoeken! Voor 17:00 besteld is vandaag al verzonden. Wees er snel bij.","og_url":"https:\/\/3-mmckopen.nl\/pl\/3mmc-kopen\/shop\/smartshop\/kruiden\/passion-flower-50-gram\/","og_site_name":"3MMC kopen","article_modified_time":"2025-07-21T11:35:22+00:00","og_image":[{"width":600,"height":600,"url":"https:\/\/3-mmckopen.nl\/wp-content\/uploads\/2022\/03\/2152-600x600-ps.jpg","type":"image\/jpeg"}],"twitter_card":"summary_large_image","twitter_misc":{"Szacowany czas czytania":"1 minuta"},"schema":{"@context":"https:\/\/schema.org","@graph":[{"@type":"WebPage","@id":"https:\/\/3-mmckopen.nl\/3mmc-kopen\/shop\/smartshop\/kruiden\/passion-flower-50-gram\/","url":"https:\/\/3-mmckopen.nl\/3mmc-kopen\/shop\/smartshop\/kruiden\/passion-flower-50-gram\/","name":"Passion Flower \u2013 50 gram Kopen? - Op=Op- 3MMC kopen","isPartOf":{"@id":"https:\/\/3-mmckopen.nl\/#website"},"primaryImageOfPage":{"@id":"https:\/\/3-mmckopen.nl\/3mmc-kopen\/shop\/smartshop\/kruiden\/passion-flower-50-gram\/#primaryimage"},"image":{"@id":"https:\/\/3-mmckopen.nl\/3mmc-kopen\/shop\/smartshop\/kruiden\/passion-flower-50-gram\/#primaryimage"},"thumbnailUrl":"https:\/\/3-mmckopen.nl\/wp-content\/uploads\/2022\/03\/2152-600x600-ps.jpg","datePublished":"2022-03-18T21:26:27+00:00","dateModified":"2025-07-21T11:35:22+00:00","description":"Bij 3MMC kopen kun je gemakkelijk en snel Passion Flower \u2013 50 gram bestellen en morgen al onderzoeken! Voor 17:00 besteld is vandaag al verzonden. Wees er snel bij.","breadcrumb":{"@id":"https:\/\/3-mmckopen.nl\/3mmc-kopen\/shop\/smartshop\/kruiden\/passion-flower-50-gram\/#breadcrumb"},"inLanguage":"pl-PL","potentialAction":[{"@type":"ReadAction","target":["https:\/\/3-mmckopen.nl\/3mmc-kopen\/shop\/smartshop\/kruiden\/passion-flower-50-gram\/"]}]},{"@type":"ImageObject","inLanguage":"pl-PL","@id":"https:\/\/3-mmckopen.nl\/3mmc-kopen\/shop\/smartshop\/kruiden\/passion-flower-50-gram\/#primaryimage","url":"https:\/\/3-mmckopen.nl\/wp-content\/uploads\/2022\/03\/2152-600x600-ps.jpg","contentUrl":"https:\/\/3-mmckopen.nl\/wp-content\/uploads\/2022\/03\/2152-600x600-ps.jpg","width":600,"height":600},{"@type":"BreadcrumbList","@id":"https:\/\/3-mmckopen.nl\/3mmc-kopen\/shop\/smartshop\/kruiden\/passion-flower-50-gram\/#breadcrumb","itemListElement":[{"@type":"ListItem","position":1,"name":"Home","item":"https:\/\/3-mmckopen.nl\/"},{"@type":"ListItem","position":2,"name":"Winkel","item":"https:\/\/3-mmckopen.nl\/winkel\/"},{"@type":"ListItem","position":3,"name":"Passion Flower \u2013 50 gram"}]},{"@type":"WebSite","@id":"https:\/\/3-mmckopen.nl\/#website","url":"https:\/\/3-mmckopen.nl\/","name":"kup 3MMC","description":"DLA WSZYSTKICH DOMOWYCH CHEMIKALI I NAUKOWC\u00d3W W\u015aR\u00d3D NAS","publisher":{"@id":"https:\/\/3-mmckopen.nl\/#organization"},"potentialAction":[{"@type":"SearchAction","target":{"@type":"EntryPoint","urlTemplate":"https:\/\/3-mmckopen.nl\/?s={search_term_string}"},"query-input":{"@type":"PropertyValueSpecification","valueRequired":true,"valueName":"search_term_string"}}],"inLanguage":"pl-PL"},{"@type":"Organization","@id":"https:\/\/3-mmckopen.nl\/#organization","name":"3mmc kopen","url":"https:\/\/3-mmckopen.nl\/","logo":{"@type":"ImageObject","inLanguage":"pl-PL","@id":"https:\/\/3-mmckopen.nl\/#\/schema\/logo\/image\/","url":"https:\/\/3-mmckopen.nl\/wp-content\/uploads\/2024\/03\/3mmckopennl.webp","contentUrl":"https:\/\/3-mmckopen.nl\/wp-content\/uploads\/2024\/03\/3mmckopennl.webp","width":300,"height":118,"caption":"3mmc kopen"},"image":{"@id":"https:\/\/3-mmckopen.nl\/#\/schema\/logo\/image\/"},"sameAs":["https:\/\/www.instagram.com\/dehuisprofessor\/","https:\/\/nl.pinterest.com\/dehuisprofessor\/","https:\/\/www.youtube.com\/channel\/UCsGzCVJiHsWLILEEHDzCNqA"]}]}},"_links":{"self":[{"href":"https:\/\/3-mmckopen.nl\/pl\/wp-json\/wp\/v2\/product\/14002","targetHints":{"allow":["GET"]}}],"collection":[{"href":"https:\/\/3-mmckopen.nl\/pl\/wp-json\/wp\/v2\/product"}],"about":[{"href":"https:\/\/3-mmckopen.nl\/pl\/wp-json\/wp\/v2\/types\/product"}],"replies":[{"embeddable":true,"href":"https:\/\/3-mmckopen.nl\/pl\/wp-json\/wp\/v2\/comments?post=14002"}],"version-history":[{"count":0,"href":"https:\/\/3-mmckopen.nl\/pl\/wp-json\/wp\/v2\/product\/14002\/revisions"}],"wp:featuredmedia":[{"embeddable":true,"href":"https:\/\/3-mmckopen.nl\/pl\/wp-json\/wp\/v2\/media\/14052"}],"wp:attachment":[{"href":"https:\/\/3-mmckopen.nl\/pl\/wp-json\/wp\/v2\/media?parent=14002"}],"wp:term":[{"taxonomy":"product_brand","embeddable":true,"href":"https:\/\/3-mmckopen.nl\/pl\/wp-json\/wp\/v2\/product_brand?post=14002"},{"taxonomy":"product_cat","embeddable":true,"href":"https:\/\/3-mmckopen.nl\/pl\/wp-json\/wp\/v2\/product_cat?post=14002"},{"taxonomy":"product_tag","embeddable":true,"href":"https:\/\/3-mmckopen.nl\/pl\/wp-json\/wp\/v2\/product_tag?post=14002"}],"curies":[{"name":"wp","href":"https:\/\/api.w.org\/{rel}","templated":true}]}}